{"id":30921,"date":"2024-04-15T11:16:06","date_gmt":"2024-04-15T16:16:06","guid":{"rendered":"https:\/\/globaltraining.com\/?post_type=product&#038;p=30921"},"modified":"2024-11-27T16:34:11","modified_gmt":"2024-11-27T22:34:11","slug":"laboratuvar-guvenligi","status":"publish","type":"product","link":"https:\/\/globaltraining.com\/tr\/product\/laboratory-safety\/","title":{"rendered":"Laboratuvar G\u00fcvenli\u011fi"},"content":{"rendered":"<h2>Laboratuvar G\u00fcvenli\u011fi: Kendinizi ve Ara\u015ft\u0131rman\u0131z\u0131 Korumak<\/h2>\n<p>Laboratuvar ortam\u0131nda \u00e7al\u0131\u015fan herkes i\u00e7in laboratuvar g\u00fcvenli\u011finin sa\u011flanmas\u0131 \u00e7ok \u00f6nemlidir. \u0130ster deneyimli bir ara\u015ft\u0131rmac\u0131 olun, ister ilk laboratuvar deneylerine ba\u015flayan bir \u00f6\u011frenci olun, g\u00fcvenlik protokollerinin tam olarak anla\u015f\u0131lmas\u0131 \u00e7ok \u00f6nemlidir. Bu protokoller yaln\u0131zca kendinizi de\u011fil ayn\u0131 zamanda i\u015f arkada\u015flar\u0131n\u0131z\u0131 ve \u00e7evreyi de korur. Laboratuvar g\u00fcvenli\u011fine \u00f6ncelik vererek kaza ve yaralanma riskini en aza indirebilir, \u00fcretken ve endi\u015fesiz bir ara\u015ft\u0131rma ortam\u0131 yaratabilirsiniz.<\/p>\n<h2>Geli\u015fmi\u015f Laboratuvar G\u00fcvenli\u011fi i\u00e7in \u00c7evrimi\u00e7i E\u011fitim<\/h2>\n<p>\u00c7evrimi\u00e7i laboratuvar g\u00fcvenli\u011fi e\u011fitimi, laboratuvarda g\u00fcvenli bir \u015fekilde \u00e7al\u0131\u015fmak i\u00e7in gerekli bilgi ve becerileri kazanman\u0131n kullan\u0131\u015fl\u0131 ve kapsaml\u0131 bir yolunu sunar. Bu kurslar eri\u015filebilir ve esnek olacak \u015fekilde tasarlanm\u0131\u015ft\u0131r; kendi h\u0131z\u0131n\u0131zda ve kendi program\u0131n\u0131za g\u00f6re \u00f6\u011frenmenize olanak tan\u0131r. Genellikle a\u015fa\u011f\u0131dakiler de dahil olmak \u00fczere \u00e7ok \u00e7e\u015fitli konular\u0131 kapsarlar:<\/p>\n<ul>\n<li>Tehlike tan\u0131mlama ve risk de\u011ferlendirmesi<\/li>\n<li>Ki\u015fisel koruyucu ekipman (KKD) ve do\u011fru kullan\u0131m\u0131<\/li>\n<li>Kimyasallar\u0131n, biyolojik ajanlar\u0131n ve tehlikeli maddelerin g\u00fcvenli kullan\u0131m\u0131<\/li>\n<li>Acil durum prosed\u00fcrleri ve m\u00fcdahale protokolleri<\/li>\n<li>At\u0131k imha d\u00fczenlemeleri<\/li>\n<li>Kay\u0131t tutma ve raporlama gereksinimleri<\/li>\n<\/ul>\n<p>Bir laboratuvar g\u00fcvenli\u011fi \u00e7evrimi\u00e7i e\u011fitim kursuna kaydolarak temel g\u00fcvenlik uygulamalar\u0131 konusunda g\u00fc\u00e7l\u00fc bir temel kazanabilirsiniz. Bu kurslar deneyimli laboratuvar personeli i\u00e7in de\u011ferli bir bilgi tazelemesi veya yeni gelenler i\u00e7in giri\u015f rehberi olarak hizmet edebilir. Ek olarak, \u00e7evrimi\u00e7i kurslar genellikle tamamland\u0131ktan sonra mesleki geli\u015fiminiz i\u00e7in de\u011ferli bir varl\u0131k olabilecek sertifikalar sa\u011flar.<\/p>\n<h2>Kilit hususlar<\/h2>\n<p>Bir\u00e7ok kritik husus g\u00fcvenli bir laboratuvar ortam\u0131na katk\u0131da bulunur. \u0130\u015fte baz\u0131 \u00f6nemli hususlar:<\/p>\n<ul>\n<li>Ki\u015fisel Koruyucu Ekipman (PPE): Gerekti\u011finde eldiven, koruyucu g\u00f6zl\u00fck, laboratuvar \u00f6nl\u00fc\u011f\u00fc ve solunum cihaz\u0131 gibi uygun KKD&#039;lerin giyilmesi, kendinizi s\u0131\u00e7ramalardan, d\u00f6k\u00fclmelerden ve havadan kaynaklanan tehlikelerden korumak i\u00e7in \u00e7ok \u00f6nemlidir.<\/li>\n<li>Kimyasal G\u00fcvenlik: Kimyasallar\u0131 her zaman uygun etiketleme ve saklama prosed\u00fcrlerini izleyerek dikkatli bir \u015fekilde kullan\u0131n. \u0130yi havaland\u0131r\u0131lm\u0131\u015f alanlarda \u00e7al\u0131\u015f\u0131n ve zararl\u0131 buharlar \u00fcreten prosed\u00fcrler i\u00e7in \u00e7eker ocaklardan yararlan\u0131n.<\/li>\n<li>Biyolojik G\u00fcvenlik: \u00c7al\u0131\u015ft\u0131\u011f\u0131n\u0131z biyolojik ajanlarla ili\u015fkili biyog\u00fcvenlik seviyesinin (BSL) fark\u0131nda olun. Maruz kalma riskini en aza indirmek i\u00e7in BSL seviyenize uygun s\u0131n\u0131rlama \u00f6nlemlerini izleyin.<\/li>\n<li>At\u0131klar\u0131n \u0130mha Edilmesi: Kimyasallar, biyolojik materyaller, kesici aletler ve cam e\u015fyalar i\u00e7in belirlenen prosed\u00fcrleri takip ederek laboratuvar at\u0131klar\u0131n\u0131 uygun \u015fekilde bertaraf edin.<\/li>\n<li>Acil Durum Haz\u0131rl\u0131\u011f\u0131: G\u00f6z y\u0131kama istasyonlar\u0131 ve yang\u0131n s\u00f6nd\u00fcr\u00fcc\u00fcler gibi g\u00fcvenlik ekipmanlar\u0131n\u0131n yerlerini \u00f6\u011frenin. Ayr\u0131ca acil tahliye prosed\u00fcrlerini \u00f6\u011frenin ve bir kaza durumunda kiminle ileti\u015fime ge\u00e7ece\u011finizi \u00f6\u011frenin.<\/li>\n<\/ul>\n<p>Bu unsurlara \u00f6ncelik vererek ve s\u00fcrekli olarak laboratuvar g\u00fcvenlik protokollerine ba\u011fl\u0131 kalarak, g\u00fcvenli ve \u00fcretken bir ara\u015ft\u0131rma ortam\u0131na \u00f6nemli \u00f6l\u00e7\u00fcde katk\u0131da bulunabilirsiniz. Unutmay\u0131n, g\u00fcvenlik sonradan akla gelen bir d\u00fc\u015f\u00fcnce de\u011fildir; her laboratuvar faaliyetinin ayr\u0131lmaz bir par\u00e7as\u0131 olmal\u0131d\u0131r.<\/p>\n<p>Kapsaml\u0131 \u00e7evrimi\u00e7i laboratuvar g\u00fcvenli\u011fi e\u011fitim kursumuza bug\u00fcn kaydolarak kendi g\u00fcvenli\u011finize ve etraf\u0131n\u0131zdakilerin g\u00fcvenli\u011fine yat\u0131r\u0131m yap\u0131n. Deneyimli profesyoneller taraf\u0131ndan geli\u015ftirilen kapsaml\u0131 m\u00fcfredat\u0131m\u0131z, sizi laboratuvar ortam\u0131nda g\u00fcvenle gezinmenizi sa\u011flayacak bilgi ve becerilerle donatacakt\u0131r. Kursu ba\u015far\u0131yla tamamlad\u0131\u011f\u0131n\u0131zda, ba\u015far\u0131n\u0131z\u0131 onaylayan bir sertifika alacaks\u0131n\u0131z. \u015eimdi kaydolun ve g\u00fcvenli ve ba\u015far\u0131l\u0131 bir laboratuvar deneyimine do\u011fru hayati bir ad\u0131m at\u0131n!<\/p>","protected":false},"excerpt":{"rendered":"<p>Laboratory Safety: Protecting Yourself and Your Research Ensuring laboratory safety is paramount for anyone working in a laboratory setting. Whether you are a seasoned researcher or a student embarking on your first laboratory experiments, a thorough understanding of safety protocols is essential. These protocols safeguard not only yourself but also your colleagues and the environment. [&hellip;]<\/p>\n","protected":false},"featured_media":30848,"template":"","meta":{"_et_pb_use_builder":"","_et_pb_old_content":"","_et_gb_content_width":""},"product_brand":[],"product_cat":[125,132,138],"product_tag":[],"class_list":{"0":"post-30921","1":"product","2":"type-product","3":"status-publish","4":"has-post-thumbnail","6":"product_cat-dangerous-chemicals","7":"product_cat-equipment","8":"product_cat-general-industry","10":"first","11":"instock","12":"virtual","13":"sold-individually","14":"purchasable","15":"product-type-simple"},"yoast_head":"<!-- This site is optimized with the Yoast SEO plugin v27.4 - https:\/\/yoast.com\/product\/yoast-seo-wordpress\/ -->\n<title>Laboratory Safety - Global Safety &amp; Environmental<\/title>\n<meta name=\"description\" content=\"Ensure a safe and productive research environment with our comprehensive laboratory safety online training course.\" \/>\n<meta name=\"robots\" content=\"index, follow, max-snippet:-1, max-image-preview:large, max-video-preview:-1\" \/>\n<link rel=\"canonical\" href=\"https:\/\/globaltraining.com\/tr\/urun\/laboratuvar-guvenligi\/\" \/>\n<meta property=\"og:locale\" content=\"tr_TR\" \/>\n<meta property=\"og:type\" content=\"article\" \/>\n<meta property=\"og:title\" content=\"Laboratory Safety - Global Safety &amp; Environmental\" \/>\n<meta property=\"og:description\" content=\"Ensure a safe and productive research environment with our comprehensive laboratory safety online training course.\" \/>\n<meta property=\"og:url\" content=\"https:\/\/globaltraining.com\/tr\/urun\/laboratuvar-guvenligi\/\" \/>\n<meta property=\"og:site_name\" content=\"Global Safety &amp; Environmental\" \/>\n<meta property=\"article:modified_time\" content=\"2024-11-27T22:34:11+00:00\" \/>\n<meta property=\"og:image\" content=\"https:\/\/globaltraining.com\/wp-content\/uploads\/2024\/04\/lab-safety-ppe-blog.jpg\" \/>\n\t<meta property=\"og:image:width\" content=\"848\" \/>\n\t<meta property=\"og:image:height\" content=\"565\" \/>\n\t<meta property=\"og:image:type\" content=\"image\/jpeg\" \/>\n<meta name=\"twitter:card\" content=\"summary_large_image\" \/>\n<meta name=\"twitter:label1\" content=\"Est. reading time\" \/>\n\t<meta name=\"twitter:data1\" content=\"3 minutes\" \/>\n<script type=\"application\/ld+json\" class=\"yoast-schema-graph\">{\"@context\":\"https:\\\/\\\/schema.org\",\"@graph\":[{\"@type\":\"WebPage\",\"@id\":\"https:\\\/\\\/globaltraining.com\\\/product\\\/laboratory-safety\\\/\",\"url\":\"https:\\\/\\\/globaltraining.com\\\/product\\\/laboratory-safety\\\/\",\"name\":\"Laboratory Safety - Global Safety &amp; Environmental\",\"isPartOf\":{\"@id\":\"https:\\\/\\\/globaltraining.com\\\/#website\"},\"primaryImageOfPage\":{\"@id\":\"https:\\\/\\\/globaltraining.com\\\/product\\\/laboratory-safety\\\/#primaryimage\"},\"image\":{\"@id\":\"https:\\\/\\\/globaltraining.com\\\/product\\\/laboratory-safety\\\/#primaryimage\"},\"thumbnailUrl\":\"https:\\\/\\\/globaltraining.com\\\/wp-content\\\/uploads\\\/2024\\\/04\\\/lab-safety-ppe-blog.jpg\",\"datePublished\":\"2024-04-15T16:16:06+00:00\",\"dateModified\":\"2024-11-27T22:34:11+00:00\",\"description\":\"Ensure a safe and productive research environment with our comprehensive laboratory safety online training course.\",\"breadcrumb\":{\"@id\":\"https:\\\/\\\/globaltraining.com\\\/product\\\/laboratory-safety\\\/#breadcrumb\"},\"inLanguage\":\"tr-TR\",\"potentialAction\":[{\"@type\":\"ReadAction\",\"target\":[\"https:\\\/\\\/globaltraining.com\\\/product\\\/laboratory-safety\\\/\"]}]},{\"@type\":\"ImageObject\",\"inLanguage\":\"tr-TR\",\"@id\":\"https:\\\/\\\/globaltraining.com\\\/product\\\/laboratory-safety\\\/#primaryimage\",\"url\":\"https:\\\/\\\/globaltraining.com\\\/wp-content\\\/uploads\\\/2024\\\/04\\\/lab-safety-ppe-blog.jpg\",\"contentUrl\":\"https:\\\/\\\/globaltraining.com\\\/wp-content\\\/uploads\\\/2024\\\/04\\\/lab-safety-ppe-blog.jpg\",\"width\":848,\"height\":565,\"caption\":\"Laboratory Safety\"},{\"@type\":\"BreadcrumbList\",\"@id\":\"https:\\\/\\\/globaltraining.com\\\/product\\\/laboratory-safety\\\/#breadcrumb\",\"itemListElement\":[{\"@type\":\"ListItem\",\"position\":1,\"name\":\"Home\",\"item\":\"https:\\\/\\\/globaltraining.com\\\/\"},{\"@type\":\"ListItem\",\"position\":2,\"name\":\"Productos\",\"item\":\"https:\\\/\\\/globaltraining.com\\\/es\\\/shop\\\/\"},{\"@type\":\"ListItem\",\"position\":3,\"name\":\"Laboratory Safety\"}]},{\"@type\":\"WebSite\",\"@id\":\"https:\\\/\\\/globaltraining.com\\\/#website\",\"url\":\"https:\\\/\\\/globaltraining.com\\\/\",\"name\":\"Global Safety & Environmental\",\"description\":\"Full Service Health, Safety, and Environmental Courses\",\"publisher\":{\"@id\":\"https:\\\/\\\/globaltraining.com\\\/#organization\"},\"potentialAction\":[{\"@type\":\"SearchAction\",\"target\":{\"@type\":\"EntryPoint\",\"urlTemplate\":\"https:\\\/\\\/globaltraining.com\\\/?s={search_term_string}\"},\"query-input\":{\"@type\":\"PropertyValueSpecification\",\"valueRequired\":true,\"valueName\":\"search_term_string\"}}],\"inLanguage\":\"tr-TR\"},{\"@type\":\"Organization\",\"@id\":\"https:\\\/\\\/globaltraining.com\\\/#organization\",\"name\":\"Global Safety & Environmental\",\"url\":\"https:\\\/\\\/globaltraining.com\\\/\",\"logo\":{\"@type\":\"ImageObject\",\"inLanguage\":\"tr-TR\",\"@id\":\"https:\\\/\\\/globaltraining.com\\\/#\\\/schema\\\/logo\\\/image\\\/\",\"url\":\"https:\\\/\\\/globaltraining.com\\\/wp-content\\\/uploads\\\/2021\\\/01\\\/GSE-Logo-for-email.png\",\"contentUrl\":\"https:\\\/\\\/globaltraining.com\\\/wp-content\\\/uploads\\\/2021\\\/01\\\/GSE-Logo-for-email.png\",\"width\":400,\"height\":101,\"caption\":\"Global Safety & Environmental\"},\"image\":{\"@id\":\"https:\\\/\\\/globaltraining.com\\\/#\\\/schema\\\/logo\\\/image\\\/\"}}]}<\/script>\n<!-- \/ Yoast SEO plugin. -->","yoast_head_json":{"title":"Laboratuvar G\u00fcvenli\u011fi - K\u00fcresel G\u00fcvenlik ve \u00c7evre","description":"Kapsaml\u0131 laboratuvar g\u00fcvenli\u011fi \u00e7evrimi\u00e7i e\u011fitim kursumuzla g\u00fcvenli ve \u00fcretken bir ara\u015ft\u0131rma ortam\u0131 sa\u011flay\u0131n.","robots":{"index":"index","follow":"follow","max-snippet":"max-snippet:-1","max-image-preview":"max-image-preview:large","max-video-preview":"max-video-preview:-1"},"canonical":"https:\/\/globaltraining.com\/tr\/urun\/laboratuvar-guvenligi\/","og_locale":"tr_TR","og_type":"article","og_title":"Laboratory Safety - Global Safety &amp; Environmental","og_description":"Ensure a safe and productive research environment with our comprehensive laboratory safety online training course.","og_url":"https:\/\/globaltraining.com\/tr\/urun\/laboratuvar-guvenligi\/","og_site_name":"Global Safety &amp; Environmental","article_modified_time":"2024-11-27T22:34:11+00:00","og_image":[{"width":848,"height":565,"url":"https:\/\/globaltraining.com\/wp-content\/uploads\/2024\/04\/lab-safety-ppe-blog.jpg","type":"image\/jpeg"}],"twitter_card":"summary_large_image","twitter_misc":{"Est. reading time":"3 minutes"},"schema":{"@context":"https:\/\/schema.org","@graph":[{"@type":"WebPage","@id":"https:\/\/globaltraining.com\/product\/laboratory-safety\/","url":"https:\/\/globaltraining.com\/product\/laboratory-safety\/","name":"Laboratuvar G\u00fcvenli\u011fi - K\u00fcresel G\u00fcvenlik ve \u00c7evre","isPartOf":{"@id":"https:\/\/globaltraining.com\/#website"},"primaryImageOfPage":{"@id":"https:\/\/globaltraining.com\/product\/laboratory-safety\/#primaryimage"},"image":{"@id":"https:\/\/globaltraining.com\/product\/laboratory-safety\/#primaryimage"},"thumbnailUrl":"https:\/\/globaltraining.com\/wp-content\/uploads\/2024\/04\/lab-safety-ppe-blog.jpg","datePublished":"2024-04-15T16:16:06+00:00","dateModified":"2024-11-27T22:34:11+00:00","description":"Kapsaml\u0131 laboratuvar g\u00fcvenli\u011fi \u00e7evrimi\u00e7i e\u011fitim kursumuzla g\u00fcvenli ve \u00fcretken bir ara\u015ft\u0131rma ortam\u0131 sa\u011flay\u0131n.","breadcrumb":{"@id":"https:\/\/globaltraining.com\/product\/laboratory-safety\/#breadcrumb"},"inLanguage":"tr-TR","potentialAction":[{"@type":"ReadAction","target":["https:\/\/globaltraining.com\/product\/laboratory-safety\/"]}]},{"@type":"ImageObject","inLanguage":"tr-TR","@id":"https:\/\/globaltraining.com\/product\/laboratory-safety\/#primaryimage","url":"https:\/\/globaltraining.com\/wp-content\/uploads\/2024\/04\/lab-safety-ppe-blog.jpg","contentUrl":"https:\/\/globaltraining.com\/wp-content\/uploads\/2024\/04\/lab-safety-ppe-blog.jpg","width":848,"height":565,"caption":"Laboratory Safety"},{"@type":"BreadcrumbList","@id":"https:\/\/globaltraining.com\/product\/laboratory-safety\/#breadcrumb","itemListElement":[{"@type":"ListItem","position":1,"name":"Home","item":"https:\/\/globaltraining.com\/"},{"@type":"ListItem","position":2,"name":"Productos","item":"https:\/\/globaltraining.com\/es\/shop\/"},{"@type":"ListItem","position":3,"name":"Laboratory Safety"}]},{"@type":"WebSite","@id":"https:\/\/globaltraining.com\/#website","url":"https:\/\/globaltraining.com\/","name":"K\u00fcresel G\u00fcvenlik ve \u00c7evre","description":"Tam Hizmet Sa\u011fl\u0131k, G\u00fcvenlik ve \u00c7evre Kurslar\u0131","publisher":{"@id":"https:\/\/globaltraining.com\/#organization"},"potentialAction":[{"@type":"SearchAction","target":{"@type":"EntryPoint","urlTemplate":"https:\/\/globaltraining.com\/?s={search_term_string}"},"query-input":{"@type":"PropertyValueSpecification","valueRequired":true,"valueName":"search_term_string"}}],"inLanguage":"tr-TR"},{"@type":"Organization","@id":"https:\/\/globaltraining.com\/#organization","name":"K\u00fcresel G\u00fcvenlik ve \u00c7evre","url":"https:\/\/globaltraining.com\/","logo":{"@type":"ImageObject","inLanguage":"tr-TR","@id":"https:\/\/globaltraining.com\/#\/schema\/logo\/image\/","url":"https:\/\/globaltraining.com\/wp-content\/uploads\/2021\/01\/GSE-Logo-for-email.png","contentUrl":"https:\/\/globaltraining.com\/wp-content\/uploads\/2021\/01\/GSE-Logo-for-email.png","width":400,"height":101,"caption":"Global Safety & Environmental"},"image":{"@id":"https:\/\/globaltraining.com\/#\/schema\/logo\/image\/"}}]}},"_links":{"self":[{"href":"https:\/\/globaltraining.com\/tr\/wp-json\/wp\/v2\/product\/30921","targetHints":{"allow":["GET"]}}],"collection":[{"href":"https:\/\/globaltraining.com\/tr\/wp-json\/wp\/v2\/product"}],"about":[{"href":"https:\/\/globaltraining.com\/tr\/wp-json\/wp\/v2\/types\/product"}],"wp:featuredmedia":[{"embeddable":true,"href":"https:\/\/globaltraining.com\/tr\/wp-json\/wp\/v2\/media\/30848"}],"wp:attachment":[{"href":"https:\/\/globaltraining.com\/tr\/wp-json\/wp\/v2\/media?parent=30921"}],"wp:term":[{"taxonomy":"product_brand","embeddable":true,"href":"https:\/\/globaltraining.com\/tr\/wp-json\/wp\/v2\/product_brand?post=30921"},{"taxonomy":"product_cat","embeddable":true,"href":"https:\/\/globaltraining.com\/tr\/wp-json\/wp\/v2\/product_cat?post=30921"},{"taxonomy":"product_tag","embeddable":true,"href":"https:\/\/globaltraining.com\/tr\/wp-json\/wp\/v2\/product_tag?post=30921"}],"curies":[{"name":"wp","href":"https:\/\/api.w.org\/{rel}","templated":true}]}}