{"id":29517,"date":"2023-12-12T11:47:40","date_gmt":"2023-12-12T17:47:40","guid":{"rendered":"https:\/\/globaltraining.com\/?post_type=product&#038;p=29517"},"modified":"2024-11-27T16:35:30","modified_gmt":"2024-11-27T22:35:30","slug":"saglikli-aliskanliklari-tesvik-etmek","status":"publish","type":"product","link":"https:\/\/globaltraining.com\/tr\/product\/promoting-healthy-habits\/","title":{"rendered":"Sa\u011fl\u0131kl\u0131 Al\u0131\u015fkanl\u0131klar\u0131 Te\u015fvik Etmek"},"content":{"rendered":"<h2>Dengeli Bir Ya\u015fam \u0130\u00e7in Sa\u011fl\u0131kl\u0131 Al\u0131\u015fkanl\u0131klar\u0131 Te\u015fvik Etmek<\/h2>\n<p>\u0130\u00e7inde ya\u015fad\u0131\u011f\u0131m\u0131z h\u0131zl\u0131 d\u00fcnyada, sa\u011fl\u0131kl\u0131 bir ya\u015fam tarz\u0131n\u0131 s\u00fcrd\u00fcrmek \u00e7ok \u00f6nemlidir. \u0130ster ki\u015fisel refah\u0131n\u0131z\u0131 art\u0131rmay\u0131, ister ba\u015fkalar\u0131na ilham vermeyi hedefliyor olun, sa\u011fl\u0131kl\u0131 al\u0131\u015fkanl\u0131klar\u0131 te\u015fvik etme kursumuz, dengeli ve tatmin edici bir hayata ula\u015fman\u0131z i\u00e7in kapsaml\u0131 bir rehber sa\u011flar.<\/p>\n<h2>\u0130\u015f-Ya\u015fam Dengesi: Sa\u011fl\u0131kl\u0131 Ya\u015fam\u0131n Anahtar\u0131<\/h2>\n<p>\u0130\u015f-ya\u015fam dengesini sa\u011flamak ve s\u00fcrd\u00fcrmek, genel sa\u011fl\u0131k ve mutluluk i\u00e7in \u00e7ok \u00f6nemlidir. Kursumuzda, rahatlama ve ki\u015fisel bak\u0131m i\u00e7in ki\u015fisel zaman ay\u0131r\u0131rken mesleki taahh\u00fctleri y\u00f6netmek i\u00e7in pratik stratejiler \u00fczerinde \u00e7al\u0131\u015f\u0131yoruz. Stresi azaltmak, \u00fcretkenli\u011fi art\u0131rmak ve kariyeriniz ile ki\u015fisel ya\u015fam\u0131n\u0131z aras\u0131nda uyumlu bir denge kurmak i\u00e7in etkili teknikleri ke\u015ffedin.<\/p>\n<h2>\u00c7evrimi\u00e7i E\u011fitim: Daha Sa\u011fl\u0131kl\u0131 Bir Ya\u015fam Tarz\u0131na A\u00e7\u0131lan Kap\u0131n\u0131z<\/h2>\n<p>Kurs i\u00e7eri\u011fini do\u011frudan parmaklar\u0131n\u0131z\u0131n ucuna getirdi\u011fimizde \u00e7evrimi\u00e7i e\u011fitimin rahatl\u0131\u011f\u0131n\u0131 benimseyin. Uzman e\u011fitmenlerimiz, sa\u011fl\u0131kl\u0131 al\u0131\u015fkanl\u0131klar hakk\u0131nda \u00f6\u011frenmeyi eri\u015filebilir ve esnek hale getiren etkile\u015fimli mod\u00fcller arac\u0131l\u0131\u011f\u0131yla size rehberlik eder. Kendi h\u0131z\u0131n\u0131zda ve evinizin rahatl\u0131\u011f\u0131nda \u00f6\u011frenin, kendi ko\u015fullar\u0131n\u0131za g\u00f6re refah\u0131n\u0131z\u0131n kontrol\u00fcn\u00fc elinize alman\u0131z\u0131 sa\u011flar.<\/p>\n<h2>Doyurucu Bir Ya\u015fam \u0130\u00e7in Sa\u011fl\u0131kl\u0131 Al\u0131\u015fkanl\u0131klar\u0131 Te\u015fvik Etmek<\/h2>\n<p>\u0130\u015f-ya\u015fam dengesinin inceliklerini ke\u015ffederken ve \u00e7evrimi\u00e7i e\u011fitimin avantajlar\u0131ndan yararlan\u0131rken, temel odak noktam\u0131z sa\u011fl\u0131kl\u0131 al\u0131\u015fkanl\u0131klar\u0131 te\u015fvik etmeye devam ediyor. Besleyici beslenmeyi, d\u00fczenli egzersizi ve dikkatli uygulamalar\u0131 kapsayan bir rutin olu\u015fturmak kursumuzun temelini olu\u015fturur. B\u00fct\u00fcnsel yakla\u015f\u0131m\u0131m\u0131z, fiziksel ve zihinsel sa\u011fl\u0131\u011f\u0131n\u0131z\u0131 olumlu y\u00f6nde etkileyen s\u00fcrd\u00fcr\u00fclebilir ya\u015fam tarz\u0131 de\u011fi\u015fiklikleri yapman\u0131z\u0131 sa\u011flar.<\/p>\n<h2>Daha Sa\u011fl\u0131kl\u0131 Bir Ya\u015fam Tarz\u0131n\u0131n Avantajlar\u0131ndan Yararlan\u0131n<\/h2>\n<p>Sa\u011fl\u0131kl\u0131 al\u0131\u015fkanl\u0131klar\u0131 benimsemenin ve te\u015fvik etmenin faydalar\u0131 bireyin \u00f6tesine ge\u00e7erek topluluklarda ve i\u015fyerlerinde bir dalgalanma etkisi yarat\u0131r. Artan enerji seviyelerini, geli\u015fmi\u015f odaklanmay\u0131 ve geli\u015fmi\u015f genel memnuniyeti deneyimleyin. Bug\u00fcn kursumuza kat\u0131l\u0131n ve daha sa\u011fl\u0131kl\u0131, daha dengeli ve tatmin edici bir hayata do\u011fru yolculu\u011fa \u00e7\u0131k\u0131n.<\/p>","protected":false},"excerpt":{"rendered":"<p>\u201cSa\u011fl\u0131kl\u0131 Al\u0131\u015fkanl\u0131klar\u0131 Te\u015fvik Etme\u201d kursumuzla d\u00f6n\u00fc\u015ft\u00fcr\u00fcc\u00fc bir yolculu\u011fa \u00e7\u0131k\u0131n. \u00c7evrimi\u00e7i e\u011fitimin g\u00fcc\u00fcnden yararlanarak m\u00fckemmel i\u015f-ya\u015fam dengesini yakalay\u0131n. Daha sa\u011fl\u0131kl\u0131, daha tatmin edici bir ya\u015fam i\u00e7in s\u00fcrd\u00fcr\u00fclebilir uygulamalar\u0131 ke\u015ffedin. \u015eimdi kaydolun ve sa\u011fl\u0131\u011f\u0131n\u0131z\u0131n sorumlulu\u011funu \u00fcstlenin!<\/p>","protected":false},"featured_media":29450,"template":"","meta":{"_et_pb_use_builder":"","_et_pb_old_content":"","_et_gb_content_width":""},"product_brand":[],"product_cat":[15],"product_tag":[],"class_list":{"0":"post-29517","1":"product","2":"type-product","3":"status-publish","4":"has-post-thumbnail","6":"product_cat-uncategorized","8":"first","9":"instock","10":"virtual","11":"sold-individually","12":"purchasable","13":"product-type-simple"},"yoast_head":"<!-- This site is optimized with the Yoast SEO plugin v27.4 - https:\/\/yoast.com\/product\/yoast-seo-wordpress\/ -->\n<title>promoting healthy habits<\/title>\n<meta name=\"description\" content=\"Promoting healthy habits, achieve work-life balance, and embrace online training in our comprehensive course. Enroll in our course now!\" \/>\n<meta name=\"robots\" content=\"index, follow, max-snippet:-1, max-image-preview:large, max-video-preview:-1\" \/>\n<link rel=\"canonical\" href=\"https:\/\/globaltraining.com\/tr\/urun\/saglikli-aliskanliklari-tesvik-etmek\/\" \/>\n<meta property=\"og:locale\" content=\"tr_TR\" \/>\n<meta property=\"og:type\" content=\"article\" \/>\n<meta property=\"og:title\" content=\"promoting healthy habits\" \/>\n<meta property=\"og:description\" content=\"Promoting healthy habits, achieve work-life balance, and embrace online training in our comprehensive course. Enroll in our course now!\" \/>\n<meta property=\"og:url\" content=\"https:\/\/globaltraining.com\/tr\/urun\/saglikli-aliskanliklari-tesvik-etmek\/\" \/>\n<meta property=\"og:site_name\" content=\"Global Safety &amp; Environmental\" \/>\n<meta property=\"article:modified_time\" content=\"2024-11-27T22:35:30+00:00\" \/>\n<meta property=\"og:image\" content=\"https:\/\/globaltraining.com\/wp-content\/uploads\/2023\/12\/blogheader-e1701882813592.jpg\" \/>\n\t<meta property=\"og:image:width\" content=\"1200\" \/>\n\t<meta property=\"og:image:height\" content=\"800\" \/>\n\t<meta property=\"og:image:type\" content=\"image\/jpeg\" \/>\n<meta name=\"twitter:card\" content=\"summary_large_image\" \/>\n<meta name=\"twitter:label1\" content=\"Est. reading time\" \/>\n\t<meta name=\"twitter:data1\" content=\"2 minutes\" \/>\n<script type=\"application\/ld+json\" class=\"yoast-schema-graph\">{\"@context\":\"https:\\\/\\\/schema.org\",\"@graph\":[{\"@type\":\"WebPage\",\"@id\":\"https:\\\/\\\/globaltraining.com\\\/product\\\/promoting-healthy-habits\\\/\",\"url\":\"https:\\\/\\\/globaltraining.com\\\/product\\\/promoting-healthy-habits\\\/\",\"name\":\"promoting healthy habits\",\"isPartOf\":{\"@id\":\"https:\\\/\\\/globaltraining.com\\\/#website\"},\"primaryImageOfPage\":{\"@id\":\"https:\\\/\\\/globaltraining.com\\\/product\\\/promoting-healthy-habits\\\/#primaryimage\"},\"image\":{\"@id\":\"https:\\\/\\\/globaltraining.com\\\/product\\\/promoting-healthy-habits\\\/#primaryimage\"},\"thumbnailUrl\":\"https:\\\/\\\/globaltraining.com\\\/wp-content\\\/uploads\\\/2023\\\/12\\\/blogheader-e1701882813592.jpg\",\"datePublished\":\"2023-12-12T17:47:40+00:00\",\"dateModified\":\"2024-11-27T22:35:30+00:00\",\"description\":\"Promoting healthy habits, achieve work-life balance, and embrace online training in our comprehensive course. Enroll in our course now!\",\"breadcrumb\":{\"@id\":\"https:\\\/\\\/globaltraining.com\\\/product\\\/promoting-healthy-habits\\\/#breadcrumb\"},\"inLanguage\":\"tr-TR\",\"potentialAction\":[{\"@type\":\"ReadAction\",\"target\":[\"https:\\\/\\\/globaltraining.com\\\/product\\\/promoting-healthy-habits\\\/\"]}]},{\"@type\":\"ImageObject\",\"inLanguage\":\"tr-TR\",\"@id\":\"https:\\\/\\\/globaltraining.com\\\/product\\\/promoting-healthy-habits\\\/#primaryimage\",\"url\":\"https:\\\/\\\/globaltraining.com\\\/wp-content\\\/uploads\\\/2023\\\/12\\\/blogheader-e1701882813592.jpg\",\"contentUrl\":\"https:\\\/\\\/globaltraining.com\\\/wp-content\\\/uploads\\\/2023\\\/12\\\/blogheader-e1701882813592.jpg\",\"width\":1200,\"height\":800},{\"@type\":\"BreadcrumbList\",\"@id\":\"https:\\\/\\\/globaltraining.com\\\/product\\\/promoting-healthy-habits\\\/#breadcrumb\",\"itemListElement\":[{\"@type\":\"ListItem\",\"position\":1,\"name\":\"Home\",\"item\":\"https:\\\/\\\/globaltraining.com\\\/\"},{\"@type\":\"ListItem\",\"position\":2,\"name\":\"Productos\",\"item\":\"https:\\\/\\\/globaltraining.com\\\/es\\\/shop\\\/\"},{\"@type\":\"ListItem\",\"position\":3,\"name\":\"Promoting Healthy Habits\"}]},{\"@type\":\"WebSite\",\"@id\":\"https:\\\/\\\/globaltraining.com\\\/#website\",\"url\":\"https:\\\/\\\/globaltraining.com\\\/\",\"name\":\"Global Safety & Environmental\",\"description\":\"Full Service Health, Safety, and Environmental Courses\",\"publisher\":{\"@id\":\"https:\\\/\\\/globaltraining.com\\\/#organization\"},\"potentialAction\":[{\"@type\":\"SearchAction\",\"target\":{\"@type\":\"EntryPoint\",\"urlTemplate\":\"https:\\\/\\\/globaltraining.com\\\/?s={search_term_string}\"},\"query-input\":{\"@type\":\"PropertyValueSpecification\",\"valueRequired\":true,\"valueName\":\"search_term_string\"}}],\"inLanguage\":\"tr-TR\"},{\"@type\":\"Organization\",\"@id\":\"https:\\\/\\\/globaltraining.com\\\/#organization\",\"name\":\"Global Safety & Environmental\",\"url\":\"https:\\\/\\\/globaltraining.com\\\/\",\"logo\":{\"@type\":\"ImageObject\",\"inLanguage\":\"tr-TR\",\"@id\":\"https:\\\/\\\/globaltraining.com\\\/#\\\/schema\\\/logo\\\/image\\\/\",\"url\":\"https:\\\/\\\/globaltraining.com\\\/wp-content\\\/uploads\\\/2021\\\/01\\\/GSE-Logo-for-email.png\",\"contentUrl\":\"https:\\\/\\\/globaltraining.com\\\/wp-content\\\/uploads\\\/2021\\\/01\\\/GSE-Logo-for-email.png\",\"width\":400,\"height\":101,\"caption\":\"Global Safety & Environmental\"},\"image\":{\"@id\":\"https:\\\/\\\/globaltraining.com\\\/#\\\/schema\\\/logo\\\/image\\\/\"}}]}<\/script>\n<!-- \/ Yoast SEO plugin. -->","yoast_head_json":{"title":"sa\u011fl\u0131kl\u0131 al\u0131\u015fkanl\u0131klar\u0131 te\u015fvik etmek","description":"Sa\u011fl\u0131kl\u0131 al\u0131\u015fkanl\u0131klar\u0131 te\u015fvik edin, i\u015f-ya\u015fam dengesini sa\u011flay\u0131n ve kapsaml\u0131 kursumuzda \u00e7evrimi\u00e7i e\u011fitimi benimseyin. Kursumuza hemen kaydolun!","robots":{"index":"index","follow":"follow","max-snippet":"max-snippet:-1","max-image-preview":"max-image-preview:large","max-video-preview":"max-video-preview:-1"},"canonical":"https:\/\/globaltraining.com\/tr\/urun\/saglikli-aliskanliklari-tesvik-etmek\/","og_locale":"tr_TR","og_type":"article","og_title":"promoting healthy habits","og_description":"Promoting healthy habits, achieve work-life balance, and embrace online training in our comprehensive course. Enroll in our course now!","og_url":"https:\/\/globaltraining.com\/tr\/urun\/saglikli-aliskanliklari-tesvik-etmek\/","og_site_name":"Global Safety &amp; Environmental","article_modified_time":"2024-11-27T22:35:30+00:00","og_image":[{"width":1200,"height":800,"url":"https:\/\/globaltraining.com\/wp-content\/uploads\/2023\/12\/blogheader-e1701882813592.jpg","type":"image\/jpeg"}],"twitter_card":"summary_large_image","twitter_misc":{"Est. reading time":"2 minutes"},"schema":{"@context":"https:\/\/schema.org","@graph":[{"@type":"WebPage","@id":"https:\/\/globaltraining.com\/product\/promoting-healthy-habits\/","url":"https:\/\/globaltraining.com\/product\/promoting-healthy-habits\/","name":"sa\u011fl\u0131kl\u0131 al\u0131\u015fkanl\u0131klar\u0131 te\u015fvik etmek","isPartOf":{"@id":"https:\/\/globaltraining.com\/#website"},"primaryImageOfPage":{"@id":"https:\/\/globaltraining.com\/product\/promoting-healthy-habits\/#primaryimage"},"image":{"@id":"https:\/\/globaltraining.com\/product\/promoting-healthy-habits\/#primaryimage"},"thumbnailUrl":"https:\/\/globaltraining.com\/wp-content\/uploads\/2023\/12\/blogheader-e1701882813592.jpg","datePublished":"2023-12-12T17:47:40+00:00","dateModified":"2024-11-27T22:35:30+00:00","description":"Sa\u011fl\u0131kl\u0131 al\u0131\u015fkanl\u0131klar\u0131 te\u015fvik edin, i\u015f-ya\u015fam dengesini sa\u011flay\u0131n ve kapsaml\u0131 kursumuzda \u00e7evrimi\u00e7i e\u011fitimi benimseyin. Kursumuza hemen kaydolun!","breadcrumb":{"@id":"https:\/\/globaltraining.com\/product\/promoting-healthy-habits\/#breadcrumb"},"inLanguage":"tr-TR","potentialAction":[{"@type":"ReadAction","target":["https:\/\/globaltraining.com\/product\/promoting-healthy-habits\/"]}]},{"@type":"ImageObject","inLanguage":"tr-TR","@id":"https:\/\/globaltraining.com\/product\/promoting-healthy-habits\/#primaryimage","url":"https:\/\/globaltraining.com\/wp-content\/uploads\/2023\/12\/blogheader-e1701882813592.jpg","contentUrl":"https:\/\/globaltraining.com\/wp-content\/uploads\/2023\/12\/blogheader-e1701882813592.jpg","width":1200,"height":800},{"@type":"BreadcrumbList","@id":"https:\/\/globaltraining.com\/product\/promoting-healthy-habits\/#breadcrumb","itemListElement":[{"@type":"ListItem","position":1,"name":"Home","item":"https:\/\/globaltraining.com\/"},{"@type":"ListItem","position":2,"name":"Productos","item":"https:\/\/globaltraining.com\/es\/shop\/"},{"@type":"ListItem","position":3,"name":"Promoting Healthy Habits"}]},{"@type":"WebSite","@id":"https:\/\/globaltraining.com\/#website","url":"https:\/\/globaltraining.com\/","name":"K\u00fcresel G\u00fcvenlik ve \u00c7evre","description":"Tam Hizmet Sa\u011fl\u0131k, G\u00fcvenlik ve \u00c7evre Kurslar\u0131","publisher":{"@id":"https:\/\/globaltraining.com\/#organization"},"potentialAction":[{"@type":"SearchAction","target":{"@type":"EntryPoint","urlTemplate":"https:\/\/globaltraining.com\/?s={search_term_string}"},"query-input":{"@type":"PropertyValueSpecification","valueRequired":true,"valueName":"search_term_string"}}],"inLanguage":"tr-TR"},{"@type":"Organization","@id":"https:\/\/globaltraining.com\/#organization","name":"K\u00fcresel G\u00fcvenlik ve \u00c7evre","url":"https:\/\/globaltraining.com\/","logo":{"@type":"ImageObject","inLanguage":"tr-TR","@id":"https:\/\/globaltraining.com\/#\/schema\/logo\/image\/","url":"https:\/\/globaltraining.com\/wp-content\/uploads\/2021\/01\/GSE-Logo-for-email.png","contentUrl":"https:\/\/globaltraining.com\/wp-content\/uploads\/2021\/01\/GSE-Logo-for-email.png","width":400,"height":101,"caption":"Global Safety & Environmental"},"image":{"@id":"https:\/\/globaltraining.com\/#\/schema\/logo\/image\/"}}]}},"_links":{"self":[{"href":"https:\/\/globaltraining.com\/tr\/wp-json\/wp\/v2\/product\/29517","targetHints":{"allow":["GET"]}}],"collection":[{"href":"https:\/\/globaltraining.com\/tr\/wp-json\/wp\/v2\/product"}],"about":[{"href":"https:\/\/globaltraining.com\/tr\/wp-json\/wp\/v2\/types\/product"}],"wp:featuredmedia":[{"embeddable":true,"href":"https:\/\/globaltraining.com\/tr\/wp-json\/wp\/v2\/media\/29450"}],"wp:attachment":[{"href":"https:\/\/globaltraining.com\/tr\/wp-json\/wp\/v2\/media?parent=29517"}],"wp:term":[{"taxonomy":"product_brand","embeddable":true,"href":"https:\/\/globaltraining.com\/tr\/wp-json\/wp\/v2\/product_brand?post=29517"},{"taxonomy":"product_cat","embeddable":true,"href":"https:\/\/globaltraining.com\/tr\/wp-json\/wp\/v2\/product_cat?post=29517"},{"taxonomy":"product_tag","embeddable":true,"href":"https:\/\/globaltraining.com\/tr\/wp-json\/wp\/v2\/product_tag?post=29517"}],"curies":[{"name":"wp","href":"https:\/\/api.w.org\/{rel}","templated":true}]}}