{"id":28825,"date":"2023-10-05T10:27:15","date_gmt":"2023-10-05T15:27:15","guid":{"rendered":"https:\/\/globaltraining.com\/?post_type=product&#038;p=28825"},"modified":"2024-11-27T16:37:22","modified_gmt":"2024-11-27T22:37:22","slug":"nfpa-70e-elektrik-guvenligi","status":"publish","type":"product","link":"https:\/\/globaltraining.com\/tr\/product\/nfpa-70e-electrical-safety\/","title":{"rendered":"NFPA 70e Elektrik G\u00fcvenli\u011fi"},"content":{"rendered":"<h2>NFPA 70e Elektrik G\u00fcvenli\u011fi: Elektrik Tehlikelerine Kar\u015f\u0131 Koruma<\/h2>\n<p>Elektrik g\u00fcvenli\u011fi her i\u015fyerinde \u00e7ok \u00f6nemlidir ve end\u00fcstri standartlar\u0131yla uyumlu kalmak \u00e7ok \u00f6nemlidir. NFPA 70e Elektrik G\u00fcvenli\u011fi i\u015fte burada devreye giriyor. Bu kapsaml\u0131 \u00e7evrimi\u00e7i e\u011fitim kursu, sizi elektrik tehlikelerine kar\u015f\u0131 etkili bir \u015fekilde korunmak i\u00e7in gereken bilgi ve becerilerle donatmak \u00fczere tasarlanm\u0131\u015ft\u0131r.<\/p>\n<h2>Elektrik Tehlikelerini Anlamak<\/h2>\n<p>NFPA 70e&#039;nin ayr\u0131nt\u0131lar\u0131na girmeden \u00f6nce, \u00f6ncelikle elektriksel tehlikelerin neleri gerektirdi\u011fini inceleyelim. Elektrik tehlikeleri imalattan in\u015faata kadar \u00e7e\u015fitli end\u00fcstrilerde ciddi riskler olu\u015fturmaktad\u0131r. Hatal\u0131 kablolama, hasarl\u0131 ekipman veya yetersiz g\u00fcvenlik prosed\u00fcrlerinden kaynaklanabilirler. Bu tehlikeleri anlamak, kazalar\u0131 \u00f6nlemenin ve i\u015fyeri g\u00fcvenli\u011fini sa\u011flaman\u0131n ilk ad\u0131m\u0131d\u0131r.<\/p>\n<h2>Elektrik G\u00fcvenli\u011fi E\u011fitiminin Faydalar\u0131<\/h2>\n<p>\u00c7evrimi\u00e7i e\u011fitim program\u0131m\u0131za kaydolmak \u00e7ok say\u0131da avantaj sunar. \u00dclke \u00e7ap\u0131nda elektrik g\u00fcvenli\u011fi a\u00e7\u0131s\u0131ndan \u00f6nemli bir k\u0131lavuz olarak kabul edilen NFPA 70e standard\u0131na ili\u015fkin derinlemesine bilgi edineceksiniz. Kursumuz ark parlamas\u0131ndan korunma, elektriksel g\u00fcvenlik prosed\u00fcrleri ve risk de\u011ferlendirmesi de dahil olmak \u00fczere \u00e7ok \u00e7e\u015fitli konular\u0131 kapsamaktad\u0131r. Ayr\u0131ca en iyi uygulamalar\u0131 uygulayarak daha g\u00fcvenli bir \u00e7al\u0131\u015fma ortam\u0131n\u0131n nas\u0131l yarat\u0131laca\u011f\u0131n\u0131 da \u00f6\u011freneceksiniz.<\/p>\n<h2>Kapsaml\u0131 \u00c7evrimi\u00e7i E\u011fitim<\/h2>\n<p>\u00c7evrimi\u00e7i e\u011fitimimiz hem kullan\u0131\u015fl\u0131 hem de bilgilendiricidir. Kurs materyallerine kendi h\u0131z\u0131n\u0131zda eri\u015ferek \u00f6\u011freniminizi i\u015f taahh\u00fctlerinizle dengelemenize olanak tan\u0131yabilirsiniz. Etkile\u015fimli mod\u00fcller, videolar ve testler, materyali iyice kavraman\u0131z\u0131 sa\u011flar. Ayr\u0131ca deneyimli e\u011fitmenlerimiz rehberlik sa\u011flamaya ve sorular\u0131n\u0131z\u0131 yan\u0131tlamaya haz\u0131rd\u0131r.<\/p>\n<h2>Sertifikan\u0131z\u0131n Al\u0131nmas\u0131<\/h2>\n<p>Elektrik G\u00fcvenli\u011fi kursunu ba\u015far\u0131yla tamamlad\u0131\u011f\u0131n\u0131zda, tan\u0131nm\u0131\u015f bir sertifika alacaks\u0131n\u0131z. Bu sertifika, i\u015fyeri g\u00fcvenli\u011fine olan ba\u011fl\u0131l\u0131\u011f\u0131n\u0131z\u0131n bir kan\u0131t\u0131d\u0131r ve kariyer olanaklar\u0131n\u0131z\u0131 art\u0131rabilir. \u0130\u015fverenler g\u00fcvenli\u011fe \u00f6ncelik veren \u00e7al\u0131\u015fanlara de\u011fer verir, bu da sizi herhangi bir kurulu\u015f i\u00e7in de\u011ferli bir varl\u0131k haline getirir.<\/p>\n<h2>Daha G\u00fcvenli \u0130\u015fyerlerine Do\u011fru \u0130lk Ad\u0131m\u0131 At\u0131n<\/h2>\n<p>Bir elektrik kazas\u0131 meydana gelene kadar beklemeyin. \u015eimdi harekete ge\u00e7in ve Elektrik G\u00fcvenli\u011fi kursumuza kaydolun. Kendinizi, elektrik tehlikelerini \u00f6nlemek ve kendinizi ve i\u015f arkada\u015flar\u0131n\u0131z\u0131 korumak i\u00e7in gereken bilgi ve becerilerle donat\u0131n. Daha g\u00fcvenli \u00e7al\u0131\u015fma ortamlar\u0131 yaratmak i\u00e7in bug\u00fcn bize kat\u0131l\u0131n.<\/p>\n<h2>NFPA 70e Sertifikasyonu ile Elektrik G\u00fcvenli\u011fini Sa\u011flay\u0131n<\/h2>\n<p>Elektrik G\u00fcvenli\u011fi sertifikas\u0131na yat\u0131r\u0131m yaparak ak\u0131ll\u0131ca bir se\u00e7im yap\u0131n. Elektrik tehlikelerini etkili bir \u015fekilde tan\u0131mlamak ve azaltmak i\u00e7in gereken uzmanl\u0131\u011f\u0131 edinin. Kapsaml\u0131 \u00e7evrimi\u00e7i e\u011fitim program\u0131m\u0131za kaydolun ve gelece\u011finizi daha g\u00fcvenli bir i\u015fyerinde g\u00fcvence alt\u0131na al\u0131n.<\/p>","protected":false},"excerpt":{"rendered":"<p>Temel e\u011fitim i\u00e7in NFPA 70e Elektrik G\u00fcvenli\u011fi kursumuza kat\u0131l\u0131n. Uzman rehberli\u011fi ve sertifikasyonu ile i\u015f yerinizi elektrik tehlikelerine kar\u015f\u0131 koruyun.<\/p>","protected":false},"featured_media":15308,"template":"","meta":{"_et_pb_use_builder":"","_et_pb_old_content":"","_et_gb_content_width":""},"product_brand":[],"product_cat":[130,132,143,156],"product_tag":[],"class_list":{"0":"post-28825","1":"product","2":"type-product","3":"status-publish","4":"has-post-thumbnail","6":"product_cat-electrical","7":"product_cat-equipment","8":"product_cat-health-and-safety","9":"product_cat-occupational-health-and-safety","11":"first","12":"instock","13":"virtual","14":"sold-individually","15":"purchasable","16":"product-type-simple"},"yoast_head":"<!-- This site is optimized with the Yoast SEO plugin v27.4 - https:\/\/yoast.com\/product\/yoast-seo-wordpress\/ -->\n<title>NFPA 70e Electrical Safety - Global Safety &amp; Environmental<\/title>\n<meta name=\"description\" content=\"Enhance workplace safety with NFPA 70e Electrical Safety online training. Get certified and protect against electrical hazards.\" \/>\n<meta name=\"robots\" content=\"index, follow, max-snippet:-1, max-image-preview:large, max-video-preview:-1\" \/>\n<link rel=\"canonical\" href=\"https:\/\/globaltraining.com\/tr\/urun\/nfpa-70e-elektrik-guvenligi\/\" \/>\n<meta property=\"og:locale\" content=\"tr_TR\" \/>\n<meta property=\"og:type\" content=\"article\" \/>\n<meta property=\"og:title\" content=\"NFPA 70e Electrical Safety - Global Safety &amp; Environmental\" \/>\n<meta property=\"og:description\" content=\"Enhance workplace safety with NFPA 70e Electrical Safety online training. Get certified and protect against electrical hazards.\" \/>\n<meta property=\"og:url\" content=\"https:\/\/globaltraining.com\/tr\/urun\/nfpa-70e-elektrik-guvenligi\/\" \/>\n<meta property=\"og:site_name\" content=\"Global Safety &amp; Environmental\" \/>\n<meta property=\"article:modified_time\" content=\"2024-11-27T22:37:22+00:00\" \/>\n<meta property=\"og:image\" content=\"https:\/\/globaltraining.com\/wp-content\/uploads\/2023\/06\/Electrical-Safety.png\" \/>\n\t<meta property=\"og:image:width\" content=\"1200\" \/>\n\t<meta property=\"og:image:height\" content=\"800\" \/>\n\t<meta property=\"og:image:type\" content=\"image\/png\" \/>\n<meta name=\"twitter:card\" content=\"summary_large_image\" \/>\n<meta name=\"twitter:label1\" content=\"Est. reading time\" \/>\n\t<meta name=\"twitter:data1\" content=\"2 minutes\" \/>\n<script type=\"application\/ld+json\" class=\"yoast-schema-graph\">{\"@context\":\"https:\\\/\\\/schema.org\",\"@graph\":[{\"@type\":\"WebPage\",\"@id\":\"https:\\\/\\\/globaltraining.com\\\/product\\\/nfpa-70e-electrical-safety\\\/\",\"url\":\"https:\\\/\\\/globaltraining.com\\\/product\\\/nfpa-70e-electrical-safety\\\/\",\"name\":\"NFPA 70e Electrical Safety - Global Safety &amp; Environmental\",\"isPartOf\":{\"@id\":\"https:\\\/\\\/globaltraining.com\\\/#website\"},\"primaryImageOfPage\":{\"@id\":\"https:\\\/\\\/globaltraining.com\\\/product\\\/nfpa-70e-electrical-safety\\\/#primaryimage\"},\"image\":{\"@id\":\"https:\\\/\\\/globaltraining.com\\\/product\\\/nfpa-70e-electrical-safety\\\/#primaryimage\"},\"thumbnailUrl\":\"https:\\\/\\\/globaltraining.com\\\/wp-content\\\/uploads\\\/2023\\\/06\\\/Electrical-Safety.png\",\"datePublished\":\"2023-10-05T15:27:15+00:00\",\"dateModified\":\"2024-11-27T22:37:22+00:00\",\"description\":\"Enhance workplace safety with NFPA 70e Electrical Safety online training. Get certified and protect against electrical hazards.\",\"breadcrumb\":{\"@id\":\"https:\\\/\\\/globaltraining.com\\\/product\\\/nfpa-70e-electrical-safety\\\/#breadcrumb\"},\"inLanguage\":\"tr-TR\",\"potentialAction\":[{\"@type\":\"ReadAction\",\"target\":[\"https:\\\/\\\/globaltraining.com\\\/product\\\/nfpa-70e-electrical-safety\\\/\"]}]},{\"@type\":\"ImageObject\",\"inLanguage\":\"tr-TR\",\"@id\":\"https:\\\/\\\/globaltraining.com\\\/product\\\/nfpa-70e-electrical-safety\\\/#primaryimage\",\"url\":\"https:\\\/\\\/globaltraining.com\\\/wp-content\\\/uploads\\\/2023\\\/06\\\/Electrical-Safety.png\",\"contentUrl\":\"https:\\\/\\\/globaltraining.com\\\/wp-content\\\/uploads\\\/2023\\\/06\\\/Electrical-Safety.png\",\"width\":1200,\"height\":800,\"caption\":\"NFPA 70e Electrical Safety\"},{\"@type\":\"BreadcrumbList\",\"@id\":\"https:\\\/\\\/globaltraining.com\\\/product\\\/nfpa-70e-electrical-safety\\\/#breadcrumb\",\"itemListElement\":[{\"@type\":\"ListItem\",\"position\":1,\"name\":\"Home\",\"item\":\"https:\\\/\\\/globaltraining.com\\\/\"},{\"@type\":\"ListItem\",\"position\":2,\"name\":\"Productos\",\"item\":\"https:\\\/\\\/globaltraining.com\\\/es\\\/shop\\\/\"},{\"@type\":\"ListItem\",\"position\":3,\"name\":\"NFPA 70e Electrical Safety\"}]},{\"@type\":\"WebSite\",\"@id\":\"https:\\\/\\\/globaltraining.com\\\/#website\",\"url\":\"https:\\\/\\\/globaltraining.com\\\/\",\"name\":\"Global Safety & Environmental\",\"description\":\"Full Service Health, Safety, and Environmental Courses\",\"publisher\":{\"@id\":\"https:\\\/\\\/globaltraining.com\\\/#organization\"},\"potentialAction\":[{\"@type\":\"SearchAction\",\"target\":{\"@type\":\"EntryPoint\",\"urlTemplate\":\"https:\\\/\\\/globaltraining.com\\\/?s={search_term_string}\"},\"query-input\":{\"@type\":\"PropertyValueSpecification\",\"valueRequired\":true,\"valueName\":\"search_term_string\"}}],\"inLanguage\":\"tr-TR\"},{\"@type\":\"Organization\",\"@id\":\"https:\\\/\\\/globaltraining.com\\\/#organization\",\"name\":\"Global Safety & Environmental\",\"url\":\"https:\\\/\\\/globaltraining.com\\\/\",\"logo\":{\"@type\":\"ImageObject\",\"inLanguage\":\"tr-TR\",\"@id\":\"https:\\\/\\\/globaltraining.com\\\/#\\\/schema\\\/logo\\\/image\\\/\",\"url\":\"https:\\\/\\\/globaltraining.com\\\/wp-content\\\/uploads\\\/2021\\\/01\\\/GSE-Logo-for-email.png\",\"contentUrl\":\"https:\\\/\\\/globaltraining.com\\\/wp-content\\\/uploads\\\/2021\\\/01\\\/GSE-Logo-for-email.png\",\"width\":400,\"height\":101,\"caption\":\"Global Safety & Environmental\"},\"image\":{\"@id\":\"https:\\\/\\\/globaltraining.com\\\/#\\\/schema\\\/logo\\\/image\\\/\"}}]}<\/script>\n<!-- \/ Yoast SEO plugin. -->","yoast_head_json":{"title":"NFPA 70e Elektrik G\u00fcvenli\u011fi - K\u00fcresel G\u00fcvenlik ve \u00c7evre","description":"NFPA 70e Elektrik G\u00fcvenli\u011fi \u00e7evrimi\u00e7i e\u011fitimiyle i\u015fyeri g\u00fcvenli\u011fini art\u0131r\u0131n. Sertifika al\u0131n ve elektrik tehlikelerine kar\u015f\u0131 korunun.","robots":{"index":"index","follow":"follow","max-snippet":"max-snippet:-1","max-image-preview":"max-image-preview:large","max-video-preview":"max-video-preview:-1"},"canonical":"https:\/\/globaltraining.com\/tr\/urun\/nfpa-70e-elektrik-guvenligi\/","og_locale":"tr_TR","og_type":"article","og_title":"NFPA 70e Electrical Safety - Global Safety &amp; Environmental","og_description":"Enhance workplace safety with NFPA 70e Electrical Safety online training. Get certified and protect against electrical hazards.","og_url":"https:\/\/globaltraining.com\/tr\/urun\/nfpa-70e-elektrik-guvenligi\/","og_site_name":"Global Safety &amp; Environmental","article_modified_time":"2024-11-27T22:37:22+00:00","og_image":[{"width":1200,"height":800,"url":"https:\/\/globaltraining.com\/wp-content\/uploads\/2023\/06\/Electrical-Safety.png","type":"image\/png"}],"twitter_card":"summary_large_image","twitter_misc":{"Est. reading time":"2 minutes"},"schema":{"@context":"https:\/\/schema.org","@graph":[{"@type":"WebPage","@id":"https:\/\/globaltraining.com\/product\/nfpa-70e-electrical-safety\/","url":"https:\/\/globaltraining.com\/product\/nfpa-70e-electrical-safety\/","name":"NFPA 70e Elektrik G\u00fcvenli\u011fi - K\u00fcresel G\u00fcvenlik ve \u00c7evre","isPartOf":{"@id":"https:\/\/globaltraining.com\/#website"},"primaryImageOfPage":{"@id":"https:\/\/globaltraining.com\/product\/nfpa-70e-electrical-safety\/#primaryimage"},"image":{"@id":"https:\/\/globaltraining.com\/product\/nfpa-70e-electrical-safety\/#primaryimage"},"thumbnailUrl":"https:\/\/globaltraining.com\/wp-content\/uploads\/2023\/06\/Electrical-Safety.png","datePublished":"2023-10-05T15:27:15+00:00","dateModified":"2024-11-27T22:37:22+00:00","description":"NFPA 70e Elektrik G\u00fcvenli\u011fi \u00e7evrimi\u00e7i e\u011fitimiyle i\u015fyeri g\u00fcvenli\u011fini art\u0131r\u0131n. Sertifika al\u0131n ve elektrik tehlikelerine kar\u015f\u0131 korunun.","breadcrumb":{"@id":"https:\/\/globaltraining.com\/product\/nfpa-70e-electrical-safety\/#breadcrumb"},"inLanguage":"tr-TR","potentialAction":[{"@type":"ReadAction","target":["https:\/\/globaltraining.com\/product\/nfpa-70e-electrical-safety\/"]}]},{"@type":"ImageObject","inLanguage":"tr-TR","@id":"https:\/\/globaltraining.com\/product\/nfpa-70e-electrical-safety\/#primaryimage","url":"https:\/\/globaltraining.com\/wp-content\/uploads\/2023\/06\/Electrical-Safety.png","contentUrl":"https:\/\/globaltraining.com\/wp-content\/uploads\/2023\/06\/Electrical-Safety.png","width":1200,"height":800,"caption":"NFPA 70e Electrical Safety"},{"@type":"BreadcrumbList","@id":"https:\/\/globaltraining.com\/product\/nfpa-70e-electrical-safety\/#breadcrumb","itemListElement":[{"@type":"ListItem","position":1,"name":"Home","item":"https:\/\/globaltraining.com\/"},{"@type":"ListItem","position":2,"name":"Productos","item":"https:\/\/globaltraining.com\/es\/shop\/"},{"@type":"ListItem","position":3,"name":"NFPA 70e Electrical Safety"}]},{"@type":"WebSite","@id":"https:\/\/globaltraining.com\/#website","url":"https:\/\/globaltraining.com\/","name":"K\u00fcresel G\u00fcvenlik ve \u00c7evre","description":"Tam Hizmet Sa\u011fl\u0131k, G\u00fcvenlik ve \u00c7evre Kurslar\u0131","publisher":{"@id":"https:\/\/globaltraining.com\/#organization"},"potentialAction":[{"@type":"SearchAction","target":{"@type":"EntryPoint","urlTemplate":"https:\/\/globaltraining.com\/?s={search_term_string}"},"query-input":{"@type":"PropertyValueSpecification","valueRequired":true,"valueName":"search_term_string"}}],"inLanguage":"tr-TR"},{"@type":"Organization","@id":"https:\/\/globaltraining.com\/#organization","name":"K\u00fcresel G\u00fcvenlik ve \u00c7evre","url":"https:\/\/globaltraining.com\/","logo":{"@type":"ImageObject","inLanguage":"tr-TR","@id":"https:\/\/globaltraining.com\/#\/schema\/logo\/image\/","url":"https:\/\/globaltraining.com\/wp-content\/uploads\/2021\/01\/GSE-Logo-for-email.png","contentUrl":"https:\/\/globaltraining.com\/wp-content\/uploads\/2021\/01\/GSE-Logo-for-email.png","width":400,"height":101,"caption":"Global Safety & Environmental"},"image":{"@id":"https:\/\/globaltraining.com\/#\/schema\/logo\/image\/"}}]}},"_links":{"self":[{"href":"https:\/\/globaltraining.com\/tr\/wp-json\/wp\/v2\/product\/28825","targetHints":{"allow":["GET"]}}],"collection":[{"href":"https:\/\/globaltraining.com\/tr\/wp-json\/wp\/v2\/product"}],"about":[{"href":"https:\/\/globaltraining.com\/tr\/wp-json\/wp\/v2\/types\/product"}],"wp:featuredmedia":[{"embeddable":true,"href":"https:\/\/globaltraining.com\/tr\/wp-json\/wp\/v2\/media\/15308"}],"wp:attachment":[{"href":"https:\/\/globaltraining.com\/tr\/wp-json\/wp\/v2\/media?parent=28825"}],"wp:term":[{"taxonomy":"product_brand","embeddable":true,"href":"https:\/\/globaltraining.com\/tr\/wp-json\/wp\/v2\/product_brand?post=28825"},{"taxonomy":"product_cat","embeddable":true,"href":"https:\/\/globaltraining.com\/tr\/wp-json\/wp\/v2\/product_cat?post=28825"},{"taxonomy":"product_tag","embeddable":true,"href":"https:\/\/globaltraining.com\/tr\/wp-json\/wp\/v2\/product_tag?post=28825"}],"curies":[{"name":"wp","href":"https:\/\/api.w.org\/{rel}","templated":true}]}}