{"id":28587,"date":"2023-09-12T11:17:50","date_gmt":"2023-09-12T16:17:50","guid":{"rendered":"https:\/\/globaltraining.com\/?post_type=product&#038;p=28587"},"modified":"2024-11-27T16:23:04","modified_gmt":"2024-11-27T22:23:04","slug":"evden-etkili-bir-sekilde-calisma","status":"publish","type":"product","link":"https:\/\/globaltraining.com\/tr\/product\/working-effectively-from-home\/","title":{"rendered":"Evden Etkili Bir \u015eekilde \u00c7al\u0131\u015fmak"},"content":{"rendered":"<h2>Evden Etkili \u00c7al\u0131\u015fmay\u0131 \u00d6\u011frenmek<\/h2>\n<p>Kapsaml\u0131 program\u0131m\u0131za ho\u015f geldiniz <strong>cevrimici egitim<\/strong> program a\u00e7\u0131k <strong>Evden Etkili Bir \u015eekilde \u00c7al\u0131\u015fmak<\/strong>. G\u00fcn\u00fcm\u00fcz\u00fcn geli\u015fen \u00e7al\u0131\u015fma ortam\u0131nda uzaktan \u00e7al\u0131\u015fma norm haline geldi. Bu ortamda ba\u015far\u0131l\u0131 olmak i\u00e7in evden \u00e7al\u0131\u015f\u0131rken nas\u0131l \u00fcretken olunaca\u011f\u0131n\u0131 ve i\u015f-ya\u015fam dengesini nas\u0131l koruyaca\u011f\u0131n\u0131z\u0131 \u00f6\u011frenmek \u00e7ok \u00f6nemlidir.<\/p>\n<p><strong>Evden etkili bir \u015fekilde \u00e7al\u0131\u015fmak<\/strong> benzersiz bir dizi beceri ve strateji gerektirir. \u0130ster uzaktan \u00e7al\u0131\u015fma konusunda yeni olun ister uzaktan \u00e7al\u0131\u015fma becerilerinizi geli\u015ftirmek istiyor olun, kursumuz size ba\u015far\u0131l\u0131 olman\u0131z i\u00e7in gereken bilgi ve ara\u00e7lar\u0131 sa\u011flamak \u00fczere tasarlanm\u0131\u015ft\u0131r.<\/p>\n<h2>Evden Etkili \u00c7al\u0131\u015fman\u0131n \u0130pu\u00e7lar\u0131<\/h2>\n<p><strong>Evden etkili bir \u015fekilde \u00e7al\u0131\u015fmak i\u00e7in ipu\u00e7lar\u0131<\/strong> ba\u015far\u0131 i\u00e7in gereklidir. Bu b\u00f6l\u00fcmde a\u015fa\u011f\u0131daki gibi temel stratejileri ele alaca\u011f\u0131z:<\/p>\n<ul>\n<li>\u00d6zel bir \u00e7al\u0131\u015fma alan\u0131 olu\u015fturma<\/li>\n<li>Zaman\u0131 y\u00f6netmek ve s\u0131n\u0131rlar\u0131 belirlemek<\/li>\n<li>D\u00fczenli kalmak ve g\u00f6revleri \u00f6nceliklendirmek<\/li>\n<li>Yayg\u0131n uzaktan \u00e7al\u0131\u015fma zorluklar\u0131n\u0131n \u00fcstesinden gelmek<\/li>\n<\/ul>\n<p>Kursumuz, bu ipu\u00e7lar\u0131n\u0131 uygulaman\u0131za ve uzaktan \u00e7al\u0131\u015fma deneyiminizi optimize etmenize yard\u0131mc\u0131 olacak pratik \u00f6neriler ve ger\u00e7ek d\u00fcnyadan \u00f6rnekler sunar.<\/p>\n<h2>Uzaktan Ba\u015far\u0131 i\u00e7in \u00c7evrimi\u00e7i E\u011fitim<\/h2>\n<p>Bizim <strong>cevrimici egitim<\/strong> Program esnek olacak \u015fekilde tasarlanm\u0131\u015ft\u0131r ve kendi h\u0131z\u0131n\u0131zda \u00f6\u011frenmenize olanak tan\u0131r. \u0130ster uzaktan \u00e7al\u0131\u015fma becerilerinizi geli\u015ftirmek isteyen bir ki\u015fi, ister uzaktan i\u015f g\u00fcc\u00fcn\u00fcz\u00fc e\u011fitmek isteyen bir kurulu\u015f olun, program\u0131m\u0131z ihtiya\u00e7lar\u0131n\u0131za g\u00f6re \u00f6zelle\u015ftirilebilir.<\/p>\n<p>Bu kurstan edinilen bilgilerle a\u015fa\u011f\u0131dakileri yapacak donan\u0131ma sahip olacaks\u0131n\u0131z:<\/p>\n<ul>\n<li>\u00dcretkenli\u011fi ve verimlili\u011fi en \u00fcst d\u00fczeye \u00e7\u0131kar\u0131n<\/li>\n<li>Uzaktan etkili bir \u015fekilde ileti\u015fim kurun ve i\u015fbirli\u011fi yap\u0131n<\/li>\n<li>\u0130\u015f-ya\u015fam dengesini ve refah\u0131n\u0131 koruyun<\/li>\n<li>Uzaktan \u00e7al\u0131\u015fman\u0131n de\u011fi\u015fen dinamiklerine uyum sa\u011flay\u0131n<\/li>\n<\/ul>\n<h2>Uzaktan \u00c7al\u0131\u015fmada Ba\u015far\u0131 Yolculu\u011funuza Ba\u015flay\u0131n<\/h2>\n<p>Evden \u00e7al\u0131\u015fmak, do\u011fru yap\u0131ld\u0131\u011f\u0131nda \u00f6d\u00fcllendirici bir deneyim olabilir. Uzaktan \u00e7al\u0131\u015fma becerilerinizi geli\u015ftirmek ve daha iyi bir i\u015f-hayat dengesi elde etmek i\u00e7in bu f\u0131rsat\u0131 ka\u00e7\u0131rmay\u0131n. Kursumuza bug\u00fcn kaydolun ve uzaktan \u00e7al\u0131\u015fma ba\u015far\u0131s\u0131 yolculu\u011funuza ba\u015flay\u0131n.<\/p>\n<h2>Bug\u00fcn Kaydolun<\/h2>\n<p>Uzaktan \u00e7al\u0131\u015fman\u0131n hem \u00fcretken hem de tatmin edici oldu\u011fu bir gelecek in\u015fa etmek i\u00e7in bize kat\u0131l\u0131n. Kapsaml\u0131 kursumuza hemen kaydolun ve uzaktan \u00e7al\u0131\u015fma d\u00fcnyas\u0131nda ba\u015far\u0131l\u0131 olmak i\u00e7in gereken bilgi ve becerileri kazan\u0131n.<\/p>","protected":false},"excerpt":{"rendered":"<p>\u00c7evrimi\u00e7i kursumuzla uzaktan \u00e7al\u0131\u015fma oyununuzu geli\u015ftirin. Evden etkili bir \u015fekilde \u00e7al\u0131\u015fmaya ve i\u015f-hayat dengesini sa\u011flamaya y\u00f6nelik ipu\u00e7lar\u0131n\u0131 ke\u015ffedin. Bug\u00fcn kaydolun!<\/p>","protected":false},"featured_media":27119,"template":"","meta":{"_et_pb_use_builder":"","_et_pb_old_content":"","_et_gb_content_width":""},"product_brand":[],"product_cat":[148,172],"product_tag":[],"class_list":{"0":"post-28587","1":"product","2":"type-product","3":"status-publish","4":"has-post-thumbnail","6":"product_cat-hr","7":"product_cat-workplace-policies-and-procedures","9":"first","10":"instock","11":"virtual","12":"sold-individually","13":"purchasable","14":"product-type-simple"},"yoast_head":"<!-- This site is optimized with the Yoast SEO plugin v27.4 - https:\/\/yoast.com\/product\/yoast-seo-wordpress\/ -->\n<title>Working Effectively From Home - Global Safety &amp; Environmental<\/title>\n<meta name=\"description\" content=\"Master the art of working effectively from home with our online training. Learn essential tips for remote success. Enroll now.\" \/>\n<meta name=\"robots\" content=\"index, follow, max-snippet:-1, max-image-preview:large, max-video-preview:-1\" \/>\n<link rel=\"canonical\" href=\"https:\/\/globaltraining.com\/tr\/urun\/evden-etkili-bir-sekilde-calisma\/\" \/>\n<meta property=\"og:locale\" content=\"tr_TR\" \/>\n<meta property=\"og:type\" content=\"article\" \/>\n<meta property=\"og:title\" content=\"Working Effectively From Home - Global Safety &amp; Environmental\" \/>\n<meta property=\"og:description\" content=\"Master the art of working effectively from home with our online training. Learn essential tips for remote success. Enroll now.\" \/>\n<meta property=\"og:url\" content=\"https:\/\/globaltraining.com\/tr\/urun\/evden-etkili-bir-sekilde-calisma\/\" \/>\n<meta property=\"og:site_name\" content=\"Global Safety &amp; Environmental\" \/>\n<meta property=\"article:modified_time\" content=\"2024-11-27T22:23:04+00:00\" \/>\n<meta property=\"og:image\" content=\"https:\/\/globaltraining.com\/wp-content\/uploads\/2021\/10\/Working-Effectively-From-Home.jpg\" \/>\n\t<meta property=\"og:image:width\" content=\"1200\" \/>\n\t<meta property=\"og:image:height\" content=\"800\" \/>\n\t<meta property=\"og:image:type\" content=\"image\/jpeg\" \/>\n<meta name=\"twitter:card\" content=\"summary_large_image\" \/>\n<meta name=\"twitter:label1\" content=\"Est. reading time\" \/>\n\t<meta name=\"twitter:data1\" content=\"2 minutes\" \/>\n<script type=\"application\/ld+json\" class=\"yoast-schema-graph\">{\"@context\":\"https:\\\/\\\/schema.org\",\"@graph\":[{\"@type\":\"WebPage\",\"@id\":\"https:\\\/\\\/globaltraining.com\\\/product\\\/working-effectively-from-home\\\/\",\"url\":\"https:\\\/\\\/globaltraining.com\\\/product\\\/working-effectively-from-home\\\/\",\"name\":\"Working Effectively From Home - Global Safety &amp; Environmental\",\"isPartOf\":{\"@id\":\"https:\\\/\\\/globaltraining.com\\\/#website\"},\"primaryImageOfPage\":{\"@id\":\"https:\\\/\\\/globaltraining.com\\\/product\\\/working-effectively-from-home\\\/#primaryimage\"},\"image\":{\"@id\":\"https:\\\/\\\/globaltraining.com\\\/product\\\/working-effectively-from-home\\\/#primaryimage\"},\"thumbnailUrl\":\"https:\\\/\\\/globaltraining.com\\\/wp-content\\\/uploads\\\/2021\\\/10\\\/Working-Effectively-From-Home.jpg\",\"datePublished\":\"2023-09-12T16:17:50+00:00\",\"dateModified\":\"2024-11-27T22:23:04+00:00\",\"description\":\"Master the art of working effectively from home with our online training. Learn essential tips for remote success. Enroll now.\",\"breadcrumb\":{\"@id\":\"https:\\\/\\\/globaltraining.com\\\/product\\\/working-effectively-from-home\\\/#breadcrumb\"},\"inLanguage\":\"tr-TR\",\"potentialAction\":[{\"@type\":\"ReadAction\",\"target\":[\"https:\\\/\\\/globaltraining.com\\\/product\\\/working-effectively-from-home\\\/\"]}]},{\"@type\":\"ImageObject\",\"inLanguage\":\"tr-TR\",\"@id\":\"https:\\\/\\\/globaltraining.com\\\/product\\\/working-effectively-from-home\\\/#primaryimage\",\"url\":\"https:\\\/\\\/globaltraining.com\\\/wp-content\\\/uploads\\\/2021\\\/10\\\/Working-Effectively-From-Home.jpg\",\"contentUrl\":\"https:\\\/\\\/globaltraining.com\\\/wp-content\\\/uploads\\\/2021\\\/10\\\/Working-Effectively-From-Home.jpg\",\"width\":1200,\"height\":800,\"caption\":\"Working Effectively From Home\"},{\"@type\":\"BreadcrumbList\",\"@id\":\"https:\\\/\\\/globaltraining.com\\\/product\\\/working-effectively-from-home\\\/#breadcrumb\",\"itemListElement\":[{\"@type\":\"ListItem\",\"position\":1,\"name\":\"Home\",\"item\":\"https:\\\/\\\/globaltraining.com\\\/\"},{\"@type\":\"ListItem\",\"position\":2,\"name\":\"Productos\",\"item\":\"https:\\\/\\\/globaltraining.com\\\/es\\\/shop\\\/\"},{\"@type\":\"ListItem\",\"position\":3,\"name\":\"Working Effectively From Home\"}]},{\"@type\":\"WebSite\",\"@id\":\"https:\\\/\\\/globaltraining.com\\\/#website\",\"url\":\"https:\\\/\\\/globaltraining.com\\\/\",\"name\":\"Global Safety & Environmental\",\"description\":\"Full Service Health, Safety, and Environmental Courses\",\"publisher\":{\"@id\":\"https:\\\/\\\/globaltraining.com\\\/#organization\"},\"potentialAction\":[{\"@type\":\"SearchAction\",\"target\":{\"@type\":\"EntryPoint\",\"urlTemplate\":\"https:\\\/\\\/globaltraining.com\\\/?s={search_term_string}\"},\"query-input\":{\"@type\":\"PropertyValueSpecification\",\"valueRequired\":true,\"valueName\":\"search_term_string\"}}],\"inLanguage\":\"tr-TR\"},{\"@type\":\"Organization\",\"@id\":\"https:\\\/\\\/globaltraining.com\\\/#organization\",\"name\":\"Global Safety & Environmental\",\"url\":\"https:\\\/\\\/globaltraining.com\\\/\",\"logo\":{\"@type\":\"ImageObject\",\"inLanguage\":\"tr-TR\",\"@id\":\"https:\\\/\\\/globaltraining.com\\\/#\\\/schema\\\/logo\\\/image\\\/\",\"url\":\"https:\\\/\\\/globaltraining.com\\\/wp-content\\\/uploads\\\/2021\\\/01\\\/GSE-Logo-for-email.png\",\"contentUrl\":\"https:\\\/\\\/globaltraining.com\\\/wp-content\\\/uploads\\\/2021\\\/01\\\/GSE-Logo-for-email.png\",\"width\":400,\"height\":101,\"caption\":\"Global Safety & Environmental\"},\"image\":{\"@id\":\"https:\\\/\\\/globaltraining.com\\\/#\\\/schema\\\/logo\\\/image\\\/\"}}]}<\/script>\n<!-- \/ Yoast SEO plugin. -->","yoast_head_json":{"title":"Evden Etkili \u00c7al\u0131\u015fma - K\u00fcresel G\u00fcvenlik ve \u00c7evre","description":"\u00c7evrimi\u00e7i e\u011fitimimizle evden etkili bir \u015fekilde \u00e7al\u0131\u015fma sanat\u0131nda ustala\u015f\u0131n. Uzaktan ba\u015far\u0131 i\u00e7in temel ipu\u00e7lar\u0131n\u0131 \u00f6\u011frenin. Hemen kaydolun.","robots":{"index":"index","follow":"follow","max-snippet":"max-snippet:-1","max-image-preview":"max-image-preview:large","max-video-preview":"max-video-preview:-1"},"canonical":"https:\/\/globaltraining.com\/tr\/urun\/evden-etkili-bir-sekilde-calisma\/","og_locale":"tr_TR","og_type":"article","og_title":"Working Effectively From Home - Global Safety &amp; Environmental","og_description":"Master the art of working effectively from home with our online training. Learn essential tips for remote success. Enroll now.","og_url":"https:\/\/globaltraining.com\/tr\/urun\/evden-etkili-bir-sekilde-calisma\/","og_site_name":"Global Safety &amp; Environmental","article_modified_time":"2024-11-27T22:23:04+00:00","og_image":[{"width":1200,"height":800,"url":"https:\/\/globaltraining.com\/wp-content\/uploads\/2021\/10\/Working-Effectively-From-Home.jpg","type":"image\/jpeg"}],"twitter_card":"summary_large_image","twitter_misc":{"Est. reading time":"2 minutes"},"schema":{"@context":"https:\/\/schema.org","@graph":[{"@type":"WebPage","@id":"https:\/\/globaltraining.com\/product\/working-effectively-from-home\/","url":"https:\/\/globaltraining.com\/product\/working-effectively-from-home\/","name":"Evden Etkili \u00c7al\u0131\u015fma - K\u00fcresel G\u00fcvenlik ve \u00c7evre","isPartOf":{"@id":"https:\/\/globaltraining.com\/#website"},"primaryImageOfPage":{"@id":"https:\/\/globaltraining.com\/product\/working-effectively-from-home\/#primaryimage"},"image":{"@id":"https:\/\/globaltraining.com\/product\/working-effectively-from-home\/#primaryimage"},"thumbnailUrl":"https:\/\/globaltraining.com\/wp-content\/uploads\/2021\/10\/Working-Effectively-From-Home.jpg","datePublished":"2023-09-12T16:17:50+00:00","dateModified":"2024-11-27T22:23:04+00:00","description":"\u00c7evrimi\u00e7i e\u011fitimimizle evden etkili bir \u015fekilde \u00e7al\u0131\u015fma sanat\u0131nda ustala\u015f\u0131n. Uzaktan ba\u015far\u0131 i\u00e7in temel ipu\u00e7lar\u0131n\u0131 \u00f6\u011frenin. Hemen kaydolun.","breadcrumb":{"@id":"https:\/\/globaltraining.com\/product\/working-effectively-from-home\/#breadcrumb"},"inLanguage":"tr-TR","potentialAction":[{"@type":"ReadAction","target":["https:\/\/globaltraining.com\/product\/working-effectively-from-home\/"]}]},{"@type":"ImageObject","inLanguage":"tr-TR","@id":"https:\/\/globaltraining.com\/product\/working-effectively-from-home\/#primaryimage","url":"https:\/\/globaltraining.com\/wp-content\/uploads\/2021\/10\/Working-Effectively-From-Home.jpg","contentUrl":"https:\/\/globaltraining.com\/wp-content\/uploads\/2021\/10\/Working-Effectively-From-Home.jpg","width":1200,"height":800,"caption":"Working Effectively From Home"},{"@type":"BreadcrumbList","@id":"https:\/\/globaltraining.com\/product\/working-effectively-from-home\/#breadcrumb","itemListElement":[{"@type":"ListItem","position":1,"name":"Home","item":"https:\/\/globaltraining.com\/"},{"@type":"ListItem","position":2,"name":"Productos","item":"https:\/\/globaltraining.com\/es\/shop\/"},{"@type":"ListItem","position":3,"name":"Working Effectively From Home"}]},{"@type":"WebSite","@id":"https:\/\/globaltraining.com\/#website","url":"https:\/\/globaltraining.com\/","name":"K\u00fcresel G\u00fcvenlik ve \u00c7evre","description":"Tam Hizmet Sa\u011fl\u0131k, G\u00fcvenlik ve \u00c7evre Kurslar\u0131","publisher":{"@id":"https:\/\/globaltraining.com\/#organization"},"potentialAction":[{"@type":"SearchAction","target":{"@type":"EntryPoint","urlTemplate":"https:\/\/globaltraining.com\/?s={search_term_string}"},"query-input":{"@type":"PropertyValueSpecification","valueRequired":true,"valueName":"search_term_string"}}],"inLanguage":"tr-TR"},{"@type":"Organization","@id":"https:\/\/globaltraining.com\/#organization","name":"K\u00fcresel G\u00fcvenlik ve \u00c7evre","url":"https:\/\/globaltraining.com\/","logo":{"@type":"ImageObject","inLanguage":"tr-TR","@id":"https:\/\/globaltraining.com\/#\/schema\/logo\/image\/","url":"https:\/\/globaltraining.com\/wp-content\/uploads\/2021\/01\/GSE-Logo-for-email.png","contentUrl":"https:\/\/globaltraining.com\/wp-content\/uploads\/2021\/01\/GSE-Logo-for-email.png","width":400,"height":101,"caption":"Global Safety & Environmental"},"image":{"@id":"https:\/\/globaltraining.com\/#\/schema\/logo\/image\/"}}]}},"_links":{"self":[{"href":"https:\/\/globaltraining.com\/tr\/wp-json\/wp\/v2\/product\/28587","targetHints":{"allow":["GET"]}}],"collection":[{"href":"https:\/\/globaltraining.com\/tr\/wp-json\/wp\/v2\/product"}],"about":[{"href":"https:\/\/globaltraining.com\/tr\/wp-json\/wp\/v2\/types\/product"}],"wp:featuredmedia":[{"embeddable":true,"href":"https:\/\/globaltraining.com\/tr\/wp-json\/wp\/v2\/media\/27119"}],"wp:attachment":[{"href":"https:\/\/globaltraining.com\/tr\/wp-json\/wp\/v2\/media?parent=28587"}],"wp:term":[{"taxonomy":"product_brand","embeddable":true,"href":"https:\/\/globaltraining.com\/tr\/wp-json\/wp\/v2\/product_brand?post=28587"},{"taxonomy":"product_cat","embeddable":true,"href":"https:\/\/globaltraining.com\/tr\/wp-json\/wp\/v2\/product_cat?post=28587"},{"taxonomy":"product_tag","embeddable":true,"href":"https:\/\/globaltraining.com\/tr\/wp-json\/wp\/v2\/product_tag?post=28587"}],"curies":[{"name":"wp","href":"https:\/\/api.w.org\/{rel}","templated":true}]}}