{"id":28585,"date":"2023-09-12T10:14:50","date_gmt":"2023-09-12T15:14:50","guid":{"rendered":"https:\/\/globaltraining.com\/?post_type=product&#038;p=28585"},"modified":"2024-11-27T16:40:08","modified_gmt":"2024-11-27T22:40:08","slug":"calisan-yurume-yuzeyleri","status":"publish","type":"product","link":"https:\/\/globaltraining.com\/tr\/product\/working-walking-surfaces\/","title":{"rendered":"\u00c7al\u0131\u015fma ve Y\u00fcr\u00fcy\u00fc\u015f Y\u00fczeyleri"},"content":{"rendered":"<h2>\u00c7al\u0131\u015fma ve Y\u00fcr\u00fcme Y\u00fczeyleri: \u0130\u015fyerinde G\u00fcvenli\u011fin Sa\u011flanmas\u0131<\/h2>\n<p>\u0130\u015fyeri g\u00fcvenli\u011fi s\u00f6z konusu oldu\u011funda, uygun \u00f6nlemlerin anla\u015f\u0131lmas\u0131 ve uygulanmas\u0131 <strong>\u00c7al\u0131\u015fma ve Y\u00fcr\u00fcy\u00fc\u015f Y\u00fczeyleri<\/strong> her \u015feyden \u00f6nemlidir. \u0130ster \u00e7al\u0131\u015fan ister i\u015fveren olun, bu g\u00fcvenlik protokolleri konusunda bilgili olmak kazalar\u0131n ve yaralanmalar\u0131n \u00f6nlenmesinde \u00f6nemli bir fark yaratabilir.<\/p>\n<p>Bizim <strong>cevrimici egitim<\/strong> Kurs, sizi g\u00fcvenli ve emniyetli bir \u00e7al\u0131\u015fma ortam\u0131 yaratmak i\u00e7in gerekli bilgi ve becerilerle donatmak \u00fczere tasarlanm\u0131\u015ft\u0131r. Bu kapsaml\u0131 programda, her \u015feyi ele alaca\u011f\u0131z. <strong>OSHA Y\u00fcr\u00fcyen \u00c7al\u0131\u015fma Y\u00fczeyleri<\/strong> Tehlikeleri en aza indirmek i\u00e7in pratik stratejilere y\u00f6nelik d\u00fczenlemeler.<\/p>\n<h2>OSHA Y\u00fcr\u00fcy\u00fc\u015f \u00c7al\u0131\u015fma Y\u00fczeylerini Ke\u015ffetmek<\/h2>\n<p>The <strong>OSHA Y\u00fcr\u00fcyen \u00c7al\u0131\u015fma Y\u00fczeyleri<\/strong> Standart, i\u015fyeri g\u00fcvenli\u011finin \u00e7ok \u00f6nemli bir y\u00f6n\u00fcd\u00fcr. Zeminler, merdivenler ve platformlar da dahil olmak \u00fczere gereksinimlerin ana hatlar\u0131n\u0131 \u00e7izer. Bu d\u00fczenlemeleri anlamak ve bunlara uymak, hem i\u015fverenler hem de \u00e7al\u0131\u015fanlar i\u00e7in g\u00fcvenli bir i\u015fyeri sa\u011flamak a\u00e7\u0131s\u0131ndan \u00e7ok \u00f6nemlidir.<\/p>\n<p>Kursumuz derinlemesine inceliyor <strong>OSHA Y\u00fcr\u00fcyen \u00c7al\u0131\u015fma Y\u00fczeyleri<\/strong> standartlar. Y\u00fczey ko\u015fullar\u0131, korkuluklar ve d\u00fc\u015fmeye kar\u015f\u0131 koruma sistemleri dahil olmak \u00fczere temel bile\u015fenleri ayr\u0131nt\u0131lar\u0131yla inceleyece\u011fiz. Bu d\u00fczenlemeleri ve bunlar\u0131n etkili bir \u015fekilde nas\u0131l uygulanaca\u011f\u0131n\u0131 kapsaml\u0131 bir \u015fekilde anlayacaks\u0131n\u0131z.<\/p>\n<h2>\u00c7evrimi\u00e7i E\u011fitimin Faydalar\u0131<\/h2>\n<p>\u00c7evrimi\u00e7i e\u011fitim, kursumuzu \u00f6\u011frenme konusunda \u00e7e\u015fitli avantajlar sunar. Kendi h\u0131z\u0131n\u0131zda ve kendi program\u0131n\u0131za g\u00f6re \u00f6\u011frenmenize olanak tan\u0131yarak esneklik sa\u011flar. Ayr\u0131ca, fiziksel s\u0131n\u0131flara ve materyallere ihtiya\u00e7 duymadan i\u015f g\u00fcc\u00fcn\u00fcz\u00fc e\u011fitmenin uygun maliyetli bir yoludur.<\/p>\n<p>\u00c7evrimi\u00e7i kursumuz ilgi \u00e7ekici ve bilgilendirici olacak \u015fekilde tasarlanm\u0131\u015ft\u0131r. Konuya ili\u015fkin anlay\u0131\u015f\u0131n\u0131z\u0131 g\u00fc\u00e7lendirecek etkile\u015fimli mod\u00fcllere ve s\u0131navlara eri\u015febileceksiniz. Online e\u011fitimin rahatl\u0131\u011f\u0131, e\u011fitim kalitesinden \u00f6d\u00fcn vermeden yo\u011fun program\u0131n\u0131za s\u0131\u011fd\u0131rabilmenizi sa\u011flar.<\/p>\n<h2>\u0130\u015fyeri G\u00fcvenli\u011fini Sa\u011flamak \u0130\u00e7in Bize Kat\u0131l\u0131n<\/h2>\n<p>Her ba\u015far\u0131l\u0131 organizasyonun kalbinde g\u00fcvenlik taahh\u00fcd\u00fc vard\u0131r. E\u011fitim kursumuz bu taahh\u00fcd\u00fc ger\u00e7ekle\u015ftirmeye a\u00e7\u0131lan kap\u0131n\u0131zd\u0131r. Kendinizi ve ekibinizi g\u00fcvenli bir \u00e7al\u0131\u015fma ortam\u0131 yaratmak i\u00e7in gerekli bilgi ve becerilerle donat\u0131n.<\/p>\n<p>Bir kaza olana kadar beklemeyin. \u015eimdi harekete ge\u00e7in ve i\u015f yeri g\u00fcvenli\u011fine proaktif bir yat\u0131r\u0131m yap\u0131n. Kursumuza bug\u00fcn kaydolun ve hep birlikte herkes i\u00e7in daha emniyetli ve emniyetli bir i\u015f yeri sa\u011flayabiliriz.<\/p>","protected":false},"excerpt":{"rendered":"<p>\u00c7al\u0131\u015fma ve Y\u00fcr\u00fcme Y\u00fczeyleri hakk\u0131ndaki \u00e7evrimi\u00e7i e\u011fitim kursumuzla i\u015fyeri g\u00fcvenli\u011fine \u00f6ncelik verin. Daha g\u00fcvenli bir i\u015f yeri i\u00e7in OSHA Y\u00fcr\u00fcyen \u00c7al\u0131\u015fma Y\u00fczeyleri d\u00fczenlemelerinde uzmanla\u015f\u0131n.<\/p>","protected":false},"featured_media":15342,"template":"","meta":{"_et_pb_use_builder":"","_et_pb_old_content":"","_et_gb_content_width":""},"product_brand":[],"product_cat":[174,134,138,163,164,171],"product_tag":[],"class_list":{"0":"post-28585","1":"product","2":"type-product","3":"status-publish","4":"has-post-thumbnail","6":"product_cat-environmental","7":"product_cat-fall-protection","8":"product_cat-general-industry","9":"product_cat-safety-admin","10":"product_cat-scaffolds","11":"product_cat-working-at-heights","13":"first","14":"instock","15":"virtual","16":"sold-individually","17":"purchasable","18":"product-type-simple"},"yoast_head":"<!-- This site is optimized with the Yoast SEO plugin v27.3 - https:\/\/yoast.com\/product\/yoast-seo-wordpress\/ -->\n<title>Working &amp; Walking Surfaces - Global Safety &amp; Environmental<\/title>\n<meta name=\"description\" content=\"Enhance workplace safety with our online training course on Working &amp; Walking Surfaces. Learn OSHA and create a secure environment.\" \/>\n<meta name=\"robots\" content=\"index, follow, max-snippet:-1, max-image-preview:large, max-video-preview:-1\" \/>\n<link rel=\"canonical\" href=\"https:\/\/globaltraining.com\/tr\/urun\/calisan-yurume-yuzeyleri\/\" \/>\n<meta property=\"og:locale\" content=\"tr_TR\" \/>\n<meta property=\"og:type\" content=\"article\" \/>\n<meta property=\"og:title\" content=\"Working &amp; Walking Surfaces - Global Safety &amp; Environmental\" \/>\n<meta property=\"og:description\" content=\"Enhance workplace safety with our online training course on Working &amp; Walking Surfaces. Learn OSHA and create a secure environment.\" \/>\n<meta property=\"og:url\" content=\"https:\/\/globaltraining.com\/tr\/urun\/calisan-yurume-yuzeyleri\/\" \/>\n<meta property=\"og:site_name\" content=\"Global Safety &amp; Environmental\" \/>\n<meta property=\"article:modified_time\" content=\"2024-11-27T22:40:08+00:00\" \/>\n<meta property=\"og:image\" content=\"https:\/\/globaltraining.com\/wp-content\/uploads\/2023\/06\/Working-Walking-Surfaces-1.jpg\" \/>\n\t<meta property=\"og:image:width\" content=\"1200\" \/>\n\t<meta property=\"og:image:height\" content=\"800\" \/>\n\t<meta property=\"og:image:type\" content=\"image\/jpeg\" \/>\n<meta name=\"twitter:card\" content=\"summary_large_image\" \/>\n<meta name=\"twitter:label1\" content=\"Est. reading time\" \/>\n\t<meta name=\"twitter:data1\" content=\"2 minutes\" \/>\n<script type=\"application\/ld+json\" class=\"yoast-schema-graph\">{\"@context\":\"https:\\\/\\\/schema.org\",\"@graph\":[{\"@type\":\"WebPage\",\"@id\":\"https:\\\/\\\/globaltraining.com\\\/product\\\/working-walking-surfaces\\\/\",\"url\":\"https:\\\/\\\/globaltraining.com\\\/product\\\/working-walking-surfaces\\\/\",\"name\":\"Working & Walking Surfaces - Global Safety &amp; Environmental\",\"isPartOf\":{\"@id\":\"https:\\\/\\\/globaltraining.com\\\/#website\"},\"primaryImageOfPage\":{\"@id\":\"https:\\\/\\\/globaltraining.com\\\/product\\\/working-walking-surfaces\\\/#primaryimage\"},\"image\":{\"@id\":\"https:\\\/\\\/globaltraining.com\\\/product\\\/working-walking-surfaces\\\/#primaryimage\"},\"thumbnailUrl\":\"https:\\\/\\\/globaltraining.com\\\/wp-content\\\/uploads\\\/2023\\\/06\\\/Working-Walking-Surfaces-1.jpg\",\"datePublished\":\"2023-09-12T15:14:50+00:00\",\"dateModified\":\"2024-11-27T22:40:08+00:00\",\"description\":\"Enhance workplace safety with our online training course on Working & Walking Surfaces. Learn OSHA and create a secure environment.\",\"breadcrumb\":{\"@id\":\"https:\\\/\\\/globaltraining.com\\\/product\\\/working-walking-surfaces\\\/#breadcrumb\"},\"inLanguage\":\"tr-TR\",\"potentialAction\":[{\"@type\":\"ReadAction\",\"target\":[\"https:\\\/\\\/globaltraining.com\\\/product\\\/working-walking-surfaces\\\/\"]}]},{\"@type\":\"ImageObject\",\"inLanguage\":\"tr-TR\",\"@id\":\"https:\\\/\\\/globaltraining.com\\\/product\\\/working-walking-surfaces\\\/#primaryimage\",\"url\":\"https:\\\/\\\/globaltraining.com\\\/wp-content\\\/uploads\\\/2023\\\/06\\\/Working-Walking-Surfaces-1.jpg\",\"contentUrl\":\"https:\\\/\\\/globaltraining.com\\\/wp-content\\\/uploads\\\/2023\\\/06\\\/Working-Walking-Surfaces-1.jpg\",\"width\":1200,\"height\":800,\"caption\":\"Working & Walking Surfaces\"},{\"@type\":\"BreadcrumbList\",\"@id\":\"https:\\\/\\\/globaltraining.com\\\/product\\\/working-walking-surfaces\\\/#breadcrumb\",\"itemListElement\":[{\"@type\":\"ListItem\",\"position\":1,\"name\":\"Home\",\"item\":\"https:\\\/\\\/globaltraining.com\\\/\"},{\"@type\":\"ListItem\",\"position\":2,\"name\":\"Productos\",\"item\":\"https:\\\/\\\/globaltraining.com\\\/es\\\/shop\\\/\"},{\"@type\":\"ListItem\",\"position\":3,\"name\":\"Working &#038; Walking Surfaces\"}]},{\"@type\":\"WebSite\",\"@id\":\"https:\\\/\\\/globaltraining.com\\\/#website\",\"url\":\"https:\\\/\\\/globaltraining.com\\\/\",\"name\":\"Global Safety & Environmental\",\"description\":\"Full Service Health, Safety, and Environmental Courses\",\"publisher\":{\"@id\":\"https:\\\/\\\/globaltraining.com\\\/#organization\"},\"potentialAction\":[{\"@type\":\"SearchAction\",\"target\":{\"@type\":\"EntryPoint\",\"urlTemplate\":\"https:\\\/\\\/globaltraining.com\\\/?s={search_term_string}\"},\"query-input\":{\"@type\":\"PropertyValueSpecification\",\"valueRequired\":true,\"valueName\":\"search_term_string\"}}],\"inLanguage\":\"tr-TR\"},{\"@type\":\"Organization\",\"@id\":\"https:\\\/\\\/globaltraining.com\\\/#organization\",\"name\":\"Global Safety & Environmental\",\"url\":\"https:\\\/\\\/globaltraining.com\\\/\",\"logo\":{\"@type\":\"ImageObject\",\"inLanguage\":\"tr-TR\",\"@id\":\"https:\\\/\\\/globaltraining.com\\\/#\\\/schema\\\/logo\\\/image\\\/\",\"url\":\"https:\\\/\\\/globaltraining.com\\\/wp-content\\\/uploads\\\/2021\\\/01\\\/GSE-Logo-for-email.png\",\"contentUrl\":\"https:\\\/\\\/globaltraining.com\\\/wp-content\\\/uploads\\\/2021\\\/01\\\/GSE-Logo-for-email.png\",\"width\":400,\"height\":101,\"caption\":\"Global Safety & Environmental\"},\"image\":{\"@id\":\"https:\\\/\\\/globaltraining.com\\\/#\\\/schema\\\/logo\\\/image\\\/\"}}]}<\/script>\n<!-- \/ Yoast SEO plugin. -->","yoast_head_json":{"title":"\u00c7al\u0131\u015fma ve Y\u00fcr\u00fcy\u00fc\u015f Y\u00fczeyleri - K\u00fcresel G\u00fcvenlik ve \u00c7evre","description":"\u00c7al\u0131\u015fma ve Y\u00fcr\u00fcme Y\u00fczeyleri hakk\u0131ndaki \u00e7evrimi\u00e7i e\u011fitim kursumuzla i\u015fyeri g\u00fcvenli\u011fini art\u0131r\u0131n. OSHA&#039;y\u0131 \u00f6\u011frenin ve g\u00fcvenli bir ortam yarat\u0131n.","robots":{"index":"index","follow":"follow","max-snippet":"max-snippet:-1","max-image-preview":"max-image-preview:large","max-video-preview":"max-video-preview:-1"},"canonical":"https:\/\/globaltraining.com\/tr\/urun\/calisan-yurume-yuzeyleri\/","og_locale":"tr_TR","og_type":"article","og_title":"Working & Walking Surfaces - Global Safety &amp; Environmental","og_description":"Enhance workplace safety with our online training course on Working & Walking Surfaces. Learn OSHA and create a secure environment.","og_url":"https:\/\/globaltraining.com\/tr\/urun\/calisan-yurume-yuzeyleri\/","og_site_name":"Global Safety &amp; Environmental","article_modified_time":"2024-11-27T22:40:08+00:00","og_image":[{"width":1200,"height":800,"url":"https:\/\/globaltraining.com\/wp-content\/uploads\/2023\/06\/Working-Walking-Surfaces-1.jpg","type":"image\/jpeg"}],"twitter_card":"summary_large_image","twitter_misc":{"Est. reading time":"2 minutes"},"schema":{"@context":"https:\/\/schema.org","@graph":[{"@type":"WebPage","@id":"https:\/\/globaltraining.com\/product\/working-walking-surfaces\/","url":"https:\/\/globaltraining.com\/product\/working-walking-surfaces\/","name":"\u00c7al\u0131\u015fma ve Y\u00fcr\u00fcy\u00fc\u015f Y\u00fczeyleri - K\u00fcresel G\u00fcvenlik ve \u00c7evre","isPartOf":{"@id":"https:\/\/globaltraining.com\/#website"},"primaryImageOfPage":{"@id":"https:\/\/globaltraining.com\/product\/working-walking-surfaces\/#primaryimage"},"image":{"@id":"https:\/\/globaltraining.com\/product\/working-walking-surfaces\/#primaryimage"},"thumbnailUrl":"https:\/\/globaltraining.com\/wp-content\/uploads\/2023\/06\/Working-Walking-Surfaces-1.jpg","datePublished":"2023-09-12T15:14:50+00:00","dateModified":"2024-11-27T22:40:08+00:00","description":"\u00c7al\u0131\u015fma ve Y\u00fcr\u00fcme Y\u00fczeyleri hakk\u0131ndaki \u00e7evrimi\u00e7i e\u011fitim kursumuzla i\u015fyeri g\u00fcvenli\u011fini art\u0131r\u0131n. OSHA&#039;y\u0131 \u00f6\u011frenin ve g\u00fcvenli bir ortam yarat\u0131n.","breadcrumb":{"@id":"https:\/\/globaltraining.com\/product\/working-walking-surfaces\/#breadcrumb"},"inLanguage":"tr-TR","potentialAction":[{"@type":"ReadAction","target":["https:\/\/globaltraining.com\/product\/working-walking-surfaces\/"]}]},{"@type":"ImageObject","inLanguage":"tr-TR","@id":"https:\/\/globaltraining.com\/product\/working-walking-surfaces\/#primaryimage","url":"https:\/\/globaltraining.com\/wp-content\/uploads\/2023\/06\/Working-Walking-Surfaces-1.jpg","contentUrl":"https:\/\/globaltraining.com\/wp-content\/uploads\/2023\/06\/Working-Walking-Surfaces-1.jpg","width":1200,"height":800,"caption":"Working & Walking Surfaces"},{"@type":"BreadcrumbList","@id":"https:\/\/globaltraining.com\/product\/working-walking-surfaces\/#breadcrumb","itemListElement":[{"@type":"ListItem","position":1,"name":"Home","item":"https:\/\/globaltraining.com\/"},{"@type":"ListItem","position":2,"name":"Productos","item":"https:\/\/globaltraining.com\/es\/shop\/"},{"@type":"ListItem","position":3,"name":"Working &#038; Walking Surfaces"}]},{"@type":"WebSite","@id":"https:\/\/globaltraining.com\/#website","url":"https:\/\/globaltraining.com\/","name":"K\u00fcresel G\u00fcvenlik ve \u00c7evre","description":"Tam Hizmet Sa\u011fl\u0131k, G\u00fcvenlik ve \u00c7evre Kurslar\u0131","publisher":{"@id":"https:\/\/globaltraining.com\/#organization"},"potentialAction":[{"@type":"SearchAction","target":{"@type":"EntryPoint","urlTemplate":"https:\/\/globaltraining.com\/?s={search_term_string}"},"query-input":{"@type":"PropertyValueSpecification","valueRequired":true,"valueName":"search_term_string"}}],"inLanguage":"tr-TR"},{"@type":"Organization","@id":"https:\/\/globaltraining.com\/#organization","name":"K\u00fcresel G\u00fcvenlik ve \u00c7evre","url":"https:\/\/globaltraining.com\/","logo":{"@type":"ImageObject","inLanguage":"tr-TR","@id":"https:\/\/globaltraining.com\/#\/schema\/logo\/image\/","url":"https:\/\/globaltraining.com\/wp-content\/uploads\/2021\/01\/GSE-Logo-for-email.png","contentUrl":"https:\/\/globaltraining.com\/wp-content\/uploads\/2021\/01\/GSE-Logo-for-email.png","width":400,"height":101,"caption":"Global Safety & Environmental"},"image":{"@id":"https:\/\/globaltraining.com\/#\/schema\/logo\/image\/"}}]}},"_links":{"self":[{"href":"https:\/\/globaltraining.com\/tr\/wp-json\/wp\/v2\/product\/28585","targetHints":{"allow":["GET"]}}],"collection":[{"href":"https:\/\/globaltraining.com\/tr\/wp-json\/wp\/v2\/product"}],"about":[{"href":"https:\/\/globaltraining.com\/tr\/wp-json\/wp\/v2\/types\/product"}],"wp:featuredmedia":[{"embeddable":true,"href":"https:\/\/globaltraining.com\/tr\/wp-json\/wp\/v2\/media\/15342"}],"wp:attachment":[{"href":"https:\/\/globaltraining.com\/tr\/wp-json\/wp\/v2\/media?parent=28585"}],"wp:term":[{"taxonomy":"product_brand","embeddable":true,"href":"https:\/\/globaltraining.com\/tr\/wp-json\/wp\/v2\/product_brand?post=28585"},{"taxonomy":"product_cat","embeddable":true,"href":"https:\/\/globaltraining.com\/tr\/wp-json\/wp\/v2\/product_cat?post=28585"},{"taxonomy":"product_tag","embeddable":true,"href":"https:\/\/globaltraining.com\/tr\/wp-json\/wp\/v2\/product_tag?post=28585"}],"curies":[{"name":"wp","href":"https:\/\/api.w.org\/{rel}","templated":true}]}}