{"id":28584,"date":"2023-09-12T09:57:00","date_gmt":"2023-09-12T14:57:00","guid":{"rendered":"https:\/\/globaltraining.com\/?post_type=product&#038;p=28584"},"modified":"2024-11-27T16:40:41","modified_gmt":"2024-11-27T22:40:41","slug":"ihbarci-egitimi","status":"publish","type":"product","link":"https:\/\/globaltraining.com\/tr\/product\/whistleblower-training\/","title":{"rendered":"\u0130hbarc\u0131 E\u011fitimi"},"content":{"rendered":"<h2>\u0130hbarc\u0131 E\u011fitimi: Etik Cesareti G\u00fc\u00e7lendirmek<\/h2>\n<p>\u0130hbarc\u0131 E\u011fitimi, kurulu\u015flar i\u00e7erisinde etik ve hesap verebilirlik k\u00fclt\u00fcr\u00fcn\u00fc geli\u015ftirmenin temel ta\u015f\u0131d\u0131r. \u015eeffafl\u0131\u011f\u0131n ve d\u00fcr\u00fcstl\u00fc\u011f\u00fcn \u00e7ok \u00f6nemli oldu\u011fu bir \u00e7a\u011fda, \u0130hbar Yasas\u0131&#039;n\u0131n inceliklerini anlamak hem \u00e7al\u0131\u015fanlar hem de i\u015fverenler i\u00e7in hayati \u00f6nem ta\u015f\u0131yor.<\/p>\n<p>\u0130hbarc\u0131lar, suiistimallerin, yolsuzlu\u011fun ve etik olmayan davran\u0131\u015flar\u0131n ortaya \u00e7\u0131kar\u0131lmas\u0131nda \u00f6nemli bir rol oynamaktad\u0131r. Adaletin koruyucular\u0131 olarak hareket ederler ve \u00e7o\u011fu zaman b\u00fcy\u00fck ki\u015fisel risklere girerler. Bu kapsaml\u0131 \u0130hbarc\u0131 E\u011fitimi kursunda, ihbarc\u0131y\u0131 koruma ve g\u00fc\u00e7lendirmenin inceliklerini derinlemesine inceliyoruz.<\/p>\n<h2>\u0130hbarc\u0131n\u0131n Rol\u00fc<\/h2>\n<p>\u0130hbarc\u0131 e\u011fitiminin ayr\u0131nt\u0131lar\u0131na girmeden \u00f6nce ihbarc\u0131n\u0131n rol\u00fcn\u00fc anlayal\u0131m. \u0130hbarc\u0131, bir kurulu\u015f i\u00e7indeki yasa d\u0131\u015f\u0131 veya etik olmayan faaliyetleri g\u00fcn \u0131\u015f\u0131\u011f\u0131na \u00e7\u0131karan ki\u015fidir. Onlar, ger\u00e7e\u011fin hakim olmas\u0131n\u0131 ve yanl\u0131\u015flar\u0131n a\u00e7\u0131\u011fa \u00e7\u0131kmas\u0131n\u0131 sa\u011flamak i\u00e7in \u00e7al\u0131\u015fan, olumlu de\u011fi\u015fimin kataliz\u00f6rleridir.<\/p>\n<p>\u0130hbarc\u0131lar, misillemeye kar\u015f\u0131 yasal koruma sa\u011flayan \u0130hbar Yasas\u0131 taraf\u0131ndan korunmaktad\u0131r. Bu eylem, bireylere, eylemlerinin olumsuz sonu\u00e7lar\u0131ndan korkmadan ileri ad\u0131m atma yetkisi verir.<\/p>\n<h2>\u0130hbar Yasas\u0131n\u0131 Anlamak<\/h2>\n<p>\u0130hbar Yasas\u0131, ihbarc\u0131 korumas\u0131n\u0131n temelidir. Suiistimallerin bildirilmesi, anonimli\u011fin sa\u011flanmas\u0131 ve ihbarc\u0131lar\u0131n misillemelerden korunmas\u0131na ili\u015fkin yasal \u00e7er\u00e7eveyi belirler. E\u011fitim kursumuz \u0130hbar Yasas\u0131&#039;n\u0131n derinlemesine bir analizini sunacak ve sizi bu yasan\u0131n karma\u015f\u0131kl\u0131klar\u0131n\u0131 \u00e7\u00f6zmek i\u00e7in gereken bilgilerle donatacakt\u0131r.<\/p>\n<p>Bu yasa kapsam\u0131nda temel h\u00fck\u00fcmleri, raporlama mekanizmalar\u0131n\u0131 ve ihbarc\u0131lara tan\u0131nan yasal haklar\u0131 ele alaca\u011f\u0131z. Bu bilgiyle, i\u015fyerinde etik ikilemlerle kar\u015f\u0131la\u015ft\u0131\u011f\u0131n\u0131zda bilin\u00e7li kararlar verme yetkisine sahip olacaks\u0131n\u0131z.<\/p>\n<h2>\u0130hbarc\u0131 Olmak: E\u011fitim ve Sertifikasyon<\/h2>\n<p>\u0130hbar E\u011fitimi program\u0131m\u0131z, bireyleri etkili ihbarc\u0131lar olmaya haz\u0131rlamak i\u00e7in tasarlanm\u0131\u015ft\u0131r. A\u015fa\u011f\u0131dakileri kapsayan kapsaml\u0131 mod\u00fcller sunuyoruz:<\/p>\n<ul>\n<li>Etik olmayan davran\u0131\u015flar\u0131n belirlenmesi<\/li>\n<li>Yasal korumalar\u0131 anlama<\/li>\n<li>Raporlama prosed\u00fcrleri<\/li>\n<li>Anonimli\u011fin korunmas\u0131<\/li>\n<li>Misillemeyle ba\u015fa \u00e7\u0131kmak<\/li>\n<\/ul>\n<p>Kursu ba\u015far\u0131yla tamamlad\u0131\u011f\u0131n\u0131zda, yaln\u0131zca bilginizi do\u011frulamakla kalmay\u0131p ayn\u0131 zamanda etik ve hesap verebilirli\u011fe olan ba\u011fl\u0131l\u0131\u011f\u0131n\u0131z\u0131n bir kan\u0131t\u0131 olarak hizmet veren bir sertifika alacaks\u0131n\u0131z.<\/p>\n<h2>Etik Liderli\u011fe Do\u011fru \u0130lk Ad\u0131m\u0131 At\u0131n<\/h2>\n<p>\u0130hbarc\u0131 E\u011fitimi kursumuza bug\u00fcn kat\u0131l\u0131n ve kurulu\u015funuz i\u00e7inde bir d\u00fcr\u00fcstl\u00fck \u0131\u015f\u0131\u011f\u0131 olun. Yanl\u0131\u015flara kar\u015f\u0131 duracak bilgi ve g\u00fcvenle kendinizi g\u00fc\u00e7lendirin, kanunun sizin taraf\u0131n\u0131zda oldu\u011fu bilgisinden emin olun.<\/p>\n<p>Etik olmayan davran\u0131\u015flar\u0131n kontrols\u00fcz kalmas\u0131na izin vermeyin. \u0130\u015f yerinizin ihtiya\u00e7 duydu\u011fu de\u011fi\u015fim yarat\u0131c\u0131s\u0131 olun. \u015eimdi kaydolun ve fark yarat\u0131n!<\/p>","protected":false},"excerpt":{"rendered":"<p>Kendinizi \u0130hbar E\u011fitimi ile donat\u0131n ve etik de\u011fi\u015fim i\u00e7in bir g\u00fc\u00e7 olun. \u0130hbar Yasas\u0131n\u0131 \u00f6\u011frenin, haklar\u0131n\u0131z\u0131 koruyun ve sertifika kazan\u0131n.<\/p>","protected":false},"featured_media":27133,"template":"","meta":{"_et_pb_use_builder":"","_et_pb_old_content":"","_et_gb_content_width":""},"product_brand":[],"product_cat":[148,152,156],"product_tag":[],"class_list":{"0":"post-28584","1":"product","2":"type-product","3":"status-publish","4":"has-post-thumbnail","6":"product_cat-hr","7":"product_cat-management-training","8":"product_cat-occupational-health-and-safety","10":"first","11":"instock","12":"virtual","13":"sold-individually","14":"purchasable","15":"product-type-simple"},"yoast_head":"<!-- This site is optimized with the Yoast SEO plugin v27.4 - https:\/\/yoast.com\/product\/yoast-seo-wordpress\/ -->\n<title>Whistleblower Training - Global Safety &amp; Environmental<\/title>\n<meta name=\"description\" content=\"Empower yourself with Whistleblower Training to protect ethics and integrity. Learn about the Whistleblower Act, your rights, and reporting procedures. Get certified today!\" \/>\n<meta name=\"robots\" content=\"index, follow, max-snippet:-1, max-image-preview:large, max-video-preview:-1\" \/>\n<link rel=\"canonical\" href=\"https:\/\/globaltraining.com\/tr\/urun\/ihbarci-egitimi\/\" \/>\n<meta property=\"og:locale\" content=\"tr_TR\" \/>\n<meta property=\"og:type\" content=\"article\" \/>\n<meta property=\"og:title\" content=\"Whistleblower Training - Global Safety &amp; Environmental\" \/>\n<meta property=\"og:description\" content=\"Empower yourself with Whistleblower Training to protect ethics and integrity. Learn about the Whistleblower Act, your rights, and reporting procedures. Get certified today!\" \/>\n<meta property=\"og:url\" content=\"https:\/\/globaltraining.com\/tr\/urun\/ihbarci-egitimi\/\" \/>\n<meta property=\"og:site_name\" content=\"Global Safety &amp; Environmental\" \/>\n<meta property=\"article:modified_time\" content=\"2024-11-27T22:40:41+00:00\" \/>\n<meta property=\"og:image\" content=\"https:\/\/globaltraining.com\/wp-content\/uploads\/2021\/09\/iStock-1200044546.jpg\" \/>\n\t<meta property=\"og:image:width\" content=\"1200\" \/>\n\t<meta property=\"og:image:height\" content=\"797\" \/>\n\t<meta property=\"og:image:type\" content=\"image\/jpeg\" \/>\n<meta name=\"twitter:card\" content=\"summary_large_image\" \/>\n<meta name=\"twitter:label1\" content=\"Est. reading time\" \/>\n\t<meta name=\"twitter:data1\" content=\"2 minutes\" \/>\n<script type=\"application\/ld+json\" class=\"yoast-schema-graph\">{\"@context\":\"https:\\\/\\\/schema.org\",\"@graph\":[{\"@type\":\"WebPage\",\"@id\":\"https:\\\/\\\/globaltraining.com\\\/product\\\/whistleblower-training\\\/\",\"url\":\"https:\\\/\\\/globaltraining.com\\\/product\\\/whistleblower-training\\\/\",\"name\":\"Whistleblower Training - Global Safety &amp; Environmental\",\"isPartOf\":{\"@id\":\"https:\\\/\\\/globaltraining.com\\\/#website\"},\"primaryImageOfPage\":{\"@id\":\"https:\\\/\\\/globaltraining.com\\\/product\\\/whistleblower-training\\\/#primaryimage\"},\"image\":{\"@id\":\"https:\\\/\\\/globaltraining.com\\\/product\\\/whistleblower-training\\\/#primaryimage\"},\"thumbnailUrl\":\"https:\\\/\\\/globaltraining.com\\\/wp-content\\\/uploads\\\/2021\\\/09\\\/iStock-1200044546.jpg\",\"datePublished\":\"2023-09-12T14:57:00+00:00\",\"dateModified\":\"2024-11-27T22:40:41+00:00\",\"description\":\"Empower yourself with Whistleblower Training to protect ethics and integrity. Learn about the Whistleblower Act, your rights, and reporting procedures. Get certified today!\",\"breadcrumb\":{\"@id\":\"https:\\\/\\\/globaltraining.com\\\/product\\\/whistleblower-training\\\/#breadcrumb\"},\"inLanguage\":\"tr-TR\",\"potentialAction\":[{\"@type\":\"ReadAction\",\"target\":[\"https:\\\/\\\/globaltraining.com\\\/product\\\/whistleblower-training\\\/\"]}]},{\"@type\":\"ImageObject\",\"inLanguage\":\"tr-TR\",\"@id\":\"https:\\\/\\\/globaltraining.com\\\/product\\\/whistleblower-training\\\/#primaryimage\",\"url\":\"https:\\\/\\\/globaltraining.com\\\/wp-content\\\/uploads\\\/2021\\\/09\\\/iStock-1200044546.jpg\",\"contentUrl\":\"https:\\\/\\\/globaltraining.com\\\/wp-content\\\/uploads\\\/2021\\\/09\\\/iStock-1200044546.jpg\",\"width\":1200,\"height\":797,\"caption\":\"Whistleblower Training\"},{\"@type\":\"BreadcrumbList\",\"@id\":\"https:\\\/\\\/globaltraining.com\\\/product\\\/whistleblower-training\\\/#breadcrumb\",\"itemListElement\":[{\"@type\":\"ListItem\",\"position\":1,\"name\":\"Home\",\"item\":\"https:\\\/\\\/globaltraining.com\\\/\"},{\"@type\":\"ListItem\",\"position\":2,\"name\":\"Productos\",\"item\":\"https:\\\/\\\/globaltraining.com\\\/es\\\/shop\\\/\"},{\"@type\":\"ListItem\",\"position\":3,\"name\":\"Whistleblower Training\"}]},{\"@type\":\"WebSite\",\"@id\":\"https:\\\/\\\/globaltraining.com\\\/#website\",\"url\":\"https:\\\/\\\/globaltraining.com\\\/\",\"name\":\"Global Safety & Environmental\",\"description\":\"Full Service Health, Safety, and Environmental Courses\",\"publisher\":{\"@id\":\"https:\\\/\\\/globaltraining.com\\\/#organization\"},\"potentialAction\":[{\"@type\":\"SearchAction\",\"target\":{\"@type\":\"EntryPoint\",\"urlTemplate\":\"https:\\\/\\\/globaltraining.com\\\/?s={search_term_string}\"},\"query-input\":{\"@type\":\"PropertyValueSpecification\",\"valueRequired\":true,\"valueName\":\"search_term_string\"}}],\"inLanguage\":\"tr-TR\"},{\"@type\":\"Organization\",\"@id\":\"https:\\\/\\\/globaltraining.com\\\/#organization\",\"name\":\"Global Safety & Environmental\",\"url\":\"https:\\\/\\\/globaltraining.com\\\/\",\"logo\":{\"@type\":\"ImageObject\",\"inLanguage\":\"tr-TR\",\"@id\":\"https:\\\/\\\/globaltraining.com\\\/#\\\/schema\\\/logo\\\/image\\\/\",\"url\":\"https:\\\/\\\/globaltraining.com\\\/wp-content\\\/uploads\\\/2021\\\/01\\\/GSE-Logo-for-email.png\",\"contentUrl\":\"https:\\\/\\\/globaltraining.com\\\/wp-content\\\/uploads\\\/2021\\\/01\\\/GSE-Logo-for-email.png\",\"width\":400,\"height\":101,\"caption\":\"Global Safety & Environmental\"},\"image\":{\"@id\":\"https:\\\/\\\/globaltraining.com\\\/#\\\/schema\\\/logo\\\/image\\\/\"}}]}<\/script>\n<!-- \/ Yoast SEO plugin. -->","yoast_head_json":{"title":"Muhalif E\u011fitim - K\u00fcresel G\u00fcvenlik ve \u00c7evre","description":"Etik ve d\u00fcr\u00fcstl\u00fc\u011f\u00fc korumak i\u00e7in Whistleblower E\u011fitimi ile kendinizi g\u00fc\u00e7lendirin. Whistleblower Yasas\u0131, haklar\u0131n\u0131z ve raporlama prosed\u00fcrleri hakk\u0131nda bilgi edinin. Bug\u00fcn sertifika al\u0131n!","robots":{"index":"index","follow":"follow","max-snippet":"max-snippet:-1","max-image-preview":"max-image-preview:large","max-video-preview":"max-video-preview:-1"},"canonical":"https:\/\/globaltraining.com\/tr\/urun\/ihbarci-egitimi\/","og_locale":"tr_TR","og_type":"article","og_title":"Whistleblower Training - Global Safety &amp; Environmental","og_description":"Empower yourself with Whistleblower Training to protect ethics and integrity. Learn about the Whistleblower Act, your rights, and reporting procedures. Get certified today!","og_url":"https:\/\/globaltraining.com\/tr\/urun\/ihbarci-egitimi\/","og_site_name":"Global Safety &amp; Environmental","article_modified_time":"2024-11-27T22:40:41+00:00","og_image":[{"width":1200,"height":797,"url":"https:\/\/globaltraining.com\/wp-content\/uploads\/2021\/09\/iStock-1200044546.jpg","type":"image\/jpeg"}],"twitter_card":"summary_large_image","twitter_misc":{"Est. reading time":"2 minutes"},"schema":{"@context":"https:\/\/schema.org","@graph":[{"@type":"WebPage","@id":"https:\/\/globaltraining.com\/product\/whistleblower-training\/","url":"https:\/\/globaltraining.com\/product\/whistleblower-training\/","name":"Muhalif E\u011fitim - K\u00fcresel G\u00fcvenlik ve \u00c7evre","isPartOf":{"@id":"https:\/\/globaltraining.com\/#website"},"primaryImageOfPage":{"@id":"https:\/\/globaltraining.com\/product\/whistleblower-training\/#primaryimage"},"image":{"@id":"https:\/\/globaltraining.com\/product\/whistleblower-training\/#primaryimage"},"thumbnailUrl":"https:\/\/globaltraining.com\/wp-content\/uploads\/2021\/09\/iStock-1200044546.jpg","datePublished":"2023-09-12T14:57:00+00:00","dateModified":"2024-11-27T22:40:41+00:00","description":"Etik ve d\u00fcr\u00fcstl\u00fc\u011f\u00fc korumak i\u00e7in Whistleblower E\u011fitimi ile kendinizi g\u00fc\u00e7lendirin. Whistleblower Yasas\u0131, haklar\u0131n\u0131z ve raporlama prosed\u00fcrleri hakk\u0131nda bilgi edinin. Bug\u00fcn sertifika al\u0131n!","breadcrumb":{"@id":"https:\/\/globaltraining.com\/product\/whistleblower-training\/#breadcrumb"},"inLanguage":"tr-TR","potentialAction":[{"@type":"ReadAction","target":["https:\/\/globaltraining.com\/product\/whistleblower-training\/"]}]},{"@type":"ImageObject","inLanguage":"tr-TR","@id":"https:\/\/globaltraining.com\/product\/whistleblower-training\/#primaryimage","url":"https:\/\/globaltraining.com\/wp-content\/uploads\/2021\/09\/iStock-1200044546.jpg","contentUrl":"https:\/\/globaltraining.com\/wp-content\/uploads\/2021\/09\/iStock-1200044546.jpg","width":1200,"height":797,"caption":"Whistleblower Training"},{"@type":"BreadcrumbList","@id":"https:\/\/globaltraining.com\/product\/whistleblower-training\/#breadcrumb","itemListElement":[{"@type":"ListItem","position":1,"name":"Home","item":"https:\/\/globaltraining.com\/"},{"@type":"ListItem","position":2,"name":"Productos","item":"https:\/\/globaltraining.com\/es\/shop\/"},{"@type":"ListItem","position":3,"name":"Whistleblower Training"}]},{"@type":"WebSite","@id":"https:\/\/globaltraining.com\/#website","url":"https:\/\/globaltraining.com\/","name":"K\u00fcresel G\u00fcvenlik ve \u00c7evre","description":"Tam Hizmet Sa\u011fl\u0131k, G\u00fcvenlik ve \u00c7evre Kurslar\u0131","publisher":{"@id":"https:\/\/globaltraining.com\/#organization"},"potentialAction":[{"@type":"SearchAction","target":{"@type":"EntryPoint","urlTemplate":"https:\/\/globaltraining.com\/?s={search_term_string}"},"query-input":{"@type":"PropertyValueSpecification","valueRequired":true,"valueName":"search_term_string"}}],"inLanguage":"tr-TR"},{"@type":"Organization","@id":"https:\/\/globaltraining.com\/#organization","name":"K\u00fcresel G\u00fcvenlik ve \u00c7evre","url":"https:\/\/globaltraining.com\/","logo":{"@type":"ImageObject","inLanguage":"tr-TR","@id":"https:\/\/globaltraining.com\/#\/schema\/logo\/image\/","url":"https:\/\/globaltraining.com\/wp-content\/uploads\/2021\/01\/GSE-Logo-for-email.png","contentUrl":"https:\/\/globaltraining.com\/wp-content\/uploads\/2021\/01\/GSE-Logo-for-email.png","width":400,"height":101,"caption":"Global Safety & Environmental"},"image":{"@id":"https:\/\/globaltraining.com\/#\/schema\/logo\/image\/"}}]}},"_links":{"self":[{"href":"https:\/\/globaltraining.com\/tr\/wp-json\/wp\/v2\/product\/28584","targetHints":{"allow":["GET"]}}],"collection":[{"href":"https:\/\/globaltraining.com\/tr\/wp-json\/wp\/v2\/product"}],"about":[{"href":"https:\/\/globaltraining.com\/tr\/wp-json\/wp\/v2\/types\/product"}],"wp:featuredmedia":[{"embeddable":true,"href":"https:\/\/globaltraining.com\/tr\/wp-json\/wp\/v2\/media\/27133"}],"wp:attachment":[{"href":"https:\/\/globaltraining.com\/tr\/wp-json\/wp\/v2\/media?parent=28584"}],"wp:term":[{"taxonomy":"product_brand","embeddable":true,"href":"https:\/\/globaltraining.com\/tr\/wp-json\/wp\/v2\/product_brand?post=28584"},{"taxonomy":"product_cat","embeddable":true,"href":"https:\/\/globaltraining.com\/tr\/wp-json\/wp\/v2\/product_cat?post=28584"},{"taxonomy":"product_tag","embeddable":true,"href":"https:\/\/globaltraining.com\/tr\/wp-json\/wp\/v2\/product_tag?post=28584"}],"curies":[{"name":"wp","href":"https:\/\/api.w.org\/{rel}","templated":true}]}}