{"id":28583,"date":"2023-09-12T09:53:41","date_gmt":"2023-09-12T14:53:41","guid":{"rendered":"https:\/\/globaltraining.com\/?post_type=product&#038;p=28583"},"modified":"2024-11-27T16:29:59","modified_gmt":"2024-11-27T22:29:59","slug":"guvenli-bir-sekilde-kaynak-ve-kesme","status":"publish","type":"product","link":"https:\/\/globaltraining.com\/tr\/product\/welding-and-cutting-safely\/","title":{"rendered":"G\u00fcvenli Kaynak ve Kesim"},"content":{"rendered":"<h2>G\u00fcvenli Kaynak ve Kesim: \u0130\u015fyeri G\u00fcvenli\u011fine Giden Yol<\/h2>\n<p>G\u00fcvenli Kaynak ve Kesme, herhangi bir end\u00fcstriyel ortam\u0131n kritik bir y\u00f6n\u00fcd\u00fcr. \u0130\u015f g\u00fcc\u00fcn\u00fcz\u00fcn g\u00fcvenli\u011fini sa\u011flamak \u00e7ok \u00f6nemlidir ve her \u015fey uygun e\u011fitimle ba\u015flar. Bu kapsaml\u0131 \u00e7evrimi\u00e7i e\u011fitim kursunda sizi kaynak ve kesme i\u015flemlerini g\u00fcvenli ve etkili bir \u015fekilde ger\u00e7ekle\u015ftirebilmeniz i\u00e7in gerekli bilgi ve becerilerle donat\u0131yoruz.<\/p>\n<h2>Kaynak ve Kesim Tekniklerine hakim olmak<\/h2>\n<p>Kaynak ve kesme, in\u015faattan imalata kadar \u00e7e\u015fitli end\u00fcstrilerde vazge\u00e7ilmez tekniklerdir. Ancak bu s\u00fcre\u00e7ler, dikkatli bir \u015fekilde ele al\u0131nmas\u0131n\u0131 gerektiren do\u011fal riskleri de beraberinde getirir. Kursumuz kaynak ve kesmenin inceliklerini derinlemesine inceleyerek size riskleri azaltma, kazalar\u0131 \u00f6nleme ve g\u00fcvenlik d\u00fczenlemelerine uyma konusunda uzman rehberlik sa\u011flar.<\/p>\n<h2>\u00c7evrimi\u00e7i E\u011fitim: Beceri Geli\u015fiminin Gelece\u011fi<\/h2>\n<p>Geleneksel s\u0131n\u0131f e\u011fitimi zaman al\u0131c\u0131 ve pahal\u0131 olabilir. \u0130\u015fte tam bu noktada \u00e7evrimi\u00e7i e\u011fitimimiz devreye giriyor. Evinizin veya i\u015f yerinizin rahatl\u0131\u011f\u0131nda, kendi h\u0131z\u0131n\u0131zda \u00f6\u011frenin.<\/p>\n<h2>Kursun \u00d6nemli Noktalar\u0131<\/h2>\n<p>G\u00fcvenli Kaynak ve Kesim kursumuz a\u015fa\u011f\u0131dakiler de dahil olmak \u00fczere \u00e7ok \u00e7e\u015fitli temel konular\u0131 kapsar:<\/p>\n<ul>\n<li>Kaynak ve kesme ekipmanlar\u0131n\u0131 anlamak<\/li>\n<li>Potansiyel tehlikelerin belirlenmesi<\/li>\n<li>G\u00fcvenli i\u015f pratikleri<\/li>\n<li>Ki\u015fisel Koruyucu Donan\u0131m (PPE)<\/li>\n<li>Acil m\u00fcdahale prosed\u00fcrleri<\/li>\n<\/ul>\n<h2>Neden Kursumuzu Se\u00e7melisiniz?<\/h2>\n<p>G\u00fcvenli bir \u015fekilde kaynaklama ve kesme s\u00f6z konusu oldu\u011funda uzmanlara g\u00fcvenin. E\u011fitmenlerimiz uzun y\u0131llara dayanan uygulamal\u0131 deneyime sahip deneyimli profesyonellerdir. \u00d6\u011frenmeyi mevcut taahh\u00fctlerinizle dengelemenize olanak tan\u0131yan esnek bir e\u011fitim program\u0131 sunuyoruz.<\/p>\n<p>Kursu ba\u015far\u0131yla tamamlad\u0131\u011f\u0131n\u0131zda kaynak ve kesme g\u00fcvenli\u011fi konusundaki uzmanl\u0131\u011f\u0131n\u0131z\u0131 g\u00f6steren bir sertifika alacaks\u0131n\u0131z. Bu sertifika yaln\u0131zca becerilerinizin bir kan\u0131t\u0131 de\u011fil, ayn\u0131 zamanda kariyer geli\u015fiminiz i\u00e7in de de\u011ferli bir varl\u0131kt\u0131r.<\/p>\n<h2>Bug\u00fcn bize kat\u0131l!<\/h2>\n<p>Gelece\u011finize ve i\u015f yerinizin g\u00fcvenli\u011fine yat\u0131r\u0131m yap\u0131n. Kursumuza bug\u00fcn kaydolun ve daha g\u00fcvenli, daha vas\u0131fl\u0131 bir i\u015f g\u00fcc\u00fcne do\u011fru ilk ad\u0131m\u0131 at\u0131n. \u015eimdi yerinizi al\u0131n ve f\u0131rsatlar d\u00fcnyas\u0131n\u0131n kilidini a\u00e7\u0131n.<\/p>","protected":false},"excerpt":{"rendered":"<p>G\u00fcvenli Kaynak ve Kesim \u00e7evrimi\u00e7i kursumuzla i\u015fyeri g\u00fcvenli\u011fini art\u0131r\u0131n. Uzman bilgisi edinin, sertifika al\u0131n ve i\u015f g\u00fcc\u00fcn\u00fcz\u00fc koruyun. Bug\u00fcn kaydolun!<\/p>","protected":false},"featured_media":27167,"template":"","meta":{"_et_pb_use_builder":"","_et_pb_old_content":"","_et_gb_content_width":""},"product_brand":[],"product_cat":[132,139,140,143,160,168],"product_tag":[],"class_list":{"0":"post-28583","1":"product","2":"type-product","3":"status-publish","4":"has-post-thumbnail","6":"product_cat-equipment","7":"product_cat-hand-and-power-tools","8":"product_cat-hand-protection","9":"product_cat-health-and-safety","10":"product_cat-ppe","11":"product_cat-tools","13":"first","14":"instock","15":"virtual","16":"sold-individually","17":"purchasable","18":"product-type-simple"},"yoast_head":"<!-- This site is optimized with the Yoast SEO plugin v27.4 - https:\/\/yoast.com\/product\/yoast-seo-wordpress\/ -->\n<title>Welding and Cutting Safely - Global Safety &amp; Environmental<\/title>\n<meta name=\"description\" content=\"Master welding and cutting safely with our online training course. Get certified and boost workplace safety. Enroll now!\" \/>\n<meta name=\"robots\" content=\"index, follow, max-snippet:-1, max-image-preview:large, max-video-preview:-1\" \/>\n<link rel=\"canonical\" href=\"https:\/\/globaltraining.com\/tr\/urun\/guvenli-bir-sekilde-kaynak-ve-kesme\/\" \/>\n<meta property=\"og:locale\" content=\"tr_TR\" \/>\n<meta property=\"og:type\" content=\"article\" \/>\n<meta property=\"og:title\" content=\"Welding and Cutting Safely - Global Safety &amp; Environmental\" \/>\n<meta property=\"og:description\" content=\"Master welding and cutting safely with our online training course. Get certified and boost workplace safety. Enroll now!\" \/>\n<meta property=\"og:url\" content=\"https:\/\/globaltraining.com\/tr\/urun\/guvenli-bir-sekilde-kaynak-ve-kesme\/\" \/>\n<meta property=\"og:site_name\" content=\"Global Safety &amp; Environmental\" \/>\n<meta property=\"article:modified_time\" content=\"2024-11-27T22:29:59+00:00\" \/>\n<meta property=\"og:image\" content=\"https:\/\/globaltraining.com\/wp-content\/uploads\/2021\/09\/welding.jpg\" \/>\n\t<meta property=\"og:image:width\" content=\"1200\" \/>\n\t<meta property=\"og:image:height\" content=\"801\" \/>\n\t<meta property=\"og:image:type\" content=\"image\/jpeg\" \/>\n<meta name=\"twitter:card\" content=\"summary_large_image\" \/>\n<meta name=\"twitter:label1\" content=\"Est. reading time\" \/>\n\t<meta name=\"twitter:data1\" content=\"2 minutes\" \/>\n<script type=\"application\/ld+json\" class=\"yoast-schema-graph\">{\"@context\":\"https:\\\/\\\/schema.org\",\"@graph\":[{\"@type\":\"WebPage\",\"@id\":\"https:\\\/\\\/globaltraining.com\\\/product\\\/welding-and-cutting-safely\\\/\",\"url\":\"https:\\\/\\\/globaltraining.com\\\/product\\\/welding-and-cutting-safely\\\/\",\"name\":\"Welding and Cutting Safely - Global Safety &amp; Environmental\",\"isPartOf\":{\"@id\":\"https:\\\/\\\/globaltraining.com\\\/#website\"},\"primaryImageOfPage\":{\"@id\":\"https:\\\/\\\/globaltraining.com\\\/product\\\/welding-and-cutting-safely\\\/#primaryimage\"},\"image\":{\"@id\":\"https:\\\/\\\/globaltraining.com\\\/product\\\/welding-and-cutting-safely\\\/#primaryimage\"},\"thumbnailUrl\":\"https:\\\/\\\/globaltraining.com\\\/wp-content\\\/uploads\\\/2021\\\/09\\\/welding.jpg\",\"datePublished\":\"2023-09-12T14:53:41+00:00\",\"dateModified\":\"2024-11-27T22:29:59+00:00\",\"description\":\"Master welding and cutting safely with our online training course. Get certified and boost workplace safety. Enroll now!\",\"breadcrumb\":{\"@id\":\"https:\\\/\\\/globaltraining.com\\\/product\\\/welding-and-cutting-safely\\\/#breadcrumb\"},\"inLanguage\":\"tr-TR\",\"potentialAction\":[{\"@type\":\"ReadAction\",\"target\":[\"https:\\\/\\\/globaltraining.com\\\/product\\\/welding-and-cutting-safely\\\/\"]}]},{\"@type\":\"ImageObject\",\"inLanguage\":\"tr-TR\",\"@id\":\"https:\\\/\\\/globaltraining.com\\\/product\\\/welding-and-cutting-safely\\\/#primaryimage\",\"url\":\"https:\\\/\\\/globaltraining.com\\\/wp-content\\\/uploads\\\/2021\\\/09\\\/welding.jpg\",\"contentUrl\":\"https:\\\/\\\/globaltraining.com\\\/wp-content\\\/uploads\\\/2021\\\/09\\\/welding.jpg\",\"width\":1200,\"height\":801,\"caption\":\"Welding and Cutting Safely\"},{\"@type\":\"BreadcrumbList\",\"@id\":\"https:\\\/\\\/globaltraining.com\\\/product\\\/welding-and-cutting-safely\\\/#breadcrumb\",\"itemListElement\":[{\"@type\":\"ListItem\",\"position\":1,\"name\":\"Home\",\"item\":\"https:\\\/\\\/globaltraining.com\\\/\"},{\"@type\":\"ListItem\",\"position\":2,\"name\":\"Productos\",\"item\":\"https:\\\/\\\/globaltraining.com\\\/es\\\/shop\\\/\"},{\"@type\":\"ListItem\",\"position\":3,\"name\":\"Welding and Cutting Safely\"}]},{\"@type\":\"WebSite\",\"@id\":\"https:\\\/\\\/globaltraining.com\\\/#website\",\"url\":\"https:\\\/\\\/globaltraining.com\\\/\",\"name\":\"Global Safety & Environmental\",\"description\":\"Full Service Health, Safety, and Environmental Courses\",\"publisher\":{\"@id\":\"https:\\\/\\\/globaltraining.com\\\/#organization\"},\"potentialAction\":[{\"@type\":\"SearchAction\",\"target\":{\"@type\":\"EntryPoint\",\"urlTemplate\":\"https:\\\/\\\/globaltraining.com\\\/?s={search_term_string}\"},\"query-input\":{\"@type\":\"PropertyValueSpecification\",\"valueRequired\":true,\"valueName\":\"search_term_string\"}}],\"inLanguage\":\"tr-TR\"},{\"@type\":\"Organization\",\"@id\":\"https:\\\/\\\/globaltraining.com\\\/#organization\",\"name\":\"Global Safety & Environmental\",\"url\":\"https:\\\/\\\/globaltraining.com\\\/\",\"logo\":{\"@type\":\"ImageObject\",\"inLanguage\":\"tr-TR\",\"@id\":\"https:\\\/\\\/globaltraining.com\\\/#\\\/schema\\\/logo\\\/image\\\/\",\"url\":\"https:\\\/\\\/globaltraining.com\\\/wp-content\\\/uploads\\\/2021\\\/01\\\/GSE-Logo-for-email.png\",\"contentUrl\":\"https:\\\/\\\/globaltraining.com\\\/wp-content\\\/uploads\\\/2021\\\/01\\\/GSE-Logo-for-email.png\",\"width\":400,\"height\":101,\"caption\":\"Global Safety & Environmental\"},\"image\":{\"@id\":\"https:\\\/\\\/globaltraining.com\\\/#\\\/schema\\\/logo\\\/image\\\/\"}}]}<\/script>\n<!-- \/ Yoast SEO plugin. -->","yoast_head_json":{"title":"G\u00fcvenli Kaynak ve Kesim - K\u00fcresel G\u00fcvenlik ve \u00c7evre","description":"\u00c7evrimi\u00e7i e\u011fitim kursumuzla kaynak ve kesmede g\u00fcvenli bir \u015fekilde ustala\u015f\u0131n. Sertifika al\u0131n ve i\u015fyeri g\u00fcvenli\u011fini art\u0131r\u0131n. Hemen kaydolun!","robots":{"index":"index","follow":"follow","max-snippet":"max-snippet:-1","max-image-preview":"max-image-preview:large","max-video-preview":"max-video-preview:-1"},"canonical":"https:\/\/globaltraining.com\/tr\/urun\/guvenli-bir-sekilde-kaynak-ve-kesme\/","og_locale":"tr_TR","og_type":"article","og_title":"Welding and Cutting Safely - Global Safety &amp; Environmental","og_description":"Master welding and cutting safely with our online training course. Get certified and boost workplace safety. Enroll now!","og_url":"https:\/\/globaltraining.com\/tr\/urun\/guvenli-bir-sekilde-kaynak-ve-kesme\/","og_site_name":"Global Safety &amp; Environmental","article_modified_time":"2024-11-27T22:29:59+00:00","og_image":[{"width":1200,"height":801,"url":"https:\/\/globaltraining.com\/wp-content\/uploads\/2021\/09\/welding.jpg","type":"image\/jpeg"}],"twitter_card":"summary_large_image","twitter_misc":{"Est. reading time":"2 minutes"},"schema":{"@context":"https:\/\/schema.org","@graph":[{"@type":"WebPage","@id":"https:\/\/globaltraining.com\/product\/welding-and-cutting-safely\/","url":"https:\/\/globaltraining.com\/product\/welding-and-cutting-safely\/","name":"G\u00fcvenli Kaynak ve Kesim - K\u00fcresel G\u00fcvenlik ve \u00c7evre","isPartOf":{"@id":"https:\/\/globaltraining.com\/#website"},"primaryImageOfPage":{"@id":"https:\/\/globaltraining.com\/product\/welding-and-cutting-safely\/#primaryimage"},"image":{"@id":"https:\/\/globaltraining.com\/product\/welding-and-cutting-safely\/#primaryimage"},"thumbnailUrl":"https:\/\/globaltraining.com\/wp-content\/uploads\/2021\/09\/welding.jpg","datePublished":"2023-09-12T14:53:41+00:00","dateModified":"2024-11-27T22:29:59+00:00","description":"\u00c7evrimi\u00e7i e\u011fitim kursumuzla kaynak ve kesmede g\u00fcvenli bir \u015fekilde ustala\u015f\u0131n. Sertifika al\u0131n ve i\u015fyeri g\u00fcvenli\u011fini art\u0131r\u0131n. Hemen kaydolun!","breadcrumb":{"@id":"https:\/\/globaltraining.com\/product\/welding-and-cutting-safely\/#breadcrumb"},"inLanguage":"tr-TR","potentialAction":[{"@type":"ReadAction","target":["https:\/\/globaltraining.com\/product\/welding-and-cutting-safely\/"]}]},{"@type":"ImageObject","inLanguage":"tr-TR","@id":"https:\/\/globaltraining.com\/product\/welding-and-cutting-safely\/#primaryimage","url":"https:\/\/globaltraining.com\/wp-content\/uploads\/2021\/09\/welding.jpg","contentUrl":"https:\/\/globaltraining.com\/wp-content\/uploads\/2021\/09\/welding.jpg","width":1200,"height":801,"caption":"Welding and Cutting Safely"},{"@type":"BreadcrumbList","@id":"https:\/\/globaltraining.com\/product\/welding-and-cutting-safely\/#breadcrumb","itemListElement":[{"@type":"ListItem","position":1,"name":"Home","item":"https:\/\/globaltraining.com\/"},{"@type":"ListItem","position":2,"name":"Productos","item":"https:\/\/globaltraining.com\/es\/shop\/"},{"@type":"ListItem","position":3,"name":"Welding and Cutting Safely"}]},{"@type":"WebSite","@id":"https:\/\/globaltraining.com\/#website","url":"https:\/\/globaltraining.com\/","name":"K\u00fcresel G\u00fcvenlik ve \u00c7evre","description":"Tam Hizmet Sa\u011fl\u0131k, G\u00fcvenlik ve \u00c7evre Kurslar\u0131","publisher":{"@id":"https:\/\/globaltraining.com\/#organization"},"potentialAction":[{"@type":"SearchAction","target":{"@type":"EntryPoint","urlTemplate":"https:\/\/globaltraining.com\/?s={search_term_string}"},"query-input":{"@type":"PropertyValueSpecification","valueRequired":true,"valueName":"search_term_string"}}],"inLanguage":"tr-TR"},{"@type":"Organization","@id":"https:\/\/globaltraining.com\/#organization","name":"K\u00fcresel G\u00fcvenlik ve \u00c7evre","url":"https:\/\/globaltraining.com\/","logo":{"@type":"ImageObject","inLanguage":"tr-TR","@id":"https:\/\/globaltraining.com\/#\/schema\/logo\/image\/","url":"https:\/\/globaltraining.com\/wp-content\/uploads\/2021\/01\/GSE-Logo-for-email.png","contentUrl":"https:\/\/globaltraining.com\/wp-content\/uploads\/2021\/01\/GSE-Logo-for-email.png","width":400,"height":101,"caption":"Global Safety & Environmental"},"image":{"@id":"https:\/\/globaltraining.com\/#\/schema\/logo\/image\/"}}]}},"_links":{"self":[{"href":"https:\/\/globaltraining.com\/tr\/wp-json\/wp\/v2\/product\/28583","targetHints":{"allow":["GET"]}}],"collection":[{"href":"https:\/\/globaltraining.com\/tr\/wp-json\/wp\/v2\/product"}],"about":[{"href":"https:\/\/globaltraining.com\/tr\/wp-json\/wp\/v2\/types\/product"}],"wp:featuredmedia":[{"embeddable":true,"href":"https:\/\/globaltraining.com\/tr\/wp-json\/wp\/v2\/media\/27167"}],"wp:attachment":[{"href":"https:\/\/globaltraining.com\/tr\/wp-json\/wp\/v2\/media?parent=28583"}],"wp:term":[{"taxonomy":"product_brand","embeddable":true,"href":"https:\/\/globaltraining.com\/tr\/wp-json\/wp\/v2\/product_brand?post=28583"},{"taxonomy":"product_cat","embeddable":true,"href":"https:\/\/globaltraining.com\/tr\/wp-json\/wp\/v2\/product_cat?post=28583"},{"taxonomy":"product_tag","embeddable":true,"href":"https:\/\/globaltraining.com\/tr\/wp-json\/wp\/v2\/product_tag?post=28583"}],"curies":[{"name":"wp","href":"https:\/\/api.w.org\/{rel}","templated":true}]}}