{"id":28581,"date":"2023-09-12T09:42:58","date_gmt":"2023-09-12T14:42:58","guid":{"rendered":"https:\/\/globaltraining.com\/?post_type=product&#038;p=28581"},"modified":"2024-11-27T16:42:20","modified_gmt":"2024-11-27T22:42:20","slug":"amir-uyusturucu-ve-alkol-farkindalik-egitimi","status":"publish","type":"product","link":"https:\/\/globaltraining.com\/tr\/product\/supervisor-drug-and-alcohol-awareness-training\/","title":{"rendered":"Amir Uyu\u015fturucu ve Alkol Fark\u0131ndal\u0131k E\u011fitimi"},"content":{"rendered":"<h2>Amir Uyu\u015fturucu ve Alkol Fark\u0131ndal\u0131k E\u011fitimi<\/h2>\n<p>Kapsaml\u0131 Denetleyici Uyu\u015fturucu ve Alkol Fark\u0131ndal\u0131k E\u011fitimi program\u0131m\u0131za ho\u015f geldiniz. Sorumlu bir kurulu\u015f olarak g\u00fcvenli ve uyu\u015fturucudan ar\u0131nd\u0131r\u0131lm\u0131\u015f bir i\u015f ortam\u0131n\u0131n sa\u011flanmas\u0131 \u00e7ok \u00f6nemlidir. Kursumuz, denet\u00e7ileri i\u015fyerinde alkol ve uyu\u015fturucuyla ilgili sorunlar\u0131 etkili bir \u015fekilde ele almak i\u00e7in gereken bilgi ve becerilerle donatmak i\u00e7in tasarlanm\u0131\u015ft\u0131r. Bu e\u011fitimin sonunda, g\u00fcvenli ve \u00fcretken bir \u00e7al\u0131\u015fma ortam\u0131n\u0131 s\u00fcrd\u00fcrmek i\u00e7in iyi bir haz\u0131rl\u0131kl\u0131 olacaks\u0131n\u0131z.<\/p>\n<h2>Alkol Fark\u0131ndal\u0131k E\u011fitimi<\/h2>\n<p>Alkol k\u00f6t\u00fcye kullan\u0131m\u0131 \u00fcretkenli\u011fin azalmas\u0131, kazalar ve devams\u0131zl\u0131k gibi \u00e7e\u015fitli i\u015fyeri sorunlar\u0131na yol a\u00e7abilir. Amir Uyu\u015fturucu ve Alkol Fark\u0131ndal\u0131k E\u011fitimimizde alkol fark\u0131ndal\u0131\u011f\u0131na b\u00fcy\u00fck \u00f6nem veriyoruz. Alkol ba\u011f\u0131ml\u0131l\u0131\u011f\u0131n\u0131n belirtilerini, endi\u015feleri olan \u00e7al\u0131\u015fanlara nas\u0131l yakla\u015f\u0131laca\u011f\u0131n\u0131 ve \u00f6nleme stratejilerini \u00f6\u011freneceksiniz. Amac\u0131m\u0131z alkolle ilgili zorluklar\u0131 proaktif bir \u015fekilde ele alman\u0131za yard\u0131mc\u0131 olmakt\u0131r.<\/p>\n<h2>\u00c7evrimi\u00e7i Uyu\u015fturucu ve Alkol Fark\u0131ndal\u0131k Kursu<\/h2>\n<p>E\u011fitim s\u00f6z konusu oldu\u011funda esneklik \u00e7ok \u00f6nemlidir. \u00c7evrimi\u00e7i Uyu\u015fturucu ve Alkol Fark\u0131ndal\u0131\u011f\u0131 kursumuz, kendi h\u0131z\u0131n\u0131zda \u00f6\u011frenmenize olanak tan\u0131yarak mesleki sorumluluklar\u0131n\u0131z\u0131 ki\u015fisel geli\u015fiminizle dengelemenizi kolayla\u015ft\u0131r\u0131r. Bu \u00e7evrimi\u00e7i kurs, uyu\u015fturucu kullan\u0131m\u0131n\u0131n i\u015fyeri g\u00fcvenli\u011fi \u00fczerindeki etkisi, yasal hususlar ve ihtiya\u00e7 sahibi \u00e7al\u0131\u015fanlar\u0131n nas\u0131l desteklenece\u011fi dahil olmak \u00fczere \u00e7ok \u00e7e\u015fitli konular\u0131 kapsar. \u00dcstelik istedi\u011finiz zaman, istedi\u011finiz yerden eri\u015febilirsiniz.<\/p>\n<p>Global Training&#039;de, denet\u00e7ilerin \u00f6zel ihtiya\u00e7lar\u0131n\u0131 kar\u015f\u0131layan y\u00fcksek kaliteli e\u011fitim sunmaya kendimizi adad\u0131k. Deneyimli e\u011fitmenlerimiz ger\u00e7ek d\u00fcnyadaki uzmanl\u0131\u011f\u0131 masaya getirerek i\u015f yerinizde hemen uygulayabilece\u011finiz pratik bilgiler alman\u0131z\u0131 sa\u011flar.<\/p>\n<p>\u0130ster sa\u011flam bir temel olu\u015fturmak isteyen yeni bir s\u00fcperviz\u00f6r, ister becerilerinizi geli\u015ftirmek isteyen deneyimli bir y\u00f6netici olun, S\u00fcperviz\u00f6r Uyu\u015fturucu ve Alkol Fark\u0131ndal\u0131k E\u011fitimimiz ihtiya\u00e7lar\u0131n\u0131za g\u00f6re uyarlanm\u0131\u015ft\u0131r. Kursu tamamlad\u0131\u011f\u0131n\u0131zda ekibiniz i\u00e7in daha g\u00fcvenli, daha \u00fcretken bir \u00e7al\u0131\u015fma ortam\u0131 yaratacak bilgi ve \u00f6zg\u00fcvene sahip olacaks\u0131n\u0131z.<\/p>\n<h2>Neden E\u011fitimimizi Se\u00e7melisiniz?<\/h2>\n<p>1. Kapsaml\u0131 M\u00fcfredat: Kursumuz, uyu\u015fturucu ve alkol konusundaki fark\u0131ndal\u0131\u011f\u0131n t\u00fcm y\u00f6nlerini kapsamakta ve bu sorunlar\u0131 etkili bir \u015fekilde ele almaya haz\u0131rl\u0131kl\u0131 olman\u0131z\u0131 sa\u011flamaktad\u0131r.<\/p>\n<p>2. \u00c7evrimi\u00e7i Kolayl\u0131k: Evinizin veya ofisinizin rahatl\u0131\u011f\u0131nda program\u0131n\u0131za g\u00f6re kursa kat\u0131l\u0131n.<\/p>\n<p>3. Uzman E\u011fitmenler: \u0130\u015fyeri g\u00fcvenli\u011fi ve madde ba\u011f\u0131ml\u0131l\u0131\u011f\u0131n\u0131 \u00f6nleme konusunda uzun y\u0131llara dayanan deneyime sahip sekt\u00f6r uzmanlar\u0131ndan bilgi edinin.<\/p>\n<h2>Bu g\u00fcn ba\u015flayaca\u011f\u0131m<\/h2>\n<p>Mesleki geli\u015fiminize ve i\u015f yerinizin g\u00fcvenli\u011fine yat\u0131r\u0131m yap\u0131n. Denetleyici Uyu\u015fturucu ve Alkol Fark\u0131ndal\u0131k E\u011fitimimize hemen kaydolun. Kurulu\u015funuz \u00fczerinde olumlu bir etki yaratmak i\u00e7in kendinizi gerekli bilgi ve becerilerle donat\u0131n. Ekibiniz i\u00e7in g\u00fcvenli, sa\u011fl\u0131kl\u0131 ve \u00fcretken bir \u00e7al\u0131\u015fma ortam\u0131 sa\u011flay\u0131n. Bug\u00fcn harekete ge\u00e7in!<\/p>","protected":false},"excerpt":{"rendered":"<p>\u00c7evrimi\u00e7i Denetleyici Uyu\u015fturucu ve Alkol Fark\u0131ndal\u0131k E\u011fitimi kursumuzla i\u015fyeri g\u00fcvenli\u011fini art\u0131r\u0131n. Uyu\u015fturucusuz bir i\u015f yerini s\u00fcrd\u00fcrmek i\u00e7in gerekli becerileri ve sertifikay\u0131 kazan\u0131n.<\/p>","protected":false},"featured_media":27206,"template":"","meta":{"_et_pb_use_builder":"","_et_pb_old_content":"","_et_gb_content_width":""},"product_brand":[],"product_cat":[148,152,172],"product_tag":[],"class_list":{"0":"post-28581","1":"product","2":"type-product","3":"status-publish","4":"has-post-thumbnail","6":"product_cat-hr","7":"product_cat-management-training","8":"product_cat-workplace-policies-and-procedures","10":"first","11":"instock","12":"virtual","13":"sold-individually","14":"purchasable","15":"product-type-simple"},"yoast_head":"<!-- This site is optimized with the Yoast SEO plugin v27.4 - https:\/\/yoast.com\/product\/yoast-seo-wordpress\/ -->\n<title>Supervisor Drug and Alcohol Awareness Training - Global Safety &amp; Environmental<\/title>\n<meta name=\"description\" content=\"Enhance workplace safety with Supervisor Drug and Alcohol Awareness Training. Learn to address alcohol misuse and create a drug-free environment.\" \/>\n<meta name=\"robots\" content=\"index, follow, max-snippet:-1, max-image-preview:large, max-video-preview:-1\" \/>\n<link rel=\"canonical\" href=\"https:\/\/globaltraining.com\/tr\/urun\/amir-uyusturucu-ve-alkol-farkindalik-egitimi\/\" \/>\n<meta property=\"og:locale\" content=\"tr_TR\" \/>\n<meta property=\"og:type\" content=\"article\" \/>\n<meta property=\"og:title\" content=\"Supervisor Drug and Alcohol Awareness Training - Global Safety &amp; Environmental\" \/>\n<meta property=\"og:description\" content=\"Enhance workplace safety with Supervisor Drug and Alcohol Awareness Training. Learn to address alcohol misuse and create a drug-free environment.\" \/>\n<meta property=\"og:url\" content=\"https:\/\/globaltraining.com\/tr\/urun\/amir-uyusturucu-ve-alkol-farkindalik-egitimi\/\" \/>\n<meta property=\"og:site_name\" content=\"Global Safety &amp; Environmental\" \/>\n<meta property=\"article:modified_time\" content=\"2024-11-27T22:42:20+00:00\" \/>\n<meta property=\"og:image\" content=\"https:\/\/globaltraining.com\/wp-content\/uploads\/2021\/11\/iStock-1128627121.jpg\" \/>\n\t<meta property=\"og:image:width\" content=\"1200\" \/>\n\t<meta property=\"og:image:height\" content=\"800\" \/>\n\t<meta property=\"og:image:type\" content=\"image\/jpeg\" \/>\n<meta name=\"twitter:card\" content=\"summary_large_image\" \/>\n<meta name=\"twitter:label1\" content=\"Est. reading time\" \/>\n\t<meta name=\"twitter:data1\" content=\"3 minutes\" \/>\n<script type=\"application\/ld+json\" class=\"yoast-schema-graph\">{\"@context\":\"https:\\\/\\\/schema.org\",\"@graph\":[{\"@type\":\"WebPage\",\"@id\":\"https:\\\/\\\/globaltraining.com\\\/product\\\/supervisor-drug-and-alcohol-awareness-training\\\/\",\"url\":\"https:\\\/\\\/globaltraining.com\\\/product\\\/supervisor-drug-and-alcohol-awareness-training\\\/\",\"name\":\"Supervisor Drug and Alcohol Awareness Training - Global Safety &amp; Environmental\",\"isPartOf\":{\"@id\":\"https:\\\/\\\/globaltraining.com\\\/#website\"},\"primaryImageOfPage\":{\"@id\":\"https:\\\/\\\/globaltraining.com\\\/product\\\/supervisor-drug-and-alcohol-awareness-training\\\/#primaryimage\"},\"image\":{\"@id\":\"https:\\\/\\\/globaltraining.com\\\/product\\\/supervisor-drug-and-alcohol-awareness-training\\\/#primaryimage\"},\"thumbnailUrl\":\"https:\\\/\\\/globaltraining.com\\\/wp-content\\\/uploads\\\/2021\\\/11\\\/iStock-1128627121.jpg\",\"datePublished\":\"2023-09-12T14:42:58+00:00\",\"dateModified\":\"2024-11-27T22:42:20+00:00\",\"description\":\"Enhance workplace safety with Supervisor Drug and Alcohol Awareness Training. Learn to address alcohol misuse and create a drug-free environment.\",\"breadcrumb\":{\"@id\":\"https:\\\/\\\/globaltraining.com\\\/product\\\/supervisor-drug-and-alcohol-awareness-training\\\/#breadcrumb\"},\"inLanguage\":\"tr-TR\",\"potentialAction\":[{\"@type\":\"ReadAction\",\"target\":[\"https:\\\/\\\/globaltraining.com\\\/product\\\/supervisor-drug-and-alcohol-awareness-training\\\/\"]}]},{\"@type\":\"ImageObject\",\"inLanguage\":\"tr-TR\",\"@id\":\"https:\\\/\\\/globaltraining.com\\\/product\\\/supervisor-drug-and-alcohol-awareness-training\\\/#primaryimage\",\"url\":\"https:\\\/\\\/globaltraining.com\\\/wp-content\\\/uploads\\\/2021\\\/11\\\/iStock-1128627121.jpg\",\"contentUrl\":\"https:\\\/\\\/globaltraining.com\\\/wp-content\\\/uploads\\\/2021\\\/11\\\/iStock-1128627121.jpg\",\"width\":1200,\"height\":800,\"caption\":\"supervisor drug and alcohol awareness training\"},{\"@type\":\"BreadcrumbList\",\"@id\":\"https:\\\/\\\/globaltraining.com\\\/product\\\/supervisor-drug-and-alcohol-awareness-training\\\/#breadcrumb\",\"itemListElement\":[{\"@type\":\"ListItem\",\"position\":1,\"name\":\"Home\",\"item\":\"https:\\\/\\\/globaltraining.com\\\/\"},{\"@type\":\"ListItem\",\"position\":2,\"name\":\"Productos\",\"item\":\"https:\\\/\\\/globaltraining.com\\\/es\\\/shop\\\/\"},{\"@type\":\"ListItem\",\"position\":3,\"name\":\"Supervisor Drug and Alcohol Awareness Training\"}]},{\"@type\":\"WebSite\",\"@id\":\"https:\\\/\\\/globaltraining.com\\\/#website\",\"url\":\"https:\\\/\\\/globaltraining.com\\\/\",\"name\":\"Global Safety & Environmental\",\"description\":\"Full Service Health, Safety, and Environmental Courses\",\"publisher\":{\"@id\":\"https:\\\/\\\/globaltraining.com\\\/#organization\"},\"potentialAction\":[{\"@type\":\"SearchAction\",\"target\":{\"@type\":\"EntryPoint\",\"urlTemplate\":\"https:\\\/\\\/globaltraining.com\\\/?s={search_term_string}\"},\"query-input\":{\"@type\":\"PropertyValueSpecification\",\"valueRequired\":true,\"valueName\":\"search_term_string\"}}],\"inLanguage\":\"tr-TR\"},{\"@type\":\"Organization\",\"@id\":\"https:\\\/\\\/globaltraining.com\\\/#organization\",\"name\":\"Global Safety & Environmental\",\"url\":\"https:\\\/\\\/globaltraining.com\\\/\",\"logo\":{\"@type\":\"ImageObject\",\"inLanguage\":\"tr-TR\",\"@id\":\"https:\\\/\\\/globaltraining.com\\\/#\\\/schema\\\/logo\\\/image\\\/\",\"url\":\"https:\\\/\\\/globaltraining.com\\\/wp-content\\\/uploads\\\/2021\\\/01\\\/GSE-Logo-for-email.png\",\"contentUrl\":\"https:\\\/\\\/globaltraining.com\\\/wp-content\\\/uploads\\\/2021\\\/01\\\/GSE-Logo-for-email.png\",\"width\":400,\"height\":101,\"caption\":\"Global Safety & Environmental\"},\"image\":{\"@id\":\"https:\\\/\\\/globaltraining.com\\\/#\\\/schema\\\/logo\\\/image\\\/\"}}]}<\/script>\n<!-- \/ Yoast SEO plugin. -->","yoast_head_json":{"title":"Denet\u00e7i Uyu\u015fturucu ve Alkol Fark\u0131ndal\u0131k E\u011fitimi - K\u00fcresel G\u00fcvenlik ve \u00c7evre","description":"S\u00fcperviz\u00f6r Uyu\u015fturucu ve Alkol Fark\u0131ndal\u0131k E\u011fitimi ile i\u015fyeri g\u00fcvenli\u011fini art\u0131r\u0131n. Alkol k\u00f6t\u00fcye kullan\u0131m\u0131n\u0131 ele almay\u0131 ve uyu\u015fturucu i\u00e7ermeyen bir ortam yaratmay\u0131 \u00f6\u011frenin.","robots":{"index":"index","follow":"follow","max-snippet":"max-snippet:-1","max-image-preview":"max-image-preview:large","max-video-preview":"max-video-preview:-1"},"canonical":"https:\/\/globaltraining.com\/tr\/urun\/amir-uyusturucu-ve-alkol-farkindalik-egitimi\/","og_locale":"tr_TR","og_type":"article","og_title":"Supervisor Drug and Alcohol Awareness Training - Global Safety &amp; Environmental","og_description":"Enhance workplace safety with Supervisor Drug and Alcohol Awareness Training. Learn to address alcohol misuse and create a drug-free environment.","og_url":"https:\/\/globaltraining.com\/tr\/urun\/amir-uyusturucu-ve-alkol-farkindalik-egitimi\/","og_site_name":"Global Safety &amp; Environmental","article_modified_time":"2024-11-27T22:42:20+00:00","og_image":[{"width":1200,"height":800,"url":"https:\/\/globaltraining.com\/wp-content\/uploads\/2021\/11\/iStock-1128627121.jpg","type":"image\/jpeg"}],"twitter_card":"summary_large_image","twitter_misc":{"Est. reading time":"3 minutes"},"schema":{"@context":"https:\/\/schema.org","@graph":[{"@type":"WebPage","@id":"https:\/\/globaltraining.com\/product\/supervisor-drug-and-alcohol-awareness-training\/","url":"https:\/\/globaltraining.com\/product\/supervisor-drug-and-alcohol-awareness-training\/","name":"Denet\u00e7i Uyu\u015fturucu ve Alkol Fark\u0131ndal\u0131k E\u011fitimi - K\u00fcresel G\u00fcvenlik ve \u00c7evre","isPartOf":{"@id":"https:\/\/globaltraining.com\/#website"},"primaryImageOfPage":{"@id":"https:\/\/globaltraining.com\/product\/supervisor-drug-and-alcohol-awareness-training\/#primaryimage"},"image":{"@id":"https:\/\/globaltraining.com\/product\/supervisor-drug-and-alcohol-awareness-training\/#primaryimage"},"thumbnailUrl":"https:\/\/globaltraining.com\/wp-content\/uploads\/2021\/11\/iStock-1128627121.jpg","datePublished":"2023-09-12T14:42:58+00:00","dateModified":"2024-11-27T22:42:20+00:00","description":"S\u00fcperviz\u00f6r Uyu\u015fturucu ve Alkol Fark\u0131ndal\u0131k E\u011fitimi ile i\u015fyeri g\u00fcvenli\u011fini art\u0131r\u0131n. Alkol k\u00f6t\u00fcye kullan\u0131m\u0131n\u0131 ele almay\u0131 ve uyu\u015fturucu i\u00e7ermeyen bir ortam yaratmay\u0131 \u00f6\u011frenin.","breadcrumb":{"@id":"https:\/\/globaltraining.com\/product\/supervisor-drug-and-alcohol-awareness-training\/#breadcrumb"},"inLanguage":"tr-TR","potentialAction":[{"@type":"ReadAction","target":["https:\/\/globaltraining.com\/product\/supervisor-drug-and-alcohol-awareness-training\/"]}]},{"@type":"ImageObject","inLanguage":"tr-TR","@id":"https:\/\/globaltraining.com\/product\/supervisor-drug-and-alcohol-awareness-training\/#primaryimage","url":"https:\/\/globaltraining.com\/wp-content\/uploads\/2021\/11\/iStock-1128627121.jpg","contentUrl":"https:\/\/globaltraining.com\/wp-content\/uploads\/2021\/11\/iStock-1128627121.jpg","width":1200,"height":800,"caption":"supervisor drug and alcohol awareness training"},{"@type":"BreadcrumbList","@id":"https:\/\/globaltraining.com\/product\/supervisor-drug-and-alcohol-awareness-training\/#breadcrumb","itemListElement":[{"@type":"ListItem","position":1,"name":"Home","item":"https:\/\/globaltraining.com\/"},{"@type":"ListItem","position":2,"name":"Productos","item":"https:\/\/globaltraining.com\/es\/shop\/"},{"@type":"ListItem","position":3,"name":"Supervisor Drug and Alcohol Awareness Training"}]},{"@type":"WebSite","@id":"https:\/\/globaltraining.com\/#website","url":"https:\/\/globaltraining.com\/","name":"K\u00fcresel G\u00fcvenlik ve \u00c7evre","description":"Tam Hizmet Sa\u011fl\u0131k, G\u00fcvenlik ve \u00c7evre Kurslar\u0131","publisher":{"@id":"https:\/\/globaltraining.com\/#organization"},"potentialAction":[{"@type":"SearchAction","target":{"@type":"EntryPoint","urlTemplate":"https:\/\/globaltraining.com\/?s={search_term_string}"},"query-input":{"@type":"PropertyValueSpecification","valueRequired":true,"valueName":"search_term_string"}}],"inLanguage":"tr-TR"},{"@type":"Organization","@id":"https:\/\/globaltraining.com\/#organization","name":"K\u00fcresel G\u00fcvenlik ve \u00c7evre","url":"https:\/\/globaltraining.com\/","logo":{"@type":"ImageObject","inLanguage":"tr-TR","@id":"https:\/\/globaltraining.com\/#\/schema\/logo\/image\/","url":"https:\/\/globaltraining.com\/wp-content\/uploads\/2021\/01\/GSE-Logo-for-email.png","contentUrl":"https:\/\/globaltraining.com\/wp-content\/uploads\/2021\/01\/GSE-Logo-for-email.png","width":400,"height":101,"caption":"Global Safety & Environmental"},"image":{"@id":"https:\/\/globaltraining.com\/#\/schema\/logo\/image\/"}}]}},"_links":{"self":[{"href":"https:\/\/globaltraining.com\/tr\/wp-json\/wp\/v2\/product\/28581","targetHints":{"allow":["GET"]}}],"collection":[{"href":"https:\/\/globaltraining.com\/tr\/wp-json\/wp\/v2\/product"}],"about":[{"href":"https:\/\/globaltraining.com\/tr\/wp-json\/wp\/v2\/types\/product"}],"wp:featuredmedia":[{"embeddable":true,"href":"https:\/\/globaltraining.com\/tr\/wp-json\/wp\/v2\/media\/27206"}],"wp:attachment":[{"href":"https:\/\/globaltraining.com\/tr\/wp-json\/wp\/v2\/media?parent=28581"}],"wp:term":[{"taxonomy":"product_brand","embeddable":true,"href":"https:\/\/globaltraining.com\/tr\/wp-json\/wp\/v2\/product_brand?post=28581"},{"taxonomy":"product_cat","embeddable":true,"href":"https:\/\/globaltraining.com\/tr\/wp-json\/wp\/v2\/product_cat?post=28581"},{"taxonomy":"product_tag","embeddable":true,"href":"https:\/\/globaltraining.com\/tr\/wp-json\/wp\/v2\/product_tag?post=28581"}],"curies":[{"name":"wp","href":"https:\/\/api.w.org\/{rel}","templated":true}]}}