{"id":28577,"date":"2023-09-12T09:12:24","date_gmt":"2023-09-12T14:12:24","guid":{"rendered":"https:\/\/globaltraining.com\/?post_type=product&#038;p=28577"},"modified":"2024-11-27T16:45:19","modified_gmt":"2024-11-27T22:45:19","slug":"firtina-hazirligi","status":"publish","type":"product","link":"https:\/\/globaltraining.com\/tr\/product\/storm-preparedness\/","title":{"rendered":"F\u0131rt\u0131naya Haz\u0131rl\u0131k"},"content":{"rendered":"<h2>F\u0131rt\u0131naya Haz\u0131rl\u0131k: Her Hava Durumunda F\u0131rt\u0131naya Haz\u0131r Olun<\/h2>\n<p>Kapsaml\u0131 program\u0131m\u0131za ho\u015f geldiniz <strong>f\u0131rt\u0131na haz\u0131rl\u0131\u011f\u0131<\/strong> E\u011fitim program\u0131. Hava durumu tahmin edilemez olabilir ve f\u0131rt\u0131nalar \u00e7ok az uyar\u0131yla ortaya \u00e7\u0131kabilir. Yap\u0131 <strong>f\u0131rt\u0131na haz\u0131r<\/strong> ve sa\u011flam bir yap\u0131ya sahip <strong>hava durumu haz\u0131rl\u0131\u011f\u0131<\/strong> Kendinizin, ailenizin ve toplulu\u011funuzun g\u00fcvenli\u011fini sa\u011flamak i\u00e7in planl\u0131 bir plan yapmak \u00e7ok \u00f6nemlidir.<\/p>\n<p>F\u0131rt\u0131nalar \u015fiddetli ya\u011fmurlara, kuvvetli r\u00fczgarlara, su bask\u0131nlar\u0131na ve elektrik kesintilerine neden olabilir. Bu durumlara haz\u0131rlanmak ve bunlara yan\u0131t vermek i\u00e7in gerekli bilgi ve becerilere sahip olmak \u00e7ok \u00f6nemlidir. E\u011fitim program\u0131m\u0131z sizi ihtiyac\u0131n\u0131z olan ara\u00e7 ve bilgilerle donat\u0131r. <strong>f\u0131rt\u0131na haz\u0131r<\/strong> ve hava durumuyla ilgili \u00e7e\u015fitli acil durumlar\u0131 g\u00fcvenle ele al\u0131n.<\/p>\n<h2>Haz\u0131rl\u0131kl\u0131 Olman\u0131n \u00d6nemi<\/h2>\n<p>Yap\u0131 <strong>f\u0131rt\u0131na haz\u0131r<\/strong> ne zaman s\u0131\u011f\u0131n\u0131laca\u011f\u0131n\u0131 bilmekten daha fazlas\u0131 anlam\u0131na gelir. O i\u00e7erir:<\/p>\n<ul>\n<li>Farkl\u0131 f\u0131rt\u0131na t\u00fcrlerini ve risklerini anlamak<\/li>\n<li>F\u0131rt\u0131naya haz\u0131rl\u0131k kiti ve plan\u0131 olu\u015fturma<\/li>\n<li>Tahliye rotalar\u0131n\u0131 ve g\u00fcvenlik protokollerini bilmek<\/li>\n<li>Hava durumu g\u00fcncellemelerini ve uyar\u0131lar\u0131n\u0131 izleme<\/li>\n<\/ul>\n<p>Kursumuz bunun \u00f6nemini derinlemesine inceliyor <strong>f\u0131rt\u0131na haz\u0131rl\u0131\u011f\u0131<\/strong> \u015eiddetli hava olaylar\u0131 s\u0131ras\u0131nda haz\u0131rl\u0131kl\u0131 olman\u0131n nas\u0131l fark yaratabilece\u011fine dair ger\u00e7ek hayattan \u00f6rnekler sunarak.<\/p>\n<h2>Hava Durumuna Haz\u0131rl\u0131k: F\u0131rt\u0131nalar\u0131n \u00d6tesinde<\/h2>\n<p>Odak noktam\u0131z f\u0131rt\u0131naya haz\u0131rl\u0131k olsa da, <strong>hava durumu haz\u0131rl\u0131\u011f\u0131<\/strong> Hava durumuyla ilgili daha geni\u015f bir acil durum yelpazesini kapsar. Kas\u0131rgalardan ve kas\u0131rgalardan a\u015f\u0131r\u0131 s\u0131cak hava dalgalar\u0131na ve k\u0131\u015f f\u0131rt\u0131nalar\u0131na kadar her t\u00fcrl\u00fc hava ko\u015fulunda nas\u0131l g\u00fcvende kalaca\u011f\u0131n\u0131z\u0131 anlamak \u00e7ok \u00f6nemlidir.<\/p>\n<p>olu\u015fturma konusunda rehberlik sa\u011fl\u0131yoruz. <strong>hava durumu haz\u0131rl\u0131\u011f\u0131<\/strong> Hava durumuyla ilgili t\u00fcm olas\u0131 senaryolar\u0131 kapsayan plan. \u0130ster kas\u0131rgalara yatk\u0131n bir k\u0131y\u0131 b\u00f6lgesinde, ister sert k\u0131\u015f \u015fartlar\u0131na sahip bir b\u00f6lgede olun, e\u011fitim program\u0131m\u0131z sizi kaps\u0131yor.<\/p>\n<h2>Harekete Ge\u00e7in ve F\u0131rt\u0131naya Haz\u0131r Olun<\/h2>\n<p>Sizin ve sevdiklerinizin g\u00fcvenli\u011fi haz\u0131rl\u0131k seviyenize ba\u011fl\u0131d\u0131r. Bir sonraki f\u0131rt\u0131na gelene kadar beklemeyin. Kay\u0131t olun <strong>hava durumu haz\u0131rl\u0131\u011f\u0131<\/strong> Bug\u00fcn antrenman program\u0131n\u0131z\u0131 yap\u0131n ve her t\u00fcrl\u00fc hava olay\u0131na f\u0131rt\u0131naya haz\u0131r olma yolunda ilk ad\u0131m\u0131 at\u0131n.<\/p>\n<h2>Bug\u00fcn bize kat\u0131l<\/h2>\n<p>Daha g\u00fcvenli ve daha diren\u00e7li bir topluluk olu\u015fturmak i\u00e7in bize kat\u0131l\u0131n. Kapsaml\u0131 hava durumu program\u0131m\u0131za kaydolun<strong>\u00a0haz\u0131rl\u0131k<\/strong> \u015eimdi e\u011fitim program\u0131n\u0131 ba\u015flat\u0131n ve \u015fiddetli hava olaylar\u0131 s\u0131ras\u0131nda kendinizi ve etraf\u0131n\u0131zdakileri korumak i\u00e7in gereken bilgi ve becerileri kazan\u0131n.<\/p>","protected":false},"excerpt":{"rendered":"<p>Kapsaml\u0131 f\u0131rt\u0131naya haz\u0131rl\u0131k ve hava durumuna haz\u0131rl\u0131k e\u011fitimimizle f\u0131rt\u0131naya haz\u0131r olun. Hava ko\u015fullar\u0131ndaki herhangi bir acil durumu g\u00fcvenle ele almay\u0131 \u00f6\u011frenin. Bug\u00fcn kaydolun!<\/p>","protected":false},"featured_media":27127,"template":"","meta":{"_et_pb_use_builder":"","_et_pb_old_content":"","_et_gb_content_width":""},"product_brand":[],"product_cat":[148,152,156,157,170],"product_tag":[],"class_list":{"0":"post-28577","1":"product","2":"type-product","3":"status-publish","4":"has-post-thumbnail","6":"product_cat-hr","7":"product_cat-management-training","8":"product_cat-occupational-health-and-safety","9":"product_cat-occupational-safety-admin","10":"product_cat-weather","12":"first","13":"instock","14":"virtual","15":"sold-individually","16":"purchasable","17":"product-type-simple"},"yoast_head":"<!-- This site is optimized with the Yoast SEO plugin v27.4 - https:\/\/yoast.com\/product\/yoast-seo-wordpress\/ -->\n<title>Storm Preparedness - Global Safety &amp; Environmental<\/title>\n<meta name=\"description\" content=\"Master storm preparedness and weather preparedness. Be storm ready for any weather emergency. Enroll now for a safer future.\" \/>\n<meta name=\"robots\" content=\"index, follow, max-snippet:-1, max-image-preview:large, max-video-preview:-1\" \/>\n<link rel=\"canonical\" href=\"https:\/\/globaltraining.com\/tr\/urun\/firtina-hazirligi\/\" \/>\n<meta property=\"og:locale\" content=\"tr_TR\" \/>\n<meta property=\"og:type\" content=\"article\" \/>\n<meta property=\"og:title\" content=\"Storm Preparedness - Global Safety &amp; Environmental\" \/>\n<meta property=\"og:description\" content=\"Master storm preparedness and weather preparedness. Be storm ready for any weather emergency. Enroll now for a safer future.\" \/>\n<meta property=\"og:url\" content=\"https:\/\/globaltraining.com\/tr\/urun\/firtina-hazirligi\/\" \/>\n<meta property=\"og:site_name\" content=\"Global Safety &amp; Environmental\" \/>\n<meta property=\"article:modified_time\" content=\"2024-11-27T22:45:19+00:00\" \/>\n<meta property=\"og:image\" content=\"https:\/\/globaltraining.com\/wp-content\/uploads\/2021\/09\/iStock-1062918764.jpg\" \/>\n\t<meta property=\"og:image:width\" content=\"1200\" \/>\n\t<meta property=\"og:image:height\" content=\"800\" \/>\n\t<meta property=\"og:image:type\" content=\"image\/jpeg\" \/>\n<meta name=\"twitter:card\" content=\"summary_large_image\" \/>\n<meta name=\"twitter:label1\" content=\"Est. reading time\" \/>\n\t<meta name=\"twitter:data1\" content=\"2 minutes\" \/>\n<script type=\"application\/ld+json\" class=\"yoast-schema-graph\">{\"@context\":\"https:\\\/\\\/schema.org\",\"@graph\":[{\"@type\":\"WebPage\",\"@id\":\"https:\\\/\\\/globaltraining.com\\\/product\\\/storm-preparedness\\\/\",\"url\":\"https:\\\/\\\/globaltraining.com\\\/product\\\/storm-preparedness\\\/\",\"name\":\"Storm Preparedness - Global Safety &amp; Environmental\",\"isPartOf\":{\"@id\":\"https:\\\/\\\/globaltraining.com\\\/#website\"},\"primaryImageOfPage\":{\"@id\":\"https:\\\/\\\/globaltraining.com\\\/product\\\/storm-preparedness\\\/#primaryimage\"},\"image\":{\"@id\":\"https:\\\/\\\/globaltraining.com\\\/product\\\/storm-preparedness\\\/#primaryimage\"},\"thumbnailUrl\":\"https:\\\/\\\/globaltraining.com\\\/wp-content\\\/uploads\\\/2021\\\/09\\\/iStock-1062918764.jpg\",\"datePublished\":\"2023-09-12T14:12:24+00:00\",\"dateModified\":\"2024-11-27T22:45:19+00:00\",\"description\":\"Master storm preparedness and weather preparedness. Be storm ready for any weather emergency. Enroll now for a safer future.\",\"breadcrumb\":{\"@id\":\"https:\\\/\\\/globaltraining.com\\\/product\\\/storm-preparedness\\\/#breadcrumb\"},\"inLanguage\":\"tr-TR\",\"potentialAction\":[{\"@type\":\"ReadAction\",\"target\":[\"https:\\\/\\\/globaltraining.com\\\/product\\\/storm-preparedness\\\/\"]}]},{\"@type\":\"ImageObject\",\"inLanguage\":\"tr-TR\",\"@id\":\"https:\\\/\\\/globaltraining.com\\\/product\\\/storm-preparedness\\\/#primaryimage\",\"url\":\"https:\\\/\\\/globaltraining.com\\\/wp-content\\\/uploads\\\/2021\\\/09\\\/iStock-1062918764.jpg\",\"contentUrl\":\"https:\\\/\\\/globaltraining.com\\\/wp-content\\\/uploads\\\/2021\\\/09\\\/iStock-1062918764.jpg\",\"width\":1200,\"height\":800,\"caption\":\"Storm Preparedness\"},{\"@type\":\"BreadcrumbList\",\"@id\":\"https:\\\/\\\/globaltraining.com\\\/product\\\/storm-preparedness\\\/#breadcrumb\",\"itemListElement\":[{\"@type\":\"ListItem\",\"position\":1,\"name\":\"Home\",\"item\":\"https:\\\/\\\/globaltraining.com\\\/\"},{\"@type\":\"ListItem\",\"position\":2,\"name\":\"Productos\",\"item\":\"https:\\\/\\\/globaltraining.com\\\/es\\\/shop\\\/\"},{\"@type\":\"ListItem\",\"position\":3,\"name\":\"Storm Preparedness\"}]},{\"@type\":\"WebSite\",\"@id\":\"https:\\\/\\\/globaltraining.com\\\/#website\",\"url\":\"https:\\\/\\\/globaltraining.com\\\/\",\"name\":\"Global Safety & Environmental\",\"description\":\"Full Service Health, Safety, and Environmental Courses\",\"publisher\":{\"@id\":\"https:\\\/\\\/globaltraining.com\\\/#organization\"},\"potentialAction\":[{\"@type\":\"SearchAction\",\"target\":{\"@type\":\"EntryPoint\",\"urlTemplate\":\"https:\\\/\\\/globaltraining.com\\\/?s={search_term_string}\"},\"query-input\":{\"@type\":\"PropertyValueSpecification\",\"valueRequired\":true,\"valueName\":\"search_term_string\"}}],\"inLanguage\":\"tr-TR\"},{\"@type\":\"Organization\",\"@id\":\"https:\\\/\\\/globaltraining.com\\\/#organization\",\"name\":\"Global Safety & Environmental\",\"url\":\"https:\\\/\\\/globaltraining.com\\\/\",\"logo\":{\"@type\":\"ImageObject\",\"inLanguage\":\"tr-TR\",\"@id\":\"https:\\\/\\\/globaltraining.com\\\/#\\\/schema\\\/logo\\\/image\\\/\",\"url\":\"https:\\\/\\\/globaltraining.com\\\/wp-content\\\/uploads\\\/2021\\\/01\\\/GSE-Logo-for-email.png\",\"contentUrl\":\"https:\\\/\\\/globaltraining.com\\\/wp-content\\\/uploads\\\/2021\\\/01\\\/GSE-Logo-for-email.png\",\"width\":400,\"height\":101,\"caption\":\"Global Safety & Environmental\"},\"image\":{\"@id\":\"https:\\\/\\\/globaltraining.com\\\/#\\\/schema\\\/logo\\\/image\\\/\"}}]}<\/script>\n<!-- \/ Yoast SEO plugin. -->","yoast_head_json":{"title":"F\u0131rt\u0131na Haz\u0131rl\u0131\u011f\u0131 - K\u00fcresel G\u00fcvenlik ve \u00c7evre","description":"F\u0131rt\u0131na haz\u0131rl\u0131\u011f\u0131 ve hava durumu haz\u0131rl\u0131\u011f\u0131 konusunda ustala\u015f\u0131n. Herhangi bir hava durumu acil durumu i\u00e7in f\u0131rt\u0131naya haz\u0131r olun. Daha g\u00fcvenli bir gelecek i\u00e7in hemen kaydolun.","robots":{"index":"index","follow":"follow","max-snippet":"max-snippet:-1","max-image-preview":"max-image-preview:large","max-video-preview":"max-video-preview:-1"},"canonical":"https:\/\/globaltraining.com\/tr\/urun\/firtina-hazirligi\/","og_locale":"tr_TR","og_type":"article","og_title":"Storm Preparedness - Global Safety &amp; Environmental","og_description":"Master storm preparedness and weather preparedness. Be storm ready for any weather emergency. Enroll now for a safer future.","og_url":"https:\/\/globaltraining.com\/tr\/urun\/firtina-hazirligi\/","og_site_name":"Global Safety &amp; Environmental","article_modified_time":"2024-11-27T22:45:19+00:00","og_image":[{"width":1200,"height":800,"url":"https:\/\/globaltraining.com\/wp-content\/uploads\/2021\/09\/iStock-1062918764.jpg","type":"image\/jpeg"}],"twitter_card":"summary_large_image","twitter_misc":{"Est. reading time":"2 minutes"},"schema":{"@context":"https:\/\/schema.org","@graph":[{"@type":"WebPage","@id":"https:\/\/globaltraining.com\/product\/storm-preparedness\/","url":"https:\/\/globaltraining.com\/product\/storm-preparedness\/","name":"F\u0131rt\u0131na Haz\u0131rl\u0131\u011f\u0131 - K\u00fcresel G\u00fcvenlik ve \u00c7evre","isPartOf":{"@id":"https:\/\/globaltraining.com\/#website"},"primaryImageOfPage":{"@id":"https:\/\/globaltraining.com\/product\/storm-preparedness\/#primaryimage"},"image":{"@id":"https:\/\/globaltraining.com\/product\/storm-preparedness\/#primaryimage"},"thumbnailUrl":"https:\/\/globaltraining.com\/wp-content\/uploads\/2021\/09\/iStock-1062918764.jpg","datePublished":"2023-09-12T14:12:24+00:00","dateModified":"2024-11-27T22:45:19+00:00","description":"F\u0131rt\u0131na haz\u0131rl\u0131\u011f\u0131 ve hava durumu haz\u0131rl\u0131\u011f\u0131 konusunda ustala\u015f\u0131n. Herhangi bir hava durumu acil durumu i\u00e7in f\u0131rt\u0131naya haz\u0131r olun. Daha g\u00fcvenli bir gelecek i\u00e7in hemen kaydolun.","breadcrumb":{"@id":"https:\/\/globaltraining.com\/product\/storm-preparedness\/#breadcrumb"},"inLanguage":"tr-TR","potentialAction":[{"@type":"ReadAction","target":["https:\/\/globaltraining.com\/product\/storm-preparedness\/"]}]},{"@type":"ImageObject","inLanguage":"tr-TR","@id":"https:\/\/globaltraining.com\/product\/storm-preparedness\/#primaryimage","url":"https:\/\/globaltraining.com\/wp-content\/uploads\/2021\/09\/iStock-1062918764.jpg","contentUrl":"https:\/\/globaltraining.com\/wp-content\/uploads\/2021\/09\/iStock-1062918764.jpg","width":1200,"height":800,"caption":"Storm Preparedness"},{"@type":"BreadcrumbList","@id":"https:\/\/globaltraining.com\/product\/storm-preparedness\/#breadcrumb","itemListElement":[{"@type":"ListItem","position":1,"name":"Home","item":"https:\/\/globaltraining.com\/"},{"@type":"ListItem","position":2,"name":"Productos","item":"https:\/\/globaltraining.com\/es\/shop\/"},{"@type":"ListItem","position":3,"name":"Storm Preparedness"}]},{"@type":"WebSite","@id":"https:\/\/globaltraining.com\/#website","url":"https:\/\/globaltraining.com\/","name":"K\u00fcresel G\u00fcvenlik ve \u00c7evre","description":"Tam Hizmet Sa\u011fl\u0131k, G\u00fcvenlik ve \u00c7evre Kurslar\u0131","publisher":{"@id":"https:\/\/globaltraining.com\/#organization"},"potentialAction":[{"@type":"SearchAction","target":{"@type":"EntryPoint","urlTemplate":"https:\/\/globaltraining.com\/?s={search_term_string}"},"query-input":{"@type":"PropertyValueSpecification","valueRequired":true,"valueName":"search_term_string"}}],"inLanguage":"tr-TR"},{"@type":"Organization","@id":"https:\/\/globaltraining.com\/#organization","name":"K\u00fcresel G\u00fcvenlik ve \u00c7evre","url":"https:\/\/globaltraining.com\/","logo":{"@type":"ImageObject","inLanguage":"tr-TR","@id":"https:\/\/globaltraining.com\/#\/schema\/logo\/image\/","url":"https:\/\/globaltraining.com\/wp-content\/uploads\/2021\/01\/GSE-Logo-for-email.png","contentUrl":"https:\/\/globaltraining.com\/wp-content\/uploads\/2021\/01\/GSE-Logo-for-email.png","width":400,"height":101,"caption":"Global Safety & Environmental"},"image":{"@id":"https:\/\/globaltraining.com\/#\/schema\/logo\/image\/"}}]}},"_links":{"self":[{"href":"https:\/\/globaltraining.com\/tr\/wp-json\/wp\/v2\/product\/28577","targetHints":{"allow":["GET"]}}],"collection":[{"href":"https:\/\/globaltraining.com\/tr\/wp-json\/wp\/v2\/product"}],"about":[{"href":"https:\/\/globaltraining.com\/tr\/wp-json\/wp\/v2\/types\/product"}],"wp:featuredmedia":[{"embeddable":true,"href":"https:\/\/globaltraining.com\/tr\/wp-json\/wp\/v2\/media\/27127"}],"wp:attachment":[{"href":"https:\/\/globaltraining.com\/tr\/wp-json\/wp\/v2\/media?parent=28577"}],"wp:term":[{"taxonomy":"product_brand","embeddable":true,"href":"https:\/\/globaltraining.com\/tr\/wp-json\/wp\/v2\/product_brand?post=28577"},{"taxonomy":"product_cat","embeddable":true,"href":"https:\/\/globaltraining.com\/tr\/wp-json\/wp\/v2\/product_cat?post=28577"},{"taxonomy":"product_tag","embeddable":true,"href":"https:\/\/globaltraining.com\/tr\/wp-json\/wp\/v2\/product_tag?post=28577"}],"curies":[{"name":"wp","href":"https:\/\/api.w.org\/{rel}","templated":true}]}}