{"id":28576,"date":"2023-09-11T14:02:35","date_gmt":"2023-09-11T19:02:35","guid":{"rendered":"https:\/\/globaltraining.com\/?post_type=product&#038;p=28576"},"modified":"2024-11-27T16:46:42","modified_gmt":"2024-11-27T22:46:42","slug":"is-durdurma-yetkisi","status":"publish","type":"product","link":"https:\/\/globaltraining.com\/tr\/product\/stop-work-authority\/","title":{"rendered":"\u0130\u015f Yetkisi E\u011fitimini Durdurun"},"content":{"rendered":"<h2>Stop Work Authority E\u011fitiminde Uzmanla\u015fma<\/h2>\n<p>Kapsaml\u0131 program\u0131m\u0131za ho\u015f geldiniz <strong>\u00c7al\u0131\u015fma Yetkisini Durdur<\/strong>\u00a0program\u0131. G\u00fcn\u00fcm\u00fcz i\u015fyerlerinde g\u00fcvenli\u011fin sa\u011flanmas\u0131 \u00e7ok \u00f6nemlidir. \u0130\u015fi Durdurma Yetkisi kazalar\u0131, yaralanmalar\u0131 ve \u00f6l\u00fcmleri \u00f6nlemede \u00e7ok \u00f6nemli bir ara\u00e7t\u0131r. Bu e\u011fitim sizi \u0130\u015fi Durdurma Yetkisini etkili bir \u015fekilde uygulamak, OSHA d\u00fczenlemelerini anlamak ve daha g\u00fcvenli bir \u00e7al\u0131\u015fma ortam\u0131 yaratmak i\u00e7in gerekli bilgi ve becerilerle donat\u0131r.<\/p>\n<p>G\u00fcvenlik s\u00f6z konusu oldu\u011funda proaktif olmak \u00e7ok \u00f6nemlidir. <strong>\u00c7al\u0131\u015fma Yetkisini Durdur<\/strong> Her d\u00fczeydeki \u00e7al\u0131\u015fanlara, g\u00fcvenlik riski olu\u015fturan herhangi bir durumu tespit ettiklerinde i\u015fi durdurma yetkisi verir. Bu sadece bireyleri korumakla kalmaz, ayn\u0131 zamanda potansiyel tehlikelerin derhal ele al\u0131nmas\u0131n\u0131 da sa\u011flar.<\/p>\n<h2>\u0130\u015fi Durdurman\u0131n \u00d6nemi Yetki<\/h2>\n<p><strong>\u00c7al\u0131\u015fma Yetkisini Durdur<\/strong> bir g\u00fcvenlik protokol\u00fcnden daha fazlas\u0131d\u0131r; bu bir g\u00fcvenlik k\u00fclt\u00fcr\u00fcd\u00fcr. \u00c7al\u0131\u015fanlar\u0131n \u015funlar\u0131 yapmas\u0131na olanak tan\u0131r:<\/p>\n<ul>\n<li>Potansiyel tehlikeleri tan\u0131mlay\u0131n<\/li>\n<li>Kazalar\u0131 ve yaralanmalar\u0131 \u00f6nleyin<\/li>\n<li>Uymak <strong>OSHA<\/strong> d\u00fczenlemeler<\/li>\n<li>Hayat kurtar\u0131n ve \u00e7evreyi koruyun<\/li>\n<\/ul>\n<p>Kursumuz, \u0130\u015fi Durdurma Yetkisinin \u00f6nemini vurguluyor ve bunun \u00e7e\u015fitli i\u015fyeri senaryolar\u0131nda nas\u0131l uygulanabilece\u011fine dair pratik \u00f6rnekler sunuyor.<\/p>\n<h2>\u00c7al\u0131\u015fmay\u0131 Durdurma Otoritesini Anlamak: OSHA Perspektifi<\/h2>\n<p>G\u00fcvenlik uygulamalar\u0131n\u0131 standartlarla uyumlu hale getirmek isteyenler i\u00e7in <strong>OSHA<\/strong> D\u00fczenlemelere g\u00f6re e\u011fitim program\u0131m\u0131z OSHA&#039;n\u0131n \u0130\u015fi Durdurma Yetkisi perspektifini kapsamaktad\u0131r. OSHA standartlar\u0131, y\u00f6nergeleri ve uyumluluk gereklilikleri hakk\u0131nda bilgi edineceksiniz.<\/p>\n<p>\u00dcstelik sa\u011fl\u0131yoruz <strong>\u0130\u015f Otoritesini Durdurma \u00f6rnekleri<\/strong> Bu proaktif g\u00fcvenlik yakla\u015f\u0131m\u0131n\u0131n nas\u0131l etkili bir \u015fekilde uygulanabilece\u011fini anlaman\u0131za yard\u0131mc\u0131 olmak. Ger\u00e7ek hayattan senaryolar ve vaka \u00e7al\u0131\u015fmalar\u0131, konsepti kavraman\u0131z\u0131 ve i\u015f yerinize uygulaman\u0131z\u0131 sa\u011flayacakt\u0131r.<\/p>\n<h2>G\u00fcvenlik \u015eampiyonu Olun<\/h2>\n<p>Kazalar\u0131n olmas\u0131n\u0131 beklemeyin. G\u00fcvenlik tehlikeye girdi\u011finde harekete ge\u00e7mek i\u00e7in kendinizi bilgi ve g\u00fcvenle g\u00fc\u00e7lendirin. Kay\u0131t olun <strong>\u00c7al\u0131\u015fma Yetkisini Durdur<\/strong>\u00a0Bug\u00fcn programlay\u0131n ve i\u015f yerinizde g\u00fcvenlik \u015fampiyonu olun.<\/p>\n<h2>Bug\u00fcn bize kat\u0131l<\/h2>\n<p>Daha g\u00fcvenli bir i\u015fyerine giden yolda bize kat\u0131l\u0131n. Kapsaml\u0131 program\u0131m\u0131za kaydolun <strong>\u0130\u015f Yetkisi E\u011fitimini Durdurun<\/strong> \u015eimdi programlay\u0131n ve daha g\u00fcvenli, daha sa\u011fl\u0131kl\u0131 ve daha \u00fcretken bir \u00e7al\u0131\u015fma ortam\u0131na do\u011fru ilk ad\u0131m\u0131 at\u0131n.<\/p>","protected":false},"excerpt":{"rendered":"<p>\u0130\u015fi Durdurma Yetkisi E\u011fitimimizle i\u015f yerinizde g\u00fcvenlik lideri olun. Tehlikeleri tan\u0131mlamay\u0131, OSHA&#039;ya uymay\u0131 ve hayatlar\u0131 korumay\u0131 \u00f6\u011frenin. Bug\u00fcn kaydolun!<\/p>","protected":false},"featured_media":15361,"template":"","meta":{"_et_pb_use_builder":"","_et_pb_old_content":"","_et_gb_content_width":""},"product_brand":[],"product_cat":[131,132,133,143,163],"product_tag":[],"class_list":{"0":"post-28576","1":"product","2":"type-product","3":"status-publish","4":"has-post-thumbnail","6":"product_cat-emergency-preparedness","7":"product_cat-equipment","8":"product_cat-ethics","9":"product_cat-health-and-safety","10":"product_cat-safety-admin","12":"first","13":"instock","14":"virtual","15":"sold-individually","16":"purchasable","17":"product-type-simple"},"yoast_head":"<!-- This site is optimized with the Yoast SEO plugin v27.4 - https:\/\/yoast.com\/product\/yoast-seo-wordpress\/ -->\n<title>Stop Work Authority Training - Global Safety &amp; Environmental<\/title>\n<meta name=\"description\" content=\"Master Stop Work Authority with our training. Learn how to ensure workplace safety, comply with OSHA, and prevent accidents. Enroll now.\" \/>\n<meta name=\"robots\" content=\"index, follow, max-snippet:-1, max-image-preview:large, max-video-preview:-1\" \/>\n<link rel=\"canonical\" href=\"https:\/\/globaltraining.com\/tr\/urun\/is-durdurma-yetkisi\/\" \/>\n<meta property=\"og:locale\" content=\"tr_TR\" \/>\n<meta property=\"og:type\" content=\"article\" \/>\n<meta property=\"og:title\" content=\"Stop Work Authority Training - Global Safety &amp; Environmental\" \/>\n<meta property=\"og:description\" content=\"Master Stop Work Authority with our training. Learn how to ensure workplace safety, comply with OSHA, and prevent accidents. Enroll now.\" \/>\n<meta property=\"og:url\" content=\"https:\/\/globaltraining.com\/tr\/urun\/is-durdurma-yetkisi\/\" \/>\n<meta property=\"og:site_name\" content=\"Global Safety &amp; Environmental\" \/>\n<meta property=\"article:modified_time\" content=\"2024-11-27T22:46:42+00:00\" \/>\n<meta property=\"og:image\" content=\"https:\/\/globaltraining.com\/wp-content\/uploads\/2023\/06\/Stop-Work-Authority-2-1.jpg\" \/>\n\t<meta property=\"og:image:width\" content=\"1200\" \/>\n\t<meta property=\"og:image:height\" content=\"800\" \/>\n\t<meta property=\"og:image:type\" content=\"image\/jpeg\" \/>\n<meta name=\"twitter:card\" content=\"summary_large_image\" \/>\n<meta name=\"twitter:label1\" content=\"Est. reading time\" \/>\n\t<meta name=\"twitter:data1\" content=\"2 minutes\" \/>\n<script type=\"application\/ld+json\" class=\"yoast-schema-graph\">{\"@context\":\"https:\\\/\\\/schema.org\",\"@graph\":[{\"@type\":\"WebPage\",\"@id\":\"https:\\\/\\\/globaltraining.com\\\/product\\\/stop-work-authority\\\/\",\"url\":\"https:\\\/\\\/globaltraining.com\\\/product\\\/stop-work-authority\\\/\",\"name\":\"Stop Work Authority Training - Global Safety &amp; Environmental\",\"isPartOf\":{\"@id\":\"https:\\\/\\\/globaltraining.com\\\/#website\"},\"primaryImageOfPage\":{\"@id\":\"https:\\\/\\\/globaltraining.com\\\/product\\\/stop-work-authority\\\/#primaryimage\"},\"image\":{\"@id\":\"https:\\\/\\\/globaltraining.com\\\/product\\\/stop-work-authority\\\/#primaryimage\"},\"thumbnailUrl\":\"https:\\\/\\\/globaltraining.com\\\/wp-content\\\/uploads\\\/2023\\\/06\\\/Stop-Work-Authority-2-1.jpg\",\"datePublished\":\"2023-09-11T19:02:35+00:00\",\"dateModified\":\"2024-11-27T22:46:42+00:00\",\"description\":\"Master Stop Work Authority with our training. Learn how to ensure workplace safety, comply with OSHA, and prevent accidents. Enroll now.\",\"breadcrumb\":{\"@id\":\"https:\\\/\\\/globaltraining.com\\\/product\\\/stop-work-authority\\\/#breadcrumb\"},\"inLanguage\":\"tr-TR\",\"potentialAction\":[{\"@type\":\"ReadAction\",\"target\":[\"https:\\\/\\\/globaltraining.com\\\/product\\\/stop-work-authority\\\/\"]}]},{\"@type\":\"ImageObject\",\"inLanguage\":\"tr-TR\",\"@id\":\"https:\\\/\\\/globaltraining.com\\\/product\\\/stop-work-authority\\\/#primaryimage\",\"url\":\"https:\\\/\\\/globaltraining.com\\\/wp-content\\\/uploads\\\/2023\\\/06\\\/Stop-Work-Authority-2-1.jpg\",\"contentUrl\":\"https:\\\/\\\/globaltraining.com\\\/wp-content\\\/uploads\\\/2023\\\/06\\\/Stop-Work-Authority-2-1.jpg\",\"width\":1200,\"height\":800,\"caption\":\"Stop Work Authority Training\"},{\"@type\":\"BreadcrumbList\",\"@id\":\"https:\\\/\\\/globaltraining.com\\\/product\\\/stop-work-authority\\\/#breadcrumb\",\"itemListElement\":[{\"@type\":\"ListItem\",\"position\":1,\"name\":\"Home\",\"item\":\"https:\\\/\\\/globaltraining.com\\\/\"},{\"@type\":\"ListItem\",\"position\":2,\"name\":\"Productos\",\"item\":\"https:\\\/\\\/globaltraining.com\\\/es\\\/shop\\\/\"},{\"@type\":\"ListItem\",\"position\":3,\"name\":\"Stop Work Authority Training\"}]},{\"@type\":\"WebSite\",\"@id\":\"https:\\\/\\\/globaltraining.com\\\/#website\",\"url\":\"https:\\\/\\\/globaltraining.com\\\/\",\"name\":\"Global Safety & Environmental\",\"description\":\"Full Service Health, Safety, and Environmental Courses\",\"publisher\":{\"@id\":\"https:\\\/\\\/globaltraining.com\\\/#organization\"},\"potentialAction\":[{\"@type\":\"SearchAction\",\"target\":{\"@type\":\"EntryPoint\",\"urlTemplate\":\"https:\\\/\\\/globaltraining.com\\\/?s={search_term_string}\"},\"query-input\":{\"@type\":\"PropertyValueSpecification\",\"valueRequired\":true,\"valueName\":\"search_term_string\"}}],\"inLanguage\":\"tr-TR\"},{\"@type\":\"Organization\",\"@id\":\"https:\\\/\\\/globaltraining.com\\\/#organization\",\"name\":\"Global Safety & Environmental\",\"url\":\"https:\\\/\\\/globaltraining.com\\\/\",\"logo\":{\"@type\":\"ImageObject\",\"inLanguage\":\"tr-TR\",\"@id\":\"https:\\\/\\\/globaltraining.com\\\/#\\\/schema\\\/logo\\\/image\\\/\",\"url\":\"https:\\\/\\\/globaltraining.com\\\/wp-content\\\/uploads\\\/2021\\\/01\\\/GSE-Logo-for-email.png\",\"contentUrl\":\"https:\\\/\\\/globaltraining.com\\\/wp-content\\\/uploads\\\/2021\\\/01\\\/GSE-Logo-for-email.png\",\"width\":400,\"height\":101,\"caption\":\"Global Safety & Environmental\"},\"image\":{\"@id\":\"https:\\\/\\\/globaltraining.com\\\/#\\\/schema\\\/logo\\\/image\\\/\"}}]}<\/script>\n<!-- \/ Yoast SEO plugin. -->","yoast_head_json":{"title":"\u00c7al\u0131\u015fmay\u0131 Durdurma Yetkisi E\u011fitimi - K\u00fcresel G\u00fcvenlik ve \u00c7evre","description":"E\u011fitimimizle Master Stop Work Authority olun. \u0130\u015fyeri g\u00fcvenli\u011fini nas\u0131l sa\u011flayaca\u011f\u0131n\u0131z\u0131, OSHA&#039;ya nas\u0131l uyaca\u011f\u0131n\u0131z\u0131 ve kazalar\u0131 nas\u0131l \u00f6nleyece\u011finizi \u00f6\u011frenin. Hemen kaydolun.","robots":{"index":"index","follow":"follow","max-snippet":"max-snippet:-1","max-image-preview":"max-image-preview:large","max-video-preview":"max-video-preview:-1"},"canonical":"https:\/\/globaltraining.com\/tr\/urun\/is-durdurma-yetkisi\/","og_locale":"tr_TR","og_type":"article","og_title":"Stop Work Authority Training - Global Safety &amp; Environmental","og_description":"Master Stop Work Authority with our training. Learn how to ensure workplace safety, comply with OSHA, and prevent accidents. Enroll now.","og_url":"https:\/\/globaltraining.com\/tr\/urun\/is-durdurma-yetkisi\/","og_site_name":"Global Safety &amp; Environmental","article_modified_time":"2024-11-27T22:46:42+00:00","og_image":[{"width":1200,"height":800,"url":"https:\/\/globaltraining.com\/wp-content\/uploads\/2023\/06\/Stop-Work-Authority-2-1.jpg","type":"image\/jpeg"}],"twitter_card":"summary_large_image","twitter_misc":{"Est. reading time":"2 minutes"},"schema":{"@context":"https:\/\/schema.org","@graph":[{"@type":"WebPage","@id":"https:\/\/globaltraining.com\/product\/stop-work-authority\/","url":"https:\/\/globaltraining.com\/product\/stop-work-authority\/","name":"\u00c7al\u0131\u015fmay\u0131 Durdurma Yetkisi E\u011fitimi - K\u00fcresel G\u00fcvenlik ve \u00c7evre","isPartOf":{"@id":"https:\/\/globaltraining.com\/#website"},"primaryImageOfPage":{"@id":"https:\/\/globaltraining.com\/product\/stop-work-authority\/#primaryimage"},"image":{"@id":"https:\/\/globaltraining.com\/product\/stop-work-authority\/#primaryimage"},"thumbnailUrl":"https:\/\/globaltraining.com\/wp-content\/uploads\/2023\/06\/Stop-Work-Authority-2-1.jpg","datePublished":"2023-09-11T19:02:35+00:00","dateModified":"2024-11-27T22:46:42+00:00","description":"E\u011fitimimizle Master Stop Work Authority olun. \u0130\u015fyeri g\u00fcvenli\u011fini nas\u0131l sa\u011flayaca\u011f\u0131n\u0131z\u0131, OSHA&#039;ya nas\u0131l uyaca\u011f\u0131n\u0131z\u0131 ve kazalar\u0131 nas\u0131l \u00f6nleyece\u011finizi \u00f6\u011frenin. Hemen kaydolun.","breadcrumb":{"@id":"https:\/\/globaltraining.com\/product\/stop-work-authority\/#breadcrumb"},"inLanguage":"tr-TR","potentialAction":[{"@type":"ReadAction","target":["https:\/\/globaltraining.com\/product\/stop-work-authority\/"]}]},{"@type":"ImageObject","inLanguage":"tr-TR","@id":"https:\/\/globaltraining.com\/product\/stop-work-authority\/#primaryimage","url":"https:\/\/globaltraining.com\/wp-content\/uploads\/2023\/06\/Stop-Work-Authority-2-1.jpg","contentUrl":"https:\/\/globaltraining.com\/wp-content\/uploads\/2023\/06\/Stop-Work-Authority-2-1.jpg","width":1200,"height":800,"caption":"Stop Work Authority Training"},{"@type":"BreadcrumbList","@id":"https:\/\/globaltraining.com\/product\/stop-work-authority\/#breadcrumb","itemListElement":[{"@type":"ListItem","position":1,"name":"Home","item":"https:\/\/globaltraining.com\/"},{"@type":"ListItem","position":2,"name":"Productos","item":"https:\/\/globaltraining.com\/es\/shop\/"},{"@type":"ListItem","position":3,"name":"Stop Work Authority Training"}]},{"@type":"WebSite","@id":"https:\/\/globaltraining.com\/#website","url":"https:\/\/globaltraining.com\/","name":"K\u00fcresel G\u00fcvenlik ve \u00c7evre","description":"Tam Hizmet Sa\u011fl\u0131k, G\u00fcvenlik ve \u00c7evre Kurslar\u0131","publisher":{"@id":"https:\/\/globaltraining.com\/#organization"},"potentialAction":[{"@type":"SearchAction","target":{"@type":"EntryPoint","urlTemplate":"https:\/\/globaltraining.com\/?s={search_term_string}"},"query-input":{"@type":"PropertyValueSpecification","valueRequired":true,"valueName":"search_term_string"}}],"inLanguage":"tr-TR"},{"@type":"Organization","@id":"https:\/\/globaltraining.com\/#organization","name":"K\u00fcresel G\u00fcvenlik ve \u00c7evre","url":"https:\/\/globaltraining.com\/","logo":{"@type":"ImageObject","inLanguage":"tr-TR","@id":"https:\/\/globaltraining.com\/#\/schema\/logo\/image\/","url":"https:\/\/globaltraining.com\/wp-content\/uploads\/2021\/01\/GSE-Logo-for-email.png","contentUrl":"https:\/\/globaltraining.com\/wp-content\/uploads\/2021\/01\/GSE-Logo-for-email.png","width":400,"height":101,"caption":"Global Safety & Environmental"},"image":{"@id":"https:\/\/globaltraining.com\/#\/schema\/logo\/image\/"}}]}},"_links":{"self":[{"href":"https:\/\/globaltraining.com\/tr\/wp-json\/wp\/v2\/product\/28576","targetHints":{"allow":["GET"]}}],"collection":[{"href":"https:\/\/globaltraining.com\/tr\/wp-json\/wp\/v2\/product"}],"about":[{"href":"https:\/\/globaltraining.com\/tr\/wp-json\/wp\/v2\/types\/product"}],"wp:featuredmedia":[{"embeddable":true,"href":"https:\/\/globaltraining.com\/tr\/wp-json\/wp\/v2\/media\/15361"}],"wp:attachment":[{"href":"https:\/\/globaltraining.com\/tr\/wp-json\/wp\/v2\/media?parent=28576"}],"wp:term":[{"taxonomy":"product_brand","embeddable":true,"href":"https:\/\/globaltraining.com\/tr\/wp-json\/wp\/v2\/product_brand?post=28576"},{"taxonomy":"product_cat","embeddable":true,"href":"https:\/\/globaltraining.com\/tr\/wp-json\/wp\/v2\/product_cat?post=28576"},{"taxonomy":"product_tag","embeddable":true,"href":"https:\/\/globaltraining.com\/tr\/wp-json\/wp\/v2\/product_tag?post=28576"}],"curies":[{"name":"wp","href":"https:\/\/api.w.org\/{rel}","templated":true}]}}