{"id":28575,"date":"2023-09-11T13:57:43","date_gmt":"2023-09-11T18:57:43","guid":{"rendered":"https:\/\/globaltraining.com\/?post_type=product&#038;p=28575"},"modified":"2024-11-27T16:47:23","modified_gmt":"2024-11-27T22:47:23","slug":"stafilokok-enfeksiyonu","status":"publish","type":"product","link":"https:\/\/globaltraining.com\/tr\/product\/staph-infection\/","title":{"rendered":"Stafilokok Enfeksiyonu"},"content":{"rendered":"<h2>Staph Enfeksiyonlar\u0131n\u0131 Anlamak: \u00d6nleme ve Tedavi<\/h2>\n<p>Kapsaml\u0131 kursumuza ho\u015f geldiniz <strong>stafilokok enfeksiyonu<\/strong>. Staph enfeksiyonlar\u0131 olarak da bilinir <strong>stafilokok enfeksiyonlar\u0131<\/strong> veya <strong>staph hastal\u0131klar\u0131<\/strong>Stafilokok bakterilerinin neden oldu\u011fu bir grup bakteriyel enfeksiyondur. Bu enfeksiyonlar hafif cilt rahats\u0131zl\u0131klar\u0131ndan ya\u015fam\u0131 tehdit eden hastal\u0131klara kadar de\u011fi\u015febilir. Bu kursta stafilokok enfeksiyonlar\u0131n\u0131n ayr\u0131nt\u0131lar\u0131n\u0131, nedenlerini, semptomlar\u0131n\u0131, \u00f6nlenmesini ve tedavisini inceleyece\u011fiz.<\/p>\n<p><strong>Staph enfeksiyonlar\u0131<\/strong> Ciltte ve mukozada yayg\u0131n olarak bulunan Stafilokok bakterileri neden olur. Bu bakteriler genel olarak zarars\u0131z olmakla birlikte, deri veya mukozadaki \u00e7atlaklardan v\u00fccuda girdiklerinde enfeksiyonlara yol a\u00e7abilmektedirler. Staph enfeksiyonlar\u0131 olduk\u00e7a yayg\u0131nd\u0131r ve her ya\u015ftan ve k\u00f6kenden bireyleri etkileyebilir.<\/p>\n<h2>Stafilokok Enfeksiyonlar\u0131n\u0131 Anlamak<\/h2>\n<p><strong>Stafilokok enfeksiyonlar\u0131<\/strong> Staphylococcus bakterilerinden kaynaklan\u0131r ve a\u015fa\u011f\u0131dakiler de dahil olmak \u00fczere \u00e7e\u015fitli \u015fekillerde ortaya \u00e7\u0131kabilir:<\/p>\n<ul>\n<li>\u00c7\u0131ban, impetigo ve sel\u00fclit gibi cilt enfeksiyonlar\u0131<\/li>\n<li>Zat\u00fcrre gibi solunum yolu enfeksiyonlar\u0131<\/li>\n<li>Kirlenmi\u015f g\u0131da t\u00fcketildi\u011finde g\u0131da zehirlenmesi<\/li>\n<li>Hayat\u0131 tehdit edebilen kan dola\u015f\u0131m\u0131 enfeksiyonlar\u0131<\/li>\n<\/ul>\n<p>Baz\u0131 formlar \u015fiddetli olabilece\u011finden ve \u00f6zel tedaviler gerektirebilece\u011finden, stafilokok enfeksiyonlar\u0131 ortaya \u00e7\u0131kt\u0131\u011f\u0131nda semptomlar\u0131 tan\u0131mak ve derhal t\u0131bbi yard\u0131m istemek \u00e7ok \u00f6nemlidir.<\/p>\n<h2>Staph Enfeksiyonlar\u0131n\u0131n \u00d6nlenmesi ve Tedavisi<\/h2>\n<p>\u00d6nleme <strong>staph enfeksiyonlar\u0131<\/strong> d\u00fczenli el y\u0131kama, cildin temiz ve sa\u011flam tutulmas\u0131 ve enfekte ki\u015filerle yak\u0131n temastan ka\u00e7\u0131n\u0131lmas\u0131 gibi iyi hijyen uygulamalar\u0131n\u0131 i\u00e7erir. Sa\u011fl\u0131k hizmetlerinde stafilokok enfeksiyonlar\u0131n\u0131n yay\u0131lmas\u0131n\u0131 \u00f6nlemek i\u00e7in enfeksiyon kontrol \u00f6nlemleri \u00e7ok \u00f6nemlidir.<\/p>\n<p>Tedavi s\u00f6z konusu oldu\u011funda stafilokok enfeksiyonunun t\u00fcr\u00fc ve ciddiyeti yakla\u015f\u0131m\u0131 belirleyecektir. Hafif cilt enfeksiyonlar\u0131 yaln\u0131zca topikal antibiyotik gerektirebilirken, daha ciddi enfeksiyonlar intraven\u00f6z antibiyotik ve hastaneye kald\u0131r\u0131lmay\u0131 gerektirebilir.<\/p>\n<p>Kursumuz size stafilokok enfeksiyonlar\u0131, bunlar\u0131n \u00f6nlenmesi ve tedavisi hakk\u0131nda kapsaml\u0131 bir anlay\u0131\u015f sa\u011flayacakt\u0131r. Belirtileri ve semptomlar\u0131 nas\u0131l tan\u0131yaca\u011f\u0131n\u0131z\u0131, uygun hijyenin \u00f6nemini nas\u0131l anlayaca\u011f\u0131n\u0131z\u0131 ve mevcut \u00e7e\u015fitli tedavi se\u00e7eneklerini nas\u0131l ke\u015ffedece\u011finizi \u00f6\u011freneceksiniz.<\/p>\n<h2>Staph Enfeksiyon Fark\u0131ndal\u0131\u011f\u0131n\u0131n Kontrol\u00fcn\u00fc Elinize Al\u0131n<\/h2>\n<p>Bilginiz <strong>stafilokok enfeksiyonu<\/strong> Bu yayg\u0131n bakteriyel enfeksiyonlar\u0131n \u00f6nlenmesinde ve y\u00f6netilmesinde \u00f6nemli bir fark yaratabilir. Bug\u00fcn kursumuza kaydolun ve kendinizi ve ba\u015fkalar\u0131n\u0131 stafilokok enfeksiyonlar\u0131ndan korumak i\u00e7in gereken bilgilerle kendinizi g\u00fc\u00e7lendirin.<\/p>\n<h2>Bug\u00fcn Kaydolun<\/h2>\n<p>Staph enfeksiyonlar\u0131na kar\u015f\u0131 m\u00fccadelede bize kat\u0131l\u0131n. Kapsaml\u0131 program\u0131m\u0131za kaydolun <strong>stafilokok enfeksiyonu<\/strong> \u015eimdi elbette olun ve sa\u011fl\u0131\u011f\u0131n\u0131z\u0131n ve etraf\u0131n\u0131zdakilerin sa\u011fl\u0131\u011f\u0131n\u0131n koruyucusu olun.<\/p>","protected":false},"excerpt":{"rendered":"<p>Stafilokok enfeksiyonlar\u0131 hakk\u0131nda bilgi edinerek kendinizi g\u00fc\u00e7lendirin. Kapsaml\u0131 kursumuz \u00f6nleme ve tedaviyi kapsayarak sa\u011fl\u0131\u011f\u0131n\u0131z\u0131 koruman\u0131za yard\u0131mc\u0131 olur. Bug\u00fcn kaydolun!<\/p>","protected":false},"featured_media":15354,"template":"","meta":{"_et_pb_use_builder":"","_et_pb_old_content":"","_et_gb_content_width":""},"product_brand":[],"product_cat":[136,143,153,160],"product_tag":[],"class_list":{"0":"post-28575","1":"product","2":"type-product","3":"status-publish","4":"has-post-thumbnail","6":"product_cat-first-aid","7":"product_cat-health-and-safety","8":"product_cat-medical","9":"product_cat-ppe","11":"first","12":"instock","13":"virtual","14":"sold-individually","15":"purchasable","16":"product-type-simple"},"yoast_head":"<!-- This site is optimized with the Yoast SEO plugin v27.3 - https:\/\/yoast.com\/product\/yoast-seo-wordpress\/ -->\n<title>Staph Infection - Global Safety &amp; Environmental<\/title>\n<meta name=\"description\" content=\"Learn about staph infections, their causes, symptoms, prevention, and treatment. Enroll in our course to protect yourself and others from staph infection.\" \/>\n<meta name=\"robots\" content=\"index, follow, max-snippet:-1, max-image-preview:large, max-video-preview:-1\" \/>\n<link rel=\"canonical\" href=\"https:\/\/globaltraining.com\/tr\/urun\/stafilokok-enfeksiyonu\/\" \/>\n<meta property=\"og:locale\" content=\"tr_TR\" \/>\n<meta property=\"og:type\" content=\"article\" \/>\n<meta property=\"og:title\" content=\"Staph Infection - Global Safety &amp; Environmental\" \/>\n<meta property=\"og:description\" content=\"Learn about staph infections, their causes, symptoms, prevention, and treatment. Enroll in our course to protect yourself and others from staph infection.\" \/>\n<meta property=\"og:url\" content=\"https:\/\/globaltraining.com\/tr\/urun\/stafilokok-enfeksiyonu\/\" \/>\n<meta property=\"og:site_name\" content=\"Global Safety &amp; Environmental\" \/>\n<meta property=\"article:modified_time\" content=\"2024-11-27T22:47:23+00:00\" \/>\n<meta property=\"og:image\" content=\"https:\/\/globaltraining.com\/wp-content\/uploads\/2023\/06\/Staph-Infection-2-1.jpg\" \/>\n\t<meta property=\"og:image:width\" content=\"1200\" \/>\n\t<meta property=\"og:image:height\" content=\"800\" \/>\n\t<meta property=\"og:image:type\" content=\"image\/jpeg\" \/>\n<meta name=\"twitter:card\" content=\"summary_large_image\" \/>\n<meta name=\"twitter:label1\" content=\"Est. reading time\" \/>\n\t<meta name=\"twitter:data1\" content=\"2 minutes\" \/>\n<script type=\"application\/ld+json\" class=\"yoast-schema-graph\">{\"@context\":\"https:\\\/\\\/schema.org\",\"@graph\":[{\"@type\":\"WebPage\",\"@id\":\"https:\\\/\\\/globaltraining.com\\\/product\\\/staph-infection\\\/\",\"url\":\"https:\\\/\\\/globaltraining.com\\\/product\\\/staph-infection\\\/\",\"name\":\"Staph Infection - Global Safety &amp; Environmental\",\"isPartOf\":{\"@id\":\"https:\\\/\\\/globaltraining.com\\\/#website\"},\"primaryImageOfPage\":{\"@id\":\"https:\\\/\\\/globaltraining.com\\\/product\\\/staph-infection\\\/#primaryimage\"},\"image\":{\"@id\":\"https:\\\/\\\/globaltraining.com\\\/product\\\/staph-infection\\\/#primaryimage\"},\"thumbnailUrl\":\"https:\\\/\\\/globaltraining.com\\\/wp-content\\\/uploads\\\/2023\\\/06\\\/Staph-Infection-2-1.jpg\",\"datePublished\":\"2023-09-11T18:57:43+00:00\",\"dateModified\":\"2024-11-27T22:47:23+00:00\",\"description\":\"Learn about staph infections, their causes, symptoms, prevention, and treatment. Enroll in our course to protect yourself and others from staph infection.\",\"breadcrumb\":{\"@id\":\"https:\\\/\\\/globaltraining.com\\\/product\\\/staph-infection\\\/#breadcrumb\"},\"inLanguage\":\"tr-TR\",\"potentialAction\":[{\"@type\":\"ReadAction\",\"target\":[\"https:\\\/\\\/globaltraining.com\\\/product\\\/staph-infection\\\/\"]}]},{\"@type\":\"ImageObject\",\"inLanguage\":\"tr-TR\",\"@id\":\"https:\\\/\\\/globaltraining.com\\\/product\\\/staph-infection\\\/#primaryimage\",\"url\":\"https:\\\/\\\/globaltraining.com\\\/wp-content\\\/uploads\\\/2023\\\/06\\\/Staph-Infection-2-1.jpg\",\"contentUrl\":\"https:\\\/\\\/globaltraining.com\\\/wp-content\\\/uploads\\\/2023\\\/06\\\/Staph-Infection-2-1.jpg\",\"width\":1200,\"height\":800,\"caption\":\"Staph Infection\"},{\"@type\":\"BreadcrumbList\",\"@id\":\"https:\\\/\\\/globaltraining.com\\\/product\\\/staph-infection\\\/#breadcrumb\",\"itemListElement\":[{\"@type\":\"ListItem\",\"position\":1,\"name\":\"Home\",\"item\":\"https:\\\/\\\/globaltraining.com\\\/\"},{\"@type\":\"ListItem\",\"position\":2,\"name\":\"Productos\",\"item\":\"https:\\\/\\\/globaltraining.com\\\/es\\\/shop\\\/\"},{\"@type\":\"ListItem\",\"position\":3,\"name\":\"Staph Infection\"}]},{\"@type\":\"WebSite\",\"@id\":\"https:\\\/\\\/globaltraining.com\\\/#website\",\"url\":\"https:\\\/\\\/globaltraining.com\\\/\",\"name\":\"Global Safety & Environmental\",\"description\":\"Full Service Health, Safety, and Environmental Courses\",\"publisher\":{\"@id\":\"https:\\\/\\\/globaltraining.com\\\/#organization\"},\"potentialAction\":[{\"@type\":\"SearchAction\",\"target\":{\"@type\":\"EntryPoint\",\"urlTemplate\":\"https:\\\/\\\/globaltraining.com\\\/?s={search_term_string}\"},\"query-input\":{\"@type\":\"PropertyValueSpecification\",\"valueRequired\":true,\"valueName\":\"search_term_string\"}}],\"inLanguage\":\"tr-TR\"},{\"@type\":\"Organization\",\"@id\":\"https:\\\/\\\/globaltraining.com\\\/#organization\",\"name\":\"Global Safety & Environmental\",\"url\":\"https:\\\/\\\/globaltraining.com\\\/\",\"logo\":{\"@type\":\"ImageObject\",\"inLanguage\":\"tr-TR\",\"@id\":\"https:\\\/\\\/globaltraining.com\\\/#\\\/schema\\\/logo\\\/image\\\/\",\"url\":\"https:\\\/\\\/globaltraining.com\\\/wp-content\\\/uploads\\\/2021\\\/01\\\/GSE-Logo-for-email.png\",\"contentUrl\":\"https:\\\/\\\/globaltraining.com\\\/wp-content\\\/uploads\\\/2021\\\/01\\\/GSE-Logo-for-email.png\",\"width\":400,\"height\":101,\"caption\":\"Global Safety & Environmental\"},\"image\":{\"@id\":\"https:\\\/\\\/globaltraining.com\\\/#\\\/schema\\\/logo\\\/image\\\/\"}}]}<\/script>\n<!-- \/ Yoast SEO plugin. -->","yoast_head_json":{"title":"Staph Enfeksiyonu - K\u00fcresel G\u00fcvenlik ve \u00c7evre","description":"Staph enfeksiyonlar\u0131, nedenleri, semptomlar\u0131, \u00f6nlenmesi ve tedavisi hakk\u0131nda bilgi edinin. Kendinizi ve ba\u015fkalar\u0131n\u0131 staph enfeksiyonundan korumak i\u00e7in kursumuza kaydolun.","robots":{"index":"index","follow":"follow","max-snippet":"max-snippet:-1","max-image-preview":"max-image-preview:large","max-video-preview":"max-video-preview:-1"},"canonical":"https:\/\/globaltraining.com\/tr\/urun\/stafilokok-enfeksiyonu\/","og_locale":"tr_TR","og_type":"article","og_title":"Staph Infection - Global Safety &amp; Environmental","og_description":"Learn about staph infections, their causes, symptoms, prevention, and treatment. Enroll in our course to protect yourself and others from staph infection.","og_url":"https:\/\/globaltraining.com\/tr\/urun\/stafilokok-enfeksiyonu\/","og_site_name":"Global Safety &amp; Environmental","article_modified_time":"2024-11-27T22:47:23+00:00","og_image":[{"width":1200,"height":800,"url":"https:\/\/globaltraining.com\/wp-content\/uploads\/2023\/06\/Staph-Infection-2-1.jpg","type":"image\/jpeg"}],"twitter_card":"summary_large_image","twitter_misc":{"Est. reading time":"2 minutes"},"schema":{"@context":"https:\/\/schema.org","@graph":[{"@type":"WebPage","@id":"https:\/\/globaltraining.com\/product\/staph-infection\/","url":"https:\/\/globaltraining.com\/product\/staph-infection\/","name":"Staph Enfeksiyonu - K\u00fcresel G\u00fcvenlik ve \u00c7evre","isPartOf":{"@id":"https:\/\/globaltraining.com\/#website"},"primaryImageOfPage":{"@id":"https:\/\/globaltraining.com\/product\/staph-infection\/#primaryimage"},"image":{"@id":"https:\/\/globaltraining.com\/product\/staph-infection\/#primaryimage"},"thumbnailUrl":"https:\/\/globaltraining.com\/wp-content\/uploads\/2023\/06\/Staph-Infection-2-1.jpg","datePublished":"2023-09-11T18:57:43+00:00","dateModified":"2024-11-27T22:47:23+00:00","description":"Staph enfeksiyonlar\u0131, nedenleri, semptomlar\u0131, \u00f6nlenmesi ve tedavisi hakk\u0131nda bilgi edinin. Kendinizi ve ba\u015fkalar\u0131n\u0131 staph enfeksiyonundan korumak i\u00e7in kursumuza kaydolun.","breadcrumb":{"@id":"https:\/\/globaltraining.com\/product\/staph-infection\/#breadcrumb"},"inLanguage":"tr-TR","potentialAction":[{"@type":"ReadAction","target":["https:\/\/globaltraining.com\/product\/staph-infection\/"]}]},{"@type":"ImageObject","inLanguage":"tr-TR","@id":"https:\/\/globaltraining.com\/product\/staph-infection\/#primaryimage","url":"https:\/\/globaltraining.com\/wp-content\/uploads\/2023\/06\/Staph-Infection-2-1.jpg","contentUrl":"https:\/\/globaltraining.com\/wp-content\/uploads\/2023\/06\/Staph-Infection-2-1.jpg","width":1200,"height":800,"caption":"Staph Infection"},{"@type":"BreadcrumbList","@id":"https:\/\/globaltraining.com\/product\/staph-infection\/#breadcrumb","itemListElement":[{"@type":"ListItem","position":1,"name":"Home","item":"https:\/\/globaltraining.com\/"},{"@type":"ListItem","position":2,"name":"Productos","item":"https:\/\/globaltraining.com\/es\/shop\/"},{"@type":"ListItem","position":3,"name":"Staph Infection"}]},{"@type":"WebSite","@id":"https:\/\/globaltraining.com\/#website","url":"https:\/\/globaltraining.com\/","name":"K\u00fcresel G\u00fcvenlik ve \u00c7evre","description":"Tam Hizmet Sa\u011fl\u0131k, G\u00fcvenlik ve \u00c7evre Kurslar\u0131","publisher":{"@id":"https:\/\/globaltraining.com\/#organization"},"potentialAction":[{"@type":"SearchAction","target":{"@type":"EntryPoint","urlTemplate":"https:\/\/globaltraining.com\/?s={search_term_string}"},"query-input":{"@type":"PropertyValueSpecification","valueRequired":true,"valueName":"search_term_string"}}],"inLanguage":"tr-TR"},{"@type":"Organization","@id":"https:\/\/globaltraining.com\/#organization","name":"K\u00fcresel G\u00fcvenlik ve \u00c7evre","url":"https:\/\/globaltraining.com\/","logo":{"@type":"ImageObject","inLanguage":"tr-TR","@id":"https:\/\/globaltraining.com\/#\/schema\/logo\/image\/","url":"https:\/\/globaltraining.com\/wp-content\/uploads\/2021\/01\/GSE-Logo-for-email.png","contentUrl":"https:\/\/globaltraining.com\/wp-content\/uploads\/2021\/01\/GSE-Logo-for-email.png","width":400,"height":101,"caption":"Global Safety & Environmental"},"image":{"@id":"https:\/\/globaltraining.com\/#\/schema\/logo\/image\/"}}]}},"_links":{"self":[{"href":"https:\/\/globaltraining.com\/tr\/wp-json\/wp\/v2\/product\/28575","targetHints":{"allow":["GET"]}}],"collection":[{"href":"https:\/\/globaltraining.com\/tr\/wp-json\/wp\/v2\/product"}],"about":[{"href":"https:\/\/globaltraining.com\/tr\/wp-json\/wp\/v2\/types\/product"}],"wp:featuredmedia":[{"embeddable":true,"href":"https:\/\/globaltraining.com\/tr\/wp-json\/wp\/v2\/media\/15354"}],"wp:attachment":[{"href":"https:\/\/globaltraining.com\/tr\/wp-json\/wp\/v2\/media?parent=28575"}],"wp:term":[{"taxonomy":"product_brand","embeddable":true,"href":"https:\/\/globaltraining.com\/tr\/wp-json\/wp\/v2\/product_brand?post=28575"},{"taxonomy":"product_cat","embeddable":true,"href":"https:\/\/globaltraining.com\/tr\/wp-json\/wp\/v2\/product_cat?post=28575"},{"taxonomy":"product_tag","embeddable":true,"href":"https:\/\/globaltraining.com\/tr\/wp-json\/wp\/v2\/product_tag?post=28575"}],"curies":[{"name":"wp","href":"https:\/\/api.w.org\/{rel}","templated":true}]}}