{"id":28574,"date":"2023-09-11T13:53:33","date_gmt":"2023-09-11T18:53:33","guid":{"rendered":"https:\/\/globaltraining.com\/?post_type=product&#038;p=28574"},"modified":"2024-11-27T16:47:48","modified_gmt":"2024-11-27T22:47:48","slug":"sizinti-onleme-ve-kirlilik","status":"publish","type":"product","link":"https:\/\/globaltraining.com\/tr\/product\/spill-prevention-and-pollution\/","title":{"rendered":"D\u00f6k\u00fclmeyi \u00d6nleme ve Kirlilik"},"content":{"rendered":"<h2>D\u00f6k\u00fclmeyi \u00d6nleme ve Kirlilik Kontrol\u00fc ile \u00c7evremizi Korumak<\/h2>\n<p>Sa\u011flama <strong>D\u00f6k\u00fclmenin \u00f6nlenmesi ve kirlilik kontrol\u00fc<\/strong> \u00c7evremizi korumak ve do\u011fal g\u00fczelliklerini korumak a\u00e7\u0131s\u0131ndan hayati \u00f6nem ta\u015f\u0131yor. Kazara meydana gelen d\u00f6k\u00fclmeler, ekosistemleri, su kaynaklar\u0131n\u0131 ve halk sa\u011fl\u0131\u011f\u0131n\u0131 etkileyen feci sonu\u00e7lara yol a\u00e7abilir. Kapsaml\u0131 \u00e7evrimi\u00e7i e\u011fitim program\u0131m\u0131z, sizi potansiyel d\u00f6k\u00fclmeleri \u00f6nlemek, m\u00fcdahale etmek ve azaltmak i\u00e7in gereken bilgi ve becerilerle donatmak, daha temiz ve daha g\u00fcvenli bir d\u00fcnyaya katk\u0131da bulunmak i\u00e7in burada.<\/p>\n<p>End\u00fcstriyel tesislerden evdeki g\u00fcnl\u00fck aktivitelere kadar \u00e7e\u015fitli ortamlarda d\u00f6k\u00fclmeler meydana gelebilir. \u0130lkelerini anlamak <strong>d\u00f6k\u00fclme \u00f6nleme<\/strong> ve kirlilik kontrol\u00fc sadece bir sorumluluk de\u011fildir; bu bir zorunluluktur. Kursumuz geni\u015f bir konu yelpazesini kapsamakta olup, nerede meydana gelirlerse gelsin, d\u00f6k\u00fclmelere etkili bir \u015fekilde m\u00fcdahale etmeye haz\u0131rl\u0131kl\u0131 olman\u0131z\u0131 sa\u011flar.<\/p>\n<h2>D\u00f6k\u00fclmeyi \u00d6nlemenin \u00d6nemi<\/h2>\n<p><strong>D\u00f6k\u00fclmeyi \u00f6nleme<\/strong> \u00c7evre kirlili\u011fine kar\u015f\u0131 ilk savunma hatt\u0131d\u0131r. \u0130lk etapta d\u00f6k\u00fclme riskini azaltmak i\u00e7in proaktif \u00f6nlemlerin uygulanmas\u0131n\u0131 i\u00e7erir. E\u011fitim program\u0131m\u0131z a\u015fa\u011f\u0131daki temel alanlar\u0131 kapsayarak s\u0131z\u0131nt\u0131n\u0131n \u00f6nlenmesinin \u00f6nemini ortaya koymaktad\u0131r:<\/p>\n<ul>\n<li>Potansiyel d\u00f6k\u00fclme kaynaklar\u0131n\u0131n ve tehlikelerinin belirlenmesi<\/li>\n<li>\u00d6nleyici tedbirlerin ve en iyi uygulamalar\u0131n uygulanmas\u0131<\/li>\n<li>\u00c7evre mevzuat\u0131na uygunlu\u011fun sa\u011flanmas\u0131<\/li>\n<li>D\u00f6k\u00fclme fark\u0131ndal\u0131\u011f\u0131 k\u00fclt\u00fcr\u00fcn\u00fcn te\u015fvik edilmesi<\/li>\n<\/ul>\n<p>Bireyler ve kurulu\u015flar, s\u0131z\u0131nt\u0131n\u0131n \u00f6nlenmesine y\u00f6nelik proaktif bir yakla\u015f\u0131m benimseyerek olaylar\u0131n meydana gelme olas\u0131l\u0131\u011f\u0131n\u0131 \u00f6nemli \u00f6l\u00e7\u00fcde azaltabilir.<\/p>\n<h2>Kirlilik Kontrol\u00fc i\u00e7in Kapsaml\u0131 \u00c7evrimi\u00e7i E\u011fitim<\/h2>\n<p>Bizim <strong>cevrimici egitim<\/strong> Program, a\u015fa\u011f\u0131dakiler de dahil olmak \u00fczere s\u0131z\u0131nt\u0131n\u0131n \u00f6nlenmesi ve kirlilik kontrol\u00fcne ili\u015fkin kapsaml\u0131 bir kapsam sunmaktad\u0131r:<\/p>\n<ul>\n<li>Acil m\u00fcdahale protokolleri<\/li>\n<li>Uygun d\u00f6k\u00fclme temizleme prosed\u00fcrleri<\/li>\n<li>At\u0131k y\u00f6netimi ve bertaraf\u0131<\/li>\n<li>\u00c7evresel etki de\u011ferlendirmeleri<\/li>\n<\/ul>\n<p>Bilginin sorumlu \u00e7evre y\u00f6netiminin anahtar\u0131 oldu\u011funa inan\u0131yoruz. E\u011fitimimiz sadece e\u011fitmekle kalm\u0131yor, ayn\u0131 zamanda bireyleri bir d\u00f6k\u00fclme durumuyla kar\u015f\u0131 kar\u015f\u0131ya kald\u0131klar\u0131nda an\u0131nda ve etkili bir \u015fekilde harekete ge\u00e7meleri i\u00e7in g\u00fc\u00e7lendiriyor.<\/p>\n<h2>\u00c7evremizi Korumak \u0130\u00e7in Bize Kat\u0131l\u0131n<\/h2>\n<p>\u00c7evremizi koruma sorumlulu\u011fu her bireyin omuzlar\u0131ndad\u0131r. \u0130ster evde, ister i\u015fte, ister do\u011fada olun, s\u0131z\u0131nt\u0131n\u0131n \u00f6nlenmesini ve kirlilik kontrol\u00fcn\u00fc anlamak \u00e7ok \u00f6nemlidir. \u00c7evrimi\u00e7i e\u011fitim program\u0131m\u0131za bug\u00fcn kaydolun ve de\u011ferli \u00e7evremizin koruyucusu olun.<\/p>\n<h2>Bug\u00fcn bize kat\u0131l<\/h2>\n<p>\u00c7evre kirlili\u011fine kar\u015f\u0131 m\u00fccadelemizde bize kat\u0131l\u0131n. Kay\u0131t olun <strong>D\u00f6k\u00fclmeyi \u00d6nleme ve Kirlilik Kontrol\u00fc<\/strong> \u015eimdi \u00e7evrimi\u00e7i e\u011fitim program\u0131n\u0131 ba\u015flat\u0131n ve herkes i\u00e7in daha temiz ve daha g\u00fcvenli bir d\u00fcnya yaratmak i\u00e7in birlikte \u00e7al\u0131\u015fal\u0131m.<\/p>","protected":false},"excerpt":{"rendered":"<p>D\u00f6k\u00fclmeyi \u00d6nleme ve Kirlilik Kontrol\u00fc \u00e7evrimi\u00e7i e\u011fitimimizle \u00e7evre koruyucusu olun. D\u00f6k\u00fclmeleri \u00f6nleme, m\u00fcdahale etme ve azaltma becerilerini kazan\u0131n. Bug\u00fcn kaydolun!<\/p>","protected":false},"featured_media":27168,"template":"","meta":{"_et_pb_use_builder":"","_et_pb_old_content":"","_et_gb_content_width":""},"product_brand":[],"product_cat":[131,141,143,176,169],"product_tag":[],"class_list":{"0":"post-28574","1":"product","2":"type-product","3":"status-publish","4":"has-post-thumbnail","6":"product_cat-emergency-preparedness","7":"product_cat-hazardous-materials","8":"product_cat-health-and-safety","9":"product_cat-marine","10":"product_cat-transportation","12":"first","13":"instock","14":"virtual","15":"sold-individually","16":"purchasable","17":"product-type-simple"},"yoast_head":"<!-- This site is optimized with the Yoast SEO plugin v27.4 - https:\/\/yoast.com\/product\/yoast-seo-wordpress\/ -->\n<title>Spill Prevention and Pollution - Global Safety &amp; Environmental<\/title>\n<meta name=\"description\" content=\"Learn spill prevention and pollution control with our online training. Protect the environment and ensure a cleaner world. Enroll now.\" \/>\n<meta name=\"robots\" content=\"index, follow, max-snippet:-1, max-image-preview:large, max-video-preview:-1\" \/>\n<link rel=\"canonical\" href=\"https:\/\/globaltraining.com\/tr\/urun\/sizinti-onleme-ve-kirlilik\/\" \/>\n<meta property=\"og:locale\" content=\"tr_TR\" \/>\n<meta property=\"og:type\" content=\"article\" \/>\n<meta property=\"og:title\" content=\"Spill Prevention and Pollution - Global Safety &amp; Environmental\" \/>\n<meta property=\"og:description\" content=\"Learn spill prevention and pollution control with our online training. Protect the environment and ensure a cleaner world. Enroll now.\" \/>\n<meta property=\"og:url\" content=\"https:\/\/globaltraining.com\/tr\/urun\/sizinti-onleme-ve-kirlilik\/\" \/>\n<meta property=\"og:site_name\" content=\"Global Safety &amp; Environmental\" \/>\n<meta property=\"article:modified_time\" content=\"2024-11-27T22:47:48+00:00\" \/>\n<meta property=\"og:image\" content=\"https:\/\/globaltraining.com\/wp-content\/uploads\/2021\/09\/iStock-1317215548.jpg\" \/>\n\t<meta property=\"og:image:width\" content=\"1200\" \/>\n\t<meta property=\"og:image:height\" content=\"800\" \/>\n\t<meta property=\"og:image:type\" content=\"image\/jpeg\" \/>\n<meta name=\"twitter:card\" content=\"summary_large_image\" \/>\n<meta name=\"twitter:label1\" content=\"Est. reading time\" \/>\n\t<meta name=\"twitter:data1\" content=\"2 minutes\" \/>\n<script type=\"application\/ld+json\" class=\"yoast-schema-graph\">{\"@context\":\"https:\\\/\\\/schema.org\",\"@graph\":[{\"@type\":\"WebPage\",\"@id\":\"https:\\\/\\\/globaltraining.com\\\/product\\\/spill-prevention-and-pollution\\\/\",\"url\":\"https:\\\/\\\/globaltraining.com\\\/product\\\/spill-prevention-and-pollution\\\/\",\"name\":\"Spill Prevention and Pollution - Global Safety &amp; Environmental\",\"isPartOf\":{\"@id\":\"https:\\\/\\\/globaltraining.com\\\/#website\"},\"primaryImageOfPage\":{\"@id\":\"https:\\\/\\\/globaltraining.com\\\/product\\\/spill-prevention-and-pollution\\\/#primaryimage\"},\"image\":{\"@id\":\"https:\\\/\\\/globaltraining.com\\\/product\\\/spill-prevention-and-pollution\\\/#primaryimage\"},\"thumbnailUrl\":\"https:\\\/\\\/globaltraining.com\\\/wp-content\\\/uploads\\\/2021\\\/09\\\/iStock-1317215548.jpg\",\"datePublished\":\"2023-09-11T18:53:33+00:00\",\"dateModified\":\"2024-11-27T22:47:48+00:00\",\"description\":\"Learn spill prevention and pollution control with our online training. Protect the environment and ensure a cleaner world. Enroll now.\",\"breadcrumb\":{\"@id\":\"https:\\\/\\\/globaltraining.com\\\/product\\\/spill-prevention-and-pollution\\\/#breadcrumb\"},\"inLanguage\":\"tr-TR\",\"potentialAction\":[{\"@type\":\"ReadAction\",\"target\":[\"https:\\\/\\\/globaltraining.com\\\/product\\\/spill-prevention-and-pollution\\\/\"]}]},{\"@type\":\"ImageObject\",\"inLanguage\":\"tr-TR\",\"@id\":\"https:\\\/\\\/globaltraining.com\\\/product\\\/spill-prevention-and-pollution\\\/#primaryimage\",\"url\":\"https:\\\/\\\/globaltraining.com\\\/wp-content\\\/uploads\\\/2021\\\/09\\\/iStock-1317215548.jpg\",\"contentUrl\":\"https:\\\/\\\/globaltraining.com\\\/wp-content\\\/uploads\\\/2021\\\/09\\\/iStock-1317215548.jpg\",\"width\":1200,\"height\":800,\"caption\":\"Offshore construction platform for production oil and gas. Oil and gas industry and hard work. Production platform and operation process by manual and auto function from control room.\"},{\"@type\":\"BreadcrumbList\",\"@id\":\"https:\\\/\\\/globaltraining.com\\\/product\\\/spill-prevention-and-pollution\\\/#breadcrumb\",\"itemListElement\":[{\"@type\":\"ListItem\",\"position\":1,\"name\":\"Home\",\"item\":\"https:\\\/\\\/globaltraining.com\\\/\"},{\"@type\":\"ListItem\",\"position\":2,\"name\":\"Productos\",\"item\":\"https:\\\/\\\/globaltraining.com\\\/es\\\/shop\\\/\"},{\"@type\":\"ListItem\",\"position\":3,\"name\":\"Spill Prevention and Pollution\"}]},{\"@type\":\"WebSite\",\"@id\":\"https:\\\/\\\/globaltraining.com\\\/#website\",\"url\":\"https:\\\/\\\/globaltraining.com\\\/\",\"name\":\"Global Safety & Environmental\",\"description\":\"Full Service Health, Safety, and Environmental Courses\",\"publisher\":{\"@id\":\"https:\\\/\\\/globaltraining.com\\\/#organization\"},\"potentialAction\":[{\"@type\":\"SearchAction\",\"target\":{\"@type\":\"EntryPoint\",\"urlTemplate\":\"https:\\\/\\\/globaltraining.com\\\/?s={search_term_string}\"},\"query-input\":{\"@type\":\"PropertyValueSpecification\",\"valueRequired\":true,\"valueName\":\"search_term_string\"}}],\"inLanguage\":\"tr-TR\"},{\"@type\":\"Organization\",\"@id\":\"https:\\\/\\\/globaltraining.com\\\/#organization\",\"name\":\"Global Safety & Environmental\",\"url\":\"https:\\\/\\\/globaltraining.com\\\/\",\"logo\":{\"@type\":\"ImageObject\",\"inLanguage\":\"tr-TR\",\"@id\":\"https:\\\/\\\/globaltraining.com\\\/#\\\/schema\\\/logo\\\/image\\\/\",\"url\":\"https:\\\/\\\/globaltraining.com\\\/wp-content\\\/uploads\\\/2021\\\/01\\\/GSE-Logo-for-email.png\",\"contentUrl\":\"https:\\\/\\\/globaltraining.com\\\/wp-content\\\/uploads\\\/2021\\\/01\\\/GSE-Logo-for-email.png\",\"width\":400,\"height\":101,\"caption\":\"Global Safety & Environmental\"},\"image\":{\"@id\":\"https:\\\/\\\/globaltraining.com\\\/#\\\/schema\\\/logo\\\/image\\\/\"}}]}<\/script>\n<!-- \/ Yoast SEO plugin. -->","yoast_head_json":{"title":"S\u0131z\u0131nt\u0131 \u00d6nleme ve Kirlilik - K\u00fcresel G\u00fcvenlik ve \u00c7evre","description":"\u00c7evrimi\u00e7i e\u011fitimlerimizle s\u0131z\u0131nt\u0131 \u00f6nleme ve kirlilik kontrol\u00fc \u00f6\u011frenin. \u00c7evreyi koruyun ve daha temiz bir d\u00fcnya sa\u011flay\u0131n. Hemen kaydolun.","robots":{"index":"index","follow":"follow","max-snippet":"max-snippet:-1","max-image-preview":"max-image-preview:large","max-video-preview":"max-video-preview:-1"},"canonical":"https:\/\/globaltraining.com\/tr\/urun\/sizinti-onleme-ve-kirlilik\/","og_locale":"tr_TR","og_type":"article","og_title":"Spill Prevention and Pollution - Global Safety &amp; Environmental","og_description":"Learn spill prevention and pollution control with our online training. Protect the environment and ensure a cleaner world. Enroll now.","og_url":"https:\/\/globaltraining.com\/tr\/urun\/sizinti-onleme-ve-kirlilik\/","og_site_name":"Global Safety &amp; Environmental","article_modified_time":"2024-11-27T22:47:48+00:00","og_image":[{"width":1200,"height":800,"url":"https:\/\/globaltraining.com\/wp-content\/uploads\/2021\/09\/iStock-1317215548.jpg","type":"image\/jpeg"}],"twitter_card":"summary_large_image","twitter_misc":{"Est. reading time":"2 minutes"},"schema":{"@context":"https:\/\/schema.org","@graph":[{"@type":"WebPage","@id":"https:\/\/globaltraining.com\/product\/spill-prevention-and-pollution\/","url":"https:\/\/globaltraining.com\/product\/spill-prevention-and-pollution\/","name":"S\u0131z\u0131nt\u0131 \u00d6nleme ve Kirlilik - K\u00fcresel G\u00fcvenlik ve \u00c7evre","isPartOf":{"@id":"https:\/\/globaltraining.com\/#website"},"primaryImageOfPage":{"@id":"https:\/\/globaltraining.com\/product\/spill-prevention-and-pollution\/#primaryimage"},"image":{"@id":"https:\/\/globaltraining.com\/product\/spill-prevention-and-pollution\/#primaryimage"},"thumbnailUrl":"https:\/\/globaltraining.com\/wp-content\/uploads\/2021\/09\/iStock-1317215548.jpg","datePublished":"2023-09-11T18:53:33+00:00","dateModified":"2024-11-27T22:47:48+00:00","description":"\u00c7evrimi\u00e7i e\u011fitimlerimizle s\u0131z\u0131nt\u0131 \u00f6nleme ve kirlilik kontrol\u00fc \u00f6\u011frenin. \u00c7evreyi koruyun ve daha temiz bir d\u00fcnya sa\u011flay\u0131n. Hemen kaydolun.","breadcrumb":{"@id":"https:\/\/globaltraining.com\/product\/spill-prevention-and-pollution\/#breadcrumb"},"inLanguage":"tr-TR","potentialAction":[{"@type":"ReadAction","target":["https:\/\/globaltraining.com\/product\/spill-prevention-and-pollution\/"]}]},{"@type":"ImageObject","inLanguage":"tr-TR","@id":"https:\/\/globaltraining.com\/product\/spill-prevention-and-pollution\/#primaryimage","url":"https:\/\/globaltraining.com\/wp-content\/uploads\/2021\/09\/iStock-1317215548.jpg","contentUrl":"https:\/\/globaltraining.com\/wp-content\/uploads\/2021\/09\/iStock-1317215548.jpg","width":1200,"height":800,"caption":"Offshore construction platform for production oil and gas. Oil and gas industry and hard work. Production platform and operation process by manual and auto function from control room."},{"@type":"BreadcrumbList","@id":"https:\/\/globaltraining.com\/product\/spill-prevention-and-pollution\/#breadcrumb","itemListElement":[{"@type":"ListItem","position":1,"name":"Home","item":"https:\/\/globaltraining.com\/"},{"@type":"ListItem","position":2,"name":"Productos","item":"https:\/\/globaltraining.com\/es\/shop\/"},{"@type":"ListItem","position":3,"name":"Spill Prevention and Pollution"}]},{"@type":"WebSite","@id":"https:\/\/globaltraining.com\/#website","url":"https:\/\/globaltraining.com\/","name":"K\u00fcresel G\u00fcvenlik ve \u00c7evre","description":"Tam Hizmet Sa\u011fl\u0131k, G\u00fcvenlik ve \u00c7evre Kurslar\u0131","publisher":{"@id":"https:\/\/globaltraining.com\/#organization"},"potentialAction":[{"@type":"SearchAction","target":{"@type":"EntryPoint","urlTemplate":"https:\/\/globaltraining.com\/?s={search_term_string}"},"query-input":{"@type":"PropertyValueSpecification","valueRequired":true,"valueName":"search_term_string"}}],"inLanguage":"tr-TR"},{"@type":"Organization","@id":"https:\/\/globaltraining.com\/#organization","name":"K\u00fcresel G\u00fcvenlik ve \u00c7evre","url":"https:\/\/globaltraining.com\/","logo":{"@type":"ImageObject","inLanguage":"tr-TR","@id":"https:\/\/globaltraining.com\/#\/schema\/logo\/image\/","url":"https:\/\/globaltraining.com\/wp-content\/uploads\/2021\/01\/GSE-Logo-for-email.png","contentUrl":"https:\/\/globaltraining.com\/wp-content\/uploads\/2021\/01\/GSE-Logo-for-email.png","width":400,"height":101,"caption":"Global Safety & Environmental"},"image":{"@id":"https:\/\/globaltraining.com\/#\/schema\/logo\/image\/"}}]}},"_links":{"self":[{"href":"https:\/\/globaltraining.com\/tr\/wp-json\/wp\/v2\/product\/28574","targetHints":{"allow":["GET"]}}],"collection":[{"href":"https:\/\/globaltraining.com\/tr\/wp-json\/wp\/v2\/product"}],"about":[{"href":"https:\/\/globaltraining.com\/tr\/wp-json\/wp\/v2\/types\/product"}],"wp:featuredmedia":[{"embeddable":true,"href":"https:\/\/globaltraining.com\/tr\/wp-json\/wp\/v2\/media\/27168"}],"wp:attachment":[{"href":"https:\/\/globaltraining.com\/tr\/wp-json\/wp\/v2\/media?parent=28574"}],"wp:term":[{"taxonomy":"product_brand","embeddable":true,"href":"https:\/\/globaltraining.com\/tr\/wp-json\/wp\/v2\/product_brand?post=28574"},{"taxonomy":"product_cat","embeddable":true,"href":"https:\/\/globaltraining.com\/tr\/wp-json\/wp\/v2\/product_cat?post=28574"},{"taxonomy":"product_tag","embeddable":true,"href":"https:\/\/globaltraining.com\/tr\/wp-json\/wp\/v2\/product_tag?post=28574"}],"curies":[{"name":"wp","href":"https:\/\/api.w.org\/{rel}","templated":true}]}}