{"id":28573,"date":"2023-09-11T13:47:48","date_gmt":"2023-09-11T18:47:48","guid":{"rendered":"https:\/\/globaltraining.com\/?post_type=product&#038;p=28573"},"modified":"2024-11-27T16:48:28","modified_gmt":"2024-11-27T22:48:28","slug":"cozucu-guvenligi","status":"publish","type":"product","link":"https:\/\/globaltraining.com\/tr\/product\/solvent-safety\/","title":{"rendered":"Solvent G\u00fcvenli\u011fi"},"content":{"rendered":"<h2>Solvent G\u00fcvenli\u011fi E\u011fitimi ile \u0130\u015fyeri G\u00fcvenli\u011fini Art\u0131r\u0131n<\/h2>\n<p>Kapsaml\u0131 program\u0131m\u0131za ho\u015f geldiniz <strong>Solvent G\u00fcvenli\u011fi<\/strong> \u0130\u015fyeri g\u00fcvenli\u011finin birinci \u00f6ncelik oldu\u011fu e\u011fitim program\u0131. Solventlerle \u00e7al\u0131\u015fmak \u00e7e\u015fitli end\u00fcstrilerde ortak bir g\u00f6revdir ancak do\u011fas\u0131 gere\u011fi riskleri de beraberinde getirir. Kursumuz, solventlerin g\u00fcvenli kullan\u0131m\u0131n\u0131, depolanmas\u0131n\u0131 ve bertaraf edilmesini sa\u011flayarak kaza ve zarar potansiyelini azaltmak i\u00e7in gereken bilgi ve becerileri sa\u011flamak \u00fczere tasarlanm\u0131\u015ft\u0131r.<\/p>\n<p>\u0130ster laboratuvarda, ister \u00fcretim tesisinde ya da solvent i\u00e7eren herhangi bir ortamda \u00e7al\u0131\u015f\u0131yor olun, <strong>Solvent G\u00fcvenli\u011fi \u00e7evrimi\u00e7i e\u011fitimi<\/strong> program ihtiyac\u0131n\u0131z olan uzmanl\u0131\u011f\u0131 ve rehberli\u011fi sunar. G\u00fcvenlik yaln\u0131zca yasal bir gereklilik de\u011fildir; bu ahlaki bir sorumluluktur. E\u011fitimlerimizle kendinizi, i\u015f arkada\u015flar\u0131n\u0131z\u0131 ve \u00e7evreyi koruyabilirsiniz.<\/p>\n<h2>Solvent G\u00fcvenli\u011finin \u00d6nemi<\/h2>\n<p>\u00c7\u00f6z\u00fcc\u00fcler, temizleme, ya\u011fdan ar\u0131nd\u0131rma ve di\u011fer maddeleri seyreltme gibi \u00e7e\u015fitli ama\u00e7larla kullan\u0131lan kimyasallard\u0131r. De\u011ferli aletler olmalar\u0131na ra\u011fmen, uygun olmayan \u015fekilde kullan\u0131lmas\u0131 sa\u011fl\u0131k tehlikelerine, yang\u0131nlara veya \u00e7evresel hasara yol a\u00e7abilir. Kursumuz bunun \u00f6nemini vurguluyor <strong>Solvent G\u00fcvenli\u011fi<\/strong> a\u015fa\u011f\u0131dakilerin derinlemesine anla\u015f\u0131lmas\u0131n\u0131 sa\u011flayarak:<\/p>\n<ul>\n<li>Solventle ilgili tehlikelerin belirlenmesi ve azalt\u0131lmas\u0131<\/li>\n<li>Uygun depolama ve ta\u015f\u0131ma teknikleri<\/li>\n<li>G\u00fcvenli imha uygulamalar\u0131<\/li>\n<li>Acil m\u00fcdahale protokolleri<\/li>\n<\/ul>\n<p>E\u011fitimimiz sadece uyumla ilgili de\u011fil; solventlerle \u00e7al\u0131\u015f\u0131rken bilin\u00e7li kararlar vermenizi sa\u011flayacak bilgiyle sizi donatmakla ilgilidir.<\/p>\n<h2>Daha G\u00fcvenli Bir \u0130\u015fyeri \u0130\u00e7in Kapsaml\u0131 E\u011fitim<\/h2>\n<p>Bizim<strong>\u00a0cevrimici egitim<\/strong> program, solvent g\u00fcvenli\u011finin b\u00fct\u00fcnsel bir \u015fekilde anla\u015f\u0131lmas\u0131n\u0131 sa\u011flamak i\u00e7in \u00e7ok \u00e7e\u015fitli konular\u0131 kapsar:<\/p>\n<ul>\n<li>Farkl\u0131 solvent t\u00fcrleri ve \u00f6zellikleri<\/li>\n<li>Ki\u015fisel koruyucu ekipman (KKD) gereklilikleri<\/li>\n<li>Havaland\u0131rma ve m\u00fchendislik kontrolleri<\/li>\n<li>Sa\u011fl\u0131k etkileri ve maruz kalma s\u0131n\u0131rlar\u0131<\/li>\n<\/ul>\n<p>G\u00fcvenli\u011fin herkesin sorumlulu\u011fu oldu\u011funa inan\u0131yoruz. E\u011fitim program\u0131m\u0131z sadece bireyleri e\u011fitmekle kalm\u0131yor, ayn\u0131 zamanda organizasyonlarda g\u00fcvenlik k\u00fclt\u00fcr\u00fcn\u00fc de te\u015fvik ediyor. Pratik bilgi ve riskleri de\u011ferlendirme ve azaltma becerisiyle daha g\u00fcvenli bir i\u015f yerine katk\u0131da bulunabilirsiniz.<\/p>\n<h2>Solvent G\u00fcvenli\u011fine Do\u011fru \u0130lk Ad\u0131m\u0131 At\u0131n<\/h2>\n<p>G\u00fcvenli\u011fe olan ba\u011fl\u0131l\u0131\u011f\u0131n\u0131z i\u015f yerinizde \u00f6nemli bir fark yaratabilir. Kazalar\u0131n olmas\u0131n\u0131 beklemeyin. E\u011fitim program\u0131m\u0131za kaydolun ve solventleri g\u00fcvenli ve sorumlu bir \u015fekilde kullanma becerileriyle kendinizi donat\u0131n.<\/p>\n<h2>Bug\u00fcn bize kat\u0131l<\/h2>\n<p>Daha g\u00fcvenli bir i\u015fyerine giden yolda bize kat\u0131l\u0131n. Kay\u0131t olun <strong>Solvent G\u00fcvenli\u011fi \u00e7evrimi\u00e7i e\u011fitimi<\/strong> Hemen programlay\u0131n ve hayatlar\u0131 ve \u00e7evreyi korumak i\u00e7in birlikte \u00e7al\u0131\u015fal\u0131m.<\/p>","protected":false},"excerpt":{"rendered":"<p>Kapsaml\u0131 Solvent G\u00fcvenli\u011fi e\u011fitimimizle solvent g\u00fcvenli\u011fi sanat\u0131nda ustala\u015f\u0131n. Kendinizi, i\u015f arkada\u015flar\u0131n\u0131z\u0131 ve \u00e7evreyi koruyun. Bug\u00fcn kaydolun!<\/p>","protected":false},"featured_media":27145,"template":"","meta":{"_et_pb_use_builder":"","_et_pb_old_content":"","_et_gb_content_width":""},"product_brand":[],"product_cat":[125,174,141,143,156],"product_tag":[],"class_list":{"0":"post-28573","1":"product","2":"type-product","3":"status-publish","4":"has-post-thumbnail","6":"product_cat-dangerous-chemicals","7":"product_cat-environmental","8":"product_cat-hazardous-materials","9":"product_cat-health-and-safety","10":"product_cat-occupational-health-and-safety","12":"first","13":"instock","14":"virtual","15":"sold-individually","16":"purchasable","17":"product-type-simple"},"yoast_head":"<!-- This site is optimized with the Yoast SEO plugin v27.4 - https:\/\/yoast.com\/product\/yoast-seo-wordpress\/ -->\n<title>Solvent Safety - Global Safety &amp; Environmental<\/title>\n<meta name=\"description\" content=\"Ensure workplace safety with our Solvent Safety training. Learn safe solvent handling, storage, and disposal. Enroll now for a safer environment.\" \/>\n<meta name=\"robots\" content=\"index, follow, max-snippet:-1, max-image-preview:large, max-video-preview:-1\" \/>\n<link rel=\"canonical\" href=\"https:\/\/globaltraining.com\/tr\/urun\/cozucu-guvenligi\/\" \/>\n<meta property=\"og:locale\" content=\"tr_TR\" \/>\n<meta property=\"og:type\" content=\"article\" \/>\n<meta property=\"og:title\" content=\"Solvent Safety - Global Safety &amp; Environmental\" \/>\n<meta property=\"og:description\" content=\"Ensure workplace safety with our Solvent Safety training. Learn safe solvent handling, storage, and disposal. Enroll now for a safer environment.\" \/>\n<meta property=\"og:url\" content=\"https:\/\/globaltraining.com\/tr\/urun\/cozucu-guvenligi\/\" \/>\n<meta property=\"og:site_name\" content=\"Global Safety &amp; Environmental\" \/>\n<meta property=\"article:modified_time\" content=\"2024-11-27T22:48:28+00:00\" \/>\n<meta property=\"og:image\" content=\"https:\/\/globaltraining.com\/wp-content\/uploads\/2021\/09\/iStock-1063777306.jpg\" \/>\n\t<meta property=\"og:image:width\" content=\"1254\" \/>\n\t<meta property=\"og:image:height\" content=\"836\" \/>\n\t<meta property=\"og:image:type\" content=\"image\/jpeg\" \/>\n<meta name=\"twitter:card\" content=\"summary_large_image\" \/>\n<meta name=\"twitter:label1\" content=\"Est. reading time\" \/>\n\t<meta name=\"twitter:data1\" content=\"2 minutes\" \/>\n<script type=\"application\/ld+json\" class=\"yoast-schema-graph\">{\"@context\":\"https:\\\/\\\/schema.org\",\"@graph\":[{\"@type\":\"WebPage\",\"@id\":\"https:\\\/\\\/globaltraining.com\\\/product\\\/solvent-safety\\\/\",\"url\":\"https:\\\/\\\/globaltraining.com\\\/product\\\/solvent-safety\\\/\",\"name\":\"Solvent Safety - Global Safety &amp; Environmental\",\"isPartOf\":{\"@id\":\"https:\\\/\\\/globaltraining.com\\\/#website\"},\"primaryImageOfPage\":{\"@id\":\"https:\\\/\\\/globaltraining.com\\\/product\\\/solvent-safety\\\/#primaryimage\"},\"image\":{\"@id\":\"https:\\\/\\\/globaltraining.com\\\/product\\\/solvent-safety\\\/#primaryimage\"},\"thumbnailUrl\":\"https:\\\/\\\/globaltraining.com\\\/wp-content\\\/uploads\\\/2021\\\/09\\\/iStock-1063777306.jpg\",\"datePublished\":\"2023-09-11T18:47:48+00:00\",\"dateModified\":\"2024-11-27T22:48:28+00:00\",\"description\":\"Ensure workplace safety with our Solvent Safety training. Learn safe solvent handling, storage, and disposal. Enroll now for a safer environment.\",\"breadcrumb\":{\"@id\":\"https:\\\/\\\/globaltraining.com\\\/product\\\/solvent-safety\\\/#breadcrumb\"},\"inLanguage\":\"tr-TR\",\"potentialAction\":[{\"@type\":\"ReadAction\",\"target\":[\"https:\\\/\\\/globaltraining.com\\\/product\\\/solvent-safety\\\/\"]}]},{\"@type\":\"ImageObject\",\"inLanguage\":\"tr-TR\",\"@id\":\"https:\\\/\\\/globaltraining.com\\\/product\\\/solvent-safety\\\/#primaryimage\",\"url\":\"https:\\\/\\\/globaltraining.com\\\/wp-content\\\/uploads\\\/2021\\\/09\\\/iStock-1063777306.jpg\",\"contentUrl\":\"https:\\\/\\\/globaltraining.com\\\/wp-content\\\/uploads\\\/2021\\\/09\\\/iStock-1063777306.jpg\",\"width\":1254,\"height\":836,\"caption\":\"Solvent Safety\"},{\"@type\":\"BreadcrumbList\",\"@id\":\"https:\\\/\\\/globaltraining.com\\\/product\\\/solvent-safety\\\/#breadcrumb\",\"itemListElement\":[{\"@type\":\"ListItem\",\"position\":1,\"name\":\"Home\",\"item\":\"https:\\\/\\\/globaltraining.com\\\/\"},{\"@type\":\"ListItem\",\"position\":2,\"name\":\"Productos\",\"item\":\"https:\\\/\\\/globaltraining.com\\\/es\\\/shop\\\/\"},{\"@type\":\"ListItem\",\"position\":3,\"name\":\"Solvent Safety\"}]},{\"@type\":\"WebSite\",\"@id\":\"https:\\\/\\\/globaltraining.com\\\/#website\",\"url\":\"https:\\\/\\\/globaltraining.com\\\/\",\"name\":\"Global Safety & Environmental\",\"description\":\"Full Service Health, Safety, and Environmental Courses\",\"publisher\":{\"@id\":\"https:\\\/\\\/globaltraining.com\\\/#organization\"},\"potentialAction\":[{\"@type\":\"SearchAction\",\"target\":{\"@type\":\"EntryPoint\",\"urlTemplate\":\"https:\\\/\\\/globaltraining.com\\\/?s={search_term_string}\"},\"query-input\":{\"@type\":\"PropertyValueSpecification\",\"valueRequired\":true,\"valueName\":\"search_term_string\"}}],\"inLanguage\":\"tr-TR\"},{\"@type\":\"Organization\",\"@id\":\"https:\\\/\\\/globaltraining.com\\\/#organization\",\"name\":\"Global Safety & Environmental\",\"url\":\"https:\\\/\\\/globaltraining.com\\\/\",\"logo\":{\"@type\":\"ImageObject\",\"inLanguage\":\"tr-TR\",\"@id\":\"https:\\\/\\\/globaltraining.com\\\/#\\\/schema\\\/logo\\\/image\\\/\",\"url\":\"https:\\\/\\\/globaltraining.com\\\/wp-content\\\/uploads\\\/2021\\\/01\\\/GSE-Logo-for-email.png\",\"contentUrl\":\"https:\\\/\\\/globaltraining.com\\\/wp-content\\\/uploads\\\/2021\\\/01\\\/GSE-Logo-for-email.png\",\"width\":400,\"height\":101,\"caption\":\"Global Safety & Environmental\"},\"image\":{\"@id\":\"https:\\\/\\\/globaltraining.com\\\/#\\\/schema\\\/logo\\\/image\\\/\"}}]}<\/script>\n<!-- \/ Yoast SEO plugin. -->","yoast_head_json":{"title":"Solvent G\u00fcvenli\u011fi - K\u00fcresel G\u00fcvenlik ve \u00c7evre","description":"Solvent G\u00fcvenli\u011fi e\u011fitimimizle i\u015fyeri g\u00fcvenli\u011fini sa\u011flay\u0131n. G\u00fcvenli solvent kullan\u0131m\u0131, depolanmas\u0131 ve bertaraf\u0131n\u0131 \u00f6\u011frenin. Daha g\u00fcvenli bir ortam i\u00e7in hemen kaydolun.","robots":{"index":"index","follow":"follow","max-snippet":"max-snippet:-1","max-image-preview":"max-image-preview:large","max-video-preview":"max-video-preview:-1"},"canonical":"https:\/\/globaltraining.com\/tr\/urun\/cozucu-guvenligi\/","og_locale":"tr_TR","og_type":"article","og_title":"Solvent Safety - Global Safety &amp; Environmental","og_description":"Ensure workplace safety with our Solvent Safety training. Learn safe solvent handling, storage, and disposal. Enroll now for a safer environment.","og_url":"https:\/\/globaltraining.com\/tr\/urun\/cozucu-guvenligi\/","og_site_name":"Global Safety &amp; Environmental","article_modified_time":"2024-11-27T22:48:28+00:00","og_image":[{"width":1254,"height":836,"url":"https:\/\/globaltraining.com\/wp-content\/uploads\/2021\/09\/iStock-1063777306.jpg","type":"image\/jpeg"}],"twitter_card":"summary_large_image","twitter_misc":{"Est. reading time":"2 minutes"},"schema":{"@context":"https:\/\/schema.org","@graph":[{"@type":"WebPage","@id":"https:\/\/globaltraining.com\/product\/solvent-safety\/","url":"https:\/\/globaltraining.com\/product\/solvent-safety\/","name":"Solvent G\u00fcvenli\u011fi - K\u00fcresel G\u00fcvenlik ve \u00c7evre","isPartOf":{"@id":"https:\/\/globaltraining.com\/#website"},"primaryImageOfPage":{"@id":"https:\/\/globaltraining.com\/product\/solvent-safety\/#primaryimage"},"image":{"@id":"https:\/\/globaltraining.com\/product\/solvent-safety\/#primaryimage"},"thumbnailUrl":"https:\/\/globaltraining.com\/wp-content\/uploads\/2021\/09\/iStock-1063777306.jpg","datePublished":"2023-09-11T18:47:48+00:00","dateModified":"2024-11-27T22:48:28+00:00","description":"Solvent G\u00fcvenli\u011fi e\u011fitimimizle i\u015fyeri g\u00fcvenli\u011fini sa\u011flay\u0131n. G\u00fcvenli solvent kullan\u0131m\u0131, depolanmas\u0131 ve bertaraf\u0131n\u0131 \u00f6\u011frenin. Daha g\u00fcvenli bir ortam i\u00e7in hemen kaydolun.","breadcrumb":{"@id":"https:\/\/globaltraining.com\/product\/solvent-safety\/#breadcrumb"},"inLanguage":"tr-TR","potentialAction":[{"@type":"ReadAction","target":["https:\/\/globaltraining.com\/product\/solvent-safety\/"]}]},{"@type":"ImageObject","inLanguage":"tr-TR","@id":"https:\/\/globaltraining.com\/product\/solvent-safety\/#primaryimage","url":"https:\/\/globaltraining.com\/wp-content\/uploads\/2021\/09\/iStock-1063777306.jpg","contentUrl":"https:\/\/globaltraining.com\/wp-content\/uploads\/2021\/09\/iStock-1063777306.jpg","width":1254,"height":836,"caption":"Solvent Safety"},{"@type":"BreadcrumbList","@id":"https:\/\/globaltraining.com\/product\/solvent-safety\/#breadcrumb","itemListElement":[{"@type":"ListItem","position":1,"name":"Home","item":"https:\/\/globaltraining.com\/"},{"@type":"ListItem","position":2,"name":"Productos","item":"https:\/\/globaltraining.com\/es\/shop\/"},{"@type":"ListItem","position":3,"name":"Solvent Safety"}]},{"@type":"WebSite","@id":"https:\/\/globaltraining.com\/#website","url":"https:\/\/globaltraining.com\/","name":"K\u00fcresel G\u00fcvenlik ve \u00c7evre","description":"Tam Hizmet Sa\u011fl\u0131k, G\u00fcvenlik ve \u00c7evre Kurslar\u0131","publisher":{"@id":"https:\/\/globaltraining.com\/#organization"},"potentialAction":[{"@type":"SearchAction","target":{"@type":"EntryPoint","urlTemplate":"https:\/\/globaltraining.com\/?s={search_term_string}"},"query-input":{"@type":"PropertyValueSpecification","valueRequired":true,"valueName":"search_term_string"}}],"inLanguage":"tr-TR"},{"@type":"Organization","@id":"https:\/\/globaltraining.com\/#organization","name":"K\u00fcresel G\u00fcvenlik ve \u00c7evre","url":"https:\/\/globaltraining.com\/","logo":{"@type":"ImageObject","inLanguage":"tr-TR","@id":"https:\/\/globaltraining.com\/#\/schema\/logo\/image\/","url":"https:\/\/globaltraining.com\/wp-content\/uploads\/2021\/01\/GSE-Logo-for-email.png","contentUrl":"https:\/\/globaltraining.com\/wp-content\/uploads\/2021\/01\/GSE-Logo-for-email.png","width":400,"height":101,"caption":"Global Safety & Environmental"},"image":{"@id":"https:\/\/globaltraining.com\/#\/schema\/logo\/image\/"}}]}},"_links":{"self":[{"href":"https:\/\/globaltraining.com\/tr\/wp-json\/wp\/v2\/product\/28573","targetHints":{"allow":["GET"]}}],"collection":[{"href":"https:\/\/globaltraining.com\/tr\/wp-json\/wp\/v2\/product"}],"about":[{"href":"https:\/\/globaltraining.com\/tr\/wp-json\/wp\/v2\/types\/product"}],"wp:featuredmedia":[{"embeddable":true,"href":"https:\/\/globaltraining.com\/tr\/wp-json\/wp\/v2\/media\/27145"}],"wp:attachment":[{"href":"https:\/\/globaltraining.com\/tr\/wp-json\/wp\/v2\/media?parent=28573"}],"wp:term":[{"taxonomy":"product_brand","embeddable":true,"href":"https:\/\/globaltraining.com\/tr\/wp-json\/wp\/v2\/product_brand?post=28573"},{"taxonomy":"product_cat","embeddable":true,"href":"https:\/\/globaltraining.com\/tr\/wp-json\/wp\/v2\/product_cat?post=28573"},{"taxonomy":"product_tag","embeddable":true,"href":"https:\/\/globaltraining.com\/tr\/wp-json\/wp\/v2\/product_tag?post=28573"}],"curies":[{"name":"wp","href":"https:\/\/api.w.org\/{rel}","templated":true}]}}