{"id":28572,"date":"2023-09-11T13:39:58","date_gmt":"2023-09-11T18:39:58","guid":{"rendered":"https:\/\/globaltraining.com\/?post_type=product&#038;p=28572"},"modified":"2024-11-27T16:51:26","modified_gmt":"2024-11-27T22:51:26","slug":"kaymalar-takilmalar-ve-dusmeler","status":"publish","type":"product","link":"https:\/\/globaltraining.com\/tr\/product\/slips-trips-and-falls\/","title":{"rendered":"Kayma ve D\u00fc\u015fmeler"},"content":{"rendered":"<h2>Daha G\u00fcvenli Bir \u0130\u015fyeri \u0130\u00e7in Kaymay\u0131, Tak\u0131lmay\u0131 ve D\u00fc\u015fmeyi \u00d6nleyin<\/h2>\n<p>Kayma, tak\u0131lma ve d\u00fc\u015fmeler yaralanmalara ve \u00fcretkenlik kayb\u0131na yol a\u00e7an en yayg\u0131n i\u015f yeri kazalar\u0131ndan baz\u0131lar\u0131d\u0131r. Kapsaml\u0131 kursumuz, sizi bu olaylar\u0131 \u00f6nlemek ve daha g\u00fcvenli bir \u00e7al\u0131\u015fma ortam\u0131 yaratmak i\u00e7in gereken bilgi ve becerilerle donatmak \u00fczere tasarlanm\u0131\u015ft\u0131r.<\/p>\n<p>\u0130\u015fyeri g\u00fcvenli\u011finin merkezinde, nedenlerin anla\u015f\u0131lmas\u0131 ve \u00f6nlenmesi <strong>kaymalar, tak\u0131lmalar ve d\u00fc\u015fmeler<\/strong> \u00e7ok \u00f6nemlidir. Bu e\u011fitim yaln\u0131zca g\u00fcvenli\u011fi art\u0131rmakla kalmaz, ayn\u0131 zamanda kurulu\u015flar\u0131n a\u015fa\u011f\u0131daki kurallara uymas\u0131na da yard\u0131mc\u0131 olur: <strong>OSHA gezileri ve d\u00fc\u015f\u00fc\u015fleri<\/strong> tehlikesiz bir \u00e7al\u0131\u015fma ortam\u0131 sa\u011flayan d\u00fczenlemeler.<\/p>\n<h2>OSHA Gezi ve D\u00fc\u015fme D\u00fczenlemelerini Anlamak<\/h2>\n<p>Mesleki G\u00fcvenlik ve Sa\u011fl\u0131k \u0130daresi OSHA, a\u015fa\u011f\u0131dakiler de dahil olmak \u00fczere i\u015fyeri tehlikelerini ele almak i\u00e7in kat\u0131 d\u00fczenlemeler olu\u015fturmu\u015ftur: <strong>yolculuk tehlikeleri<\/strong>. Kursumuz OSHA y\u00f6nergelerini derinlemesine inceleyerek g\u00fcvenli bir \u00e7al\u0131\u015fma ortam\u0131 sa\u011flamaya y\u00f6nelik yasal gereklilikleri anlaman\u0131za yard\u0131mc\u0131 olur.<\/p>\n<p>Potansiyeli tan\u0131mlamay\u0131 \u00f6\u011freneceksiniz <strong>yolculuk tehlikeleri<\/strong>, \u00f6nleyici tedbirlerin uygulanmas\u0131 ve OSHA d\u00fczenlemelerine uygunlu\u011fun sa\u011flanmas\u0131. Bu e\u011fitimin sonunda i\u015f kazalar\u0131n\u0131 \u00f6nleme konusundaki sorumluluklar\u0131n\u0131z\u0131 net bir \u015fekilde anlayacaks\u0131n\u0131z.<\/p>\n<h2>\u0130\u015fyeri G\u00fcvenli\u011fi Kapsaml\u0131 E\u011fitimi<\/h2>\n<p>Kursumuz a\u015fa\u011f\u0131dakilerle ilgili \u00e7ok \u00e7e\u015fitli konular\u0131 kapsamaktad\u0131r: <strong>kaymalar, tak\u0131lmalar ve d\u00fc\u015fmeler<\/strong>. Bu i\u00e7erir:<\/p>\n<ul>\n<li>\u0130\u015f kazalar\u0131n\u0131n yayg\u0131n nedenleri<\/li>\n<li>Uygun tehlike tan\u0131mlama ve de\u011ferlendirme<\/li>\n<li>Etkili \u00f6nleyici tedbirler<\/li>\n<li>\u00c7al\u0131\u015fan e\u011fitim ve bilin\u00e7lendirme programlar\u0131<\/li>\n<\/ul>\n<p>G\u00fcvenlik konusunda proaktif bir yakla\u015f\u0131ma inan\u0131yoruz. E\u011fitim program\u0131m\u0131z sizi yaln\u0131zca kazalar\u0131 \u00f6nleme konusunda e\u011fitmekle kalmaz, ayn\u0131 zamanda kurulu\u015funuzda g\u00fcvenlik bilincine sahip bir k\u00fclt\u00fcr olu\u015fturman\u0131za da olanak tan\u0131r.<\/p>\n<h2>Daha G\u00fcvenli Bir Yar\u0131n i\u00e7in \u015eimdi Harekete Ge\u00e7in<\/h2>\n<p>Bir kazan\u0131n olmas\u0131n\u0131 beklemeyin. \u00d6nlemek i\u00e7in hemen harekete ge\u00e7in <strong>d\u00fc\u015fme<\/strong> i\u015f yerinizde. Kursumuza kaydolun ve kendinizi daha g\u00fcvenli ve daha verimli bir \u00e7al\u0131\u015fma ortam\u0131 sa\u011flamak i\u00e7in gereken bilgi ve becerilerle donat\u0131n.<\/p>\n<h2>Bug\u00fcn bize kat\u0131l<\/h2>\n<p>\u0130\u015fyeri g\u00fcvenli\u011fi yolculu\u011fumuzda bize kat\u0131l\u0131n. Kay\u0131t olun <strong>kaymalar, tak\u0131lmalar ve d\u00fc\u015fmeler<\/strong> \u00f6nleme kursuna kat\u0131l\u0131n ve kurulu\u015funuz i\u00e7in daha g\u00fcvenli bir yar\u0131n yaratman\u0131n bir par\u00e7as\u0131 olun.<\/p>","protected":false},"excerpt":{"rendered":"<p>Kayma, tak\u0131lma ve d\u00fc\u015fmelere ili\u015fkin e\u011fitimlerimizle i\u015f yeri g\u00fcvenli\u011fini art\u0131r\u0131n. Tehlikeleri tan\u0131mlamay\u0131, OSHA d\u00fczenlemelerine uymay\u0131 ve daha g\u00fcvenli bir ortam yaratmay\u0131 \u00f6\u011frenin. \u015eimdi kay\u0131t!<\/p>","protected":false},"featured_media":27196,"template":"","meta":{"_et_pb_use_builder":"","_et_pb_old_content":"","_et_gb_content_width":""},"product_brand":[],"product_cat":[134,156,172],"product_tag":[],"class_list":{"0":"post-28572","1":"product","2":"type-product","3":"status-publish","4":"has-post-thumbnail","6":"product_cat-fall-protection","7":"product_cat-occupational-health-and-safety","8":"product_cat-workplace-policies-and-procedures","10":"first","11":"instock","12":"virtual","13":"sold-individually","14":"purchasable","15":"product-type-simple"},"yoast_head":"<!-- This site is optimized with the Yoast SEO plugin v27.3 - https:\/\/yoast.com\/product\/yoast-seo-wordpress\/ -->\n<title>Slips Trips and Falls - Global Safety &amp; Environmental<\/title>\n<meta name=\"description\" content=\"Prevent workplace accidents with our comprehensive training on slips, trips, and falls. Ensure compliance with OSHA regulations. Enroll today.\" \/>\n<meta name=\"robots\" content=\"index, follow, max-snippet:-1, max-image-preview:large, max-video-preview:-1\" \/>\n<link rel=\"canonical\" href=\"https:\/\/globaltraining.com\/tr\/urun\/kaymalar-takilmalar-ve-dusmeler\/\" \/>\n<meta property=\"og:locale\" content=\"tr_TR\" \/>\n<meta property=\"og:type\" content=\"article\" \/>\n<meta property=\"og:title\" content=\"Slips Trips and Falls - Global Safety &amp; Environmental\" \/>\n<meta property=\"og:description\" content=\"Prevent workplace accidents with our comprehensive training on slips, trips, and falls. Ensure compliance with OSHA regulations. Enroll today.\" \/>\n<meta property=\"og:url\" content=\"https:\/\/globaltraining.com\/tr\/urun\/kaymalar-takilmalar-ve-dusmeler\/\" \/>\n<meta property=\"og:site_name\" content=\"Global Safety &amp; Environmental\" \/>\n<meta property=\"article:modified_time\" content=\"2024-11-27T22:51:26+00:00\" \/>\n<meta property=\"og:image\" content=\"https:\/\/globaltraining.com\/wp-content\/uploads\/2021\/09\/iStock-1212236096.jpg\" \/>\n\t<meta property=\"og:image:width\" content=\"1200\" \/>\n\t<meta property=\"og:image:height\" content=\"800\" \/>\n\t<meta property=\"og:image:type\" content=\"image\/jpeg\" \/>\n<meta name=\"twitter:card\" content=\"summary_large_image\" \/>\n<meta name=\"twitter:label1\" content=\"Est. reading time\" \/>\n\t<meta name=\"twitter:data1\" content=\"2 minutes\" \/>\n<script type=\"application\/ld+json\" class=\"yoast-schema-graph\">{\"@context\":\"https:\\\/\\\/schema.org\",\"@graph\":[{\"@type\":\"WebPage\",\"@id\":\"https:\\\/\\\/globaltraining.com\\\/product\\\/slips-trips-and-falls\\\/\",\"url\":\"https:\\\/\\\/globaltraining.com\\\/product\\\/slips-trips-and-falls\\\/\",\"name\":\"Slips Trips and Falls - Global Safety &amp; Environmental\",\"isPartOf\":{\"@id\":\"https:\\\/\\\/globaltraining.com\\\/#website\"},\"primaryImageOfPage\":{\"@id\":\"https:\\\/\\\/globaltraining.com\\\/product\\\/slips-trips-and-falls\\\/#primaryimage\"},\"image\":{\"@id\":\"https:\\\/\\\/globaltraining.com\\\/product\\\/slips-trips-and-falls\\\/#primaryimage\"},\"thumbnailUrl\":\"https:\\\/\\\/globaltraining.com\\\/wp-content\\\/uploads\\\/2021\\\/09\\\/iStock-1212236096.jpg\",\"datePublished\":\"2023-09-11T18:39:58+00:00\",\"dateModified\":\"2024-11-27T22:51:26+00:00\",\"description\":\"Prevent workplace accidents with our comprehensive training on slips, trips, and falls. Ensure compliance with OSHA regulations. Enroll today.\",\"breadcrumb\":{\"@id\":\"https:\\\/\\\/globaltraining.com\\\/product\\\/slips-trips-and-falls\\\/#breadcrumb\"},\"inLanguage\":\"tr-TR\",\"potentialAction\":[{\"@type\":\"ReadAction\",\"target\":[\"https:\\\/\\\/globaltraining.com\\\/product\\\/slips-trips-and-falls\\\/\"]}]},{\"@type\":\"ImageObject\",\"inLanguage\":\"tr-TR\",\"@id\":\"https:\\\/\\\/globaltraining.com\\\/product\\\/slips-trips-and-falls\\\/#primaryimage\",\"url\":\"https:\\\/\\\/globaltraining.com\\\/wp-content\\\/uploads\\\/2021\\\/09\\\/iStock-1212236096.jpg\",\"contentUrl\":\"https:\\\/\\\/globaltraining.com\\\/wp-content\\\/uploads\\\/2021\\\/09\\\/iStock-1212236096.jpg\",\"width\":1200,\"height\":800,\"caption\":\"Slips Trips and Falls\"},{\"@type\":\"BreadcrumbList\",\"@id\":\"https:\\\/\\\/globaltraining.com\\\/product\\\/slips-trips-and-falls\\\/#breadcrumb\",\"itemListElement\":[{\"@type\":\"ListItem\",\"position\":1,\"name\":\"Home\",\"item\":\"https:\\\/\\\/globaltraining.com\\\/\"},{\"@type\":\"ListItem\",\"position\":2,\"name\":\"Productos\",\"item\":\"https:\\\/\\\/globaltraining.com\\\/es\\\/shop\\\/\"},{\"@type\":\"ListItem\",\"position\":3,\"name\":\"Slips Trips and Falls\"}]},{\"@type\":\"WebSite\",\"@id\":\"https:\\\/\\\/globaltraining.com\\\/#website\",\"url\":\"https:\\\/\\\/globaltraining.com\\\/\",\"name\":\"Global Safety & Environmental\",\"description\":\"Full Service Health, Safety, and Environmental Courses\",\"publisher\":{\"@id\":\"https:\\\/\\\/globaltraining.com\\\/#organization\"},\"potentialAction\":[{\"@type\":\"SearchAction\",\"target\":{\"@type\":\"EntryPoint\",\"urlTemplate\":\"https:\\\/\\\/globaltraining.com\\\/?s={search_term_string}\"},\"query-input\":{\"@type\":\"PropertyValueSpecification\",\"valueRequired\":true,\"valueName\":\"search_term_string\"}}],\"inLanguage\":\"tr-TR\"},{\"@type\":\"Organization\",\"@id\":\"https:\\\/\\\/globaltraining.com\\\/#organization\",\"name\":\"Global Safety & Environmental\",\"url\":\"https:\\\/\\\/globaltraining.com\\\/\",\"logo\":{\"@type\":\"ImageObject\",\"inLanguage\":\"tr-TR\",\"@id\":\"https:\\\/\\\/globaltraining.com\\\/#\\\/schema\\\/logo\\\/image\\\/\",\"url\":\"https:\\\/\\\/globaltraining.com\\\/wp-content\\\/uploads\\\/2021\\\/01\\\/GSE-Logo-for-email.png\",\"contentUrl\":\"https:\\\/\\\/globaltraining.com\\\/wp-content\\\/uploads\\\/2021\\\/01\\\/GSE-Logo-for-email.png\",\"width\":400,\"height\":101,\"caption\":\"Global Safety & Environmental\"},\"image\":{\"@id\":\"https:\\\/\\\/globaltraining.com\\\/#\\\/schema\\\/logo\\\/image\\\/\"}}]}<\/script>\n<!-- \/ Yoast SEO plugin. -->","yoast_head_json":{"title":"Kaymalar, Tak\u0131lmalar ve D\u00fc\u015fmeler - K\u00fcresel G\u00fcvenlik ve \u00c7evre","description":"Kayma, tak\u0131lma ve d\u00fc\u015fmeler konusunda kapsaml\u0131 e\u011fitimlerimizle i\u015fyeri kazalar\u0131n\u0131 \u00f6nleyin. OSHA y\u00f6netmeliklerine uyumu sa\u011flay\u0131n. Bug\u00fcn kaydolun.","robots":{"index":"index","follow":"follow","max-snippet":"max-snippet:-1","max-image-preview":"max-image-preview:large","max-video-preview":"max-video-preview:-1"},"canonical":"https:\/\/globaltraining.com\/tr\/urun\/kaymalar-takilmalar-ve-dusmeler\/","og_locale":"tr_TR","og_type":"article","og_title":"Slips Trips and Falls - Global Safety &amp; Environmental","og_description":"Prevent workplace accidents with our comprehensive training on slips, trips, and falls. Ensure compliance with OSHA regulations. Enroll today.","og_url":"https:\/\/globaltraining.com\/tr\/urun\/kaymalar-takilmalar-ve-dusmeler\/","og_site_name":"Global Safety &amp; Environmental","article_modified_time":"2024-11-27T22:51:26+00:00","og_image":[{"width":1200,"height":800,"url":"https:\/\/globaltraining.com\/wp-content\/uploads\/2021\/09\/iStock-1212236096.jpg","type":"image\/jpeg"}],"twitter_card":"summary_large_image","twitter_misc":{"Est. reading time":"2 minutes"},"schema":{"@context":"https:\/\/schema.org","@graph":[{"@type":"WebPage","@id":"https:\/\/globaltraining.com\/product\/slips-trips-and-falls\/","url":"https:\/\/globaltraining.com\/product\/slips-trips-and-falls\/","name":"Kaymalar, Tak\u0131lmalar ve D\u00fc\u015fmeler - K\u00fcresel G\u00fcvenlik ve \u00c7evre","isPartOf":{"@id":"https:\/\/globaltraining.com\/#website"},"primaryImageOfPage":{"@id":"https:\/\/globaltraining.com\/product\/slips-trips-and-falls\/#primaryimage"},"image":{"@id":"https:\/\/globaltraining.com\/product\/slips-trips-and-falls\/#primaryimage"},"thumbnailUrl":"https:\/\/globaltraining.com\/wp-content\/uploads\/2021\/09\/iStock-1212236096.jpg","datePublished":"2023-09-11T18:39:58+00:00","dateModified":"2024-11-27T22:51:26+00:00","description":"Kayma, tak\u0131lma ve d\u00fc\u015fmeler konusunda kapsaml\u0131 e\u011fitimlerimizle i\u015fyeri kazalar\u0131n\u0131 \u00f6nleyin. OSHA y\u00f6netmeliklerine uyumu sa\u011flay\u0131n. Bug\u00fcn kaydolun.","breadcrumb":{"@id":"https:\/\/globaltraining.com\/product\/slips-trips-and-falls\/#breadcrumb"},"inLanguage":"tr-TR","potentialAction":[{"@type":"ReadAction","target":["https:\/\/globaltraining.com\/product\/slips-trips-and-falls\/"]}]},{"@type":"ImageObject","inLanguage":"tr-TR","@id":"https:\/\/globaltraining.com\/product\/slips-trips-and-falls\/#primaryimage","url":"https:\/\/globaltraining.com\/wp-content\/uploads\/2021\/09\/iStock-1212236096.jpg","contentUrl":"https:\/\/globaltraining.com\/wp-content\/uploads\/2021\/09\/iStock-1212236096.jpg","width":1200,"height":800,"caption":"Slips Trips and Falls"},{"@type":"BreadcrumbList","@id":"https:\/\/globaltraining.com\/product\/slips-trips-and-falls\/#breadcrumb","itemListElement":[{"@type":"ListItem","position":1,"name":"Home","item":"https:\/\/globaltraining.com\/"},{"@type":"ListItem","position":2,"name":"Productos","item":"https:\/\/globaltraining.com\/es\/shop\/"},{"@type":"ListItem","position":3,"name":"Slips Trips and Falls"}]},{"@type":"WebSite","@id":"https:\/\/globaltraining.com\/#website","url":"https:\/\/globaltraining.com\/","name":"K\u00fcresel G\u00fcvenlik ve \u00c7evre","description":"Tam Hizmet Sa\u011fl\u0131k, G\u00fcvenlik ve \u00c7evre Kurslar\u0131","publisher":{"@id":"https:\/\/globaltraining.com\/#organization"},"potentialAction":[{"@type":"SearchAction","target":{"@type":"EntryPoint","urlTemplate":"https:\/\/globaltraining.com\/?s={search_term_string}"},"query-input":{"@type":"PropertyValueSpecification","valueRequired":true,"valueName":"search_term_string"}}],"inLanguage":"tr-TR"},{"@type":"Organization","@id":"https:\/\/globaltraining.com\/#organization","name":"K\u00fcresel G\u00fcvenlik ve \u00c7evre","url":"https:\/\/globaltraining.com\/","logo":{"@type":"ImageObject","inLanguage":"tr-TR","@id":"https:\/\/globaltraining.com\/#\/schema\/logo\/image\/","url":"https:\/\/globaltraining.com\/wp-content\/uploads\/2021\/01\/GSE-Logo-for-email.png","contentUrl":"https:\/\/globaltraining.com\/wp-content\/uploads\/2021\/01\/GSE-Logo-for-email.png","width":400,"height":101,"caption":"Global Safety & Environmental"},"image":{"@id":"https:\/\/globaltraining.com\/#\/schema\/logo\/image\/"}}]}},"_links":{"self":[{"href":"https:\/\/globaltraining.com\/tr\/wp-json\/wp\/v2\/product\/28572","targetHints":{"allow":["GET"]}}],"collection":[{"href":"https:\/\/globaltraining.com\/tr\/wp-json\/wp\/v2\/product"}],"about":[{"href":"https:\/\/globaltraining.com\/tr\/wp-json\/wp\/v2\/types\/product"}],"wp:featuredmedia":[{"embeddable":true,"href":"https:\/\/globaltraining.com\/tr\/wp-json\/wp\/v2\/media\/27196"}],"wp:attachment":[{"href":"https:\/\/globaltraining.com\/tr\/wp-json\/wp\/v2\/media?parent=28572"}],"wp:term":[{"taxonomy":"product_brand","embeddable":true,"href":"https:\/\/globaltraining.com\/tr\/wp-json\/wp\/v2\/product_brand?post=28572"},{"taxonomy":"product_cat","embeddable":true,"href":"https:\/\/globaltraining.com\/tr\/wp-json\/wp\/v2\/product_cat?post=28572"},{"taxonomy":"product_tag","embeddable":true,"href":"https:\/\/globaltraining.com\/tr\/wp-json\/wp\/v2\/product_tag?post=28572"}],"curies":[{"name":"wp","href":"https:\/\/api.w.org\/{rel}","templated":true}]}}