{"id":28570,"date":"2023-09-11T13:33:16","date_gmt":"2023-09-11T18:33:16","guid":{"rendered":"https:\/\/globaltraining.com\/?post_type=product&#038;p=28570"},"modified":"2024-11-27T16:51:53","modified_gmt":"2024-11-27T22:51:53","slug":"skid-yukleyici-skid-steer","status":"publish","type":"product","link":"https:\/\/globaltraining.com\/tr\/product\/skid-loader-skid-steer\/","title":{"rendered":"Mini Y\u00fckleyici (Mini Y\u00fckleyici)"},"content":{"rendered":"<h2>Skid Loader \u00c7evrimi\u00e7i E\u011fitimi ile Usta Operasyon<\/h2>\n<p>Kapsaml\u0131 Mini Y\u00fckleyici \u00c7evrimi\u00e7i E\u011fitimimizle yetenekli bir mini y\u00fckleyici operat\u00f6r\u00fc olma potansiyelinin kilidini a\u00e7\u0131n. \u0130n\u015faat, tar\u0131m veya peyzaj sekt\u00f6rlerindeyseniz veya bu alanlarda yeni bir kariyere ba\u015flamak istiyorsan\u0131z \u00e7evrimi\u00e7i e\u011fitim program\u0131m\u0131z ba\u015far\u0131n\u0131n anahtar\u0131d\u0131r.<\/p>\n<p>Genellikle mini y\u00fckleyici olarak an\u0131lan mini y\u00fckleyici, \u00e7evikli\u011fi ve \u00e7ok \u00e7e\u015fitli g\u00f6revleri yerine getirme yetene\u011fi ile bilinen \u00e7ok y\u00f6nl\u00fc bir makine par\u00e7as\u0131d\u0131r. Ancak do\u011fru operasyon beceri ve g\u00fcvenlik bilinci gerektirir ve e\u011fitim program\u0131m\u0131z size bu rolde ba\u015far\u0131l\u0131 olman\u0131z i\u00e7in gereken bilgi ve uygulamal\u0131 deneyimi sa\u011flamak \u00fczere tasarlanm\u0131\u015ft\u0131r.<\/p>\n<h2>Mini Y\u00fckleyici \u00c7evrimi\u00e7i E\u011fitimimiz Neler Sunuyor?<\/h2>\n<p>\u00c7evrimi\u00e7i E\u011fitimimiz mini y\u00fckleyici \u00e7al\u0131\u015fmas\u0131n\u0131n t\u00fcm y\u00f6nlerini kapsayan kapsaml\u0131 bir programd\u0131r:<\/p>\n<ul>\n<li>Derinlemesine M\u00fcfredat: Farkl\u0131 tipte mini y\u00fckleyiciler ve bunlar\u0131n bile\u015fenleri hakk\u0131nda bilgi edinin ve g\u00fcvenlik i\u00e7in \u00e7al\u0131\u015fma \u00f6ncesi denetimler yap\u0131n.<\/li>\n<li>Uygulamal\u0131 Deneyim: Kep\u00e7eyi \u00e7al\u0131\u015ft\u0131rma, kald\u0131rma ve mini y\u00fckleyiciyi hassas bir \u015fekilde manevra etme konusunda pratik beceriler kazan\u0131n.<\/li>\n<li>Bak\u0131m ve Sorun Giderme: Ekipman\u0131n\u0131z\u0131n bak\u0131m\u0131n\u0131 nas\u0131l yapaca\u011f\u0131n\u0131z\u0131 ve i\u015fteki genel sorunlar\u0131 nas\u0131l giderece\u011finizi \u00f6\u011frenin.<\/li>\n<\/ul>\n<p>Uzman e\u011fitmenlerimiz esnek bir \u00e7evrimi\u00e7i formatta en y\u00fcksek kalitede e\u011fitim ve uygulamal\u0131 e\u011fitim alman\u0131z\u0131 sa\u011flamaya kendini adam\u0131\u015ft\u0131r. Bu, kendi h\u0131z\u0131n\u0131zda \u00f6\u011frenmenize olanak tan\u0131yarak yo\u011fun profesyoneller i\u00e7in eri\u015filebilir olmas\u0131n\u0131 sa\u011flar.<\/p>\n<h2>Neden \u00c7evrimi\u00e7i E\u011fitimimizi Se\u00e7melisiniz?<\/h2>\n<p>\u00c7evrimi\u00e7i E\u011fitimimize kaydolman\u0131z i\u00e7in baz\u0131 zorlay\u0131c\u0131 nedenler:<\/p>\n<ul>\n<li>Sertifikasyon: Ba\u015far\u0131l\u0131 bir \u015fekilde tamamlad\u0131\u011f\u0131n\u0131zda, uzmanl\u0131\u011f\u0131n\u0131z\u0131 i\u015fverenlere ve m\u00fc\u015fterilere g\u00f6steren bir sertifika alacaks\u0131n\u0131z.<\/li>\n<li>End\u00fcstri Talebi: Yetenekli mini y\u00fckleyici operat\u00f6rleri, \u00e7e\u015fitli end\u00fcstrilerde y\u00fcksek talep g\u00f6r\u00fcyor ve size m\u00fckemmel kariyer f\u0131rsatlar\u0131 sunuyor.<\/li>\n<li>G\u00fcvenli Kullan\u0131m: G\u00fcvenlik her \u015feyden \u00f6nemlidir ve e\u011fitim program\u0131m\u0131z mini y\u00fckleyicinin g\u00fcvenli \u00e7al\u0131\u015fmas\u0131n\u0131 vurgulayarak i\u015f yeri kazalar\u0131n\u0131 azalt\u0131r.<\/li>\n<\/ul>\n<p>Kariyer olanaklar\u0131n\u0131z\u0131 geli\u015ftirmek ve de\u011ferli beceriler kazanmak i\u00e7in bu f\u0131rsat\u0131 ka\u00e7\u0131rmay\u0131n. Skid Loader \u00c7evrimi\u00e7i E\u011fitim program\u0131m\u0131za hemen kaydolun!<\/p>\n<h2>Yolculu\u011funuza Bug\u00fcn Ba\u015flay\u0131n<\/h2>\n<p>Uzman bir mini y\u00fckleyici operat\u00f6r\u00fc olma yolculu\u011funuz tam burada ba\u015fl\u0131yor. Gelece\u011finize yat\u0131r\u0131m yap\u0131n ve in\u015faat, tar\u0131m ve peyzaj end\u00fcstrilerindeki olas\u0131l\u0131klar d\u00fcnyas\u0131n\u0131n kilidini a\u00e7\u0131n. Skid Loader \u00c7evrimi\u00e7i E\u011fitim program\u0131m\u0131za bug\u00fcn kaydolun!<\/p>","protected":false},"excerpt":{"rendered":"<p>Skid Loader E\u011fitimimizle mini y\u00fckleyici operat\u00f6r\u00fc olarak potansiyelinizi ortaya \u00e7\u0131kar\u0131n. Uygulamal\u0131 deneyim kazan\u0131n, sertifika kazan\u0131n ve heyecan verici kariyer f\u0131rsatlar\u0131n\u0131n kap\u0131lar\u0131n\u0131 a\u00e7\u0131n. Bug\u00fcn kaydolun!<\/p>","protected":false},"featured_media":27140,"template":"","meta":{"_et_pb_use_builder":"","_et_pb_old_content":"","_et_gb_content_width":""},"product_brand":[],"product_cat":[122,132,145,156],"product_tag":[],"class_list":{"0":"post-28570","1":"product","2":"type-product","3":"status-publish","4":"has-post-thumbnail","6":"product_cat-construction","7":"product_cat-equipment","8":"product_cat-heavy-equipment","9":"product_cat-occupational-health-and-safety","11":"first","12":"instock","13":"virtual","14":"sold-individually","15":"purchasable","16":"product-type-simple"},"yoast_head":"<!-- This site is optimized with the Yoast SEO plugin v27.3 - https:\/\/yoast.com\/product\/yoast-seo-wordpress\/ -->\n<title>Skid Loader (Skid-Steer) - Global Safety &amp; Environmental<\/title>\n<meta name=\"description\" content=\"Master skid loader operation with our comprehensive Skid Loader Training. Become a skilled skid steer operator and enhance your career prospects.\" \/>\n<meta name=\"robots\" content=\"index, follow, max-snippet:-1, max-image-preview:large, max-video-preview:-1\" \/>\n<link rel=\"canonical\" href=\"https:\/\/globaltraining.com\/tr\/urun\/skid-yukleyici-skid-steer\/\" \/>\n<meta property=\"og:locale\" content=\"tr_TR\" \/>\n<meta property=\"og:type\" content=\"article\" \/>\n<meta property=\"og:title\" content=\"Skid Loader (Skid-Steer) - Global Safety &amp; Environmental\" \/>\n<meta property=\"og:description\" content=\"Master skid loader operation with our comprehensive Skid Loader Training. Become a skilled skid steer operator and enhance your career prospects.\" \/>\n<meta property=\"og:url\" content=\"https:\/\/globaltraining.com\/tr\/urun\/skid-yukleyici-skid-steer\/\" \/>\n<meta property=\"og:site_name\" content=\"Global Safety &amp; Environmental\" \/>\n<meta property=\"article:modified_time\" content=\"2024-11-27T22:51:53+00:00\" \/>\n<meta property=\"og:image\" content=\"https:\/\/globaltraining.com\/wp-content\/uploads\/2021\/09\/iStock-1243447124.jpg\" \/>\n\t<meta property=\"og:image:width\" content=\"1200\" \/>\n\t<meta property=\"og:image:height\" content=\"801\" \/>\n\t<meta property=\"og:image:type\" content=\"image\/jpeg\" \/>\n<meta name=\"twitter:card\" content=\"summary_large_image\" \/>\n<meta name=\"twitter:label1\" content=\"Est. reading time\" \/>\n\t<meta name=\"twitter:data1\" content=\"2 minutes\" \/>\n<script type=\"application\/ld+json\" class=\"yoast-schema-graph\">{\"@context\":\"https:\\\/\\\/schema.org\",\"@graph\":[{\"@type\":\"WebPage\",\"@id\":\"https:\\\/\\\/globaltraining.com\\\/product\\\/skid-loader-skid-steer\\\/\",\"url\":\"https:\\\/\\\/globaltraining.com\\\/product\\\/skid-loader-skid-steer\\\/\",\"name\":\"Skid Loader (Skid-Steer) - Global Safety &amp; Environmental\",\"isPartOf\":{\"@id\":\"https:\\\/\\\/globaltraining.com\\\/#website\"},\"primaryImageOfPage\":{\"@id\":\"https:\\\/\\\/globaltraining.com\\\/product\\\/skid-loader-skid-steer\\\/#primaryimage\"},\"image\":{\"@id\":\"https:\\\/\\\/globaltraining.com\\\/product\\\/skid-loader-skid-steer\\\/#primaryimage\"},\"thumbnailUrl\":\"https:\\\/\\\/globaltraining.com\\\/wp-content\\\/uploads\\\/2021\\\/09\\\/iStock-1243447124.jpg\",\"datePublished\":\"2023-09-11T18:33:16+00:00\",\"dateModified\":\"2024-11-27T22:51:53+00:00\",\"description\":\"Master skid loader operation with our comprehensive Skid Loader Training. Become a skilled skid steer operator and enhance your career prospects.\",\"breadcrumb\":{\"@id\":\"https:\\\/\\\/globaltraining.com\\\/product\\\/skid-loader-skid-steer\\\/#breadcrumb\"},\"inLanguage\":\"tr-TR\",\"potentialAction\":[{\"@type\":\"ReadAction\",\"target\":[\"https:\\\/\\\/globaltraining.com\\\/product\\\/skid-loader-skid-steer\\\/\"]}]},{\"@type\":\"ImageObject\",\"inLanguage\":\"tr-TR\",\"@id\":\"https:\\\/\\\/globaltraining.com\\\/product\\\/skid-loader-skid-steer\\\/#primaryimage\",\"url\":\"https:\\\/\\\/globaltraining.com\\\/wp-content\\\/uploads\\\/2021\\\/09\\\/iStock-1243447124.jpg\",\"contentUrl\":\"https:\\\/\\\/globaltraining.com\\\/wp-content\\\/uploads\\\/2021\\\/09\\\/iStock-1243447124.jpg\",\"width\":1200,\"height\":801,\"caption\":\"Skid Loader (Skid-Steer)\"},{\"@type\":\"BreadcrumbList\",\"@id\":\"https:\\\/\\\/globaltraining.com\\\/product\\\/skid-loader-skid-steer\\\/#breadcrumb\",\"itemListElement\":[{\"@type\":\"ListItem\",\"position\":1,\"name\":\"Home\",\"item\":\"https:\\\/\\\/globaltraining.com\\\/\"},{\"@type\":\"ListItem\",\"position\":2,\"name\":\"Productos\",\"item\":\"https:\\\/\\\/globaltraining.com\\\/es\\\/shop\\\/\"},{\"@type\":\"ListItem\",\"position\":3,\"name\":\"Skid Loader (Skid-Steer)\"}]},{\"@type\":\"WebSite\",\"@id\":\"https:\\\/\\\/globaltraining.com\\\/#website\",\"url\":\"https:\\\/\\\/globaltraining.com\\\/\",\"name\":\"Global Safety & Environmental\",\"description\":\"Full Service Health, Safety, and Environmental Courses\",\"publisher\":{\"@id\":\"https:\\\/\\\/globaltraining.com\\\/#organization\"},\"potentialAction\":[{\"@type\":\"SearchAction\",\"target\":{\"@type\":\"EntryPoint\",\"urlTemplate\":\"https:\\\/\\\/globaltraining.com\\\/?s={search_term_string}\"},\"query-input\":{\"@type\":\"PropertyValueSpecification\",\"valueRequired\":true,\"valueName\":\"search_term_string\"}}],\"inLanguage\":\"tr-TR\"},{\"@type\":\"Organization\",\"@id\":\"https:\\\/\\\/globaltraining.com\\\/#organization\",\"name\":\"Global Safety & Environmental\",\"url\":\"https:\\\/\\\/globaltraining.com\\\/\",\"logo\":{\"@type\":\"ImageObject\",\"inLanguage\":\"tr-TR\",\"@id\":\"https:\\\/\\\/globaltraining.com\\\/#\\\/schema\\\/logo\\\/image\\\/\",\"url\":\"https:\\\/\\\/globaltraining.com\\\/wp-content\\\/uploads\\\/2021\\\/01\\\/GSE-Logo-for-email.png\",\"contentUrl\":\"https:\\\/\\\/globaltraining.com\\\/wp-content\\\/uploads\\\/2021\\\/01\\\/GSE-Logo-for-email.png\",\"width\":400,\"height\":101,\"caption\":\"Global Safety & Environmental\"},\"image\":{\"@id\":\"https:\\\/\\\/globaltraining.com\\\/#\\\/schema\\\/logo\\\/image\\\/\"}}]}<\/script>\n<!-- \/ Yoast SEO plugin. -->","yoast_head_json":{"title":"Skid Loader (Skid-Steer) - K\u00fcresel G\u00fcvenlik ve \u00c7evre","description":"Kapsaml\u0131 Skid Loader E\u011fitimimiz ile skid y\u00fckleyici operasyonunda ustala\u015f\u0131n. Yetenekli bir skid steer operat\u00f6r\u00fc olun ve kariyer beklentilerinizi geli\u015ftirin.","robots":{"index":"index","follow":"follow","max-snippet":"max-snippet:-1","max-image-preview":"max-image-preview:large","max-video-preview":"max-video-preview:-1"},"canonical":"https:\/\/globaltraining.com\/tr\/urun\/skid-yukleyici-skid-steer\/","og_locale":"tr_TR","og_type":"article","og_title":"Skid Loader (Skid-Steer) - Global Safety &amp; Environmental","og_description":"Master skid loader operation with our comprehensive Skid Loader Training. Become a skilled skid steer operator and enhance your career prospects.","og_url":"https:\/\/globaltraining.com\/tr\/urun\/skid-yukleyici-skid-steer\/","og_site_name":"Global Safety &amp; Environmental","article_modified_time":"2024-11-27T22:51:53+00:00","og_image":[{"width":1200,"height":801,"url":"https:\/\/globaltraining.com\/wp-content\/uploads\/2021\/09\/iStock-1243447124.jpg","type":"image\/jpeg"}],"twitter_card":"summary_large_image","twitter_misc":{"Est. reading time":"2 minutes"},"schema":{"@context":"https:\/\/schema.org","@graph":[{"@type":"WebPage","@id":"https:\/\/globaltraining.com\/product\/skid-loader-skid-steer\/","url":"https:\/\/globaltraining.com\/product\/skid-loader-skid-steer\/","name":"Skid Loader (Skid-Steer) - K\u00fcresel G\u00fcvenlik ve \u00c7evre","isPartOf":{"@id":"https:\/\/globaltraining.com\/#website"},"primaryImageOfPage":{"@id":"https:\/\/globaltraining.com\/product\/skid-loader-skid-steer\/#primaryimage"},"image":{"@id":"https:\/\/globaltraining.com\/product\/skid-loader-skid-steer\/#primaryimage"},"thumbnailUrl":"https:\/\/globaltraining.com\/wp-content\/uploads\/2021\/09\/iStock-1243447124.jpg","datePublished":"2023-09-11T18:33:16+00:00","dateModified":"2024-11-27T22:51:53+00:00","description":"Kapsaml\u0131 Skid Loader E\u011fitimimiz ile skid y\u00fckleyici operasyonunda ustala\u015f\u0131n. Yetenekli bir skid steer operat\u00f6r\u00fc olun ve kariyer beklentilerinizi geli\u015ftirin.","breadcrumb":{"@id":"https:\/\/globaltraining.com\/product\/skid-loader-skid-steer\/#breadcrumb"},"inLanguage":"tr-TR","potentialAction":[{"@type":"ReadAction","target":["https:\/\/globaltraining.com\/product\/skid-loader-skid-steer\/"]}]},{"@type":"ImageObject","inLanguage":"tr-TR","@id":"https:\/\/globaltraining.com\/product\/skid-loader-skid-steer\/#primaryimage","url":"https:\/\/globaltraining.com\/wp-content\/uploads\/2021\/09\/iStock-1243447124.jpg","contentUrl":"https:\/\/globaltraining.com\/wp-content\/uploads\/2021\/09\/iStock-1243447124.jpg","width":1200,"height":801,"caption":"Skid Loader (Skid-Steer)"},{"@type":"BreadcrumbList","@id":"https:\/\/globaltraining.com\/product\/skid-loader-skid-steer\/#breadcrumb","itemListElement":[{"@type":"ListItem","position":1,"name":"Home","item":"https:\/\/globaltraining.com\/"},{"@type":"ListItem","position":2,"name":"Productos","item":"https:\/\/globaltraining.com\/es\/shop\/"},{"@type":"ListItem","position":3,"name":"Skid Loader (Skid-Steer)"}]},{"@type":"WebSite","@id":"https:\/\/globaltraining.com\/#website","url":"https:\/\/globaltraining.com\/","name":"K\u00fcresel G\u00fcvenlik ve \u00c7evre","description":"Tam Hizmet Sa\u011fl\u0131k, G\u00fcvenlik ve \u00c7evre Kurslar\u0131","publisher":{"@id":"https:\/\/globaltraining.com\/#organization"},"potentialAction":[{"@type":"SearchAction","target":{"@type":"EntryPoint","urlTemplate":"https:\/\/globaltraining.com\/?s={search_term_string}"},"query-input":{"@type":"PropertyValueSpecification","valueRequired":true,"valueName":"search_term_string"}}],"inLanguage":"tr-TR"},{"@type":"Organization","@id":"https:\/\/globaltraining.com\/#organization","name":"K\u00fcresel G\u00fcvenlik ve \u00c7evre","url":"https:\/\/globaltraining.com\/","logo":{"@type":"ImageObject","inLanguage":"tr-TR","@id":"https:\/\/globaltraining.com\/#\/schema\/logo\/image\/","url":"https:\/\/globaltraining.com\/wp-content\/uploads\/2021\/01\/GSE-Logo-for-email.png","contentUrl":"https:\/\/globaltraining.com\/wp-content\/uploads\/2021\/01\/GSE-Logo-for-email.png","width":400,"height":101,"caption":"Global Safety & Environmental"},"image":{"@id":"https:\/\/globaltraining.com\/#\/schema\/logo\/image\/"}}]}},"_links":{"self":[{"href":"https:\/\/globaltraining.com\/tr\/wp-json\/wp\/v2\/product\/28570","targetHints":{"allow":["GET"]}}],"collection":[{"href":"https:\/\/globaltraining.com\/tr\/wp-json\/wp\/v2\/product"}],"about":[{"href":"https:\/\/globaltraining.com\/tr\/wp-json\/wp\/v2\/types\/product"}],"wp:featuredmedia":[{"embeddable":true,"href":"https:\/\/globaltraining.com\/tr\/wp-json\/wp\/v2\/media\/27140"}],"wp:attachment":[{"href":"https:\/\/globaltraining.com\/tr\/wp-json\/wp\/v2\/media?parent=28570"}],"wp:term":[{"taxonomy":"product_brand","embeddable":true,"href":"https:\/\/globaltraining.com\/tr\/wp-json\/wp\/v2\/product_brand?post=28570"},{"taxonomy":"product_cat","embeddable":true,"href":"https:\/\/globaltraining.com\/tr\/wp-json\/wp\/v2\/product_cat?post=28570"},{"taxonomy":"product_tag","embeddable":true,"href":"https:\/\/globaltraining.com\/tr\/wp-json\/wp\/v2\/product_tag?post=28570"}],"curies":[{"name":"wp","href":"https:\/\/api.w.org\/{rel}","templated":true}]}}