{"id":28569,"date":"2023-09-11T13:31:47","date_gmt":"2023-09-11T18:31:47","guid":{"rendered":"https:\/\/globaltraining.com\/?post_type=product&#038;p=28569"},"modified":"2024-11-27T16:52:22","modified_gmt":"2024-11-27T22:52:22","slug":"cinsel-taciz","status":"publish","type":"product","link":"https:\/\/globaltraining.com\/tr\/product\/sexual-harassment\/","title":{"rendered":"Cinsel taciz"},"content":{"rendered":"<h2>Cinsel Tacizi Anlamak ve Ele Almak<\/h2>\n<p>Cinsel Taciz, \u00e7e\u015fitli sekt\u00f6rlerdeki i\u015fyerlerini ve bireyleri etkileyen kritik bir sorundur. Kurulu\u015flar\u0131n ve \u00e7al\u0131\u015fanlar\u0131n benzer \u015fekilde bu soruna ve bu sorunu \u00f6nleyip \u00e7\u00f6zmeye y\u00f6nelik ara\u00e7lara ili\u015fkin derinlemesine bir anlay\u0131\u015fa sahip olmalar\u0131 zorunludur. Kapsaml\u0131 e\u011fitim program\u0131m\u0131z, sizi g\u00fcvenli ve sayg\u0131l\u0131 bir i\u015f yeri ortam\u0131 yaratmak i\u00e7in gerekli bilgi ve becerilerle donatmak \u00fczere tasarlanm\u0131\u015ft\u0131r.<\/p>\n<p>Taciz, ho\u015f kar\u015f\u0131lanmayan ilerlemelerden sald\u0131rgan yorumlara ve daha fazlas\u0131na kadar bir\u00e7ok bi\u00e7imde olabilir. Bu, cinsiyeti, ya\u015f\u0131 ve ge\u00e7mi\u015fi a\u015fan, hem ma\u011fdurlar\u0131 hem de kurulu\u015flar\u0131 etkileyen bir sorundur. E\u011fitim program\u0131m\u0131z sadece uyumlulu\u011fun \u00f6tesine ge\u00e7er; bireylerin cinsel tacizi etkili bir \u015fekilde tan\u0131mas\u0131na, \u00f6nlemesine ve tepki vermesine yard\u0131mc\u0131 olarak sayg\u0131 ve kat\u0131l\u0131m k\u00fclt\u00fcr\u00fcn\u00fc te\u015fvik eder.<\/p>\n<h2>Kapsaml\u0131 e\u011fitim<\/h2>\n<p>E\u011fitimimiz bu kritik konunun t\u00fcm y\u00f6nlerini kapsamaktad\u0131r. Farkl\u0131 formlar, i\u015fverenlerin yasal y\u00fck\u00fcml\u00fcl\u00fckleri ve \u00e7al\u0131\u015fanlar\u0131n haklar\u0131 hakk\u0131nda bilgi edineceksiniz. Ger\u00e7ek d\u00fcnya senaryolar\u0131 ve vaka \u00e7al\u0131\u015fmalar\u0131 arac\u0131l\u0131\u011f\u0131yla, bu durumlar\u0131n karma\u015f\u0131kl\u0131klar\u0131 ve bunlar\u0131 \u00e7\u00f6zmeye y\u00f6nelik en iyi uygulamalar hakk\u0131nda fikir sahibi olacaks\u0131n\u0131z.<\/p>\n<p>\u00d6nleme program\u0131m\u0131z\u0131n temel ta\u015f\u0131d\u0131r. Tacizi \u00f6nleyen ve raporlamay\u0131 te\u015fvik eden bir i\u015fyeri k\u00fclt\u00fcr\u00fc olu\u015fturmaya y\u00f6nelik stratejiler sa\u011fl\u0131yoruz. E\u011fitimimiz bireyleri proaktif seyirciler olma konusunda g\u00fc\u00e7lendirir ve ma\u011fdurlara nas\u0131l destek verilece\u011fi konusunda rehberlik sunar. Ayr\u0131ca kurulu\u015flar\u0131n sorumluluklar\u0131n\u0131n bilincinde olmalar\u0131n\u0131 sa\u011flayan hukuki sonu\u00e7lar\u0131 da ara\u015ft\u0131r\u0131yoruz.<\/p>\n<h2>Neden E\u011fitimimizi Se\u00e7melisiniz?<\/h2>\n<p>E\u011fitimimiz sadece uyum gereklili\u011fi de\u011fildir; daha g\u00fcvenli, daha sayg\u0131l\u0131 bir i\u015fyerini te\u015fvik etmeye y\u00f6nelik proaktif bir ad\u0131md\u0131r. Program\u0131m\u0131z\u0131 tamamlayarak cinsel tacizi \u00f6nlemek, meslekta\u015flar\u0131n\u0131z\u0131 korumak ve kurulu\u015funuzun itibar\u0131n\u0131 korumak i\u00e7in daha donan\u0131ml\u0131 olacaks\u0131n\u0131z.<\/p>\n<p>Ayr\u0131ca kapsaml\u0131 cinsel taciz e\u011fitimine yat\u0131r\u0131m yapan kurulu\u015flar, sayg\u0131 ve kapsay\u0131c\u0131l\u0131k k\u00fclt\u00fcr\u00fc yaratma konusundaki kararl\u0131l\u0131klar\u0131n\u0131 da ortaya koyuyor. Bu ba\u011fl\u0131l\u0131k \u00e7al\u0131\u015fanlar\u0131n moralini iyile\u015ftirebilir, i\u015ften ayr\u0131lmay\u0131 azaltabilir ve \u00fcretkenli\u011fi art\u0131rabilir.<\/p>\n<h2>Cinsel Tacize Kar\u015f\u0131 Durun<\/h2>\n<p>\u0130\u015fyerinde cinsel tacize kar\u015f\u0131 tav\u0131r alman\u0131n zaman\u0131 geldi. E\u011fitimimize kaydolarak g\u00fcvenli, sayg\u0131l\u0131 ve kapsay\u0131c\u0131 bir ortam yaratma konusundaki kararl\u0131l\u0131\u011f\u0131n\u0131za dair g\u00fc\u00e7l\u00fc bir beyanda bulunmu\u015f olursunuz. Hep birlikte bu yayg\u0131n soruna son verebilir ve herkes i\u00e7in daha iyi bir gelecek in\u015fa edebiliriz.<\/p>\n<h2>Bug\u00fcn bize kat\u0131l<\/h2>\n<p>M\u00fccadelede bize kat\u0131l\u0131n. Cinsel Taciz e\u011fitim program\u0131m\u0131za kaydolun ve \u00e7\u00f6z\u00fcm\u00fcn par\u00e7as\u0131 olun. Birlikte herkesin kendini g\u00fcvende ve sayg\u0131 duyuldu\u011funu hissetti\u011fi i\u015fyerleri yaratabiliriz.<\/p>","protected":false},"excerpt":{"rendered":"<p>Kapsaml\u0131 e\u011fitimimiz ile Cinsel Tacize kar\u015f\u0131 proaktif bir duru\u015f sergileyin. Tacizi \u00f6nlemek, ele almak ve ortadan kald\u0131rmak i\u00e7in kendinizi ve kurulu\u015funuzu donat\u0131n. Bug\u00fcn kaydolun!<\/p>","protected":false},"featured_media":27062,"template":"","meta":{"_et_pb_use_builder":"","_et_pb_old_content":"","_et_gb_content_width":""},"product_brand":[],"product_cat":[148,172,173],"product_tag":[],"class_list":{"0":"post-28569","1":"product","2":"type-product","3":"status-publish","4":"has-post-thumbnail","6":"product_cat-hr","7":"product_cat-workplace-policies-and-procedures","8":"product_cat-workplace-violence","10":"first","11":"instock","12":"virtual","13":"sold-individually","14":"purchasable","15":"product-type-simple"},"yoast_head":"<!-- This site is optimized with the Yoast SEO plugin v27.3 - https:\/\/yoast.com\/product\/yoast-seo-wordpress\/ -->\n<title>Sexual Harassment - Global Safety &amp; Environmental<\/title>\n<meta name=\"description\" content=\"Empower your organization with our Sexual Harassment training. Prevent, address, and end harassment in the workplace. Enroll now.\" \/>\n<meta name=\"robots\" content=\"index, follow, max-snippet:-1, max-image-preview:large, max-video-preview:-1\" \/>\n<link rel=\"canonical\" href=\"https:\/\/globaltraining.com\/tr\/urun\/cinsel-taciz\/\" \/>\n<meta property=\"og:locale\" content=\"tr_TR\" \/>\n<meta property=\"og:type\" content=\"article\" \/>\n<meta property=\"og:title\" content=\"Sexual Harassment - Global Safety &amp; Environmental\" \/>\n<meta property=\"og:description\" content=\"Empower your organization with our Sexual Harassment training. Prevent, address, and end harassment in the workplace. Enroll now.\" \/>\n<meta property=\"og:url\" content=\"https:\/\/globaltraining.com\/tr\/urun\/cinsel-taciz\/\" \/>\n<meta property=\"og:site_name\" content=\"Global Safety &amp; Environmental\" \/>\n<meta property=\"article:modified_time\" content=\"2024-11-27T22:52:22+00:00\" \/>\n<meta property=\"og:image\" content=\"https:\/\/globaltraining.com\/wp-content\/uploads\/2022\/05\/Sexual-Harassment.jpg\" \/>\n\t<meta property=\"og:image:width\" content=\"1200\" \/>\n\t<meta property=\"og:image:height\" content=\"800\" \/>\n\t<meta property=\"og:image:type\" content=\"image\/jpeg\" \/>\n<meta name=\"twitter:card\" content=\"summary_large_image\" \/>\n<meta name=\"twitter:label1\" content=\"Est. reading time\" \/>\n\t<meta name=\"twitter:data1\" content=\"2 minutes\" \/>\n<script type=\"application\/ld+json\" class=\"yoast-schema-graph\">{\"@context\":\"https:\\\/\\\/schema.org\",\"@graph\":[{\"@type\":\"WebPage\",\"@id\":\"https:\\\/\\\/globaltraining.com\\\/product\\\/sexual-harassment\\\/\",\"url\":\"https:\\\/\\\/globaltraining.com\\\/product\\\/sexual-harassment\\\/\",\"name\":\"Sexual Harassment - Global Safety &amp; Environmental\",\"isPartOf\":{\"@id\":\"https:\\\/\\\/globaltraining.com\\\/#website\"},\"primaryImageOfPage\":{\"@id\":\"https:\\\/\\\/globaltraining.com\\\/product\\\/sexual-harassment\\\/#primaryimage\"},\"image\":{\"@id\":\"https:\\\/\\\/globaltraining.com\\\/product\\\/sexual-harassment\\\/#primaryimage\"},\"thumbnailUrl\":\"https:\\\/\\\/globaltraining.com\\\/wp-content\\\/uploads\\\/2022\\\/05\\\/Sexual-Harassment.jpg\",\"datePublished\":\"2023-09-11T18:31:47+00:00\",\"dateModified\":\"2024-11-27T22:52:22+00:00\",\"description\":\"Empower your organization with our Sexual Harassment training. Prevent, address, and end harassment in the workplace. Enroll now.\",\"breadcrumb\":{\"@id\":\"https:\\\/\\\/globaltraining.com\\\/product\\\/sexual-harassment\\\/#breadcrumb\"},\"inLanguage\":\"tr-TR\",\"potentialAction\":[{\"@type\":\"ReadAction\",\"target\":[\"https:\\\/\\\/globaltraining.com\\\/product\\\/sexual-harassment\\\/\"]}]},{\"@type\":\"ImageObject\",\"inLanguage\":\"tr-TR\",\"@id\":\"https:\\\/\\\/globaltraining.com\\\/product\\\/sexual-harassment\\\/#primaryimage\",\"url\":\"https:\\\/\\\/globaltraining.com\\\/wp-content\\\/uploads\\\/2022\\\/05\\\/Sexual-Harassment.jpg\",\"contentUrl\":\"https:\\\/\\\/globaltraining.com\\\/wp-content\\\/uploads\\\/2022\\\/05\\\/Sexual-Harassment.jpg\",\"width\":1200,\"height\":800,\"caption\":\"Sexual Harassment\"},{\"@type\":\"BreadcrumbList\",\"@id\":\"https:\\\/\\\/globaltraining.com\\\/product\\\/sexual-harassment\\\/#breadcrumb\",\"itemListElement\":[{\"@type\":\"ListItem\",\"position\":1,\"name\":\"Home\",\"item\":\"https:\\\/\\\/globaltraining.com\\\/\"},{\"@type\":\"ListItem\",\"position\":2,\"name\":\"Productos\",\"item\":\"https:\\\/\\\/globaltraining.com\\\/es\\\/shop\\\/\"},{\"@type\":\"ListItem\",\"position\":3,\"name\":\"Sexual Harassment\"}]},{\"@type\":\"WebSite\",\"@id\":\"https:\\\/\\\/globaltraining.com\\\/#website\",\"url\":\"https:\\\/\\\/globaltraining.com\\\/\",\"name\":\"Global Safety & Environmental\",\"description\":\"Full Service Health, Safety, and Environmental Courses\",\"publisher\":{\"@id\":\"https:\\\/\\\/globaltraining.com\\\/#organization\"},\"potentialAction\":[{\"@type\":\"SearchAction\",\"target\":{\"@type\":\"EntryPoint\",\"urlTemplate\":\"https:\\\/\\\/globaltraining.com\\\/?s={search_term_string}\"},\"query-input\":{\"@type\":\"PropertyValueSpecification\",\"valueRequired\":true,\"valueName\":\"search_term_string\"}}],\"inLanguage\":\"tr-TR\"},{\"@type\":\"Organization\",\"@id\":\"https:\\\/\\\/globaltraining.com\\\/#organization\",\"name\":\"Global Safety & Environmental\",\"url\":\"https:\\\/\\\/globaltraining.com\\\/\",\"logo\":{\"@type\":\"ImageObject\",\"inLanguage\":\"tr-TR\",\"@id\":\"https:\\\/\\\/globaltraining.com\\\/#\\\/schema\\\/logo\\\/image\\\/\",\"url\":\"https:\\\/\\\/globaltraining.com\\\/wp-content\\\/uploads\\\/2021\\\/01\\\/GSE-Logo-for-email.png\",\"contentUrl\":\"https:\\\/\\\/globaltraining.com\\\/wp-content\\\/uploads\\\/2021\\\/01\\\/GSE-Logo-for-email.png\",\"width\":400,\"height\":101,\"caption\":\"Global Safety & Environmental\"},\"image\":{\"@id\":\"https:\\\/\\\/globaltraining.com\\\/#\\\/schema\\\/logo\\\/image\\\/\"}}]}<\/script>\n<!-- \/ Yoast SEO plugin. -->","yoast_head_json":{"title":"Cinsel Taciz - K\u00fcresel G\u00fcvenlik ve \u00c7evre","description":"Cinsel Taciz e\u011fitimimizle kurulu\u015funuzu g\u00fc\u00e7lendirin. \u0130\u015fyerinde tacizi \u00f6nleyin, ele al\u0131n ve sonland\u0131r\u0131n. Hemen kaydolun.","robots":{"index":"index","follow":"follow","max-snippet":"max-snippet:-1","max-image-preview":"max-image-preview:large","max-video-preview":"max-video-preview:-1"},"canonical":"https:\/\/globaltraining.com\/tr\/urun\/cinsel-taciz\/","og_locale":"tr_TR","og_type":"article","og_title":"Sexual Harassment - Global Safety &amp; Environmental","og_description":"Empower your organization with our Sexual Harassment training. Prevent, address, and end harassment in the workplace. Enroll now.","og_url":"https:\/\/globaltraining.com\/tr\/urun\/cinsel-taciz\/","og_site_name":"Global Safety &amp; Environmental","article_modified_time":"2024-11-27T22:52:22+00:00","og_image":[{"width":1200,"height":800,"url":"https:\/\/globaltraining.com\/wp-content\/uploads\/2022\/05\/Sexual-Harassment.jpg","type":"image\/jpeg"}],"twitter_card":"summary_large_image","twitter_misc":{"Est. reading time":"2 minutes"},"schema":{"@context":"https:\/\/schema.org","@graph":[{"@type":"WebPage","@id":"https:\/\/globaltraining.com\/product\/sexual-harassment\/","url":"https:\/\/globaltraining.com\/product\/sexual-harassment\/","name":"Cinsel Taciz - K\u00fcresel G\u00fcvenlik ve \u00c7evre","isPartOf":{"@id":"https:\/\/globaltraining.com\/#website"},"primaryImageOfPage":{"@id":"https:\/\/globaltraining.com\/product\/sexual-harassment\/#primaryimage"},"image":{"@id":"https:\/\/globaltraining.com\/product\/sexual-harassment\/#primaryimage"},"thumbnailUrl":"https:\/\/globaltraining.com\/wp-content\/uploads\/2022\/05\/Sexual-Harassment.jpg","datePublished":"2023-09-11T18:31:47+00:00","dateModified":"2024-11-27T22:52:22+00:00","description":"Cinsel Taciz e\u011fitimimizle kurulu\u015funuzu g\u00fc\u00e7lendirin. \u0130\u015fyerinde tacizi \u00f6nleyin, ele al\u0131n ve sonland\u0131r\u0131n. Hemen kaydolun.","breadcrumb":{"@id":"https:\/\/globaltraining.com\/product\/sexual-harassment\/#breadcrumb"},"inLanguage":"tr-TR","potentialAction":[{"@type":"ReadAction","target":["https:\/\/globaltraining.com\/product\/sexual-harassment\/"]}]},{"@type":"ImageObject","inLanguage":"tr-TR","@id":"https:\/\/globaltraining.com\/product\/sexual-harassment\/#primaryimage","url":"https:\/\/globaltraining.com\/wp-content\/uploads\/2022\/05\/Sexual-Harassment.jpg","contentUrl":"https:\/\/globaltraining.com\/wp-content\/uploads\/2022\/05\/Sexual-Harassment.jpg","width":1200,"height":800,"caption":"Sexual Harassment"},{"@type":"BreadcrumbList","@id":"https:\/\/globaltraining.com\/product\/sexual-harassment\/#breadcrumb","itemListElement":[{"@type":"ListItem","position":1,"name":"Home","item":"https:\/\/globaltraining.com\/"},{"@type":"ListItem","position":2,"name":"Productos","item":"https:\/\/globaltraining.com\/es\/shop\/"},{"@type":"ListItem","position":3,"name":"Sexual Harassment"}]},{"@type":"WebSite","@id":"https:\/\/globaltraining.com\/#website","url":"https:\/\/globaltraining.com\/","name":"K\u00fcresel G\u00fcvenlik ve \u00c7evre","description":"Tam Hizmet Sa\u011fl\u0131k, G\u00fcvenlik ve \u00c7evre Kurslar\u0131","publisher":{"@id":"https:\/\/globaltraining.com\/#organization"},"potentialAction":[{"@type":"SearchAction","target":{"@type":"EntryPoint","urlTemplate":"https:\/\/globaltraining.com\/?s={search_term_string}"},"query-input":{"@type":"PropertyValueSpecification","valueRequired":true,"valueName":"search_term_string"}}],"inLanguage":"tr-TR"},{"@type":"Organization","@id":"https:\/\/globaltraining.com\/#organization","name":"K\u00fcresel G\u00fcvenlik ve \u00c7evre","url":"https:\/\/globaltraining.com\/","logo":{"@type":"ImageObject","inLanguage":"tr-TR","@id":"https:\/\/globaltraining.com\/#\/schema\/logo\/image\/","url":"https:\/\/globaltraining.com\/wp-content\/uploads\/2021\/01\/GSE-Logo-for-email.png","contentUrl":"https:\/\/globaltraining.com\/wp-content\/uploads\/2021\/01\/GSE-Logo-for-email.png","width":400,"height":101,"caption":"Global Safety & Environmental"},"image":{"@id":"https:\/\/globaltraining.com\/#\/schema\/logo\/image\/"}}]}},"_links":{"self":[{"href":"https:\/\/globaltraining.com\/tr\/wp-json\/wp\/v2\/product\/28569","targetHints":{"allow":["GET"]}}],"collection":[{"href":"https:\/\/globaltraining.com\/tr\/wp-json\/wp\/v2\/product"}],"about":[{"href":"https:\/\/globaltraining.com\/tr\/wp-json\/wp\/v2\/types\/product"}],"wp:featuredmedia":[{"embeddable":true,"href":"https:\/\/globaltraining.com\/tr\/wp-json\/wp\/v2\/media\/27062"}],"wp:attachment":[{"href":"https:\/\/globaltraining.com\/tr\/wp-json\/wp\/v2\/media?parent=28569"}],"wp:term":[{"taxonomy":"product_brand","embeddable":true,"href":"https:\/\/globaltraining.com\/tr\/wp-json\/wp\/v2\/product_brand?post=28569"},{"taxonomy":"product_cat","embeddable":true,"href":"https:\/\/globaltraining.com\/tr\/wp-json\/wp\/v2\/product_cat?post=28569"},{"taxonomy":"product_tag","embeddable":true,"href":"https:\/\/globaltraining.com\/tr\/wp-json\/wp\/v2\/product_tag?post=28569"}],"curies":[{"name":"wp","href":"https:\/\/api.w.org\/{rel}","templated":true}]}}