{"id":28564,"date":"2023-09-11T13:08:22","date_gmt":"2023-09-11T18:08:22","guid":{"rendered":"https:\/\/globaltraining.com\/?post_type=product&#038;p=28564"},"modified":"2024-11-27T16:53:17","modified_gmt":"2024-11-27T22:53:17","slug":"kumlama-egitimi","status":"publish","type":"product","link":"https:\/\/globaltraining.com\/tr\/product\/sand-blasting-training\/","title":{"rendered":"Kumlama E\u011fitimi"},"content":{"rendered":"<h2>Kum P\u00fcsk\u00fcrtme E\u011fitimi: Kum P\u00fcsk\u00fcrtme Sanat\u0131nda Ustala\u015fmak<\/h2>\n<p>Sizi yetkin bir kum p\u00fcsk\u00fcrtme uzman\u0131 olman\u0131z i\u00e7in gereken bilgi ve becerilerle donatmak \u00fczere tasarlanm\u0131\u015f kapsaml\u0131 Kum P\u00fcsk\u00fcrtme E\u011fitim program\u0131m\u0131za ho\u015f geldiniz. \u0130ster y\u00fczey haz\u0131rlama alan\u0131nda kariyere ba\u015flamak isteyen bir acemi olun, ister uzmanl\u0131\u011f\u0131n\u0131z\u0131 geli\u015ftirmek isteyen deneyimli bir profesyonel olun, kumlama e\u011fitimimiz ihtiya\u00e7lar\u0131n\u0131z\u0131 kar\u015f\u0131layacak \u015fekilde \u00f6zel olarak tasarlanm\u0131\u015ft\u0131r.<\/p>\n<p>\u00c7e\u015fitli sekt\u00f6rlerde yetenekli kumlama makinelerine olan talep artmaya devam ettik\u00e7e, bu zanaatta ustala\u015fmak de\u011ferli bir varl\u0131kt\u0131r. Bu kursta, temel tekniklerden geli\u015fmi\u015f stratejilere kadar her \u015feyi kapsayan kumlama d\u00fcnyas\u0131n\u0131n derinliklerine inece\u011fiz. E\u011fitiminizin sonunda yeni f\u0131rsatlar\u0131n ve kariyer geli\u015fiminizin kap\u0131lar\u0131n\u0131 a\u00e7acak bir sertifika alacaks\u0131n\u0131z.<\/p>\n<h2>Yetenekli bir Kum P\u00fcsk\u00fcrt\u00fcc\u00fc Olun<\/h2>\n<p>Kum P\u00fcsk\u00fcrtme E\u011fitim program\u0131m\u0131z becerilerinizi m\u00fckemmelle\u015ftirmeye odaklan\u0131r. Farkl\u0131 t\u00fcrdeki kumlama ekipmanlar\u0131yla uygulamal\u0131 deneyim kazanacak ve her i\u015f i\u00e7in do\u011fru a\u015f\u0131nd\u0131r\u0131c\u0131 malzemeleri nas\u0131l se\u00e7ece\u011finizi \u00f6\u011freneceksiniz. Y\u00fczey haz\u0131rl\u0131\u011f\u0131 ve g\u00fcvenlik protokollerinin ilkelerini anlamak \u00e7ok \u00f6nemlidir ve size uzman rehberli\u011fi sa\u011fl\u0131yoruz.<\/p>\n<p>\u0130ster in\u015faat, otomotiv veya restorasyon alan\u0131nda \u00e7al\u0131\u015fmay\u0131 hedefliyor olun, kursumuz kumlaman\u0131n gerekli oldu\u011fu \u00e7e\u015fitli sekt\u00f6rlere hitap etmektedir. Size y\u00fczeyleri nas\u0131l de\u011ferlendirece\u011finizi, s\u0131k kar\u015f\u0131la\u015f\u0131lan sorunlar\u0131 nas\u0131l giderece\u011finizi ve en iyi sonu\u00e7lar\u0131 nas\u0131l elde edece\u011finizi \u00f6\u011freterek \u00f6n\u00fcn\u00fcze \u00e7\u0131kan her t\u00fcrl\u00fc projeye iyi haz\u0131rlanman\u0131z\u0131 sa\u011flayaca\u011f\u0131z.<\/p>\n<h2>Kumlaman\u0131n Kolayl\u0131\u011f\u0131 \u00c7evrimi\u00e7i Kurslar<\/h2>\n<p>Kum P\u00fcsk\u00fcrtme E\u011fitimimiz \u00e7evrimi\u00e7i \u00f6\u011frenmenin esnekli\u011fini sunar. Program\u0131n\u0131z\u0131n yo\u011fun olabilece\u011fini biliyoruz, bu nedenle bu kursa her zaman, her yerden eri\u015filebilecek \u015fekilde tasarlad\u0131k. Fiziksel bir yere gitmeye gerek yok; Mod\u00fcllerde kendi h\u0131z\u0131n\u0131zda ilerleyebilirsiniz.<\/p>\n<p>E-\u00f6\u011frenme platformumuz anlay\u0131\u015f\u0131n\u0131z\u0131 peki\u015ftirmek i\u00e7in dersler ve testler sunar. E\u011fitimi ilgi \u00e7ekici ve keyifli hale getirmeye, yaln\u0131zca \u00f6\u011frenmenizi de\u011fil, ayn\u0131 zamanda bilgiyi etkili bir \u015fekilde koruman\u0131z\u0131 da sa\u011flamaya inan\u0131yoruz.<\/p>\n<h2>Neden Kumlama E\u011fitimimizi Se\u00e7melisiniz?<\/h2>\n<p>1. Uzman E\u011fitmenler: Deneyimli e\u011fitmenlerimiz onlarca y\u0131ll\u0131k kolektif bilgiyi masaya getiriyor. Ba\u015far\u0131n\u0131za adanm\u0131\u015flard\u0131r ve e\u011fitiminiz boyunca ki\u015fiselle\u015ftirilmi\u015f rehberlik sa\u011flayacaklard\u0131r.<\/p>\n<p>2. Kapsaml\u0131 M\u00fcfredat: M\u00fcfredat\u0131m\u0131z A&#039;dan Z&#039;ye kum p\u00fcsk\u00fcrtmeyi kapsar ve \u00e7evrilmemi\u015f ta\u015f b\u0131rakmaz. Teknikler, g\u00fcvenlik \u00f6nlemleri ve en iyi uygulamalar konusunda derin bir anlay\u0131\u015fla mezun olacaks\u0131n\u0131z.<\/p>\n<p>3. Kolayl\u0131k ve Esneklik: Kurs materyallerine 7\/24 eri\u015fim sayesinde, e\u011fitiminizi di\u011fer taahh\u00fctlerinizle dengeleyerek istedi\u011finiz zaman \u00f6\u011frenebilirsiniz.<\/p>\n<p>Yetenekli bir kum p\u00fcsk\u00fcrtmeci olma ve kariyer olanaklar\u0131n\u0131z\u0131 art\u0131rma f\u0131rsat\u0131n\u0131 ka\u00e7\u0131rmay\u0131n. Kumlama E\u011fitimimize bug\u00fcn kaydolun ve daha parlak bir gelece\u011fe ilk ad\u0131m\u0131 at\u0131n.<\/p>\n<h2>Bu g\u00fcn ba\u015flayaca\u011f\u0131m!<\/h2>\n<p>Kumlama E\u011fitimi kursumuzla gelece\u011finize yat\u0131r\u0131m yap\u0131n. Uzman rehberli\u011fimizle kariyerlerini de\u011fi\u015ftiren say\u0131s\u0131z ba\u015far\u0131l\u0131 mezuna kat\u0131l\u0131n. \u015eimdi kaydolun ve sertifikal\u0131 bir kumlama makinesi olma yolculu\u011funuza ba\u015flay\u0131n!<\/p>","protected":false},"excerpt":{"rendered":"<p>Kum P\u00fcsk\u00fcrtme E\u011fitimimizle f\u0131rsatlar d\u00fcnyas\u0131n\u0131n kilidini a\u00e7\u0131n. Kum p\u00fcsk\u00fcrtme sanat\u0131nda ustala\u015f\u0131n ve sekt\u00f6rde tan\u0131nan sertifikay\u0131 al\u0131n. \u015eimdi kay\u0131t!<\/p>","protected":false},"featured_media":27157,"template":"","meta":{"_et_pb_use_builder":"","_et_pb_old_content":"","_et_gb_content_width":""},"product_brand":[],"product_cat":[175,167],"product_tag":[],"class_list":{"0":"post-28564","1":"product","2":"type-product","3":"status-publish","4":"has-post-thumbnail","6":"product_cat-material-handling","7":"product_cat-surface-prep","9":"first","10":"instock","11":"virtual","12":"sold-individually","13":"purchasable","14":"product-type-simple"},"yoast_head":"<!-- This site is optimized with the Yoast SEO plugin v27.3 - https:\/\/yoast.com\/product\/yoast-seo-wordpress\/ -->\n<title>Sand Blasting Training - Global Safety &amp; Environmental<\/title>\n<meta name=\"description\" content=\"Master the art of sand blasting with our comprehensive Sand Blasting Training program. Gain hands-on skills, industry recognition, and career opportunities. Enroll today!\" \/>\n<meta name=\"robots\" content=\"index, follow, max-snippet:-1, max-image-preview:large, max-video-preview:-1\" \/>\n<link rel=\"canonical\" href=\"https:\/\/globaltraining.com\/tr\/urun\/kumlama-egitimi\/\" \/>\n<meta property=\"og:locale\" content=\"tr_TR\" \/>\n<meta property=\"og:type\" content=\"article\" \/>\n<meta property=\"og:title\" content=\"Sand Blasting Training - Global Safety &amp; Environmental\" \/>\n<meta property=\"og:description\" content=\"Master the art of sand blasting with our comprehensive Sand Blasting Training program. Gain hands-on skills, industry recognition, and career opportunities. Enroll today!\" \/>\n<meta property=\"og:url\" content=\"https:\/\/globaltraining.com\/tr\/urun\/kumlama-egitimi\/\" \/>\n<meta property=\"og:site_name\" content=\"Global Safety &amp; Environmental\" \/>\n<meta property=\"article:modified_time\" content=\"2024-11-27T22:53:17+00:00\" \/>\n<meta property=\"og:image\" content=\"https:\/\/globaltraining.com\/wp-content\/uploads\/2020\/12\/Abrasive-Blasting.jpg\" \/>\n\t<meta property=\"og:image:width\" content=\"1200\" \/>\n\t<meta property=\"og:image:height\" content=\"800\" \/>\n\t<meta property=\"og:image:type\" content=\"image\/jpeg\" \/>\n<meta name=\"twitter:card\" content=\"summary_large_image\" \/>\n<meta name=\"twitter:label1\" content=\"Est. reading time\" \/>\n\t<meta name=\"twitter:data1\" content=\"3 minutes\" \/>\n<script type=\"application\/ld+json\" class=\"yoast-schema-graph\">{\"@context\":\"https:\\\/\\\/schema.org\",\"@graph\":[{\"@type\":\"WebPage\",\"@id\":\"https:\\\/\\\/globaltraining.com\\\/product\\\/sand-blasting-training\\\/\",\"url\":\"https:\\\/\\\/globaltraining.com\\\/product\\\/sand-blasting-training\\\/\",\"name\":\"Sand Blasting Training - Global Safety &amp; Environmental\",\"isPartOf\":{\"@id\":\"https:\\\/\\\/globaltraining.com\\\/#website\"},\"primaryImageOfPage\":{\"@id\":\"https:\\\/\\\/globaltraining.com\\\/product\\\/sand-blasting-training\\\/#primaryimage\"},\"image\":{\"@id\":\"https:\\\/\\\/globaltraining.com\\\/product\\\/sand-blasting-training\\\/#primaryimage\"},\"thumbnailUrl\":\"https:\\\/\\\/globaltraining.com\\\/wp-content\\\/uploads\\\/2020\\\/12\\\/Abrasive-Blasting.jpg\",\"datePublished\":\"2023-09-11T18:08:22+00:00\",\"dateModified\":\"2024-11-27T22:53:17+00:00\",\"description\":\"Master the art of sand blasting with our comprehensive Sand Blasting Training program. Gain hands-on skills, industry recognition, and career opportunities. Enroll today!\",\"breadcrumb\":{\"@id\":\"https:\\\/\\\/globaltraining.com\\\/product\\\/sand-blasting-training\\\/#breadcrumb\"},\"inLanguage\":\"tr-TR\",\"potentialAction\":[{\"@type\":\"ReadAction\",\"target\":[\"https:\\\/\\\/globaltraining.com\\\/product\\\/sand-blasting-training\\\/\"]}]},{\"@type\":\"ImageObject\",\"inLanguage\":\"tr-TR\",\"@id\":\"https:\\\/\\\/globaltraining.com\\\/product\\\/sand-blasting-training\\\/#primaryimage\",\"url\":\"https:\\\/\\\/globaltraining.com\\\/wp-content\\\/uploads\\\/2020\\\/12\\\/Abrasive-Blasting.jpg\",\"contentUrl\":\"https:\\\/\\\/globaltraining.com\\\/wp-content\\\/uploads\\\/2020\\\/12\\\/Abrasive-Blasting.jpg\",\"width\":1200,\"height\":800,\"caption\":\"Sand Blasting Training\"},{\"@type\":\"BreadcrumbList\",\"@id\":\"https:\\\/\\\/globaltraining.com\\\/product\\\/sand-blasting-training\\\/#breadcrumb\",\"itemListElement\":[{\"@type\":\"ListItem\",\"position\":1,\"name\":\"Home\",\"item\":\"https:\\\/\\\/globaltraining.com\\\/\"},{\"@type\":\"ListItem\",\"position\":2,\"name\":\"Productos\",\"item\":\"https:\\\/\\\/globaltraining.com\\\/es\\\/shop\\\/\"},{\"@type\":\"ListItem\",\"position\":3,\"name\":\"Sand Blasting Training\"}]},{\"@type\":\"WebSite\",\"@id\":\"https:\\\/\\\/globaltraining.com\\\/#website\",\"url\":\"https:\\\/\\\/globaltraining.com\\\/\",\"name\":\"Global Safety & Environmental\",\"description\":\"Full Service Health, Safety, and Environmental Courses\",\"publisher\":{\"@id\":\"https:\\\/\\\/globaltraining.com\\\/#organization\"},\"potentialAction\":[{\"@type\":\"SearchAction\",\"target\":{\"@type\":\"EntryPoint\",\"urlTemplate\":\"https:\\\/\\\/globaltraining.com\\\/?s={search_term_string}\"},\"query-input\":{\"@type\":\"PropertyValueSpecification\",\"valueRequired\":true,\"valueName\":\"search_term_string\"}}],\"inLanguage\":\"tr-TR\"},{\"@type\":\"Organization\",\"@id\":\"https:\\\/\\\/globaltraining.com\\\/#organization\",\"name\":\"Global Safety & Environmental\",\"url\":\"https:\\\/\\\/globaltraining.com\\\/\",\"logo\":{\"@type\":\"ImageObject\",\"inLanguage\":\"tr-TR\",\"@id\":\"https:\\\/\\\/globaltraining.com\\\/#\\\/schema\\\/logo\\\/image\\\/\",\"url\":\"https:\\\/\\\/globaltraining.com\\\/wp-content\\\/uploads\\\/2021\\\/01\\\/GSE-Logo-for-email.png\",\"contentUrl\":\"https:\\\/\\\/globaltraining.com\\\/wp-content\\\/uploads\\\/2021\\\/01\\\/GSE-Logo-for-email.png\",\"width\":400,\"height\":101,\"caption\":\"Global Safety & Environmental\"},\"image\":{\"@id\":\"https:\\\/\\\/globaltraining.com\\\/#\\\/schema\\\/logo\\\/image\\\/\"}}]}<\/script>\n<!-- \/ Yoast SEO plugin. -->","yoast_head_json":{"title":"Kumlama E\u011fitimi - K\u00fcresel G\u00fcvenlik ve \u00c7evre","description":"Kapsaml\u0131 Kumlama E\u011fitim program\u0131m\u0131zla kumlama sanat\u0131nda ustala\u015f\u0131n. Uygulamal\u0131 beceriler, sekt\u00f6r tan\u0131n\u0131rl\u0131\u011f\u0131 ve kariyer f\u0131rsatlar\u0131 kazan\u0131n. Bug\u00fcn kaydolun!","robots":{"index":"index","follow":"follow","max-snippet":"max-snippet:-1","max-image-preview":"max-image-preview:large","max-video-preview":"max-video-preview:-1"},"canonical":"https:\/\/globaltraining.com\/tr\/urun\/kumlama-egitimi\/","og_locale":"tr_TR","og_type":"article","og_title":"Sand Blasting Training - Global Safety &amp; Environmental","og_description":"Master the art of sand blasting with our comprehensive Sand Blasting Training program. Gain hands-on skills, industry recognition, and career opportunities. Enroll today!","og_url":"https:\/\/globaltraining.com\/tr\/urun\/kumlama-egitimi\/","og_site_name":"Global Safety &amp; Environmental","article_modified_time":"2024-11-27T22:53:17+00:00","og_image":[{"width":1200,"height":800,"url":"https:\/\/globaltraining.com\/wp-content\/uploads\/2020\/12\/Abrasive-Blasting.jpg","type":"image\/jpeg"}],"twitter_card":"summary_large_image","twitter_misc":{"Est. reading time":"3 minutes"},"schema":{"@context":"https:\/\/schema.org","@graph":[{"@type":"WebPage","@id":"https:\/\/globaltraining.com\/product\/sand-blasting-training\/","url":"https:\/\/globaltraining.com\/product\/sand-blasting-training\/","name":"Kumlama E\u011fitimi - K\u00fcresel G\u00fcvenlik ve \u00c7evre","isPartOf":{"@id":"https:\/\/globaltraining.com\/#website"},"primaryImageOfPage":{"@id":"https:\/\/globaltraining.com\/product\/sand-blasting-training\/#primaryimage"},"image":{"@id":"https:\/\/globaltraining.com\/product\/sand-blasting-training\/#primaryimage"},"thumbnailUrl":"https:\/\/globaltraining.com\/wp-content\/uploads\/2020\/12\/Abrasive-Blasting.jpg","datePublished":"2023-09-11T18:08:22+00:00","dateModified":"2024-11-27T22:53:17+00:00","description":"Kapsaml\u0131 Kumlama E\u011fitim program\u0131m\u0131zla kumlama sanat\u0131nda ustala\u015f\u0131n. Uygulamal\u0131 beceriler, sekt\u00f6r tan\u0131n\u0131rl\u0131\u011f\u0131 ve kariyer f\u0131rsatlar\u0131 kazan\u0131n. Bug\u00fcn kaydolun!","breadcrumb":{"@id":"https:\/\/globaltraining.com\/product\/sand-blasting-training\/#breadcrumb"},"inLanguage":"tr-TR","potentialAction":[{"@type":"ReadAction","target":["https:\/\/globaltraining.com\/product\/sand-blasting-training\/"]}]},{"@type":"ImageObject","inLanguage":"tr-TR","@id":"https:\/\/globaltraining.com\/product\/sand-blasting-training\/#primaryimage","url":"https:\/\/globaltraining.com\/wp-content\/uploads\/2020\/12\/Abrasive-Blasting.jpg","contentUrl":"https:\/\/globaltraining.com\/wp-content\/uploads\/2020\/12\/Abrasive-Blasting.jpg","width":1200,"height":800,"caption":"Sand Blasting Training"},{"@type":"BreadcrumbList","@id":"https:\/\/globaltraining.com\/product\/sand-blasting-training\/#breadcrumb","itemListElement":[{"@type":"ListItem","position":1,"name":"Home","item":"https:\/\/globaltraining.com\/"},{"@type":"ListItem","position":2,"name":"Productos","item":"https:\/\/globaltraining.com\/es\/shop\/"},{"@type":"ListItem","position":3,"name":"Sand Blasting Training"}]},{"@type":"WebSite","@id":"https:\/\/globaltraining.com\/#website","url":"https:\/\/globaltraining.com\/","name":"K\u00fcresel G\u00fcvenlik ve \u00c7evre","description":"Tam Hizmet Sa\u011fl\u0131k, G\u00fcvenlik ve \u00c7evre Kurslar\u0131","publisher":{"@id":"https:\/\/globaltraining.com\/#organization"},"potentialAction":[{"@type":"SearchAction","target":{"@type":"EntryPoint","urlTemplate":"https:\/\/globaltraining.com\/?s={search_term_string}"},"query-input":{"@type":"PropertyValueSpecification","valueRequired":true,"valueName":"search_term_string"}}],"inLanguage":"tr-TR"},{"@type":"Organization","@id":"https:\/\/globaltraining.com\/#organization","name":"K\u00fcresel G\u00fcvenlik ve \u00c7evre","url":"https:\/\/globaltraining.com\/","logo":{"@type":"ImageObject","inLanguage":"tr-TR","@id":"https:\/\/globaltraining.com\/#\/schema\/logo\/image\/","url":"https:\/\/globaltraining.com\/wp-content\/uploads\/2021\/01\/GSE-Logo-for-email.png","contentUrl":"https:\/\/globaltraining.com\/wp-content\/uploads\/2021\/01\/GSE-Logo-for-email.png","width":400,"height":101,"caption":"Global Safety & Environmental"},"image":{"@id":"https:\/\/globaltraining.com\/#\/schema\/logo\/image\/"}}]}},"_links":{"self":[{"href":"https:\/\/globaltraining.com\/tr\/wp-json\/wp\/v2\/product\/28564","targetHints":{"allow":["GET"]}}],"collection":[{"href":"https:\/\/globaltraining.com\/tr\/wp-json\/wp\/v2\/product"}],"about":[{"href":"https:\/\/globaltraining.com\/tr\/wp-json\/wp\/v2\/types\/product"}],"wp:featuredmedia":[{"embeddable":true,"href":"https:\/\/globaltraining.com\/tr\/wp-json\/wp\/v2\/media\/27157"}],"wp:attachment":[{"href":"https:\/\/globaltraining.com\/tr\/wp-json\/wp\/v2\/media?parent=28564"}],"wp:term":[{"taxonomy":"product_brand","embeddable":true,"href":"https:\/\/globaltraining.com\/tr\/wp-json\/wp\/v2\/product_brand?post=28564"},{"taxonomy":"product_cat","embeddable":true,"href":"https:\/\/globaltraining.com\/tr\/wp-json\/wp\/v2\/product_cat?post=28564"},{"taxonomy":"product_tag","embeddable":true,"href":"https:\/\/globaltraining.com\/tr\/wp-json\/wp\/v2\/product_tag?post=28564"}],"curies":[{"name":"wp","href":"https:\/\/api.w.org\/{rel}","templated":true}]}}