{"id":28563,"date":"2023-09-11T13:03:45","date_gmt":"2023-09-11T18:03:45","guid":{"rendered":"https:\/\/globaltraining.com\/?post_type=product&#038;p=28563"},"modified":"2024-11-27T16:53:48","modified_gmt":"2024-11-27T22:53:48","slug":"guvenlik-ve-cevre-yonetim-sistemleri-sems-2","status":"publish","type":"product","link":"https:\/\/globaltraining.com\/tr\/product\/safety-and-environmental-management-systems-sems-2\/","title":{"rendered":"G\u00fcvenlik ve \u00c7evre Y\u00f6netim Sistemleri \u2013 SEMS"},"content":{"rendered":"<h2>G\u00fcvenlik ve \u00c7evre Y\u00f6netim Sistemlerini (SEMS) Ke\u015ffetmek<\/h2>\n<p>Modern end\u00fcstriyel ortamda personelin g\u00fcvenli\u011finin sa\u011flanmas\u0131 ve \u00e7evresel etkinin en aza indirilmesi \u00e7ok \u00f6nemlidir. buras\u0131 <em>G\u00fcvenlik ve \u00c7evre Y\u00f6netim Sistemleri (SEMS)<\/em> oyuna gel. Bu kapsaml\u0131 k\u0131lavuzda SEMS&#039;i, bunlar\u0131n \u00f6nemini ve \u00e7evrimi\u00e7i e\u011fitimimizin kurulu\u015funuza bu sistemleri etkili bir \u015fekilde uygulama konusunda nas\u0131l g\u00fc\u00e7 verebilece\u011fini ele alaca\u011f\u0131z.<\/p>\n<h2>G\u00fcvenlik ve \u00c7evre Y\u00f6netim Sistemlerini Anlamak - Daha G\u00fcvenli Bir Gelecek i\u00e7in SEMS<\/h2>\n<p><em>SEM&#039;ler<\/em> g\u00fcvenlik ve \u00e7evre konular\u0131n\u0131 operasyonlar\u0131n\u0131z\u0131n her y\u00f6n\u00fcne entegre etmek i\u00e7in tasarlanm\u0131\u015f bir dizi s\u00fcre\u00e7 ve protokol\u00fc kapsar. Kapsaml\u0131 \u00e7evrimi\u00e7i e\u011fitim program\u0131m\u0131z, risk de\u011ferlendirmesi, d\u00fczenlemelere uyum ve g\u00fcvenlik ve \u00e7evresel sorumlulu\u011fu \u00f6n planda tutan bir k\u00fclt\u00fcr\u00fcn yarat\u0131lmas\u0131 da dahil olmak \u00fczere SEMS&#039;in kapsaml\u0131 bir \u015fekilde anla\u015f\u0131lmas\u0131n\u0131 sa\u011flar.<\/p>\n<h2>\u00c7evrimi\u00e7i E\u011fitim: SEMS&#039;te Uzmanla\u015fmak \u0130stedi\u011finiz Yerde<\/h2>\n<p>SEMS&#039;i benimsemek, s\u00fcrekli iyile\u015ftirme taahh\u00fcd\u00fcn\u00fc ve g\u00fcvenlik ve \u00e7evre y\u00f6netimine proaktif bir yakla\u015f\u0131m\u0131 i\u00e7erir. Bizim <em>cevrimici egitim<\/em> Ekibinizin SEMS uzman\u0131 olmas\u0131 i\u00e7in kullan\u0131\u015fl\u0131 ve esnek bir yol sunar. Kullan\u0131c\u0131 dostu platformumuz sayesinde \u00e7al\u0131\u015fanlar\u0131n\u0131z\u0131 g\u00fcvenlik ve \u00e7evre standartlar\u0131n\u0131 s\u00fcrd\u00fcrmek i\u00e7in gereken bilgi ve becerilerle donatabilirsiniz.<\/p>\n<p>SEMS yaln\u0131zca i\u015fyeri g\u00fcvenli\u011fini art\u0131rmakla kalmaz, ayn\u0131 zamanda \u00e7evresel s\u00fcrd\u00fcr\u00fclebilirli\u011fe olan ba\u011fl\u0131l\u0131\u011f\u0131n\u0131z\u0131 da g\u00f6sterir. SEMS&#039;i operasyonlar\u0131n\u0131za entegre ederek olaylar\u0131 azaltabilir, \u00e7evresel tehlikeleri \u00f6nleyebilir ve sorumlu bir kurumsal vatanda\u015f olarak olumlu bir itibar kazanabilirsiniz.<\/p>\n<p>Kapsaml\u0131 kursumuz, risk y\u00f6netimi, olay incelemesi ve mevzuata uygunluk dahil olmak \u00fczere SEMS&#039;in \u00e7e\u015fitli y\u00f6nlerini kapsar. E\u011fitimin sonunda ekibiniz SEMS&#039;i etkili bir \u015fekilde uygulamaya ve daha g\u00fcvenli ve \u00e7evreye daha duyarl\u0131 bir i\u015fyerine katk\u0131da bulunmaya haz\u0131r olacakt\u0131r.<\/p>\n<h2>Daha G\u00fcvenli ve Daha Ye\u015fil Bir Yar\u0131n \u0130n\u015fa Etmek \u0130\u00e7in Bize Kat\u0131l\u0131n<\/h2>\n<p>Sitemize kay\u0131t olarak <em>G\u00fcvenlik ve \u00c7evre Y\u00f6netim Sistemleri (SEMS)<\/em> online e\u011fitim program\u0131yla daha g\u00fcvenli ve s\u00fcrd\u00fcr\u00fclebilir bir gelecek sa\u011flama yolunda \u00f6nemli bir ad\u0131m at\u0131yorsunuz. G\u00fcvenlik ve \u00e7evre y\u00f6netimine \u00f6ncelik veren bir i\u015fyerine do\u011fru yolculu\u011fumuzda bize kat\u0131l\u0131n. \u015eimdi kaydolun ve ekibinizi SEMS&#039;i desteklemek i\u00e7in gereken bilgi ve ara\u00e7larla g\u00fc\u00e7lendirin.<\/p>","protected":false},"excerpt":{"rendered":"<p>\u00c7evrimi\u00e7i SEMS e\u011fitimimizle i\u015fyeri g\u00fcvenli\u011fini ve \u00e7evresel sorumlulu\u011fu art\u0131r\u0131n. Ekibinizi SEMS&#039;i operasyonlar\u0131n\u0131za entegre etmek i\u00e7in gereken bilgi ve becerilerle donat\u0131n. Daha g\u00fcvenli ve daha ye\u015fil bir gelecek i\u00e7in hemen kaydolun!<\/p>","protected":false},"featured_media":27194,"template":"","meta":{"_et_pb_use_builder":"","_et_pb_old_content":"","_et_gb_content_width":""},"product_brand":[],"product_cat":[156,157,166],"product_tag":[],"class_list":{"0":"post-28563","1":"product","2":"type-product","3":"status-publish","4":"has-post-thumbnail","6":"product_cat-occupational-health-and-safety","7":"product_cat-occupational-safety-admin","8":"product_cat-sems","10":"first","11":"instock","12":"virtual","13":"purchasable","14":"product-type-simple"},"yoast_head":"<!-- This site is optimized with the Yoast SEO plugin v27.4 - https:\/\/yoast.com\/product\/yoast-seo-wordpress\/ -->\n<title>Safety and Environmental Management Systems \u2013 SEMS - Global Safety &amp; Environmental<\/title>\n<meta name=\"description\" content=\"Explore the significance of Safety and Environmental Management Systems (SEMS) and empower your organization to implement these systems effectively.\" \/>\n<meta name=\"robots\" content=\"index, follow, max-snippet:-1, max-image-preview:large, max-video-preview:-1\" \/>\n<link rel=\"canonical\" href=\"https:\/\/globaltraining.com\/tr\/urun\/guvenlik-ve-cevre-yonetim-sistemleri-sems-2\/\" \/>\n<meta property=\"og:locale\" content=\"tr_TR\" \/>\n<meta property=\"og:type\" content=\"article\" \/>\n<meta property=\"og:title\" content=\"Safety and Environmental Management Systems \u2013 SEMS - Global Safety &amp; Environmental\" \/>\n<meta property=\"og:description\" content=\"Explore the significance of Safety and Environmental Management Systems (SEMS) and empower your organization to implement these systems effectively.\" \/>\n<meta property=\"og:url\" content=\"https:\/\/globaltraining.com\/tr\/urun\/guvenlik-ve-cevre-yonetim-sistemleri-sems-2\/\" \/>\n<meta property=\"og:site_name\" content=\"Global Safety &amp; Environmental\" \/>\n<meta property=\"article:modified_time\" content=\"2024-11-27T22:53:48+00:00\" \/>\n<meta property=\"og:image\" content=\"https:\/\/globaltraining.com\/wp-content\/uploads\/2021\/09\/business-building-teamwork-people-concept-group-of-58NZY5M.jpg\" \/>\n\t<meta property=\"og:image:width\" content=\"1200\" \/>\n\t<meta property=\"og:image:height\" content=\"800\" \/>\n\t<meta property=\"og:image:type\" content=\"image\/jpeg\" \/>\n<meta name=\"twitter:card\" content=\"summary_large_image\" \/>\n<meta name=\"twitter:label1\" content=\"Est. reading time\" \/>\n\t<meta name=\"twitter:data1\" content=\"2 minutes\" \/>\n<script type=\"application\/ld+json\" class=\"yoast-schema-graph\">{\"@context\":\"https:\\\/\\\/schema.org\",\"@graph\":[{\"@type\":\"WebPage\",\"@id\":\"https:\\\/\\\/globaltraining.com\\\/product\\\/safety-and-environmental-management-systems-sems-2\\\/\",\"url\":\"https:\\\/\\\/globaltraining.com\\\/product\\\/safety-and-environmental-management-systems-sems-2\\\/\",\"name\":\"Safety and Environmental Management Systems \u2013 SEMS - Global Safety &amp; Environmental\",\"isPartOf\":{\"@id\":\"https:\\\/\\\/globaltraining.com\\\/#website\"},\"primaryImageOfPage\":{\"@id\":\"https:\\\/\\\/globaltraining.com\\\/product\\\/safety-and-environmental-management-systems-sems-2\\\/#primaryimage\"},\"image\":{\"@id\":\"https:\\\/\\\/globaltraining.com\\\/product\\\/safety-and-environmental-management-systems-sems-2\\\/#primaryimage\"},\"thumbnailUrl\":\"https:\\\/\\\/globaltraining.com\\\/wp-content\\\/uploads\\\/2021\\\/09\\\/business-building-teamwork-people-concept-group-of-58NZY5M.jpg\",\"datePublished\":\"2023-09-11T18:03:45+00:00\",\"dateModified\":\"2024-11-27T22:53:48+00:00\",\"description\":\"Explore the significance of Safety and Environmental Management Systems (SEMS) and empower your organization to implement these systems effectively.\",\"breadcrumb\":{\"@id\":\"https:\\\/\\\/globaltraining.com\\\/product\\\/safety-and-environmental-management-systems-sems-2\\\/#breadcrumb\"},\"inLanguage\":\"tr-TR\",\"potentialAction\":[{\"@type\":\"ReadAction\",\"target\":[\"https:\\\/\\\/globaltraining.com\\\/product\\\/safety-and-environmental-management-systems-sems-2\\\/\"]}]},{\"@type\":\"ImageObject\",\"inLanguage\":\"tr-TR\",\"@id\":\"https:\\\/\\\/globaltraining.com\\\/product\\\/safety-and-environmental-management-systems-sems-2\\\/#primaryimage\",\"url\":\"https:\\\/\\\/globaltraining.com\\\/wp-content\\\/uploads\\\/2021\\\/09\\\/business-building-teamwork-people-concept-group-of-58NZY5M.jpg\",\"contentUrl\":\"https:\\\/\\\/globaltraining.com\\\/wp-content\\\/uploads\\\/2021\\\/09\\\/business-building-teamwork-people-concept-group-of-58NZY5M.jpg\",\"width\":1200,\"height\":800,\"caption\":\"Safety and Environmental Management Systems \u2013 SEMS\"},{\"@type\":\"BreadcrumbList\",\"@id\":\"https:\\\/\\\/globaltraining.com\\\/product\\\/safety-and-environmental-management-systems-sems-2\\\/#breadcrumb\",\"itemListElement\":[{\"@type\":\"ListItem\",\"position\":1,\"name\":\"Home\",\"item\":\"https:\\\/\\\/globaltraining.com\\\/\"},{\"@type\":\"ListItem\",\"position\":2,\"name\":\"Productos\",\"item\":\"https:\\\/\\\/globaltraining.com\\\/es\\\/shop\\\/\"},{\"@type\":\"ListItem\",\"position\":3,\"name\":\"Safety and Environmental Management Systems \u2013 SEMS\"}]},{\"@type\":\"WebSite\",\"@id\":\"https:\\\/\\\/globaltraining.com\\\/#website\",\"url\":\"https:\\\/\\\/globaltraining.com\\\/\",\"name\":\"Global Safety & Environmental\",\"description\":\"Full Service Health, Safety, and Environmental Courses\",\"publisher\":{\"@id\":\"https:\\\/\\\/globaltraining.com\\\/#organization\"},\"potentialAction\":[{\"@type\":\"SearchAction\",\"target\":{\"@type\":\"EntryPoint\",\"urlTemplate\":\"https:\\\/\\\/globaltraining.com\\\/?s={search_term_string}\"},\"query-input\":{\"@type\":\"PropertyValueSpecification\",\"valueRequired\":true,\"valueName\":\"search_term_string\"}}],\"inLanguage\":\"tr-TR\"},{\"@type\":\"Organization\",\"@id\":\"https:\\\/\\\/globaltraining.com\\\/#organization\",\"name\":\"Global Safety & Environmental\",\"url\":\"https:\\\/\\\/globaltraining.com\\\/\",\"logo\":{\"@type\":\"ImageObject\",\"inLanguage\":\"tr-TR\",\"@id\":\"https:\\\/\\\/globaltraining.com\\\/#\\\/schema\\\/logo\\\/image\\\/\",\"url\":\"https:\\\/\\\/globaltraining.com\\\/wp-content\\\/uploads\\\/2021\\\/01\\\/GSE-Logo-for-email.png\",\"contentUrl\":\"https:\\\/\\\/globaltraining.com\\\/wp-content\\\/uploads\\\/2021\\\/01\\\/GSE-Logo-for-email.png\",\"width\":400,\"height\":101,\"caption\":\"Global Safety & Environmental\"},\"image\":{\"@id\":\"https:\\\/\\\/globaltraining.com\\\/#\\\/schema\\\/logo\\\/image\\\/\"}}]}<\/script>\n<!-- \/ Yoast SEO plugin. -->","yoast_head_json":{"title":"G\u00fcvenlik ve \u00c7evre Y\u00f6netim Sistemleri \u2013 SEMS - K\u00fcresel G\u00fcvenlik ve \u00c7evre","description":"G\u00fcvenlik ve \u00c7evre Y\u00f6netim Sistemlerinin (SEMS) \u00f6nemini ke\u015ffedin ve kurulu\u015funuzun bu sistemleri etkili bir \u015fekilde uygulamas\u0131n\u0131 sa\u011flay\u0131n.","robots":{"index":"index","follow":"follow","max-snippet":"max-snippet:-1","max-image-preview":"max-image-preview:large","max-video-preview":"max-video-preview:-1"},"canonical":"https:\/\/globaltraining.com\/tr\/urun\/guvenlik-ve-cevre-yonetim-sistemleri-sems-2\/","og_locale":"tr_TR","og_type":"article","og_title":"Safety and Environmental Management Systems \u2013 SEMS - Global Safety &amp; Environmental","og_description":"Explore the significance of Safety and Environmental Management Systems (SEMS) and empower your organization to implement these systems effectively.","og_url":"https:\/\/globaltraining.com\/tr\/urun\/guvenlik-ve-cevre-yonetim-sistemleri-sems-2\/","og_site_name":"Global Safety &amp; Environmental","article_modified_time":"2024-11-27T22:53:48+00:00","og_image":[{"width":1200,"height":800,"url":"https:\/\/globaltraining.com\/wp-content\/uploads\/2021\/09\/business-building-teamwork-people-concept-group-of-58NZY5M.jpg","type":"image\/jpeg"}],"twitter_card":"summary_large_image","twitter_misc":{"Est. reading time":"2 minutes"},"schema":{"@context":"https:\/\/schema.org","@graph":[{"@type":"WebPage","@id":"https:\/\/globaltraining.com\/product\/safety-and-environmental-management-systems-sems-2\/","url":"https:\/\/globaltraining.com\/product\/safety-and-environmental-management-systems-sems-2\/","name":"G\u00fcvenlik ve \u00c7evre Y\u00f6netim Sistemleri \u2013 SEMS - K\u00fcresel G\u00fcvenlik ve \u00c7evre","isPartOf":{"@id":"https:\/\/globaltraining.com\/#website"},"primaryImageOfPage":{"@id":"https:\/\/globaltraining.com\/product\/safety-and-environmental-management-systems-sems-2\/#primaryimage"},"image":{"@id":"https:\/\/globaltraining.com\/product\/safety-and-environmental-management-systems-sems-2\/#primaryimage"},"thumbnailUrl":"https:\/\/globaltraining.com\/wp-content\/uploads\/2021\/09\/business-building-teamwork-people-concept-group-of-58NZY5M.jpg","datePublished":"2023-09-11T18:03:45+00:00","dateModified":"2024-11-27T22:53:48+00:00","description":"G\u00fcvenlik ve \u00c7evre Y\u00f6netim Sistemlerinin (SEMS) \u00f6nemini ke\u015ffedin ve kurulu\u015funuzun bu sistemleri etkili bir \u015fekilde uygulamas\u0131n\u0131 sa\u011flay\u0131n.","breadcrumb":{"@id":"https:\/\/globaltraining.com\/product\/safety-and-environmental-management-systems-sems-2\/#breadcrumb"},"inLanguage":"tr-TR","potentialAction":[{"@type":"ReadAction","target":["https:\/\/globaltraining.com\/product\/safety-and-environmental-management-systems-sems-2\/"]}]},{"@type":"ImageObject","inLanguage":"tr-TR","@id":"https:\/\/globaltraining.com\/product\/safety-and-environmental-management-systems-sems-2\/#primaryimage","url":"https:\/\/globaltraining.com\/wp-content\/uploads\/2021\/09\/business-building-teamwork-people-concept-group-of-58NZY5M.jpg","contentUrl":"https:\/\/globaltraining.com\/wp-content\/uploads\/2021\/09\/business-building-teamwork-people-concept-group-of-58NZY5M.jpg","width":1200,"height":800,"caption":"Safety and Environmental Management Systems \u2013 SEMS"},{"@type":"BreadcrumbList","@id":"https:\/\/globaltraining.com\/product\/safety-and-environmental-management-systems-sems-2\/#breadcrumb","itemListElement":[{"@type":"ListItem","position":1,"name":"Home","item":"https:\/\/globaltraining.com\/"},{"@type":"ListItem","position":2,"name":"Productos","item":"https:\/\/globaltraining.com\/es\/shop\/"},{"@type":"ListItem","position":3,"name":"Safety and Environmental Management Systems \u2013 SEMS"}]},{"@type":"WebSite","@id":"https:\/\/globaltraining.com\/#website","url":"https:\/\/globaltraining.com\/","name":"K\u00fcresel G\u00fcvenlik ve \u00c7evre","description":"Tam Hizmet Sa\u011fl\u0131k, G\u00fcvenlik ve \u00c7evre Kurslar\u0131","publisher":{"@id":"https:\/\/globaltraining.com\/#organization"},"potentialAction":[{"@type":"SearchAction","target":{"@type":"EntryPoint","urlTemplate":"https:\/\/globaltraining.com\/?s={search_term_string}"},"query-input":{"@type":"PropertyValueSpecification","valueRequired":true,"valueName":"search_term_string"}}],"inLanguage":"tr-TR"},{"@type":"Organization","@id":"https:\/\/globaltraining.com\/#organization","name":"K\u00fcresel G\u00fcvenlik ve \u00c7evre","url":"https:\/\/globaltraining.com\/","logo":{"@type":"ImageObject","inLanguage":"tr-TR","@id":"https:\/\/globaltraining.com\/#\/schema\/logo\/image\/","url":"https:\/\/globaltraining.com\/wp-content\/uploads\/2021\/01\/GSE-Logo-for-email.png","contentUrl":"https:\/\/globaltraining.com\/wp-content\/uploads\/2021\/01\/GSE-Logo-for-email.png","width":400,"height":101,"caption":"Global Safety & Environmental"},"image":{"@id":"https:\/\/globaltraining.com\/#\/schema\/logo\/image\/"}}]}},"_links":{"self":[{"href":"https:\/\/globaltraining.com\/tr\/wp-json\/wp\/v2\/product\/28563","targetHints":{"allow":["GET"]}}],"collection":[{"href":"https:\/\/globaltraining.com\/tr\/wp-json\/wp\/v2\/product"}],"about":[{"href":"https:\/\/globaltraining.com\/tr\/wp-json\/wp\/v2\/types\/product"}],"wp:featuredmedia":[{"embeddable":true,"href":"https:\/\/globaltraining.com\/tr\/wp-json\/wp\/v2\/media\/27194"}],"wp:attachment":[{"href":"https:\/\/globaltraining.com\/tr\/wp-json\/wp\/v2\/media?parent=28563"}],"wp:term":[{"taxonomy":"product_brand","embeddable":true,"href":"https:\/\/globaltraining.com\/tr\/wp-json\/wp\/v2\/product_brand?post=28563"},{"taxonomy":"product_cat","embeddable":true,"href":"https:\/\/globaltraining.com\/tr\/wp-json\/wp\/v2\/product_cat?post=28563"},{"taxonomy":"product_tag","embeddable":true,"href":"https:\/\/globaltraining.com\/tr\/wp-json\/wp\/v2\/product_tag?post=28563"}],"curies":[{"name":"wp","href":"https:\/\/api.w.org\/{rel}","templated":true}]}}