{"id":28560,"date":"2023-09-11T12:46:55","date_gmt":"2023-09-11T17:46:55","guid":{"rendered":"https:\/\/globaltraining.com\/?post_type=product&#038;p=28560"},"modified":"2024-11-27T16:55:21","modified_gmt":"2024-11-27T22:55:21","slug":"donanim-sertifikasi","status":"publish","type":"product","link":"https:\/\/globaltraining.com\/tr\/product\/rigging-certification\/","title":{"rendered":"Arma Sertifikas\u0131"},"content":{"rendered":"<h2>Arma Sertifikan\u0131z\u0131 Kazan\u0131n: G\u00fcvenlik ve Uzmanl\u0131\u011fa Giden Yol<\/h2>\n<p>Arma sertifikas\u0131, in\u015faattan e\u011flenceye kadar, y\u00fcklerin g\u00fcvenli bir \u015fekilde ta\u015f\u0131nmas\u0131n\u0131n \u00e7ok \u00f6nemli oldu\u011fu \u00e7e\u015fitli sekt\u00f6rlerdeki bireyler i\u00e7in \u00e7ok \u00f6nemli bir ad\u0131md\u0131r. Donan\u0131m\u0131n ilkelerini anlamak ve sertifikal\u0131 bir armat\u00f6r olmak yaln\u0131zca bir uyumluluk gereklili\u011fi de\u011fil ayn\u0131 zamanda g\u00fcvenlik ve profesyonellik taahh\u00fcd\u00fcd\u00fcr. Kapsaml\u0131 arma sertifikasyon kursumuz, kat\u0131lan herkesin g\u00fcvenli\u011fini sa\u011flarken sizi bu alanda ba\u015far\u0131l\u0131 olman\u0131z i\u00e7in gereken bilgi ve becerilerle donatmak \u00fczere tasarlanm\u0131\u015ft\u0131r.<\/p>\n<h2>Rigger E\u011fitiminin \u00d6nemi<\/h2>\n<p>Arma e\u011fitimi, a\u011f\u0131r y\u00fckleri kald\u0131rman\u0131n ve ta\u015f\u0131man\u0131n \u00f6tesine ge\u00e7er; kazalar\u0131n \u00f6nlenmesi, de\u011ferli varl\u0131klar\u0131n korunmas\u0131 ve \u00e7al\u0131\u015fma sahas\u0131ndaki t\u00fcm personelin refah\u0131n\u0131n sa\u011flanmas\u0131 ile ilgilidir. Kursumuzda, halat kald\u0131rma e\u011fitiminin \u00f6nemini, halat kald\u0131rma operasyonlar\u0131ndaki potansiyel riskleri ve sertifikal\u0131 bir armat\u00f6r\u00fcn g\u00fcvenli bir \u00e7al\u0131\u015fma ortam\u0131 sa\u011flamadaki rol\u00fcn\u00fc ke\u015ffedeceksiniz.<\/p>\n<h2>Sertifikal\u0131 armat\u00f6r olmak<\/h2>\n<p>E\u011fitim program\u0131m\u0131z, y\u00fck dinamiklerinin anla\u015f\u0131lmas\u0131ndan uygun donan\u0131m ve ekipman\u0131n se\u00e7ilmesine kadar donan\u0131m\u0131n t\u00fcm y\u00f6nlerini kapsar. Donan\u0131m\u0131n ilkelerini, g\u00fcvenlik standartlar\u0131n\u0131 ve en iyi uygulamalar\u0131 \u00f6\u011freneceksiniz. Uygulamal\u0131 e\u011fitimimiz, ister vin\u00e7, y\u00fck asans\u00f6r\u00fc veya di\u011fer ekipmanlar\u0131 i\u00e7ersin, donan\u0131m olu\u015fturma operasyonlar\u0131n\u0131 g\u00fcvenle ger\u00e7ekle\u015ftirebilmenizi sa\u011flar.<\/p>\n<h2>Neden Arma Sertifikasyon Kursumuzu Se\u00e7melisiniz?<\/h2>\n<p>Arma Sertifikasyonu kursumuza kaydolmak \u00e7e\u015fitli avantajlar sunar. Deneyimli e\u011fitmenlerimiz arma ve kald\u0131rma operasyonlar\u0131 alan\u0131nda uzmand\u0131r. Kurs, karma\u015f\u0131k kavramlar\u0131n anla\u015f\u0131lmas\u0131n\u0131 kolayla\u015ft\u0131racak \u015fekilde ilgi \u00e7ekici ve etkile\u015fimli olacak \u015fekilde tasarlanm\u0131\u015ft\u0131r. Ba\u015far\u0131l\u0131 bir \u015fekilde tamamlad\u0131\u011f\u0131n\u0131zda, sertifikal\u0131 bir armat\u00f6r olarak yeterlili\u011finizi g\u00f6steren prestijli bir sertifika alacaks\u0131n\u0131z. Bug\u00fcn bize kat\u0131l\u0131n ve g\u00fcvenli\u011fe \u00f6ncelik verirken kariyerinizi yeni zirvelere ta\u015f\u0131y\u0131n!<\/p>\n<h2>Sertifikaland\u0131rmaya Do\u011fru Bir Sonraki Ad\u0131m\u0131 At\u0131n!<\/h2>\n<p>Sertifikal\u0131 bir armat\u00f6r olma ve kariyer olanaklar\u0131n\u0131z\u0131 geli\u015ftirme f\u0131rsat\u0131n\u0131 ka\u00e7\u0131rmay\u0131n. Arma Sertifikasyonu kursumuza \u015fimdi kaydolun ve arma d\u00fcnyas\u0131nda ba\u015far\u0131l\u0131 olmak i\u00e7in gereken bilgi ve becerilerle kendinizi g\u00fc\u00e7lendirin. \u0130ster \u00e7al\u0131\u015fma sahan\u0131zda g\u00fcvenli\u011fi sa\u011flamak isteyen bir i\u015fveren olun, ister mesleki geli\u015fime kendini adam\u0131\u015f bir birey olun, kursumuz daha g\u00fcvenli ve daha ba\u015far\u0131l\u0131 bir gelece\u011fe a\u00e7\u0131lan kap\u0131n\u0131zd\u0131r.<\/p>","protected":false},"excerpt":{"rendered":"<p>Uzman Arma Sertifikasyon kursumuzla kariyerinizi y\u00fckseltin. Donan\u0131m, g\u00fcvenlik standartlar\u0131 ve en iyi uygulamalar ilkelerine hakim olun. Sertifikal\u0131 bir armat\u00f6r olun ve mesle\u011finizde g\u00fcvenli\u011fe \u00f6ncelik verin. Daha g\u00fcvenli ve ba\u015far\u0131l\u0131 bir gelecek i\u00e7in hemen kaydolun!<\/p>","protected":false},"featured_media":15346,"template":"","meta":{"_et_pb_use_builder":"","_et_pb_old_content":"","_et_gb_content_width":""},"product_brand":[],"product_cat":[122,124,130,132,143,145,147,175,169],"product_tag":[],"class_list":{"0":"post-28560","1":"product","2":"type-product","3":"status-publish","4":"has-post-thumbnail","6":"product_cat-construction","7":"product_cat-cranes","8":"product_cat-electrical","9":"product_cat-equipment","10":"product_cat-health-and-safety","11":"product_cat-heavy-equipment","12":"product_cat-hoisting-and-rigging","13":"product_cat-material-handling","14":"product_cat-transportation","16":"first","17":"instock","18":"virtual","19":"sold-individually","20":"purchasable","21":"product-type-simple"},"yoast_head":"<!-- This site is optimized with the Yoast SEO plugin v27.3 - https:\/\/yoast.com\/product\/yoast-seo-wordpress\/ -->\n<title>Rigging Certification - Global Safety &amp; Environmental<\/title>\n<meta name=\"description\" content=\"Earn your rigging certification and excel in the field of rigging and lifting operations. Comprehensive rigging training for safety. Enroll today!\" \/>\n<meta name=\"robots\" content=\"index, follow, max-snippet:-1, max-image-preview:large, max-video-preview:-1\" \/>\n<link rel=\"canonical\" href=\"https:\/\/globaltraining.com\/tr\/urun\/donanim-sertifikasi\/\" \/>\n<meta property=\"og:locale\" content=\"tr_TR\" \/>\n<meta property=\"og:type\" content=\"article\" \/>\n<meta property=\"og:title\" content=\"Rigging Certification - Global Safety &amp; Environmental\" \/>\n<meta property=\"og:description\" content=\"Earn your rigging certification and excel in the field of rigging and lifting operations. Comprehensive rigging training for safety. Enroll today!\" \/>\n<meta property=\"og:url\" content=\"https:\/\/globaltraining.com\/tr\/urun\/donanim-sertifikasi\/\" \/>\n<meta property=\"og:site_name\" content=\"Global Safety &amp; Environmental\" \/>\n<meta property=\"article:modified_time\" content=\"2024-11-27T22:55:21+00:00\" \/>\n<meta property=\"og:image\" content=\"https:\/\/globaltraining.com\/wp-content\/uploads\/2023\/06\/Rigger-Safety-1.jpg\" \/>\n\t<meta property=\"og:image:width\" content=\"1200\" \/>\n\t<meta property=\"og:image:height\" content=\"800\" \/>\n\t<meta property=\"og:image:type\" content=\"image\/jpeg\" \/>\n<meta name=\"twitter:card\" content=\"summary_large_image\" \/>\n<meta name=\"twitter:label1\" content=\"Est. reading time\" \/>\n\t<meta name=\"twitter:data1\" content=\"2 minutes\" \/>\n<script type=\"application\/ld+json\" class=\"yoast-schema-graph\">{\"@context\":\"https:\\\/\\\/schema.org\",\"@graph\":[{\"@type\":\"WebPage\",\"@id\":\"https:\\\/\\\/globaltraining.com\\\/product\\\/rigging-certification\\\/\",\"url\":\"https:\\\/\\\/globaltraining.com\\\/product\\\/rigging-certification\\\/\",\"name\":\"Rigging Certification - Global Safety &amp; Environmental\",\"isPartOf\":{\"@id\":\"https:\\\/\\\/globaltraining.com\\\/#website\"},\"primaryImageOfPage\":{\"@id\":\"https:\\\/\\\/globaltraining.com\\\/product\\\/rigging-certification\\\/#primaryimage\"},\"image\":{\"@id\":\"https:\\\/\\\/globaltraining.com\\\/product\\\/rigging-certification\\\/#primaryimage\"},\"thumbnailUrl\":\"https:\\\/\\\/globaltraining.com\\\/wp-content\\\/uploads\\\/2023\\\/06\\\/Rigger-Safety-1.jpg\",\"datePublished\":\"2023-09-11T17:46:55+00:00\",\"dateModified\":\"2024-11-27T22:55:21+00:00\",\"description\":\"Earn your rigging certification and excel in the field of rigging and lifting operations. Comprehensive rigging training for safety. Enroll today!\",\"breadcrumb\":{\"@id\":\"https:\\\/\\\/globaltraining.com\\\/product\\\/rigging-certification\\\/#breadcrumb\"},\"inLanguage\":\"tr-TR\",\"potentialAction\":[{\"@type\":\"ReadAction\",\"target\":[\"https:\\\/\\\/globaltraining.com\\\/product\\\/rigging-certification\\\/\"]}]},{\"@type\":\"ImageObject\",\"inLanguage\":\"tr-TR\",\"@id\":\"https:\\\/\\\/globaltraining.com\\\/product\\\/rigging-certification\\\/#primaryimage\",\"url\":\"https:\\\/\\\/globaltraining.com\\\/wp-content\\\/uploads\\\/2023\\\/06\\\/Rigger-Safety-1.jpg\",\"contentUrl\":\"https:\\\/\\\/globaltraining.com\\\/wp-content\\\/uploads\\\/2023\\\/06\\\/Rigger-Safety-1.jpg\",\"width\":1200,\"height\":800,\"caption\":\"Rigger Training\"},{\"@type\":\"BreadcrumbList\",\"@id\":\"https:\\\/\\\/globaltraining.com\\\/product\\\/rigging-certification\\\/#breadcrumb\",\"itemListElement\":[{\"@type\":\"ListItem\",\"position\":1,\"name\":\"Home\",\"item\":\"https:\\\/\\\/globaltraining.com\\\/\"},{\"@type\":\"ListItem\",\"position\":2,\"name\":\"Productos\",\"item\":\"https:\\\/\\\/globaltraining.com\\\/es\\\/shop\\\/\"},{\"@type\":\"ListItem\",\"position\":3,\"name\":\"Rigging Certification\"}]},{\"@type\":\"WebSite\",\"@id\":\"https:\\\/\\\/globaltraining.com\\\/#website\",\"url\":\"https:\\\/\\\/globaltraining.com\\\/\",\"name\":\"Global Safety & Environmental\",\"description\":\"Full Service Health, Safety, and Environmental Courses\",\"publisher\":{\"@id\":\"https:\\\/\\\/globaltraining.com\\\/#organization\"},\"potentialAction\":[{\"@type\":\"SearchAction\",\"target\":{\"@type\":\"EntryPoint\",\"urlTemplate\":\"https:\\\/\\\/globaltraining.com\\\/?s={search_term_string}\"},\"query-input\":{\"@type\":\"PropertyValueSpecification\",\"valueRequired\":true,\"valueName\":\"search_term_string\"}}],\"inLanguage\":\"tr-TR\"},{\"@type\":\"Organization\",\"@id\":\"https:\\\/\\\/globaltraining.com\\\/#organization\",\"name\":\"Global Safety & Environmental\",\"url\":\"https:\\\/\\\/globaltraining.com\\\/\",\"logo\":{\"@type\":\"ImageObject\",\"inLanguage\":\"tr-TR\",\"@id\":\"https:\\\/\\\/globaltraining.com\\\/#\\\/schema\\\/logo\\\/image\\\/\",\"url\":\"https:\\\/\\\/globaltraining.com\\\/wp-content\\\/uploads\\\/2021\\\/01\\\/GSE-Logo-for-email.png\",\"contentUrl\":\"https:\\\/\\\/globaltraining.com\\\/wp-content\\\/uploads\\\/2021\\\/01\\\/GSE-Logo-for-email.png\",\"width\":400,\"height\":101,\"caption\":\"Global Safety & Environmental\"},\"image\":{\"@id\":\"https:\\\/\\\/globaltraining.com\\\/#\\\/schema\\\/logo\\\/image\\\/\"}}]}<\/script>\n<!-- \/ Yoast SEO plugin. -->","yoast_head_json":{"title":"Donan\u0131m Sertifikasyonu - K\u00fcresel G\u00fcvenlik ve \u00c7evre","description":"Donan\u0131m sertifikan\u0131z\u0131 kazan\u0131n ve donan\u0131m ve kald\u0131rma operasyonlar\u0131 alan\u0131nda ba\u015far\u0131l\u0131 olun. G\u00fcvenlik i\u00e7in kapsaml\u0131 donan\u0131m e\u011fitimi. Bug\u00fcn kaydolun!","robots":{"index":"index","follow":"follow","max-snippet":"max-snippet:-1","max-image-preview":"max-image-preview:large","max-video-preview":"max-video-preview:-1"},"canonical":"https:\/\/globaltraining.com\/tr\/urun\/donanim-sertifikasi\/","og_locale":"tr_TR","og_type":"article","og_title":"Rigging Certification - Global Safety &amp; Environmental","og_description":"Earn your rigging certification and excel in the field of rigging and lifting operations. Comprehensive rigging training for safety. Enroll today!","og_url":"https:\/\/globaltraining.com\/tr\/urun\/donanim-sertifikasi\/","og_site_name":"Global Safety &amp; Environmental","article_modified_time":"2024-11-27T22:55:21+00:00","og_image":[{"width":1200,"height":800,"url":"https:\/\/globaltraining.com\/wp-content\/uploads\/2023\/06\/Rigger-Safety-1.jpg","type":"image\/jpeg"}],"twitter_card":"summary_large_image","twitter_misc":{"Est. reading time":"2 minutes"},"schema":{"@context":"https:\/\/schema.org","@graph":[{"@type":"WebPage","@id":"https:\/\/globaltraining.com\/product\/rigging-certification\/","url":"https:\/\/globaltraining.com\/product\/rigging-certification\/","name":"Donan\u0131m Sertifikasyonu - K\u00fcresel G\u00fcvenlik ve \u00c7evre","isPartOf":{"@id":"https:\/\/globaltraining.com\/#website"},"primaryImageOfPage":{"@id":"https:\/\/globaltraining.com\/product\/rigging-certification\/#primaryimage"},"image":{"@id":"https:\/\/globaltraining.com\/product\/rigging-certification\/#primaryimage"},"thumbnailUrl":"https:\/\/globaltraining.com\/wp-content\/uploads\/2023\/06\/Rigger-Safety-1.jpg","datePublished":"2023-09-11T17:46:55+00:00","dateModified":"2024-11-27T22:55:21+00:00","description":"Donan\u0131m sertifikan\u0131z\u0131 kazan\u0131n ve donan\u0131m ve kald\u0131rma operasyonlar\u0131 alan\u0131nda ba\u015far\u0131l\u0131 olun. G\u00fcvenlik i\u00e7in kapsaml\u0131 donan\u0131m e\u011fitimi. Bug\u00fcn kaydolun!","breadcrumb":{"@id":"https:\/\/globaltraining.com\/product\/rigging-certification\/#breadcrumb"},"inLanguage":"tr-TR","potentialAction":[{"@type":"ReadAction","target":["https:\/\/globaltraining.com\/product\/rigging-certification\/"]}]},{"@type":"ImageObject","inLanguage":"tr-TR","@id":"https:\/\/globaltraining.com\/product\/rigging-certification\/#primaryimage","url":"https:\/\/globaltraining.com\/wp-content\/uploads\/2023\/06\/Rigger-Safety-1.jpg","contentUrl":"https:\/\/globaltraining.com\/wp-content\/uploads\/2023\/06\/Rigger-Safety-1.jpg","width":1200,"height":800,"caption":"Rigger Training"},{"@type":"BreadcrumbList","@id":"https:\/\/globaltraining.com\/product\/rigging-certification\/#breadcrumb","itemListElement":[{"@type":"ListItem","position":1,"name":"Home","item":"https:\/\/globaltraining.com\/"},{"@type":"ListItem","position":2,"name":"Productos","item":"https:\/\/globaltraining.com\/es\/shop\/"},{"@type":"ListItem","position":3,"name":"Rigging Certification"}]},{"@type":"WebSite","@id":"https:\/\/globaltraining.com\/#website","url":"https:\/\/globaltraining.com\/","name":"K\u00fcresel G\u00fcvenlik ve \u00c7evre","description":"Tam Hizmet Sa\u011fl\u0131k, G\u00fcvenlik ve \u00c7evre Kurslar\u0131","publisher":{"@id":"https:\/\/globaltraining.com\/#organization"},"potentialAction":[{"@type":"SearchAction","target":{"@type":"EntryPoint","urlTemplate":"https:\/\/globaltraining.com\/?s={search_term_string}"},"query-input":{"@type":"PropertyValueSpecification","valueRequired":true,"valueName":"search_term_string"}}],"inLanguage":"tr-TR"},{"@type":"Organization","@id":"https:\/\/globaltraining.com\/#organization","name":"K\u00fcresel G\u00fcvenlik ve \u00c7evre","url":"https:\/\/globaltraining.com\/","logo":{"@type":"ImageObject","inLanguage":"tr-TR","@id":"https:\/\/globaltraining.com\/#\/schema\/logo\/image\/","url":"https:\/\/globaltraining.com\/wp-content\/uploads\/2021\/01\/GSE-Logo-for-email.png","contentUrl":"https:\/\/globaltraining.com\/wp-content\/uploads\/2021\/01\/GSE-Logo-for-email.png","width":400,"height":101,"caption":"Global Safety & Environmental"},"image":{"@id":"https:\/\/globaltraining.com\/#\/schema\/logo\/image\/"}}]}},"_links":{"self":[{"href":"https:\/\/globaltraining.com\/tr\/wp-json\/wp\/v2\/product\/28560","targetHints":{"allow":["GET"]}}],"collection":[{"href":"https:\/\/globaltraining.com\/tr\/wp-json\/wp\/v2\/product"}],"about":[{"href":"https:\/\/globaltraining.com\/tr\/wp-json\/wp\/v2\/types\/product"}],"wp:featuredmedia":[{"embeddable":true,"href":"https:\/\/globaltraining.com\/tr\/wp-json\/wp\/v2\/media\/15346"}],"wp:attachment":[{"href":"https:\/\/globaltraining.com\/tr\/wp-json\/wp\/v2\/media?parent=28560"}],"wp:term":[{"taxonomy":"product_brand","embeddable":true,"href":"https:\/\/globaltraining.com\/tr\/wp-json\/wp\/v2\/product_brand?post=28560"},{"taxonomy":"product_cat","embeddable":true,"href":"https:\/\/globaltraining.com\/tr\/wp-json\/wp\/v2\/product_cat?post=28560"},{"taxonomy":"product_tag","embeddable":true,"href":"https:\/\/globaltraining.com\/tr\/wp-json\/wp\/v2\/product_tag?post=28560"}],"curies":[{"name":"wp","href":"https:\/\/api.w.org\/{rel}","templated":true}]}}