{"id":28559,"date":"2023-09-11T12:44:19","date_gmt":"2023-09-11T17:44:19","guid":{"rendered":"https:\/\/globaltraining.com\/?post_type=product&#038;p=28559"},"modified":"2024-11-27T16:55:55","modified_gmt":"2024-11-27T22:55:55","slug":"solunum-cihazi-korumasi","status":"publish","type":"product","link":"https:\/\/globaltraining.com\/tr\/product\/respirator-protection\/","title":{"rendered":"Solunum E\u011fitimi"},"content":{"rendered":"<h2>Kapsaml\u0131 Solunum E\u011fitimi: Sa\u011fl\u0131\u011f\u0131n\u0131z\u0131 Korumak<\/h2>\n<p>Solunum cihaz\u0131 e\u011fitimi, \u00f6zellikle havadaki zararl\u0131 kirletici maddelere kar\u015f\u0131 koruma s\u00f6z konusu oldu\u011funda, i\u015fyeri g\u00fcvenli\u011finin hayati bir bile\u015fenidir. Sa\u011fl\u0131k, imalat, in\u015faat veya ba\u015fka bir sekt\u00f6rde \u00e7al\u0131\u015f\u0131yor olsan\u0131z da, solunum koruyucu ekipman\u0131n nas\u0131l do\u011fru \u015fekilde kullan\u0131laca\u011f\u0131n\u0131 ve bak\u0131m\u0131n\u0131n yap\u0131laca\u011f\u0131n\u0131 anlamak \u00e7ok \u00f6nemlidir. Kapsaml\u0131 solunum cihaz\u0131 e\u011fitim kursumuz, sizi solunum sa\u011fl\u0131\u011f\u0131n\u0131z\u0131 ve g\u00fcvenli\u011finizi sa\u011flamak i\u00e7in gereken bilgi ve becerilerle donatmak \u00fczere tasarlanm\u0131\u015ft\u0131r.<\/p>\n<h2>Solunum Koruyucu Ekipman E\u011fitiminin \u00d6nemi<\/h2>\n<p>Solunum koruyucu ekipman e\u011fitimi, uyumlulu\u011fun \u00f6tesine ge\u00e7er; ki\u015fisel refahla ilgilidir. Toz, duman ve kimyasallar gibi havayla ta\u015f\u0131nan tehlikeler solundu\u011funda ciddi sa\u011fl\u0131k riskleri olu\u015fturabilir. Kursumuzda solunum koruyucu ekipman\u0131n \u00f6nemini, kar\u015f\u0131la\u015fabilece\u011finiz potansiyel solunum tehlikelerini ve \u00f6zel ihtiya\u00e7lar\u0131n\u0131z i\u00e7in do\u011fru solunum cihaz\u0131n\u0131 nas\u0131l se\u00e7ece\u011finizi derinlemesine anlayacaks\u0131n\u0131z.<\/p>\n<h2>Solunum Cihaz\u0131n\u0131n Do\u011fru Kullan\u0131m\u0131nda Uzmanla\u015fmak<\/h2>\n<p>Solunum cihaz\u0131 kullanmak maske takmak kadar basit de\u011fil. E\u011fitim program\u0131m\u0131z, uyum testi, conta kontrolleri ve bak\u0131m da dahil olmak \u00fczere bir solunum cihaz\u0131n\u0131n do\u011fru kullan\u0131m\u0131n\u0131 kapsar. Farkl\u0131 solunum maskeleri t\u00fcrlerini, bile\u015fenlerini ve g\u00fcvenli bir \u015fekilde oturman\u0131n \u00f6nemini \u00f6\u011freneceksiniz. Uygulamal\u0131 yakla\u015f\u0131m\u0131m\u0131z, bir solunum cihaz\u0131n\u0131 \u00e7e\u015fitli i\u015fyeri ortamlar\u0131nda g\u00fcvenle kullanabilmenizi sa\u011flar.<\/p>\n<h2>Neden Solunum E\u011fitimi Kursumuzu Se\u00e7melisiniz?<\/h2>\n<p>Solunum E\u011fitimi kursumuza kaydolmak \u00e7ok say\u0131da avantaj sunar. E\u011fitmenlerimiz solunum g\u00fcvenli\u011fi konusunda uzmand\u0131r ve kurs ilgi \u00e7ekici ve bilgilendirici olacak \u015fekilde tasarlanm\u0131\u015ft\u0131r. Ba\u015far\u0131l\u0131 bir \u015fekilde tamamlad\u0131\u011f\u0131n\u0131zda, solunum korumas\u0131ndaki yetkinli\u011finizi g\u00f6steren de\u011ferli bir sertifika alacaks\u0131n\u0131z. Bug\u00fcn bize kat\u0131l\u0131n ve solunum sa\u011fl\u0131\u011f\u0131n\u0131za ve g\u00fcvenli\u011finize \u00f6ncelik verin!<\/p>\n<h2>Solunum Sa\u011fl\u0131\u011f\u0131n\u0131z\u0131n Kontrol\u00fcn\u00fc Bug\u00fcn Elinize Al\u0131n!<\/h2>\n<p>Solunum sa\u011fl\u0131\u011f\u0131n\u0131z\u0131 \u015fansa b\u0131rakmay\u0131n. Solunum E\u011fitimi kursumuza \u015fimdi kaydolun ve sa\u011fl\u0131\u011f\u0131n\u0131z\u0131 korumak i\u00e7in gereken bilgi ve becerilerle kendinizi g\u00fc\u00e7lendirin. \u0130ster \u00e7al\u0131\u015fan g\u00fcvenli\u011finden sorumlu bir i\u015fveren olun ister kendi sa\u011fl\u0131\u011f\u0131n\u0131za \u00f6nem veren bir birey olun, kursumuz daha g\u00fcvenli ve sa\u011fl\u0131kl\u0131 bir gelece\u011fe a\u00e7\u0131lan kap\u0131n\u0131zd\u0131r.<\/p>","protected":false},"excerpt":{"rendered":"<p>\u00d6zel Solunum E\u011fitimi kursumuzla solunum g\u00fcvenli\u011finizi art\u0131r\u0131n. Solunumla ilgili tehlikeleri anlay\u0131n, do\u011fru solunum cihaz\u0131n\u0131 se\u00e7in ve do\u011fru kullan\u0131mda ustala\u015f\u0131n. De\u011ferli bir sertifika al\u0131n ve sa\u011fl\u0131\u011f\u0131n\u0131za \u00f6ncelik verin. Daha g\u00fcvenli, daha sa\u011fl\u0131kl\u0131 bir gelecek i\u00e7in hemen kaydolun!<\/p>","protected":false},"featured_media":27123,"template":"","meta":{"_et_pb_use_builder":"","_et_pb_old_content":"","_et_gb_content_width":""},"product_brand":[],"product_cat":[132,143,156,160],"product_tag":[],"class_list":{"0":"post-28559","1":"product","2":"type-product","3":"status-publish","4":"has-post-thumbnail","6":"product_cat-equipment","7":"product_cat-health-and-safety","8":"product_cat-occupational-health-and-safety","9":"product_cat-ppe","11":"first","12":"instock","13":"virtual","14":"sold-individually","15":"purchasable","16":"product-type-simple"},"yoast_head":"<!-- This site is optimized with the Yoast SEO plugin v27.4 - https:\/\/yoast.com\/product\/yoast-seo-wordpress\/ -->\n<title>Respirator Training - Global Safety &amp; Environmental<\/title>\n<meta name=\"description\" content=\"Master respiratory protection with our comprehensive Respirator Training course. Learn proper respirator use and safeguard your health. Enroll today!\" \/>\n<meta name=\"robots\" content=\"index, follow, max-snippet:-1, max-image-preview:large, max-video-preview:-1\" \/>\n<link rel=\"canonical\" href=\"https:\/\/globaltraining.com\/tr\/urun\/solunum-cihazi-korumasi\/\" \/>\n<meta property=\"og:locale\" content=\"tr_TR\" \/>\n<meta property=\"og:type\" content=\"article\" \/>\n<meta property=\"og:title\" content=\"Respirator Training - Global Safety &amp; Environmental\" \/>\n<meta property=\"og:description\" content=\"Master respiratory protection with our comprehensive Respirator Training course. Learn proper respirator use and safeguard your health. Enroll today!\" \/>\n<meta property=\"og:url\" content=\"https:\/\/globaltraining.com\/tr\/urun\/solunum-cihazi-korumasi\/\" \/>\n<meta property=\"og:site_name\" content=\"Global Safety &amp; Environmental\" \/>\n<meta property=\"article:modified_time\" content=\"2024-11-27T22:55:55+00:00\" \/>\n<meta property=\"og:image\" content=\"https:\/\/globaltraining.com\/wp-content\/uploads\/2021\/09\/workers-in-respiratory-masks-NKH8L53.jpg\" \/>\n\t<meta property=\"og:image:width\" content=\"1200\" \/>\n\t<meta property=\"og:image:height\" content=\"800\" \/>\n\t<meta property=\"og:image:type\" content=\"image\/jpeg\" \/>\n<meta name=\"twitter:card\" content=\"summary_large_image\" \/>\n<meta name=\"twitter:label1\" content=\"Est. reading time\" \/>\n\t<meta name=\"twitter:data1\" content=\"2 minutes\" \/>\n<script type=\"application\/ld+json\" class=\"yoast-schema-graph\">{\"@context\":\"https:\\\/\\\/schema.org\",\"@graph\":[{\"@type\":\"WebPage\",\"@id\":\"https:\\\/\\\/globaltraining.com\\\/product\\\/respirator-protection\\\/\",\"url\":\"https:\\\/\\\/globaltraining.com\\\/product\\\/respirator-protection\\\/\",\"name\":\"Respirator Training - Global Safety &amp; Environmental\",\"isPartOf\":{\"@id\":\"https:\\\/\\\/globaltraining.com\\\/#website\"},\"primaryImageOfPage\":{\"@id\":\"https:\\\/\\\/globaltraining.com\\\/product\\\/respirator-protection\\\/#primaryimage\"},\"image\":{\"@id\":\"https:\\\/\\\/globaltraining.com\\\/product\\\/respirator-protection\\\/#primaryimage\"},\"thumbnailUrl\":\"https:\\\/\\\/globaltraining.com\\\/wp-content\\\/uploads\\\/2021\\\/09\\\/workers-in-respiratory-masks-NKH8L53.jpg\",\"datePublished\":\"2023-09-11T17:44:19+00:00\",\"dateModified\":\"2024-11-27T22:55:55+00:00\",\"description\":\"Master respiratory protection with our comprehensive Respirator Training course. Learn proper respirator use and safeguard your health. Enroll today!\",\"breadcrumb\":{\"@id\":\"https:\\\/\\\/globaltraining.com\\\/product\\\/respirator-protection\\\/#breadcrumb\"},\"inLanguage\":\"tr-TR\",\"potentialAction\":[{\"@type\":\"ReadAction\",\"target\":[\"https:\\\/\\\/globaltraining.com\\\/product\\\/respirator-protection\\\/\"]}]},{\"@type\":\"ImageObject\",\"inLanguage\":\"tr-TR\",\"@id\":\"https:\\\/\\\/globaltraining.com\\\/product\\\/respirator-protection\\\/#primaryimage\",\"url\":\"https:\\\/\\\/globaltraining.com\\\/wp-content\\\/uploads\\\/2021\\\/09\\\/workers-in-respiratory-masks-NKH8L53.jpg\",\"contentUrl\":\"https:\\\/\\\/globaltraining.com\\\/wp-content\\\/uploads\\\/2021\\\/09\\\/workers-in-respiratory-masks-NKH8L53.jpg\",\"width\":1200,\"height\":800,\"caption\":\"Respirator Protection\"},{\"@type\":\"BreadcrumbList\",\"@id\":\"https:\\\/\\\/globaltraining.com\\\/product\\\/respirator-protection\\\/#breadcrumb\",\"itemListElement\":[{\"@type\":\"ListItem\",\"position\":1,\"name\":\"Home\",\"item\":\"https:\\\/\\\/globaltraining.com\\\/\"},{\"@type\":\"ListItem\",\"position\":2,\"name\":\"Productos\",\"item\":\"https:\\\/\\\/globaltraining.com\\\/es\\\/shop\\\/\"},{\"@type\":\"ListItem\",\"position\":3,\"name\":\"Respirator Training\"}]},{\"@type\":\"WebSite\",\"@id\":\"https:\\\/\\\/globaltraining.com\\\/#website\",\"url\":\"https:\\\/\\\/globaltraining.com\\\/\",\"name\":\"Global Safety & Environmental\",\"description\":\"Full Service Health, Safety, and Environmental Courses\",\"publisher\":{\"@id\":\"https:\\\/\\\/globaltraining.com\\\/#organization\"},\"potentialAction\":[{\"@type\":\"SearchAction\",\"target\":{\"@type\":\"EntryPoint\",\"urlTemplate\":\"https:\\\/\\\/globaltraining.com\\\/?s={search_term_string}\"},\"query-input\":{\"@type\":\"PropertyValueSpecification\",\"valueRequired\":true,\"valueName\":\"search_term_string\"}}],\"inLanguage\":\"tr-TR\"},{\"@type\":\"Organization\",\"@id\":\"https:\\\/\\\/globaltraining.com\\\/#organization\",\"name\":\"Global Safety & Environmental\",\"url\":\"https:\\\/\\\/globaltraining.com\\\/\",\"logo\":{\"@type\":\"ImageObject\",\"inLanguage\":\"tr-TR\",\"@id\":\"https:\\\/\\\/globaltraining.com\\\/#\\\/schema\\\/logo\\\/image\\\/\",\"url\":\"https:\\\/\\\/globaltraining.com\\\/wp-content\\\/uploads\\\/2021\\\/01\\\/GSE-Logo-for-email.png\",\"contentUrl\":\"https:\\\/\\\/globaltraining.com\\\/wp-content\\\/uploads\\\/2021\\\/01\\\/GSE-Logo-for-email.png\",\"width\":400,\"height\":101,\"caption\":\"Global Safety & Environmental\"},\"image\":{\"@id\":\"https:\\\/\\\/globaltraining.com\\\/#\\\/schema\\\/logo\\\/image\\\/\"}}]}<\/script>\n<!-- \/ Yoast SEO plugin. -->","yoast_head_json":{"title":"Solunum E\u011fitimi - K\u00fcresel G\u00fcvenlik ve \u00c7evre","description":"Kapsaml\u0131 Solunum E\u011fitim kursumuzla solunum koruma konusunda ustala\u015f\u0131n. Solunum cihaz\u0131n\u0131n do\u011fru kullan\u0131m\u0131n\u0131 \u00f6\u011frenin ve sa\u011fl\u0131\u011f\u0131n\u0131z\u0131 koruyun. Bug\u00fcn kaydolun!","robots":{"index":"index","follow":"follow","max-snippet":"max-snippet:-1","max-image-preview":"max-image-preview:large","max-video-preview":"max-video-preview:-1"},"canonical":"https:\/\/globaltraining.com\/tr\/urun\/solunum-cihazi-korumasi\/","og_locale":"tr_TR","og_type":"article","og_title":"Respirator Training - Global Safety &amp; Environmental","og_description":"Master respiratory protection with our comprehensive Respirator Training course. Learn proper respirator use and safeguard your health. Enroll today!","og_url":"https:\/\/globaltraining.com\/tr\/urun\/solunum-cihazi-korumasi\/","og_site_name":"Global Safety &amp; Environmental","article_modified_time":"2024-11-27T22:55:55+00:00","og_image":[{"width":1200,"height":800,"url":"https:\/\/globaltraining.com\/wp-content\/uploads\/2021\/09\/workers-in-respiratory-masks-NKH8L53.jpg","type":"image\/jpeg"}],"twitter_card":"summary_large_image","twitter_misc":{"Est. reading time":"2 minutes"},"schema":{"@context":"https:\/\/schema.org","@graph":[{"@type":"WebPage","@id":"https:\/\/globaltraining.com\/product\/respirator-protection\/","url":"https:\/\/globaltraining.com\/product\/respirator-protection\/","name":"Solunum E\u011fitimi - K\u00fcresel G\u00fcvenlik ve \u00c7evre","isPartOf":{"@id":"https:\/\/globaltraining.com\/#website"},"primaryImageOfPage":{"@id":"https:\/\/globaltraining.com\/product\/respirator-protection\/#primaryimage"},"image":{"@id":"https:\/\/globaltraining.com\/product\/respirator-protection\/#primaryimage"},"thumbnailUrl":"https:\/\/globaltraining.com\/wp-content\/uploads\/2021\/09\/workers-in-respiratory-masks-NKH8L53.jpg","datePublished":"2023-09-11T17:44:19+00:00","dateModified":"2024-11-27T22:55:55+00:00","description":"Kapsaml\u0131 Solunum E\u011fitim kursumuzla solunum koruma konusunda ustala\u015f\u0131n. Solunum cihaz\u0131n\u0131n do\u011fru kullan\u0131m\u0131n\u0131 \u00f6\u011frenin ve sa\u011fl\u0131\u011f\u0131n\u0131z\u0131 koruyun. Bug\u00fcn kaydolun!","breadcrumb":{"@id":"https:\/\/globaltraining.com\/product\/respirator-protection\/#breadcrumb"},"inLanguage":"tr-TR","potentialAction":[{"@type":"ReadAction","target":["https:\/\/globaltraining.com\/product\/respirator-protection\/"]}]},{"@type":"ImageObject","inLanguage":"tr-TR","@id":"https:\/\/globaltraining.com\/product\/respirator-protection\/#primaryimage","url":"https:\/\/globaltraining.com\/wp-content\/uploads\/2021\/09\/workers-in-respiratory-masks-NKH8L53.jpg","contentUrl":"https:\/\/globaltraining.com\/wp-content\/uploads\/2021\/09\/workers-in-respiratory-masks-NKH8L53.jpg","width":1200,"height":800,"caption":"Respirator Protection"},{"@type":"BreadcrumbList","@id":"https:\/\/globaltraining.com\/product\/respirator-protection\/#breadcrumb","itemListElement":[{"@type":"ListItem","position":1,"name":"Home","item":"https:\/\/globaltraining.com\/"},{"@type":"ListItem","position":2,"name":"Productos","item":"https:\/\/globaltraining.com\/es\/shop\/"},{"@type":"ListItem","position":3,"name":"Respirator Training"}]},{"@type":"WebSite","@id":"https:\/\/globaltraining.com\/#website","url":"https:\/\/globaltraining.com\/","name":"K\u00fcresel G\u00fcvenlik ve \u00c7evre","description":"Tam Hizmet Sa\u011fl\u0131k, G\u00fcvenlik ve \u00c7evre Kurslar\u0131","publisher":{"@id":"https:\/\/globaltraining.com\/#organization"},"potentialAction":[{"@type":"SearchAction","target":{"@type":"EntryPoint","urlTemplate":"https:\/\/globaltraining.com\/?s={search_term_string}"},"query-input":{"@type":"PropertyValueSpecification","valueRequired":true,"valueName":"search_term_string"}}],"inLanguage":"tr-TR"},{"@type":"Organization","@id":"https:\/\/globaltraining.com\/#organization","name":"K\u00fcresel G\u00fcvenlik ve \u00c7evre","url":"https:\/\/globaltraining.com\/","logo":{"@type":"ImageObject","inLanguage":"tr-TR","@id":"https:\/\/globaltraining.com\/#\/schema\/logo\/image\/","url":"https:\/\/globaltraining.com\/wp-content\/uploads\/2021\/01\/GSE-Logo-for-email.png","contentUrl":"https:\/\/globaltraining.com\/wp-content\/uploads\/2021\/01\/GSE-Logo-for-email.png","width":400,"height":101,"caption":"Global Safety & Environmental"},"image":{"@id":"https:\/\/globaltraining.com\/#\/schema\/logo\/image\/"}}]}},"_links":{"self":[{"href":"https:\/\/globaltraining.com\/tr\/wp-json\/wp\/v2\/product\/28559","targetHints":{"allow":["GET"]}}],"collection":[{"href":"https:\/\/globaltraining.com\/tr\/wp-json\/wp\/v2\/product"}],"about":[{"href":"https:\/\/globaltraining.com\/tr\/wp-json\/wp\/v2\/types\/product"}],"wp:featuredmedia":[{"embeddable":true,"href":"https:\/\/globaltraining.com\/tr\/wp-json\/wp\/v2\/media\/27123"}],"wp:attachment":[{"href":"https:\/\/globaltraining.com\/tr\/wp-json\/wp\/v2\/media?parent=28559"}],"wp:term":[{"taxonomy":"product_brand","embeddable":true,"href":"https:\/\/globaltraining.com\/tr\/wp-json\/wp\/v2\/product_brand?post=28559"},{"taxonomy":"product_cat","embeddable":true,"href":"https:\/\/globaltraining.com\/tr\/wp-json\/wp\/v2\/product_cat?post=28559"},{"taxonomy":"product_tag","embeddable":true,"href":"https:\/\/globaltraining.com\/tr\/wp-json\/wp\/v2\/product_tag?post=28559"}],"curies":[{"name":"wp","href":"https:\/\/api.w.org\/{rel}","templated":true}]}}