{"id":28558,"date":"2023-09-11T12:36:52","date_gmt":"2023-09-11T17:36:52","guid":{"rendered":"https:\/\/globaltraining.com\/?post_type=product&#038;p=28558"},"modified":"2024-11-27T16:56:31","modified_gmt":"2024-11-27T22:56:31","slug":"rcra-egitimi","status":"publish","type":"product","link":"https:\/\/globaltraining.com\/tr\/product\/rcra-training\/","title":{"rendered":"RCRA E\u011fitimi"},"content":{"rendered":"<h2>RCRA E\u011fitiminde Uzmanla\u015fma: Tehlikeli At\u0131k Uyumlulu\u011funun Sa\u011flanmas\u0131<\/h2>\n<p>Kaynak Koruma ve Kurtarma Yasas\u0131 e\u011fitiminin k\u0131saltmas\u0131 olan RCRA e\u011fitimi, tehlikeli at\u0131k maddelerin elle\u00e7lenmesi, depolanmas\u0131 veya imha edilmesiyle ilgilenen herkes i\u00e7in temel bir gerekliliktir. RCRA&#039;n\u0131n inceliklerini anlamak ve y\u00f6netmeliklerine uymak hem i\u015fletmeler hem de bireyler i\u00e7in \u00e7ok \u00f6nemlidir. Kapsaml\u0131 RCRA e\u011fitim kursumuz, tehlikeli at\u0131k d\u00fcnyas\u0131nda g\u00fcvenli ve sorumlu bir \u015fekilde gezinmeniz i\u00e7in gerekli bilgi ve uzmanl\u0131\u011f\u0131 sa\u011flamak \u00fczere tasarlanm\u0131\u015ft\u0131r.<\/p>\n<h2>Tehlikeli At\u0131k E\u011fitiminin \u00d6nemi<\/h2>\n<p>Tehlikeli at\u0131k e\u011fitimi sadece yasal bir zorunluluk de\u011fildir; \u00e7evre koruman\u0131n hayati bir bile\u015fenidir. Tehlikeli at\u0131klar\u0131n uygunsuz \u015fekilde i\u015flenmesi veya bertaraf edilmesi, insan sa\u011fl\u0131\u011f\u0131 ve \u00e7evre a\u00e7\u0131s\u0131ndan ciddi sonu\u00e7lar do\u011furabilir. Kursumuzda tehlikeli at\u0131k e\u011fitiminin \u00f6nemini, yanl\u0131\u015f y\u00f6netimle ili\u015fkili potansiyel riskleri ve bu risklerin etkili bir \u015fekilde nas\u0131l azalt\u0131laca\u011f\u0131n\u0131 \u00f6\u011freneceksiniz.<\/p>\n<h2>E\u011fitim Gereksinimlerini Anlamak<\/h2>\n<p>RCRA ve Tehlikeli At\u0131k e\u011fitimi gereklilikleri karma\u015f\u0131k olabilir ve rol\u00fcn\u00fcze ve ele ald\u0131\u011f\u0131n\u0131z at\u0131k t\u00fcr\u00fcne g\u00f6re de\u011fi\u015febilir. E\u011fitim program\u0131m\u0131z bu gereksinimleri net ve y\u00f6netilebilir b\u00f6l\u00fcmlere ay\u0131r\u0131r. At\u0131klar\u0131n tan\u0131mlanmas\u0131 ve etiketlenmesinden kay\u0131t tutma ve acil m\u00fcdahale prosed\u00fcrlerine kadar her \u015feyi kapsar\u0131z. RCRA d\u00fczenlemelerine uygunlu\u011fu s\u00fcrd\u00fcrmek i\u00e7in nelerin gerekli oldu\u011fu konusunda kapsaml\u0131 bir anlay\u0131\u015f kazanacaks\u0131n\u0131z.<\/p>\n<h2>Neden RCRA E\u011fitim Kursumuzu Se\u00e7melisiniz?<\/h2>\n<p>RCRA ve Tehlikeli At\u0131k E\u011fitimi kursumuza kaydolmak \u00e7e\u015fitli avantajlar sunar. E\u011fitmenlerimiz tehlikeli at\u0131k y\u00f6netimi ve RCRA uyumlulu\u011fu konusunda uzmand\u0131r. Kurs, en karma\u015f\u0131k kavramlar\u0131 bile kavramay\u0131 kolayla\u015ft\u0131racak \u015fekilde ilgi \u00e7ekici ve bilgilendirici olacak \u015fekilde tasarlanm\u0131\u015ft\u0131r. Tamamlad\u0131\u011f\u0131n\u0131zda, \u00e7evresel sorumluluk ve uyumlulu\u011fa olan ba\u011fl\u0131l\u0131\u011f\u0131n\u0131z\u0131 g\u00f6steren de\u011ferli bir sertifika alacaks\u0131n\u0131z. Bug\u00fcn bize kat\u0131l\u0131n ve daha temiz, daha g\u00fcvenli bir d\u00fcnyan\u0131n koruyucusu olun!<\/p>\n<h2>Bug\u00fcn Harekete Ge\u00e7in!<\/h2>\n<p>RCRA ve Tehlikeli At\u0131klar\u0131n \u00f6nemini anlamak i\u00e7in tehlikeli at\u0131k olay\u0131n\u0131n ger\u00e7ekle\u015fmesini beklemeyin. \u015eimdi RCRA E\u011fitim kursumuza kaydolun ve tehlikeli at\u0131klar\u0131 sorumlu bir \u015fekilde ele almak i\u00e7in gereken bilgi ve becerilerle kendinizi g\u00fc\u00e7lendirin. \u0130ster i\u015fyeri g\u00fcvenli\u011fini art\u0131rmak isteyen bir i\u015fveren olun, ister \u00e7evreyi korumaya kendini adam\u0131\u015f bir birey olun, kursumuz daha s\u00fcrd\u00fcr\u00fclebilir bir gelece\u011fe giden yolunuzdur.<\/p>","protected":false},"excerpt":{"rendered":"<p>Kapsaml\u0131 RCRA E\u011fitim kursumuzla \u00e7evresel sorumlulu\u011funuzu art\u0131r\u0131n. Tehlikeli at\u0131k d\u00fczenlemelerini, RCRA e\u011fitim gerekliliklerini ve en iyi uygulamalar\u0131 anlay\u0131n. De\u011ferli bir sertifika al\u0131n ve daha temiz, daha g\u00fcvenli bir d\u00fcnyaya katk\u0131da bulunun. Daha s\u00fcrd\u00fcr\u00fclebilir bir gelecek i\u00e7in hemen kaydolun!<\/p>","protected":false},"featured_media":15359,"template":"","meta":{"_et_pb_use_builder":"","_et_pb_old_content":"","_et_gb_content_width":""},"product_brand":[],"product_cat":[118,125,132,143,175,162],"product_tag":[],"class_list":{"0":"post-28558","1":"product","2":"type-product","3":"status-publish","4":"has-post-thumbnail","6":"product_cat-air-and-gas-monitoring","7":"product_cat-dangerous-chemicals","8":"product_cat-equipment","9":"product_cat-health-and-safety","10":"product_cat-material-handling","11":"product_cat-remediation","13":"first","14":"instock","15":"virtual","16":"sold-individually","17":"purchasable","18":"product-type-simple"},"yoast_head":"<!-- This site is optimized with the Yoast SEO plugin v27.3 - https:\/\/yoast.com\/product\/yoast-seo-wordpress\/ -->\n<title>RCRA Training - Global Safety &amp; Environmental<\/title>\n<meta name=\"description\" content=\"Master RCRA training for hazardous waste compliance. Learn RCRA training requirements and protect the environment. Enroll today!\" \/>\n<meta name=\"robots\" content=\"index, follow, max-snippet:-1, max-image-preview:large, max-video-preview:-1\" \/>\n<link rel=\"canonical\" href=\"https:\/\/globaltraining.com\/tr\/urun\/rcra-egitimi\/\" \/>\n<meta property=\"og:locale\" content=\"tr_TR\" \/>\n<meta property=\"og:type\" content=\"article\" \/>\n<meta property=\"og:title\" content=\"RCRA Training - Global Safety &amp; Environmental\" \/>\n<meta property=\"og:description\" content=\"Master RCRA training for hazardous waste compliance. Learn RCRA training requirements and protect the environment. Enroll today!\" \/>\n<meta property=\"og:url\" content=\"https:\/\/globaltraining.com\/tr\/urun\/rcra-egitimi\/\" \/>\n<meta property=\"og:site_name\" content=\"Global Safety &amp; Environmental\" \/>\n<meta property=\"article:modified_time\" content=\"2024-11-27T22:56:31+00:00\" \/>\n<meta property=\"og:image\" content=\"https:\/\/globaltraining.com\/wp-content\/uploads\/2023\/06\/RCRA-Hazardous-Waste-2-1.jpg\" \/>\n\t<meta property=\"og:image:width\" content=\"1200\" \/>\n\t<meta property=\"og:image:height\" content=\"800\" \/>\n\t<meta property=\"og:image:type\" content=\"image\/jpeg\" \/>\n<meta name=\"twitter:card\" content=\"summary_large_image\" \/>\n<meta name=\"twitter:label1\" content=\"Est. reading time\" \/>\n\t<meta name=\"twitter:data1\" content=\"2 minutes\" \/>\n<script type=\"application\/ld+json\" class=\"yoast-schema-graph\">{\"@context\":\"https:\\\/\\\/schema.org\",\"@graph\":[{\"@type\":\"WebPage\",\"@id\":\"https:\\\/\\\/globaltraining.com\\\/product\\\/rcra-training\\\/\",\"url\":\"https:\\\/\\\/globaltraining.com\\\/product\\\/rcra-training\\\/\",\"name\":\"RCRA Training - Global Safety &amp; Environmental\",\"isPartOf\":{\"@id\":\"https:\\\/\\\/globaltraining.com\\\/#website\"},\"primaryImageOfPage\":{\"@id\":\"https:\\\/\\\/globaltraining.com\\\/product\\\/rcra-training\\\/#primaryimage\"},\"image\":{\"@id\":\"https:\\\/\\\/globaltraining.com\\\/product\\\/rcra-training\\\/#primaryimage\"},\"thumbnailUrl\":\"https:\\\/\\\/globaltraining.com\\\/wp-content\\\/uploads\\\/2023\\\/06\\\/RCRA-Hazardous-Waste-2-1.jpg\",\"datePublished\":\"2023-09-11T17:36:52+00:00\",\"dateModified\":\"2024-11-27T22:56:31+00:00\",\"description\":\"Master RCRA training for hazardous waste compliance. Learn RCRA training requirements and protect the environment. Enroll today!\",\"breadcrumb\":{\"@id\":\"https:\\\/\\\/globaltraining.com\\\/product\\\/rcra-training\\\/#breadcrumb\"},\"inLanguage\":\"tr-TR\",\"potentialAction\":[{\"@type\":\"ReadAction\",\"target\":[\"https:\\\/\\\/globaltraining.com\\\/product\\\/rcra-training\\\/\"]}]},{\"@type\":\"ImageObject\",\"inLanguage\":\"tr-TR\",\"@id\":\"https:\\\/\\\/globaltraining.com\\\/product\\\/rcra-training\\\/#primaryimage\",\"url\":\"https:\\\/\\\/globaltraining.com\\\/wp-content\\\/uploads\\\/2023\\\/06\\\/RCRA-Hazardous-Waste-2-1.jpg\",\"contentUrl\":\"https:\\\/\\\/globaltraining.com\\\/wp-content\\\/uploads\\\/2023\\\/06\\\/RCRA-Hazardous-Waste-2-1.jpg\",\"width\":1200,\"height\":800,\"caption\":\"RCRA Training\"},{\"@type\":\"BreadcrumbList\",\"@id\":\"https:\\\/\\\/globaltraining.com\\\/product\\\/rcra-training\\\/#breadcrumb\",\"itemListElement\":[{\"@type\":\"ListItem\",\"position\":1,\"name\":\"Home\",\"item\":\"https:\\\/\\\/globaltraining.com\\\/\"},{\"@type\":\"ListItem\",\"position\":2,\"name\":\"Productos\",\"item\":\"https:\\\/\\\/globaltraining.com\\\/es\\\/shop\\\/\"},{\"@type\":\"ListItem\",\"position\":3,\"name\":\"RCRA Training\"}]},{\"@type\":\"WebSite\",\"@id\":\"https:\\\/\\\/globaltraining.com\\\/#website\",\"url\":\"https:\\\/\\\/globaltraining.com\\\/\",\"name\":\"Global Safety & Environmental\",\"description\":\"Full Service Health, Safety, and Environmental Courses\",\"publisher\":{\"@id\":\"https:\\\/\\\/globaltraining.com\\\/#organization\"},\"potentialAction\":[{\"@type\":\"SearchAction\",\"target\":{\"@type\":\"EntryPoint\",\"urlTemplate\":\"https:\\\/\\\/globaltraining.com\\\/?s={search_term_string}\"},\"query-input\":{\"@type\":\"PropertyValueSpecification\",\"valueRequired\":true,\"valueName\":\"search_term_string\"}}],\"inLanguage\":\"tr-TR\"},{\"@type\":\"Organization\",\"@id\":\"https:\\\/\\\/globaltraining.com\\\/#organization\",\"name\":\"Global Safety & Environmental\",\"url\":\"https:\\\/\\\/globaltraining.com\\\/\",\"logo\":{\"@type\":\"ImageObject\",\"inLanguage\":\"tr-TR\",\"@id\":\"https:\\\/\\\/globaltraining.com\\\/#\\\/schema\\\/logo\\\/image\\\/\",\"url\":\"https:\\\/\\\/globaltraining.com\\\/wp-content\\\/uploads\\\/2021\\\/01\\\/GSE-Logo-for-email.png\",\"contentUrl\":\"https:\\\/\\\/globaltraining.com\\\/wp-content\\\/uploads\\\/2021\\\/01\\\/GSE-Logo-for-email.png\",\"width\":400,\"height\":101,\"caption\":\"Global Safety & Environmental\"},\"image\":{\"@id\":\"https:\\\/\\\/globaltraining.com\\\/#\\\/schema\\\/logo\\\/image\\\/\"}}]}<\/script>\n<!-- \/ Yoast SEO plugin. -->","yoast_head_json":{"title":"RCRA E\u011fitimi - K\u00fcresel G\u00fcvenlik ve \u00c7evre","description":"Tehlikeli at\u0131k uyumlulu\u011fu i\u00e7in RCRA e\u011fitiminde ustala\u015f\u0131n. RCRA e\u011fitim gereksinimlerini \u00f6\u011frenin ve \u00e7evreyi koruyun. Bug\u00fcn kaydolun!","robots":{"index":"index","follow":"follow","max-snippet":"max-snippet:-1","max-image-preview":"max-image-preview:large","max-video-preview":"max-video-preview:-1"},"canonical":"https:\/\/globaltraining.com\/tr\/urun\/rcra-egitimi\/","og_locale":"tr_TR","og_type":"article","og_title":"RCRA Training - Global Safety &amp; Environmental","og_description":"Master RCRA training for hazardous waste compliance. Learn RCRA training requirements and protect the environment. Enroll today!","og_url":"https:\/\/globaltraining.com\/tr\/urun\/rcra-egitimi\/","og_site_name":"Global Safety &amp; Environmental","article_modified_time":"2024-11-27T22:56:31+00:00","og_image":[{"width":1200,"height":800,"url":"https:\/\/globaltraining.com\/wp-content\/uploads\/2023\/06\/RCRA-Hazardous-Waste-2-1.jpg","type":"image\/jpeg"}],"twitter_card":"summary_large_image","twitter_misc":{"Est. reading time":"2 minutes"},"schema":{"@context":"https:\/\/schema.org","@graph":[{"@type":"WebPage","@id":"https:\/\/globaltraining.com\/product\/rcra-training\/","url":"https:\/\/globaltraining.com\/product\/rcra-training\/","name":"RCRA E\u011fitimi - K\u00fcresel G\u00fcvenlik ve \u00c7evre","isPartOf":{"@id":"https:\/\/globaltraining.com\/#website"},"primaryImageOfPage":{"@id":"https:\/\/globaltraining.com\/product\/rcra-training\/#primaryimage"},"image":{"@id":"https:\/\/globaltraining.com\/product\/rcra-training\/#primaryimage"},"thumbnailUrl":"https:\/\/globaltraining.com\/wp-content\/uploads\/2023\/06\/RCRA-Hazardous-Waste-2-1.jpg","datePublished":"2023-09-11T17:36:52+00:00","dateModified":"2024-11-27T22:56:31+00:00","description":"Tehlikeli at\u0131k uyumlulu\u011fu i\u00e7in RCRA e\u011fitiminde ustala\u015f\u0131n. RCRA e\u011fitim gereksinimlerini \u00f6\u011frenin ve \u00e7evreyi koruyun. Bug\u00fcn kaydolun!","breadcrumb":{"@id":"https:\/\/globaltraining.com\/product\/rcra-training\/#breadcrumb"},"inLanguage":"tr-TR","potentialAction":[{"@type":"ReadAction","target":["https:\/\/globaltraining.com\/product\/rcra-training\/"]}]},{"@type":"ImageObject","inLanguage":"tr-TR","@id":"https:\/\/globaltraining.com\/product\/rcra-training\/#primaryimage","url":"https:\/\/globaltraining.com\/wp-content\/uploads\/2023\/06\/RCRA-Hazardous-Waste-2-1.jpg","contentUrl":"https:\/\/globaltraining.com\/wp-content\/uploads\/2023\/06\/RCRA-Hazardous-Waste-2-1.jpg","width":1200,"height":800,"caption":"RCRA Training"},{"@type":"BreadcrumbList","@id":"https:\/\/globaltraining.com\/product\/rcra-training\/#breadcrumb","itemListElement":[{"@type":"ListItem","position":1,"name":"Home","item":"https:\/\/globaltraining.com\/"},{"@type":"ListItem","position":2,"name":"Productos","item":"https:\/\/globaltraining.com\/es\/shop\/"},{"@type":"ListItem","position":3,"name":"RCRA Training"}]},{"@type":"WebSite","@id":"https:\/\/globaltraining.com\/#website","url":"https:\/\/globaltraining.com\/","name":"K\u00fcresel G\u00fcvenlik ve \u00c7evre","description":"Tam Hizmet Sa\u011fl\u0131k, G\u00fcvenlik ve \u00c7evre Kurslar\u0131","publisher":{"@id":"https:\/\/globaltraining.com\/#organization"},"potentialAction":[{"@type":"SearchAction","target":{"@type":"EntryPoint","urlTemplate":"https:\/\/globaltraining.com\/?s={search_term_string}"},"query-input":{"@type":"PropertyValueSpecification","valueRequired":true,"valueName":"search_term_string"}}],"inLanguage":"tr-TR"},{"@type":"Organization","@id":"https:\/\/globaltraining.com\/#organization","name":"K\u00fcresel G\u00fcvenlik ve \u00c7evre","url":"https:\/\/globaltraining.com\/","logo":{"@type":"ImageObject","inLanguage":"tr-TR","@id":"https:\/\/globaltraining.com\/#\/schema\/logo\/image\/","url":"https:\/\/globaltraining.com\/wp-content\/uploads\/2021\/01\/GSE-Logo-for-email.png","contentUrl":"https:\/\/globaltraining.com\/wp-content\/uploads\/2021\/01\/GSE-Logo-for-email.png","width":400,"height":101,"caption":"Global Safety & Environmental"},"image":{"@id":"https:\/\/globaltraining.com\/#\/schema\/logo\/image\/"}}]}},"_links":{"self":[{"href":"https:\/\/globaltraining.com\/tr\/wp-json\/wp\/v2\/product\/28558","targetHints":{"allow":["GET"]}}],"collection":[{"href":"https:\/\/globaltraining.com\/tr\/wp-json\/wp\/v2\/product"}],"about":[{"href":"https:\/\/globaltraining.com\/tr\/wp-json\/wp\/v2\/types\/product"}],"wp:featuredmedia":[{"embeddable":true,"href":"https:\/\/globaltraining.com\/tr\/wp-json\/wp\/v2\/media\/15359"}],"wp:attachment":[{"href":"https:\/\/globaltraining.com\/tr\/wp-json\/wp\/v2\/media?parent=28558"}],"wp:term":[{"taxonomy":"product_brand","embeddable":true,"href":"https:\/\/globaltraining.com\/tr\/wp-json\/wp\/v2\/product_brand?post=28558"},{"taxonomy":"product_cat","embeddable":true,"href":"https:\/\/globaltraining.com\/tr\/wp-json\/wp\/v2\/product_cat?post=28558"},{"taxonomy":"product_tag","embeddable":true,"href":"https:\/\/globaltraining.com\/tr\/wp-json\/wp\/v2\/product_tag?post=28558"}],"curies":[{"name":"wp","href":"https:\/\/api.w.org\/{rel}","templated":true}]}}