{"id":28557,"date":"2023-09-11T12:34:10","date_gmt":"2023-09-11T17:34:10","guid":{"rendered":"https:\/\/globaltraining.com\/?post_type=product&#038;p=28557"},"modified":"2024-11-27T16:57:04","modified_gmt":"2024-11-27T22:57:04","slug":"basincli-yikayici-guvenligi","status":"publish","type":"product","link":"https:\/\/globaltraining.com\/tr\/product\/pressure-washer-safety\/","title":{"rendered":"Bas\u0131n\u00e7l\u0131 Y\u0131kama Makinesi G\u00fcvenli\u011fi"},"content":{"rendered":"<h2>Bas\u0131n\u00e7l\u0131 Y\u0131kama Makinesi G\u00fcvenli\u011finde Uzmanla\u015fmak: Herkes \u0130\u00e7in Hayati Bir Beceri<\/h2>\n<p>Bas\u0131n\u00e7l\u0131 y\u0131kama makinesinin g\u00fcvenli\u011fi, temizlik hizmetlerinden in\u015faata kadar \u00e7e\u015fitli end\u00fcstrilerde \u00e7ok \u00f6nemlidir. Bas\u0131n\u00e7l\u0131 y\u0131kama makineleriyle ilgili riskleri ve uygun g\u00fcvenlik \u00f6nlemlerini anlamak, kazalar\u0131 ve yaralanmalar\u0131 \u00f6nlemek i\u00e7in \u00e7ok \u00f6nemlidir. Bas\u0131n\u00e7l\u0131 y\u0131kama makinesi g\u00fcvenli\u011fine ili\u015fkin kapsaml\u0131 kursumuz, sizi bu g\u00fc\u00e7l\u00fc makineleri g\u00fcvenli ve etkili bir \u015fekilde \u00e7al\u0131\u015ft\u0131rmak i\u00e7in gerekli bilgi ve becerilerle donatmak \u00fczere tasarlanm\u0131\u015ft\u0131r.<\/p>\n<h2>Bas\u0131n\u00e7l\u0131 Y\u0131kama Makinalar\u0131n\u0131n \u00d6nemi<\/h2>\n<p>Bas\u0131n\u00e7l\u0131 y\u0131kay\u0131c\u0131lar, y\u00fcksek bas\u0131n\u00e7l\u0131 su ak\u0131mlar\u0131 yayarak y\u00fczeyleri temizlemek i\u00e7in kullan\u0131lan \u00e7ok y\u00f6nl\u00fc aletlerdir. Son derece etkili olmalar\u0131na ra\u011fmen, do\u011fru \u015fekilde kullan\u0131lmad\u0131klar\u0131nda tehlikeli de olabilirler. Kursumuzda bas\u0131n\u00e7l\u0131 y\u0131kama makinelerinin \u00e7e\u015fitli uygulamalardaki \u00f6nemini ve bunlar\u0131n kullan\u0131m\u0131yla ili\u015fkili potansiyel tehlikeleri nas\u0131l tan\u0131yaca\u011f\u0131n\u0131z\u0131 \u00f6\u011freneceksiniz.<\/p>\n<h2>Bas\u0131n\u00e7l\u0131 Y\u0131kama KKD&#039;si: Tehlikelere Kar\u015f\u0131 Kalkan\u0131n\u0131z<\/h2>\n<p>Bas\u0131n\u00e7l\u0131 y\u0131kama makinesi operat\u00f6rleri, riskleri en aza indirmek i\u00e7in uygun ki\u015fisel koruyucu ekipman\u0131 (PPE) kullanmal\u0131d\u0131r. E\u011fitim program\u0131m\u0131z g\u00fcvenlik g\u00f6zl\u00fckleri, eldivenler ve koruyucu giysiler de dahil olmak \u00fczere gereken temel KKD&#039;yi kapsar. Y\u00fcksek bas\u0131n\u00e7l\u0131 su ve kimyasallardan kaynaklanan potansiyel yaralanmalara kar\u015f\u0131 korunmak i\u00e7in do\u011fru ekipman\u0131 giymenin \u00f6nemini vurguluyoruz.<\/p>\n<h2>Bas\u0131n\u00e7l\u0131 Y\u0131kama Makinesi Operasyonunda Uzmanla\u015fmak<\/h2>\n<p>Kursumuz g\u00fcvenlik donan\u0131m\u0131n\u0131n \u00f6tesine ge\u00e7iyor; ayn\u0131 zamanda bas\u0131n\u00e7l\u0131 y\u0131kay\u0131c\u0131lar\u0131n d\u00fczg\u00fcn \u00e7al\u0131\u015fmas\u0131n\u0131 da kapsar. Farkl\u0131 tipte bas\u0131n\u00e7l\u0131 y\u0131kama makineleri, bunlar\u0131n bile\u015fenleri ve bunlar\u0131n etkili bir \u015fekilde nas\u0131l kullan\u0131laca\u011f\u0131 hakk\u0131nda bilgi edineceksiniz. En iyi sonu\u00e7lara ula\u015f\u0131rken bas\u0131n\u00e7l\u0131 y\u0131kama makinelerini g\u00fcvenli ve verimli bir \u015fekilde kullanabilmenizi sa\u011flamak i\u00e7in uygulamal\u0131 e\u011fitim sa\u011fl\u0131yoruz.<\/p>\n<h2>Neden Kursumuzu Se\u00e7melisiniz?<\/h2>\n<p>Bas\u0131n\u00e7l\u0131 Y\u0131kama kursumuza kaydolmak \u00e7e\u015fitli avantajlar sunar. E\u011fitmenlerimiz i\u015f g\u00fcvenli\u011fi ve bas\u0131n\u00e7l\u0131 y\u0131kama i\u015flemleri konusunda uzmand\u0131r. Kurs, kavramlar\u0131 iyice kavraman\u0131z\u0131 sa\u011flayacak \u015fekilde ilgi \u00e7ekici ve etkile\u015fimli olacak \u015fekilde tasarlanm\u0131\u015ft\u0131r. Tamamlad\u0131\u011f\u0131n\u0131zda, bas\u0131n\u00e7l\u0131 y\u0131kama makinesi g\u00fcvenli\u011fi konusundaki yetkinli\u011finizi g\u00f6steren de\u011ferli bir sertifika alacaks\u0131n\u0131z. Bug\u00fcn bize kat\u0131l\u0131n ve daha g\u00fcvenli bir \u00e7al\u0131\u015fma ortam\u0131na katk\u0131da bulunun!<\/p>\n<h2>Bas\u0131n\u00e7l\u0131 Y\u0131kama Makinesi G\u00fcvenli\u011finin Kontrol\u00fc Bug\u00fcn Elinize Al\u0131n!<\/h2>\n<p>Bas\u0131n\u00e7l\u0131 y\u0131kama makinesinin yanl\u0131\u015f kullan\u0131lmas\u0131 nedeniyle bir kaza meydana gelene kadar beklemeyin. \u015eimdi Bas\u0131n\u00e7l\u0131 Y\u0131kama kursumuza kaydolun ve i\u015fyeri kazalar\u0131n\u0131 \u00f6nlemek i\u00e7in gereken bilgi ve becerilerle kendinizi g\u00fc\u00e7lendirin. \u0130ster i\u015fyeri g\u00fcvenli\u011fini art\u0131rmay\u0131 ama\u00e7layan bir i\u015fveren, ister kendinizi ve meslekta\u015flar\u0131n\u0131z\u0131 korumaya kendini adam\u0131\u015f bir \u00e7al\u0131\u015fan olun, kursumuz daha g\u00fcvenli ve daha emniyetli bir gelece\u011fe a\u00e7\u0131lan kap\u0131n\u0131zd\u0131r.<\/p>","protected":false},"excerpt":{"rendered":"<p>\u00d6zel Bas\u0131n\u00e7l\u0131 Y\u0131kama Makinesi G\u00fcvenli\u011fi kursumuzla i\u015f yeri g\u00fcvenli\u011fini art\u0131r\u0131n. Bas\u0131n\u00e7l\u0131 y\u0131kama makinelerini \u00e7al\u0131\u015ft\u0131rma konusunda yeterlilik kazan\u0131n, do\u011fru KKD&#039;yi kullan\u0131n ve i\u015fyerindeki tehlikeleri azalt\u0131n. De\u011ferli bir sertifika al\u0131n ve daha g\u00fcvenli bir \u00e7al\u0131\u015fma ortam\u0131na katk\u0131da bulunun. Daha g\u00fcvenli bir gelecek i\u00e7in hemen kaydolun!<\/p>","protected":false},"featured_media":27136,"template":"","meta":{"_et_pb_use_builder":"","_et_pb_old_content":"","_et_gb_content_width":""},"product_brand":[],"product_cat":[132,139,140],"product_tag":[],"class_list":{"0":"post-28557","1":"product","2":"type-product","3":"status-publish","4":"has-post-thumbnail","6":"product_cat-equipment","7":"product_cat-hand-and-power-tools","8":"product_cat-hand-protection","10":"first","11":"instock","12":"virtual","13":"sold-individually","14":"purchasable","15":"product-type-simple"},"yoast_head":"<!-- This site is optimized with the Yoast SEO plugin v27.3 - https:\/\/yoast.com\/product\/yoast-seo-wordpress\/ -->\n<title>Pressure Washer Safety - Global Safety &amp; Environmental<\/title>\n<meta name=\"description\" content=\"Master pressure washer safety with our comprehensive course. Learn to safely operate pressure washers and use essential PPE. Enroll today!\" \/>\n<meta name=\"robots\" content=\"index, follow, max-snippet:-1, max-image-preview:large, max-video-preview:-1\" \/>\n<link rel=\"canonical\" href=\"https:\/\/globaltraining.com\/tr\/urun\/basincli-yikayici-guvenligi\/\" \/>\n<meta property=\"og:locale\" content=\"tr_TR\" \/>\n<meta property=\"og:type\" content=\"article\" \/>\n<meta property=\"og:title\" content=\"Pressure Washer Safety - Global Safety &amp; Environmental\" \/>\n<meta property=\"og:description\" content=\"Master pressure washer safety with our comprehensive course. Learn to safely operate pressure washers and use essential PPE. Enroll today!\" \/>\n<meta property=\"og:url\" content=\"https:\/\/globaltraining.com\/tr\/urun\/basincli-yikayici-guvenligi\/\" \/>\n<meta property=\"og:site_name\" content=\"Global Safety &amp; Environmental\" \/>\n<meta property=\"article:modified_time\" content=\"2024-11-27T22:57:04+00:00\" \/>\n<meta property=\"og:image\" content=\"https:\/\/globaltraining.com\/wp-content\/uploads\/2021\/09\/pressurewashersafety1-scaled-e1619109685376.jpg\" \/>\n\t<meta property=\"og:image:width\" content=\"1200\" \/>\n\t<meta property=\"og:image:height\" content=\"800\" \/>\n\t<meta property=\"og:image:type\" content=\"image\/jpeg\" \/>\n<meta name=\"twitter:card\" content=\"summary_large_image\" \/>\n<meta name=\"twitter:label1\" content=\"Est. reading time\" \/>\n\t<meta name=\"twitter:data1\" content=\"2 minutes\" \/>\n<script type=\"application\/ld+json\" class=\"yoast-schema-graph\">{\"@context\":\"https:\\\/\\\/schema.org\",\"@graph\":[{\"@type\":\"WebPage\",\"@id\":\"https:\\\/\\\/globaltraining.com\\\/product\\\/pressure-washer-safety\\\/\",\"url\":\"https:\\\/\\\/globaltraining.com\\\/product\\\/pressure-washer-safety\\\/\",\"name\":\"Pressure Washer Safety - Global Safety &amp; Environmental\",\"isPartOf\":{\"@id\":\"https:\\\/\\\/globaltraining.com\\\/#website\"},\"primaryImageOfPage\":{\"@id\":\"https:\\\/\\\/globaltraining.com\\\/product\\\/pressure-washer-safety\\\/#primaryimage\"},\"image\":{\"@id\":\"https:\\\/\\\/globaltraining.com\\\/product\\\/pressure-washer-safety\\\/#primaryimage\"},\"thumbnailUrl\":\"https:\\\/\\\/globaltraining.com\\\/wp-content\\\/uploads\\\/2021\\\/09\\\/pressurewashersafety1-scaled-e1619109685376.jpg\",\"datePublished\":\"2023-09-11T17:34:10+00:00\",\"dateModified\":\"2024-11-27T22:57:04+00:00\",\"description\":\"Master pressure washer safety with our comprehensive course. Learn to safely operate pressure washers and use essential PPE. Enroll today!\",\"breadcrumb\":{\"@id\":\"https:\\\/\\\/globaltraining.com\\\/product\\\/pressure-washer-safety\\\/#breadcrumb\"},\"inLanguage\":\"tr-TR\",\"potentialAction\":[{\"@type\":\"ReadAction\",\"target\":[\"https:\\\/\\\/globaltraining.com\\\/product\\\/pressure-washer-safety\\\/\"]}]},{\"@type\":\"ImageObject\",\"inLanguage\":\"tr-TR\",\"@id\":\"https:\\\/\\\/globaltraining.com\\\/product\\\/pressure-washer-safety\\\/#primaryimage\",\"url\":\"https:\\\/\\\/globaltraining.com\\\/wp-content\\\/uploads\\\/2021\\\/09\\\/pressurewashersafety1-scaled-e1619109685376.jpg\",\"contentUrl\":\"https:\\\/\\\/globaltraining.com\\\/wp-content\\\/uploads\\\/2021\\\/09\\\/pressurewashersafety1-scaled-e1619109685376.jpg\",\"width\":1200,\"height\":800,\"caption\":\"Pressure Washer Safety\"},{\"@type\":\"BreadcrumbList\",\"@id\":\"https:\\\/\\\/globaltraining.com\\\/product\\\/pressure-washer-safety\\\/#breadcrumb\",\"itemListElement\":[{\"@type\":\"ListItem\",\"position\":1,\"name\":\"Home\",\"item\":\"https:\\\/\\\/globaltraining.com\\\/\"},{\"@type\":\"ListItem\",\"position\":2,\"name\":\"Productos\",\"item\":\"https:\\\/\\\/globaltraining.com\\\/es\\\/shop\\\/\"},{\"@type\":\"ListItem\",\"position\":3,\"name\":\"Pressure Washer Safety\"}]},{\"@type\":\"WebSite\",\"@id\":\"https:\\\/\\\/globaltraining.com\\\/#website\",\"url\":\"https:\\\/\\\/globaltraining.com\\\/\",\"name\":\"Global Safety & Environmental\",\"description\":\"Full Service Health, Safety, and Environmental Courses\",\"publisher\":{\"@id\":\"https:\\\/\\\/globaltraining.com\\\/#organization\"},\"potentialAction\":[{\"@type\":\"SearchAction\",\"target\":{\"@type\":\"EntryPoint\",\"urlTemplate\":\"https:\\\/\\\/globaltraining.com\\\/?s={search_term_string}\"},\"query-input\":{\"@type\":\"PropertyValueSpecification\",\"valueRequired\":true,\"valueName\":\"search_term_string\"}}],\"inLanguage\":\"tr-TR\"},{\"@type\":\"Organization\",\"@id\":\"https:\\\/\\\/globaltraining.com\\\/#organization\",\"name\":\"Global Safety & Environmental\",\"url\":\"https:\\\/\\\/globaltraining.com\\\/\",\"logo\":{\"@type\":\"ImageObject\",\"inLanguage\":\"tr-TR\",\"@id\":\"https:\\\/\\\/globaltraining.com\\\/#\\\/schema\\\/logo\\\/image\\\/\",\"url\":\"https:\\\/\\\/globaltraining.com\\\/wp-content\\\/uploads\\\/2021\\\/01\\\/GSE-Logo-for-email.png\",\"contentUrl\":\"https:\\\/\\\/globaltraining.com\\\/wp-content\\\/uploads\\\/2021\\\/01\\\/GSE-Logo-for-email.png\",\"width\":400,\"height\":101,\"caption\":\"Global Safety & Environmental\"},\"image\":{\"@id\":\"https:\\\/\\\/globaltraining.com\\\/#\\\/schema\\\/logo\\\/image\\\/\"}}]}<\/script>\n<!-- \/ Yoast SEO plugin. -->","yoast_head_json":{"title":"Bas\u0131n\u00e7l\u0131 Y\u0131kay\u0131c\u0131 G\u00fcvenli\u011fi - K\u00fcresel G\u00fcvenlik ve \u00c7evre","description":"Kapsaml\u0131 kursumuzla bas\u0131n\u00e7l\u0131 y\u0131kay\u0131c\u0131 g\u00fcvenli\u011finde ustala\u015f\u0131n. Bas\u0131n\u00e7l\u0131 y\u0131kay\u0131c\u0131lar\u0131 g\u00fcvenli bir \u015fekilde \u00e7al\u0131\u015ft\u0131rmay\u0131 ve temel KKD&#039;yi kullanmay\u0131 \u00f6\u011frenin. Bug\u00fcn kaydolun!","robots":{"index":"index","follow":"follow","max-snippet":"max-snippet:-1","max-image-preview":"max-image-preview:large","max-video-preview":"max-video-preview:-1"},"canonical":"https:\/\/globaltraining.com\/tr\/urun\/basincli-yikayici-guvenligi\/","og_locale":"tr_TR","og_type":"article","og_title":"Pressure Washer Safety - Global Safety &amp; Environmental","og_description":"Master pressure washer safety with our comprehensive course. Learn to safely operate pressure washers and use essential PPE. Enroll today!","og_url":"https:\/\/globaltraining.com\/tr\/urun\/basincli-yikayici-guvenligi\/","og_site_name":"Global Safety &amp; Environmental","article_modified_time":"2024-11-27T22:57:04+00:00","og_image":[{"width":1200,"height":800,"url":"https:\/\/globaltraining.com\/wp-content\/uploads\/2021\/09\/pressurewashersafety1-scaled-e1619109685376.jpg","type":"image\/jpeg"}],"twitter_card":"summary_large_image","twitter_misc":{"Est. reading time":"2 minutes"},"schema":{"@context":"https:\/\/schema.org","@graph":[{"@type":"WebPage","@id":"https:\/\/globaltraining.com\/product\/pressure-washer-safety\/","url":"https:\/\/globaltraining.com\/product\/pressure-washer-safety\/","name":"Bas\u0131n\u00e7l\u0131 Y\u0131kay\u0131c\u0131 G\u00fcvenli\u011fi - K\u00fcresel G\u00fcvenlik ve \u00c7evre","isPartOf":{"@id":"https:\/\/globaltraining.com\/#website"},"primaryImageOfPage":{"@id":"https:\/\/globaltraining.com\/product\/pressure-washer-safety\/#primaryimage"},"image":{"@id":"https:\/\/globaltraining.com\/product\/pressure-washer-safety\/#primaryimage"},"thumbnailUrl":"https:\/\/globaltraining.com\/wp-content\/uploads\/2021\/09\/pressurewashersafety1-scaled-e1619109685376.jpg","datePublished":"2023-09-11T17:34:10+00:00","dateModified":"2024-11-27T22:57:04+00:00","description":"Kapsaml\u0131 kursumuzla bas\u0131n\u00e7l\u0131 y\u0131kay\u0131c\u0131 g\u00fcvenli\u011finde ustala\u015f\u0131n. Bas\u0131n\u00e7l\u0131 y\u0131kay\u0131c\u0131lar\u0131 g\u00fcvenli bir \u015fekilde \u00e7al\u0131\u015ft\u0131rmay\u0131 ve temel KKD&#039;yi kullanmay\u0131 \u00f6\u011frenin. Bug\u00fcn kaydolun!","breadcrumb":{"@id":"https:\/\/globaltraining.com\/product\/pressure-washer-safety\/#breadcrumb"},"inLanguage":"tr-TR","potentialAction":[{"@type":"ReadAction","target":["https:\/\/globaltraining.com\/product\/pressure-washer-safety\/"]}]},{"@type":"ImageObject","inLanguage":"tr-TR","@id":"https:\/\/globaltraining.com\/product\/pressure-washer-safety\/#primaryimage","url":"https:\/\/globaltraining.com\/wp-content\/uploads\/2021\/09\/pressurewashersafety1-scaled-e1619109685376.jpg","contentUrl":"https:\/\/globaltraining.com\/wp-content\/uploads\/2021\/09\/pressurewashersafety1-scaled-e1619109685376.jpg","width":1200,"height":800,"caption":"Pressure Washer Safety"},{"@type":"BreadcrumbList","@id":"https:\/\/globaltraining.com\/product\/pressure-washer-safety\/#breadcrumb","itemListElement":[{"@type":"ListItem","position":1,"name":"Home","item":"https:\/\/globaltraining.com\/"},{"@type":"ListItem","position":2,"name":"Productos","item":"https:\/\/globaltraining.com\/es\/shop\/"},{"@type":"ListItem","position":3,"name":"Pressure Washer Safety"}]},{"@type":"WebSite","@id":"https:\/\/globaltraining.com\/#website","url":"https:\/\/globaltraining.com\/","name":"K\u00fcresel G\u00fcvenlik ve \u00c7evre","description":"Tam Hizmet Sa\u011fl\u0131k, G\u00fcvenlik ve \u00c7evre Kurslar\u0131","publisher":{"@id":"https:\/\/globaltraining.com\/#organization"},"potentialAction":[{"@type":"SearchAction","target":{"@type":"EntryPoint","urlTemplate":"https:\/\/globaltraining.com\/?s={search_term_string}"},"query-input":{"@type":"PropertyValueSpecification","valueRequired":true,"valueName":"search_term_string"}}],"inLanguage":"tr-TR"},{"@type":"Organization","@id":"https:\/\/globaltraining.com\/#organization","name":"K\u00fcresel G\u00fcvenlik ve \u00c7evre","url":"https:\/\/globaltraining.com\/","logo":{"@type":"ImageObject","inLanguage":"tr-TR","@id":"https:\/\/globaltraining.com\/#\/schema\/logo\/image\/","url":"https:\/\/globaltraining.com\/wp-content\/uploads\/2021\/01\/GSE-Logo-for-email.png","contentUrl":"https:\/\/globaltraining.com\/wp-content\/uploads\/2021\/01\/GSE-Logo-for-email.png","width":400,"height":101,"caption":"Global Safety & Environmental"},"image":{"@id":"https:\/\/globaltraining.com\/#\/schema\/logo\/image\/"}}]}},"_links":{"self":[{"href":"https:\/\/globaltraining.com\/tr\/wp-json\/wp\/v2\/product\/28557","targetHints":{"allow":["GET"]}}],"collection":[{"href":"https:\/\/globaltraining.com\/tr\/wp-json\/wp\/v2\/product"}],"about":[{"href":"https:\/\/globaltraining.com\/tr\/wp-json\/wp\/v2\/types\/product"}],"wp:featuredmedia":[{"embeddable":true,"href":"https:\/\/globaltraining.com\/tr\/wp-json\/wp\/v2\/media\/27136"}],"wp:attachment":[{"href":"https:\/\/globaltraining.com\/tr\/wp-json\/wp\/v2\/media?parent=28557"}],"wp:term":[{"taxonomy":"product_brand","embeddable":true,"href":"https:\/\/globaltraining.com\/tr\/wp-json\/wp\/v2\/product_brand?post=28557"},{"taxonomy":"product_cat","embeddable":true,"href":"https:\/\/globaltraining.com\/tr\/wp-json\/wp\/v2\/product_cat?post=28557"},{"taxonomy":"product_tag","embeddable":true,"href":"https:\/\/globaltraining.com\/tr\/wp-json\/wp\/v2\/product_tag?post=28557"}],"curies":[{"name":"wp","href":"https:\/\/api.w.org\/{rel}","templated":true}]}}