{"id":28556,"date":"2023-09-11T11:55:35","date_gmt":"2023-09-11T16:55:35","guid":{"rendered":"https:\/\/globaltraining.com\/?post_type=product&#038;p=28556"},"modified":"2024-11-27T16:57:40","modified_gmt":"2024-11-27T22:57:40","slug":"tozlu-tahrikli-alet-guvenligi","status":"publish","type":"product","link":"https:\/\/globaltraining.com\/tr\/product\/powdered-actuated-tool-safety\/","title":{"rendered":"Tozlu Ger\u00e7ek Tak\u0131m G\u00fcvenli\u011fi"},"content":{"rendered":"<h2>Tozlu Ger\u00e7ek Alet G\u00fcvenli\u011fini Anlamak: Hayati Bir \u0130\u015fyeri Becerisi<\/h2>\n<p>Toz haline getirilmi\u015f ger\u00e7ek alet g\u00fcvenli\u011fi, i\u015f yeri g\u00fcvenli\u011finin hi\u00e7bir zaman hafife al\u0131nmamas\u0131 gereken \u00e7ok \u00f6nemli bir y\u00f6n\u00fcd\u00fcr. Bu \u00f6zel e\u011fitim, \u00e7al\u0131\u015fanlar\u0131, tozlu ger\u00e7ek aletleri g\u00fcvenli bir \u015fekilde kullanmak ve \u00e7al\u0131\u015ft\u0131rmak i\u00e7in gereken bilgi ve becerilerle donat\u0131r. Toz haline getirilmi\u015f ger\u00e7ek alet g\u00fcvenli\u011fine ili\u015fkin kapsaml\u0131 kursumuz, size riskleri azaltmak ve g\u00fcvenli bir \u00e7al\u0131\u015fma ortam\u0131 sa\u011flamak i\u00e7in gereken uzmanl\u0131\u011f\u0131 sa\u011flamak \u00fczere tasarlanm\u0131\u015ft\u0131r.<\/p>\n<h2>Tozlu Ger\u00e7ek Aletlerin \u00d6nemi<\/h2>\n<p>Toz haline getirilmi\u015f ger\u00e7ek aletler imalat, in\u015faat ve otomotiv dahil olmak \u00fczere \u00e7e\u015fitli end\u00fcstrilerde \u00f6nemli bir rol oynamaktad\u0131r. Barutla \u00e7al\u0131\u015ft\u0131r\u0131lan \u00e7ivi tabancalar\u0131 gibi bu aletler olduk\u00e7a verimlidir ancak do\u011fru kullan\u0131lmad\u0131\u011f\u0131 takdirde tehlikeli olabilir. Kursumuz, toz haline getirilmi\u015f ger\u00e7ek aletlerin \u00f6nemini, bunlar\u0131n uygulamalar\u0131n\u0131 ve uygunsuz kullan\u0131ld\u0131klar\u0131nda ortaya \u00e7\u0131kard\u0131klar\u0131 potansiyel riskleri ele almaktad\u0131r.<\/p>\n<h2>Pudral\u0131 Ger\u00e7ek Alet G\u00fcvenli\u011finde Uzmanla\u015fmak<\/h2>\n<p>E\u011fitim program\u0131m\u0131z, tozlu ger\u00e7ek alet g\u00fcvenli\u011fi konusunda uzmanla\u015fman\u0131za yard\u0131mc\u0131 olmak i\u00e7in \u00f6zel olarak tasarlanm\u0131\u015ft\u0131r. Tozlu ger\u00e7ek aletlerin farkl\u0131 t\u00fcrleri, bunlar\u0131n bile\u015fenleri ve bunlar\u0131n \u00e7al\u0131\u015ft\u0131r\u0131lmas\u0131 i\u00e7in gerekli g\u00fcvenlik \u00f6nlemleri hakk\u0131nda bilgi edineceksiniz. Potansiyel i\u015f yeri olaylar\u0131n\u0131 en aza indirirken, bu aletlerin g\u00fcvenli bir \u015fekilde kullan\u0131lmas\u0131, y\u00fcklenmesi ve ate\u015flenmesi konusunda uzman olman\u0131z\u0131 sa\u011flayarak uygulamal\u0131 e\u011fitime \u00f6nem veriyoruz.<\/p>\n<h2>Neden Kursumuzu Se\u00e7melisiniz?<\/h2>\n<p>Tozlu Ger\u00e7ek Ara\u00e7lar kursumuza kaydolmak \u00e7e\u015fitli avantajlar sunar. Deneyimli e\u011fitmenlerimiz i\u015f g\u00fcvenli\u011fi konusunda uzmand\u0131r ve t\u00fcm e\u011fitim s\u00fcreci boyunca size rehberlik edecektir. Ba\u015far\u0131l\u0131 bir \u015fekilde tamamlad\u0131\u011f\u0131n\u0131zda, g\u00fcvenli\u011fe olan ba\u011fl\u0131l\u0131\u011f\u0131n\u0131z\u0131 g\u00f6steren ve sizi sekt\u00f6r\u00fcn\u00fczde de\u011ferli bir varl\u0131k haline getiren de\u011ferli bir sertifika alacaks\u0131n\u0131z. Bug\u00fcn bize kat\u0131l\u0131n ve i\u015fyeri g\u00fcvenli\u011fi becerilerinizi geli\u015ftirin!<\/p>\n<h2>Tozlu Ger\u00e7ek Tak\u0131m G\u00fcvenli\u011fine Do\u011fru \u0130lk Ad\u0131m\u0131 At\u0131n!<\/h2>\n<p>Tozlu ger\u00e7ek aletlerin yanl\u0131\u015f kullan\u0131lmas\u0131 nedeniyle bir kaza meydana gelene kadar beklemeyin. \u015eimdi Tozlu Ger\u00e7ek Ara\u00e7lar kursumuza kaydolun ve i\u015fyeri olaylar\u0131n\u0131 \u00f6nlemek i\u00e7in gereken bilgi ve becerilerle kendinizi g\u00fc\u00e7lendirin. \u0130ster i\u015fyeri g\u00fcvenli\u011fini iyile\u015ftirmeyi ama\u00e7layan bir i\u015fveren olun, ister kendinizi ve meslekta\u015flar\u0131n\u0131z\u0131 korumaya kendini adam\u0131\u015f bir \u00e7al\u0131\u015fan olun, kursumuz daha g\u00fcvenli ve daha emniyetli bir gelece\u011fe a\u00e7\u0131lan kap\u0131n\u0131zd\u0131r.<\/p>","protected":false},"excerpt":{"rendered":"<p>\u00d6zel Tozlu Ger\u00e7ek Alet G\u00fcvenli\u011fi kursumuzla i\u015f yeri g\u00fcvenli\u011fini art\u0131r\u0131n. Tozlu ger\u00e7ek aletlerin ta\u015f\u0131nmas\u0131 ve \u00e7al\u0131\u015ft\u0131r\u0131lmas\u0131 konusunda yeterlilik kazanarak i\u015fyeri tehlikelerini azalt\u0131n. De\u011ferli bir sertifika al\u0131n ve daha g\u00fcvenli bir \u00e7al\u0131\u015fma ortam\u0131na katk\u0131da bulunun. Daha g\u00fcvenli bir gelecek i\u00e7in hemen kaydolun!<\/p>","protected":false},"featured_media":15325,"template":"","meta":{"_et_pb_use_builder":"","_et_pb_old_content":"","_et_gb_content_width":""},"product_brand":[],"product_cat":[122,132,139,175,168],"product_tag":[],"class_list":{"0":"post-28556","1":"product","2":"type-product","3":"status-publish","4":"has-post-thumbnail","6":"product_cat-construction","7":"product_cat-equipment","8":"product_cat-hand-and-power-tools","9":"product_cat-material-handling","10":"product_cat-tools","12":"first","13":"instock","14":"virtual","15":"sold-individually","16":"purchasable","17":"product-type-simple"},"yoast_head":"<!-- This site is optimized with the Yoast SEO plugin v27.3 - https:\/\/yoast.com\/product\/yoast-seo-wordpress\/ -->\n<title>Powdered Actual Tool Safety - Global Safety &amp; Environmental<\/title>\n<meta name=\"description\" content=\"Master powdered actual tool safety with our comprehensive course. Learn to handle and operate powdered actual tools safely. Enroll today!\" \/>\n<meta name=\"robots\" content=\"index, follow, max-snippet:-1, max-image-preview:large, max-video-preview:-1\" \/>\n<link rel=\"canonical\" href=\"https:\/\/globaltraining.com\/tr\/urun\/tozlu-tahrikli-alet-guvenligi\/\" \/>\n<meta property=\"og:locale\" content=\"tr_TR\" \/>\n<meta property=\"og:type\" content=\"article\" \/>\n<meta property=\"og:title\" content=\"Powdered Actual Tool Safety - Global Safety &amp; Environmental\" \/>\n<meta property=\"og:description\" content=\"Master powdered actual tool safety with our comprehensive course. Learn to handle and operate powdered actual tools safely. Enroll today!\" \/>\n<meta property=\"og:url\" content=\"https:\/\/globaltraining.com\/tr\/urun\/tozlu-tahrikli-alet-guvenligi\/\" \/>\n<meta property=\"og:site_name\" content=\"Global Safety &amp; Environmental\" \/>\n<meta property=\"article:modified_time\" content=\"2024-11-27T22:57:40+00:00\" \/>\n<meta property=\"og:image\" content=\"https:\/\/globaltraining.com\/wp-content\/uploads\/2023\/06\/Powder-Actuated-Tool-Featured-1.jpg\" \/>\n\t<meta property=\"og:image:width\" content=\"1200\" \/>\n\t<meta property=\"og:image:height\" content=\"800\" \/>\n\t<meta property=\"og:image:type\" content=\"image\/jpeg\" \/>\n<meta name=\"twitter:card\" content=\"summary_large_image\" \/>\n<meta name=\"twitter:label1\" content=\"Est. reading time\" \/>\n\t<meta name=\"twitter:data1\" content=\"2 minutes\" \/>\n<script type=\"application\/ld+json\" class=\"yoast-schema-graph\">{\"@context\":\"https:\\\/\\\/schema.org\",\"@graph\":[{\"@type\":\"WebPage\",\"@id\":\"https:\\\/\\\/globaltraining.com\\\/product\\\/powdered-actuated-tool-safety\\\/\",\"url\":\"https:\\\/\\\/globaltraining.com\\\/product\\\/powdered-actuated-tool-safety\\\/\",\"name\":\"Powdered Actual Tool Safety - Global Safety &amp; Environmental\",\"isPartOf\":{\"@id\":\"https:\\\/\\\/globaltraining.com\\\/#website\"},\"primaryImageOfPage\":{\"@id\":\"https:\\\/\\\/globaltraining.com\\\/product\\\/powdered-actuated-tool-safety\\\/#primaryimage\"},\"image\":{\"@id\":\"https:\\\/\\\/globaltraining.com\\\/product\\\/powdered-actuated-tool-safety\\\/#primaryimage\"},\"thumbnailUrl\":\"https:\\\/\\\/globaltraining.com\\\/wp-content\\\/uploads\\\/2023\\\/06\\\/Powder-Actuated-Tool-Featured-1.jpg\",\"datePublished\":\"2023-09-11T16:55:35+00:00\",\"dateModified\":\"2024-11-27T22:57:40+00:00\",\"description\":\"Master powdered actual tool safety with our comprehensive course. Learn to handle and operate powdered actual tools safely. Enroll today!\",\"breadcrumb\":{\"@id\":\"https:\\\/\\\/globaltraining.com\\\/product\\\/powdered-actuated-tool-safety\\\/#breadcrumb\"},\"inLanguage\":\"tr-TR\",\"potentialAction\":[{\"@type\":\"ReadAction\",\"target\":[\"https:\\\/\\\/globaltraining.com\\\/product\\\/powdered-actuated-tool-safety\\\/\"]}]},{\"@type\":\"ImageObject\",\"inLanguage\":\"tr-TR\",\"@id\":\"https:\\\/\\\/globaltraining.com\\\/product\\\/powdered-actuated-tool-safety\\\/#primaryimage\",\"url\":\"https:\\\/\\\/globaltraining.com\\\/wp-content\\\/uploads\\\/2023\\\/06\\\/Powder-Actuated-Tool-Featured-1.jpg\",\"contentUrl\":\"https:\\\/\\\/globaltraining.com\\\/wp-content\\\/uploads\\\/2023\\\/06\\\/Powder-Actuated-Tool-Featured-1.jpg\",\"width\":1200,\"height\":800,\"caption\":\"Powdered Actuated Tool Safety\"},{\"@type\":\"BreadcrumbList\",\"@id\":\"https:\\\/\\\/globaltraining.com\\\/product\\\/powdered-actuated-tool-safety\\\/#breadcrumb\",\"itemListElement\":[{\"@type\":\"ListItem\",\"position\":1,\"name\":\"Home\",\"item\":\"https:\\\/\\\/globaltraining.com\\\/\"},{\"@type\":\"ListItem\",\"position\":2,\"name\":\"Productos\",\"item\":\"https:\\\/\\\/globaltraining.com\\\/es\\\/shop\\\/\"},{\"@type\":\"ListItem\",\"position\":3,\"name\":\"Powdered Actual Tool Safety\"}]},{\"@type\":\"WebSite\",\"@id\":\"https:\\\/\\\/globaltraining.com\\\/#website\",\"url\":\"https:\\\/\\\/globaltraining.com\\\/\",\"name\":\"Global Safety & Environmental\",\"description\":\"Full Service Health, Safety, and Environmental Courses\",\"publisher\":{\"@id\":\"https:\\\/\\\/globaltraining.com\\\/#organization\"},\"potentialAction\":[{\"@type\":\"SearchAction\",\"target\":{\"@type\":\"EntryPoint\",\"urlTemplate\":\"https:\\\/\\\/globaltraining.com\\\/?s={search_term_string}\"},\"query-input\":{\"@type\":\"PropertyValueSpecification\",\"valueRequired\":true,\"valueName\":\"search_term_string\"}}],\"inLanguage\":\"tr-TR\"},{\"@type\":\"Organization\",\"@id\":\"https:\\\/\\\/globaltraining.com\\\/#organization\",\"name\":\"Global Safety & Environmental\",\"url\":\"https:\\\/\\\/globaltraining.com\\\/\",\"logo\":{\"@type\":\"ImageObject\",\"inLanguage\":\"tr-TR\",\"@id\":\"https:\\\/\\\/globaltraining.com\\\/#\\\/schema\\\/logo\\\/image\\\/\",\"url\":\"https:\\\/\\\/globaltraining.com\\\/wp-content\\\/uploads\\\/2021\\\/01\\\/GSE-Logo-for-email.png\",\"contentUrl\":\"https:\\\/\\\/globaltraining.com\\\/wp-content\\\/uploads\\\/2021\\\/01\\\/GSE-Logo-for-email.png\",\"width\":400,\"height\":101,\"caption\":\"Global Safety & Environmental\"},\"image\":{\"@id\":\"https:\\\/\\\/globaltraining.com\\\/#\\\/schema\\\/logo\\\/image\\\/\"}}]}<\/script>\n<!-- \/ Yoast SEO plugin. -->","yoast_head_json":{"title":"Toz Ger\u00e7ek Ara\u00e7 G\u00fcvenli\u011fi - K\u00fcresel G\u00fcvenlik ve \u00c7evre","description":"Kapsaml\u0131 kursumuzla tozlu ger\u00e7ek alet g\u00fcvenli\u011finde ustala\u015f\u0131n. Tozlu ger\u00e7ek aletleri g\u00fcvenli bir \u015fekilde kullanmay\u0131 ve \u00e7al\u0131\u015ft\u0131rmay\u0131 \u00f6\u011frenin. Bug\u00fcn kaydolun!","robots":{"index":"index","follow":"follow","max-snippet":"max-snippet:-1","max-image-preview":"max-image-preview:large","max-video-preview":"max-video-preview:-1"},"canonical":"https:\/\/globaltraining.com\/tr\/urun\/tozlu-tahrikli-alet-guvenligi\/","og_locale":"tr_TR","og_type":"article","og_title":"Powdered Actual Tool Safety - Global Safety &amp; Environmental","og_description":"Master powdered actual tool safety with our comprehensive course. Learn to handle and operate powdered actual tools safely. Enroll today!","og_url":"https:\/\/globaltraining.com\/tr\/urun\/tozlu-tahrikli-alet-guvenligi\/","og_site_name":"Global Safety &amp; Environmental","article_modified_time":"2024-11-27T22:57:40+00:00","og_image":[{"width":1200,"height":800,"url":"https:\/\/globaltraining.com\/wp-content\/uploads\/2023\/06\/Powder-Actuated-Tool-Featured-1.jpg","type":"image\/jpeg"}],"twitter_card":"summary_large_image","twitter_misc":{"Est. reading time":"2 minutes"},"schema":{"@context":"https:\/\/schema.org","@graph":[{"@type":"WebPage","@id":"https:\/\/globaltraining.com\/product\/powdered-actuated-tool-safety\/","url":"https:\/\/globaltraining.com\/product\/powdered-actuated-tool-safety\/","name":"Toz Ger\u00e7ek Ara\u00e7 G\u00fcvenli\u011fi - K\u00fcresel G\u00fcvenlik ve \u00c7evre","isPartOf":{"@id":"https:\/\/globaltraining.com\/#website"},"primaryImageOfPage":{"@id":"https:\/\/globaltraining.com\/product\/powdered-actuated-tool-safety\/#primaryimage"},"image":{"@id":"https:\/\/globaltraining.com\/product\/powdered-actuated-tool-safety\/#primaryimage"},"thumbnailUrl":"https:\/\/globaltraining.com\/wp-content\/uploads\/2023\/06\/Powder-Actuated-Tool-Featured-1.jpg","datePublished":"2023-09-11T16:55:35+00:00","dateModified":"2024-11-27T22:57:40+00:00","description":"Kapsaml\u0131 kursumuzla tozlu ger\u00e7ek alet g\u00fcvenli\u011finde ustala\u015f\u0131n. Tozlu ger\u00e7ek aletleri g\u00fcvenli bir \u015fekilde kullanmay\u0131 ve \u00e7al\u0131\u015ft\u0131rmay\u0131 \u00f6\u011frenin. Bug\u00fcn kaydolun!","breadcrumb":{"@id":"https:\/\/globaltraining.com\/product\/powdered-actuated-tool-safety\/#breadcrumb"},"inLanguage":"tr-TR","potentialAction":[{"@type":"ReadAction","target":["https:\/\/globaltraining.com\/product\/powdered-actuated-tool-safety\/"]}]},{"@type":"ImageObject","inLanguage":"tr-TR","@id":"https:\/\/globaltraining.com\/product\/powdered-actuated-tool-safety\/#primaryimage","url":"https:\/\/globaltraining.com\/wp-content\/uploads\/2023\/06\/Powder-Actuated-Tool-Featured-1.jpg","contentUrl":"https:\/\/globaltraining.com\/wp-content\/uploads\/2023\/06\/Powder-Actuated-Tool-Featured-1.jpg","width":1200,"height":800,"caption":"Powdered Actuated Tool Safety"},{"@type":"BreadcrumbList","@id":"https:\/\/globaltraining.com\/product\/powdered-actuated-tool-safety\/#breadcrumb","itemListElement":[{"@type":"ListItem","position":1,"name":"Home","item":"https:\/\/globaltraining.com\/"},{"@type":"ListItem","position":2,"name":"Productos","item":"https:\/\/globaltraining.com\/es\/shop\/"},{"@type":"ListItem","position":3,"name":"Powdered Actual Tool Safety"}]},{"@type":"WebSite","@id":"https:\/\/globaltraining.com\/#website","url":"https:\/\/globaltraining.com\/","name":"K\u00fcresel G\u00fcvenlik ve \u00c7evre","description":"Tam Hizmet Sa\u011fl\u0131k, G\u00fcvenlik ve \u00c7evre Kurslar\u0131","publisher":{"@id":"https:\/\/globaltraining.com\/#organization"},"potentialAction":[{"@type":"SearchAction","target":{"@type":"EntryPoint","urlTemplate":"https:\/\/globaltraining.com\/?s={search_term_string}"},"query-input":{"@type":"PropertyValueSpecification","valueRequired":true,"valueName":"search_term_string"}}],"inLanguage":"tr-TR"},{"@type":"Organization","@id":"https:\/\/globaltraining.com\/#organization","name":"K\u00fcresel G\u00fcvenlik ve \u00c7evre","url":"https:\/\/globaltraining.com\/","logo":{"@type":"ImageObject","inLanguage":"tr-TR","@id":"https:\/\/globaltraining.com\/#\/schema\/logo\/image\/","url":"https:\/\/globaltraining.com\/wp-content\/uploads\/2021\/01\/GSE-Logo-for-email.png","contentUrl":"https:\/\/globaltraining.com\/wp-content\/uploads\/2021\/01\/GSE-Logo-for-email.png","width":400,"height":101,"caption":"Global Safety & Environmental"},"image":{"@id":"https:\/\/globaltraining.com\/#\/schema\/logo\/image\/"}}]}},"_links":{"self":[{"href":"https:\/\/globaltraining.com\/tr\/wp-json\/wp\/v2\/product\/28556","targetHints":{"allow":["GET"]}}],"collection":[{"href":"https:\/\/globaltraining.com\/tr\/wp-json\/wp\/v2\/product"}],"about":[{"href":"https:\/\/globaltraining.com\/tr\/wp-json\/wp\/v2\/types\/product"}],"wp:featuredmedia":[{"embeddable":true,"href":"https:\/\/globaltraining.com\/tr\/wp-json\/wp\/v2\/media\/15325"}],"wp:attachment":[{"href":"https:\/\/globaltraining.com\/tr\/wp-json\/wp\/v2\/media?parent=28556"}],"wp:term":[{"taxonomy":"product_brand","embeddable":true,"href":"https:\/\/globaltraining.com\/tr\/wp-json\/wp\/v2\/product_brand?post=28556"},{"taxonomy":"product_cat","embeddable":true,"href":"https:\/\/globaltraining.com\/tr\/wp-json\/wp\/v2\/product_cat?post=28556"},{"taxonomy":"product_tag","embeddable":true,"href":"https:\/\/globaltraining.com\/tr\/wp-json\/wp\/v2\/product_tag?post=28556"}],"curies":[{"name":"wp","href":"https:\/\/api.w.org\/{rel}","templated":true}]}}