{"id":28555,"date":"2023-09-11T11:46:56","date_gmt":"2023-09-11T16:46:56","guid":{"rendered":"https:\/\/globaltraining.com\/?post_type=product&#038;p=28555"},"modified":"2024-11-27T16:58:19","modified_gmt":"2024-11-27T22:58:19","slug":"sikisma-noktalari","status":"publish","type":"product","link":"https:\/\/globaltraining.com\/tr\/product\/pinch-points\/","title":{"rendered":"K\u0131st\u0131rma Noktalar\u0131"},"content":{"rendered":"<h2>S\u0131k\u0131\u015fma Noktalar\u0131n\u0131 Anlamak: \u0130\u015fyeri G\u00fcvenli\u011fini Sa\u011flamak<\/h2>\n<p>S\u0131k\u0131\u015fma noktalar\u0131, i\u015fyerinde yaralanmalar\u0131n yayg\u0131n ancak s\u0131kl\u0131kla g\u00f6zden ka\u00e7\u0131r\u0131lan bir kayna\u011f\u0131d\u0131r. S\u0131k\u0131\u015fma noktalar\u0131yla ili\u015fkili riskleri anlamak ve uygun g\u00fcvenlik \u00f6nlemlerini uygulamak, g\u00fcvenli bir \u00e7al\u0131\u015fma ortam\u0131n\u0131 s\u00fcrd\u00fcrmek i\u00e7in \u00e7ok \u00f6nemlidir. S\u0131k\u0131\u015fma noktas\u0131 g\u00fcvenli\u011fine ili\u015fkin kapsaml\u0131 kursumuz, s\u0131k\u0131\u015fma noktas\u0131 tehlikelerini etkili bir \u015fekilde tan\u0131mlamak ve azaltmak i\u00e7in gerekli bilgi ve becerileri size sa\u011flamak \u00fczere tasarlanm\u0131\u015ft\u0131r.<\/p>\n<h2>S\u0131k\u0131\u015fma Noktas\u0131 G\u00fcvenli\u011fi: \u0130\u015fyeri Kazalar\u0131ndan Ka\u00e7\u0131nmak<\/h2>\n<p>S\u0131k\u0131\u015fma noktalar\u0131, iki nesnenin veya makine par\u00e7as\u0131n\u0131n bir araya geldi\u011fi, s\u0131k\u0131\u015fma veya ezilme riski olu\u015fturan alanlard\u0131r. Uygun fark\u0131ndal\u0131k ve g\u00fcvenlik \u00f6nlemleri al\u0131nmad\u0131\u011f\u0131nda bu tehlikeler ciddi yaralanmalara yol a\u00e7abilir. Kursumuzda s\u0131k\u0131\u015fma noktas\u0131 g\u00fcvenli\u011finin \u00f6nemini ve \u00e7e\u015fitli i\u015f yeri ortamlar\u0131nda olas\u0131 s\u0131k\u0131\u015fma noktas\u0131 tehlikelerini nas\u0131l tan\u0131yaca\u011f\u0131n\u0131z\u0131 \u00f6\u011freneceksiniz.<\/p>\n<h2>S\u0131k\u0131\u015fma Noktas\u0131 Tehlikelerini Tan\u0131ma<\/h2>\n<p>S\u0131k\u0131\u015fma noktas\u0131 tehlikeleri in\u015faat ve imalattan tar\u0131m ve ula\u015f\u0131ma kadar \u00e7ok \u00e7e\u015fitli end\u00fcstrilerde bulunabilir. E\u011fitimimiz sizi bu tehlikeleri tan\u0131mlama, risklerini de\u011ferlendirme ve etkili kontrol \u00f6nlemlerini uygulama becerileriyle donatacakt\u0131r. Ayr\u0131ca meslekta\u015flar\u0131n\u0131z\u0131 s\u0131k\u0131\u015fma noktas\u0131 g\u00fcvenli\u011fi konusunda nas\u0131l e\u011fitece\u011finizi ve herkes i\u00e7in daha g\u00fcvenli bir i\u015f ortam\u0131na nas\u0131l katk\u0131da bulunaca\u011f\u0131n\u0131z\u0131 da \u00f6\u011freneceksiniz.<\/p>\n<h2>Neden S\u0131k\u0131\u015fma Noktas\u0131 G\u00fcvenli\u011fi Kursumuzu Se\u00e7melisiniz?<\/h2>\n<p>S\u0131k\u0131\u015fma Noktas\u0131 G\u00fcvenli\u011fi kursumuza kaydolmak \u00e7ok say\u0131da avantaj sunar. E\u011fitmenlerimiz i\u015f yeri g\u00fcvenli\u011fi konusunda uzmand\u0131r ve kurs ilgi \u00e7ekici ve etkile\u015fimli olacak \u015fekilde tasarlanm\u0131\u015ft\u0131r. Tamamlad\u0131\u011f\u0131n\u0131zda, g\u00fcvenli\u011fe olan ba\u011fl\u0131l\u0131\u011f\u0131n\u0131z\u0131 g\u00f6steren de\u011ferli bir sertifika alacaks\u0131n\u0131z. Bug\u00fcn bize kat\u0131l\u0131n ve daha g\u00fcvenli bir i\u015fyerine do\u011fru ilk ad\u0131m\u0131 at\u0131n!<\/p>\n<h2>S\u0131k\u0131\u015fma Noktas\u0131 G\u00fcvenli\u011fi i\u00e7in Bug\u00fcn Harekete Ge\u00e7in!<\/h2>\n<p>S\u0131k\u0131\u015fma noktas\u0131 kazas\u0131 meydana gelene kadar beklemeyin. S\u0131k\u0131\u015fma Noktas\u0131 G\u00fcvenli\u011fi kursumuza \u015fimdi kaydolun ve i\u015fyeri kazalar\u0131n\u0131 \u00f6nlemek i\u00e7in gerekli bilgi ve becerilerle kendinizi g\u00fc\u00e7lendirin. \u0130ster i\u015fyeri g\u00fcvenli\u011fini art\u0131rmak isteyen bir i\u015fveren, ister kendinizi ve i\u015f arkada\u015flar\u0131n\u0131z\u0131 korumaya istekli bir \u00e7al\u0131\u015fan olun, kursumuz daha g\u00fcvenli bir gelece\u011fe giden yolunuzdur.<\/p>","protected":false},"excerpt":{"rendered":"<p>Kapsaml\u0131 S\u0131k\u0131\u015fma Noktas\u0131 G\u00fcvenli\u011fi kursumuzla i\u015fyeri g\u00fcvenli\u011fini art\u0131r\u0131n. \u00c7e\u015fitli end\u00fcstrilerdeki s\u0131k\u0131\u015fma noktas\u0131 tehlikelerini tan\u0131mlamay\u0131 ve azaltmay\u0131 \u00f6\u011frenin. De\u011ferli bir sertifika al\u0131n ve daha g\u00fcvenli bir i\u015fyerine katk\u0131da bulunun. Daha g\u00fcvenli bir gelecek i\u00e7in hemen kaydolun!<\/p>","protected":false},"featured_media":15284,"template":"","meta":{"_et_pb_use_builder":"","_et_pb_old_content":"","_et_gb_content_width":""},"product_brand":[],"product_cat":[128,132,140,145,160],"product_tag":[],"class_list":{"0":"post-28555","1":"product","2":"type-product","3":"status-publish","4":"has-post-thumbnail","6":"product_cat-dot","7":"product_cat-equipment","8":"product_cat-hand-protection","9":"product_cat-heavy-equipment","10":"product_cat-ppe","12":"first","13":"instock","14":"virtual","15":"sold-individually","16":"purchasable","17":"product-type-simple"},"yoast_head":"<!-- This site is optimized with the Yoast SEO plugin v27.4 - https:\/\/yoast.com\/product\/yoast-seo-wordpress\/ -->\n<title>Pinch Points - Global Safety &amp; Environmental<\/title>\n<meta name=\"description\" content=\"Ensure workplace safety by understanding and mitigating pinch point hazards. Enroll in our Pinch Points course today and receive a certification!\" \/>\n<meta name=\"robots\" content=\"index, follow, max-snippet:-1, max-image-preview:large, max-video-preview:-1\" \/>\n<link rel=\"canonical\" href=\"https:\/\/globaltraining.com\/tr\/urun\/sikisma-noktalari\/\" \/>\n<meta property=\"og:locale\" content=\"tr_TR\" \/>\n<meta property=\"og:type\" content=\"article\" \/>\n<meta property=\"og:title\" content=\"Pinch Points - Global Safety &amp; Environmental\" \/>\n<meta property=\"og:description\" content=\"Ensure workplace safety by understanding and mitigating pinch point hazards. Enroll in our Pinch Points course today and receive a certification!\" \/>\n<meta property=\"og:url\" content=\"https:\/\/globaltraining.com\/tr\/urun\/sikisma-noktalari\/\" \/>\n<meta property=\"og:site_name\" content=\"Global Safety &amp; Environmental\" \/>\n<meta property=\"article:modified_time\" content=\"2024-11-27T22:58:19+00:00\" \/>\n<meta property=\"og:image\" content=\"https:\/\/globaltraining.com\/wp-content\/uploads\/2023\/06\/Pinch-Point-Feature.jpg\" \/>\n\t<meta property=\"og:image:width\" content=\"1200\" \/>\n\t<meta property=\"og:image:height\" content=\"800\" \/>\n\t<meta property=\"og:image:type\" content=\"image\/jpeg\" \/>\n<meta name=\"twitter:card\" content=\"summary_large_image\" \/>\n<meta name=\"twitter:label1\" content=\"Est. reading time\" \/>\n\t<meta name=\"twitter:data1\" content=\"2 minutes\" \/>\n<script type=\"application\/ld+json\" class=\"yoast-schema-graph\">{\"@context\":\"https:\\\/\\\/schema.org\",\"@graph\":[{\"@type\":\"WebPage\",\"@id\":\"https:\\\/\\\/globaltraining.com\\\/product\\\/pinch-points\\\/\",\"url\":\"https:\\\/\\\/globaltraining.com\\\/product\\\/pinch-points\\\/\",\"name\":\"Pinch Points - Global Safety &amp; Environmental\",\"isPartOf\":{\"@id\":\"https:\\\/\\\/globaltraining.com\\\/#website\"},\"primaryImageOfPage\":{\"@id\":\"https:\\\/\\\/globaltraining.com\\\/product\\\/pinch-points\\\/#primaryimage\"},\"image\":{\"@id\":\"https:\\\/\\\/globaltraining.com\\\/product\\\/pinch-points\\\/#primaryimage\"},\"thumbnailUrl\":\"https:\\\/\\\/globaltraining.com\\\/wp-content\\\/uploads\\\/2023\\\/06\\\/Pinch-Point-Feature.jpg\",\"datePublished\":\"2023-09-11T16:46:56+00:00\",\"dateModified\":\"2024-11-27T22:58:19+00:00\",\"description\":\"Ensure workplace safety by understanding and mitigating pinch point hazards. Enroll in our Pinch Points course today and receive a certification!\",\"breadcrumb\":{\"@id\":\"https:\\\/\\\/globaltraining.com\\\/product\\\/pinch-points\\\/#breadcrumb\"},\"inLanguage\":\"tr-TR\",\"potentialAction\":[{\"@type\":\"ReadAction\",\"target\":[\"https:\\\/\\\/globaltraining.com\\\/product\\\/pinch-points\\\/\"]}]},{\"@type\":\"ImageObject\",\"inLanguage\":\"tr-TR\",\"@id\":\"https:\\\/\\\/globaltraining.com\\\/product\\\/pinch-points\\\/#primaryimage\",\"url\":\"https:\\\/\\\/globaltraining.com\\\/wp-content\\\/uploads\\\/2023\\\/06\\\/Pinch-Point-Feature.jpg\",\"contentUrl\":\"https:\\\/\\\/globaltraining.com\\\/wp-content\\\/uploads\\\/2023\\\/06\\\/Pinch-Point-Feature.jpg\",\"width\":1200,\"height\":800,\"caption\":\"Pinch Points\"},{\"@type\":\"BreadcrumbList\",\"@id\":\"https:\\\/\\\/globaltraining.com\\\/product\\\/pinch-points\\\/#breadcrumb\",\"itemListElement\":[{\"@type\":\"ListItem\",\"position\":1,\"name\":\"Home\",\"item\":\"https:\\\/\\\/globaltraining.com\\\/\"},{\"@type\":\"ListItem\",\"position\":2,\"name\":\"Productos\",\"item\":\"https:\\\/\\\/globaltraining.com\\\/es\\\/shop\\\/\"},{\"@type\":\"ListItem\",\"position\":3,\"name\":\"Pinch Points\"}]},{\"@type\":\"WebSite\",\"@id\":\"https:\\\/\\\/globaltraining.com\\\/#website\",\"url\":\"https:\\\/\\\/globaltraining.com\\\/\",\"name\":\"Global Safety & Environmental\",\"description\":\"Full Service Health, Safety, and Environmental Courses\",\"publisher\":{\"@id\":\"https:\\\/\\\/globaltraining.com\\\/#organization\"},\"potentialAction\":[{\"@type\":\"SearchAction\",\"target\":{\"@type\":\"EntryPoint\",\"urlTemplate\":\"https:\\\/\\\/globaltraining.com\\\/?s={search_term_string}\"},\"query-input\":{\"@type\":\"PropertyValueSpecification\",\"valueRequired\":true,\"valueName\":\"search_term_string\"}}],\"inLanguage\":\"tr-TR\"},{\"@type\":\"Organization\",\"@id\":\"https:\\\/\\\/globaltraining.com\\\/#organization\",\"name\":\"Global Safety & Environmental\",\"url\":\"https:\\\/\\\/globaltraining.com\\\/\",\"logo\":{\"@type\":\"ImageObject\",\"inLanguage\":\"tr-TR\",\"@id\":\"https:\\\/\\\/globaltraining.com\\\/#\\\/schema\\\/logo\\\/image\\\/\",\"url\":\"https:\\\/\\\/globaltraining.com\\\/wp-content\\\/uploads\\\/2021\\\/01\\\/GSE-Logo-for-email.png\",\"contentUrl\":\"https:\\\/\\\/globaltraining.com\\\/wp-content\\\/uploads\\\/2021\\\/01\\\/GSE-Logo-for-email.png\",\"width\":400,\"height\":101,\"caption\":\"Global Safety & Environmental\"},\"image\":{\"@id\":\"https:\\\/\\\/globaltraining.com\\\/#\\\/schema\\\/logo\\\/image\\\/\"}}]}<\/script>\n<!-- \/ Yoast SEO plugin. -->","yoast_head_json":{"title":"Pinch Noktalar\u0131 - K\u00fcresel G\u00fcvenlik ve \u00c7evre","description":"S\u0131k\u0131\u015fma noktas\u0131 tehlikelerini anlayarak ve azaltarak i\u015fyeri g\u00fcvenli\u011fini sa\u011flay\u0131n. Bug\u00fcn S\u0131k\u0131\u015fma Noktalar\u0131 kursumuza kaydolun ve sertifika al\u0131n!","robots":{"index":"index","follow":"follow","max-snippet":"max-snippet:-1","max-image-preview":"max-image-preview:large","max-video-preview":"max-video-preview:-1"},"canonical":"https:\/\/globaltraining.com\/tr\/urun\/sikisma-noktalari\/","og_locale":"tr_TR","og_type":"article","og_title":"Pinch Points - Global Safety &amp; Environmental","og_description":"Ensure workplace safety by understanding and mitigating pinch point hazards. Enroll in our Pinch Points course today and receive a certification!","og_url":"https:\/\/globaltraining.com\/tr\/urun\/sikisma-noktalari\/","og_site_name":"Global Safety &amp; Environmental","article_modified_time":"2024-11-27T22:58:19+00:00","og_image":[{"width":1200,"height":800,"url":"https:\/\/globaltraining.com\/wp-content\/uploads\/2023\/06\/Pinch-Point-Feature.jpg","type":"image\/jpeg"}],"twitter_card":"summary_large_image","twitter_misc":{"Est. reading time":"2 minutes"},"schema":{"@context":"https:\/\/schema.org","@graph":[{"@type":"WebPage","@id":"https:\/\/globaltraining.com\/product\/pinch-points\/","url":"https:\/\/globaltraining.com\/product\/pinch-points\/","name":"Pinch Noktalar\u0131 - K\u00fcresel G\u00fcvenlik ve \u00c7evre","isPartOf":{"@id":"https:\/\/globaltraining.com\/#website"},"primaryImageOfPage":{"@id":"https:\/\/globaltraining.com\/product\/pinch-points\/#primaryimage"},"image":{"@id":"https:\/\/globaltraining.com\/product\/pinch-points\/#primaryimage"},"thumbnailUrl":"https:\/\/globaltraining.com\/wp-content\/uploads\/2023\/06\/Pinch-Point-Feature.jpg","datePublished":"2023-09-11T16:46:56+00:00","dateModified":"2024-11-27T22:58:19+00:00","description":"S\u0131k\u0131\u015fma noktas\u0131 tehlikelerini anlayarak ve azaltarak i\u015fyeri g\u00fcvenli\u011fini sa\u011flay\u0131n. Bug\u00fcn S\u0131k\u0131\u015fma Noktalar\u0131 kursumuza kaydolun ve sertifika al\u0131n!","breadcrumb":{"@id":"https:\/\/globaltraining.com\/product\/pinch-points\/#breadcrumb"},"inLanguage":"tr-TR","potentialAction":[{"@type":"ReadAction","target":["https:\/\/globaltraining.com\/product\/pinch-points\/"]}]},{"@type":"ImageObject","inLanguage":"tr-TR","@id":"https:\/\/globaltraining.com\/product\/pinch-points\/#primaryimage","url":"https:\/\/globaltraining.com\/wp-content\/uploads\/2023\/06\/Pinch-Point-Feature.jpg","contentUrl":"https:\/\/globaltraining.com\/wp-content\/uploads\/2023\/06\/Pinch-Point-Feature.jpg","width":1200,"height":800,"caption":"Pinch Points"},{"@type":"BreadcrumbList","@id":"https:\/\/globaltraining.com\/product\/pinch-points\/#breadcrumb","itemListElement":[{"@type":"ListItem","position":1,"name":"Home","item":"https:\/\/globaltraining.com\/"},{"@type":"ListItem","position":2,"name":"Productos","item":"https:\/\/globaltraining.com\/es\/shop\/"},{"@type":"ListItem","position":3,"name":"Pinch Points"}]},{"@type":"WebSite","@id":"https:\/\/globaltraining.com\/#website","url":"https:\/\/globaltraining.com\/","name":"K\u00fcresel G\u00fcvenlik ve \u00c7evre","description":"Tam Hizmet Sa\u011fl\u0131k, G\u00fcvenlik ve \u00c7evre Kurslar\u0131","publisher":{"@id":"https:\/\/globaltraining.com\/#organization"},"potentialAction":[{"@type":"SearchAction","target":{"@type":"EntryPoint","urlTemplate":"https:\/\/globaltraining.com\/?s={search_term_string}"},"query-input":{"@type":"PropertyValueSpecification","valueRequired":true,"valueName":"search_term_string"}}],"inLanguage":"tr-TR"},{"@type":"Organization","@id":"https:\/\/globaltraining.com\/#organization","name":"K\u00fcresel G\u00fcvenlik ve \u00c7evre","url":"https:\/\/globaltraining.com\/","logo":{"@type":"ImageObject","inLanguage":"tr-TR","@id":"https:\/\/globaltraining.com\/#\/schema\/logo\/image\/","url":"https:\/\/globaltraining.com\/wp-content\/uploads\/2021\/01\/GSE-Logo-for-email.png","contentUrl":"https:\/\/globaltraining.com\/wp-content\/uploads\/2021\/01\/GSE-Logo-for-email.png","width":400,"height":101,"caption":"Global Safety & Environmental"},"image":{"@id":"https:\/\/globaltraining.com\/#\/schema\/logo\/image\/"}}]}},"_links":{"self":[{"href":"https:\/\/globaltraining.com\/tr\/wp-json\/wp\/v2\/product\/28555","targetHints":{"allow":["GET"]}}],"collection":[{"href":"https:\/\/globaltraining.com\/tr\/wp-json\/wp\/v2\/product"}],"about":[{"href":"https:\/\/globaltraining.com\/tr\/wp-json\/wp\/v2\/types\/product"}],"wp:featuredmedia":[{"embeddable":true,"href":"https:\/\/globaltraining.com\/tr\/wp-json\/wp\/v2\/media\/15284"}],"wp:attachment":[{"href":"https:\/\/globaltraining.com\/tr\/wp-json\/wp\/v2\/media?parent=28555"}],"wp:term":[{"taxonomy":"product_brand","embeddable":true,"href":"https:\/\/globaltraining.com\/tr\/wp-json\/wp\/v2\/product_brand?post=28555"},{"taxonomy":"product_cat","embeddable":true,"href":"https:\/\/globaltraining.com\/tr\/wp-json\/wp\/v2\/product_cat?post=28555"},{"taxonomy":"product_tag","embeddable":true,"href":"https:\/\/globaltraining.com\/tr\/wp-json\/wp\/v2\/product_tag?post=28555"}],"curies":[{"name":"wp","href":"https:\/\/api.w.org\/{rel}","templated":true}]}}