{"id":28554,"date":"2023-09-11T11:39:22","date_gmt":"2023-09-11T16:39:22","guid":{"rendered":"https:\/\/globaltraining.com\/?post_type=product&#038;p=28554"},"modified":"2024-11-27T16:58:57","modified_gmt":"2024-11-27T22:58:57","slug":"kisisel-koruyucu-egitim","status":"publish","type":"product","link":"https:\/\/globaltraining.com\/tr\/product\/personal-protective-training\/","title":{"rendered":"Ki\u015fisel Koruma E\u011fitimi"},"content":{"rendered":"<h2>Daha G\u00fcvenli Bir \u0130\u015fyeri \u0130\u00e7in Ki\u015fisel Koruma E\u011fitiminde Uzmanla\u015fmak<\/h2>\n<p>Ki\u015fisel Koruma E\u011fitimi i\u015fyeri g\u00fcvenli\u011finin temel ta\u015f\u0131d\u0131r. \u00c7al\u0131\u015fanlar\u0131n ki\u015fisel koruyucu ekipmanlar (KKD) konusunda bilgili olmas\u0131n\u0131 sa\u011flamak, kazalar\u0131 ve yaralanmalar\u0131 \u00f6nlemek i\u00e7in \u00e7ok \u00f6nemlidir. Ki\u015fisel Koruyucu Donan\u0131mlarla ilgili kapsaml\u0131 kursumuz, sizi i\u015f yerinizi daha g\u00fcvenli bir ortam haline getirmek i\u00e7in gerekli bilgi ve becerilerle donatmak \u00fczere tasarlanm\u0131\u015ft\u0131r.<\/p>\n<h2>Ki\u015fisel Koruyucu Ekipman E\u011fitiminin \u00d6nemi<\/h2>\n<p>Ki\u015fisel Koruyucu Ekipman (KKD), i\u015fyeri tehlikelerine kar\u015f\u0131 \u00f6n saf savunmas\u0131d\u0131r. Ancak uygun e\u011fitim olmadan KKD etkisiz olabilir. Kursumuzda KKD e\u011fitiminin \u00f6nemini anlayacaks\u0131n\u0131z. \u0130\u015fyeri kazas\u0131 riskini azaltarak ve g\u00fcvenli\u011finizi sa\u011flayarak KKD&#039;yi nas\u0131l do\u011fru \u015fekilde se\u00e7ece\u011finizi, giyece\u011finizi ve bak\u0131m\u0131n\u0131 yapaca\u011f\u0131n\u0131z\u0131 \u00f6\u011frenin.<\/p>\n<h2>Kapsaml\u0131 KKD E\u011fitimi: \u0130\u015fyeri G\u00fcvenli\u011finin Anahtar\u0131<\/h2>\n<p>KKD e\u011fitimimiz temel bilgilerin \u00f6tesine ge\u00e7er. Baretlerden g\u00fcvenlik g\u00f6zl\u00fcklerine, belirli sekt\u00f6rlere y\u00f6nelik \u00f6zel ekipmanlara kadar farkl\u0131 ki\u015fisel koruyucu ekipman t\u00fcrlerinin inceliklerini ele al\u0131yoruz. \u00c7e\u015fitli durumlar i\u00e7in do\u011fru KKD&#039;yi se\u00e7erek kendiniz ve i\u015f arkada\u015flar\u0131n\u0131z i\u00e7in maksimum koruma sa\u011flama konusunda uygulamal\u0131 deneyim kazanacaks\u0131n\u0131z.<\/p>\n<h2>Neden Ki\u015fisel Koruyucu E\u011fitim Kursumuzu Se\u00e7melisiniz?<\/h2>\n<p>Ki\u015fisel Koruma E\u011fitimi kursumuza kaydolmak \u00e7ok say\u0131da avantaj sunar. E\u011fitmenlerimiz i\u015f yeri g\u00fcvenli\u011fi konusunda uzmand\u0131r ve kurs ilgi \u00e7ekici ve etkile\u015fimli olacak \u015fekilde tasarlanm\u0131\u015ft\u0131r. Tamamlad\u0131\u011f\u0131n\u0131zda, \u00f6zge\u00e7mi\u015finizi geli\u015ftiren ve g\u00fcvenli\u011fe olan ba\u011fl\u0131l\u0131\u011f\u0131n\u0131z\u0131 g\u00f6steren de\u011ferli bir sertifika alacaks\u0131n\u0131z. Bug\u00fcn bize kat\u0131l\u0131n ve daha g\u00fcvenli bir i\u015fyerine do\u011fru ilk ad\u0131m\u0131 at\u0131n!<\/p>\n<h2>\u0130\u015f Yerinizi G\u00fc\u00e7lendirin<\/h2>\n<p>\u0130\u015f yeri g\u00fcvenli\u011finden taviz vermeyin. \u015eimdi Ki\u015fisel Koruyucu Ekipman kursumuza kaydolun ve ekibinizi KKD hakk\u0131nda bilin\u00e7li kararlar vermek i\u00e7in gereken bilgi ve becerilerle g\u00fc\u00e7lendirin. \u0130ster i\u015fyeri g\u00fcvenli\u011fini art\u0131rmak isteyen bir i\u015fveren, ister kendinizi ve i\u015f arkada\u015flar\u0131n\u0131z\u0131 korumaya istekli bir \u00e7al\u0131\u015fan olun, kursumuz daha g\u00fcvenli bir gelece\u011fe giden yolunuzdur.<\/p>","protected":false},"excerpt":{"rendered":"<p>Kapsaml\u0131 Ki\u015fisel Koruma E\u011fitimi kursumuzla i\u015fyeri g\u00fcvenli\u011fini art\u0131r\u0131n. KKD e\u011fitimi, se\u00e7imi ve bak\u0131m\u0131 konusunda uzmanl\u0131k kazan\u0131n. De\u011ferli bir sertifika al\u0131n ve daha g\u00fcvenli bir i\u015fyerine katk\u0131da bulunun. Daha g\u00fcvenli bir gelecek i\u00e7in hemen kaydolun!<\/p>","protected":false},"featured_media":27198,"template":"","meta":{"_et_pb_use_builder":"","_et_pb_old_content":"","_et_gb_content_width":""},"product_brand":[],"product_cat":[143,152,156,158,160],"product_tag":[],"class_list":{"0":"post-28554","1":"product","2":"type-product","3":"status-publish","4":"has-post-thumbnail","6":"product_cat-health-and-safety","7":"product_cat-management-training","8":"product_cat-occupational-health-and-safety","9":"product_cat-onboarding","10":"product_cat-ppe","12":"first","13":"instock","14":"virtual","15":"sold-individually","16":"purchasable","17":"product-type-simple"},"yoast_head":"<!-- This site is optimized with the Yoast SEO plugin v27.3 - https:\/\/yoast.com\/product\/yoast-seo-wordpress\/ -->\n<title>Personal Protective Training - Global Safety &amp; Environmental<\/title>\n<meta name=\"description\" content=\"Master Personal Protective Training for a safer workplace. Learn about PPE training and certification. Enroll today!\" \/>\n<meta name=\"robots\" content=\"index, follow, max-snippet:-1, max-image-preview:large, max-video-preview:-1\" \/>\n<link rel=\"canonical\" href=\"https:\/\/globaltraining.com\/tr\/urun\/kisisel-koruyucu-egitim\/\" \/>\n<meta property=\"og:locale\" content=\"tr_TR\" \/>\n<meta property=\"og:type\" content=\"article\" \/>\n<meta property=\"og:title\" content=\"Personal Protective Training - Global Safety &amp; Environmental\" \/>\n<meta property=\"og:description\" content=\"Master Personal Protective Training for a safer workplace. Learn about PPE training and certification. Enroll today!\" \/>\n<meta property=\"og:url\" content=\"https:\/\/globaltraining.com\/tr\/urun\/kisisel-koruyucu-egitim\/\" \/>\n<meta property=\"og:site_name\" content=\"Global Safety &amp; Environmental\" \/>\n<meta property=\"article:modified_time\" content=\"2024-11-27T22:58:57+00:00\" \/>\n<meta property=\"og:image\" content=\"https:\/\/globaltraining.com\/wp-content\/uploads\/2021\/09\/iStock-1214565315.jpg\" \/>\n\t<meta property=\"og:image:width\" content=\"1200\" \/>\n\t<meta property=\"og:image:height\" content=\"800\" \/>\n\t<meta property=\"og:image:type\" content=\"image\/jpeg\" \/>\n<meta name=\"twitter:card\" content=\"summary_large_image\" \/>\n<meta name=\"twitter:label1\" content=\"Est. reading time\" \/>\n\t<meta name=\"twitter:data1\" content=\"2 minutes\" \/>\n<script type=\"application\/ld+json\" class=\"yoast-schema-graph\">{\"@context\":\"https:\\\/\\\/schema.org\",\"@graph\":[{\"@type\":\"WebPage\",\"@id\":\"https:\\\/\\\/globaltraining.com\\\/product\\\/personal-protective-training\\\/\",\"url\":\"https:\\\/\\\/globaltraining.com\\\/product\\\/personal-protective-training\\\/\",\"name\":\"Personal Protective Training - Global Safety &amp; Environmental\",\"isPartOf\":{\"@id\":\"https:\\\/\\\/globaltraining.com\\\/#website\"},\"primaryImageOfPage\":{\"@id\":\"https:\\\/\\\/globaltraining.com\\\/product\\\/personal-protective-training\\\/#primaryimage\"},\"image\":{\"@id\":\"https:\\\/\\\/globaltraining.com\\\/product\\\/personal-protective-training\\\/#primaryimage\"},\"thumbnailUrl\":\"https:\\\/\\\/globaltraining.com\\\/wp-content\\\/uploads\\\/2021\\\/09\\\/iStock-1214565315.jpg\",\"datePublished\":\"2023-09-11T16:39:22+00:00\",\"dateModified\":\"2024-11-27T22:58:57+00:00\",\"description\":\"Master Personal Protective Training for a safer workplace. Learn about PPE training and certification. Enroll today!\",\"breadcrumb\":{\"@id\":\"https:\\\/\\\/globaltraining.com\\\/product\\\/personal-protective-training\\\/#breadcrumb\"},\"inLanguage\":\"tr-TR\",\"potentialAction\":[{\"@type\":\"ReadAction\",\"target\":[\"https:\\\/\\\/globaltraining.com\\\/product\\\/personal-protective-training\\\/\"]}]},{\"@type\":\"ImageObject\",\"inLanguage\":\"tr-TR\",\"@id\":\"https:\\\/\\\/globaltraining.com\\\/product\\\/personal-protective-training\\\/#primaryimage\",\"url\":\"https:\\\/\\\/globaltraining.com\\\/wp-content\\\/uploads\\\/2021\\\/09\\\/iStock-1214565315.jpg\",\"contentUrl\":\"https:\\\/\\\/globaltraining.com\\\/wp-content\\\/uploads\\\/2021\\\/09\\\/iStock-1214565315.jpg\",\"width\":1200,\"height\":800,\"caption\":\"Personal Protective Training (PPE)\"},{\"@type\":\"BreadcrumbList\",\"@id\":\"https:\\\/\\\/globaltraining.com\\\/product\\\/personal-protective-training\\\/#breadcrumb\",\"itemListElement\":[{\"@type\":\"ListItem\",\"position\":1,\"name\":\"Home\",\"item\":\"https:\\\/\\\/globaltraining.com\\\/\"},{\"@type\":\"ListItem\",\"position\":2,\"name\":\"Productos\",\"item\":\"https:\\\/\\\/globaltraining.com\\\/es\\\/shop\\\/\"},{\"@type\":\"ListItem\",\"position\":3,\"name\":\"Personal Protective Training\"}]},{\"@type\":\"WebSite\",\"@id\":\"https:\\\/\\\/globaltraining.com\\\/#website\",\"url\":\"https:\\\/\\\/globaltraining.com\\\/\",\"name\":\"Global Safety & Environmental\",\"description\":\"Full Service Health, Safety, and Environmental Courses\",\"publisher\":{\"@id\":\"https:\\\/\\\/globaltraining.com\\\/#organization\"},\"potentialAction\":[{\"@type\":\"SearchAction\",\"target\":{\"@type\":\"EntryPoint\",\"urlTemplate\":\"https:\\\/\\\/globaltraining.com\\\/?s={search_term_string}\"},\"query-input\":{\"@type\":\"PropertyValueSpecification\",\"valueRequired\":true,\"valueName\":\"search_term_string\"}}],\"inLanguage\":\"tr-TR\"},{\"@type\":\"Organization\",\"@id\":\"https:\\\/\\\/globaltraining.com\\\/#organization\",\"name\":\"Global Safety & Environmental\",\"url\":\"https:\\\/\\\/globaltraining.com\\\/\",\"logo\":{\"@type\":\"ImageObject\",\"inLanguage\":\"tr-TR\",\"@id\":\"https:\\\/\\\/globaltraining.com\\\/#\\\/schema\\\/logo\\\/image\\\/\",\"url\":\"https:\\\/\\\/globaltraining.com\\\/wp-content\\\/uploads\\\/2021\\\/01\\\/GSE-Logo-for-email.png\",\"contentUrl\":\"https:\\\/\\\/globaltraining.com\\\/wp-content\\\/uploads\\\/2021\\\/01\\\/GSE-Logo-for-email.png\",\"width\":400,\"height\":101,\"caption\":\"Global Safety & Environmental\"},\"image\":{\"@id\":\"https:\\\/\\\/globaltraining.com\\\/#\\\/schema\\\/logo\\\/image\\\/\"}}]}<\/script>\n<!-- \/ Yoast SEO plugin. -->","yoast_head_json":{"title":"Ki\u015fisel Koruyucu E\u011fitim - K\u00fcresel G\u00fcvenlik ve \u00c7evre","description":"Daha g\u00fcvenli bir i\u015f yeri i\u00e7in Ki\u015fisel Koruyucu E\u011fitimde Ustala\u015f\u0131n. KKD e\u011fitimi ve sertifikasyonu hakk\u0131nda bilgi edinin. Bug\u00fcn kaydolun!","robots":{"index":"index","follow":"follow","max-snippet":"max-snippet:-1","max-image-preview":"max-image-preview:large","max-video-preview":"max-video-preview:-1"},"canonical":"https:\/\/globaltraining.com\/tr\/urun\/kisisel-koruyucu-egitim\/","og_locale":"tr_TR","og_type":"article","og_title":"Personal Protective Training - Global Safety &amp; Environmental","og_description":"Master Personal Protective Training for a safer workplace. Learn about PPE training and certification. Enroll today!","og_url":"https:\/\/globaltraining.com\/tr\/urun\/kisisel-koruyucu-egitim\/","og_site_name":"Global Safety &amp; Environmental","article_modified_time":"2024-11-27T22:58:57+00:00","og_image":[{"width":1200,"height":800,"url":"https:\/\/globaltraining.com\/wp-content\/uploads\/2021\/09\/iStock-1214565315.jpg","type":"image\/jpeg"}],"twitter_card":"summary_large_image","twitter_misc":{"Est. reading time":"2 minutes"},"schema":{"@context":"https:\/\/schema.org","@graph":[{"@type":"WebPage","@id":"https:\/\/globaltraining.com\/product\/personal-protective-training\/","url":"https:\/\/globaltraining.com\/product\/personal-protective-training\/","name":"Ki\u015fisel Koruyucu E\u011fitim - K\u00fcresel G\u00fcvenlik ve \u00c7evre","isPartOf":{"@id":"https:\/\/globaltraining.com\/#website"},"primaryImageOfPage":{"@id":"https:\/\/globaltraining.com\/product\/personal-protective-training\/#primaryimage"},"image":{"@id":"https:\/\/globaltraining.com\/product\/personal-protective-training\/#primaryimage"},"thumbnailUrl":"https:\/\/globaltraining.com\/wp-content\/uploads\/2021\/09\/iStock-1214565315.jpg","datePublished":"2023-09-11T16:39:22+00:00","dateModified":"2024-11-27T22:58:57+00:00","description":"Daha g\u00fcvenli bir i\u015f yeri i\u00e7in Ki\u015fisel Koruyucu E\u011fitimde Ustala\u015f\u0131n. KKD e\u011fitimi ve sertifikasyonu hakk\u0131nda bilgi edinin. Bug\u00fcn kaydolun!","breadcrumb":{"@id":"https:\/\/globaltraining.com\/product\/personal-protective-training\/#breadcrumb"},"inLanguage":"tr-TR","potentialAction":[{"@type":"ReadAction","target":["https:\/\/globaltraining.com\/product\/personal-protective-training\/"]}]},{"@type":"ImageObject","inLanguage":"tr-TR","@id":"https:\/\/globaltraining.com\/product\/personal-protective-training\/#primaryimage","url":"https:\/\/globaltraining.com\/wp-content\/uploads\/2021\/09\/iStock-1214565315.jpg","contentUrl":"https:\/\/globaltraining.com\/wp-content\/uploads\/2021\/09\/iStock-1214565315.jpg","width":1200,"height":800,"caption":"Personal Protective Training (PPE)"},{"@type":"BreadcrumbList","@id":"https:\/\/globaltraining.com\/product\/personal-protective-training\/#breadcrumb","itemListElement":[{"@type":"ListItem","position":1,"name":"Home","item":"https:\/\/globaltraining.com\/"},{"@type":"ListItem","position":2,"name":"Productos","item":"https:\/\/globaltraining.com\/es\/shop\/"},{"@type":"ListItem","position":3,"name":"Personal Protective Training"}]},{"@type":"WebSite","@id":"https:\/\/globaltraining.com\/#website","url":"https:\/\/globaltraining.com\/","name":"K\u00fcresel G\u00fcvenlik ve \u00c7evre","description":"Tam Hizmet Sa\u011fl\u0131k, G\u00fcvenlik ve \u00c7evre Kurslar\u0131","publisher":{"@id":"https:\/\/globaltraining.com\/#organization"},"potentialAction":[{"@type":"SearchAction","target":{"@type":"EntryPoint","urlTemplate":"https:\/\/globaltraining.com\/?s={search_term_string}"},"query-input":{"@type":"PropertyValueSpecification","valueRequired":true,"valueName":"search_term_string"}}],"inLanguage":"tr-TR"},{"@type":"Organization","@id":"https:\/\/globaltraining.com\/#organization","name":"K\u00fcresel G\u00fcvenlik ve \u00c7evre","url":"https:\/\/globaltraining.com\/","logo":{"@type":"ImageObject","inLanguage":"tr-TR","@id":"https:\/\/globaltraining.com\/#\/schema\/logo\/image\/","url":"https:\/\/globaltraining.com\/wp-content\/uploads\/2021\/01\/GSE-Logo-for-email.png","contentUrl":"https:\/\/globaltraining.com\/wp-content\/uploads\/2021\/01\/GSE-Logo-for-email.png","width":400,"height":101,"caption":"Global Safety & Environmental"},"image":{"@id":"https:\/\/globaltraining.com\/#\/schema\/logo\/image\/"}}]}},"_links":{"self":[{"href":"https:\/\/globaltraining.com\/tr\/wp-json\/wp\/v2\/product\/28554","targetHints":{"allow":["GET"]}}],"collection":[{"href":"https:\/\/globaltraining.com\/tr\/wp-json\/wp\/v2\/product"}],"about":[{"href":"https:\/\/globaltraining.com\/tr\/wp-json\/wp\/v2\/types\/product"}],"wp:featuredmedia":[{"embeddable":true,"href":"https:\/\/globaltraining.com\/tr\/wp-json\/wp\/v2\/media\/27198"}],"wp:attachment":[{"href":"https:\/\/globaltraining.com\/tr\/wp-json\/wp\/v2\/media?parent=28554"}],"wp:term":[{"taxonomy":"product_brand","embeddable":true,"href":"https:\/\/globaltraining.com\/tr\/wp-json\/wp\/v2\/product_brand?post=28554"},{"taxonomy":"product_cat","embeddable":true,"href":"https:\/\/globaltraining.com\/tr\/wp-json\/wp\/v2\/product_cat?post=28554"},{"taxonomy":"product_tag","embeddable":true,"href":"https:\/\/globaltraining.com\/tr\/wp-json\/wp\/v2\/product_tag?post=28554"}],"curies":[{"name":"wp","href":"https:\/\/api.w.org\/{rel}","templated":true}]}}