{"id":28553,"date":"2023-09-11T11:34:28","date_gmt":"2023-09-11T16:34:28","guid":{"rendered":"https:\/\/globaltraining.com\/?post_type=product&#038;p=28553"},"modified":"2024-11-27T16:59:31","modified_gmt":"2024-11-27T22:59:31","slug":"osha-kayit-tutma","status":"publish","type":"product","link":"https:\/\/globaltraining.com\/tr\/product\/osha-recordkeeping\/","title":{"rendered":"OSHA Kay\u0131t Tutma"},"content":{"rendered":"<h2>Etkili OSHA Kay\u0131t Tutmada Uzmanla\u015fmak: Uyumlulu\u011fu Basitle\u015ftirmek<\/h2>\n<p>OSHA kay\u0131t tutma, i\u015fyeri g\u00fcvenli\u011finin ve d\u00fczenlemelere uygunlu\u011fun sa\u011flanmas\u0131nda \u00e7ok \u00f6nemli bir rol oynar. OSHA 300 g\u00fcnl\u00fc\u011f\u00fcn\u00fc ve OSHA Form 300A&#039;y\u0131 kapsayan kapsaml\u0131 bir kay\u0131t tutma anlay\u0131\u015f\u0131 kazanmak, hem i\u015fverenler hem de \u00e7al\u0131\u015fanlar i\u00e7in vazge\u00e7ilmezdir. Kay\u0131t tutmayla ilgili her \u015fey dahil kursumuz, size kesin kay\u0131tlar\u0131 tutmak i\u00e7in gerekli bilgi ve uzmanl\u0131\u011f\u0131 sa\u011flamak ve b\u00f6ylece OSHA d\u00fczenlemelerine s\u0131k\u0131 bir uyum sa\u011flamak \u00fczere tasarlanm\u0131\u015ft\u0131r.<\/p>\n<h2>OSHA 300 G\u00fcnl\u00fc\u011f\u00fcn\u00fcn Gizemini \u00c7\u00f6zmek<\/h2>\n<p>OSHA 300 g\u00fcnl\u00fc\u011f\u00fc, i\u015fyerindeki yaralanmalar\u0131 ve hastal\u0131klar\u0131 izlemek ve belgelemek i\u00e7in \u00e7ok \u00f6nemli bir belge olarak duruyor. \u0130\u015fyeri modellerinin ve iyile\u015ftirilmesi gereken alanlar\u0131n tan\u0131nmas\u0131na yard\u0131mc\u0131 olan tarihsel bir kay\u0131t g\u00f6revi g\u00f6r\u00fcr. Kursumuzda, titiz ve uyumlu kay\u0131t tutmay\u0131 garanti eden OSHA 300 g\u00fcnl\u00fc\u011f\u00fcn\u00fcn nas\u0131l verimli bir \u015fekilde kullan\u0131laca\u011f\u0131 ve y\u00f6netilece\u011fi konusunda derin bir anlay\u0131\u015f kazanacaks\u0131n\u0131z.<\/p>\n<h2>OSHA Form 300A ile Uyumluluk Raporlamas\u0131n\u0131 Basitle\u015ftirme<\/h2>\n<p>OSHA Form 300A&#039;n\u0131n y\u0131ll\u0131k olarak doldurulmas\u0131, OSHA 300 g\u00fcnl\u00fc\u011f\u00fcndeki i\u015fyeri yaralanma ve hastal\u0131k verilerini birle\u015ftiren zorunlu bir y\u00fck\u00fcml\u00fcl\u00fckt\u00fcr. Bu form i\u015fyerinde sergilenmeli ve OSHA&#039;ya g\u00f6nderilmelidir. Kursumuz, OSHA Form 300A&#039;n\u0131n do\u011fru ve zaman\u0131nda doldurulmas\u0131, uyumluluk raporlamas\u0131n\u0131n kolayla\u015ft\u0131r\u0131lmas\u0131 ve olas\u0131 cezalar\u0131n \u00f6nlenmesi konusunda ad\u0131m ad\u0131m rehberlik sa\u011flayacakt\u0131r.<\/p>\n<h2>Neden Kursumuzu Tercih Etmelisiniz?<\/h2>\n<p>Kursumuza kaydolmak \u00e7ok say\u0131da avantaj sa\u011flar. OSHA kay\u0131t tutma \u00f6nko\u015fullar\u0131 ve en iyi uygulamalar\u0131 hakk\u0131nda derinlemesine bilgi sahibi olacak, kesin ve uyumlu kay\u0131t tutma konusundaki ustal\u0131\u011f\u0131n\u0131z\u0131 garantileyeceksiniz. Sertifikam\u0131z yaln\u0131zca \u00f6zge\u00e7mi\u015finizi geli\u015ftirmekle kalmaz, ayn\u0131 zamanda i\u015f yeri g\u00fcvenli\u011fine ve d\u00fczenlemelere ba\u011fl\u0131l\u0131\u011fa olan sars\u0131lmaz ba\u011fl\u0131l\u0131\u011f\u0131n\u0131z\u0131 da ifade ederek herhangi bir kurulu\u015f i\u00e7in de\u011ferinizi y\u00fckseltir.<\/p>\n<h2>OSHA Kay\u0131t Tutma Komutas\u0131n\u0131 Bug\u00fcn Ele Al\u0131n!<\/h2>\n<p>OSHA kay\u0131t tutma i\u015fini \u015fansa b\u0131rakmay\u0131n. Kursumuza bug\u00fcn kaydolun ve i\u015f yerinizin uyumluluk ve g\u00fcvenlik \u00f6nlemlerinin kontrol\u00fcn\u00fc elinize al\u0131n. \u0130ster kay\u0131t tutmaktan sorumlu bir i\u015fverenin, ister s\u00fcreci kavramaya \u00e7al\u0131\u015fan bir \u00e7al\u0131\u015fan\u0131n rol\u00fcn\u00fc \u00fcstlenin, bu kurs size kay\u0131t tutma konusunda g\u00fcvenle ilerlemenizi sa\u011flar. Sertifikan\u0131z\u0131 gecikmeden g\u00fcvence alt\u0131na al\u0131n ve daha g\u00fcvenli ve daha uyumlu bir i\u015f yerine aktif olarak katk\u0131da bulunun.<\/p>","protected":false},"excerpt":{"rendered":"<p>Mastering Effective OSHA Recordkeeping: Simplifying Compliance OSHA recordkeeping plays a pivotal role in ensuring workplace safety and adherence to regulations. Gaining a comprehensive understanding of recordkeeping, which encompasses the OSHA 300 log and OSHA Form 300A, proves indispensable for both employers and employees. Our all-inclusive course on record keeping is designed to provide you with [&hellip;]<\/p>\n","protected":false},"featured_media":27169,"template":"","meta":{"_et_pb_use_builder":"","_et_pb_old_content":"","_et_gb_content_width":""},"product_brand":[],"product_cat":[119,150,152,157],"product_tag":[],"class_list":{"0":"post-28553","1":"product","2":"type-product","3":"status-publish","4":"has-post-thumbnail","6":"product_cat-audit-readiness","7":"product_cat-inspection","8":"product_cat-management-training","9":"product_cat-occupational-safety-admin","11":"first","12":"instock","13":"virtual","14":"sold-individually","15":"purchasable","16":"product-type-simple"},"yoast_head":"<!-- This site is optimized with the Yoast SEO plugin v27.3 - https:\/\/yoast.com\/product\/yoast-seo-wordpress\/ -->\n<title>OSHA Recordkeeping - Global Safety &amp; Environmental<\/title>\n<meta name=\"description\" content=\"Master OSHA recordkeeping with our comprehensive course. Learn about OSHA 300 log and Form 300A. Ensure workplace compliance. Enroll today!\" \/>\n<meta name=\"robots\" content=\"index, follow, max-snippet:-1, max-image-preview:large, max-video-preview:-1\" \/>\n<link rel=\"canonical\" href=\"https:\/\/globaltraining.com\/tr\/urun\/osha-kayit-tutma\/\" \/>\n<meta property=\"og:locale\" content=\"tr_TR\" \/>\n<meta property=\"og:type\" content=\"article\" \/>\n<meta property=\"og:title\" content=\"OSHA Recordkeeping - Global Safety &amp; Environmental\" \/>\n<meta property=\"og:description\" content=\"Master OSHA recordkeeping with our comprehensive course. Learn about OSHA 300 log and Form 300A. Ensure workplace compliance. Enroll today!\" \/>\n<meta property=\"og:url\" content=\"https:\/\/globaltraining.com\/tr\/urun\/osha-kayit-tutma\/\" \/>\n<meta property=\"og:site_name\" content=\"Global Safety &amp; Environmental\" \/>\n<meta property=\"article:modified_time\" content=\"2024-11-27T22:59:31+00:00\" \/>\n<meta property=\"og:image\" content=\"https:\/\/globaltraining.com\/wp-content\/uploads\/2021\/09\/folders-files-resources-shutterstock-e1621371915985.jpg\" \/>\n\t<meta property=\"og:image:width\" content=\"1200\" \/>\n\t<meta property=\"og:image:height\" content=\"801\" \/>\n\t<meta property=\"og:image:type\" content=\"image\/jpeg\" \/>\n<meta name=\"twitter:card\" content=\"summary_large_image\" \/>\n<meta name=\"twitter:label1\" content=\"Est. reading time\" \/>\n\t<meta name=\"twitter:data1\" content=\"2 minutes\" \/>\n<script type=\"application\/ld+json\" class=\"yoast-schema-graph\">{\"@context\":\"https:\\\/\\\/schema.org\",\"@graph\":[{\"@type\":\"WebPage\",\"@id\":\"https:\\\/\\\/globaltraining.com\\\/product\\\/osha-recordkeeping\\\/\",\"url\":\"https:\\\/\\\/globaltraining.com\\\/product\\\/osha-recordkeeping\\\/\",\"name\":\"OSHA Recordkeeping - Global Safety &amp; Environmental\",\"isPartOf\":{\"@id\":\"https:\\\/\\\/globaltraining.com\\\/#website\"},\"primaryImageOfPage\":{\"@id\":\"https:\\\/\\\/globaltraining.com\\\/product\\\/osha-recordkeeping\\\/#primaryimage\"},\"image\":{\"@id\":\"https:\\\/\\\/globaltraining.com\\\/product\\\/osha-recordkeeping\\\/#primaryimage\"},\"thumbnailUrl\":\"https:\\\/\\\/globaltraining.com\\\/wp-content\\\/uploads\\\/2021\\\/09\\\/folders-files-resources-shutterstock-e1621371915985.jpg\",\"datePublished\":\"2023-09-11T16:34:28+00:00\",\"dateModified\":\"2024-11-27T22:59:31+00:00\",\"description\":\"Master OSHA recordkeeping with our comprehensive course. Learn about OSHA 300 log and Form 300A. Ensure workplace compliance. Enroll today!\",\"breadcrumb\":{\"@id\":\"https:\\\/\\\/globaltraining.com\\\/product\\\/osha-recordkeeping\\\/#breadcrumb\"},\"inLanguage\":\"tr-TR\",\"potentialAction\":[{\"@type\":\"ReadAction\",\"target\":[\"https:\\\/\\\/globaltraining.com\\\/product\\\/osha-recordkeeping\\\/\"]}]},{\"@type\":\"ImageObject\",\"inLanguage\":\"tr-TR\",\"@id\":\"https:\\\/\\\/globaltraining.com\\\/product\\\/osha-recordkeeping\\\/#primaryimage\",\"url\":\"https:\\\/\\\/globaltraining.com\\\/wp-content\\\/uploads\\\/2021\\\/09\\\/folders-files-resources-shutterstock-e1621371915985.jpg\",\"contentUrl\":\"https:\\\/\\\/globaltraining.com\\\/wp-content\\\/uploads\\\/2021\\\/09\\\/folders-files-resources-shutterstock-e1621371915985.jpg\",\"width\":1200,\"height\":801,\"caption\":\"OSHA Recordkeeping\"},{\"@type\":\"BreadcrumbList\",\"@id\":\"https:\\\/\\\/globaltraining.com\\\/product\\\/osha-recordkeeping\\\/#breadcrumb\",\"itemListElement\":[{\"@type\":\"ListItem\",\"position\":1,\"name\":\"Home\",\"item\":\"https:\\\/\\\/globaltraining.com\\\/\"},{\"@type\":\"ListItem\",\"position\":2,\"name\":\"Productos\",\"item\":\"https:\\\/\\\/globaltraining.com\\\/es\\\/shop\\\/\"},{\"@type\":\"ListItem\",\"position\":3,\"name\":\"OSHA Recordkeeping\"}]},{\"@type\":\"WebSite\",\"@id\":\"https:\\\/\\\/globaltraining.com\\\/#website\",\"url\":\"https:\\\/\\\/globaltraining.com\\\/\",\"name\":\"Global Safety & Environmental\",\"description\":\"Full Service Health, Safety, and Environmental Courses\",\"publisher\":{\"@id\":\"https:\\\/\\\/globaltraining.com\\\/#organization\"},\"potentialAction\":[{\"@type\":\"SearchAction\",\"target\":{\"@type\":\"EntryPoint\",\"urlTemplate\":\"https:\\\/\\\/globaltraining.com\\\/?s={search_term_string}\"},\"query-input\":{\"@type\":\"PropertyValueSpecification\",\"valueRequired\":true,\"valueName\":\"search_term_string\"}}],\"inLanguage\":\"tr-TR\"},{\"@type\":\"Organization\",\"@id\":\"https:\\\/\\\/globaltraining.com\\\/#organization\",\"name\":\"Global Safety & Environmental\",\"url\":\"https:\\\/\\\/globaltraining.com\\\/\",\"logo\":{\"@type\":\"ImageObject\",\"inLanguage\":\"tr-TR\",\"@id\":\"https:\\\/\\\/globaltraining.com\\\/#\\\/schema\\\/logo\\\/image\\\/\",\"url\":\"https:\\\/\\\/globaltraining.com\\\/wp-content\\\/uploads\\\/2021\\\/01\\\/GSE-Logo-for-email.png\",\"contentUrl\":\"https:\\\/\\\/globaltraining.com\\\/wp-content\\\/uploads\\\/2021\\\/01\\\/GSE-Logo-for-email.png\",\"width\":400,\"height\":101,\"caption\":\"Global Safety & Environmental\"},\"image\":{\"@id\":\"https:\\\/\\\/globaltraining.com\\\/#\\\/schema\\\/logo\\\/image\\\/\"}}]}<\/script>\n<!-- \/ Yoast SEO plugin. -->","yoast_head_json":{"title":"OSHA Kay\u0131t Tutma - K\u00fcresel G\u00fcvenlik ve \u00c7evre","description":"Kapsaml\u0131 kursumuzla OSHA kay\u0131t tutma konusunda uzmanla\u015f\u0131n. OSHA 300 g\u00fcnl\u00fc\u011f\u00fc ve Form 300A hakk\u0131nda bilgi edinin. \u0130\u015fyeri uyumlulu\u011funu sa\u011flay\u0131n. Bug\u00fcn kaydolun!","robots":{"index":"index","follow":"follow","max-snippet":"max-snippet:-1","max-image-preview":"max-image-preview:large","max-video-preview":"max-video-preview:-1"},"canonical":"https:\/\/globaltraining.com\/tr\/urun\/osha-kayit-tutma\/","og_locale":"tr_TR","og_type":"article","og_title":"OSHA Recordkeeping - Global Safety &amp; Environmental","og_description":"Master OSHA recordkeeping with our comprehensive course. Learn about OSHA 300 log and Form 300A. Ensure workplace compliance. Enroll today!","og_url":"https:\/\/globaltraining.com\/tr\/urun\/osha-kayit-tutma\/","og_site_name":"Global Safety &amp; Environmental","article_modified_time":"2024-11-27T22:59:31+00:00","og_image":[{"width":1200,"height":801,"url":"https:\/\/globaltraining.com\/wp-content\/uploads\/2021\/09\/folders-files-resources-shutterstock-e1621371915985.jpg","type":"image\/jpeg"}],"twitter_card":"summary_large_image","twitter_misc":{"Est. reading time":"2 minutes"},"schema":{"@context":"https:\/\/schema.org","@graph":[{"@type":"WebPage","@id":"https:\/\/globaltraining.com\/product\/osha-recordkeeping\/","url":"https:\/\/globaltraining.com\/product\/osha-recordkeeping\/","name":"OSHA Kay\u0131t Tutma - K\u00fcresel G\u00fcvenlik ve \u00c7evre","isPartOf":{"@id":"https:\/\/globaltraining.com\/#website"},"primaryImageOfPage":{"@id":"https:\/\/globaltraining.com\/product\/osha-recordkeeping\/#primaryimage"},"image":{"@id":"https:\/\/globaltraining.com\/product\/osha-recordkeeping\/#primaryimage"},"thumbnailUrl":"https:\/\/globaltraining.com\/wp-content\/uploads\/2021\/09\/folders-files-resources-shutterstock-e1621371915985.jpg","datePublished":"2023-09-11T16:34:28+00:00","dateModified":"2024-11-27T22:59:31+00:00","description":"Kapsaml\u0131 kursumuzla OSHA kay\u0131t tutma konusunda uzmanla\u015f\u0131n. OSHA 300 g\u00fcnl\u00fc\u011f\u00fc ve Form 300A hakk\u0131nda bilgi edinin. \u0130\u015fyeri uyumlulu\u011funu sa\u011flay\u0131n. Bug\u00fcn kaydolun!","breadcrumb":{"@id":"https:\/\/globaltraining.com\/product\/osha-recordkeeping\/#breadcrumb"},"inLanguage":"tr-TR","potentialAction":[{"@type":"ReadAction","target":["https:\/\/globaltraining.com\/product\/osha-recordkeeping\/"]}]},{"@type":"ImageObject","inLanguage":"tr-TR","@id":"https:\/\/globaltraining.com\/product\/osha-recordkeeping\/#primaryimage","url":"https:\/\/globaltraining.com\/wp-content\/uploads\/2021\/09\/folders-files-resources-shutterstock-e1621371915985.jpg","contentUrl":"https:\/\/globaltraining.com\/wp-content\/uploads\/2021\/09\/folders-files-resources-shutterstock-e1621371915985.jpg","width":1200,"height":801,"caption":"OSHA Recordkeeping"},{"@type":"BreadcrumbList","@id":"https:\/\/globaltraining.com\/product\/osha-recordkeeping\/#breadcrumb","itemListElement":[{"@type":"ListItem","position":1,"name":"Home","item":"https:\/\/globaltraining.com\/"},{"@type":"ListItem","position":2,"name":"Productos","item":"https:\/\/globaltraining.com\/es\/shop\/"},{"@type":"ListItem","position":3,"name":"OSHA Recordkeeping"}]},{"@type":"WebSite","@id":"https:\/\/globaltraining.com\/#website","url":"https:\/\/globaltraining.com\/","name":"K\u00fcresel G\u00fcvenlik ve \u00c7evre","description":"Tam Hizmet Sa\u011fl\u0131k, G\u00fcvenlik ve \u00c7evre Kurslar\u0131","publisher":{"@id":"https:\/\/globaltraining.com\/#organization"},"potentialAction":[{"@type":"SearchAction","target":{"@type":"EntryPoint","urlTemplate":"https:\/\/globaltraining.com\/?s={search_term_string}"},"query-input":{"@type":"PropertyValueSpecification","valueRequired":true,"valueName":"search_term_string"}}],"inLanguage":"tr-TR"},{"@type":"Organization","@id":"https:\/\/globaltraining.com\/#organization","name":"K\u00fcresel G\u00fcvenlik ve \u00c7evre","url":"https:\/\/globaltraining.com\/","logo":{"@type":"ImageObject","inLanguage":"tr-TR","@id":"https:\/\/globaltraining.com\/#\/schema\/logo\/image\/","url":"https:\/\/globaltraining.com\/wp-content\/uploads\/2021\/01\/GSE-Logo-for-email.png","contentUrl":"https:\/\/globaltraining.com\/wp-content\/uploads\/2021\/01\/GSE-Logo-for-email.png","width":400,"height":101,"caption":"Global Safety & Environmental"},"image":{"@id":"https:\/\/globaltraining.com\/#\/schema\/logo\/image\/"}}]}},"_links":{"self":[{"href":"https:\/\/globaltraining.com\/tr\/wp-json\/wp\/v2\/product\/28553","targetHints":{"allow":["GET"]}}],"collection":[{"href":"https:\/\/globaltraining.com\/tr\/wp-json\/wp\/v2\/product"}],"about":[{"href":"https:\/\/globaltraining.com\/tr\/wp-json\/wp\/v2\/types\/product"}],"wp:featuredmedia":[{"embeddable":true,"href":"https:\/\/globaltraining.com\/tr\/wp-json\/wp\/v2\/media\/27169"}],"wp:attachment":[{"href":"https:\/\/globaltraining.com\/tr\/wp-json\/wp\/v2\/media?parent=28553"}],"wp:term":[{"taxonomy":"product_brand","embeddable":true,"href":"https:\/\/globaltraining.com\/tr\/wp-json\/wp\/v2\/product_brand?post=28553"},{"taxonomy":"product_cat","embeddable":true,"href":"https:\/\/globaltraining.com\/tr\/wp-json\/wp\/v2\/product_cat?post=28553"},{"taxonomy":"product_tag","embeddable":true,"href":"https:\/\/globaltraining.com\/tr\/wp-json\/wp\/v2\/product_tag?post=28553"}],"curies":[{"name":"wp","href":"https:\/\/api.w.org\/{rel}","templated":true}]}}