{"id":28552,"date":"2023-09-11T11:29:45","date_gmt":"2023-09-11T16:29:45","guid":{"rendered":"https:\/\/globaltraining.com\/?post_type=product&#038;p=28552"},"modified":"2024-11-27T17:00:04","modified_gmt":"2024-11-27T23:00:04","slug":"osha-denetimleri","status":"publish","type":"product","link":"https:\/\/globaltraining.com\/tr\/product\/osha-inspections\/","title":{"rendered":"OSHA Denetimleri"},"content":{"rendered":"<h2>OSHA Denetimlerinde Uzmanla\u015fmak: \u0130\u015fyerine Uygunlu\u011fun Sa\u011flanmas\u0131<\/h2>\n<p>Denetimler, g\u00fcvenli ve uyumlu bir i\u015fyeri sa\u011flaman\u0131n kritik bir par\u00e7as\u0131d\u0131r. Denetimlerin inceliklerini anlamak hem i\u015fverenler hem de \u00e7al\u0131\u015fanlar i\u00e7in \u00e7ok \u00f6nemlidir. OSHA denetimleriyle ilgili kapsaml\u0131 kursumuz, sizi denetimleri etkili bir \u015fekilde y\u00fcr\u00fctmek i\u00e7in gereken bilgi ve becerilerle donatarak g\u00fcvenli ve uyumlu bir \u00e7al\u0131\u015fma ortam\u0131 sa\u011flayacakt\u0131r.<\/p>\n<h2>Muayene S\u0131ras\u0131nda Ne Olur?<\/h2>\n<p>Denetim s\u0131ras\u0131nda e\u011fitimli bir OSHA uyum g\u00f6revlisi, i\u015fyerinizin OSHA standartlar\u0131na uygunlu\u011funu de\u011ferlendirmek \u00fczere i\u015f yerinizi ziyaret eder. Bu de\u011ferlendirme, g\u00fcvenlik protokollerinin, kay\u0131t tutman\u0131n ve i\u015fyeri ko\u015fullar\u0131n\u0131n kapsaml\u0131 bir incelemesini i\u00e7erir. Kursumuz size bir denetim s\u0131ras\u0131nda neler bekleyece\u011finiz, nas\u0131l haz\u0131rlanaca\u011f\u0131n\u0131z ve denetim s\u00fcrecini profesyonelce nas\u0131l y\u00fcr\u00fctece\u011finiz konusunda fikir verecektir.<\/p>\n<h2>OSHA Denetim T\u00fcrleri Ayd\u0131nlat\u0131ld\u0131<\/h2>\n<p>Denetimler, her birinin kendi odak noktas\u0131 ve tetikleyicileri olan farkl\u0131 t\u00fcrlerde gelir. \u0130\u015f yerinizin ge\u00e7irebilece\u011fi denetimin t\u00fcr\u00fcn\u00fc anlamak \u00e7ok \u00f6nemlidir. Kursumuz, programl\u0131 denetimler, \u015fikayete dayal\u0131 denetimler ve takip denetimleri dahil olmak \u00fczere \u00e7e\u015fitli t\u00fcrlerin gizemini ayd\u0131nlatacakt\u0131r. Her senaryoya nas\u0131l haz\u0131rlanaca\u011f\u0131n\u0131z\u0131 ve uyumlulu\u011fu nas\u0131l sa\u011flayaca\u011f\u0131n\u0131z\u0131 \u00f6\u011freneceksiniz.<\/p>\n<h2>Neden Denetim Kursumuzu Se\u00e7melisiniz?<\/h2>\n<p>OSHA denetim kursumuza kaydolmak \u00e7ok say\u0131da avantaj sunar. Uyumlulu\u011fu kolayla\u015ft\u0131racak \u015fekilde OSHA d\u00fczenlemeleri ve denetim s\u00fcre\u00e7leri hakk\u0131nda derinlemesine bilgi sahibi olacaks\u0131n\u0131z. \u00dcstelik g\u00fcvenli ve uyumlu bir i\u015f yerini s\u00fcrd\u00fcrmek i\u00e7in gereken becerileri edineceksiniz. Sertifikam\u0131z yaln\u0131zca \u00f6zge\u00e7mi\u015finize de\u011fer katmakla kalmaz, ayn\u0131 zamanda i\u015fyeri g\u00fcvenli\u011fine olan ba\u011fl\u0131l\u0131\u011f\u0131n\u0131z\u0131 da g\u00f6sterir.<\/p>\n<h2>Bug\u00fcn Kontrol\u00fc Elinize Al\u0131n!<\/h2>\n<p>\u0130\u015f yerinizin uyumlulu\u011funu \u015fansa b\u0131rakmay\u0131n. \u015eimdi OSHA denetimleri kursumuza kaydolun ve i\u015f yerinizin g\u00fcvenli\u011fini ve uyumlulu\u011funu kontrol alt\u0131na al\u0131n. \u0130ster i\u015fveren ister \u00e7al\u0131\u015fan olun, bu kurs OSHA denetimlerinde g\u00fcvenle ilerlemenizi sa\u011flayacak. Denetim sertifikan\u0131z\u0131 bug\u00fcn al\u0131n ve herkes i\u00e7in daha g\u00fcvenli ve daha uyumlu bir i\u015f yeri sa\u011flay\u0131n.<\/p>","protected":false},"excerpt":{"rendered":"<p>Kapsaml\u0131 kursumuz arac\u0131l\u0131\u011f\u0131yla OSHA denetimlerinde uzmanl\u0131k kazan\u0131n. Denetim s\u00fcrecini, t\u00fcrlerini ve uyumluluk gerekliliklerini anlay\u0131n. Sertifika al\u0131n ve i\u015fyeri g\u00fcvenli\u011fi ve uyumlulu\u011funun kontrol\u00fcn\u00fc elinize al\u0131n. Daha g\u00fcvenli ve uyumlu bir i\u015f yeri i\u00e7in hemen kaydolun!<\/p>","protected":false},"featured_media":27156,"template":"","meta":{"_et_pb_use_builder":"","_et_pb_old_content":"","_et_gb_content_width":""},"product_brand":[],"product_cat":[119,150,152,157,159],"product_tag":[],"class_list":{"0":"post-28552","1":"product","2":"type-product","3":"status-publish","4":"has-post-thumbnail","6":"product_cat-audit-readiness","7":"product_cat-inspection","8":"product_cat-management-training","9":"product_cat-occupational-safety-admin","10":"product_cat-osha","12":"first","13":"instock","14":"virtual","15":"sold-individually","16":"purchasable","17":"product-type-simple"},"yoast_head":"<!-- This site is optimized with the Yoast SEO plugin v27.3 - https:\/\/yoast.com\/product\/yoast-seo-wordpress\/ -->\n<title>OSHA Inspections - Global Safety &amp; Environmental<\/title>\n<meta name=\"description\" content=\"Master OSHA inspections with our comprehensive course. Learn about different types of inspections and ensure workplace compliance. Enroll today!\" \/>\n<meta name=\"robots\" content=\"index, follow, max-snippet:-1, max-image-preview:large, max-video-preview:-1\" \/>\n<link rel=\"canonical\" href=\"https:\/\/globaltraining.com\/tr\/urun\/osha-denetimleri\/\" \/>\n<meta property=\"og:locale\" content=\"tr_TR\" \/>\n<meta property=\"og:type\" content=\"article\" \/>\n<meta property=\"og:title\" content=\"OSHA Inspections - Global Safety &amp; Environmental\" \/>\n<meta property=\"og:description\" content=\"Master OSHA inspections with our comprehensive course. Learn about different types of inspections and ensure workplace compliance. Enroll today!\" \/>\n<meta property=\"og:url\" content=\"https:\/\/globaltraining.com\/tr\/urun\/osha-denetimleri\/\" \/>\n<meta property=\"og:site_name\" content=\"Global Safety &amp; Environmental\" \/>\n<meta property=\"article:modified_time\" content=\"2024-11-27T23:00:04+00:00\" \/>\n<meta property=\"og:image\" content=\"https:\/\/globaltraining.com\/wp-content\/uploads\/2021\/09\/inspection.jpg\" \/>\n\t<meta property=\"og:image:width\" content=\"1200\" \/>\n\t<meta property=\"og:image:height\" content=\"800\" \/>\n\t<meta property=\"og:image:type\" content=\"image\/jpeg\" \/>\n<meta name=\"twitter:card\" content=\"summary_large_image\" \/>\n<meta name=\"twitter:label1\" content=\"Est. reading time\" \/>\n\t<meta name=\"twitter:data1\" content=\"2 minutes\" \/>\n<script type=\"application\/ld+json\" class=\"yoast-schema-graph\">{\"@context\":\"https:\\\/\\\/schema.org\",\"@graph\":[{\"@type\":\"WebPage\",\"@id\":\"https:\\\/\\\/globaltraining.com\\\/product\\\/osha-inspections\\\/\",\"url\":\"https:\\\/\\\/globaltraining.com\\\/product\\\/osha-inspections\\\/\",\"name\":\"OSHA Inspections - Global Safety &amp; Environmental\",\"isPartOf\":{\"@id\":\"https:\\\/\\\/globaltraining.com\\\/#website\"},\"primaryImageOfPage\":{\"@id\":\"https:\\\/\\\/globaltraining.com\\\/product\\\/osha-inspections\\\/#primaryimage\"},\"image\":{\"@id\":\"https:\\\/\\\/globaltraining.com\\\/product\\\/osha-inspections\\\/#primaryimage\"},\"thumbnailUrl\":\"https:\\\/\\\/globaltraining.com\\\/wp-content\\\/uploads\\\/2021\\\/09\\\/inspection.jpg\",\"datePublished\":\"2023-09-11T16:29:45+00:00\",\"dateModified\":\"2024-11-27T23:00:04+00:00\",\"description\":\"Master OSHA inspections with our comprehensive course. Learn about different types of inspections and ensure workplace compliance. Enroll today!\",\"breadcrumb\":{\"@id\":\"https:\\\/\\\/globaltraining.com\\\/product\\\/osha-inspections\\\/#breadcrumb\"},\"inLanguage\":\"tr-TR\",\"potentialAction\":[{\"@type\":\"ReadAction\",\"target\":[\"https:\\\/\\\/globaltraining.com\\\/product\\\/osha-inspections\\\/\"]}]},{\"@type\":\"ImageObject\",\"inLanguage\":\"tr-TR\",\"@id\":\"https:\\\/\\\/globaltraining.com\\\/product\\\/osha-inspections\\\/#primaryimage\",\"url\":\"https:\\\/\\\/globaltraining.com\\\/wp-content\\\/uploads\\\/2021\\\/09\\\/inspection.jpg\",\"contentUrl\":\"https:\\\/\\\/globaltraining.com\\\/wp-content\\\/uploads\\\/2021\\\/09\\\/inspection.jpg\",\"width\":1200,\"height\":800,\"caption\":\"OSHA Inspections\"},{\"@type\":\"BreadcrumbList\",\"@id\":\"https:\\\/\\\/globaltraining.com\\\/product\\\/osha-inspections\\\/#breadcrumb\",\"itemListElement\":[{\"@type\":\"ListItem\",\"position\":1,\"name\":\"Home\",\"item\":\"https:\\\/\\\/globaltraining.com\\\/\"},{\"@type\":\"ListItem\",\"position\":2,\"name\":\"Productos\",\"item\":\"https:\\\/\\\/globaltraining.com\\\/es\\\/shop\\\/\"},{\"@type\":\"ListItem\",\"position\":3,\"name\":\"OSHA Inspections\"}]},{\"@type\":\"WebSite\",\"@id\":\"https:\\\/\\\/globaltraining.com\\\/#website\",\"url\":\"https:\\\/\\\/globaltraining.com\\\/\",\"name\":\"Global Safety & Environmental\",\"description\":\"Full Service Health, Safety, and Environmental Courses\",\"publisher\":{\"@id\":\"https:\\\/\\\/globaltraining.com\\\/#organization\"},\"potentialAction\":[{\"@type\":\"SearchAction\",\"target\":{\"@type\":\"EntryPoint\",\"urlTemplate\":\"https:\\\/\\\/globaltraining.com\\\/?s={search_term_string}\"},\"query-input\":{\"@type\":\"PropertyValueSpecification\",\"valueRequired\":true,\"valueName\":\"search_term_string\"}}],\"inLanguage\":\"tr-TR\"},{\"@type\":\"Organization\",\"@id\":\"https:\\\/\\\/globaltraining.com\\\/#organization\",\"name\":\"Global Safety & Environmental\",\"url\":\"https:\\\/\\\/globaltraining.com\\\/\",\"logo\":{\"@type\":\"ImageObject\",\"inLanguage\":\"tr-TR\",\"@id\":\"https:\\\/\\\/globaltraining.com\\\/#\\\/schema\\\/logo\\\/image\\\/\",\"url\":\"https:\\\/\\\/globaltraining.com\\\/wp-content\\\/uploads\\\/2021\\\/01\\\/GSE-Logo-for-email.png\",\"contentUrl\":\"https:\\\/\\\/globaltraining.com\\\/wp-content\\\/uploads\\\/2021\\\/01\\\/GSE-Logo-for-email.png\",\"width\":400,\"height\":101,\"caption\":\"Global Safety & Environmental\"},\"image\":{\"@id\":\"https:\\\/\\\/globaltraining.com\\\/#\\\/schema\\\/logo\\\/image\\\/\"}}]}<\/script>\n<!-- \/ Yoast SEO plugin. -->","yoast_head_json":{"title":"OSHA Denetimleri - K\u00fcresel G\u00fcvenlik ve \u00c7evre","description":"Kapsaml\u0131 kursumuzla OSHA denetimlerinde ustala\u015f\u0131n. Farkl\u0131 denetim t\u00fcrleri hakk\u0131nda bilgi edinin ve i\u015fyeri uyumlulu\u011funu sa\u011flay\u0131n. Bug\u00fcn kaydolun!","robots":{"index":"index","follow":"follow","max-snippet":"max-snippet:-1","max-image-preview":"max-image-preview:large","max-video-preview":"max-video-preview:-1"},"canonical":"https:\/\/globaltraining.com\/tr\/urun\/osha-denetimleri\/","og_locale":"tr_TR","og_type":"article","og_title":"OSHA Inspections - Global Safety &amp; Environmental","og_description":"Master OSHA inspections with our comprehensive course. Learn about different types of inspections and ensure workplace compliance. Enroll today!","og_url":"https:\/\/globaltraining.com\/tr\/urun\/osha-denetimleri\/","og_site_name":"Global Safety &amp; Environmental","article_modified_time":"2024-11-27T23:00:04+00:00","og_image":[{"width":1200,"height":800,"url":"https:\/\/globaltraining.com\/wp-content\/uploads\/2021\/09\/inspection.jpg","type":"image\/jpeg"}],"twitter_card":"summary_large_image","twitter_misc":{"Est. reading time":"2 minutes"},"schema":{"@context":"https:\/\/schema.org","@graph":[{"@type":"WebPage","@id":"https:\/\/globaltraining.com\/product\/osha-inspections\/","url":"https:\/\/globaltraining.com\/product\/osha-inspections\/","name":"OSHA Denetimleri - K\u00fcresel G\u00fcvenlik ve \u00c7evre","isPartOf":{"@id":"https:\/\/globaltraining.com\/#website"},"primaryImageOfPage":{"@id":"https:\/\/globaltraining.com\/product\/osha-inspections\/#primaryimage"},"image":{"@id":"https:\/\/globaltraining.com\/product\/osha-inspections\/#primaryimage"},"thumbnailUrl":"https:\/\/globaltraining.com\/wp-content\/uploads\/2021\/09\/inspection.jpg","datePublished":"2023-09-11T16:29:45+00:00","dateModified":"2024-11-27T23:00:04+00:00","description":"Kapsaml\u0131 kursumuzla OSHA denetimlerinde ustala\u015f\u0131n. Farkl\u0131 denetim t\u00fcrleri hakk\u0131nda bilgi edinin ve i\u015fyeri uyumlulu\u011funu sa\u011flay\u0131n. Bug\u00fcn kaydolun!","breadcrumb":{"@id":"https:\/\/globaltraining.com\/product\/osha-inspections\/#breadcrumb"},"inLanguage":"tr-TR","potentialAction":[{"@type":"ReadAction","target":["https:\/\/globaltraining.com\/product\/osha-inspections\/"]}]},{"@type":"ImageObject","inLanguage":"tr-TR","@id":"https:\/\/globaltraining.com\/product\/osha-inspections\/#primaryimage","url":"https:\/\/globaltraining.com\/wp-content\/uploads\/2021\/09\/inspection.jpg","contentUrl":"https:\/\/globaltraining.com\/wp-content\/uploads\/2021\/09\/inspection.jpg","width":1200,"height":800,"caption":"OSHA Inspections"},{"@type":"BreadcrumbList","@id":"https:\/\/globaltraining.com\/product\/osha-inspections\/#breadcrumb","itemListElement":[{"@type":"ListItem","position":1,"name":"Home","item":"https:\/\/globaltraining.com\/"},{"@type":"ListItem","position":2,"name":"Productos","item":"https:\/\/globaltraining.com\/es\/shop\/"},{"@type":"ListItem","position":3,"name":"OSHA Inspections"}]},{"@type":"WebSite","@id":"https:\/\/globaltraining.com\/#website","url":"https:\/\/globaltraining.com\/","name":"K\u00fcresel G\u00fcvenlik ve \u00c7evre","description":"Tam Hizmet Sa\u011fl\u0131k, G\u00fcvenlik ve \u00c7evre Kurslar\u0131","publisher":{"@id":"https:\/\/globaltraining.com\/#organization"},"potentialAction":[{"@type":"SearchAction","target":{"@type":"EntryPoint","urlTemplate":"https:\/\/globaltraining.com\/?s={search_term_string}"},"query-input":{"@type":"PropertyValueSpecification","valueRequired":true,"valueName":"search_term_string"}}],"inLanguage":"tr-TR"},{"@type":"Organization","@id":"https:\/\/globaltraining.com\/#organization","name":"K\u00fcresel G\u00fcvenlik ve \u00c7evre","url":"https:\/\/globaltraining.com\/","logo":{"@type":"ImageObject","inLanguage":"tr-TR","@id":"https:\/\/globaltraining.com\/#\/schema\/logo\/image\/","url":"https:\/\/globaltraining.com\/wp-content\/uploads\/2021\/01\/GSE-Logo-for-email.png","contentUrl":"https:\/\/globaltraining.com\/wp-content\/uploads\/2021\/01\/GSE-Logo-for-email.png","width":400,"height":101,"caption":"Global Safety & Environmental"},"image":{"@id":"https:\/\/globaltraining.com\/#\/schema\/logo\/image\/"}}]}},"_links":{"self":[{"href":"https:\/\/globaltraining.com\/tr\/wp-json\/wp\/v2\/product\/28552","targetHints":{"allow":["GET"]}}],"collection":[{"href":"https:\/\/globaltraining.com\/tr\/wp-json\/wp\/v2\/product"}],"about":[{"href":"https:\/\/globaltraining.com\/tr\/wp-json\/wp\/v2\/types\/product"}],"wp:featuredmedia":[{"embeddable":true,"href":"https:\/\/globaltraining.com\/tr\/wp-json\/wp\/v2\/media\/27156"}],"wp:attachment":[{"href":"https:\/\/globaltraining.com\/tr\/wp-json\/wp\/v2\/media?parent=28552"}],"wp:term":[{"taxonomy":"product_brand","embeddable":true,"href":"https:\/\/globaltraining.com\/tr\/wp-json\/wp\/v2\/product_brand?post=28552"},{"taxonomy":"product_cat","embeddable":true,"href":"https:\/\/globaltraining.com\/tr\/wp-json\/wp\/v2\/product_cat?post=28552"},{"taxonomy":"product_tag","embeddable":true,"href":"https:\/\/globaltraining.com\/tr\/wp-json\/wp\/v2\/product_tag?post=28552"}],"curies":[{"name":"wp","href":"https:\/\/api.w.org\/{rel}","templated":true}]}}