{"id":28551,"date":"2023-09-11T11:13:57","date_gmt":"2023-09-11T16:13:57","guid":{"rendered":"https:\/\/globaltraining.com\/?post_type=product&#038;p=28551"},"modified":"2024-12-03T09:31:24","modified_gmt":"2024-12-03T15:31:24","slug":"osha-ergonomisi","status":"publish","type":"product","link":"https:\/\/globaltraining.com\/tr\/product\/osha-ergonomics\/","title":{"rendered":"OSHA Ergonomi"},"content":{"rendered":"<h2>OSHA Ergonomisini Anlamak: \u0130\u015fyeri G\u00fcvenli\u011fini Sa\u011flamak<\/h2>\n<p>OSHA Ergonomisi, i\u015fyeri g\u00fcvenli\u011finin g\u00f6z ard\u0131 edilemeyecek kritik bir y\u00f6n\u00fcd\u00fcr. Hem i\u015fverenler hem de \u00e7al\u0131\u015fanlar daha sa\u011fl\u0131kl\u0131, daha konforlu bir \u00e7al\u0131\u015fma ortam\u0131 yaratmaya \u00e7al\u0131\u015f\u0131rken, OSHA Ergonomi d\u00fcnyas\u0131na dalmak \u00e7ok \u00f6nemlidir. Bu kapsaml\u0131 kurs, sizi Ergonomi standard\u0131n\u0131 etkili bir \u015fekilde y\u00f6nlendirmek i\u00e7in gereken bilgi ve becerilerle donatmak i\u00e7in tasarlanm\u0131\u015ft\u0131r.<\/p>\n<h2>Ergonomi Standard\u0131n\u0131n Gizemi Ortaya \u00c7\u0131kt\u0131<\/h2>\n<p>Ergonomi standard\u0131, zay\u0131f ergonomiden kaynaklanan i\u015fyeri yaralanmalar\u0131n\u0131 ve kas-iskelet sistemi bozukluklar\u0131n\u0131 \u00f6nlemeyi ama\u00e7layan bir dizi k\u0131lavuz ve d\u00fczenlemedir. Bu standard\u0131 anlamak hem uyumluluk hem de \u00e7al\u0131\u015fanlar\u0131n refah\u0131 a\u00e7\u0131s\u0131ndan \u00e7ok \u00f6nemlidir. Kursumuz Ergonomi standard\u0131n\u0131 ayr\u0131nt\u0131l\u0131 bir \u015fekilde inceleyerek bu standard\u0131n temel ilkelerini ve i\u015fyerindeki uygulamalar\u0131n\u0131 kavraman\u0131z\u0131 sa\u011flayacakt\u0131r.<\/p>\n<h2>Daha G\u00fcvenli Bir \u0130\u015fyeri \u0130\u00e7in Ergonomi E\u011fitimi<\/h2>\n<p>Ergonomi e\u011fitimi daha g\u00fcvenli ve daha verimli bir i\u015f yerinin temelini olu\u015fturur. Bu kursta \u00e7ok \u00e7e\u015fitli konular\u0131 kapsayan kapsaml\u0131 ergonomi e\u011fitimi alacaks\u0131n\u0131z. Ergonomik i\u015f istasyonu tasar\u0131m\u0131ndan g\u00fcvenli kald\u0131rma tekniklerine kadar, yaralanma riskini azaltmak ve daha ergonomik bir \u00e7al\u0131\u015fma alan\u0131 yaratmak i\u00e7in size pratik bilgiler ve stratejiler sunaca\u011f\u0131z.<\/p>\n<h2>OSHA Ergonomi Kursumuzun Temel Faydalar\u0131<\/h2>\n<p>Ergonomi kursumuza kaydolmak \u00e7ok say\u0131da avantaj sunar. Uyumlulu\u011fu her zamankinden daha kolay hale getiren OSHA Ergonomi standard\u0131n\u0131 derinlemesine anlayacaks\u0131n\u0131z. \u00dcstelik ergonomik tehlikeleri belirleme ve etkili \u00e7\u00f6z\u00fcmler uygulama becerileriyle donat\u0131lm\u0131\u015f olacaks\u0131n\u0131z. Sertifikam\u0131z yaln\u0131zca \u00f6zge\u00e7mi\u015finizi geli\u015ftirmekle kalmayacak, ayn\u0131 zamanda herkes i\u00e7in daha g\u00fcvenli ve sa\u011fl\u0131kl\u0131 bir i\u015f ortam\u0131na da katk\u0131da bulunacakt\u0131r.<\/p>\n<h2>Daha G\u00fcvenli Bir Yar\u0131n i\u00e7in \u015eimdi Harekete Ge\u00e7in<\/h2>\n<p>Ergonomik sorunlar\u0131n yaralanmalara ve \u00fcretkenlik kay\u0131plar\u0131na yol a\u00e7mas\u0131n\u0131 beklemeyin. Bug\u00fcn OSHA Ergonomi kursumuza kaydolun ve daha g\u00fcvenli ve daha verimli bir i\u015fyerine do\u011fru yolculu\u011fa \u00e7\u0131k\u0131n. Ergonomiye olan ba\u011fl\u0131l\u0131\u011f\u0131n\u0131z yaln\u0131zca kurulu\u015funuza fayda sa\u011flamakla kalmayacak, ayn\u0131 zamanda meslekta\u015flar\u0131n\u0131z\u0131n hayatlar\u0131nda da \u00f6nemli bir fark yaratacakt\u0131r. OSHA Ergonomi sertifikan\u0131z\u0131 \u015fimdi al\u0131n ve daha g\u00fcvenli bir yar\u0131na giden yolu a\u00e7\u0131n.<\/p>","protected":false},"excerpt":{"rendered":"<p>Kapsaml\u0131 kursumuzla OSHA Ergonomi alan\u0131na dal\u0131n. OSHA Ergonomi standard\u0131nda uzmanl\u0131k kazan\u0131n ve de\u011ferli bir sertifika kazan\u0131n. Kariyerinizi g\u00fcvence alt\u0131na al\u0131rken i\u015fyeri g\u00fcvenli\u011fini ve \u00fcretkenli\u011fi art\u0131r\u0131n. \u0130\u015f yerinizi daha g\u00fcvenli ve verimli hale getirmek i\u00e7in hemen kaydolun!<\/p>","protected":false},"featured_media":27205,"template":"","meta":{"_et_pb_use_builder":"","_et_pb_old_content":"","_et_gb_content_width":""},"product_brand":[],"product_cat":[156,157],"product_tag":[],"class_list":{"0":"post-28551","1":"product","2":"type-product","3":"status-publish","4":"has-post-thumbnail","6":"product_cat-occupational-health-and-safety","7":"product_cat-occupational-safety-admin","9":"first","10":"instock","11":"virtual","12":"sold-individually","13":"purchasable","14":"product-type-simple"},"yoast_head":"<!-- This site is optimized with the Yoast SEO plugin v27.3 - https:\/\/yoast.com\/product\/yoast-seo-wordpress\/ -->\n<title>OSHA Ergonomics - Global Safety &amp; Environmental<\/title>\n<meta name=\"description\" content=\"Learn about OSHA Ergonomics and ensure workplace safety with our comprehensive course. Get certified today!\" \/>\n<meta name=\"robots\" content=\"index, follow, max-snippet:-1, max-image-preview:large, max-video-preview:-1\" \/>\n<link rel=\"canonical\" href=\"https:\/\/globaltraining.com\/tr\/urun\/osha-ergonomisi\/\" \/>\n<meta property=\"og:locale\" content=\"tr_TR\" \/>\n<meta property=\"og:type\" content=\"article\" \/>\n<meta property=\"og:title\" content=\"OSHA Ergonomics - Global Safety &amp; Environmental\" \/>\n<meta property=\"og:description\" content=\"Learn about OSHA Ergonomics and ensure workplace safety with our comprehensive course. Get certified today!\" \/>\n<meta property=\"og:url\" content=\"https:\/\/globaltraining.com\/tr\/urun\/osha-ergonomisi\/\" \/>\n<meta property=\"og:site_name\" content=\"Global Safety &amp; Environmental\" \/>\n<meta property=\"article:modified_time\" content=\"2024-12-03T15:31:24+00:00\" \/>\n<meta property=\"og:image\" content=\"https:\/\/globaltraining.com\/wp-content\/uploads\/2021\/11\/iStock-1191080743.jpg\" \/>\n\t<meta property=\"og:image:width\" content=\"1200\" \/>\n\t<meta property=\"og:image:height\" content=\"800\" \/>\n\t<meta property=\"og:image:type\" content=\"image\/jpeg\" \/>\n<meta name=\"twitter:card\" content=\"summary_large_image\" \/>\n<meta name=\"twitter:label1\" content=\"Est. reading time\" \/>\n\t<meta name=\"twitter:data1\" content=\"2 minutes\" \/>\n<script type=\"application\/ld+json\" class=\"yoast-schema-graph\">{\"@context\":\"https:\\\/\\\/schema.org\",\"@graph\":[{\"@type\":\"WebPage\",\"@id\":\"https:\\\/\\\/globaltraining.com\\\/product\\\/osha-ergonomics\\\/\",\"url\":\"https:\\\/\\\/globaltraining.com\\\/product\\\/osha-ergonomics\\\/\",\"name\":\"OSHA Ergonomics - Global Safety &amp; Environmental\",\"isPartOf\":{\"@id\":\"https:\\\/\\\/globaltraining.com\\\/#website\"},\"primaryImageOfPage\":{\"@id\":\"https:\\\/\\\/globaltraining.com\\\/product\\\/osha-ergonomics\\\/#primaryimage\"},\"image\":{\"@id\":\"https:\\\/\\\/globaltraining.com\\\/product\\\/osha-ergonomics\\\/#primaryimage\"},\"thumbnailUrl\":\"https:\\\/\\\/globaltraining.com\\\/wp-content\\\/uploads\\\/2021\\\/11\\\/iStock-1191080743.jpg\",\"datePublished\":\"2023-09-11T16:13:57+00:00\",\"dateModified\":\"2024-12-03T15:31:24+00:00\",\"description\":\"Learn about OSHA Ergonomics and ensure workplace safety with our comprehensive course. Get certified today!\",\"breadcrumb\":{\"@id\":\"https:\\\/\\\/globaltraining.com\\\/product\\\/osha-ergonomics\\\/#breadcrumb\"},\"inLanguage\":\"tr-TR\",\"potentialAction\":[{\"@type\":\"ReadAction\",\"target\":[\"https:\\\/\\\/globaltraining.com\\\/product\\\/osha-ergonomics\\\/\"]}]},{\"@type\":\"ImageObject\",\"inLanguage\":\"tr-TR\",\"@id\":\"https:\\\/\\\/globaltraining.com\\\/product\\\/osha-ergonomics\\\/#primaryimage\",\"url\":\"https:\\\/\\\/globaltraining.com\\\/wp-content\\\/uploads\\\/2021\\\/11\\\/iStock-1191080743.jpg\",\"contentUrl\":\"https:\\\/\\\/globaltraining.com\\\/wp-content\\\/uploads\\\/2021\\\/11\\\/iStock-1191080743.jpg\",\"width\":1200,\"height\":800,\"caption\":\"OSHA Ergonomics\"},{\"@type\":\"BreadcrumbList\",\"@id\":\"https:\\\/\\\/globaltraining.com\\\/product\\\/osha-ergonomics\\\/#breadcrumb\",\"itemListElement\":[{\"@type\":\"ListItem\",\"position\":1,\"name\":\"Home\",\"item\":\"https:\\\/\\\/globaltraining.com\\\/\"},{\"@type\":\"ListItem\",\"position\":2,\"name\":\"Productos\",\"item\":\"https:\\\/\\\/globaltraining.com\\\/es\\\/shop\\\/\"},{\"@type\":\"ListItem\",\"position\":3,\"name\":\"OSHA Ergonomics\"}]},{\"@type\":\"WebSite\",\"@id\":\"https:\\\/\\\/globaltraining.com\\\/#website\",\"url\":\"https:\\\/\\\/globaltraining.com\\\/\",\"name\":\"Global Safety & Environmental\",\"description\":\"Full Service Health, Safety, and Environmental Courses\",\"publisher\":{\"@id\":\"https:\\\/\\\/globaltraining.com\\\/#organization\"},\"potentialAction\":[{\"@type\":\"SearchAction\",\"target\":{\"@type\":\"EntryPoint\",\"urlTemplate\":\"https:\\\/\\\/globaltraining.com\\\/?s={search_term_string}\"},\"query-input\":{\"@type\":\"PropertyValueSpecification\",\"valueRequired\":true,\"valueName\":\"search_term_string\"}}],\"inLanguage\":\"tr-TR\"},{\"@type\":\"Organization\",\"@id\":\"https:\\\/\\\/globaltraining.com\\\/#organization\",\"name\":\"Global Safety & Environmental\",\"url\":\"https:\\\/\\\/globaltraining.com\\\/\",\"logo\":{\"@type\":\"ImageObject\",\"inLanguage\":\"tr-TR\",\"@id\":\"https:\\\/\\\/globaltraining.com\\\/#\\\/schema\\\/logo\\\/image\\\/\",\"url\":\"https:\\\/\\\/globaltraining.com\\\/wp-content\\\/uploads\\\/2021\\\/01\\\/GSE-Logo-for-email.png\",\"contentUrl\":\"https:\\\/\\\/globaltraining.com\\\/wp-content\\\/uploads\\\/2021\\\/01\\\/GSE-Logo-for-email.png\",\"width\":400,\"height\":101,\"caption\":\"Global Safety & Environmental\"},\"image\":{\"@id\":\"https:\\\/\\\/globaltraining.com\\\/#\\\/schema\\\/logo\\\/image\\\/\"}}]}<\/script>\n<!-- \/ Yoast SEO plugin. -->","yoast_head_json":{"title":"OSHA Ergonomi - K\u00fcresel G\u00fcvenlik ve \u00c7evre","description":"Kapsaml\u0131 kursumuzla OSHA Ergonomisi hakk\u0131nda bilgi edinin ve i\u015fyeri g\u00fcvenli\u011fini sa\u011flay\u0131n. Bug\u00fcn sertifika al\u0131n!","robots":{"index":"index","follow":"follow","max-snippet":"max-snippet:-1","max-image-preview":"max-image-preview:large","max-video-preview":"max-video-preview:-1"},"canonical":"https:\/\/globaltraining.com\/tr\/urun\/osha-ergonomisi\/","og_locale":"tr_TR","og_type":"article","og_title":"OSHA Ergonomics - Global Safety &amp; Environmental","og_description":"Learn about OSHA Ergonomics and ensure workplace safety with our comprehensive course. Get certified today!","og_url":"https:\/\/globaltraining.com\/tr\/urun\/osha-ergonomisi\/","og_site_name":"Global Safety &amp; Environmental","article_modified_time":"2024-12-03T15:31:24+00:00","og_image":[{"width":1200,"height":800,"url":"https:\/\/globaltraining.com\/wp-content\/uploads\/2021\/11\/iStock-1191080743.jpg","type":"image\/jpeg"}],"twitter_card":"summary_large_image","twitter_misc":{"Est. reading time":"2 minutes"},"schema":{"@context":"https:\/\/schema.org","@graph":[{"@type":"WebPage","@id":"https:\/\/globaltraining.com\/product\/osha-ergonomics\/","url":"https:\/\/globaltraining.com\/product\/osha-ergonomics\/","name":"OSHA Ergonomi - K\u00fcresel G\u00fcvenlik ve \u00c7evre","isPartOf":{"@id":"https:\/\/globaltraining.com\/#website"},"primaryImageOfPage":{"@id":"https:\/\/globaltraining.com\/product\/osha-ergonomics\/#primaryimage"},"image":{"@id":"https:\/\/globaltraining.com\/product\/osha-ergonomics\/#primaryimage"},"thumbnailUrl":"https:\/\/globaltraining.com\/wp-content\/uploads\/2021\/11\/iStock-1191080743.jpg","datePublished":"2023-09-11T16:13:57+00:00","dateModified":"2024-12-03T15:31:24+00:00","description":"Kapsaml\u0131 kursumuzla OSHA Ergonomisi hakk\u0131nda bilgi edinin ve i\u015fyeri g\u00fcvenli\u011fini sa\u011flay\u0131n. Bug\u00fcn sertifika al\u0131n!","breadcrumb":{"@id":"https:\/\/globaltraining.com\/product\/osha-ergonomics\/#breadcrumb"},"inLanguage":"tr-TR","potentialAction":[{"@type":"ReadAction","target":["https:\/\/globaltraining.com\/product\/osha-ergonomics\/"]}]},{"@type":"ImageObject","inLanguage":"tr-TR","@id":"https:\/\/globaltraining.com\/product\/osha-ergonomics\/#primaryimage","url":"https:\/\/globaltraining.com\/wp-content\/uploads\/2021\/11\/iStock-1191080743.jpg","contentUrl":"https:\/\/globaltraining.com\/wp-content\/uploads\/2021\/11\/iStock-1191080743.jpg","width":1200,"height":800,"caption":"OSHA Ergonomics"},{"@type":"BreadcrumbList","@id":"https:\/\/globaltraining.com\/product\/osha-ergonomics\/#breadcrumb","itemListElement":[{"@type":"ListItem","position":1,"name":"Home","item":"https:\/\/globaltraining.com\/"},{"@type":"ListItem","position":2,"name":"Productos","item":"https:\/\/globaltraining.com\/es\/shop\/"},{"@type":"ListItem","position":3,"name":"OSHA Ergonomics"}]},{"@type":"WebSite","@id":"https:\/\/globaltraining.com\/#website","url":"https:\/\/globaltraining.com\/","name":"K\u00fcresel G\u00fcvenlik ve \u00c7evre","description":"Tam Hizmet Sa\u011fl\u0131k, G\u00fcvenlik ve \u00c7evre Kurslar\u0131","publisher":{"@id":"https:\/\/globaltraining.com\/#organization"},"potentialAction":[{"@type":"SearchAction","target":{"@type":"EntryPoint","urlTemplate":"https:\/\/globaltraining.com\/?s={search_term_string}"},"query-input":{"@type":"PropertyValueSpecification","valueRequired":true,"valueName":"search_term_string"}}],"inLanguage":"tr-TR"},{"@type":"Organization","@id":"https:\/\/globaltraining.com\/#organization","name":"K\u00fcresel G\u00fcvenlik ve \u00c7evre","url":"https:\/\/globaltraining.com\/","logo":{"@type":"ImageObject","inLanguage":"tr-TR","@id":"https:\/\/globaltraining.com\/#\/schema\/logo\/image\/","url":"https:\/\/globaltraining.com\/wp-content\/uploads\/2021\/01\/GSE-Logo-for-email.png","contentUrl":"https:\/\/globaltraining.com\/wp-content\/uploads\/2021\/01\/GSE-Logo-for-email.png","width":400,"height":101,"caption":"Global Safety & Environmental"},"image":{"@id":"https:\/\/globaltraining.com\/#\/schema\/logo\/image\/"}}]}},"_links":{"self":[{"href":"https:\/\/globaltraining.com\/tr\/wp-json\/wp\/v2\/product\/28551","targetHints":{"allow":["GET"]}}],"collection":[{"href":"https:\/\/globaltraining.com\/tr\/wp-json\/wp\/v2\/product"}],"about":[{"href":"https:\/\/globaltraining.com\/tr\/wp-json\/wp\/v2\/types\/product"}],"wp:featuredmedia":[{"embeddable":true,"href":"https:\/\/globaltraining.com\/tr\/wp-json\/wp\/v2\/media\/27205"}],"wp:attachment":[{"href":"https:\/\/globaltraining.com\/tr\/wp-json\/wp\/v2\/media?parent=28551"}],"wp:term":[{"taxonomy":"product_brand","embeddable":true,"href":"https:\/\/globaltraining.com\/tr\/wp-json\/wp\/v2\/product_brand?post=28551"},{"taxonomy":"product_cat","embeddable":true,"href":"https:\/\/globaltraining.com\/tr\/wp-json\/wp\/v2\/product_cat?post=28551"},{"taxonomy":"product_tag","embeddable":true,"href":"https:\/\/globaltraining.com\/tr\/wp-json\/wp\/v2\/product_tag?post=28551"}],"curies":[{"name":"wp","href":"https:\/\/api.w.org\/{rel}","templated":true}]}}