{"id":28550,"date":"2023-09-11T11:07:36","date_gmt":"2023-09-11T16:07:36","guid":{"rendered":"https:\/\/globaltraining.com\/?post_type=product&#038;p=28550"},"modified":"2024-12-06T09:37:19","modified_gmt":"2024-12-06T15:37:19","slug":"azot-guvenligi","status":"publish","type":"product","link":"https:\/\/globaltraining.com\/tr\/product\/nitrogen-safety\/","title":{"rendered":"Azot G\u00fcvenli\u011fi"},"content":{"rendered":"<h2>Azot: Azot Gaz\u0131 Tehlikelerine Kar\u015f\u0131 Koruma<\/h2>\n<p>Azot g\u00fcvenli\u011fi, nitrojen gaz\u0131n\u0131n kullan\u0131ld\u0131\u011f\u0131 \u00e7e\u015fitli end\u00fcstrilerde b\u00fcy\u00fck \u00f6nem ta\u015f\u0131yan bir konudur. Azotun potansiyel tehlikelerini anlamak ve g\u00fcvenlik \u00f6nlemlerini uygulamak, kazalar\u0131 \u00f6nlemek ve g\u00fcvenli bir \u00e7al\u0131\u015fma ortam\u0131 sa\u011flamak i\u00e7in \u00e7ok \u00f6nemlidir. Bu kapsaml\u0131 kursta nitrojen g\u00fcvenli\u011fini derinlemesine inceleyerek sizi bu yayg\u0131n end\u00fcstriyel gazla ili\u015fkili riskleri azaltmak i\u00e7in gereken bilgi ve becerilerle donat\u0131yoruz.<\/p>\n<h2>Azot Gaz\u0131 Tehlikesi A\u00e7\u0131kland\u0131<\/h2>\n<p>Azot gaz\u0131, g\u0131da paketlemeden end\u00fcstriyel proseslere kadar \u00e7e\u015fitli uygulamalarda yayg\u0131n olarak kullan\u0131lmaktad\u0131r. Nitrojen toksik olmasa da kapal\u0131 alanlardaki oksijenin yerini alabilmesi nedeniyle \u00f6nemli tehlikeler olu\u015fturur. Bu, oksijen eksikli\u011fi olan bir atmosfere neden olabilir ve bo\u011fulmaya yol a\u00e7abilir. Kursumuzda nitrojen gaz\u0131n\u0131n tehlikeleri kapsaml\u0131 bir \u015fekilde incelenecek ve bu t\u00fcr tehlikelerin nas\u0131l tespit edilip \u00f6nlenece\u011fi size \u00f6\u011fretilecektir.<\/p>\n<h2>Azot Tehlikesini Anlamak<\/h2>\n<p>Azotun tehlikesini anlamak g\u00fcvenli\u011fi sa\u011flaman\u0131n ilk ad\u0131m\u0131d\u0131r. Azot gaz\u0131 kokusuz ve renksiz oldu\u011fundan, uygun izleme ekipman\u0131 olmadan alg\u0131lanamaz hale gelir. Nitrojen a\u00e7\u0131s\u0131ndan zengin ortamlara maruz kalan i\u015f\u00e7iler yak\u0131n tehdidin fark\u0131na bile varmayabilir. Kursumuz sizi nitrojenin \u00f6zellikleri, potansiyel riskleri ve bunlara kar\u015f\u0131 nas\u0131l korunabilece\u011finiz konusunda e\u011fitecektir.<\/p>\n<h2>Azot G\u00fcvenli\u011fi \u00d6nlemleri ve En \u0130yi Uygulamalar<\/h2>\n<p>Azotla ilgili kazalar\u0131n \u00f6nlenmesi proaktif bir yakla\u015f\u0131m gerektirir. Kursumuz g\u00fcvenlik \u00f6nlemleri ve en iyi uygulamalar konusunda kapsaml\u0131 rehberlik sa\u011flar. Uygun havaland\u0131rman\u0131n, gaz izleme sistemlerinin ve g\u00fcvenlik protokollerinin \u00f6nemini \u00f6\u011freneceksiniz. Ayr\u0131ca nitrojenle ilgili herhangi bir olaya iyi haz\u0131rl\u0131kl\u0131 olman\u0131z\u0131 sa\u011flamak i\u00e7in ki\u015fisel koruyucu ekipman (KKD) kullan\u0131m\u0131n\u0131 ve acil m\u00fcdahale prosed\u00fcrlerini de ele alaca\u011f\u0131z.<\/p>\n<h2>Kursun Faydalar\u0131 ve Sertifikasyon<\/h2>\n<p>Nitrojen kursumuza kaydolarak nitrojen gaz\u0131 tehlikeleri ve bunlar\u0131n etkili bir \u015fekilde nas\u0131l y\u00f6netilece\u011fi konusunda derinlemesine bilgi sahibi olacaks\u0131n\u0131z. Ba\u015far\u0131l\u0131 bir \u015fekilde tamamlad\u0131\u011f\u0131n\u0131zda nitrojen g\u00fcvenli\u011fi konusundaki uzmanl\u0131\u011f\u0131n\u0131z\u0131 do\u011frulayan de\u011ferli bir sertifika alacaks\u0131n\u0131z. Bu sertifika yaln\u0131zca kariyer olanaklar\u0131n\u0131z\u0131 geli\u015ftirmekle kalmayacak, ayn\u0131 zamanda siz ve meslekta\u015flar\u0131n\u0131z i\u00e7in daha g\u00fcvenli bir i\u015f ortam\u0131na da katk\u0131da bulunacakt\u0131r.<\/p>\n<h2>Azot G\u00fcvenli\u011fi E\u011fitimi ile Gelece\u011finizi G\u00fcvence Alt\u0131na Al\u0131n<\/h2>\n<p>\u0130\u015f yerinizde nitrojen g\u00fcvenli\u011finin \u00f6nemini hafife almay\u0131n. Bug\u00fcn kapsaml\u0131 kursumuza kaydolarak kendinizi ve ekibinizi koruyun. Nitrojen gaz\u0131 tehlikelerini tan\u0131mlamak, \u00f6nlemek ve bunlara m\u00fcdahale etmek i\u00e7in kendinizi gerekli bilgi ve becerilerle donat\u0131n. Daha g\u00fcvenli bir \u00e7al\u0131\u015fma ortam\u0131na giden yolda bize kat\u0131l\u0131n.<\/p>","protected":false},"excerpt":{"rendered":"<p>Kapsaml\u0131 kursumuzla nitrojen g\u00fcvenli\u011fi d\u00fcnyas\u0131na dal\u0131n. Nitrojen gaz\u0131 tehlikeleri, tespiti ve \u00f6nlenmesi hakk\u0131nda derinlemesine bilgi edinin. Daha g\u00fcvenli bir \u00e7al\u0131\u015fma ortam\u0131 yaratmak i\u00e7in kendinizi gerekli becerilerle donat\u0131n. Tamamlad\u0131\u011f\u0131n\u0131zda kariyerinizi geli\u015ftirebilecek de\u011ferli bir sertifika al\u0131n. Bug\u00fcn kaydolun ve gelece\u011finizi g\u00fcvenle g\u00fcvence alt\u0131na al\u0131n!<\/p>","protected":false},"featured_media":15353,"template":"","meta":{"_et_pb_use_builder":"","_et_pb_old_content":"","_et_gb_content_width":""},"product_brand":[],"product_cat":[118,125,136,137,143],"product_tag":[],"class_list":{"0":"post-28550","1":"product","2":"type-product","3":"status-publish","4":"has-post-thumbnail","6":"product_cat-air-and-gas-monitoring","7":"product_cat-dangerous-chemicals","8":"product_cat-first-aid","9":"product_cat-gases","10":"product_cat-health-and-safety","12":"first","13":"instock","14":"virtual","15":"sold-individually","16":"purchasable","17":"product-type-simple"},"yoast_head":"<!-- This site is optimized with the Yoast SEO plugin v27.3 - https:\/\/yoast.com\/product\/yoast-seo-wordpress\/ -->\n<title>Nitrogen Safety - Global Safety &amp; Environmental<\/title>\n<meta name=\"description\" content=\"Learn about nitrogen safety and protect against nitrogen gas hazards. Our course provides certification in nitrogen safety. Enroll today!\" \/>\n<meta name=\"robots\" content=\"index, follow, max-snippet:-1, max-image-preview:large, max-video-preview:-1\" \/>\n<link rel=\"canonical\" href=\"https:\/\/globaltraining.com\/tr\/urun\/azot-guvenligi\/\" \/>\n<meta property=\"og:locale\" content=\"tr_TR\" \/>\n<meta property=\"og:type\" content=\"article\" \/>\n<meta property=\"og:title\" content=\"Nitrogen Safety - Global Safety &amp; Environmental\" \/>\n<meta property=\"og:description\" content=\"Learn about nitrogen safety and protect against nitrogen gas hazards. Our course provides certification in nitrogen safety. Enroll today!\" \/>\n<meta property=\"og:url\" content=\"https:\/\/globaltraining.com\/tr\/urun\/azot-guvenligi\/\" \/>\n<meta property=\"og:site_name\" content=\"Global Safety &amp; Environmental\" \/>\n<meta property=\"article:modified_time\" content=\"2024-12-06T15:37:19+00:00\" \/>\n<meta property=\"og:image\" content=\"https:\/\/globaltraining.com\/wp-content\/uploads\/2023\/06\/Nitrogen-Liquid-Cover-1.jpg\" \/>\n\t<meta property=\"og:image:width\" content=\"1200\" \/>\n\t<meta property=\"og:image:height\" content=\"800\" \/>\n\t<meta property=\"og:image:type\" content=\"image\/jpeg\" \/>\n<meta name=\"twitter:card\" content=\"summary_large_image\" \/>\n<meta name=\"twitter:label1\" content=\"Est. reading time\" \/>\n\t<meta name=\"twitter:data1\" content=\"2 minutes\" \/>\n<script type=\"application\/ld+json\" class=\"yoast-schema-graph\">{\"@context\":\"https:\\\/\\\/schema.org\",\"@graph\":[{\"@type\":\"WebPage\",\"@id\":\"https:\\\/\\\/globaltraining.com\\\/product\\\/nitrogen-safety\\\/\",\"url\":\"https:\\\/\\\/globaltraining.com\\\/product\\\/nitrogen-safety\\\/\",\"name\":\"Nitrogen Safety - Global Safety &amp; Environmental\",\"isPartOf\":{\"@id\":\"https:\\\/\\\/globaltraining.com\\\/#website\"},\"primaryImageOfPage\":{\"@id\":\"https:\\\/\\\/globaltraining.com\\\/product\\\/nitrogen-safety\\\/#primaryimage\"},\"image\":{\"@id\":\"https:\\\/\\\/globaltraining.com\\\/product\\\/nitrogen-safety\\\/#primaryimage\"},\"thumbnailUrl\":\"https:\\\/\\\/globaltraining.com\\\/wp-content\\\/uploads\\\/2023\\\/06\\\/Nitrogen-Liquid-Cover-1.jpg\",\"datePublished\":\"2023-09-11T16:07:36+00:00\",\"dateModified\":\"2024-12-06T15:37:19+00:00\",\"description\":\"Learn about nitrogen safety and protect against nitrogen gas hazards. Our course provides certification in nitrogen safety. Enroll today!\",\"breadcrumb\":{\"@id\":\"https:\\\/\\\/globaltraining.com\\\/product\\\/nitrogen-safety\\\/#breadcrumb\"},\"inLanguage\":\"tr-TR\",\"potentialAction\":[{\"@type\":\"ReadAction\",\"target\":[\"https:\\\/\\\/globaltraining.com\\\/product\\\/nitrogen-safety\\\/\"]}]},{\"@type\":\"ImageObject\",\"inLanguage\":\"tr-TR\",\"@id\":\"https:\\\/\\\/globaltraining.com\\\/product\\\/nitrogen-safety\\\/#primaryimage\",\"url\":\"https:\\\/\\\/globaltraining.com\\\/wp-content\\\/uploads\\\/2023\\\/06\\\/Nitrogen-Liquid-Cover-1.jpg\",\"contentUrl\":\"https:\\\/\\\/globaltraining.com\\\/wp-content\\\/uploads\\\/2023\\\/06\\\/Nitrogen-Liquid-Cover-1.jpg\",\"width\":1200,\"height\":800,\"caption\":\"Nitrogen Safety\"},{\"@type\":\"BreadcrumbList\",\"@id\":\"https:\\\/\\\/globaltraining.com\\\/product\\\/nitrogen-safety\\\/#breadcrumb\",\"itemListElement\":[{\"@type\":\"ListItem\",\"position\":1,\"name\":\"Home\",\"item\":\"https:\\\/\\\/globaltraining.com\\\/\"},{\"@type\":\"ListItem\",\"position\":2,\"name\":\"Productos\",\"item\":\"https:\\\/\\\/globaltraining.com\\\/es\\\/shop\\\/\"},{\"@type\":\"ListItem\",\"position\":3,\"name\":\"Nitrogen Safety\"}]},{\"@type\":\"WebSite\",\"@id\":\"https:\\\/\\\/globaltraining.com\\\/#website\",\"url\":\"https:\\\/\\\/globaltraining.com\\\/\",\"name\":\"Global Safety & Environmental\",\"description\":\"Full Service Health, Safety, and Environmental Courses\",\"publisher\":{\"@id\":\"https:\\\/\\\/globaltraining.com\\\/#organization\"},\"potentialAction\":[{\"@type\":\"SearchAction\",\"target\":{\"@type\":\"EntryPoint\",\"urlTemplate\":\"https:\\\/\\\/globaltraining.com\\\/?s={search_term_string}\"},\"query-input\":{\"@type\":\"PropertyValueSpecification\",\"valueRequired\":true,\"valueName\":\"search_term_string\"}}],\"inLanguage\":\"tr-TR\"},{\"@type\":\"Organization\",\"@id\":\"https:\\\/\\\/globaltraining.com\\\/#organization\",\"name\":\"Global Safety & Environmental\",\"url\":\"https:\\\/\\\/globaltraining.com\\\/\",\"logo\":{\"@type\":\"ImageObject\",\"inLanguage\":\"tr-TR\",\"@id\":\"https:\\\/\\\/globaltraining.com\\\/#\\\/schema\\\/logo\\\/image\\\/\",\"url\":\"https:\\\/\\\/globaltraining.com\\\/wp-content\\\/uploads\\\/2021\\\/01\\\/GSE-Logo-for-email.png\",\"contentUrl\":\"https:\\\/\\\/globaltraining.com\\\/wp-content\\\/uploads\\\/2021\\\/01\\\/GSE-Logo-for-email.png\",\"width\":400,\"height\":101,\"caption\":\"Global Safety & Environmental\"},\"image\":{\"@id\":\"https:\\\/\\\/globaltraining.com\\\/#\\\/schema\\\/logo\\\/image\\\/\"}}]}<\/script>\n<!-- \/ Yoast SEO plugin. -->","yoast_head_json":{"title":"Azot G\u00fcvenli\u011fi - K\u00fcresel G\u00fcvenlik ve \u00c7evre","description":"Azot g\u00fcvenli\u011fi hakk\u0131nda bilgi edinin ve azot gaz\u0131 tehlikelerine kar\u015f\u0131 korunun. Kursumuz azot g\u00fcvenli\u011fi konusunda sertifika sa\u011flar. Bug\u00fcn kaydolun!","robots":{"index":"index","follow":"follow","max-snippet":"max-snippet:-1","max-image-preview":"max-image-preview:large","max-video-preview":"max-video-preview:-1"},"canonical":"https:\/\/globaltraining.com\/tr\/urun\/azot-guvenligi\/","og_locale":"tr_TR","og_type":"article","og_title":"Nitrogen Safety - Global Safety &amp; Environmental","og_description":"Learn about nitrogen safety and protect against nitrogen gas hazards. Our course provides certification in nitrogen safety. Enroll today!","og_url":"https:\/\/globaltraining.com\/tr\/urun\/azot-guvenligi\/","og_site_name":"Global Safety &amp; Environmental","article_modified_time":"2024-12-06T15:37:19+00:00","og_image":[{"width":1200,"height":800,"url":"https:\/\/globaltraining.com\/wp-content\/uploads\/2023\/06\/Nitrogen-Liquid-Cover-1.jpg","type":"image\/jpeg"}],"twitter_card":"summary_large_image","twitter_misc":{"Est. reading time":"2 minutes"},"schema":{"@context":"https:\/\/schema.org","@graph":[{"@type":"WebPage","@id":"https:\/\/globaltraining.com\/product\/nitrogen-safety\/","url":"https:\/\/globaltraining.com\/product\/nitrogen-safety\/","name":"Azot G\u00fcvenli\u011fi - K\u00fcresel G\u00fcvenlik ve \u00c7evre","isPartOf":{"@id":"https:\/\/globaltraining.com\/#website"},"primaryImageOfPage":{"@id":"https:\/\/globaltraining.com\/product\/nitrogen-safety\/#primaryimage"},"image":{"@id":"https:\/\/globaltraining.com\/product\/nitrogen-safety\/#primaryimage"},"thumbnailUrl":"https:\/\/globaltraining.com\/wp-content\/uploads\/2023\/06\/Nitrogen-Liquid-Cover-1.jpg","datePublished":"2023-09-11T16:07:36+00:00","dateModified":"2024-12-06T15:37:19+00:00","description":"Azot g\u00fcvenli\u011fi hakk\u0131nda bilgi edinin ve azot gaz\u0131 tehlikelerine kar\u015f\u0131 korunun. Kursumuz azot g\u00fcvenli\u011fi konusunda sertifika sa\u011flar. Bug\u00fcn kaydolun!","breadcrumb":{"@id":"https:\/\/globaltraining.com\/product\/nitrogen-safety\/#breadcrumb"},"inLanguage":"tr-TR","potentialAction":[{"@type":"ReadAction","target":["https:\/\/globaltraining.com\/product\/nitrogen-safety\/"]}]},{"@type":"ImageObject","inLanguage":"tr-TR","@id":"https:\/\/globaltraining.com\/product\/nitrogen-safety\/#primaryimage","url":"https:\/\/globaltraining.com\/wp-content\/uploads\/2023\/06\/Nitrogen-Liquid-Cover-1.jpg","contentUrl":"https:\/\/globaltraining.com\/wp-content\/uploads\/2023\/06\/Nitrogen-Liquid-Cover-1.jpg","width":1200,"height":800,"caption":"Nitrogen Safety"},{"@type":"BreadcrumbList","@id":"https:\/\/globaltraining.com\/product\/nitrogen-safety\/#breadcrumb","itemListElement":[{"@type":"ListItem","position":1,"name":"Home","item":"https:\/\/globaltraining.com\/"},{"@type":"ListItem","position":2,"name":"Productos","item":"https:\/\/globaltraining.com\/es\/shop\/"},{"@type":"ListItem","position":3,"name":"Nitrogen Safety"}]},{"@type":"WebSite","@id":"https:\/\/globaltraining.com\/#website","url":"https:\/\/globaltraining.com\/","name":"K\u00fcresel G\u00fcvenlik ve \u00c7evre","description":"Tam Hizmet Sa\u011fl\u0131k, G\u00fcvenlik ve \u00c7evre Kurslar\u0131","publisher":{"@id":"https:\/\/globaltraining.com\/#organization"},"potentialAction":[{"@type":"SearchAction","target":{"@type":"EntryPoint","urlTemplate":"https:\/\/globaltraining.com\/?s={search_term_string}"},"query-input":{"@type":"PropertyValueSpecification","valueRequired":true,"valueName":"search_term_string"}}],"inLanguage":"tr-TR"},{"@type":"Organization","@id":"https:\/\/globaltraining.com\/#organization","name":"K\u00fcresel G\u00fcvenlik ve \u00c7evre","url":"https:\/\/globaltraining.com\/","logo":{"@type":"ImageObject","inLanguage":"tr-TR","@id":"https:\/\/globaltraining.com\/#\/schema\/logo\/image\/","url":"https:\/\/globaltraining.com\/wp-content\/uploads\/2021\/01\/GSE-Logo-for-email.png","contentUrl":"https:\/\/globaltraining.com\/wp-content\/uploads\/2021\/01\/GSE-Logo-for-email.png","width":400,"height":101,"caption":"Global Safety & Environmental"},"image":{"@id":"https:\/\/globaltraining.com\/#\/schema\/logo\/image\/"}}]}},"_links":{"self":[{"href":"https:\/\/globaltraining.com\/tr\/wp-json\/wp\/v2\/product\/28550","targetHints":{"allow":["GET"]}}],"collection":[{"href":"https:\/\/globaltraining.com\/tr\/wp-json\/wp\/v2\/product"}],"about":[{"href":"https:\/\/globaltraining.com\/tr\/wp-json\/wp\/v2\/types\/product"}],"wp:featuredmedia":[{"embeddable":true,"href":"https:\/\/globaltraining.com\/tr\/wp-json\/wp\/v2\/media\/15353"}],"wp:attachment":[{"href":"https:\/\/globaltraining.com\/tr\/wp-json\/wp\/v2\/media?parent=28550"}],"wp:term":[{"taxonomy":"product_brand","embeddable":true,"href":"https:\/\/globaltraining.com\/tr\/wp-json\/wp\/v2\/product_brand?post=28550"},{"taxonomy":"product_cat","embeddable":true,"href":"https:\/\/globaltraining.com\/tr\/wp-json\/wp\/v2\/product_cat?post=28550"},{"taxonomy":"product_tag","embeddable":true,"href":"https:\/\/globaltraining.com\/tr\/wp-json\/wp\/v2\/product_tag?post=28550"}],"curies":[{"name":"wp","href":"https:\/\/api.w.org\/{rel}","templated":true}]}}