{"id":28548,"date":"2023-09-11T10:03:40","date_gmt":"2023-09-11T15:03:40","guid":{"rendered":"https:\/\/globaltraining.com\/?post_type=product&#038;p=28548"},"modified":"2024-12-06T09:41:24","modified_gmt":"2024-12-06T15:41:24","slug":"yeni-ise-alim-oryantasyonu","status":"publish","type":"product","link":"https:\/\/globaltraining.com\/tr\/product\/new-hire-orientation\/","title":{"rendered":"Yeni \u0130\u015fe Alma Oryantasyonu"},"content":{"rendered":"<h2>Yeni \u0130\u015fe Al\u0131m Oryantasyonuna \u0130li\u015fkin Temel K\u0131lavuz<\/h2>\n<p>Yeni i\u015fe al\u0131m oryantasyonu hakk\u0131ndaki kapsaml\u0131 kursumuza ho\u015f geldiniz. G\u00fcn\u00fcm\u00fcz\u00fcn rekabet\u00e7i i\u015f piyasas\u0131nda, yeni \u00e7al\u0131\u015fanlar i\u00e7in sorunsuz bir ge\u00e7i\u015fin sa\u011flanmas\u0131 hayati \u00f6nem ta\u015f\u0131maktad\u0131r. Bu kurs sizi ba\u011fl\u0131l\u0131\u011f\u0131, \u00fcretkenli\u011fi ve elde tutmay\u0131 te\u015fvik eden ba\u015far\u0131l\u0131 yeni bir \u00e7al\u0131\u015fan oryantasyon program\u0131 olu\u015fturmak i\u00e7in gereken bilgi ve ara\u00e7larla donatmak \u00fczere tasarlanm\u0131\u015ft\u0131r.<\/p>\n<h2>Yeni \u00c7al\u0131\u015fan Oryantasyonu: Ba\u015far\u0131 i\u00e7in Sahneyi Haz\u0131rlamak<\/h2>\n<p>Yeni \u00e7al\u0131\u015fan oryantasyonu, yeni i\u015fe al\u0131nan ki\u015fileri kurulu\u015funuzun k\u00fclt\u00fcr\u00fcne, politikalar\u0131na ve beklentilerine al\u0131\u015ft\u0131rman\u0131n kritik ilk ad\u0131m\u0131d\u0131r. Bu basit bir giri\u015ften daha fazlas\u0131d\u0131r; ba\u015far\u0131l\u0131 bir istihdam yolculu\u011funun \u00fczerine in\u015fa edildi\u011fi temeldir.<\/p>\n<p>Uzman e\u011fitmenlerimiz, etkili bir yeni \u00e7al\u0131\u015fan oryantasyon program\u0131n\u0131n tasarlanmas\u0131 ve uygulanmas\u0131 s\u00fcrecinde size rehberlik edecektir. \u0130lgi \u00e7ekici ba\u015flang\u0131\u00e7 materyalleri olu\u015fturmaktan etkili oryantasyon oturumlar\u0131 d\u00fczenlemeye kadar, uzun vadeli ba\u015far\u0131ya zemin haz\u0131rlayacak en iyi uygulamalar\u0131 \u00f6\u011freneceksiniz.<\/p>\n<h2>Yeni \u0130\u015fe Al\u0131m Oryantasyonunun Faydalar\u0131<\/h2>\n<p>\u00c7al\u0131\u015fan oryantasyonuna yat\u0131r\u0131m yapmak hem organizasyona hem de yeni i\u015fe al\u0131nanlara \u00e7ok say\u0131da fayda sa\u011flar. \u0130\u015fte baz\u0131 \u00f6nemli avantajlar:<\/p>\n<ul>\n<li>**H\u0131zland\u0131r\u0131lm\u0131\u015f \u00dcretkenlik**: \u0130yi yap\u0131land\u0131r\u0131lm\u0131\u015f oryantasyon programlar\u0131, yeni i\u015fe al\u0131nanlar\u0131n ekibin daha h\u0131zl\u0131 \u00fcretken \u00fcyeleri haline gelmesine yard\u0131mc\u0131 olur.<\/li>\n<li>**Geli\u015fmi\u015f Elde Tutma**: \u015eirkete uygun \u015fekilde tan\u0131t\u0131lan \u00e7al\u0131\u015fanlar\u0131n uzun vadede g\u00f6revlerinde kalma olas\u0131l\u0131klar\u0131 daha y\u00fcksektir.<\/li>\n<li>**K\u00fclt\u00fcrel Asimilasyon**: Oryantasyon programlar\u0131, yeni \u00e7al\u0131\u015fanlar\u0131n \u015firketin k\u00fclt\u00fcr\u00fcn\u00fc ve de\u011ferlerini anlamas\u0131na ve benimsemesine yard\u0131mc\u0131 olur.<\/li>\n<li>**D\u00fc\u015f\u00fck Devir**: Sorular\u0131 ve endi\u015feleri erkenden ele alarak, yeni i\u015fe al\u0131nanlar\u0131n belirsizlik veya memnuniyetsizlik nedeniyle i\u015ften ayr\u0131lma olas\u0131l\u0131\u011f\u0131n\u0131 azaltabilirsiniz.<\/li>\n<\/ul>\n<h2>\u00c7al\u0131\u015fan Oryantasyon Program\u0131n\u0131z\u0131 Tasarlamak<\/h2>\n<p>Ba\u015far\u0131l\u0131 bir \u00e7al\u0131\u015fan oryantasyon program\u0131 olu\u015fturmak dikkatli planlama ve uygulama gerektirir. Bu b\u00f6l\u00fcmde kurulu\u015funuzun ihtiya\u00e7lar\u0131na g\u00f6re uyarlanm\u0131\u015f bir program tasarlamak i\u00e7in gerekli ad\u0131mlar\u0131 ele alaca\u011f\u0131z:<\/p>\n<ol>\n<li>**\u0130htiya\u00e7lar\u0131n\u0131z\u0131 De\u011ferlendirin**: Yeni i\u015fe al\u0131nanlar\u0131n rollerinde ba\u015far\u0131l\u0131 olmak i\u00e7in hangi bilgi ve becerilere ihtiya\u00e7 duydu\u011funu belirleyin.<\/li>\n<li>**Malzemeler Geli\u015ftirin**: Kar\u015f\u0131lama kitlerinden e\u011fitim k\u0131lavuzlar\u0131na kadar ilgi \u00e7ekici materyaller olu\u015fturun.<\/li>\n<li>**Program\u0131 Planlay\u0131n**: \u0130lk birka\u00e7 g\u00fcn veya haftan\u0131n g\u00fcndemi de dahil olmak \u00fczere oryantasyon zaman \u00e7izelgesini belirleyin.<\/li>\n<li>**E\u011fitmenlerle Etkile\u015fime Ge\u00e7in**: Oryantasyon oturumlar\u0131n\u0131 y\u00fcr\u00fctmek \u00fczere deneyimli \u00e7al\u0131\u015fanlar\u0131 se\u00e7in ve e\u011fitin.<\/li>\n<li>**Geri Bildirim ve \u0130yile\u015ftirme**: Program\u0131n\u0131z\u0131 iyile\u015ftirmek ve geli\u015ftirmek i\u00e7in yeni i\u015fe al\u0131nanlardan s\u00fcrekli olarak geri bildirim toplay\u0131n.<\/li>\n<\/ol>\n<h2>Ba\u015far\u0131l\u0131 \u0130lk Kat\u0131l\u0131ma Giden Yol<\/h2>\n<p>Bu kursun sonunda, \u00f6ne \u00e7\u0131kan yeni bir i\u015fe al\u0131m oryantasyon program\u0131 olu\u015fturmak i\u00e7in gereken t\u00fcm ara\u00e7 ve bilgilere sahip olacaks\u0131n\u0131z. Kurulu\u015funuzun i\u015fe al\u0131m s\u00fcrecini iyile\u015ftirmek ve yeni i\u015fe ald\u0131\u011f\u0131n\u0131z ki\u015fileri ba\u015far\u0131ya haz\u0131rlamak i\u00e7in bu f\u0131rsat\u0131 ka\u00e7\u0131rmay\u0131n.<\/p>\n<p>Bug\u00fcn bu kursa kaydolarak \u015firketinizin gelece\u011fine yat\u0131r\u0131m yap\u0131n. Uzmanl\u0131\u011f\u0131m\u0131zdan yararlanan say\u0131s\u0131z kurulu\u015fa kat\u0131l\u0131n ve \u00fcretkenli\u011fi ve \u00e7al\u0131\u015fan memnuniyetini art\u0131ran sorunsuz bir i\u015fe al\u0131m s\u00fcreci sa\u011flay\u0131n.<\/p>","protected":false},"excerpt":{"rendered":"<p>Kurulu\u015funuzu, etkili yeni \u00e7al\u0131\u015fan oryantasyon programlar\u0131n\u0131 tasarlama ve uygulama becerileriyle g\u00fc\u00e7lendirin. Sorunsuz kat\u0131l\u0131mla \u00fcretkenli\u011fi ve elde tutma oran\u0131n\u0131 art\u0131r\u0131n.<\/p>","protected":false},"featured_media":27131,"template":"","meta":{"_et_pb_use_builder":"","_et_pb_old_content":"","_et_gb_content_width":""},"product_brand":[],"product_cat":[148,152,158],"product_tag":[],"class_list":{"0":"post-28548","1":"product","2":"type-product","3":"status-publish","4":"has-post-thumbnail","6":"product_cat-hr","7":"product_cat-management-training","8":"product_cat-onboarding","10":"first","11":"instock","12":"virtual","13":"sold-individually","14":"purchasable","15":"product-type-simple"},"yoast_head":"<!-- This site is optimized with the Yoast SEO plugin v27.4 - https:\/\/yoast.com\/product\/yoast-seo-wordpress\/ -->\n<title>New Hire Orientation - Global Safety &amp; Environmental<\/title>\n<meta name=\"description\" content=\"Transform your organization with our comprehensive new hire orientation course. Create engaging employee orientation programs for long-term benefits.\" \/>\n<meta name=\"robots\" content=\"index, follow, max-snippet:-1, max-image-preview:large, max-video-preview:-1\" \/>\n<link rel=\"canonical\" href=\"https:\/\/globaltraining.com\/tr\/urun\/yeni-ise-alim-oryantasyonu\/\" \/>\n<meta property=\"og:locale\" content=\"tr_TR\" \/>\n<meta property=\"og:type\" content=\"article\" \/>\n<meta property=\"og:title\" content=\"New Hire Orientation - Global Safety &amp; Environmental\" \/>\n<meta property=\"og:description\" content=\"Transform your organization with our comprehensive new hire orientation course. Create engaging employee orientation programs for long-term benefits.\" \/>\n<meta property=\"og:url\" content=\"https:\/\/globaltraining.com\/tr\/urun\/yeni-ise-alim-oryantasyonu\/\" \/>\n<meta property=\"og:site_name\" content=\"Global Safety &amp; Environmental\" \/>\n<meta property=\"article:modified_time\" content=\"2024-12-06T15:41:24+00:00\" \/>\n<meta property=\"og:image\" content=\"https:\/\/globaltraining.com\/wp-content\/uploads\/2021\/09\/new-hire.jpg\" \/>\n\t<meta property=\"og:image:width\" content=\"1200\" \/>\n\t<meta property=\"og:image:height\" content=\"800\" \/>\n\t<meta property=\"og:image:type\" content=\"image\/jpeg\" \/>\n<meta name=\"twitter:card\" content=\"summary_large_image\" \/>\n<meta name=\"twitter:label1\" content=\"Est. reading time\" \/>\n\t<meta name=\"twitter:data1\" content=\"3 minutes\" \/>\n<script type=\"application\/ld+json\" class=\"yoast-schema-graph\">{\"@context\":\"https:\\\/\\\/schema.org\",\"@graph\":[{\"@type\":\"WebPage\",\"@id\":\"https:\\\/\\\/globaltraining.com\\\/product\\\/new-hire-orientation\\\/\",\"url\":\"https:\\\/\\\/globaltraining.com\\\/product\\\/new-hire-orientation\\\/\",\"name\":\"New Hire Orientation - Global Safety &amp; Environmental\",\"isPartOf\":{\"@id\":\"https:\\\/\\\/globaltraining.com\\\/#website\"},\"primaryImageOfPage\":{\"@id\":\"https:\\\/\\\/globaltraining.com\\\/product\\\/new-hire-orientation\\\/#primaryimage\"},\"image\":{\"@id\":\"https:\\\/\\\/globaltraining.com\\\/product\\\/new-hire-orientation\\\/#primaryimage\"},\"thumbnailUrl\":\"https:\\\/\\\/globaltraining.com\\\/wp-content\\\/uploads\\\/2021\\\/09\\\/new-hire.jpg\",\"datePublished\":\"2023-09-11T15:03:40+00:00\",\"dateModified\":\"2024-12-06T15:41:24+00:00\",\"description\":\"Transform your organization with our comprehensive new hire orientation course. Create engaging employee orientation programs for long-term benefits.\",\"breadcrumb\":{\"@id\":\"https:\\\/\\\/globaltraining.com\\\/product\\\/new-hire-orientation\\\/#breadcrumb\"},\"inLanguage\":\"tr-TR\",\"potentialAction\":[{\"@type\":\"ReadAction\",\"target\":[\"https:\\\/\\\/globaltraining.com\\\/product\\\/new-hire-orientation\\\/\"]}]},{\"@type\":\"ImageObject\",\"inLanguage\":\"tr-TR\",\"@id\":\"https:\\\/\\\/globaltraining.com\\\/product\\\/new-hire-orientation\\\/#primaryimage\",\"url\":\"https:\\\/\\\/globaltraining.com\\\/wp-content\\\/uploads\\\/2021\\\/09\\\/new-hire.jpg\",\"contentUrl\":\"https:\\\/\\\/globaltraining.com\\\/wp-content\\\/uploads\\\/2021\\\/09\\\/new-hire.jpg\",\"width\":1200,\"height\":800,\"caption\":\"Business people shaking hands after successful meeting\"},{\"@type\":\"BreadcrumbList\",\"@id\":\"https:\\\/\\\/globaltraining.com\\\/product\\\/new-hire-orientation\\\/#breadcrumb\",\"itemListElement\":[{\"@type\":\"ListItem\",\"position\":1,\"name\":\"Home\",\"item\":\"https:\\\/\\\/globaltraining.com\\\/\"},{\"@type\":\"ListItem\",\"position\":2,\"name\":\"Productos\",\"item\":\"https:\\\/\\\/globaltraining.com\\\/es\\\/shop\\\/\"},{\"@type\":\"ListItem\",\"position\":3,\"name\":\"New Hire Orientation\"}]},{\"@type\":\"WebSite\",\"@id\":\"https:\\\/\\\/globaltraining.com\\\/#website\",\"url\":\"https:\\\/\\\/globaltraining.com\\\/\",\"name\":\"Global Safety & Environmental\",\"description\":\"Full Service Health, Safety, and Environmental Courses\",\"publisher\":{\"@id\":\"https:\\\/\\\/globaltraining.com\\\/#organization\"},\"potentialAction\":[{\"@type\":\"SearchAction\",\"target\":{\"@type\":\"EntryPoint\",\"urlTemplate\":\"https:\\\/\\\/globaltraining.com\\\/?s={search_term_string}\"},\"query-input\":{\"@type\":\"PropertyValueSpecification\",\"valueRequired\":true,\"valueName\":\"search_term_string\"}}],\"inLanguage\":\"tr-TR\"},{\"@type\":\"Organization\",\"@id\":\"https:\\\/\\\/globaltraining.com\\\/#organization\",\"name\":\"Global Safety & Environmental\",\"url\":\"https:\\\/\\\/globaltraining.com\\\/\",\"logo\":{\"@type\":\"ImageObject\",\"inLanguage\":\"tr-TR\",\"@id\":\"https:\\\/\\\/globaltraining.com\\\/#\\\/schema\\\/logo\\\/image\\\/\",\"url\":\"https:\\\/\\\/globaltraining.com\\\/wp-content\\\/uploads\\\/2021\\\/01\\\/GSE-Logo-for-email.png\",\"contentUrl\":\"https:\\\/\\\/globaltraining.com\\\/wp-content\\\/uploads\\\/2021\\\/01\\\/GSE-Logo-for-email.png\",\"width\":400,\"height\":101,\"caption\":\"Global Safety & Environmental\"},\"image\":{\"@id\":\"https:\\\/\\\/globaltraining.com\\\/#\\\/schema\\\/logo\\\/image\\\/\"}}]}<\/script>\n<!-- \/ Yoast SEO plugin. -->","yoast_head_json":{"title":"Yeni \u0130\u015fe Al\u0131m Oryantasyonu - K\u00fcresel G\u00fcvenlik ve \u00c7evre","description":"Kapsaml\u0131 yeni i\u015fe al\u0131m oryantasyon kursumuzla kurulu\u015funuzu d\u00f6n\u00fc\u015ft\u00fcr\u00fcn. Uzun vadeli faydalar i\u00e7in ilgi \u00e7ekici \u00e7al\u0131\u015fan oryantasyon programlar\u0131 olu\u015fturun.","robots":{"index":"index","follow":"follow","max-snippet":"max-snippet:-1","max-image-preview":"max-image-preview:large","max-video-preview":"max-video-preview:-1"},"canonical":"https:\/\/globaltraining.com\/tr\/urun\/yeni-ise-alim-oryantasyonu\/","og_locale":"tr_TR","og_type":"article","og_title":"New Hire Orientation - Global Safety &amp; Environmental","og_description":"Transform your organization with our comprehensive new hire orientation course. Create engaging employee orientation programs for long-term benefits.","og_url":"https:\/\/globaltraining.com\/tr\/urun\/yeni-ise-alim-oryantasyonu\/","og_site_name":"Global Safety &amp; Environmental","article_modified_time":"2024-12-06T15:41:24+00:00","og_image":[{"width":1200,"height":800,"url":"https:\/\/globaltraining.com\/wp-content\/uploads\/2021\/09\/new-hire.jpg","type":"image\/jpeg"}],"twitter_card":"summary_large_image","twitter_misc":{"Est. reading time":"3 minutes"},"schema":{"@context":"https:\/\/schema.org","@graph":[{"@type":"WebPage","@id":"https:\/\/globaltraining.com\/product\/new-hire-orientation\/","url":"https:\/\/globaltraining.com\/product\/new-hire-orientation\/","name":"Yeni \u0130\u015fe Al\u0131m Oryantasyonu - K\u00fcresel G\u00fcvenlik ve \u00c7evre","isPartOf":{"@id":"https:\/\/globaltraining.com\/#website"},"primaryImageOfPage":{"@id":"https:\/\/globaltraining.com\/product\/new-hire-orientation\/#primaryimage"},"image":{"@id":"https:\/\/globaltraining.com\/product\/new-hire-orientation\/#primaryimage"},"thumbnailUrl":"https:\/\/globaltraining.com\/wp-content\/uploads\/2021\/09\/new-hire.jpg","datePublished":"2023-09-11T15:03:40+00:00","dateModified":"2024-12-06T15:41:24+00:00","description":"Kapsaml\u0131 yeni i\u015fe al\u0131m oryantasyon kursumuzla kurulu\u015funuzu d\u00f6n\u00fc\u015ft\u00fcr\u00fcn. Uzun vadeli faydalar i\u00e7in ilgi \u00e7ekici \u00e7al\u0131\u015fan oryantasyon programlar\u0131 olu\u015fturun.","breadcrumb":{"@id":"https:\/\/globaltraining.com\/product\/new-hire-orientation\/#breadcrumb"},"inLanguage":"tr-TR","potentialAction":[{"@type":"ReadAction","target":["https:\/\/globaltraining.com\/product\/new-hire-orientation\/"]}]},{"@type":"ImageObject","inLanguage":"tr-TR","@id":"https:\/\/globaltraining.com\/product\/new-hire-orientation\/#primaryimage","url":"https:\/\/globaltraining.com\/wp-content\/uploads\/2021\/09\/new-hire.jpg","contentUrl":"https:\/\/globaltraining.com\/wp-content\/uploads\/2021\/09\/new-hire.jpg","width":1200,"height":800,"caption":"Business people shaking hands after successful meeting"},{"@type":"BreadcrumbList","@id":"https:\/\/globaltraining.com\/product\/new-hire-orientation\/#breadcrumb","itemListElement":[{"@type":"ListItem","position":1,"name":"Home","item":"https:\/\/globaltraining.com\/"},{"@type":"ListItem","position":2,"name":"Productos","item":"https:\/\/globaltraining.com\/es\/shop\/"},{"@type":"ListItem","position":3,"name":"New Hire Orientation"}]},{"@type":"WebSite","@id":"https:\/\/globaltraining.com\/#website","url":"https:\/\/globaltraining.com\/","name":"K\u00fcresel G\u00fcvenlik ve \u00c7evre","description":"Tam Hizmet Sa\u011fl\u0131k, G\u00fcvenlik ve \u00c7evre Kurslar\u0131","publisher":{"@id":"https:\/\/globaltraining.com\/#organization"},"potentialAction":[{"@type":"SearchAction","target":{"@type":"EntryPoint","urlTemplate":"https:\/\/globaltraining.com\/?s={search_term_string}"},"query-input":{"@type":"PropertyValueSpecification","valueRequired":true,"valueName":"search_term_string"}}],"inLanguage":"tr-TR"},{"@type":"Organization","@id":"https:\/\/globaltraining.com\/#organization","name":"K\u00fcresel G\u00fcvenlik ve \u00c7evre","url":"https:\/\/globaltraining.com\/","logo":{"@type":"ImageObject","inLanguage":"tr-TR","@id":"https:\/\/globaltraining.com\/#\/schema\/logo\/image\/","url":"https:\/\/globaltraining.com\/wp-content\/uploads\/2021\/01\/GSE-Logo-for-email.png","contentUrl":"https:\/\/globaltraining.com\/wp-content\/uploads\/2021\/01\/GSE-Logo-for-email.png","width":400,"height":101,"caption":"Global Safety & Environmental"},"image":{"@id":"https:\/\/globaltraining.com\/#\/schema\/logo\/image\/"}}]}},"_links":{"self":[{"href":"https:\/\/globaltraining.com\/tr\/wp-json\/wp\/v2\/product\/28548","targetHints":{"allow":["GET"]}}],"collection":[{"href":"https:\/\/globaltraining.com\/tr\/wp-json\/wp\/v2\/product"}],"about":[{"href":"https:\/\/globaltraining.com\/tr\/wp-json\/wp\/v2\/types\/product"}],"wp:featuredmedia":[{"embeddable":true,"href":"https:\/\/globaltraining.com\/tr\/wp-json\/wp\/v2\/media\/27131"}],"wp:attachment":[{"href":"https:\/\/globaltraining.com\/tr\/wp-json\/wp\/v2\/media?parent=28548"}],"wp:term":[{"taxonomy":"product_brand","embeddable":true,"href":"https:\/\/globaltraining.com\/tr\/wp-json\/wp\/v2\/product_brand?post=28548"},{"taxonomy":"product_cat","embeddable":true,"href":"https:\/\/globaltraining.com\/tr\/wp-json\/wp\/v2\/product_cat?post=28548"},{"taxonomy":"product_tag","embeddable":true,"href":"https:\/\/globaltraining.com\/tr\/wp-json\/wp\/v2\/product_tag?post=28548"}],"curies":[{"name":"wp","href":"https:\/\/api.w.org\/{rel}","templated":true}]}}