{"id":28547,"date":"2023-09-11T09:53:51","date_gmt":"2023-09-11T14:53:51","guid":{"rendered":"https:\/\/globaltraining.com\/?post_type=product&#038;p=28547"},"modified":"2024-12-06T09:42:17","modified_gmt":"2024-12-06T15:42:17","slug":"norm-farkindaligi","status":"publish","type":"product","link":"https:\/\/globaltraining.com\/tr\/product\/norm-awareness\/","title":{"rendered":"NORM G\u00fcvenli\u011fi"},"content":{"rendered":"<h2>Norm Fark\u0131ndal\u0131\u011f\u0131n\u0131n \u00d6nemi<\/h2>\n<p>\u0130\u015f yerinizdeki normlar\u0131 anlama ve uygulaman\u0131n kritik y\u00f6nlerini derinlemesine inceledi\u011fimiz, norm fark\u0131ndal\u0131\u011f\u0131na ili\u015fkin kapsaml\u0131 kursumuza ho\u015f geldiniz. G\u00fcn\u00fcm\u00fcz\u00fcn s\u00fcrekli de\u011fi\u015fen d\u00fczenleme ortam\u0131nda, OSHA normlar\u0131na maruz kalma s\u0131n\u0131rlar\u0131na uymak ve norm g\u00fcvenli\u011fini sa\u011flamak \u00e7ok \u00f6nemlidir. Bu kurs, sizi bu zorluklar\u0131 ba\u015far\u0131yla a\u015fman\u0131z i\u00e7in gereken bilgi ve becerilerle donatmak i\u00e7in tasarlanm\u0131\u015ft\u0131r.<\/p>\n<h2>OSHA Normu Maruz Kalma Limitleri<\/h2>\n<p>Bu kursun ana odak noktalar\u0131ndan biri OSHA normuna maruz kalma s\u0131n\u0131rlar\u0131d\u0131r. Mesleki G\u00fcvenlik ve Sa\u011fl\u0131k \u0130daresi (OSHA), \u00e7al\u0131\u015fanlar\u0131 tehlikeli maddelere maruz kalmaktan korumak i\u00e7in kat\u0131 kurallar koyar. Bu maruz kalma s\u0131n\u0131rlar\u0131n\u0131 anlamak ve bunlara uymak yaln\u0131zca yasal bir zorunluluk de\u011fil, ayn\u0131 zamanda \u00e7al\u0131\u015fanlar\u0131n\u0131z\u0131n sa\u011fl\u0131\u011f\u0131 a\u00e7\u0131s\u0131ndan da hayati \u00f6neme sahiptir.<\/p>\n<p>Uzman e\u011fitmenlerimiz, OSHA d\u00fczenlemelerinin inceliklerini size anlatacak ve sekt\u00f6r\u00fcn\u00fczle ilgili spesifik maruz kalma limitlerini anlaman\u0131za yard\u0131mc\u0131 olacakt\u0131r. Uyumsuzlu\u011fun sonu\u00e7lar\u0131n\u0131 ve bu normlara uyman\u0131n faydalar\u0131n\u0131 g\u00f6stermek i\u00e7in ger\u00e7ek d\u00fcnyadan \u00f6rnekler ve vaka \u00e7al\u0131\u015fmalar\u0131 sunuyoruz.<\/p>\n<h2>Norm G\u00fcvenli\u011fi<\/h2>\n<p>Norm g\u00fcvenli\u011fi, i\u015fyeri g\u00fcvenli\u011fi ve uyumlulu\u011funun \u00e7e\u015fitli y\u00f6nlerini kapsayan \u00e7ok y\u00f6nl\u00fc bir kavramd\u0131r. Bu kurs temel bilgilerin \u00f6tesine ge\u00e7erek kurulu\u015funuzda bir g\u00fcvenlik k\u00fclt\u00fcr\u00fc yaratman\u0131n inceliklerini derinlemesine inceler. Herkes i\u00e7in emniyetli ve emniyetli bir \u00e7al\u0131\u015fma ortam\u0131 sa\u011flamak amac\u0131yla risk de\u011ferlendirmesi, tehlike azaltma ve acil durum haz\u0131rl\u0131\u011f\u0131na y\u00f6nelik stratejiler ara\u015ft\u0131r\u0131yoruz.<\/p>\n<p>Alan\u0131nda uzun y\u0131llara dayanan deneyime sahip e\u011fitmenlerimiz, potansiyel g\u00fcvenlik tehlikelerini belirleme ve etkili g\u00fcvenlik \u00f6nlemlerini uygulama s\u00fcrecinde size rehberlik edecektir. S\u00fcrekli iyile\u015ftirmenin \u00f6nemini vurguluyor ve i\u015f yerinizi uyumlu ve tehlikesiz tutmak i\u00e7in size ara\u00e7 ve kaynaklar sa\u011fl\u0131yoruz.<\/p>\n<h2>Norm Fark\u0131ndal\u0131\u011f\u0131n\u0131n Faydalar\u0131<\/h2>\n<p>Bu kursun sonunda norm fark\u0131ndal\u0131\u011f\u0131 ve bunun sekt\u00f6r\u00fcn\u00fczdeki \u00f6nemi hakk\u0131nda kapsaml\u0131 bir anlay\u0131\u015f kazanacaks\u0131n\u0131z. Bekleyebilece\u011finiz temel avantajlardan baz\u0131lar\u0131 \u015funlard\u0131r:<\/p>\n<ul>\n<li>Geli\u015fmi\u015f \u0130\u015fyeri G\u00fcvenli\u011fi: Kaza ve yaralanma riskini azaltarak potansiyel tehlikeleri tespit etmek ve azaltmak i\u00e7in iyi donan\u0131ma sahip olacaks\u0131n\u0131z.<\/li>\n<li>Yasal Uyumluluk: OSHA normlar\u0131na maruz kalma s\u0131n\u0131rlar\u0131n\u0131 anlamak ve bunlara uymak, kurulu\u015funuzun d\u00fczenlemelere uygun kalmas\u0131n\u0131 sa\u011flayarak maliyetli cezalardan ka\u00e7\u0131nacakt\u0131r.<\/li>\n<li>\u00c7al\u0131\u015fan Moralinin \u0130yile\u015ftirilmesi: G\u00fcvenli bir i\u015f yeri, i\u015f g\u00fcc\u00fcn\u00fcz aras\u0131nda g\u00fcveni ve itimad\u0131 art\u0131r\u0131r ve daha y\u00fcksek i\u015f tatmini ve \u00fcretkenli\u011fe yol a\u00e7ar.<\/li>\n<li>Sorumlulu\u011fun Azalt\u0131lmas\u0131: Proaktif norm g\u00fcvenlik \u00f6nlemleri kurulu\u015funuzu i\u015fyeri kazalar\u0131yla ilgili yasal y\u00fck\u00fcml\u00fcl\u00fcklerden koruyabilir.<\/li>\n<li>Rekabet Avantaj\u0131: Norm g\u00fcvenli\u011fine ba\u011fl\u0131l\u0131k g\u00f6stermek itibar\u0131n\u0131z\u0131 art\u0131rabilir ve size pazarda avantaj sa\u011flayabilir.<\/li>\n<\/ul>\n<h2>Ba\u015far\u0131ya Giden Yolunuz Burada Ba\u015fl\u0131yor<\/h2>\n<p>Norm fark\u0131ndal\u0131\u011f\u0131n\u0131z\u0131 geli\u015ftirmek ve kurulu\u015funuzu yeni boyutlara ta\u015f\u0131mak i\u00e7in bu f\u0131rsat\u0131 ka\u00e7\u0131rmay\u0131n. Kursumuza bug\u00fcn kaydolun ve daha g\u00fcvenli, daha uyumlu ve ba\u015far\u0131l\u0131 bir gelece\u011fe do\u011fru ilk ad\u0131m\u0131 at\u0131n. Norm g\u00fcvenli\u011fine \u00f6ncelik veren sekt\u00f6r liderlerinin saflar\u0131na kat\u0131l\u0131n ve g\u00fcvenli ve geli\u015fen bir i\u015fyerinin \u00f6d\u00fcllerini toplay\u0131n.<\/p>\n<p>Kendinizi OSHA normlar\u0131na maruz kalma s\u0131n\u0131rlar\u0131n\u0131 a\u015fmak ve norm g\u00fcvenli\u011fi k\u00fclt\u00fcr\u00fcn\u00fc geli\u015ftirmek i\u00e7in gereken bilgi ve becerilerle donat\u0131n. M\u00fckemmelli\u011fe giden bu yolculukta bize kat\u0131l\u0131n. Ba\u015far\u0131n\u0131z bizim g\u00f6revimizdir.<\/p>","protected":false},"excerpt":{"rendered":"<p>Kurulu\u015funuzu, OSHA normlar\u0131na maruz kalma s\u0131n\u0131rlar\u0131nda gezinme ve norm g\u00fcvenli\u011fini \u00f6nceliklendirme konusunda bilgiyle g\u00fc\u00e7lendirin. Uyumlulu\u011fu ve g\u00fcvenli bir i\u015f yerini sa\u011flay\u0131n.<\/p>","protected":false},"featured_media":27179,"template":"","meta":{"_et_pb_use_builder":"","_et_pb_old_content":"","_et_gb_content_width":""},"product_brand":[],"product_cat":[174,141,143,161,162],"product_tag":[],"class_list":{"0":"post-28547","1":"product","2":"type-product","3":"status-publish","4":"has-post-thumbnail","6":"product_cat-environmental","7":"product_cat-hazardous-materials","8":"product_cat-health-and-safety","9":"product_cat-radiation","10":"product_cat-remediation","12":"first","13":"instock","14":"virtual","15":"sold-individually","16":"purchasable","17":"product-type-simple"},"yoast_head":"<!-- This site is optimized with the Yoast SEO plugin v27.3 - https:\/\/yoast.com\/product\/yoast-seo-wordpress\/ -->\n<title>N.O.R.M Safety - Global Safety &amp; Environmental<\/title>\n<meta name=\"description\" content=\"Gain a competitive edge by mastering norm awareness, OSHA norm exposure limits, and norm safety. Ensure workplace compliance and safety. Enroll now!\" \/>\n<meta name=\"robots\" content=\"index, follow, max-snippet:-1, max-image-preview:large, max-video-preview:-1\" \/>\n<link rel=\"canonical\" href=\"https:\/\/globaltraining.com\/tr\/urun\/norm-farkindaligi\/\" \/>\n<meta property=\"og:locale\" content=\"tr_TR\" \/>\n<meta property=\"og:type\" content=\"article\" \/>\n<meta property=\"og:title\" content=\"N.O.R.M Safety - Global Safety &amp; Environmental\" \/>\n<meta property=\"og:description\" content=\"Gain a competitive edge by mastering norm awareness, OSHA norm exposure limits, and norm safety. Ensure workplace compliance and safety. Enroll now!\" \/>\n<meta property=\"og:url\" content=\"https:\/\/globaltraining.com\/tr\/urun\/norm-farkindaligi\/\" \/>\n<meta property=\"og:site_name\" content=\"Global Safety &amp; Environmental\" \/>\n<meta property=\"article:modified_time\" content=\"2024-12-06T15:42:17+00:00\" \/>\n<meta property=\"og:image\" content=\"https:\/\/globaltraining.com\/wp-content\/uploads\/2021\/09\/iStock-1031172638.jpg\" \/>\n\t<meta property=\"og:image:width\" content=\"1200\" \/>\n\t<meta property=\"og:image:height\" content=\"800\" \/>\n\t<meta property=\"og:image:type\" content=\"image\/jpeg\" \/>\n<meta name=\"twitter:card\" content=\"summary_large_image\" \/>\n<meta name=\"twitter:label1\" content=\"Est. reading time\" \/>\n\t<meta name=\"twitter:data1\" content=\"3 minutes\" \/>\n<script type=\"application\/ld+json\" class=\"yoast-schema-graph\">{\"@context\":\"https:\\\/\\\/schema.org\",\"@graph\":[{\"@type\":\"WebPage\",\"@id\":\"https:\\\/\\\/globaltraining.com\\\/product\\\/norm-awareness\\\/\",\"url\":\"https:\\\/\\\/globaltraining.com\\\/product\\\/norm-awareness\\\/\",\"name\":\"N.O.R.M Safety - Global Safety &amp; Environmental\",\"isPartOf\":{\"@id\":\"https:\\\/\\\/globaltraining.com\\\/#website\"},\"primaryImageOfPage\":{\"@id\":\"https:\\\/\\\/globaltraining.com\\\/product\\\/norm-awareness\\\/#primaryimage\"},\"image\":{\"@id\":\"https:\\\/\\\/globaltraining.com\\\/product\\\/norm-awareness\\\/#primaryimage\"},\"thumbnailUrl\":\"https:\\\/\\\/globaltraining.com\\\/wp-content\\\/uploads\\\/2021\\\/09\\\/iStock-1031172638.jpg\",\"datePublished\":\"2023-09-11T14:53:51+00:00\",\"dateModified\":\"2024-12-06T15:42:17+00:00\",\"description\":\"Gain a competitive edge by mastering norm awareness, OSHA norm exposure limits, and norm safety. Ensure workplace compliance and safety. Enroll now!\",\"breadcrumb\":{\"@id\":\"https:\\\/\\\/globaltraining.com\\\/product\\\/norm-awareness\\\/#breadcrumb\"},\"inLanguage\":\"tr-TR\",\"potentialAction\":[{\"@type\":\"ReadAction\",\"target\":[\"https:\\\/\\\/globaltraining.com\\\/product\\\/norm-awareness\\\/\"]}]},{\"@type\":\"ImageObject\",\"inLanguage\":\"tr-TR\",\"@id\":\"https:\\\/\\\/globaltraining.com\\\/product\\\/norm-awareness\\\/#primaryimage\",\"url\":\"https:\\\/\\\/globaltraining.com\\\/wp-content\\\/uploads\\\/2021\\\/09\\\/iStock-1031172638.jpg\",\"contentUrl\":\"https:\\\/\\\/globaltraining.com\\\/wp-content\\\/uploads\\\/2021\\\/09\\\/iStock-1031172638.jpg\",\"width\":1200,\"height\":800,\"caption\":\"N.O.R.M Awareness\"},{\"@type\":\"BreadcrumbList\",\"@id\":\"https:\\\/\\\/globaltraining.com\\\/product\\\/norm-awareness\\\/#breadcrumb\",\"itemListElement\":[{\"@type\":\"ListItem\",\"position\":1,\"name\":\"Home\",\"item\":\"https:\\\/\\\/globaltraining.com\\\/\"},{\"@type\":\"ListItem\",\"position\":2,\"name\":\"Productos\",\"item\":\"https:\\\/\\\/globaltraining.com\\\/es\\\/shop\\\/\"},{\"@type\":\"ListItem\",\"position\":3,\"name\":\"N.O.R.M Safety\"}]},{\"@type\":\"WebSite\",\"@id\":\"https:\\\/\\\/globaltraining.com\\\/#website\",\"url\":\"https:\\\/\\\/globaltraining.com\\\/\",\"name\":\"Global Safety & Environmental\",\"description\":\"Full Service Health, Safety, and Environmental Courses\",\"publisher\":{\"@id\":\"https:\\\/\\\/globaltraining.com\\\/#organization\"},\"potentialAction\":[{\"@type\":\"SearchAction\",\"target\":{\"@type\":\"EntryPoint\",\"urlTemplate\":\"https:\\\/\\\/globaltraining.com\\\/?s={search_term_string}\"},\"query-input\":{\"@type\":\"PropertyValueSpecification\",\"valueRequired\":true,\"valueName\":\"search_term_string\"}}],\"inLanguage\":\"tr-TR\"},{\"@type\":\"Organization\",\"@id\":\"https:\\\/\\\/globaltraining.com\\\/#organization\",\"name\":\"Global Safety & Environmental\",\"url\":\"https:\\\/\\\/globaltraining.com\\\/\",\"logo\":{\"@type\":\"ImageObject\",\"inLanguage\":\"tr-TR\",\"@id\":\"https:\\\/\\\/globaltraining.com\\\/#\\\/schema\\\/logo\\\/image\\\/\",\"url\":\"https:\\\/\\\/globaltraining.com\\\/wp-content\\\/uploads\\\/2021\\\/01\\\/GSE-Logo-for-email.png\",\"contentUrl\":\"https:\\\/\\\/globaltraining.com\\\/wp-content\\\/uploads\\\/2021\\\/01\\\/GSE-Logo-for-email.png\",\"width\":400,\"height\":101,\"caption\":\"Global Safety & Environmental\"},\"image\":{\"@id\":\"https:\\\/\\\/globaltraining.com\\\/#\\\/schema\\\/logo\\\/image\\\/\"}}]}<\/script>\n<!-- \/ Yoast SEO plugin. -->","yoast_head_json":{"title":"NORM Safety - K\u00fcresel G\u00fcvenlik ve \u00c7evre","description":"Norm fark\u0131ndal\u0131\u011f\u0131, OSHA norm maruziyet limitleri ve norm g\u00fcvenli\u011fi konusunda uzmanla\u015farak rekabet avantaj\u0131 elde edin. \u0130\u015fyeri uyumlulu\u011funu ve g\u00fcvenli\u011fini sa\u011flay\u0131n. Hemen kaydolun!","robots":{"index":"index","follow":"follow","max-snippet":"max-snippet:-1","max-image-preview":"max-image-preview:large","max-video-preview":"max-video-preview:-1"},"canonical":"https:\/\/globaltraining.com\/tr\/urun\/norm-farkindaligi\/","og_locale":"tr_TR","og_type":"article","og_title":"N.O.R.M Safety - Global Safety &amp; Environmental","og_description":"Gain a competitive edge by mastering norm awareness, OSHA norm exposure limits, and norm safety. Ensure workplace compliance and safety. Enroll now!","og_url":"https:\/\/globaltraining.com\/tr\/urun\/norm-farkindaligi\/","og_site_name":"Global Safety &amp; Environmental","article_modified_time":"2024-12-06T15:42:17+00:00","og_image":[{"width":1200,"height":800,"url":"https:\/\/globaltraining.com\/wp-content\/uploads\/2021\/09\/iStock-1031172638.jpg","type":"image\/jpeg"}],"twitter_card":"summary_large_image","twitter_misc":{"Est. reading time":"3 minutes"},"schema":{"@context":"https:\/\/schema.org","@graph":[{"@type":"WebPage","@id":"https:\/\/globaltraining.com\/product\/norm-awareness\/","url":"https:\/\/globaltraining.com\/product\/norm-awareness\/","name":"NORM Safety - K\u00fcresel G\u00fcvenlik ve \u00c7evre","isPartOf":{"@id":"https:\/\/globaltraining.com\/#website"},"primaryImageOfPage":{"@id":"https:\/\/globaltraining.com\/product\/norm-awareness\/#primaryimage"},"image":{"@id":"https:\/\/globaltraining.com\/product\/norm-awareness\/#primaryimage"},"thumbnailUrl":"https:\/\/globaltraining.com\/wp-content\/uploads\/2021\/09\/iStock-1031172638.jpg","datePublished":"2023-09-11T14:53:51+00:00","dateModified":"2024-12-06T15:42:17+00:00","description":"Norm fark\u0131ndal\u0131\u011f\u0131, OSHA norm maruziyet limitleri ve norm g\u00fcvenli\u011fi konusunda uzmanla\u015farak rekabet avantaj\u0131 elde edin. \u0130\u015fyeri uyumlulu\u011funu ve g\u00fcvenli\u011fini sa\u011flay\u0131n. Hemen kaydolun!","breadcrumb":{"@id":"https:\/\/globaltraining.com\/product\/norm-awareness\/#breadcrumb"},"inLanguage":"tr-TR","potentialAction":[{"@type":"ReadAction","target":["https:\/\/globaltraining.com\/product\/norm-awareness\/"]}]},{"@type":"ImageObject","inLanguage":"tr-TR","@id":"https:\/\/globaltraining.com\/product\/norm-awareness\/#primaryimage","url":"https:\/\/globaltraining.com\/wp-content\/uploads\/2021\/09\/iStock-1031172638.jpg","contentUrl":"https:\/\/globaltraining.com\/wp-content\/uploads\/2021\/09\/iStock-1031172638.jpg","width":1200,"height":800,"caption":"N.O.R.M Awareness"},{"@type":"BreadcrumbList","@id":"https:\/\/globaltraining.com\/product\/norm-awareness\/#breadcrumb","itemListElement":[{"@type":"ListItem","position":1,"name":"Home","item":"https:\/\/globaltraining.com\/"},{"@type":"ListItem","position":2,"name":"Productos","item":"https:\/\/globaltraining.com\/es\/shop\/"},{"@type":"ListItem","position":3,"name":"N.O.R.M Safety"}]},{"@type":"WebSite","@id":"https:\/\/globaltraining.com\/#website","url":"https:\/\/globaltraining.com\/","name":"K\u00fcresel G\u00fcvenlik ve \u00c7evre","description":"Tam Hizmet Sa\u011fl\u0131k, G\u00fcvenlik ve \u00c7evre Kurslar\u0131","publisher":{"@id":"https:\/\/globaltraining.com\/#organization"},"potentialAction":[{"@type":"SearchAction","target":{"@type":"EntryPoint","urlTemplate":"https:\/\/globaltraining.com\/?s={search_term_string}"},"query-input":{"@type":"PropertyValueSpecification","valueRequired":true,"valueName":"search_term_string"}}],"inLanguage":"tr-TR"},{"@type":"Organization","@id":"https:\/\/globaltraining.com\/#organization","name":"K\u00fcresel G\u00fcvenlik ve \u00c7evre","url":"https:\/\/globaltraining.com\/","logo":{"@type":"ImageObject","inLanguage":"tr-TR","@id":"https:\/\/globaltraining.com\/#\/schema\/logo\/image\/","url":"https:\/\/globaltraining.com\/wp-content\/uploads\/2021\/01\/GSE-Logo-for-email.png","contentUrl":"https:\/\/globaltraining.com\/wp-content\/uploads\/2021\/01\/GSE-Logo-for-email.png","width":400,"height":101,"caption":"Global Safety & Environmental"},"image":{"@id":"https:\/\/globaltraining.com\/#\/schema\/logo\/image\/"}}]}},"_links":{"self":[{"href":"https:\/\/globaltraining.com\/tr\/wp-json\/wp\/v2\/product\/28547","targetHints":{"allow":["GET"]}}],"collection":[{"href":"https:\/\/globaltraining.com\/tr\/wp-json\/wp\/v2\/product"}],"about":[{"href":"https:\/\/globaltraining.com\/tr\/wp-json\/wp\/v2\/types\/product"}],"wp:featuredmedia":[{"embeddable":true,"href":"https:\/\/globaltraining.com\/tr\/wp-json\/wp\/v2\/media\/27179"}],"wp:attachment":[{"href":"https:\/\/globaltraining.com\/tr\/wp-json\/wp\/v2\/media?parent=28547"}],"wp:term":[{"taxonomy":"product_brand","embeddable":true,"href":"https:\/\/globaltraining.com\/tr\/wp-json\/wp\/v2\/product_brand?post=28547"},{"taxonomy":"product_cat","embeddable":true,"href":"https:\/\/globaltraining.com\/tr\/wp-json\/wp\/v2\/product_cat?post=28547"},{"taxonomy":"product_tag","embeddable":true,"href":"https:\/\/globaltraining.com\/tr\/wp-json\/wp\/v2\/product_tag?post=28547"}],"curies":[{"name":"wp","href":"https:\/\/api.w.org\/{rel}","templated":true}]}}