{"id":28546,"date":"2023-09-11T09:50:35","date_gmt":"2023-09-11T14:50:35","guid":{"rendered":"https:\/\/globaltraining.com\/?post_type=product&#038;p=28546"},"modified":"2024-12-06T09:44:20","modified_gmt":"2024-12-06T15:44:20","slug":"metanol-farkindaligi","status":"publish","type":"product","link":"https:\/\/globaltraining.com\/tr\/product\/methanol-awareness\/","title":{"rendered":"Metanol Fark\u0131ndal\u0131\u011f\u0131"},"content":{"rendered":"<h2>Metanol Fark\u0131ndal\u0131\u011f\u0131: Tehlikeleri Anlamak<\/h2>\n<p>Metanol fark\u0131ndal\u0131\u011f\u0131, bu kimyasal\u0131n kullan\u0131ld\u0131\u011f\u0131 end\u00fcstrilerde \u00e7ok \u00f6nemlidir. Odun alkol\u00fc olarak da bilinen metanol, \u00e7e\u015fitli end\u00fcstriyel uygulamalara sahip yayg\u0131n bir \u00e7\u00f6z\u00fcc\u00fc ve yak\u0131tt\u0131r. Ancak metanol\u00fcn tehlikeleri hakk\u0131nda bilgi sahibi olmak ve metanol g\u00fcvenli\u011finin uygulanmas\u0131 kazalar\u0131 \u00f6nlemek ve hayatlar\u0131 korumak i\u00e7in \u015fartt\u0131r.<\/p>\n<p>Metanol fark\u0131ndal\u0131\u011f\u0131 ve g\u00fcvenli\u011finin \u00f6nemine girmeden \u00f6nce metanol\u00fcn do\u011fas\u0131n\u0131 anlayal\u0131m. Metanol, hafif tatl\u0131 bir kokuya sahip, renksiz, yan\u0131c\u0131 bir s\u0131v\u0131d\u0131r. Olduk\u00e7a u\u00e7ucudur ve \u00f6n cam y\u0131kama s\u0131v\u0131s\u0131, antifriz ve baz\u0131 temizlik maddeleri dahil olmak \u00fczere \u00e7e\u015fitli \u00fcr\u00fcnlerde bulunabilir. End\u00fcstriyel ortamlarda biyodizel \u00fcretimi, kimyasal \u00fcretim gibi i\u015flemlerde ve yak\u0131t katk\u0131 maddesi olarak kullan\u0131l\u0131r.<\/p>\n<h2>Metanol Tehlikeleri: Riskleri Bilin<\/h2>\n<p>Yayg\u0131n kullan\u0131m\u0131na ra\u011fmen metanol, onu potansiyel olarak tehlikeli bir madde haline getiren \u00e7e\u015fitli tehlikelerle ili\u015fkilidir. Birincil endi\u015fe, yutuldu\u011funda, solundu\u011funda veya cilt yoluyla emildi\u011finde toksisitesidir. Metanol zehirlenmesi ba\u015f a\u011fr\u0131s\u0131, ba\u015f d\u00f6nmesi, mide bulant\u0131s\u0131 gibi semptomlara yol a\u00e7abilir ve ciddi vakalarda k\u00f6rl\u00fc\u011fe, organ yetmezli\u011fine ve hatta \u00f6l\u00fcme neden olabilir.<\/p>\n<p>Ayr\u0131ca metanol son derece yan\u0131c\u0131d\u0131r ve hem s\u0131v\u0131 hem de buhar halinde yang\u0131n tehlikesi olu\u015fturur. Metanol\u00fcn parlama noktas\u0131 nispeten d\u00fc\u015f\u00fckt\u00fcr, bu da a\u00e7\u0131k aleve veya k\u0131v\u0131lc\u0131ma maruz kald\u0131\u011f\u0131nda kolayca tutu\u015fabilece\u011fi anlam\u0131na gelir. Bu, kazalar\u0131 \u00f6nlemek i\u00e7in uygun depolama ve ta\u015f\u0131may\u0131 \u00e7ok \u00f6nemli hale getirir.<\/p>\n<h2>Metanol G\u00fcvenli\u011fi: En \u0130yi Uygulamalar<\/h2>\n<p>Bu kimyasal\u0131 kullanan end\u00fcstrilerde metanol g\u00fcvenli\u011finin sa\u011flanmas\u0131 tart\u0131\u015f\u0131lamaz. \u0130\u015fte baz\u0131 temel g\u00fcvenlik \u00f6nlemleri:<\/p>\n<p><strong>1. Uygun Havaland\u0131rma:<\/strong> Metanol\u00fcn depoland\u0131\u011f\u0131 veya kullan\u0131ld\u0131\u011f\u0131 alanlar\u0131n potansiyel olarak zararl\u0131 buharlar\u0131 da\u011f\u0131tmak i\u00e7in iyi havaland\u0131r\u0131ld\u0131\u011f\u0131ndan emin olun.<\/p>\n<p><strong>2. Ki\u015fisel Koruyucu Ekipman (KKD):<\/strong> \u0130\u015f\u00e7iler, cilt temas\u0131n\u0131 en aza indirmek ve s\u0131\u00e7ramalara kar\u015f\u0131 koruma sa\u011flamak i\u00e7in g\u00fcvenlik g\u00f6zl\u00fckleri, eldivenler ve tam koruma sa\u011flayan giysiler de dahil olmak \u00fczere uygun KKD giymelidir.<\/p>\n<p><strong>3. Yang\u0131n G\u00fcvenli\u011fi:<\/strong> Metanol deposu olan alanlara yang\u0131n alg\u0131lama ve s\u00f6nd\u00fcrme sistemleri kurun. \u00c7al\u0131\u015fanlar\u0131 yang\u0131na m\u00fcdahale prosed\u00fcrleri konusunda e\u011fitin.<\/p>\n<p><strong>4. Acil Durum M\u00fcdahalesi:<\/strong> D\u00f6k\u00fclme, s\u0131z\u0131nt\u0131 veya maruz kalma vakalar\u0131na kar\u015f\u0131 iyi tan\u0131mlanm\u0131\u015f bir acil m\u00fcdahale plan\u0131na sahip olun. \u00c7al\u0131\u015fanlar metanol maruziyeti durumunda ilk yard\u0131m konusunda e\u011fitilmelidir.<\/p>\n<p><strong>5. Depolama ve Etiketleme:<\/strong> Metanol\u00fc onayl\u0131 kaplarda saklay\u0131n ve di\u011fer maddelerle kar\u0131\u015fmas\u0131n\u0131 \u00f6nlemek i\u00e7in bunlar\u0131 a\u00e7\u0131k\u00e7a etiketleyin. Uyumsuz malzemelerden uzakta saklay\u0131n.<\/p>\n<p>Metanol fark\u0131ndal\u0131\u011f\u0131 ve g\u00fcvenlik e\u011fitimi, metanol\u00fcn kullan\u0131ld\u0131\u011f\u0131 her i\u015fyerinin hayati bile\u015fenleridir. Metanol fark\u0131ndal\u0131\u011f\u0131na ili\u015fkin kapsaml\u0131 kursumuz, metanol\u00fcn g\u00fcvenli bir \u015fekilde kullan\u0131lmas\u0131 ve y\u00f6netilmesinin t\u00fcm y\u00f6nlerini kapsar. Bug\u00fcn kaydolun ve kendinizi veya \u00e7al\u0131\u015fanlar\u0131n\u0131z\u0131 metanolle g\u00fcvenli bir \u015fekilde \u00e7al\u0131\u015fmak i\u00e7in gereken bilgi ve becerilerle donat\u0131n.<\/p>","protected":false},"excerpt":{"rendered":"<p>Metanol Fark\u0131ndal\u0131\u011f\u0131 kursumuz g\u00fcvenli metanol kullan\u0131m\u0131 i\u00e7in gerekli bilgileri sa\u011flar. End\u00fcstriyel ortamlarda hayatlar\u0131 koruyun ve kazalar\u0131 \u00f6nleyin. \u015eimdi kay\u0131t!<\/p>","protected":false},"featured_media":15330,"template":"","meta":{"_et_pb_use_builder":"","_et_pb_old_content":"","_et_gb_content_width":""},"product_brand":[],"product_cat":[118,125,131,132,143,160],"product_tag":[],"class_list":{"0":"post-28546","1":"product","2":"type-product","3":"status-publish","4":"has-post-thumbnail","6":"product_cat-air-and-gas-monitoring","7":"product_cat-dangerous-chemicals","8":"product_cat-emergency-preparedness","9":"product_cat-equipment","10":"product_cat-health-and-safety","11":"product_cat-ppe","13":"first","14":"instock","15":"virtual","16":"sold-individually","17":"purchasable","18":"product-type-simple"},"yoast_head":"<!-- This site is optimized with the Yoast SEO plugin v27.3 - https:\/\/yoast.com\/product\/yoast-seo-wordpress\/ -->\n<title>Methanol Awareness - Global Safety &amp; Environmental<\/title>\n<meta name=\"description\" content=\"Learn about methanol awareness, hazards, and safety measures. Enroll in our course to ensure safe handling of methanol in industrial settings.\" \/>\n<meta name=\"robots\" content=\"index, follow, max-snippet:-1, max-image-preview:large, max-video-preview:-1\" \/>\n<link rel=\"canonical\" href=\"https:\/\/globaltraining.com\/tr\/urun\/metanol-farkindaligi\/\" \/>\n<meta property=\"og:locale\" content=\"tr_TR\" \/>\n<meta property=\"og:type\" content=\"article\" \/>\n<meta property=\"og:title\" content=\"Methanol Awareness - Global Safety &amp; Environmental\" \/>\n<meta property=\"og:description\" content=\"Learn about methanol awareness, hazards, and safety measures. Enroll in our course to ensure safe handling of methanol in industrial settings.\" \/>\n<meta property=\"og:url\" content=\"https:\/\/globaltraining.com\/tr\/urun\/metanol-farkindaligi\/\" \/>\n<meta property=\"og:site_name\" content=\"Global Safety &amp; Environmental\" \/>\n<meta property=\"article:modified_time\" content=\"2024-12-06T15:44:20+00:00\" \/>\n<meta property=\"og:image\" content=\"https:\/\/globaltraining.com\/wp-content\/uploads\/2023\/06\/Methanol-Featured-Image-1.jpg\" \/>\n\t<meta property=\"og:image:width\" content=\"1200\" \/>\n\t<meta property=\"og:image:height\" content=\"800\" \/>\n\t<meta property=\"og:image:type\" content=\"image\/jpeg\" \/>\n<meta name=\"twitter:card\" content=\"summary_large_image\" \/>\n<meta name=\"twitter:label1\" content=\"Est. reading time\" \/>\n\t<meta name=\"twitter:data1\" content=\"3 minutes\" \/>\n<script type=\"application\/ld+json\" class=\"yoast-schema-graph\">{\"@context\":\"https:\\\/\\\/schema.org\",\"@graph\":[{\"@type\":\"WebPage\",\"@id\":\"https:\\\/\\\/globaltraining.com\\\/product\\\/methanol-awareness\\\/\",\"url\":\"https:\\\/\\\/globaltraining.com\\\/product\\\/methanol-awareness\\\/\",\"name\":\"Methanol Awareness - Global Safety &amp; Environmental\",\"isPartOf\":{\"@id\":\"https:\\\/\\\/globaltraining.com\\\/#website\"},\"primaryImageOfPage\":{\"@id\":\"https:\\\/\\\/globaltraining.com\\\/product\\\/methanol-awareness\\\/#primaryimage\"},\"image\":{\"@id\":\"https:\\\/\\\/globaltraining.com\\\/product\\\/methanol-awareness\\\/#primaryimage\"},\"thumbnailUrl\":\"https:\\\/\\\/globaltraining.com\\\/wp-content\\\/uploads\\\/2023\\\/06\\\/Methanol-Featured-Image-1.jpg\",\"datePublished\":\"2023-09-11T14:50:35+00:00\",\"dateModified\":\"2024-12-06T15:44:20+00:00\",\"description\":\"Learn about methanol awareness, hazards, and safety measures. Enroll in our course to ensure safe handling of methanol in industrial settings.\",\"breadcrumb\":{\"@id\":\"https:\\\/\\\/globaltraining.com\\\/product\\\/methanol-awareness\\\/#breadcrumb\"},\"inLanguage\":\"tr-TR\",\"potentialAction\":[{\"@type\":\"ReadAction\",\"target\":[\"https:\\\/\\\/globaltraining.com\\\/product\\\/methanol-awareness\\\/\"]}]},{\"@type\":\"ImageObject\",\"inLanguage\":\"tr-TR\",\"@id\":\"https:\\\/\\\/globaltraining.com\\\/product\\\/methanol-awareness\\\/#primaryimage\",\"url\":\"https:\\\/\\\/globaltraining.com\\\/wp-content\\\/uploads\\\/2023\\\/06\\\/Methanol-Featured-Image-1.jpg\",\"contentUrl\":\"https:\\\/\\\/globaltraining.com\\\/wp-content\\\/uploads\\\/2023\\\/06\\\/Methanol-Featured-Image-1.jpg\",\"width\":1200,\"height\":800,\"caption\":\"Methanol Awareness\"},{\"@type\":\"BreadcrumbList\",\"@id\":\"https:\\\/\\\/globaltraining.com\\\/product\\\/methanol-awareness\\\/#breadcrumb\",\"itemListElement\":[{\"@type\":\"ListItem\",\"position\":1,\"name\":\"Home\",\"item\":\"https:\\\/\\\/globaltraining.com\\\/\"},{\"@type\":\"ListItem\",\"position\":2,\"name\":\"Productos\",\"item\":\"https:\\\/\\\/globaltraining.com\\\/es\\\/shop\\\/\"},{\"@type\":\"ListItem\",\"position\":3,\"name\":\"Methanol Awareness\"}]},{\"@type\":\"WebSite\",\"@id\":\"https:\\\/\\\/globaltraining.com\\\/#website\",\"url\":\"https:\\\/\\\/globaltraining.com\\\/\",\"name\":\"Global Safety & Environmental\",\"description\":\"Full Service Health, Safety, and Environmental Courses\",\"publisher\":{\"@id\":\"https:\\\/\\\/globaltraining.com\\\/#organization\"},\"potentialAction\":[{\"@type\":\"SearchAction\",\"target\":{\"@type\":\"EntryPoint\",\"urlTemplate\":\"https:\\\/\\\/globaltraining.com\\\/?s={search_term_string}\"},\"query-input\":{\"@type\":\"PropertyValueSpecification\",\"valueRequired\":true,\"valueName\":\"search_term_string\"}}],\"inLanguage\":\"tr-TR\"},{\"@type\":\"Organization\",\"@id\":\"https:\\\/\\\/globaltraining.com\\\/#organization\",\"name\":\"Global Safety & Environmental\",\"url\":\"https:\\\/\\\/globaltraining.com\\\/\",\"logo\":{\"@type\":\"ImageObject\",\"inLanguage\":\"tr-TR\",\"@id\":\"https:\\\/\\\/globaltraining.com\\\/#\\\/schema\\\/logo\\\/image\\\/\",\"url\":\"https:\\\/\\\/globaltraining.com\\\/wp-content\\\/uploads\\\/2021\\\/01\\\/GSE-Logo-for-email.png\",\"contentUrl\":\"https:\\\/\\\/globaltraining.com\\\/wp-content\\\/uploads\\\/2021\\\/01\\\/GSE-Logo-for-email.png\",\"width\":400,\"height\":101,\"caption\":\"Global Safety & Environmental\"},\"image\":{\"@id\":\"https:\\\/\\\/globaltraining.com\\\/#\\\/schema\\\/logo\\\/image\\\/\"}}]}<\/script>\n<!-- \/ Yoast SEO plugin. -->","yoast_head_json":{"title":"Metanol Fark\u0131ndal\u0131\u011f\u0131 - K\u00fcresel G\u00fcvenlik ve \u00c7evre","description":"Metanol fark\u0131ndal\u0131\u011f\u0131, tehlikeleri ve g\u00fcvenlik \u00f6nlemleri hakk\u0131nda bilgi edinin. End\u00fcstriyel ortamlarda metanol\u00fcn g\u00fcvenli bir \u015fekilde i\u015flenmesini sa\u011flamak i\u00e7in kursumuza kaydolun.","robots":{"index":"index","follow":"follow","max-snippet":"max-snippet:-1","max-image-preview":"max-image-preview:large","max-video-preview":"max-video-preview:-1"},"canonical":"https:\/\/globaltraining.com\/tr\/urun\/metanol-farkindaligi\/","og_locale":"tr_TR","og_type":"article","og_title":"Methanol Awareness - Global Safety &amp; Environmental","og_description":"Learn about methanol awareness, hazards, and safety measures. Enroll in our course to ensure safe handling of methanol in industrial settings.","og_url":"https:\/\/globaltraining.com\/tr\/urun\/metanol-farkindaligi\/","og_site_name":"Global Safety &amp; Environmental","article_modified_time":"2024-12-06T15:44:20+00:00","og_image":[{"width":1200,"height":800,"url":"https:\/\/globaltraining.com\/wp-content\/uploads\/2023\/06\/Methanol-Featured-Image-1.jpg","type":"image\/jpeg"}],"twitter_card":"summary_large_image","twitter_misc":{"Est. reading time":"3 minutes"},"schema":{"@context":"https:\/\/schema.org","@graph":[{"@type":"WebPage","@id":"https:\/\/globaltraining.com\/product\/methanol-awareness\/","url":"https:\/\/globaltraining.com\/product\/methanol-awareness\/","name":"Metanol Fark\u0131ndal\u0131\u011f\u0131 - K\u00fcresel G\u00fcvenlik ve \u00c7evre","isPartOf":{"@id":"https:\/\/globaltraining.com\/#website"},"primaryImageOfPage":{"@id":"https:\/\/globaltraining.com\/product\/methanol-awareness\/#primaryimage"},"image":{"@id":"https:\/\/globaltraining.com\/product\/methanol-awareness\/#primaryimage"},"thumbnailUrl":"https:\/\/globaltraining.com\/wp-content\/uploads\/2023\/06\/Methanol-Featured-Image-1.jpg","datePublished":"2023-09-11T14:50:35+00:00","dateModified":"2024-12-06T15:44:20+00:00","description":"Metanol fark\u0131ndal\u0131\u011f\u0131, tehlikeleri ve g\u00fcvenlik \u00f6nlemleri hakk\u0131nda bilgi edinin. End\u00fcstriyel ortamlarda metanol\u00fcn g\u00fcvenli bir \u015fekilde i\u015flenmesini sa\u011flamak i\u00e7in kursumuza kaydolun.","breadcrumb":{"@id":"https:\/\/globaltraining.com\/product\/methanol-awareness\/#breadcrumb"},"inLanguage":"tr-TR","potentialAction":[{"@type":"ReadAction","target":["https:\/\/globaltraining.com\/product\/methanol-awareness\/"]}]},{"@type":"ImageObject","inLanguage":"tr-TR","@id":"https:\/\/globaltraining.com\/product\/methanol-awareness\/#primaryimage","url":"https:\/\/globaltraining.com\/wp-content\/uploads\/2023\/06\/Methanol-Featured-Image-1.jpg","contentUrl":"https:\/\/globaltraining.com\/wp-content\/uploads\/2023\/06\/Methanol-Featured-Image-1.jpg","width":1200,"height":800,"caption":"Methanol Awareness"},{"@type":"BreadcrumbList","@id":"https:\/\/globaltraining.com\/product\/methanol-awareness\/#breadcrumb","itemListElement":[{"@type":"ListItem","position":1,"name":"Home","item":"https:\/\/globaltraining.com\/"},{"@type":"ListItem","position":2,"name":"Productos","item":"https:\/\/globaltraining.com\/es\/shop\/"},{"@type":"ListItem","position":3,"name":"Methanol Awareness"}]},{"@type":"WebSite","@id":"https:\/\/globaltraining.com\/#website","url":"https:\/\/globaltraining.com\/","name":"K\u00fcresel G\u00fcvenlik ve \u00c7evre","description":"Tam Hizmet Sa\u011fl\u0131k, G\u00fcvenlik ve \u00c7evre Kurslar\u0131","publisher":{"@id":"https:\/\/globaltraining.com\/#organization"},"potentialAction":[{"@type":"SearchAction","target":{"@type":"EntryPoint","urlTemplate":"https:\/\/globaltraining.com\/?s={search_term_string}"},"query-input":{"@type":"PropertyValueSpecification","valueRequired":true,"valueName":"search_term_string"}}],"inLanguage":"tr-TR"},{"@type":"Organization","@id":"https:\/\/globaltraining.com\/#organization","name":"K\u00fcresel G\u00fcvenlik ve \u00c7evre","url":"https:\/\/globaltraining.com\/","logo":{"@type":"ImageObject","inLanguage":"tr-TR","@id":"https:\/\/globaltraining.com\/#\/schema\/logo\/image\/","url":"https:\/\/globaltraining.com\/wp-content\/uploads\/2021\/01\/GSE-Logo-for-email.png","contentUrl":"https:\/\/globaltraining.com\/wp-content\/uploads\/2021\/01\/GSE-Logo-for-email.png","width":400,"height":101,"caption":"Global Safety & Environmental"},"image":{"@id":"https:\/\/globaltraining.com\/#\/schema\/logo\/image\/"}}]}},"_links":{"self":[{"href":"https:\/\/globaltraining.com\/tr\/wp-json\/wp\/v2\/product\/28546","targetHints":{"allow":["GET"]}}],"collection":[{"href":"https:\/\/globaltraining.com\/tr\/wp-json\/wp\/v2\/product"}],"about":[{"href":"https:\/\/globaltraining.com\/tr\/wp-json\/wp\/v2\/types\/product"}],"wp:featuredmedia":[{"embeddable":true,"href":"https:\/\/globaltraining.com\/tr\/wp-json\/wp\/v2\/media\/15330"}],"wp:attachment":[{"href":"https:\/\/globaltraining.com\/tr\/wp-json\/wp\/v2\/media?parent=28546"}],"wp:term":[{"taxonomy":"product_brand","embeddable":true,"href":"https:\/\/globaltraining.com\/tr\/wp-json\/wp\/v2\/product_brand?post=28546"},{"taxonomy":"product_cat","embeddable":true,"href":"https:\/\/globaltraining.com\/tr\/wp-json\/wp\/v2\/product_cat?post=28546"},{"taxonomy":"product_tag","embeddable":true,"href":"https:\/\/globaltraining.com\/tr\/wp-json\/wp\/v2\/product_tag?post=28546"}],"curies":[{"name":"wp","href":"https:\/\/api.w.org\/{rel}","templated":true}]}}