{"id":28544,"date":"2023-09-11T09:42:06","date_gmt":"2023-09-11T14:42:06","guid":{"rendered":"https:\/\/globaltraining.com\/?post_type=product&#038;p=28544"},"modified":"2024-12-06T09:51:32","modified_gmt":"2024-12-06T15:51:32","slug":"deniz-copu","status":"publish","type":"product","link":"https:\/\/globaltraining.com\/tr\/product\/marine-debris\/","title":{"rendered":"Deniz enkaz\u0131"},"content":{"rendered":"<h2>Kirlili\u011fi Anlamak<\/h2>\n<p>Deniz \u00e7\u00f6pleri okyanuslar\u0131m\u0131z\u0131 ve deniz ekosistemlerimizi etkileyen kritik bir sorundur. Bu yayg\u0131n sorun gezegenimizin sa\u011fl\u0131\u011f\u0131 i\u00e7in \u00f6nemli bir tehdit olu\u015fturmaktad\u0131r. Bu kursta deniz enkaz\u0131 d\u00fcnyas\u0131n\u0131n derinliklerine inerek nedenlerini, sonu\u00e7lar\u0131n\u0131 ve potansiyel \u00e7\u00f6z\u00fcmlerini ke\u015ffedece\u011fiz. Enkaz\u0131n etkisini ve nas\u0131l fark yaratabilece\u011finizi ortaya \u00e7\u0131karaca\u011f\u0131m\u0131z bu e\u011fitici yolculukta bize kat\u0131l\u0131n.<\/p>\n<h2>Okyanus Enkaz\u0131 Tehdidi<\/h2>\n<p>Deniz enkaz\u0131n\u0131n bir alt k\u00fcmesi olan okyanus enkaz\u0131, okyanuslar\u0131m\u0131za ula\u015fan \u00e7e\u015fitli at\u0131k t\u00fcrlerinden olu\u015fur. Bunlara plastikler, metaller, cam ve hatta terk edilmi\u015f olta tak\u0131mlar\u0131 dahildir. Okyanus d\u00f6k\u00fcnt\u00fcleri yaln\u0131zca k\u0131y\u0131 \u015feritlerimizin g\u00fczelli\u011fini bozmakla kalm\u0131yor, ayn\u0131 zamanda yutulmas\u0131 ve birbirine kar\u0131\u015fmas\u0131 nedeniyle deniz ya\u015fam\u0131n\u0131 da tehlikeye at\u0131yor. Uzman g\u00f6r\u00fc\u015fleri ve ger\u00e7ek d\u00fcnyadan \u00f6rnekler arac\u0131l\u0131\u011f\u0131yla bu sorunun ciddiyetine \u0131\u015f\u0131k tutaca\u011f\u0131z.<\/p>\n<h2>Teknolojiyle Deniz Enkaz\u0131n\u0131n Takibi<\/h2>\n<p>\u0130zleyici, bilim insanlar\u0131 ve aktivistler taraf\u0131ndan enkaz sorununu izlemek ve \u00e7\u00f6zmek i\u00e7in kullan\u0131lan g\u00fc\u00e7l\u00fc bir ara\u00e7t\u0131r. Bu kursta mobil uygulamalar ve GPS gibi teknolojilerin enkaz olaylar\u0131n\u0131 izleme ve belgelemede nas\u0131l \u00f6nemli bir rol oynad\u0131\u011f\u0131n\u0131 ke\u015ffedece\u011fiz. Bu \u00e7abaya nas\u0131l katk\u0131da bulunabilece\u011finizi ve \u00e7\u00f6z\u00fcm\u00fcn par\u00e7as\u0131 olabilece\u011finizi \u00f6\u011freneceksiniz.<\/p>\n<h2>Daha Temiz Bir Gelecek \u0130\u00e7in Harekete Ge\u00e7iyoruz<\/h2>\n<p>Meseleyi basit\u00e7e anlamak yeterli de\u011fil; eylem anahtard\u0131r. Kursumuz sizi deniz \u00e7\u00f6plerini azaltmaya y\u00f6nelik anlaml\u0131 ad\u0131mlar atman\u0131z i\u00e7in gerekli bilgi ve ara\u00e7larla donat\u0131r. \u00d6nleme, temizleme ve politika savunuculu\u011funa y\u00f6nelik stratejileri ele alaca\u011f\u0131z. Kursun sonunda olumlu bir etki yaratmaya ve okyanuslar\u0131m\u0131z\u0131 gelecek nesiller i\u00e7in korumaya haz\u0131r olacaks\u0131n\u0131z.<\/p>\n<h2>Yolculu\u011funuz Burada Ba\u015fl\u0131yor<\/h2>\n<p>Enkazla m\u00fccadelemizde bize kat\u0131l\u0131n. Kapsaml\u0131 kursumuza bug\u00fcn kaydolun ve bitirme sertifikas\u0131 kazan\u0131n. Birlikte okyanuslar\u0131m\u0131z ve gezegenimiz i\u00e7in daha temiz, daha sa\u011fl\u0131kl\u0131 bir gelecek yaratabiliriz. Yolculu\u011funuza \u015fimdi ba\u015flay\u0131n.<\/p>","protected":false},"excerpt":{"rendered":"<p>Derinlemesine kursumuzla deniz enkaz\u0131 ve okyanus kirlili\u011fi d\u00fcnyas\u0131n\u0131 ke\u015ffedin. Deniz At\u0131\u011f\u0131 Takip Cihaz\u0131n\u0131 nas\u0131l kullanaca\u011f\u0131n\u0131z\u0131 \u00f6\u011frenin, fark yarat\u0131n ve sertifika kazan\u0131n.<\/p>","protected":false},"featured_media":27190,"template":"","meta":{"_et_pb_use_builder":"","_et_pb_old_content":"","_et_gb_content_width":""},"product_brand":[],"product_cat":[174,176],"product_tag":[],"class_list":{"0":"post-28544","1":"product","2":"type-product","3":"status-publish","4":"has-post-thumbnail","6":"product_cat-environmental","7":"product_cat-marine","9":"first","10":"instock","11":"virtual","12":"sold-individually","13":"purchasable","14":"product-type-simple"},"yoast_head":"<!-- This site is optimized with the Yoast SEO plugin v27.4 - https:\/\/yoast.com\/product\/yoast-seo-wordpress\/ -->\n<title>Marine Debris - Global Safety &amp; Environmental<\/title>\n<meta name=\"description\" content=\"Learn about marine debris, ocean pollution, and the Marine Debris Tracker in our comprehensive course. Take action to protect our oceans.\" \/>\n<meta name=\"robots\" content=\"index, follow, max-snippet:-1, max-image-preview:large, max-video-preview:-1\" \/>\n<link rel=\"canonical\" href=\"https:\/\/globaltraining.com\/tr\/urun\/deniz-copu\/\" \/>\n<meta property=\"og:locale\" content=\"tr_TR\" \/>\n<meta property=\"og:type\" content=\"article\" \/>\n<meta property=\"og:title\" content=\"Marine Debris - Global Safety &amp; Environmental\" \/>\n<meta property=\"og:description\" content=\"Learn about marine debris, ocean pollution, and the Marine Debris Tracker in our comprehensive course. Take action to protect our oceans.\" \/>\n<meta property=\"og:url\" content=\"https:\/\/globaltraining.com\/tr\/urun\/deniz-copu\/\" \/>\n<meta property=\"og:site_name\" content=\"Global Safety &amp; Environmental\" \/>\n<meta property=\"article:modified_time\" content=\"2024-12-06T15:51:32+00:00\" \/>\n<meta property=\"og:image\" content=\"https:\/\/globaltraining.com\/wp-content\/uploads\/2021\/08\/iStock-1252802537.jpg\" \/>\n\t<meta property=\"og:image:width\" content=\"1200\" \/>\n\t<meta property=\"og:image:height\" content=\"800\" \/>\n\t<meta property=\"og:image:type\" content=\"image\/jpeg\" \/>\n<meta name=\"twitter:card\" content=\"summary_large_image\" \/>\n<meta name=\"twitter:label1\" content=\"Est. reading time\" \/>\n\t<meta name=\"twitter:data1\" content=\"2 minutes\" \/>\n<script type=\"application\/ld+json\" class=\"yoast-schema-graph\">{\"@context\":\"https:\\\/\\\/schema.org\",\"@graph\":[{\"@type\":\"WebPage\",\"@id\":\"https:\\\/\\\/globaltraining.com\\\/product\\\/marine-debris\\\/\",\"url\":\"https:\\\/\\\/globaltraining.com\\\/product\\\/marine-debris\\\/\",\"name\":\"Marine Debris - Global Safety &amp; Environmental\",\"isPartOf\":{\"@id\":\"https:\\\/\\\/globaltraining.com\\\/#website\"},\"primaryImageOfPage\":{\"@id\":\"https:\\\/\\\/globaltraining.com\\\/product\\\/marine-debris\\\/#primaryimage\"},\"image\":{\"@id\":\"https:\\\/\\\/globaltraining.com\\\/product\\\/marine-debris\\\/#primaryimage\"},\"thumbnailUrl\":\"https:\\\/\\\/globaltraining.com\\\/wp-content\\\/uploads\\\/2021\\\/08\\\/iStock-1252802537.jpg\",\"datePublished\":\"2023-09-11T14:42:06+00:00\",\"dateModified\":\"2024-12-06T15:51:32+00:00\",\"description\":\"Learn about marine debris, ocean pollution, and the Marine Debris Tracker in our comprehensive course. Take action to protect our oceans.\",\"breadcrumb\":{\"@id\":\"https:\\\/\\\/globaltraining.com\\\/product\\\/marine-debris\\\/#breadcrumb\"},\"inLanguage\":\"tr-TR\",\"potentialAction\":[{\"@type\":\"ReadAction\",\"target\":[\"https:\\\/\\\/globaltraining.com\\\/product\\\/marine-debris\\\/\"]}]},{\"@type\":\"ImageObject\",\"inLanguage\":\"tr-TR\",\"@id\":\"https:\\\/\\\/globaltraining.com\\\/product\\\/marine-debris\\\/#primaryimage\",\"url\":\"https:\\\/\\\/globaltraining.com\\\/wp-content\\\/uploads\\\/2021\\\/08\\\/iStock-1252802537.jpg\",\"contentUrl\":\"https:\\\/\\\/globaltraining.com\\\/wp-content\\\/uploads\\\/2021\\\/08\\\/iStock-1252802537.jpg\",\"width\":1200,\"height\":800,\"caption\":\"Marine Debris\"},{\"@type\":\"BreadcrumbList\",\"@id\":\"https:\\\/\\\/globaltraining.com\\\/product\\\/marine-debris\\\/#breadcrumb\",\"itemListElement\":[{\"@type\":\"ListItem\",\"position\":1,\"name\":\"Home\",\"item\":\"https:\\\/\\\/globaltraining.com\\\/\"},{\"@type\":\"ListItem\",\"position\":2,\"name\":\"Productos\",\"item\":\"https:\\\/\\\/globaltraining.com\\\/es\\\/shop\\\/\"},{\"@type\":\"ListItem\",\"position\":3,\"name\":\"Marine Debris\"}]},{\"@type\":\"WebSite\",\"@id\":\"https:\\\/\\\/globaltraining.com\\\/#website\",\"url\":\"https:\\\/\\\/globaltraining.com\\\/\",\"name\":\"Global Safety & Environmental\",\"description\":\"Full Service Health, Safety, and Environmental Courses\",\"publisher\":{\"@id\":\"https:\\\/\\\/globaltraining.com\\\/#organization\"},\"potentialAction\":[{\"@type\":\"SearchAction\",\"target\":{\"@type\":\"EntryPoint\",\"urlTemplate\":\"https:\\\/\\\/globaltraining.com\\\/?s={search_term_string}\"},\"query-input\":{\"@type\":\"PropertyValueSpecification\",\"valueRequired\":true,\"valueName\":\"search_term_string\"}}],\"inLanguage\":\"tr-TR\"},{\"@type\":\"Organization\",\"@id\":\"https:\\\/\\\/globaltraining.com\\\/#organization\",\"name\":\"Global Safety & Environmental\",\"url\":\"https:\\\/\\\/globaltraining.com\\\/\",\"logo\":{\"@type\":\"ImageObject\",\"inLanguage\":\"tr-TR\",\"@id\":\"https:\\\/\\\/globaltraining.com\\\/#\\\/schema\\\/logo\\\/image\\\/\",\"url\":\"https:\\\/\\\/globaltraining.com\\\/wp-content\\\/uploads\\\/2021\\\/01\\\/GSE-Logo-for-email.png\",\"contentUrl\":\"https:\\\/\\\/globaltraining.com\\\/wp-content\\\/uploads\\\/2021\\\/01\\\/GSE-Logo-for-email.png\",\"width\":400,\"height\":101,\"caption\":\"Global Safety & Environmental\"},\"image\":{\"@id\":\"https:\\\/\\\/globaltraining.com\\\/#\\\/schema\\\/logo\\\/image\\\/\"}}]}<\/script>\n<!-- \/ Yoast SEO plugin. -->","yoast_head_json":{"title":"Deniz Enkaz\u0131 - K\u00fcresel G\u00fcvenlik ve \u00c7evre","description":"Kapsaml\u0131 kursumuzda deniz \u00e7\u00f6p\u00fc, okyanus kirlili\u011fi ve Deniz \u00c7\u00f6p\u00fc Takip\u00e7isi hakk\u0131nda bilgi edinin. Okyanuslar\u0131m\u0131z\u0131 korumak i\u00e7in harekete ge\u00e7in.","robots":{"index":"index","follow":"follow","max-snippet":"max-snippet:-1","max-image-preview":"max-image-preview:large","max-video-preview":"max-video-preview:-1"},"canonical":"https:\/\/globaltraining.com\/tr\/urun\/deniz-copu\/","og_locale":"tr_TR","og_type":"article","og_title":"Marine Debris - Global Safety &amp; Environmental","og_description":"Learn about marine debris, ocean pollution, and the Marine Debris Tracker in our comprehensive course. Take action to protect our oceans.","og_url":"https:\/\/globaltraining.com\/tr\/urun\/deniz-copu\/","og_site_name":"Global Safety &amp; Environmental","article_modified_time":"2024-12-06T15:51:32+00:00","og_image":[{"width":1200,"height":800,"url":"https:\/\/globaltraining.com\/wp-content\/uploads\/2021\/08\/iStock-1252802537.jpg","type":"image\/jpeg"}],"twitter_card":"summary_large_image","twitter_misc":{"Est. reading time":"2 minutes"},"schema":{"@context":"https:\/\/schema.org","@graph":[{"@type":"WebPage","@id":"https:\/\/globaltraining.com\/product\/marine-debris\/","url":"https:\/\/globaltraining.com\/product\/marine-debris\/","name":"Deniz Enkaz\u0131 - K\u00fcresel G\u00fcvenlik ve \u00c7evre","isPartOf":{"@id":"https:\/\/globaltraining.com\/#website"},"primaryImageOfPage":{"@id":"https:\/\/globaltraining.com\/product\/marine-debris\/#primaryimage"},"image":{"@id":"https:\/\/globaltraining.com\/product\/marine-debris\/#primaryimage"},"thumbnailUrl":"https:\/\/globaltraining.com\/wp-content\/uploads\/2021\/08\/iStock-1252802537.jpg","datePublished":"2023-09-11T14:42:06+00:00","dateModified":"2024-12-06T15:51:32+00:00","description":"Kapsaml\u0131 kursumuzda deniz \u00e7\u00f6p\u00fc, okyanus kirlili\u011fi ve Deniz \u00c7\u00f6p\u00fc Takip\u00e7isi hakk\u0131nda bilgi edinin. Okyanuslar\u0131m\u0131z\u0131 korumak i\u00e7in harekete ge\u00e7in.","breadcrumb":{"@id":"https:\/\/globaltraining.com\/product\/marine-debris\/#breadcrumb"},"inLanguage":"tr-TR","potentialAction":[{"@type":"ReadAction","target":["https:\/\/globaltraining.com\/product\/marine-debris\/"]}]},{"@type":"ImageObject","inLanguage":"tr-TR","@id":"https:\/\/globaltraining.com\/product\/marine-debris\/#primaryimage","url":"https:\/\/globaltraining.com\/wp-content\/uploads\/2021\/08\/iStock-1252802537.jpg","contentUrl":"https:\/\/globaltraining.com\/wp-content\/uploads\/2021\/08\/iStock-1252802537.jpg","width":1200,"height":800,"caption":"Marine Debris"},{"@type":"BreadcrumbList","@id":"https:\/\/globaltraining.com\/product\/marine-debris\/#breadcrumb","itemListElement":[{"@type":"ListItem","position":1,"name":"Home","item":"https:\/\/globaltraining.com\/"},{"@type":"ListItem","position":2,"name":"Productos","item":"https:\/\/globaltraining.com\/es\/shop\/"},{"@type":"ListItem","position":3,"name":"Marine Debris"}]},{"@type":"WebSite","@id":"https:\/\/globaltraining.com\/#website","url":"https:\/\/globaltraining.com\/","name":"K\u00fcresel G\u00fcvenlik ve \u00c7evre","description":"Tam Hizmet Sa\u011fl\u0131k, G\u00fcvenlik ve \u00c7evre Kurslar\u0131","publisher":{"@id":"https:\/\/globaltraining.com\/#organization"},"potentialAction":[{"@type":"SearchAction","target":{"@type":"EntryPoint","urlTemplate":"https:\/\/globaltraining.com\/?s={search_term_string}"},"query-input":{"@type":"PropertyValueSpecification","valueRequired":true,"valueName":"search_term_string"}}],"inLanguage":"tr-TR"},{"@type":"Organization","@id":"https:\/\/globaltraining.com\/#organization","name":"K\u00fcresel G\u00fcvenlik ve \u00c7evre","url":"https:\/\/globaltraining.com\/","logo":{"@type":"ImageObject","inLanguage":"tr-TR","@id":"https:\/\/globaltraining.com\/#\/schema\/logo\/image\/","url":"https:\/\/globaltraining.com\/wp-content\/uploads\/2021\/01\/GSE-Logo-for-email.png","contentUrl":"https:\/\/globaltraining.com\/wp-content\/uploads\/2021\/01\/GSE-Logo-for-email.png","width":400,"height":101,"caption":"Global Safety & Environmental"},"image":{"@id":"https:\/\/globaltraining.com\/#\/schema\/logo\/image\/"}}]}},"_links":{"self":[{"href":"https:\/\/globaltraining.com\/tr\/wp-json\/wp\/v2\/product\/28544","targetHints":{"allow":["GET"]}}],"collection":[{"href":"https:\/\/globaltraining.com\/tr\/wp-json\/wp\/v2\/product"}],"about":[{"href":"https:\/\/globaltraining.com\/tr\/wp-json\/wp\/v2\/types\/product"}],"wp:featuredmedia":[{"embeddable":true,"href":"https:\/\/globaltraining.com\/tr\/wp-json\/wp\/v2\/media\/27190"}],"wp:attachment":[{"href":"https:\/\/globaltraining.com\/tr\/wp-json\/wp\/v2\/media?parent=28544"}],"wp:term":[{"taxonomy":"product_brand","embeddable":true,"href":"https:\/\/globaltraining.com\/tr\/wp-json\/wp\/v2\/product_brand?post=28544"},{"taxonomy":"product_cat","embeddable":true,"href":"https:\/\/globaltraining.com\/tr\/wp-json\/wp\/v2\/product_cat?post=28544"},{"taxonomy":"product_tag","embeddable":true,"href":"https:\/\/globaltraining.com\/tr\/wp-json\/wp\/v2\/product_tag?post=28544"}],"curies":[{"name":"wp","href":"https:\/\/api.w.org\/{rel}","templated":true}]}}