{"id":28543,"date":"2023-09-11T09:41:02","date_gmt":"2023-09-11T14:41:02","guid":{"rendered":"https:\/\/globaltraining.com\/?post_type=product&#038;p=28543"},"modified":"2024-12-06T09:48:13","modified_gmt":"2024-12-06T15:48:13","slug":"manuel-kaldirma-egitimi","status":"publish","type":"product","link":"https:\/\/globaltraining.com\/tr\/product\/manual-lifting-training\/","title":{"rendered":"Manuel Kald\u0131rma E\u011fitimi"},"content":{"rendered":"<h2>G\u00fcvenli\u011fin Kilidini A\u00e7ma: Manuel Kald\u0131rma E\u011fitimi<\/h2>\n<p>Manuel Kald\u0131rma E\u011fitimi, daha g\u00fcvenli ve sa\u011fl\u0131kl\u0131 bir i\u015fyerine a\u00e7\u0131lan kap\u0131n\u0131zd\u0131r. Kapsaml\u0131 program\u0131m\u0131z, bireylere manuel kald\u0131rma g\u00f6revlerini g\u00fcvenli bir \u015fekilde ger\u00e7ekle\u015ftirmeleri ve yaralanma riskini azaltmalar\u0131 i\u00e7in gereken bilgi ve teknikleri sa\u011flar. Uzman liderli\u011findeki e\u011fitimimiz arac\u0131l\u0131\u011f\u0131yla g\u00fcvenli manuel kullan\u0131m ve s\u0131rt g\u00fcvenli\u011finin anahtar\u0131n\u0131 ke\u015ffedin.<\/p>\n<h2>G\u00fcvenli Elle Ta\u015f\u0131man\u0131n \u00d6nemi<\/h2>\n<p>G\u00fcvenli Manuel Ta\u015f\u0131ma, manuel kald\u0131rman\u0131n g\u00fcnl\u00fck rutinlerin bir par\u00e7as\u0131 oldu\u011fu \u00e7e\u015fitli end\u00fcstrilerde \u00e7ok \u00f6nemlidir. Yanl\u0131\u015f kald\u0131rma teknikleri s\u0131rt yaralanmalar\u0131na, gerginliklere ve di\u011fer kas-iskelet sistemi bozukluklar\u0131na yol a\u00e7abilir. E\u011fitim program\u0131m\u0131z, uygun kald\u0131rma tekniklerinin, duru\u015f ve s\u0131rt g\u00fcvenli\u011finin \u00f6nemini vurgulayarak g\u00fcvenli elle ta\u015f\u0131ma ilkelerine odaklan\u0131r.<\/p>\n<p>\u0130nsan v\u00fccudunun mekani\u011fini ve a\u011f\u0131r nesnelerin uygunsuz \u015fekilde kald\u0131r\u0131lmas\u0131n\u0131n s\u0131rt ve omurga \u00fczerinde nas\u0131l b\u00fcy\u00fck bir stres olu\u015fturabilece\u011fini ara\u015ft\u0131r\u0131yoruz. Kat\u0131l\u0131mc\u0131lar potansiyel riskleri nas\u0131l tespit edeceklerini, ergonomik ekipmanlar\u0131 etkili bir \u015fekilde nas\u0131l kullanacaklar\u0131n\u0131 ve g\u00fcvenli kald\u0131rma uygulamalar\u0131n\u0131 nas\u0131l uygulayacaklar\u0131n\u0131 \u00f6\u011frenecekler.<\/p>\n<h2>S\u0131rt G\u00fcvenli\u011fi: En De\u011ferli Varl\u0131\u011f\u0131n\u0131z\u0131 Korumak<\/h2>\n<p>S\u0131rt G\u00fcvenli\u011fi, Manuel Kald\u0131rma E\u011fitimimizin temel bir bile\u015fenidir. S\u0131rt\u0131n\u0131z en de\u011ferli varl\u0131\u011f\u0131n\u0131zd\u0131r ve onu korumak sa\u011fl\u0131kl\u0131 ve \u00fcretken bir ya\u015fam i\u00e7in \u015fartt\u0131r. E\u011fitimimiz omurgan\u0131n anatomisini, s\u0131rt yaralanmalar\u0131n\u0131n yayg\u0131n nedenlerini ve sa\u011fl\u0131kl\u0131 bir s\u0131rt\u0131n korunmas\u0131na y\u00f6nelik pratik stratejileri kapsamaktad\u0131r.<\/p>\n<p>Kat\u0131l\u0131mc\u0131lar\u0131n ergonomik i\u015f istasyonlar\u0131 ve s\u0131rt yaralanmas\u0131 riskini azaltan ortamlar olu\u015fturmalar\u0131na yard\u0131mc\u0131 olarak, i\u015fyerindeki ergonomiye ili\u015fkin bilgiler sa\u011fl\u0131yoruz. Bireyler s\u0131rt g\u00fcvenli\u011finin ilkelerini anlayarak hem i\u015fte hem de g\u00fcnl\u00fck ya\u015famda kendilerini korumak i\u00e7in bilin\u00e7li kararlar alabilirler.<\/p>\n<h2>G\u00fcvenli\u011finizin Kontrol\u00fcn\u00fc Elinize Al\u0131n \u2013 Bug\u00fcn Kaydolun!<\/h2>\n<p>Sa\u011fl\u0131\u011f\u0131n\u0131zdan taviz vermeyin. Manuel kald\u0131rma g\u00f6revlerini g\u00fcvenli bir \u015fekilde ger\u00e7ekle\u015ftirmek ve s\u0131rt\u0131n\u0131z\u0131 korumak i\u00e7in gereken bilgi ve becerileri kazanmak i\u00e7in bug\u00fcn Manuel Kald\u0131rma E\u011fitimi program\u0131m\u0131za kaydolun. Kursumuzu tamamlayarak yaln\u0131zca g\u00fcvenli\u011finizi art\u0131rmakla kalmayacak, ayn\u0131 zamanda daha sa\u011fl\u0131kl\u0131 ve yaralanmalar\u0131n olmad\u0131\u011f\u0131 bir \u00e7al\u0131\u015fma ortam\u0131na da katk\u0131da bulunacaks\u0131n\u0131z.<\/p>\n<p>G\u00fcvenli elle ta\u015f\u0131ma ve s\u0131rt g\u00fcvenli\u011fine \u00f6ncelik veren g\u00fcvenlik bilincine sahip profesyonellerin saflar\u0131na kat\u0131l\u0131n. \u015eimdi kaydolun ve g\u00fcvenli\u011finizin ve sa\u011fl\u0131\u011f\u0131n\u0131z\u0131n kontrol\u00fcn\u00fc elinize al\u0131n!<\/p>","protected":false},"excerpt":{"rendered":"<p>G\u00fcvenli manuel kald\u0131rma sanat\u0131nda ustala\u015f\u0131n ve Manuel Kald\u0131rma E\u011fitimimizle s\u0131rt\u0131n\u0131z\u0131 koruyun. Daha g\u00fcvenli, yaralanmas\u0131z bir i\u015f hayat\u0131 i\u00e7in gerekli becerileri kazan\u0131n. \u015eimdi kay\u0131t!<\/p>","protected":false},"featured_media":15260,"template":"","meta":{"_et_pb_use_builder":"","_et_pb_old_content":"","_et_gb_content_width":""},"product_brand":[],"product_cat":[143,159,172],"product_tag":[],"class_list":{"0":"post-28543","1":"product","2":"type-product","3":"status-publish","4":"has-post-thumbnail","6":"product_cat-health-and-safety","7":"product_cat-osha","8":"product_cat-workplace-policies-and-procedures","10":"first","11":"instock","12":"virtual","13":"sold-individually","14":"purchasable","15":"product-type-simple"},"yoast_head":"<!-- This site is optimized with the Yoast SEO plugin v27.3 - https:\/\/yoast.com\/product\/yoast-seo-wordpress\/ -->\n<title>Manual Lifting Training - Global Safety &amp; Environmental<\/title>\n<meta name=\"description\" content=\"Enhance workplace safety with Manual Lifting Training. Learn safe manual handling and back safety techniques. Enroll now for a safer work environment!\" \/>\n<meta name=\"robots\" content=\"index, follow, max-snippet:-1, max-image-preview:large, max-video-preview:-1\" \/>\n<link rel=\"canonical\" href=\"https:\/\/globaltraining.com\/tr\/urun\/manuel-kaldirma-egitimi\/\" \/>\n<meta property=\"og:locale\" content=\"tr_TR\" \/>\n<meta property=\"og:type\" content=\"article\" \/>\n<meta property=\"og:title\" content=\"Manual Lifting Training - Global Safety &amp; Environmental\" \/>\n<meta property=\"og:description\" content=\"Enhance workplace safety with Manual Lifting Training. Learn safe manual handling and back safety techniques. Enroll now for a safer work environment!\" \/>\n<meta property=\"og:url\" content=\"https:\/\/globaltraining.com\/tr\/urun\/manuel-kaldirma-egitimi\/\" \/>\n<meta property=\"og:site_name\" content=\"Global Safety &amp; Environmental\" \/>\n<meta property=\"article:modified_time\" content=\"2024-12-06T15:48:13+00:00\" \/>\n<meta property=\"og:image\" content=\"https:\/\/globaltraining.com\/wp-content\/uploads\/2023\/06\/Manual-Lifting-Featured.jpg\" \/>\n\t<meta property=\"og:image:width\" content=\"1200\" \/>\n\t<meta property=\"og:image:height\" content=\"800\" \/>\n\t<meta property=\"og:image:type\" content=\"image\/jpeg\" \/>\n<meta name=\"twitter:card\" content=\"summary_large_image\" \/>\n<meta name=\"twitter:label1\" content=\"Est. reading time\" \/>\n\t<meta name=\"twitter:data1\" content=\"2 minutes\" \/>\n<script type=\"application\/ld+json\" class=\"yoast-schema-graph\">{\"@context\":\"https:\\\/\\\/schema.org\",\"@graph\":[{\"@type\":\"WebPage\",\"@id\":\"https:\\\/\\\/globaltraining.com\\\/product\\\/manual-lifting-training\\\/\",\"url\":\"https:\\\/\\\/globaltraining.com\\\/product\\\/manual-lifting-training\\\/\",\"name\":\"Manual Lifting Training - Global Safety &amp; Environmental\",\"isPartOf\":{\"@id\":\"https:\\\/\\\/globaltraining.com\\\/#website\"},\"primaryImageOfPage\":{\"@id\":\"https:\\\/\\\/globaltraining.com\\\/product\\\/manual-lifting-training\\\/#primaryimage\"},\"image\":{\"@id\":\"https:\\\/\\\/globaltraining.com\\\/product\\\/manual-lifting-training\\\/#primaryimage\"},\"thumbnailUrl\":\"https:\\\/\\\/globaltraining.com\\\/wp-content\\\/uploads\\\/2023\\\/06\\\/Manual-Lifting-Featured.jpg\",\"datePublished\":\"2023-09-11T14:41:02+00:00\",\"dateModified\":\"2024-12-06T15:48:13+00:00\",\"description\":\"Enhance workplace safety with Manual Lifting Training. Learn safe manual handling and back safety techniques. Enroll now for a safer work environment!\",\"breadcrumb\":{\"@id\":\"https:\\\/\\\/globaltraining.com\\\/product\\\/manual-lifting-training\\\/#breadcrumb\"},\"inLanguage\":\"tr-TR\",\"potentialAction\":[{\"@type\":\"ReadAction\",\"target\":[\"https:\\\/\\\/globaltraining.com\\\/product\\\/manual-lifting-training\\\/\"]}]},{\"@type\":\"ImageObject\",\"inLanguage\":\"tr-TR\",\"@id\":\"https:\\\/\\\/globaltraining.com\\\/product\\\/manual-lifting-training\\\/#primaryimage\",\"url\":\"https:\\\/\\\/globaltraining.com\\\/wp-content\\\/uploads\\\/2023\\\/06\\\/Manual-Lifting-Featured.jpg\",\"contentUrl\":\"https:\\\/\\\/globaltraining.com\\\/wp-content\\\/uploads\\\/2023\\\/06\\\/Manual-Lifting-Featured.jpg\",\"width\":1200,\"height\":800,\"caption\":\"Manual Lifting Training\"},{\"@type\":\"BreadcrumbList\",\"@id\":\"https:\\\/\\\/globaltraining.com\\\/product\\\/manual-lifting-training\\\/#breadcrumb\",\"itemListElement\":[{\"@type\":\"ListItem\",\"position\":1,\"name\":\"Home\",\"item\":\"https:\\\/\\\/globaltraining.com\\\/\"},{\"@type\":\"ListItem\",\"position\":2,\"name\":\"Productos\",\"item\":\"https:\\\/\\\/globaltraining.com\\\/es\\\/shop\\\/\"},{\"@type\":\"ListItem\",\"position\":3,\"name\":\"Manual Lifting Training\"}]},{\"@type\":\"WebSite\",\"@id\":\"https:\\\/\\\/globaltraining.com\\\/#website\",\"url\":\"https:\\\/\\\/globaltraining.com\\\/\",\"name\":\"Global Safety & Environmental\",\"description\":\"Full Service Health, Safety, and Environmental Courses\",\"publisher\":{\"@id\":\"https:\\\/\\\/globaltraining.com\\\/#organization\"},\"potentialAction\":[{\"@type\":\"SearchAction\",\"target\":{\"@type\":\"EntryPoint\",\"urlTemplate\":\"https:\\\/\\\/globaltraining.com\\\/?s={search_term_string}\"},\"query-input\":{\"@type\":\"PropertyValueSpecification\",\"valueRequired\":true,\"valueName\":\"search_term_string\"}}],\"inLanguage\":\"tr-TR\"},{\"@type\":\"Organization\",\"@id\":\"https:\\\/\\\/globaltraining.com\\\/#organization\",\"name\":\"Global Safety & Environmental\",\"url\":\"https:\\\/\\\/globaltraining.com\\\/\",\"logo\":{\"@type\":\"ImageObject\",\"inLanguage\":\"tr-TR\",\"@id\":\"https:\\\/\\\/globaltraining.com\\\/#\\\/schema\\\/logo\\\/image\\\/\",\"url\":\"https:\\\/\\\/globaltraining.com\\\/wp-content\\\/uploads\\\/2021\\\/01\\\/GSE-Logo-for-email.png\",\"contentUrl\":\"https:\\\/\\\/globaltraining.com\\\/wp-content\\\/uploads\\\/2021\\\/01\\\/GSE-Logo-for-email.png\",\"width\":400,\"height\":101,\"caption\":\"Global Safety & Environmental\"},\"image\":{\"@id\":\"https:\\\/\\\/globaltraining.com\\\/#\\\/schema\\\/logo\\\/image\\\/\"}}]}<\/script>\n<!-- \/ Yoast SEO plugin. -->","yoast_head_json":{"title":"Manuel Kald\u0131rma E\u011fitimi - K\u00fcresel G\u00fcvenlik ve \u00c7evre","description":"Manuel Kald\u0131rma E\u011fitimi ile i\u015fyeri g\u00fcvenli\u011fini art\u0131r\u0131n. G\u00fcvenli manuel ta\u015f\u0131ma ve s\u0131rt g\u00fcvenli\u011fi tekniklerini \u00f6\u011frenin. Daha g\u00fcvenli bir \u00e7al\u0131\u015fma ortam\u0131 i\u00e7in hemen kaydolun!","robots":{"index":"index","follow":"follow","max-snippet":"max-snippet:-1","max-image-preview":"max-image-preview:large","max-video-preview":"max-video-preview:-1"},"canonical":"https:\/\/globaltraining.com\/tr\/urun\/manuel-kaldirma-egitimi\/","og_locale":"tr_TR","og_type":"article","og_title":"Manual Lifting Training - Global Safety &amp; Environmental","og_description":"Enhance workplace safety with Manual Lifting Training. Learn safe manual handling and back safety techniques. Enroll now for a safer work environment!","og_url":"https:\/\/globaltraining.com\/tr\/urun\/manuel-kaldirma-egitimi\/","og_site_name":"Global Safety &amp; Environmental","article_modified_time":"2024-12-06T15:48:13+00:00","og_image":[{"width":1200,"height":800,"url":"https:\/\/globaltraining.com\/wp-content\/uploads\/2023\/06\/Manual-Lifting-Featured.jpg","type":"image\/jpeg"}],"twitter_card":"summary_large_image","twitter_misc":{"Est. reading time":"2 minutes"},"schema":{"@context":"https:\/\/schema.org","@graph":[{"@type":"WebPage","@id":"https:\/\/globaltraining.com\/product\/manual-lifting-training\/","url":"https:\/\/globaltraining.com\/product\/manual-lifting-training\/","name":"Manuel Kald\u0131rma E\u011fitimi - K\u00fcresel G\u00fcvenlik ve \u00c7evre","isPartOf":{"@id":"https:\/\/globaltraining.com\/#website"},"primaryImageOfPage":{"@id":"https:\/\/globaltraining.com\/product\/manual-lifting-training\/#primaryimage"},"image":{"@id":"https:\/\/globaltraining.com\/product\/manual-lifting-training\/#primaryimage"},"thumbnailUrl":"https:\/\/globaltraining.com\/wp-content\/uploads\/2023\/06\/Manual-Lifting-Featured.jpg","datePublished":"2023-09-11T14:41:02+00:00","dateModified":"2024-12-06T15:48:13+00:00","description":"Manuel Kald\u0131rma E\u011fitimi ile i\u015fyeri g\u00fcvenli\u011fini art\u0131r\u0131n. G\u00fcvenli manuel ta\u015f\u0131ma ve s\u0131rt g\u00fcvenli\u011fi tekniklerini \u00f6\u011frenin. Daha g\u00fcvenli bir \u00e7al\u0131\u015fma ortam\u0131 i\u00e7in hemen kaydolun!","breadcrumb":{"@id":"https:\/\/globaltraining.com\/product\/manual-lifting-training\/#breadcrumb"},"inLanguage":"tr-TR","potentialAction":[{"@type":"ReadAction","target":["https:\/\/globaltraining.com\/product\/manual-lifting-training\/"]}]},{"@type":"ImageObject","inLanguage":"tr-TR","@id":"https:\/\/globaltraining.com\/product\/manual-lifting-training\/#primaryimage","url":"https:\/\/globaltraining.com\/wp-content\/uploads\/2023\/06\/Manual-Lifting-Featured.jpg","contentUrl":"https:\/\/globaltraining.com\/wp-content\/uploads\/2023\/06\/Manual-Lifting-Featured.jpg","width":1200,"height":800,"caption":"Manual Lifting Training"},{"@type":"BreadcrumbList","@id":"https:\/\/globaltraining.com\/product\/manual-lifting-training\/#breadcrumb","itemListElement":[{"@type":"ListItem","position":1,"name":"Home","item":"https:\/\/globaltraining.com\/"},{"@type":"ListItem","position":2,"name":"Productos","item":"https:\/\/globaltraining.com\/es\/shop\/"},{"@type":"ListItem","position":3,"name":"Manual Lifting Training"}]},{"@type":"WebSite","@id":"https:\/\/globaltraining.com\/#website","url":"https:\/\/globaltraining.com\/","name":"K\u00fcresel G\u00fcvenlik ve \u00c7evre","description":"Tam Hizmet Sa\u011fl\u0131k, G\u00fcvenlik ve \u00c7evre Kurslar\u0131","publisher":{"@id":"https:\/\/globaltraining.com\/#organization"},"potentialAction":[{"@type":"SearchAction","target":{"@type":"EntryPoint","urlTemplate":"https:\/\/globaltraining.com\/?s={search_term_string}"},"query-input":{"@type":"PropertyValueSpecification","valueRequired":true,"valueName":"search_term_string"}}],"inLanguage":"tr-TR"},{"@type":"Organization","@id":"https:\/\/globaltraining.com\/#organization","name":"K\u00fcresel G\u00fcvenlik ve \u00c7evre","url":"https:\/\/globaltraining.com\/","logo":{"@type":"ImageObject","inLanguage":"tr-TR","@id":"https:\/\/globaltraining.com\/#\/schema\/logo\/image\/","url":"https:\/\/globaltraining.com\/wp-content\/uploads\/2021\/01\/GSE-Logo-for-email.png","contentUrl":"https:\/\/globaltraining.com\/wp-content\/uploads\/2021\/01\/GSE-Logo-for-email.png","width":400,"height":101,"caption":"Global Safety & Environmental"},"image":{"@id":"https:\/\/globaltraining.com\/#\/schema\/logo\/image\/"}}]}},"_links":{"self":[{"href":"https:\/\/globaltraining.com\/tr\/wp-json\/wp\/v2\/product\/28543","targetHints":{"allow":["GET"]}}],"collection":[{"href":"https:\/\/globaltraining.com\/tr\/wp-json\/wp\/v2\/product"}],"about":[{"href":"https:\/\/globaltraining.com\/tr\/wp-json\/wp\/v2\/types\/product"}],"wp:featuredmedia":[{"embeddable":true,"href":"https:\/\/globaltraining.com\/tr\/wp-json\/wp\/v2\/media\/15260"}],"wp:attachment":[{"href":"https:\/\/globaltraining.com\/tr\/wp-json\/wp\/v2\/media?parent=28543"}],"wp:term":[{"taxonomy":"product_brand","embeddable":true,"href":"https:\/\/globaltraining.com\/tr\/wp-json\/wp\/v2\/product_brand?post=28543"},{"taxonomy":"product_cat","embeddable":true,"href":"https:\/\/globaltraining.com\/tr\/wp-json\/wp\/v2\/product_cat?post=28543"},{"taxonomy":"product_tag","embeddable":true,"href":"https:\/\/globaltraining.com\/tr\/wp-json\/wp\/v2\/product_tag?post=28543"}],"curies":[{"name":"wp","href":"https:\/\/api.w.org\/{rel}","templated":true}]}}