{"id":28542,"date":"2023-09-11T09:37:16","date_gmt":"2023-09-11T14:37:16","guid":{"rendered":"https:\/\/globaltraining.com\/?post_type=product&#038;p=28542"},"modified":"2024-12-06T09:49:30","modified_gmt":"2024-12-06T15:49:30","slug":"degisim-yonetimi","status":"publish","type":"product","link":"https:\/\/globaltraining.com\/tr\/product\/management-of-change\/","title":{"rendered":"De\u011fi\u015fim Y\u00f6netimi"},"content":{"rendered":"<h2>De\u011fi\u015fim Y\u00f6netiminde Ustala\u015fmak<\/h2>\n<p>De\u011fi\u015fim Y\u00f6netimi (MOC), \u00e7e\u015fitli sekt\u00f6rlerde ekipman, s\u00fcre\u00e7 veya sistemlerdeki de\u011fi\u015fikliklerle ili\u015fkili risklerin de\u011ferlendirilmesini ve kontrol edilmesini i\u00e7eren kritik bir s\u00fcre\u00e7tir. MOC E\u011fitim program\u0131m\u0131z, bireyleri de\u011fi\u015fimi etkili bir \u015fekilde y\u00f6netmek, g\u00fcvenli\u011fi, uyumlulu\u011fu ve operasyonel s\u00fcreklili\u011fi sa\u011flamak i\u00e7in gereken bilgi ve becerilerle donat\u0131r.<\/p>\n<h2>MOC&#039;nin \u00d6nemi<\/h2>\n<p>S\u00fcre\u00e7lerde veya ekipmanlarda yap\u0131lan herhangi bir de\u011fi\u015fikli\u011fin g\u00fcvenlik tehlikelerine, d\u00fczenleme ihlallerine veya operasyonel kesintilere yol a\u00e7abilece\u011fi end\u00fcstriler i\u00e7in Etkin De\u011fi\u015fim Y\u00f6netimi \u015fartt\u0131r. MOC, de\u011fi\u015fikliklerin g\u00fcvenlik ve verimlilik g\u00f6z \u00f6n\u00fcnde bulundurularak kapsaml\u0131 bir \u015fekilde de\u011ferlendirilmesini, belgelenmesini ve uygulanmas\u0131n\u0131 sa\u011flar.<\/p>\n<p>E\u011fitim program\u0131m\u0131z MOC&#039;nin temel ilkelerini kapsamakta ve risk de\u011ferlendirmesinin, dok\u00fcmantasyonun, ileti\u015fimin ve uyumlulu\u011fun \u00f6nemini vurgulamaktad\u0131r. Kat\u0131l\u0131mc\u0131lar potansiyel tehlikeleri nas\u0131l tan\u0131mlayacaklar\u0131n\u0131, riskleri nas\u0131l de\u011ferlendireceklerini ve bunlar\u0131 azaltmak i\u00e7in kontrol \u00f6nlemlerini nas\u0131l uygulayacaklar\u0131n\u0131 \u00f6\u011freneceklerdir.<\/p>\n<h2>De\u011fi\u015fim Y\u00f6netimi E\u011fitimi: Kapsaml\u0131 Bir Yakla\u015f\u0131m<\/h2>\n<p>MOC E\u011fitim program\u0131m\u0131z MOC s\u00fcre\u00e7lerinin kapsaml\u0131 bir \u015fekilde anla\u015f\u0131lmas\u0131n\u0131 sa\u011flar. Teorinin \u00f6tesine ge\u00e7er ve bireyleri, ilgili end\u00fcstrilerdeki de\u011fi\u015fiklikleri ba\u015far\u0131l\u0131 bir \u015fekilde y\u00f6netebilmeleri i\u00e7in pratik becerilerle donat\u0131r.<\/p>\n<p>Kat\u0131l\u0131mc\u0131lar\u0131n MOC ilkelerini farkl\u0131 durumlara uygulamalar\u0131na olanak tan\u0131yan vaka \u00e7al\u0131\u015fmalar\u0131 ve ger\u00e7ek d\u00fcnya senaryolar\u0131n\u0131 ara\u015ft\u0131r\u0131yoruz. E\u011fitimimiz ayn\u0131 zamanda MOC&#039;nin yasal ve d\u00fczenleyici y\u00f6nlerini de kapsayarak kat\u0131l\u0131mc\u0131lar\u0131n ilgili standartlar\u0131 ve gereklilikleri anlamalar\u0131n\u0131 ve bunlara uymalar\u0131n\u0131 sa\u011flar.<\/p>\n<h2>MOC Becerilerinizi Y\u00fckseltin \u2013 Bug\u00fcn Kaydolun!<\/h2>\n<p>De\u011fi\u015fim y\u00f6netimini \u015fansa b\u0131rakmay\u0131n. Kurulu\u015funuzu ve \u00e7al\u0131\u015fanlar\u0131n\u0131z\u0131 korumak i\u00e7in gerekli bilgi ve uzmanl\u0131\u011f\u0131 kazanmak i\u00e7in MOC E\u011fitim program\u0131m\u0131za bug\u00fcn kaydolun. Kursumuzu tamamlayarak yaln\u0131zca becerilerinizi geli\u015ftirmekle kalmayacak, ayn\u0131 zamanda daha g\u00fcvenli ve daha uyumlu bir \u00e7al\u0131\u015fma ortam\u0131na da katk\u0131da bulunacaks\u0131n\u0131z.<\/p>\n<p>De\u011fi\u015fimin etkili y\u00f6netimine \u00f6ncelik veren profesyonellerin saflar\u0131na kat\u0131l\u0131n. \u015eimdi kaydolun ve kurulu\u015funuzun gelece\u011fini kontrol alt\u0131na al\u0131n!<\/p>","protected":false},"excerpt":{"rendered":"<p>De\u011fi\u015fim Y\u00f6netimi E\u011fitimimizle etkili de\u011fi\u015fim y\u00f6netimi sanat\u0131nda ustala\u015f\u0131n. Ge\u00e7i\u015fler s\u0131ras\u0131nda riskleri de\u011ferlendirme ve kontrol etme becerileriyle kendinizi donat\u0131n. Daha g\u00fcvenli, daha uyumlu bir kariyer i\u00e7in hemen kaydolun!<\/p>","protected":false},"featured_media":27177,"template":"","meta":{"_et_pb_use_builder":"","_et_pb_old_content":"","_et_gb_content_width":""},"product_brand":[],"product_cat":[119,133,150,152,157],"product_tag":[],"class_list":{"0":"post-28542","1":"product","2":"type-product","3":"status-publish","4":"has-post-thumbnail","6":"product_cat-audit-readiness","7":"product_cat-ethics","8":"product_cat-inspection","9":"product_cat-management-training","10":"product_cat-occupational-safety-admin","12":"first","13":"instock","14":"virtual","15":"sold-individually","16":"purchasable","17":"product-type-simple"},"yoast_head":"<!-- This site is optimized with the Yoast SEO plugin v27.4 - https:\/\/yoast.com\/product\/yoast-seo-wordpress\/ -->\n<title>Management of Change - Global Safety &amp; Environmental<\/title>\n<meta name=\"description\" content=\"Enhance your skills with Management of Change Training. Learn risk assessment and control measures for safer operations. Enroll now for a secure workplace!\" \/>\n<meta name=\"robots\" content=\"index, follow, max-snippet:-1, max-image-preview:large, max-video-preview:-1\" \/>\n<link rel=\"canonical\" href=\"https:\/\/globaltraining.com\/tr\/urun\/degisim-yonetimi\/\" \/>\n<meta property=\"og:locale\" content=\"tr_TR\" \/>\n<meta property=\"og:type\" content=\"article\" \/>\n<meta property=\"og:title\" content=\"Management of Change - Global Safety &amp; Environmental\" \/>\n<meta property=\"og:description\" content=\"Enhance your skills with Management of Change Training. Learn risk assessment and control measures for safer operations. Enroll now for a secure workplace!\" \/>\n<meta property=\"og:url\" content=\"https:\/\/globaltraining.com\/tr\/urun\/degisim-yonetimi\/\" \/>\n<meta property=\"og:site_name\" content=\"Global Safety &amp; Environmental\" \/>\n<meta property=\"article:modified_time\" content=\"2024-12-06T15:49:30+00:00\" \/>\n<meta property=\"og:image\" content=\"https:\/\/globaltraining.com\/wp-content\/uploads\/2021\/08\/iStock-1279113943.jpg\" \/>\n\t<meta property=\"og:image:width\" content=\"1200\" \/>\n\t<meta property=\"og:image:height\" content=\"800\" \/>\n\t<meta property=\"og:image:type\" content=\"image\/jpeg\" \/>\n<meta name=\"twitter:card\" content=\"summary_large_image\" \/>\n<meta name=\"twitter:label1\" content=\"Est. reading time\" \/>\n\t<meta name=\"twitter:data1\" content=\"2 minutes\" \/>\n<script type=\"application\/ld+json\" class=\"yoast-schema-graph\">{\"@context\":\"https:\\\/\\\/schema.org\",\"@graph\":[{\"@type\":\"WebPage\",\"@id\":\"https:\\\/\\\/globaltraining.com\\\/product\\\/management-of-change\\\/\",\"url\":\"https:\\\/\\\/globaltraining.com\\\/product\\\/management-of-change\\\/\",\"name\":\"Management of Change - Global Safety &amp; Environmental\",\"isPartOf\":{\"@id\":\"https:\\\/\\\/globaltraining.com\\\/#website\"},\"primaryImageOfPage\":{\"@id\":\"https:\\\/\\\/globaltraining.com\\\/product\\\/management-of-change\\\/#primaryimage\"},\"image\":{\"@id\":\"https:\\\/\\\/globaltraining.com\\\/product\\\/management-of-change\\\/#primaryimage\"},\"thumbnailUrl\":\"https:\\\/\\\/globaltraining.com\\\/wp-content\\\/uploads\\\/2021\\\/08\\\/iStock-1279113943.jpg\",\"datePublished\":\"2023-09-11T14:37:16+00:00\",\"dateModified\":\"2024-12-06T15:49:30+00:00\",\"description\":\"Enhance your skills with Management of Change Training. Learn risk assessment and control measures for safer operations. Enroll now for a secure workplace!\",\"breadcrumb\":{\"@id\":\"https:\\\/\\\/globaltraining.com\\\/product\\\/management-of-change\\\/#breadcrumb\"},\"inLanguage\":\"tr-TR\",\"potentialAction\":[{\"@type\":\"ReadAction\",\"target\":[\"https:\\\/\\\/globaltraining.com\\\/product\\\/management-of-change\\\/\"]}]},{\"@type\":\"ImageObject\",\"inLanguage\":\"tr-TR\",\"@id\":\"https:\\\/\\\/globaltraining.com\\\/product\\\/management-of-change\\\/#primaryimage\",\"url\":\"https:\\\/\\\/globaltraining.com\\\/wp-content\\\/uploads\\\/2021\\\/08\\\/iStock-1279113943.jpg\",\"contentUrl\":\"https:\\\/\\\/globaltraining.com\\\/wp-content\\\/uploads\\\/2021\\\/08\\\/iStock-1279113943.jpg\",\"width\":1200,\"height\":800,\"caption\":\"Management of Change\"},{\"@type\":\"BreadcrumbList\",\"@id\":\"https:\\\/\\\/globaltraining.com\\\/product\\\/management-of-change\\\/#breadcrumb\",\"itemListElement\":[{\"@type\":\"ListItem\",\"position\":1,\"name\":\"Home\",\"item\":\"https:\\\/\\\/globaltraining.com\\\/\"},{\"@type\":\"ListItem\",\"position\":2,\"name\":\"Productos\",\"item\":\"https:\\\/\\\/globaltraining.com\\\/es\\\/shop\\\/\"},{\"@type\":\"ListItem\",\"position\":3,\"name\":\"Management of Change\"}]},{\"@type\":\"WebSite\",\"@id\":\"https:\\\/\\\/globaltraining.com\\\/#website\",\"url\":\"https:\\\/\\\/globaltraining.com\\\/\",\"name\":\"Global Safety & Environmental\",\"description\":\"Full Service Health, Safety, and Environmental Courses\",\"publisher\":{\"@id\":\"https:\\\/\\\/globaltraining.com\\\/#organization\"},\"potentialAction\":[{\"@type\":\"SearchAction\",\"target\":{\"@type\":\"EntryPoint\",\"urlTemplate\":\"https:\\\/\\\/globaltraining.com\\\/?s={search_term_string}\"},\"query-input\":{\"@type\":\"PropertyValueSpecification\",\"valueRequired\":true,\"valueName\":\"search_term_string\"}}],\"inLanguage\":\"tr-TR\"},{\"@type\":\"Organization\",\"@id\":\"https:\\\/\\\/globaltraining.com\\\/#organization\",\"name\":\"Global Safety & Environmental\",\"url\":\"https:\\\/\\\/globaltraining.com\\\/\",\"logo\":{\"@type\":\"ImageObject\",\"inLanguage\":\"tr-TR\",\"@id\":\"https:\\\/\\\/globaltraining.com\\\/#\\\/schema\\\/logo\\\/image\\\/\",\"url\":\"https:\\\/\\\/globaltraining.com\\\/wp-content\\\/uploads\\\/2021\\\/01\\\/GSE-Logo-for-email.png\",\"contentUrl\":\"https:\\\/\\\/globaltraining.com\\\/wp-content\\\/uploads\\\/2021\\\/01\\\/GSE-Logo-for-email.png\",\"width\":400,\"height\":101,\"caption\":\"Global Safety & Environmental\"},\"image\":{\"@id\":\"https:\\\/\\\/globaltraining.com\\\/#\\\/schema\\\/logo\\\/image\\\/\"}}]}<\/script>\n<!-- \/ Yoast SEO plugin. -->","yoast_head_json":{"title":"De\u011fi\u015fim Y\u00f6netimi - K\u00fcresel G\u00fcvenlik ve \u00c7evre","description":"De\u011fi\u015fim Y\u00f6netimi E\u011fitimi ile becerilerinizi geli\u015ftirin. Daha g\u00fcvenli operasyonlar i\u00e7in risk de\u011ferlendirme ve kontrol \u00f6nlemlerini \u00f6\u011frenin. G\u00fcvenli bir i\u015f yeri i\u00e7in hemen kaydolun!","robots":{"index":"index","follow":"follow","max-snippet":"max-snippet:-1","max-image-preview":"max-image-preview:large","max-video-preview":"max-video-preview:-1"},"canonical":"https:\/\/globaltraining.com\/tr\/urun\/degisim-yonetimi\/","og_locale":"tr_TR","og_type":"article","og_title":"Management of Change - Global Safety &amp; Environmental","og_description":"Enhance your skills with Management of Change Training. Learn risk assessment and control measures for safer operations. Enroll now for a secure workplace!","og_url":"https:\/\/globaltraining.com\/tr\/urun\/degisim-yonetimi\/","og_site_name":"Global Safety &amp; Environmental","article_modified_time":"2024-12-06T15:49:30+00:00","og_image":[{"width":1200,"height":800,"url":"https:\/\/globaltraining.com\/wp-content\/uploads\/2021\/08\/iStock-1279113943.jpg","type":"image\/jpeg"}],"twitter_card":"summary_large_image","twitter_misc":{"Est. reading time":"2 minutes"},"schema":{"@context":"https:\/\/schema.org","@graph":[{"@type":"WebPage","@id":"https:\/\/globaltraining.com\/product\/management-of-change\/","url":"https:\/\/globaltraining.com\/product\/management-of-change\/","name":"De\u011fi\u015fim Y\u00f6netimi - K\u00fcresel G\u00fcvenlik ve \u00c7evre","isPartOf":{"@id":"https:\/\/globaltraining.com\/#website"},"primaryImageOfPage":{"@id":"https:\/\/globaltraining.com\/product\/management-of-change\/#primaryimage"},"image":{"@id":"https:\/\/globaltraining.com\/product\/management-of-change\/#primaryimage"},"thumbnailUrl":"https:\/\/globaltraining.com\/wp-content\/uploads\/2021\/08\/iStock-1279113943.jpg","datePublished":"2023-09-11T14:37:16+00:00","dateModified":"2024-12-06T15:49:30+00:00","description":"De\u011fi\u015fim Y\u00f6netimi E\u011fitimi ile becerilerinizi geli\u015ftirin. Daha g\u00fcvenli operasyonlar i\u00e7in risk de\u011ferlendirme ve kontrol \u00f6nlemlerini \u00f6\u011frenin. G\u00fcvenli bir i\u015f yeri i\u00e7in hemen kaydolun!","breadcrumb":{"@id":"https:\/\/globaltraining.com\/product\/management-of-change\/#breadcrumb"},"inLanguage":"tr-TR","potentialAction":[{"@type":"ReadAction","target":["https:\/\/globaltraining.com\/product\/management-of-change\/"]}]},{"@type":"ImageObject","inLanguage":"tr-TR","@id":"https:\/\/globaltraining.com\/product\/management-of-change\/#primaryimage","url":"https:\/\/globaltraining.com\/wp-content\/uploads\/2021\/08\/iStock-1279113943.jpg","contentUrl":"https:\/\/globaltraining.com\/wp-content\/uploads\/2021\/08\/iStock-1279113943.jpg","width":1200,"height":800,"caption":"Management of Change"},{"@type":"BreadcrumbList","@id":"https:\/\/globaltraining.com\/product\/management-of-change\/#breadcrumb","itemListElement":[{"@type":"ListItem","position":1,"name":"Home","item":"https:\/\/globaltraining.com\/"},{"@type":"ListItem","position":2,"name":"Productos","item":"https:\/\/globaltraining.com\/es\/shop\/"},{"@type":"ListItem","position":3,"name":"Management of Change"}]},{"@type":"WebSite","@id":"https:\/\/globaltraining.com\/#website","url":"https:\/\/globaltraining.com\/","name":"K\u00fcresel G\u00fcvenlik ve \u00c7evre","description":"Tam Hizmet Sa\u011fl\u0131k, G\u00fcvenlik ve \u00c7evre Kurslar\u0131","publisher":{"@id":"https:\/\/globaltraining.com\/#organization"},"potentialAction":[{"@type":"SearchAction","target":{"@type":"EntryPoint","urlTemplate":"https:\/\/globaltraining.com\/?s={search_term_string}"},"query-input":{"@type":"PropertyValueSpecification","valueRequired":true,"valueName":"search_term_string"}}],"inLanguage":"tr-TR"},{"@type":"Organization","@id":"https:\/\/globaltraining.com\/#organization","name":"K\u00fcresel G\u00fcvenlik ve \u00c7evre","url":"https:\/\/globaltraining.com\/","logo":{"@type":"ImageObject","inLanguage":"tr-TR","@id":"https:\/\/globaltraining.com\/#\/schema\/logo\/image\/","url":"https:\/\/globaltraining.com\/wp-content\/uploads\/2021\/01\/GSE-Logo-for-email.png","contentUrl":"https:\/\/globaltraining.com\/wp-content\/uploads\/2021\/01\/GSE-Logo-for-email.png","width":400,"height":101,"caption":"Global Safety & Environmental"},"image":{"@id":"https:\/\/globaltraining.com\/#\/schema\/logo\/image\/"}}]}},"_links":{"self":[{"href":"https:\/\/globaltraining.com\/tr\/wp-json\/wp\/v2\/product\/28542","targetHints":{"allow":["GET"]}}],"collection":[{"href":"https:\/\/globaltraining.com\/tr\/wp-json\/wp\/v2\/product"}],"about":[{"href":"https:\/\/globaltraining.com\/tr\/wp-json\/wp\/v2\/types\/product"}],"wp:featuredmedia":[{"embeddable":true,"href":"https:\/\/globaltraining.com\/tr\/wp-json\/wp\/v2\/media\/27177"}],"wp:attachment":[{"href":"https:\/\/globaltraining.com\/tr\/wp-json\/wp\/v2\/media?parent=28542"}],"wp:term":[{"taxonomy":"product_brand","embeddable":true,"href":"https:\/\/globaltraining.com\/tr\/wp-json\/wp\/v2\/product_brand?post=28542"},{"taxonomy":"product_cat","embeddable":true,"href":"https:\/\/globaltraining.com\/tr\/wp-json\/wp\/v2\/product_cat?post=28542"},{"taxonomy":"product_tag","embeddable":true,"href":"https:\/\/globaltraining.com\/tr\/wp-json\/wp\/v2\/product_tag?post=28542"}],"curies":[{"name":"wp","href":"https:\/\/api.w.org\/{rel}","templated":true}]}}