{"id":28541,"date":"2023-09-11T09:20:08","date_gmt":"2023-09-11T14:20:08","guid":{"rendered":"https:\/\/globaltraining.com\/?post_type=product&#038;p=28541"},"modified":"2024-12-06T09:52:27","modified_gmt":"2024-12-06T15:52:27","slug":"makine-koruma-egitimi","status":"publish","type":"product","link":"https:\/\/globaltraining.com\/tr\/product\/machine-guarding-training\/","title":{"rendered":"Makine Koruma E\u011fitimi"},"content":{"rendered":"<h2>Makine Korumas\u0131: \u0130\u015fyeri G\u00fcvenli\u011fine Giden Yolunuz<\/h2>\n<p>Makine Korumas\u0131, \u00f6zellikle makine ve ekipmanlar\u0131n i\u015f\u00e7iler i\u00e7in potansiyel risk olu\u015fturdu\u011fu end\u00fcstrilerde, i\u015fyeri g\u00fcvenli\u011finin kritik bir y\u00f6n\u00fcd\u00fcr. Makine Koruma E\u011fitimi program\u0131m\u0131z, bireyleri makinelerin korunmas\u0131n\u0131 sa\u011flayacak, i\u015fyerindeki kazalar\u0131 ve yaralanmalar\u0131 \u00f6nleyecek bilgi ve becerilerle donat\u0131r.<\/p>\n<h2>G\u00fcvenlik Korumas\u0131n\u0131n \u00d6nemi<\/h2>\n<p>G\u00fcvenlik Koruma, hareketli par\u00e7alarla temas\u0131 \u00f6nlemek i\u00e7in makinelere koruyucu bariyerler veya cihazlar yerle\u015ftirmeyi ve b\u00f6ylece kaza riskini en aza indirmeyi i\u00e7eren temel bir g\u00fcvenlik uygulamas\u0131d\u0131r. Bu, i\u015fyeri g\u00fcvenli\u011finin \u00e7ok \u00f6nemli bir bile\u015fenidir ve \u00e7al\u0131\u015fanlar\u0131n korunmas\u0131 i\u00e7in g\u00fcvenlik koruma d\u00fczenlemelerine uyum \u015fartt\u0131r.<\/p>\n<p>E\u011fitim program\u0131m\u0131z, makine korumas\u0131n\u0131n ilkelerini kapsamakta olup, potansiyel tehlikelerin belirlenmesinin, risklerin de\u011ferlendirilmesinin ve uygun koruma y\u00f6ntemlerinin se\u00e7ilmesinin \u00f6nemini vurgulamaktad\u0131r. Kat\u0131l\u0131mc\u0131lar, sabit, kilitli ve ayarlanabilir korumalar da dahil olmak \u00fczere farkl\u0131 makine koruma t\u00fcrleri ve bunlar\u0131n etkilili\u011fini sa\u011flamak i\u00e7in bunlar\u0131n bak\u0131m\u0131n\u0131n nas\u0131l yap\u0131laca\u011f\u0131 ve denetlenece\u011fi hakk\u0131nda bilgi edinecektir.<\/p>\n<h2>Makine Koruma E\u011fitimi: \u0130\u015fyeri G\u00fcvenli\u011finin Sa\u011flanmas\u0131<\/h2>\n<p>Makine Koruma E\u011fitimi, g\u00fcvenlik koruma uygulamalar\u0131n\u0131n kapsaml\u0131 bir \u015fekilde anla\u015f\u0131lmas\u0131n\u0131 sa\u011flamak i\u00e7in tasarlanm\u0131\u015ft\u0131r. Teorinin \u00f6tesine ge\u00e7er ve bireyleri, makine koruma \u00e7\u00f6z\u00fcmlerini etkili bir \u015fekilde uygulamak i\u00e7in pratik becerilerle donat\u0131r.<\/p>\n<p>Kat\u0131l\u0131mc\u0131lar\u0131n farkl\u0131 makine t\u00fcrlerine y\u00f6nelik benzersiz koruma gereksinimlerini anlamalar\u0131na yard\u0131mc\u0131 olmak i\u00e7in makineye \u00f6zel senaryolar\u0131 derinlemesine inceliyoruz. E\u011fitimimiz ayn\u0131 zamanda makine korumas\u0131n\u0131n yasal ve d\u00fczenleyici y\u00f6nlerini de kapsayarak kat\u0131l\u0131mc\u0131lar\u0131n ilgili g\u00fcvenlik standartlar\u0131n\u0131 anlamalar\u0131n\u0131 ve bunlara uymalar\u0131n\u0131 sa\u011flar.<\/p>\n<h2>\u0130\u015fyeri G\u00fcvenli\u011fini Art\u0131r\u0131n \u2013 Bug\u00fcn Kaydolun!<\/h2>\n<p>\u0130\u015f yeri g\u00fcvenli\u011finden taviz vermeyin. Kendinizi ve meslekta\u015flar\u0131n\u0131z\u0131 korumak i\u00e7in gerekli bilgi ve uzmanl\u0131\u011f\u0131 kazanmak i\u00e7in bug\u00fcn Makine Koruma program\u0131m\u0131za kaydolun. Kursumuzu tamamlayarak yaln\u0131zca g\u00fcvenli\u011finizi art\u0131rmakla kalmayacak, ayn\u0131 zamanda herkes i\u00e7in daha g\u00fcvenli bir \u00e7al\u0131\u015fma ortam\u0131na da katk\u0131da bulunacaks\u0131n\u0131z.<\/p>\n<p>Makine korumas\u0131na \u00f6ncelik veren g\u00fcvenlik bilincine sahip profesyonellerin saflar\u0131na kat\u0131l\u0131n. \u015eimdi kaydolun ve gelece\u011finizi koruyun!<\/p>","protected":false},"excerpt":{"rendered":"<p>Makine Koruma E\u011fitimimizle makine koruma sanat\u0131nda ustala\u015f\u0131n ve i\u015f yeri kazalar\u0131n\u0131 \u00f6nleyin. Daha g\u00fcvenli, daha emniyetli bir kariyer i\u00e7in kendinizi hayat kurtaran becerilerle donat\u0131n. \u015eimdi kay\u0131t!<\/p>","protected":false},"featured_media":27623,"template":"","meta":{"_et_pb_use_builder":"","_et_pb_old_content":"","_et_gb_content_width":""},"product_brand":[],"product_cat":[132,136,143,175,168],"product_tag":[],"class_list":{"0":"post-28541","1":"product","2":"type-product","3":"status-publish","4":"has-post-thumbnail","6":"product_cat-equipment","7":"product_cat-first-aid","8":"product_cat-health-and-safety","9":"product_cat-material-handling","10":"product_cat-tools","12":"first","13":"instock","14":"virtual","15":"sold-individually","16":"purchasable","17":"product-type-simple"},"yoast_head":"<!-- This site is optimized with the Yoast SEO plugin v27.3 - https:\/\/yoast.com\/product\/yoast-seo-wordpress\/ -->\n<title>Machine Guarding Training - Global Safety &amp; Environmental<\/title>\n<meta name=\"description\" content=\"Enhance workplace safety with Machine Guarding Training. Learn safety guarding principles and protect lives. Enroll now for safer work environments!\" \/>\n<meta name=\"robots\" content=\"index, follow, max-snippet:-1, max-image-preview:large, max-video-preview:-1\" \/>\n<link rel=\"canonical\" href=\"https:\/\/globaltraining.com\/tr\/urun\/makine-koruma-egitimi\/\" \/>\n<meta property=\"og:locale\" content=\"tr_TR\" \/>\n<meta property=\"og:type\" content=\"article\" \/>\n<meta property=\"og:title\" content=\"Machine Guarding Training - Global Safety &amp; Environmental\" \/>\n<meta property=\"og:description\" content=\"Enhance workplace safety with Machine Guarding Training. Learn safety guarding principles and protect lives. Enroll now for safer work environments!\" \/>\n<meta property=\"og:url\" content=\"https:\/\/globaltraining.com\/tr\/urun\/makine-koruma-egitimi\/\" \/>\n<meta property=\"og:site_name\" content=\"Global Safety &amp; Environmental\" \/>\n<meta property=\"article:modified_time\" content=\"2024-12-06T15:52:27+00:00\" \/>\n<meta property=\"og:image\" content=\"https:\/\/globaltraining.com\/wp-content\/uploads\/2022\/05\/Machine-Guarding-Safety.jpg\" \/>\n\t<meta property=\"og:image:width\" content=\"1200\" \/>\n\t<meta property=\"og:image:height\" content=\"800\" \/>\n\t<meta property=\"og:image:type\" content=\"image\/jpeg\" \/>\n<meta name=\"twitter:card\" content=\"summary_large_image\" \/>\n<meta name=\"twitter:label1\" content=\"Est. reading time\" \/>\n\t<meta name=\"twitter:data1\" content=\"2 minutes\" \/>\n<script type=\"application\/ld+json\" class=\"yoast-schema-graph\">{\"@context\":\"https:\\\/\\\/schema.org\",\"@graph\":[{\"@type\":\"WebPage\",\"@id\":\"https:\\\/\\\/globaltraining.com\\\/product\\\/machine-guarding-training\\\/\",\"url\":\"https:\\\/\\\/globaltraining.com\\\/product\\\/machine-guarding-training\\\/\",\"name\":\"Machine Guarding Training - Global Safety &amp; Environmental\",\"isPartOf\":{\"@id\":\"https:\\\/\\\/globaltraining.com\\\/#website\"},\"primaryImageOfPage\":{\"@id\":\"https:\\\/\\\/globaltraining.com\\\/product\\\/machine-guarding-training\\\/#primaryimage\"},\"image\":{\"@id\":\"https:\\\/\\\/globaltraining.com\\\/product\\\/machine-guarding-training\\\/#primaryimage\"},\"thumbnailUrl\":\"https:\\\/\\\/globaltraining.com\\\/wp-content\\\/uploads\\\/2022\\\/05\\\/Machine-Guarding-Safety.jpg\",\"datePublished\":\"2023-09-11T14:20:08+00:00\",\"dateModified\":\"2024-12-06T15:52:27+00:00\",\"description\":\"Enhance workplace safety with Machine Guarding Training. Learn safety guarding principles and protect lives. Enroll now for safer work environments!\",\"breadcrumb\":{\"@id\":\"https:\\\/\\\/globaltraining.com\\\/product\\\/machine-guarding-training\\\/#breadcrumb\"},\"inLanguage\":\"tr-TR\",\"potentialAction\":[{\"@type\":\"ReadAction\",\"target\":[\"https:\\\/\\\/globaltraining.com\\\/product\\\/machine-guarding-training\\\/\"]}]},{\"@type\":\"ImageObject\",\"inLanguage\":\"tr-TR\",\"@id\":\"https:\\\/\\\/globaltraining.com\\\/product\\\/machine-guarding-training\\\/#primaryimage\",\"url\":\"https:\\\/\\\/globaltraining.com\\\/wp-content\\\/uploads\\\/2022\\\/05\\\/Machine-Guarding-Safety.jpg\",\"contentUrl\":\"https:\\\/\\\/globaltraining.com\\\/wp-content\\\/uploads\\\/2022\\\/05\\\/Machine-Guarding-Safety.jpg\",\"width\":1200,\"height\":800,\"caption\":\"Machine Guarding\"},{\"@type\":\"BreadcrumbList\",\"@id\":\"https:\\\/\\\/globaltraining.com\\\/product\\\/machine-guarding-training\\\/#breadcrumb\",\"itemListElement\":[{\"@type\":\"ListItem\",\"position\":1,\"name\":\"Home\",\"item\":\"https:\\\/\\\/globaltraining.com\\\/\"},{\"@type\":\"ListItem\",\"position\":2,\"name\":\"Productos\",\"item\":\"https:\\\/\\\/globaltraining.com\\\/es\\\/shop\\\/\"},{\"@type\":\"ListItem\",\"position\":3,\"name\":\"Machine Guarding Training\"}]},{\"@type\":\"WebSite\",\"@id\":\"https:\\\/\\\/globaltraining.com\\\/#website\",\"url\":\"https:\\\/\\\/globaltraining.com\\\/\",\"name\":\"Global Safety & Environmental\",\"description\":\"Full Service Health, Safety, and Environmental Courses\",\"publisher\":{\"@id\":\"https:\\\/\\\/globaltraining.com\\\/#organization\"},\"potentialAction\":[{\"@type\":\"SearchAction\",\"target\":{\"@type\":\"EntryPoint\",\"urlTemplate\":\"https:\\\/\\\/globaltraining.com\\\/?s={search_term_string}\"},\"query-input\":{\"@type\":\"PropertyValueSpecification\",\"valueRequired\":true,\"valueName\":\"search_term_string\"}}],\"inLanguage\":\"tr-TR\"},{\"@type\":\"Organization\",\"@id\":\"https:\\\/\\\/globaltraining.com\\\/#organization\",\"name\":\"Global Safety & Environmental\",\"url\":\"https:\\\/\\\/globaltraining.com\\\/\",\"logo\":{\"@type\":\"ImageObject\",\"inLanguage\":\"tr-TR\",\"@id\":\"https:\\\/\\\/globaltraining.com\\\/#\\\/schema\\\/logo\\\/image\\\/\",\"url\":\"https:\\\/\\\/globaltraining.com\\\/wp-content\\\/uploads\\\/2021\\\/01\\\/GSE-Logo-for-email.png\",\"contentUrl\":\"https:\\\/\\\/globaltraining.com\\\/wp-content\\\/uploads\\\/2021\\\/01\\\/GSE-Logo-for-email.png\",\"width\":400,\"height\":101,\"caption\":\"Global Safety & Environmental\"},\"image\":{\"@id\":\"https:\\\/\\\/globaltraining.com\\\/#\\\/schema\\\/logo\\\/image\\\/\"}}]}<\/script>\n<!-- \/ Yoast SEO plugin. -->","yoast_head_json":{"title":"Makine Koruma E\u011fitimi - K\u00fcresel G\u00fcvenlik ve \u00c7evre","description":"Makine Koruma E\u011fitimi ile i\u015fyeri g\u00fcvenli\u011fini art\u0131r\u0131n. G\u00fcvenlik koruma prensiplerini \u00f6\u011frenin ve hayatlar\u0131 koruyun. Daha g\u00fcvenli \u00e7al\u0131\u015fma ortamlar\u0131 i\u00e7in hemen kaydolun!","robots":{"index":"index","follow":"follow","max-snippet":"max-snippet:-1","max-image-preview":"max-image-preview:large","max-video-preview":"max-video-preview:-1"},"canonical":"https:\/\/globaltraining.com\/tr\/urun\/makine-koruma-egitimi\/","og_locale":"tr_TR","og_type":"article","og_title":"Machine Guarding Training - Global Safety &amp; Environmental","og_description":"Enhance workplace safety with Machine Guarding Training. Learn safety guarding principles and protect lives. Enroll now for safer work environments!","og_url":"https:\/\/globaltraining.com\/tr\/urun\/makine-koruma-egitimi\/","og_site_name":"Global Safety &amp; Environmental","article_modified_time":"2024-12-06T15:52:27+00:00","og_image":[{"width":1200,"height":800,"url":"https:\/\/globaltraining.com\/wp-content\/uploads\/2022\/05\/Machine-Guarding-Safety.jpg","type":"image\/jpeg"}],"twitter_card":"summary_large_image","twitter_misc":{"Est. reading time":"2 minutes"},"schema":{"@context":"https:\/\/schema.org","@graph":[{"@type":"WebPage","@id":"https:\/\/globaltraining.com\/product\/machine-guarding-training\/","url":"https:\/\/globaltraining.com\/product\/machine-guarding-training\/","name":"Makine Koruma E\u011fitimi - K\u00fcresel G\u00fcvenlik ve \u00c7evre","isPartOf":{"@id":"https:\/\/globaltraining.com\/#website"},"primaryImageOfPage":{"@id":"https:\/\/globaltraining.com\/product\/machine-guarding-training\/#primaryimage"},"image":{"@id":"https:\/\/globaltraining.com\/product\/machine-guarding-training\/#primaryimage"},"thumbnailUrl":"https:\/\/globaltraining.com\/wp-content\/uploads\/2022\/05\/Machine-Guarding-Safety.jpg","datePublished":"2023-09-11T14:20:08+00:00","dateModified":"2024-12-06T15:52:27+00:00","description":"Makine Koruma E\u011fitimi ile i\u015fyeri g\u00fcvenli\u011fini art\u0131r\u0131n. G\u00fcvenlik koruma prensiplerini \u00f6\u011frenin ve hayatlar\u0131 koruyun. Daha g\u00fcvenli \u00e7al\u0131\u015fma ortamlar\u0131 i\u00e7in hemen kaydolun!","breadcrumb":{"@id":"https:\/\/globaltraining.com\/product\/machine-guarding-training\/#breadcrumb"},"inLanguage":"tr-TR","potentialAction":[{"@type":"ReadAction","target":["https:\/\/globaltraining.com\/product\/machine-guarding-training\/"]}]},{"@type":"ImageObject","inLanguage":"tr-TR","@id":"https:\/\/globaltraining.com\/product\/machine-guarding-training\/#primaryimage","url":"https:\/\/globaltraining.com\/wp-content\/uploads\/2022\/05\/Machine-Guarding-Safety.jpg","contentUrl":"https:\/\/globaltraining.com\/wp-content\/uploads\/2022\/05\/Machine-Guarding-Safety.jpg","width":1200,"height":800,"caption":"Machine Guarding"},{"@type":"BreadcrumbList","@id":"https:\/\/globaltraining.com\/product\/machine-guarding-training\/#breadcrumb","itemListElement":[{"@type":"ListItem","position":1,"name":"Home","item":"https:\/\/globaltraining.com\/"},{"@type":"ListItem","position":2,"name":"Productos","item":"https:\/\/globaltraining.com\/es\/shop\/"},{"@type":"ListItem","position":3,"name":"Machine Guarding Training"}]},{"@type":"WebSite","@id":"https:\/\/globaltraining.com\/#website","url":"https:\/\/globaltraining.com\/","name":"K\u00fcresel G\u00fcvenlik ve \u00c7evre","description":"Tam Hizmet Sa\u011fl\u0131k, G\u00fcvenlik ve \u00c7evre Kurslar\u0131","publisher":{"@id":"https:\/\/globaltraining.com\/#organization"},"potentialAction":[{"@type":"SearchAction","target":{"@type":"EntryPoint","urlTemplate":"https:\/\/globaltraining.com\/?s={search_term_string}"},"query-input":{"@type":"PropertyValueSpecification","valueRequired":true,"valueName":"search_term_string"}}],"inLanguage":"tr-TR"},{"@type":"Organization","@id":"https:\/\/globaltraining.com\/#organization","name":"K\u00fcresel G\u00fcvenlik ve \u00c7evre","url":"https:\/\/globaltraining.com\/","logo":{"@type":"ImageObject","inLanguage":"tr-TR","@id":"https:\/\/globaltraining.com\/#\/schema\/logo\/image\/","url":"https:\/\/globaltraining.com\/wp-content\/uploads\/2021\/01\/GSE-Logo-for-email.png","contentUrl":"https:\/\/globaltraining.com\/wp-content\/uploads\/2021\/01\/GSE-Logo-for-email.png","width":400,"height":101,"caption":"Global Safety & Environmental"},"image":{"@id":"https:\/\/globaltraining.com\/#\/schema\/logo\/image\/"}}]}},"_links":{"self":[{"href":"https:\/\/globaltraining.com\/tr\/wp-json\/wp\/v2\/product\/28541","targetHints":{"allow":["GET"]}}],"collection":[{"href":"https:\/\/globaltraining.com\/tr\/wp-json\/wp\/v2\/product"}],"about":[{"href":"https:\/\/globaltraining.com\/tr\/wp-json\/wp\/v2\/types\/product"}],"wp:featuredmedia":[{"embeddable":true,"href":"https:\/\/globaltraining.com\/tr\/wp-json\/wp\/v2\/media\/27623"}],"wp:attachment":[{"href":"https:\/\/globaltraining.com\/tr\/wp-json\/wp\/v2\/media?parent=28541"}],"wp:term":[{"taxonomy":"product_brand","embeddable":true,"href":"https:\/\/globaltraining.com\/tr\/wp-json\/wp\/v2\/product_brand?post=28541"},{"taxonomy":"product_cat","embeddable":true,"href":"https:\/\/globaltraining.com\/tr\/wp-json\/wp\/v2\/product_cat?post=28541"},{"taxonomy":"product_tag","embeddable":true,"href":"https:\/\/globaltraining.com\/tr\/wp-json\/wp\/v2\/product_tag?post=28541"}],"curies":[{"name":"wp","href":"https:\/\/api.w.org\/{rel}","templated":true}]}}