{"id":28540,"date":"2023-09-11T09:17:24","date_gmt":"2023-09-11T14:17:24","guid":{"rendered":"https:\/\/globaltraining.com\/?post_type=product&#038;p=28540"},"modified":"2024-12-06T09:56:20","modified_gmt":"2024-12-06T15:56:20","slug":"loto-egitimi","status":"publish","type":"product","link":"https:\/\/globaltraining.com\/tr\/product\/loto-training\/","title":{"rendered":"LOTO E\u011fitimi"},"content":{"rendered":"<h2>LOTO E\u011fitimi ile G\u00fcvenli\u011fin Kilidini A\u00e7\u0131n<\/h2>\n<p>Kilitleme Etiketleme (LOTO), ekipman\u0131n beklenmedik \u015fekilde ba\u015flat\u0131lmas\u0131n\u0131 \u00f6nleyen, bak\u0131m ve onar\u0131m g\u00f6revleri s\u0131ras\u0131nda \u00e7al\u0131\u015fanlar\u0131n g\u00fcvenli\u011fini sa\u011flayan hayati bir g\u00fcvenlik prosed\u00fcr\u00fcd\u00fcr. LOTO E\u011fitim program\u0131m\u0131z, bireyleri enerji izolasyonunu ger\u00e7ekle\u015ftirmek, hayatlar\u0131 korumak ve i\u015fyerinde kazalar\u0131 \u00f6nlemek i\u00e7in gerekli bilgi ve becerilerle donat\u0131r.<\/p>\n<h2>LOTO E\u011fitiminin \u00d6z\u00fc<\/h2>\n<p>LOTO e\u011fitimi, uygun \u015fekilde enerjisiz b\u0131rak\u0131lmad\u0131\u011f\u0131nda risk olu\u015fturabilecek makine ve ekipmanlarla \u00e7al\u0131\u015fan herkes i\u00e7in gereklidir. \u00c7al\u0131\u015fanlara tehlikeli enerji kaynaklar\u0131n\u0131 etkili bir \u015fekilde kontrol etme yetkisi verdi\u011fi i\u00e7in i\u015fyeri g\u00fcvenli\u011finin kritik bir bile\u015fenidir.<\/p>\n<p>E\u011fitim program\u0131m\u0131z enerji izolasyonunun ilkelerini kapsamakta ve uygun kilitleme etiketleme prosed\u00fcrlerinin \u00f6nemini vurgulamaktad\u0131r. Kat\u0131l\u0131mc\u0131lar, bak\u0131m veya onar\u0131m yapmadan \u00f6nce enerji kaynaklar\u0131n\u0131 nas\u0131l tan\u0131mlayacaklar\u0131n\u0131, kilitleme cihazlar\u0131n\u0131 nas\u0131l uygulayacaklar\u0131n\u0131, ekipman\u0131 nas\u0131l etiketleyeceklerini ve kilitlemenin etkinli\u011fini nas\u0131l do\u011frulayacaklar\u0131n\u0131 \u00f6\u011frenecekler.<\/p>\n<h2>Oturumu Kapat Etiketleme E\u011fitimi: Hayatlar\u0131 Koruma<\/h2>\n<p>Oturumu Kapat Etiketleme (LOTO), \u00e7al\u0131\u015fanlar\u0131 beklenmedik makine \u00e7al\u0131\u015ft\u0131rmalar\u0131ndan koruyan hayat kurtar\u0131c\u0131 bir uygulamad\u0131r. Uzmanla\u015fm\u0131\u015f LOTO e\u011fitimimiz, enerji izolasyonunun inceliklerini derinlemesine inceleyerek kat\u0131l\u0131mc\u0131lar\u0131n enerji izolasyonunun kendi g\u00fcvenliklerinde oynad\u0131\u011f\u0131 kritik rol\u00fc anlamalar\u0131n\u0131 sa\u011flar.<\/p>\n<p>Elektrik, mekanik, hidrolik ve pn\u00f6matik sistemler dahil olmak \u00fczere farkl\u0131 t\u00fcrdeki enerji kaynaklar\u0131na odaklan\u0131yoruz. Kapsaml\u0131 yakla\u015f\u0131m\u0131m\u0131z, bireyleri \u00e7ok \u00e7e\u015fitli i\u015fyeri senaryolar\u0131n\u0131 ele almaya haz\u0131rlayarak, onlar\u0131 kazalar\u0131 ve yaralanmalar\u0131 etkili bir \u015fekilde \u00f6nlemek i\u00e7in gereken becerilerle donat\u0131r.<\/p>\n<h2>\u0130\u015fyeri G\u00fcvenli\u011fini Art\u0131r\u0131n \u2013 Bug\u00fcn Kaydolun!<\/h2>\n<p>\u0130\u015f yeri g\u00fcvenli\u011finden taviz vermeyin. Kendinizi ve meslekta\u015flar\u0131n\u0131z\u0131 korumak i\u00e7in gerekli bilgi ve uzmanl\u0131\u011f\u0131 kazanmak i\u00e7in Kilitleme\/Etiketleme E\u011fitimi program\u0131m\u0131za bug\u00fcn kaydolun. Kursumuzu tamamlayarak yaln\u0131zca g\u00fcvenli\u011finizi art\u0131rmakla kalmayacak, ayn\u0131 zamanda herkes i\u00e7in daha g\u00fcvenli bir \u00e7al\u0131\u015fma ortam\u0131na da katk\u0131da bulunacaks\u0131n\u0131z.<\/p>\n<p>LOTO e\u011fitimine \u00f6ncelik veren g\u00fcvenlik bilincine sahip profesyonellerin saflar\u0131na kat\u0131l\u0131n. \u015eimdi kaydolun ve daha g\u00fcvenli ve daha emniyetli bir gelece\u011fin kilidini a\u00e7\u0131n!<\/p>","protected":false},"excerpt":{"rendered":"<p>LOTO E\u011fitimimizle enerji yal\u0131t\u0131m\u0131 sanat\u0131nda ustala\u015f\u0131n ve i\u015f kazalar\u0131n\u0131 \u00f6nleyin. Daha g\u00fcvenli, daha emniyetli bir kariyer i\u00e7in kendinizi hayat kurtaran becerilerle donat\u0131n. \u015eimdi kay\u0131t!<\/p>","protected":false},"featured_media":27200,"template":"","meta":{"_et_pb_use_builder":"","_et_pb_old_content":"","_et_gb_content_width":""},"product_brand":[],"product_cat":[130,156],"product_tag":[],"class_list":{"0":"post-28540","1":"product","2":"type-product","3":"status-publish","4":"has-post-thumbnail","6":"product_cat-electrical","7":"product_cat-occupational-health-and-safety","9":"first","10":"instock","11":"virtual","12":"sold-individually","13":"purchasable","14":"product-type-simple"},"yoast_head":"<!-- This site is optimized with the Yoast SEO plugin v27.3 - https:\/\/yoast.com\/product\/yoast-seo-wordpress\/ -->\n<title>LOTO Training - Global Safety &amp; Environmental<\/title>\n<meta name=\"description\" content=\"Enhance workplace safety with LOTO Training. Learn energy isolation and protect lives. Enroll now for safer maintenance and repairs!\" \/>\n<meta name=\"robots\" content=\"index, follow, max-snippet:-1, max-image-preview:large, max-video-preview:-1\" \/>\n<link rel=\"canonical\" href=\"https:\/\/globaltraining.com\/tr\/urun\/loto-egitimi\/\" \/>\n<meta property=\"og:locale\" content=\"tr_TR\" \/>\n<meta property=\"og:type\" content=\"article\" \/>\n<meta property=\"og:title\" content=\"LOTO Training - Global Safety &amp; Environmental\" \/>\n<meta property=\"og:description\" content=\"Enhance workplace safety with LOTO Training. Learn energy isolation and protect lives. Enroll now for safer maintenance and repairs!\" \/>\n<meta property=\"og:url\" content=\"https:\/\/globaltraining.com\/tr\/urun\/loto-egitimi\/\" \/>\n<meta property=\"og:site_name\" content=\"Global Safety &amp; Environmental\" \/>\n<meta property=\"article:modified_time\" content=\"2024-12-06T15:56:20+00:00\" \/>\n<meta property=\"og:image\" content=\"https:\/\/globaltraining.com\/wp-content\/uploads\/2021\/08\/lockouttagout.jpg\" \/>\n\t<meta property=\"og:image:width\" content=\"1200\" \/>\n\t<meta property=\"og:image:height\" content=\"800\" \/>\n\t<meta property=\"og:image:type\" content=\"image\/jpeg\" \/>\n<meta name=\"twitter:card\" content=\"summary_large_image\" \/>\n<meta name=\"twitter:label1\" content=\"Est. reading time\" \/>\n\t<meta name=\"twitter:data1\" content=\"2 minutes\" \/>\n<script type=\"application\/ld+json\" class=\"yoast-schema-graph\">{\"@context\":\"https:\\\/\\\/schema.org\",\"@graph\":[{\"@type\":\"WebPage\",\"@id\":\"https:\\\/\\\/globaltraining.com\\\/product\\\/loto-training\\\/\",\"url\":\"https:\\\/\\\/globaltraining.com\\\/product\\\/loto-training\\\/\",\"name\":\"LOTO Training - Global Safety &amp; Environmental\",\"isPartOf\":{\"@id\":\"https:\\\/\\\/globaltraining.com\\\/#website\"},\"primaryImageOfPage\":{\"@id\":\"https:\\\/\\\/globaltraining.com\\\/product\\\/loto-training\\\/#primaryimage\"},\"image\":{\"@id\":\"https:\\\/\\\/globaltraining.com\\\/product\\\/loto-training\\\/#primaryimage\"},\"thumbnailUrl\":\"https:\\\/\\\/globaltraining.com\\\/wp-content\\\/uploads\\\/2021\\\/08\\\/lockouttagout.jpg\",\"datePublished\":\"2023-09-11T14:17:24+00:00\",\"dateModified\":\"2024-12-06T15:56:20+00:00\",\"description\":\"Enhance workplace safety with LOTO Training. Learn energy isolation and protect lives. Enroll now for safer maintenance and repairs!\",\"breadcrumb\":{\"@id\":\"https:\\\/\\\/globaltraining.com\\\/product\\\/loto-training\\\/#breadcrumb\"},\"inLanguage\":\"tr-TR\",\"potentialAction\":[{\"@type\":\"ReadAction\",\"target\":[\"https:\\\/\\\/globaltraining.com\\\/product\\\/loto-training\\\/\"]}]},{\"@type\":\"ImageObject\",\"inLanguage\":\"tr-TR\",\"@id\":\"https:\\\/\\\/globaltraining.com\\\/product\\\/loto-training\\\/#primaryimage\",\"url\":\"https:\\\/\\\/globaltraining.com\\\/wp-content\\\/uploads\\\/2021\\\/08\\\/lockouttagout.jpg\",\"contentUrl\":\"https:\\\/\\\/globaltraining.com\\\/wp-content\\\/uploads\\\/2021\\\/08\\\/lockouttagout.jpg\",\"width\":1200,\"height\":800,\"caption\":\"LOTO Training\"},{\"@type\":\"BreadcrumbList\",\"@id\":\"https:\\\/\\\/globaltraining.com\\\/product\\\/loto-training\\\/#breadcrumb\",\"itemListElement\":[{\"@type\":\"ListItem\",\"position\":1,\"name\":\"Home\",\"item\":\"https:\\\/\\\/globaltraining.com\\\/\"},{\"@type\":\"ListItem\",\"position\":2,\"name\":\"Productos\",\"item\":\"https:\\\/\\\/globaltraining.com\\\/es\\\/shop\\\/\"},{\"@type\":\"ListItem\",\"position\":3,\"name\":\"LOTO Training\"}]},{\"@type\":\"WebSite\",\"@id\":\"https:\\\/\\\/globaltraining.com\\\/#website\",\"url\":\"https:\\\/\\\/globaltraining.com\\\/\",\"name\":\"Global Safety & Environmental\",\"description\":\"Full Service Health, Safety, and Environmental Courses\",\"publisher\":{\"@id\":\"https:\\\/\\\/globaltraining.com\\\/#organization\"},\"potentialAction\":[{\"@type\":\"SearchAction\",\"target\":{\"@type\":\"EntryPoint\",\"urlTemplate\":\"https:\\\/\\\/globaltraining.com\\\/?s={search_term_string}\"},\"query-input\":{\"@type\":\"PropertyValueSpecification\",\"valueRequired\":true,\"valueName\":\"search_term_string\"}}],\"inLanguage\":\"tr-TR\"},{\"@type\":\"Organization\",\"@id\":\"https:\\\/\\\/globaltraining.com\\\/#organization\",\"name\":\"Global Safety & Environmental\",\"url\":\"https:\\\/\\\/globaltraining.com\\\/\",\"logo\":{\"@type\":\"ImageObject\",\"inLanguage\":\"tr-TR\",\"@id\":\"https:\\\/\\\/globaltraining.com\\\/#\\\/schema\\\/logo\\\/image\\\/\",\"url\":\"https:\\\/\\\/globaltraining.com\\\/wp-content\\\/uploads\\\/2021\\\/01\\\/GSE-Logo-for-email.png\",\"contentUrl\":\"https:\\\/\\\/globaltraining.com\\\/wp-content\\\/uploads\\\/2021\\\/01\\\/GSE-Logo-for-email.png\",\"width\":400,\"height\":101,\"caption\":\"Global Safety & Environmental\"},\"image\":{\"@id\":\"https:\\\/\\\/globaltraining.com\\\/#\\\/schema\\\/logo\\\/image\\\/\"}}]}<\/script>\n<!-- \/ Yoast SEO plugin. -->","yoast_head_json":{"title":"LOTO E\u011fitimi - K\u00fcresel G\u00fcvenlik ve \u00c7evre","description":"LOTO E\u011fitimi ile i\u015fyeri g\u00fcvenli\u011fini art\u0131r\u0131n. Enerji izolasyonunu \u00f6\u011frenin ve hayatlar\u0131 koruyun. Daha g\u00fcvenli bak\u0131m ve onar\u0131mlar i\u00e7in hemen kaydolun!","robots":{"index":"index","follow":"follow","max-snippet":"max-snippet:-1","max-image-preview":"max-image-preview:large","max-video-preview":"max-video-preview:-1"},"canonical":"https:\/\/globaltraining.com\/tr\/urun\/loto-egitimi\/","og_locale":"tr_TR","og_type":"article","og_title":"LOTO Training - Global Safety &amp; Environmental","og_description":"Enhance workplace safety with LOTO Training. Learn energy isolation and protect lives. Enroll now for safer maintenance and repairs!","og_url":"https:\/\/globaltraining.com\/tr\/urun\/loto-egitimi\/","og_site_name":"Global Safety &amp; Environmental","article_modified_time":"2024-12-06T15:56:20+00:00","og_image":[{"width":1200,"height":800,"url":"https:\/\/globaltraining.com\/wp-content\/uploads\/2021\/08\/lockouttagout.jpg","type":"image\/jpeg"}],"twitter_card":"summary_large_image","twitter_misc":{"Est. reading time":"2 minutes"},"schema":{"@context":"https:\/\/schema.org","@graph":[{"@type":"WebPage","@id":"https:\/\/globaltraining.com\/product\/loto-training\/","url":"https:\/\/globaltraining.com\/product\/loto-training\/","name":"LOTO E\u011fitimi - K\u00fcresel G\u00fcvenlik ve \u00c7evre","isPartOf":{"@id":"https:\/\/globaltraining.com\/#website"},"primaryImageOfPage":{"@id":"https:\/\/globaltraining.com\/product\/loto-training\/#primaryimage"},"image":{"@id":"https:\/\/globaltraining.com\/product\/loto-training\/#primaryimage"},"thumbnailUrl":"https:\/\/globaltraining.com\/wp-content\/uploads\/2021\/08\/lockouttagout.jpg","datePublished":"2023-09-11T14:17:24+00:00","dateModified":"2024-12-06T15:56:20+00:00","description":"LOTO E\u011fitimi ile i\u015fyeri g\u00fcvenli\u011fini art\u0131r\u0131n. Enerji izolasyonunu \u00f6\u011frenin ve hayatlar\u0131 koruyun. Daha g\u00fcvenli bak\u0131m ve onar\u0131mlar i\u00e7in hemen kaydolun!","breadcrumb":{"@id":"https:\/\/globaltraining.com\/product\/loto-training\/#breadcrumb"},"inLanguage":"tr-TR","potentialAction":[{"@type":"ReadAction","target":["https:\/\/globaltraining.com\/product\/loto-training\/"]}]},{"@type":"ImageObject","inLanguage":"tr-TR","@id":"https:\/\/globaltraining.com\/product\/loto-training\/#primaryimage","url":"https:\/\/globaltraining.com\/wp-content\/uploads\/2021\/08\/lockouttagout.jpg","contentUrl":"https:\/\/globaltraining.com\/wp-content\/uploads\/2021\/08\/lockouttagout.jpg","width":1200,"height":800,"caption":"LOTO Training"},{"@type":"BreadcrumbList","@id":"https:\/\/globaltraining.com\/product\/loto-training\/#breadcrumb","itemListElement":[{"@type":"ListItem","position":1,"name":"Home","item":"https:\/\/globaltraining.com\/"},{"@type":"ListItem","position":2,"name":"Productos","item":"https:\/\/globaltraining.com\/es\/shop\/"},{"@type":"ListItem","position":3,"name":"LOTO Training"}]},{"@type":"WebSite","@id":"https:\/\/globaltraining.com\/#website","url":"https:\/\/globaltraining.com\/","name":"K\u00fcresel G\u00fcvenlik ve \u00c7evre","description":"Tam Hizmet Sa\u011fl\u0131k, G\u00fcvenlik ve \u00c7evre Kurslar\u0131","publisher":{"@id":"https:\/\/globaltraining.com\/#organization"},"potentialAction":[{"@type":"SearchAction","target":{"@type":"EntryPoint","urlTemplate":"https:\/\/globaltraining.com\/?s={search_term_string}"},"query-input":{"@type":"PropertyValueSpecification","valueRequired":true,"valueName":"search_term_string"}}],"inLanguage":"tr-TR"},{"@type":"Organization","@id":"https:\/\/globaltraining.com\/#organization","name":"K\u00fcresel G\u00fcvenlik ve \u00c7evre","url":"https:\/\/globaltraining.com\/","logo":{"@type":"ImageObject","inLanguage":"tr-TR","@id":"https:\/\/globaltraining.com\/#\/schema\/logo\/image\/","url":"https:\/\/globaltraining.com\/wp-content\/uploads\/2021\/01\/GSE-Logo-for-email.png","contentUrl":"https:\/\/globaltraining.com\/wp-content\/uploads\/2021\/01\/GSE-Logo-for-email.png","width":400,"height":101,"caption":"Global Safety & Environmental"},"image":{"@id":"https:\/\/globaltraining.com\/#\/schema\/logo\/image\/"}}]}},"_links":{"self":[{"href":"https:\/\/globaltraining.com\/tr\/wp-json\/wp\/v2\/product\/28540","targetHints":{"allow":["GET"]}}],"collection":[{"href":"https:\/\/globaltraining.com\/tr\/wp-json\/wp\/v2\/product"}],"about":[{"href":"https:\/\/globaltraining.com\/tr\/wp-json\/wp\/v2\/types\/product"}],"wp:featuredmedia":[{"embeddable":true,"href":"https:\/\/globaltraining.com\/tr\/wp-json\/wp\/v2\/media\/27200"}],"wp:attachment":[{"href":"https:\/\/globaltraining.com\/tr\/wp-json\/wp\/v2\/media?parent=28540"}],"wp:term":[{"taxonomy":"product_brand","embeddable":true,"href":"https:\/\/globaltraining.com\/tr\/wp-json\/wp\/v2\/product_brand?post=28540"},{"taxonomy":"product_cat","embeddable":true,"href":"https:\/\/globaltraining.com\/tr\/wp-json\/wp\/v2\/product_cat?post=28540"},{"taxonomy":"product_tag","embeddable":true,"href":"https:\/\/globaltraining.com\/tr\/wp-json\/wp\/v2\/product_tag?post=28540"}],"curies":[{"name":"wp","href":"https:\/\/api.w.org\/{rel}","templated":true}]}}