{"id":28539,"date":"2023-09-11T09:14:54","date_gmt":"2023-09-11T14:14:54","guid":{"rendered":"https:\/\/globaltraining.com\/?post_type=product&#038;p=28539"},"modified":"2024-12-06T09:57:37","modified_gmt":"2024-12-06T15:57:37","slug":"yuk-emniyeti-egitimi","status":"publish","type":"product","link":"https:\/\/globaltraining.com\/tr\/product\/load-securement-training\/","title":{"rendered":"Y\u00fck Emniyeti E\u011fitimi"},"content":{"rendered":"<h2>Mastering Y\u00fck G\u00fcvenli\u011fi E\u011fitimi<\/h2>\n<p>Y\u00fck emniyeti, \u00f6zellikle d\u00fcz yatakl\u0131 ve kargo ta\u015f\u0131y\u0131c\u0131lar\u0131 i\u00e7in nakliye g\u00fcvenli\u011finin kritik bir y\u00f6n\u00fcd\u00fcr. Y\u00fck Emniyeti E\u011fitim program\u0131m\u0131z, profesyonelleri \u00e7e\u015fitli kargo t\u00fcrlerini uygun \u015fekilde emniyete almak i\u00e7in gereken bilgi ve becerilerle donatmak, yaln\u0131zca g\u00fcvenli\u011fi sa\u011flamakla kalmay\u0131p ayn\u0131 zamanda end\u00fcstri d\u00fczenlemelerine uygunlu\u011fu da sa\u011flamak \u00fczere tasarlanm\u0131\u015ft\u0131r.<\/p>\n<h2>Y\u00fck Emniyetinin \u00d6nemi<\/h2>\n<p>Y\u00fck g\u00fcvenli\u011fi, ta\u015f\u0131ma s\u0131ras\u0131nda kazalar\u0131n, yaralanmalar\u0131n ve maddi hasarlar\u0131n \u00f6nlenmesinde hayati bir rol oynar. Mal ta\u015f\u0131mac\u0131l\u0131\u011f\u0131nda g\u00f6rev alan profesyonellerin, y\u00fck emniyetinin \u00f6nemini ve uygun olmayan \u015fekilde emniyete al\u0131nm\u0131\u015f y\u00fcklerle ili\u015fkili potansiyel riskleri anlamas\u0131 \u00e7ok \u00f6nemlidir.<\/p>\n<p>E\u011fitim program\u0131m\u0131z y\u00fck emniyeti i\u00e7in en iyi uygulamalar\u0131 kapsamakta, do\u011fru ekipman\u0131 se\u00e7menin, y\u00fck emniyeti gerekliliklerini hesaplaman\u0131n ve y\u00fck\u00fcn yolculuk boyunca sabit ve g\u00fcvenli kalmas\u0131n\u0131n sa\u011flanmas\u0131n\u0131n \u00f6nemini vurgulamaktad\u0131r.<\/p>\n<h2>D\u00fcz Yatakl\u0131 Y\u00fck G\u00fcvenli\u011fi: Uzmanla\u015fm\u0131\u015f Bir Beceri<\/h2>\n<p>D\u00fcz kasal\u0131 kamyonlar\u0131 \u00e7al\u0131\u015ft\u0131ran profesyoneller i\u00e7in y\u00fck emniyeti benzersiz zorluklar sunar. D\u00fczensiz \u015fekilli, b\u00fcy\u00fck boyutlu veya a\u011f\u0131r y\u00fcklerin a\u00e7\u0131k bir g\u00fcvertede sabitlenmesi, \u00f6zel bilgi ve teknikler gerektirir. Program\u0131m\u0131z, profesyonelleri bu zorluklar\u0131n etkili bir \u015fekilde \u00fcstesinden gelmeye haz\u0131rlayan, d\u00fcz yatakl\u0131 y\u00fck g\u00fcvenli\u011fi konusunda \u00f6zel e\u011fitim i\u00e7ermektedir.<\/p>\n<p>Ba\u011flama y\u00f6ntemleri, kenar korumas\u0131 ve d\u00fcz yatakl\u0131lara \u00f6zel y\u00fck ba\u011flay\u0131c\u0131lar\u0131n ve zincirlerin kullan\u0131m\u0131 gibi konular\u0131 ele al\u0131yoruz. E\u011fitimimizle d\u00fcz yatakl\u0131 operat\u00f6rler, y\u00fckleri g\u00fcvenli bir \u015fekilde emniyete almak ve kazalar\u0131 \u00f6nlemek i\u00e7in gereken uzmanl\u0131\u011fa sahip olacak.<\/p>\n<h2>Kargo Y\u00fck\u00fc G\u00fcvenli\u011fi: De\u011ferli Y\u00fck\u00fcn Korunmas\u0131<\/h2>\n<p>Kargo ta\u015f\u0131y\u0131c\u0131lar\u0131, her biri \u00f6zel y\u00fck sabitleme teknikleri gerektiren \u00e7ok \u00e7e\u015fitli mallarla ilgilenir. E\u011fitim program\u0131m\u0131z, k\u0131r\u0131lgan mallar\u0131n emniyete al\u0131nmas\u0131ndan tehlikeli maddelere kadar kargo y\u00fck\u00fc g\u00fcvenli\u011finin n\u00fcanslar\u0131n\u0131 ele al\u0131r. Profesyoneller, y\u00fck emniyeti ilkelerinin \u00e7e\u015fitli kargo t\u00fcrlerine nas\u0131l uygulanaca\u011f\u0131n\u0131 \u00f6\u011frenecekler.<\/p>\n<p>Ayr\u0131ca y\u00fck emniyet ekipman\u0131n\u0131n en iyi durumda kalmas\u0131n\u0131 sa\u011flamak i\u00e7in d\u00fczenli olarak kontrol edilmesinin ve bak\u0131m\u0131n\u0131n yap\u0131lmas\u0131n\u0131n \u00f6nemini de vurguluyoruz. E\u011fitimimiz sayesinde kargo ta\u015f\u0131y\u0131c\u0131lar\u0131 de\u011ferli y\u00fcklerini koruyabilir ve g\u00fcvenilirlik konusundaki itibarlar\u0131n\u0131 koruyabilirler.<\/p>\n<h2>Y\u00fck G\u00fcvenli\u011fi Becerilerinizi Y\u00fckseltin \u2013 Bug\u00fcn Kaydolun!<\/h2>\n<p>Y\u00fck g\u00fcvenli\u011fi s\u00f6z konusu oldu\u011funda i\u015finizi \u015fansa b\u0131rakmay\u0131n. Kendinizi, y\u00fck\u00fcn\u00fcz\u00fc ve yoldaki di\u011fer ki\u015fileri korumak i\u00e7in gerekli bilgi ve becerileri kazanmak i\u00e7in Y\u00fck G\u00fcvenli\u011fi E\u011fitimi program\u0131m\u0131za bug\u00fcn kaydolun. Kursumuzu tamamlayarak yaln\u0131zca g\u00fcvenli\u011finizi art\u0131rmakla kalmayacak, ayn\u0131 zamanda herkes i\u00e7in daha g\u00fcvenli bir ula\u015f\u0131m sekt\u00f6r\u00fcne de katk\u0131da bulunacaks\u0131n\u0131z.<\/p>\n<p>Y\u00fck g\u00fcvenli\u011fine \u00f6ncelik veren yetenekli profesyonellerin aras\u0131na kat\u0131l\u0131n. \u015eimdi kaydolun ve y\u00fck g\u00fcvenli\u011fi becerilerinizi yeni boyutlara ta\u015f\u0131y\u0131n!<\/p>","protected":false},"excerpt":{"rendered":"<p>Kapsaml\u0131 e\u011fitimimizle d\u00fcz yatakl\u0131 ve kargo ta\u015f\u0131mac\u0131l\u0131\u011f\u0131nda ana y\u00fck g\u00fcvenli\u011fi. G\u00fcvenli\u011fi sa\u011flay\u0131n ve de\u011ferli y\u00fckleri koruyun. Ta\u015f\u0131mac\u0131l\u0131kta ba\u015far\u0131l\u0131 bir kariyer i\u00e7in hemen kaydolun!<\/p>","protected":false},"featured_media":15352,"template":"","meta":{"_et_pb_use_builder":"","_et_pb_old_content":"","_et_gb_content_width":""},"product_brand":[],"product_cat":[128,132,145,147,175,168,169],"product_tag":[],"class_list":{"0":"post-28539","1":"product","2":"type-product","3":"status-publish","4":"has-post-thumbnail","6":"product_cat-dot","7":"product_cat-equipment","8":"product_cat-heavy-equipment","9":"product_cat-hoisting-and-rigging","10":"product_cat-material-handling","11":"product_cat-tools","12":"product_cat-transportation","14":"first","15":"instock","16":"virtual","17":"sold-individually","18":"purchasable","19":"product-type-simple"},"yoast_head":"<!-- This site is optimized with the Yoast SEO plugin v27.3 - https:\/\/yoast.com\/product\/yoast-seo-wordpress\/ -->\n<title>Load Securement Training - Global Safety &amp; Environmental<\/title>\n<meta name=\"description\" content=\"Enhance transportation safety with Load Securement Training. Learn flatbed and cargo load securement techniques. Enroll now for safer transport!\" \/>\n<meta name=\"robots\" content=\"index, follow, max-snippet:-1, max-image-preview:large, max-video-preview:-1\" \/>\n<link rel=\"canonical\" href=\"https:\/\/globaltraining.com\/tr\/urun\/yuk-emniyeti-egitimi\/\" \/>\n<meta property=\"og:locale\" content=\"tr_TR\" \/>\n<meta property=\"og:type\" content=\"article\" \/>\n<meta property=\"og:title\" content=\"Load Securement Training - Global Safety &amp; Environmental\" \/>\n<meta property=\"og:description\" content=\"Enhance transportation safety with Load Securement Training. Learn flatbed and cargo load securement techniques. Enroll now for safer transport!\" \/>\n<meta property=\"og:url\" content=\"https:\/\/globaltraining.com\/tr\/urun\/yuk-emniyeti-egitimi\/\" \/>\n<meta property=\"og:site_name\" content=\"Global Safety &amp; Environmental\" \/>\n<meta property=\"article:modified_time\" content=\"2024-12-06T15:57:37+00:00\" \/>\n<meta property=\"og:image\" content=\"https:\/\/globaltraining.com\/wp-content\/uploads\/2023\/06\/Load-Securement-Feature-1.jpg\" \/>\n\t<meta property=\"og:image:width\" content=\"1200\" \/>\n\t<meta property=\"og:image:height\" content=\"800\" \/>\n\t<meta property=\"og:image:type\" content=\"image\/jpeg\" \/>\n<meta name=\"twitter:card\" content=\"summary_large_image\" \/>\n<meta name=\"twitter:label1\" content=\"Est. reading time\" \/>\n\t<meta name=\"twitter:data1\" content=\"2 minutes\" \/>\n<script type=\"application\/ld+json\" class=\"yoast-schema-graph\">{\"@context\":\"https:\\\/\\\/schema.org\",\"@graph\":[{\"@type\":\"WebPage\",\"@id\":\"https:\\\/\\\/globaltraining.com\\\/product\\\/load-securement-training\\\/\",\"url\":\"https:\\\/\\\/globaltraining.com\\\/product\\\/load-securement-training\\\/\",\"name\":\"Load Securement Training - Global Safety &amp; Environmental\",\"isPartOf\":{\"@id\":\"https:\\\/\\\/globaltraining.com\\\/#website\"},\"primaryImageOfPage\":{\"@id\":\"https:\\\/\\\/globaltraining.com\\\/product\\\/load-securement-training\\\/#primaryimage\"},\"image\":{\"@id\":\"https:\\\/\\\/globaltraining.com\\\/product\\\/load-securement-training\\\/#primaryimage\"},\"thumbnailUrl\":\"https:\\\/\\\/globaltraining.com\\\/wp-content\\\/uploads\\\/2023\\\/06\\\/Load-Securement-Feature-1.jpg\",\"datePublished\":\"2023-09-11T14:14:54+00:00\",\"dateModified\":\"2024-12-06T15:57:37+00:00\",\"description\":\"Enhance transportation safety with Load Securement Training. Learn flatbed and cargo load securement techniques. Enroll now for safer transport!\",\"breadcrumb\":{\"@id\":\"https:\\\/\\\/globaltraining.com\\\/product\\\/load-securement-training\\\/#breadcrumb\"},\"inLanguage\":\"tr-TR\",\"potentialAction\":[{\"@type\":\"ReadAction\",\"target\":[\"https:\\\/\\\/globaltraining.com\\\/product\\\/load-securement-training\\\/\"]}]},{\"@type\":\"ImageObject\",\"inLanguage\":\"tr-TR\",\"@id\":\"https:\\\/\\\/globaltraining.com\\\/product\\\/load-securement-training\\\/#primaryimage\",\"url\":\"https:\\\/\\\/globaltraining.com\\\/wp-content\\\/uploads\\\/2023\\\/06\\\/Load-Securement-Feature-1.jpg\",\"contentUrl\":\"https:\\\/\\\/globaltraining.com\\\/wp-content\\\/uploads\\\/2023\\\/06\\\/Load-Securement-Feature-1.jpg\",\"width\":1200,\"height\":800,\"caption\":\"Load Securement Training\"},{\"@type\":\"BreadcrumbList\",\"@id\":\"https:\\\/\\\/globaltraining.com\\\/product\\\/load-securement-training\\\/#breadcrumb\",\"itemListElement\":[{\"@type\":\"ListItem\",\"position\":1,\"name\":\"Home\",\"item\":\"https:\\\/\\\/globaltraining.com\\\/\"},{\"@type\":\"ListItem\",\"position\":2,\"name\":\"Productos\",\"item\":\"https:\\\/\\\/globaltraining.com\\\/es\\\/shop\\\/\"},{\"@type\":\"ListItem\",\"position\":3,\"name\":\"Load Securement Training\"}]},{\"@type\":\"WebSite\",\"@id\":\"https:\\\/\\\/globaltraining.com\\\/#website\",\"url\":\"https:\\\/\\\/globaltraining.com\\\/\",\"name\":\"Global Safety & Environmental\",\"description\":\"Full Service Health, Safety, and Environmental Courses\",\"publisher\":{\"@id\":\"https:\\\/\\\/globaltraining.com\\\/#organization\"},\"potentialAction\":[{\"@type\":\"SearchAction\",\"target\":{\"@type\":\"EntryPoint\",\"urlTemplate\":\"https:\\\/\\\/globaltraining.com\\\/?s={search_term_string}\"},\"query-input\":{\"@type\":\"PropertyValueSpecification\",\"valueRequired\":true,\"valueName\":\"search_term_string\"}}],\"inLanguage\":\"tr-TR\"},{\"@type\":\"Organization\",\"@id\":\"https:\\\/\\\/globaltraining.com\\\/#organization\",\"name\":\"Global Safety & Environmental\",\"url\":\"https:\\\/\\\/globaltraining.com\\\/\",\"logo\":{\"@type\":\"ImageObject\",\"inLanguage\":\"tr-TR\",\"@id\":\"https:\\\/\\\/globaltraining.com\\\/#\\\/schema\\\/logo\\\/image\\\/\",\"url\":\"https:\\\/\\\/globaltraining.com\\\/wp-content\\\/uploads\\\/2021\\\/01\\\/GSE-Logo-for-email.png\",\"contentUrl\":\"https:\\\/\\\/globaltraining.com\\\/wp-content\\\/uploads\\\/2021\\\/01\\\/GSE-Logo-for-email.png\",\"width\":400,\"height\":101,\"caption\":\"Global Safety & Environmental\"},\"image\":{\"@id\":\"https:\\\/\\\/globaltraining.com\\\/#\\\/schema\\\/logo\\\/image\\\/\"}}]}<\/script>\n<!-- \/ Yoast SEO plugin. -->","yoast_head_json":{"title":"Y\u00fck Emniyet E\u011fitimi - K\u00fcresel G\u00fcvenlik ve \u00c7evre","description":"Y\u00fck Emniyeti E\u011fitimi ile nakliye g\u00fcvenli\u011fini art\u0131r\u0131n. D\u00fcz yatak ve kargo y\u00fck emniyeti tekniklerini \u00f6\u011frenin. Daha g\u00fcvenli nakliye i\u00e7in hemen kaydolun!","robots":{"index":"index","follow":"follow","max-snippet":"max-snippet:-1","max-image-preview":"max-image-preview:large","max-video-preview":"max-video-preview:-1"},"canonical":"https:\/\/globaltraining.com\/tr\/urun\/yuk-emniyeti-egitimi\/","og_locale":"tr_TR","og_type":"article","og_title":"Load Securement Training - Global Safety &amp; Environmental","og_description":"Enhance transportation safety with Load Securement Training. Learn flatbed and cargo load securement techniques. Enroll now for safer transport!","og_url":"https:\/\/globaltraining.com\/tr\/urun\/yuk-emniyeti-egitimi\/","og_site_name":"Global Safety &amp; Environmental","article_modified_time":"2024-12-06T15:57:37+00:00","og_image":[{"width":1200,"height":800,"url":"https:\/\/globaltraining.com\/wp-content\/uploads\/2023\/06\/Load-Securement-Feature-1.jpg","type":"image\/jpeg"}],"twitter_card":"summary_large_image","twitter_misc":{"Est. reading time":"2 minutes"},"schema":{"@context":"https:\/\/schema.org","@graph":[{"@type":"WebPage","@id":"https:\/\/globaltraining.com\/product\/load-securement-training\/","url":"https:\/\/globaltraining.com\/product\/load-securement-training\/","name":"Y\u00fck Emniyet E\u011fitimi - K\u00fcresel G\u00fcvenlik ve \u00c7evre","isPartOf":{"@id":"https:\/\/globaltraining.com\/#website"},"primaryImageOfPage":{"@id":"https:\/\/globaltraining.com\/product\/load-securement-training\/#primaryimage"},"image":{"@id":"https:\/\/globaltraining.com\/product\/load-securement-training\/#primaryimage"},"thumbnailUrl":"https:\/\/globaltraining.com\/wp-content\/uploads\/2023\/06\/Load-Securement-Feature-1.jpg","datePublished":"2023-09-11T14:14:54+00:00","dateModified":"2024-12-06T15:57:37+00:00","description":"Y\u00fck Emniyeti E\u011fitimi ile nakliye g\u00fcvenli\u011fini art\u0131r\u0131n. D\u00fcz yatak ve kargo y\u00fck emniyeti tekniklerini \u00f6\u011frenin. Daha g\u00fcvenli nakliye i\u00e7in hemen kaydolun!","breadcrumb":{"@id":"https:\/\/globaltraining.com\/product\/load-securement-training\/#breadcrumb"},"inLanguage":"tr-TR","potentialAction":[{"@type":"ReadAction","target":["https:\/\/globaltraining.com\/product\/load-securement-training\/"]}]},{"@type":"ImageObject","inLanguage":"tr-TR","@id":"https:\/\/globaltraining.com\/product\/load-securement-training\/#primaryimage","url":"https:\/\/globaltraining.com\/wp-content\/uploads\/2023\/06\/Load-Securement-Feature-1.jpg","contentUrl":"https:\/\/globaltraining.com\/wp-content\/uploads\/2023\/06\/Load-Securement-Feature-1.jpg","width":1200,"height":800,"caption":"Load Securement Training"},{"@type":"BreadcrumbList","@id":"https:\/\/globaltraining.com\/product\/load-securement-training\/#breadcrumb","itemListElement":[{"@type":"ListItem","position":1,"name":"Home","item":"https:\/\/globaltraining.com\/"},{"@type":"ListItem","position":2,"name":"Productos","item":"https:\/\/globaltraining.com\/es\/shop\/"},{"@type":"ListItem","position":3,"name":"Load Securement Training"}]},{"@type":"WebSite","@id":"https:\/\/globaltraining.com\/#website","url":"https:\/\/globaltraining.com\/","name":"K\u00fcresel G\u00fcvenlik ve \u00c7evre","description":"Tam Hizmet Sa\u011fl\u0131k, G\u00fcvenlik ve \u00c7evre Kurslar\u0131","publisher":{"@id":"https:\/\/globaltraining.com\/#organization"},"potentialAction":[{"@type":"SearchAction","target":{"@type":"EntryPoint","urlTemplate":"https:\/\/globaltraining.com\/?s={search_term_string}"},"query-input":{"@type":"PropertyValueSpecification","valueRequired":true,"valueName":"search_term_string"}}],"inLanguage":"tr-TR"},{"@type":"Organization","@id":"https:\/\/globaltraining.com\/#organization","name":"K\u00fcresel G\u00fcvenlik ve \u00c7evre","url":"https:\/\/globaltraining.com\/","logo":{"@type":"ImageObject","inLanguage":"tr-TR","@id":"https:\/\/globaltraining.com\/#\/schema\/logo\/image\/","url":"https:\/\/globaltraining.com\/wp-content\/uploads\/2021\/01\/GSE-Logo-for-email.png","contentUrl":"https:\/\/globaltraining.com\/wp-content\/uploads\/2021\/01\/GSE-Logo-for-email.png","width":400,"height":101,"caption":"Global Safety & Environmental"},"image":{"@id":"https:\/\/globaltraining.com\/#\/schema\/logo\/image\/"}}]}},"_links":{"self":[{"href":"https:\/\/globaltraining.com\/tr\/wp-json\/wp\/v2\/product\/28539","targetHints":{"allow":["GET"]}}],"collection":[{"href":"https:\/\/globaltraining.com\/tr\/wp-json\/wp\/v2\/product"}],"about":[{"href":"https:\/\/globaltraining.com\/tr\/wp-json\/wp\/v2\/types\/product"}],"wp:featuredmedia":[{"embeddable":true,"href":"https:\/\/globaltraining.com\/tr\/wp-json\/wp\/v2\/media\/15352"}],"wp:attachment":[{"href":"https:\/\/globaltraining.com\/tr\/wp-json\/wp\/v2\/media?parent=28539"}],"wp:term":[{"taxonomy":"product_brand","embeddable":true,"href":"https:\/\/globaltraining.com\/tr\/wp-json\/wp\/v2\/product_brand?post=28539"},{"taxonomy":"product_cat","embeddable":true,"href":"https:\/\/globaltraining.com\/tr\/wp-json\/wp\/v2\/product_cat?post=28539"},{"taxonomy":"product_tag","embeddable":true,"href":"https:\/\/globaltraining.com\/tr\/wp-json\/wp\/v2\/product_tag?post=28539"}],"curies":[{"name":"wp","href":"https:\/\/api.w.org\/{rel}","templated":true}]}}