{"id":28538,"date":"2023-09-11T09:13:30","date_gmt":"2023-09-11T14:13:30","guid":{"rendered":"https:\/\/globaltraining.com\/?post_type=product&#038;p=28538"},"modified":"2024-12-06T10:03:22","modified_gmt":"2024-12-06T16:03:22","slug":"farkindalik-egitimi-liderligi","status":"publish","type":"product","link":"https:\/\/globaltraining.com\/tr\/product\/lead-awareness-training\/","title":{"rendered":"Liderlik Fark\u0131ndal\u0131\u011f\u0131 E\u011fitimi"},"content":{"rendered":"<h2>Liderlik Fark\u0131ndal\u0131\u011f\u0131 E\u011fitimi: Sa\u011fl\u0131\u011f\u0131n\u0131z\u0131 Korumak<\/h2>\n<p>Kur\u015fun y\u00fczy\u0131llard\u0131r \u00e7e\u015fitli end\u00fcstrilerde kullan\u0131lan toksik bir metaldir. Pek \u00e7ok pratik uygulamas\u0131 olmas\u0131na ra\u011fmen kur\u015funa maruz kalmak sa\u011fl\u0131k a\u00e7\u0131s\u0131ndan son derece tehlikeli olabilir. Kur\u015fun Fark\u0131ndal\u0131\u011f\u0131 E\u011fitim program\u0131m\u0131z, bireyleri kur\u015funa maruz kalmayla ili\u015fkili riskler ve kur\u015funun bulundu\u011fu i\u015fyerlerinde kendilerini nas\u0131l koruyacaklar\u0131 konusunda e\u011fitmek i\u00e7in tasarlanm\u0131\u015ft\u0131r.<\/p>\n<h2>M\u00fc\u015fteri Aday\u0131 Fark\u0131ndal\u0131\u011f\u0131n\u0131n \u00d6nemi<\/h2>\n<p>Kur\u015fun fark\u0131ndal\u0131\u011f\u0131, kur\u015fun bazl\u0131 malzemelerin kullan\u0131ld\u0131\u011f\u0131 veya kur\u015fun kirlili\u011finin m\u00fcmk\u00fcn oldu\u011fu ortamlarda \u00e7al\u0131\u015fan herkes i\u00e7in \u00e7ok \u00f6nemlidir. Mesleki G\u00fcvenlik ve Sa\u011fl\u0131k \u0130daresi (OSHA), i\u015f\u00e7ileri kur\u015fun maruziyetinden korumak i\u00e7in kat\u0131 d\u00fczenlemelere sahiptir. Bu d\u00fczenlemeleri ve kur\u015fun fark\u0131ndal\u0131\u011f\u0131n\u0131n \u00f6nemini anlamak, i\u015fyeri g\u00fcvenli\u011finin sa\u011flanmas\u0131 a\u00e7\u0131s\u0131ndan \u00e7ok \u00f6nemlidir.<\/p>\n<p>E\u011fitim program\u0131m\u0131z, kur\u015fun zehirlenmesi de dahil olmak \u00fczere kur\u015funa maruz kalmayla ili\u015fkili sa\u011fl\u0131k risklerini vurgulayan OSHA lider fark\u0131ndal\u0131k standartlar\u0131n\u0131 kapsar. Kat\u0131l\u0131mc\u0131lar kur\u015fun tehlikelerini nas\u0131l tan\u0131mlayacaklar\u0131n\u0131, kur\u015fun zehirlenmesinin semptomlar\u0131n\u0131 nas\u0131l tan\u0131yacaklar\u0131n\u0131 ve maruziyeti en aza indirmek i\u00e7in uygun \u00f6nlemleri nas\u0131l alacaklar\u0131n\u0131 \u00f6\u011frenecekler.<\/p>\n<h2>OSHA Lider Fark\u0131ndal\u0131\u011f\u0131: Kapsaml\u0131 Bilgi<\/h2>\n<p>OSHA lider fark\u0131ndal\u0131\u011f\u0131 e\u011fitimi, kur\u015fun tehlikelerini tan\u0131man\u0131n \u00f6tesine ge\u00e7er; ayn\u0131 zamanda \u00f6nleyici tedbirleri ve g\u00fcvenli \u00e7al\u0131\u015fma uygulamalar\u0131n\u0131 da kapsar. Program\u0131m\u0131z kur\u015fun i\u00e7eren malzemeler, bunlarla i\u015fyerinde nas\u0131l kar\u015f\u0131la\u015f\u0131labilece\u011fi ve bunlar\u0131n g\u00fcvenli bir \u015fekilde nas\u0131l ta\u015f\u0131n\u0131p imha edilece\u011fi hakk\u0131nda kapsaml\u0131 bilgi sa\u011flar.<\/p>\n<p>Kur\u015funa maruz kalan i\u015f\u00e7iler i\u00e7in ki\u015fisel koruyucu ekipmanlar\u0131n (KKD), uygun hijyen uygulamalar\u0131n\u0131n ve d\u00fczenli t\u0131bbi g\u00f6zetimin \u00f6nemini vurguluyoruz. E\u011fitimimizle hem kendi sa\u011fl\u0131\u011f\u0131n\u0131z\u0131 hem de meslekta\u015flar\u0131n\u0131z\u0131n sa\u011fl\u0131\u011f\u0131n\u0131 korumaya haz\u0131rl\u0131kl\u0131 olacaks\u0131n\u0131z.<\/p>\n<h2>G\u00fcvenli\u011finize Yat\u0131r\u0131m Yap\u0131n \u2013 Bug\u00fcn Kaydolun!<\/h2>\n<p>Kur\u015funa maruz kalma s\u00f6z konusu oldu\u011funda g\u00fcvenli\u011finizden \u00f6d\u00fcn vermeyin. Kur\u015funa yatk\u0131n i\u015fyerlerinde sa\u011fl\u0131\u011f\u0131n\u0131z\u0131 korumak i\u00e7in gereken bilgi ve becerileri kazanmak i\u00e7in bug\u00fcn Liderlik Fark\u0131ndal\u0131\u011f\u0131 E\u011fitimi program\u0131m\u0131za kaydolun. Kursumuzu tamamlayarak yaln\u0131zca kendinizi korumakla kalmayacak, ayn\u0131 zamanda herkes i\u00e7in daha g\u00fcvenli bir \u00e7al\u0131\u015fma ortam\u0131na da katk\u0131da bulunacaks\u0131n\u0131z.<\/p>\n<p>Liderlik fark\u0131ndal\u0131\u011f\u0131na \u00f6ncelik veren g\u00fcvenlik bilincine sahip profesyonellerin saflar\u0131na kat\u0131l\u0131n. \u015eimdi kaydolun ve g\u00fcvenli\u011finize ve refah\u0131n\u0131za yat\u0131r\u0131m yap\u0131n!<\/p>","protected":false},"excerpt":{"rendered":"<p>\u0130\u015fyeri g\u00fcvenli\u011fini sa\u011flamak i\u00e7in OSHA lider fark\u0131ndal\u0131k e\u011fitim program\u0131m\u0131za kat\u0131l\u0131n. Kur\u015fun tehlikeleri ve OSHA uyumlulu\u011fu hakk\u0131nda bilgi edinin ve de\u011ferli bir sertifika kazan\u0131n.<\/p>","protected":false},"featured_media":27170,"template":"","meta":{"_et_pb_use_builder":"","_et_pb_old_content":"","_et_gb_content_width":""},"product_brand":[],"product_cat":[125,174,141,143,156],"product_tag":[],"class_list":{"0":"post-28538","1":"product","2":"type-product","3":"status-publish","4":"has-post-thumbnail","6":"product_cat-dangerous-chemicals","7":"product_cat-environmental","8":"product_cat-hazardous-materials","9":"product_cat-health-and-safety","10":"product_cat-occupational-health-and-safety","12":"first","13":"instock","14":"virtual","15":"sold-individually","16":"purchasable","17":"product-type-simple"},"yoast_head":"<!-- This site is optimized with the Yoast SEO plugin v27.4 - https:\/\/yoast.com\/product\/yoast-seo-wordpress\/ -->\n<title>Lead Awareness Training - Global Safety &amp; Environmental<\/title>\n<meta name=\"description\" content=\"Enroll in our OSHA lead awareness training program to protect yourself from lead exposure. Gain essential knowledge and receive a recognized certificate.\" \/>\n<meta name=\"robots\" content=\"index, follow, max-snippet:-1, max-image-preview:large, max-video-preview:-1\" \/>\n<link rel=\"canonical\" href=\"https:\/\/globaltraining.com\/tr\/urun\/farkindalik-egitimi-liderligi\/\" \/>\n<meta property=\"og:locale\" content=\"tr_TR\" \/>\n<meta property=\"og:type\" content=\"article\" \/>\n<meta property=\"og:title\" content=\"Lead Awareness Training - Global Safety &amp; Environmental\" \/>\n<meta property=\"og:description\" content=\"Enroll in our OSHA lead awareness training program to protect yourself from lead exposure. Gain essential knowledge and receive a recognized certificate.\" \/>\n<meta property=\"og:url\" content=\"https:\/\/globaltraining.com\/tr\/urun\/farkindalik-egitimi-liderligi\/\" \/>\n<meta property=\"og:site_name\" content=\"Global Safety &amp; Environmental\" \/>\n<meta property=\"article:modified_time\" content=\"2024-12-06T16:03:22+00:00\" \/>\n<meta property=\"og:image\" content=\"https:\/\/globaltraining.com\/wp-content\/uploads\/2021\/08\/lead-awareness.jpg\" \/>\n\t<meta property=\"og:image:width\" content=\"1200\" \/>\n\t<meta property=\"og:image:height\" content=\"800\" \/>\n\t<meta property=\"og:image:type\" content=\"image\/jpeg\" \/>\n<meta name=\"twitter:card\" content=\"summary_large_image\" \/>\n<meta name=\"twitter:label1\" content=\"Est. reading time\" \/>\n\t<meta name=\"twitter:data1\" content=\"2 minutes\" \/>\n<script type=\"application\/ld+json\" class=\"yoast-schema-graph\">{\"@context\":\"https:\\\/\\\/schema.org\",\"@graph\":[{\"@type\":\"WebPage\",\"@id\":\"https:\\\/\\\/globaltraining.com\\\/product\\\/lead-awareness-training\\\/\",\"url\":\"https:\\\/\\\/globaltraining.com\\\/product\\\/lead-awareness-training\\\/\",\"name\":\"Lead Awareness Training - Global Safety &amp; Environmental\",\"isPartOf\":{\"@id\":\"https:\\\/\\\/globaltraining.com\\\/#website\"},\"primaryImageOfPage\":{\"@id\":\"https:\\\/\\\/globaltraining.com\\\/product\\\/lead-awareness-training\\\/#primaryimage\"},\"image\":{\"@id\":\"https:\\\/\\\/globaltraining.com\\\/product\\\/lead-awareness-training\\\/#primaryimage\"},\"thumbnailUrl\":\"https:\\\/\\\/globaltraining.com\\\/wp-content\\\/uploads\\\/2021\\\/08\\\/lead-awareness.jpg\",\"datePublished\":\"2023-09-11T14:13:30+00:00\",\"dateModified\":\"2024-12-06T16:03:22+00:00\",\"description\":\"Enroll in our OSHA lead awareness training program to protect yourself from lead exposure. Gain essential knowledge and receive a recognized certificate.\",\"breadcrumb\":{\"@id\":\"https:\\\/\\\/globaltraining.com\\\/product\\\/lead-awareness-training\\\/#breadcrumb\"},\"inLanguage\":\"tr-TR\",\"potentialAction\":[{\"@type\":\"ReadAction\",\"target\":[\"https:\\\/\\\/globaltraining.com\\\/product\\\/lead-awareness-training\\\/\"]}]},{\"@type\":\"ImageObject\",\"inLanguage\":\"tr-TR\",\"@id\":\"https:\\\/\\\/globaltraining.com\\\/product\\\/lead-awareness-training\\\/#primaryimage\",\"url\":\"https:\\\/\\\/globaltraining.com\\\/wp-content\\\/uploads\\\/2021\\\/08\\\/lead-awareness.jpg\",\"contentUrl\":\"https:\\\/\\\/globaltraining.com\\\/wp-content\\\/uploads\\\/2021\\\/08\\\/lead-awareness.jpg\",\"width\":1200,\"height\":800,\"caption\":\"Lead Awareness Training\"},{\"@type\":\"BreadcrumbList\",\"@id\":\"https:\\\/\\\/globaltraining.com\\\/product\\\/lead-awareness-training\\\/#breadcrumb\",\"itemListElement\":[{\"@type\":\"ListItem\",\"position\":1,\"name\":\"Home\",\"item\":\"https:\\\/\\\/globaltraining.com\\\/\"},{\"@type\":\"ListItem\",\"position\":2,\"name\":\"Productos\",\"item\":\"https:\\\/\\\/globaltraining.com\\\/es\\\/shop\\\/\"},{\"@type\":\"ListItem\",\"position\":3,\"name\":\"Lead Awareness Training\"}]},{\"@type\":\"WebSite\",\"@id\":\"https:\\\/\\\/globaltraining.com\\\/#website\",\"url\":\"https:\\\/\\\/globaltraining.com\\\/\",\"name\":\"Global Safety & Environmental\",\"description\":\"Full Service Health, Safety, and Environmental Courses\",\"publisher\":{\"@id\":\"https:\\\/\\\/globaltraining.com\\\/#organization\"},\"potentialAction\":[{\"@type\":\"SearchAction\",\"target\":{\"@type\":\"EntryPoint\",\"urlTemplate\":\"https:\\\/\\\/globaltraining.com\\\/?s={search_term_string}\"},\"query-input\":{\"@type\":\"PropertyValueSpecification\",\"valueRequired\":true,\"valueName\":\"search_term_string\"}}],\"inLanguage\":\"tr-TR\"},{\"@type\":\"Organization\",\"@id\":\"https:\\\/\\\/globaltraining.com\\\/#organization\",\"name\":\"Global Safety & Environmental\",\"url\":\"https:\\\/\\\/globaltraining.com\\\/\",\"logo\":{\"@type\":\"ImageObject\",\"inLanguage\":\"tr-TR\",\"@id\":\"https:\\\/\\\/globaltraining.com\\\/#\\\/schema\\\/logo\\\/image\\\/\",\"url\":\"https:\\\/\\\/globaltraining.com\\\/wp-content\\\/uploads\\\/2021\\\/01\\\/GSE-Logo-for-email.png\",\"contentUrl\":\"https:\\\/\\\/globaltraining.com\\\/wp-content\\\/uploads\\\/2021\\\/01\\\/GSE-Logo-for-email.png\",\"width\":400,\"height\":101,\"caption\":\"Global Safety & Environmental\"},\"image\":{\"@id\":\"https:\\\/\\\/globaltraining.com\\\/#\\\/schema\\\/logo\\\/image\\\/\"}}]}<\/script>\n<!-- \/ Yoast SEO plugin. -->","yoast_head_json":{"title":"Liderlik Fark\u0131ndal\u0131k E\u011fitimi - K\u00fcresel G\u00fcvenlik ve \u00c7evre","description":"Kendinizi kur\u015fun maruziyetinden korumak i\u00e7in OSHA kur\u015fun fark\u0131ndal\u0131\u011f\u0131 e\u011fitim program\u0131m\u0131za kaydolun. Temel bilgileri edinin ve tan\u0131nan bir sertifika al\u0131n.","robots":{"index":"index","follow":"follow","max-snippet":"max-snippet:-1","max-image-preview":"max-image-preview:large","max-video-preview":"max-video-preview:-1"},"canonical":"https:\/\/globaltraining.com\/tr\/urun\/farkindalik-egitimi-liderligi\/","og_locale":"tr_TR","og_type":"article","og_title":"Lead Awareness Training - Global Safety &amp; Environmental","og_description":"Enroll in our OSHA lead awareness training program to protect yourself from lead exposure. Gain essential knowledge and receive a recognized certificate.","og_url":"https:\/\/globaltraining.com\/tr\/urun\/farkindalik-egitimi-liderligi\/","og_site_name":"Global Safety &amp; Environmental","article_modified_time":"2024-12-06T16:03:22+00:00","og_image":[{"width":1200,"height":800,"url":"https:\/\/globaltraining.com\/wp-content\/uploads\/2021\/08\/lead-awareness.jpg","type":"image\/jpeg"}],"twitter_card":"summary_large_image","twitter_misc":{"Est. reading time":"2 minutes"},"schema":{"@context":"https:\/\/schema.org","@graph":[{"@type":"WebPage","@id":"https:\/\/globaltraining.com\/product\/lead-awareness-training\/","url":"https:\/\/globaltraining.com\/product\/lead-awareness-training\/","name":"Liderlik Fark\u0131ndal\u0131k E\u011fitimi - K\u00fcresel G\u00fcvenlik ve \u00c7evre","isPartOf":{"@id":"https:\/\/globaltraining.com\/#website"},"primaryImageOfPage":{"@id":"https:\/\/globaltraining.com\/product\/lead-awareness-training\/#primaryimage"},"image":{"@id":"https:\/\/globaltraining.com\/product\/lead-awareness-training\/#primaryimage"},"thumbnailUrl":"https:\/\/globaltraining.com\/wp-content\/uploads\/2021\/08\/lead-awareness.jpg","datePublished":"2023-09-11T14:13:30+00:00","dateModified":"2024-12-06T16:03:22+00:00","description":"Kendinizi kur\u015fun maruziyetinden korumak i\u00e7in OSHA kur\u015fun fark\u0131ndal\u0131\u011f\u0131 e\u011fitim program\u0131m\u0131za kaydolun. Temel bilgileri edinin ve tan\u0131nan bir sertifika al\u0131n.","breadcrumb":{"@id":"https:\/\/globaltraining.com\/product\/lead-awareness-training\/#breadcrumb"},"inLanguage":"tr-TR","potentialAction":[{"@type":"ReadAction","target":["https:\/\/globaltraining.com\/product\/lead-awareness-training\/"]}]},{"@type":"ImageObject","inLanguage":"tr-TR","@id":"https:\/\/globaltraining.com\/product\/lead-awareness-training\/#primaryimage","url":"https:\/\/globaltraining.com\/wp-content\/uploads\/2021\/08\/lead-awareness.jpg","contentUrl":"https:\/\/globaltraining.com\/wp-content\/uploads\/2021\/08\/lead-awareness.jpg","width":1200,"height":800,"caption":"Lead Awareness Training"},{"@type":"BreadcrumbList","@id":"https:\/\/globaltraining.com\/product\/lead-awareness-training\/#breadcrumb","itemListElement":[{"@type":"ListItem","position":1,"name":"Home","item":"https:\/\/globaltraining.com\/"},{"@type":"ListItem","position":2,"name":"Productos","item":"https:\/\/globaltraining.com\/es\/shop\/"},{"@type":"ListItem","position":3,"name":"Lead Awareness Training"}]},{"@type":"WebSite","@id":"https:\/\/globaltraining.com\/#website","url":"https:\/\/globaltraining.com\/","name":"K\u00fcresel G\u00fcvenlik ve \u00c7evre","description":"Tam Hizmet Sa\u011fl\u0131k, G\u00fcvenlik ve \u00c7evre Kurslar\u0131","publisher":{"@id":"https:\/\/globaltraining.com\/#organization"},"potentialAction":[{"@type":"SearchAction","target":{"@type":"EntryPoint","urlTemplate":"https:\/\/globaltraining.com\/?s={search_term_string}"},"query-input":{"@type":"PropertyValueSpecification","valueRequired":true,"valueName":"search_term_string"}}],"inLanguage":"tr-TR"},{"@type":"Organization","@id":"https:\/\/globaltraining.com\/#organization","name":"K\u00fcresel G\u00fcvenlik ve \u00c7evre","url":"https:\/\/globaltraining.com\/","logo":{"@type":"ImageObject","inLanguage":"tr-TR","@id":"https:\/\/globaltraining.com\/#\/schema\/logo\/image\/","url":"https:\/\/globaltraining.com\/wp-content\/uploads\/2021\/01\/GSE-Logo-for-email.png","contentUrl":"https:\/\/globaltraining.com\/wp-content\/uploads\/2021\/01\/GSE-Logo-for-email.png","width":400,"height":101,"caption":"Global Safety & Environmental"},"image":{"@id":"https:\/\/globaltraining.com\/#\/schema\/logo\/image\/"}}]}},"_links":{"self":[{"href":"https:\/\/globaltraining.com\/tr\/wp-json\/wp\/v2\/product\/28538","targetHints":{"allow":["GET"]}}],"collection":[{"href":"https:\/\/globaltraining.com\/tr\/wp-json\/wp\/v2\/product"}],"about":[{"href":"https:\/\/globaltraining.com\/tr\/wp-json\/wp\/v2\/types\/product"}],"wp:featuredmedia":[{"embeddable":true,"href":"https:\/\/globaltraining.com\/tr\/wp-json\/wp\/v2\/media\/27170"}],"wp:attachment":[{"href":"https:\/\/globaltraining.com\/tr\/wp-json\/wp\/v2\/media?parent=28538"}],"wp:term":[{"taxonomy":"product_brand","embeddable":true,"href":"https:\/\/globaltraining.com\/tr\/wp-json\/wp\/v2\/product_brand?post=28538"},{"taxonomy":"product_cat","embeddable":true,"href":"https:\/\/globaltraining.com\/tr\/wp-json\/wp\/v2\/product_cat?post=28538"},{"taxonomy":"product_tag","embeddable":true,"href":"https:\/\/globaltraining.com\/tr\/wp-json\/wp\/v2\/product_tag?post=28538"}],"curies":[{"name":"wp","href":"https:\/\/api.w.org\/{rel}","templated":true}]}}