{"id":28536,"date":"2023-09-08T14:58:04","date_gmt":"2023-09-08T19:58:04","guid":{"rendered":"https:\/\/globaltraining.com\/?post_type=product&#038;p=28536"},"modified":"2024-12-06T10:07:08","modified_gmt":"2024-12-06T16:07:08","slug":"osha-merdiven-guvenligi-egitimi","status":"publish","type":"product","link":"https:\/\/globaltraining.com\/tr\/product\/osha-ladder-safety-training\/","title":{"rendered":"OSHA Merdiven G\u00fcvenli\u011fi E\u011fitimi"},"content":{"rendered":"<h2>Merdiven G\u00fcvenli\u011fi E\u011fitiminde Ustala\u015fma<\/h2>\n<p>\u0130\u015f yeri g\u00fcvenli\u011fi s\u00f6z konusu oldu\u011funda merdivenle ilgili kazalar \u00e7ok yayg\u0131nd\u0131r. Bu nedenle OSHA Merdiven G\u00fcvenli\u011fi E\u011fitimi program\u0131m\u0131z, sizi merdivenle ilgili olaylar\u0131 \u00f6nlemek i\u00e7in gerekli bilgi ve becerilerle donatmak, g\u00fcvenli\u011finizi ve OSHA d\u00fczenlemelerine uygunlu\u011funuzu sa\u011flamak i\u00e7in burada.<\/p>\n<h2>Merdiven G\u00fcvenli\u011finin Hayati \u00d6nemi<\/h2>\n<p>Merdivenler \u00e7e\u015fitli end\u00fcstrilerde yayg\u0131n olarak kullan\u0131lan bir ara\u00e7t\u0131r ancak do\u011fru kullan\u0131lmad\u0131klar\u0131nda \u00f6nemli riskler de olu\u015fturabilirler. OSHA merdiven g\u00fcvenlik kurallar\u0131, i\u015f\u00e7ileri i\u015fyerinde yaralanma ve \u00f6l\u00fcmlerin \u00f6nde gelen nedeni olan d\u00fc\u015fmelerden korumak i\u00e7in mevcuttur. Merdiven g\u00fcvenli\u011finin \u00f6nemini anlamak, i\u015fte merdiven kullanan herkes i\u00e7in \u00e7ok \u00f6nemlidir.<\/p>\n<p>E\u011fitim program\u0131m\u0131z, uygun merdiven se\u00e7imi, muayenesi, kurulumu ve kullan\u0131m\u0131na vurgu yaparak OSHA merdiven g\u00fcvenli\u011fi standartlar\u0131n\u0131 ayr\u0131nt\u0131l\u0131 olarak ele al\u0131r. Kat\u0131l\u0131mc\u0131lar, daha g\u00fcvenli bir \u00e7al\u0131\u015fma ortam\u0131 sa\u011flamak i\u00e7in potansiyel merdiven tehlikelerini tan\u0131mlamay\u0131, riskleri de\u011ferlendirmeyi ve kontrol \u00f6nlemlerini uygulamay\u0131 \u00f6\u011freneceklerdir.<\/p>\n<h2>Kapsaml\u0131 OSHA Merdiven G\u00fcvenli\u011fi<\/h2>\n<p>OSHA merdiven g\u00fcvenli\u011fi \u00e7ok \u00e7e\u015fitli konular\u0131 kapsar ve e\u011fitim program\u0131m\u0131z bunlar\u0131 kapsaml\u0131 bir \u015fekilde kapsar. Merdiven t\u00fcrleri ve merdivenle ilgili tehlikelerden merdivenlerin farkl\u0131 \u00e7al\u0131\u015fma senaryolar\u0131nda g\u00fcvenli kullan\u0131m\u0131na kadar kursumuz \u00e7evrilmemi\u015f ta\u015f b\u0131rakmaz.<\/p>\n<p>Potansiyel kusurlar\u0131 tespit etmek ve bunlara derhal m\u00fcdahale etmek i\u00e7in merdiven bak\u0131m\u0131 ve denetiminin \u00f6nemine odaklan\u0131yoruz. Ayr\u0131ca merdiven konumland\u0131rma ve g\u00fcvenli t\u0131rmanma teknikleri konusunda da rehberlik sa\u011fl\u0131yoruz. E\u011fitimimizle, merdivenle ilgili zorluklar\u0131n \u00fcstesinden g\u00fcvenle gelebilecek bilgi ve g\u00fcvene sahip olacaks\u0131n\u0131z.<\/p>\n<h2>G\u00fcvenli\u011finizi Art\u0131r\u0131n \u2013 Bug\u00fcn Kaydolun!<\/h2>\n<p>Merdiven g\u00fcvenli\u011fiyle \u015fans\u0131n\u0131z\u0131 denemeyin. \u0130\u015fyerinizin g\u00fcvenli\u011fini ve uyumlulu\u011funu art\u0131rmak i\u00e7in bug\u00fcn OSHA Merdiven G\u00fcvenli\u011fi E\u011fitimi program\u0131m\u0131za kaydolun. Kursumuzu tamamlayarak yaln\u0131zca kendinizi korumakla kalmayacak, ayn\u0131 zamanda meslekta\u015flar\u0131n\u0131z i\u00e7in daha g\u00fcvenli bir \u00e7al\u0131\u015fma ortam\u0131na da katk\u0131da bulunacaks\u0131n\u0131z.<\/p>\n<p>OSHA merdiven g\u00fcvenli\u011fine \u00f6ncelik veren g\u00fcvenlik bilincine sahip profesyonellerin saflar\u0131na kat\u0131l\u0131n. \u015eimdi kaydolun ve merdiven g\u00fcvenli\u011fi oyununuzu h\u0131zland\u0131r\u0131n!<\/p>","protected":false},"excerpt":{"rendered":"<p>OSHA Merdiven G\u00fcvenli\u011fi E\u011fitimimizle merdivenleri g\u00fcvenli bir \u015fekilde kullanmay\u0131 ve i\u015f yeri kazalar\u0131n\u0131 \u00f6nlemeyi \u00f6\u011frenin. Becerilerinizi geli\u015ftirin ve kariyerinizi koruyun. Daha g\u00fcvenli, daha g\u00fcvenli bir gelecek i\u00e7in hemen kaydolun!<\/p>","protected":false},"featured_media":27201,"template":"","meta":{"_et_pb_use_builder":"","_et_pb_old_content":"","_et_gb_content_width":""},"product_brand":[],"product_cat":[132,134,143,156,171],"product_tag":[],"class_list":{"0":"post-28536","1":"product","2":"type-product","3":"status-publish","4":"has-post-thumbnail","6":"product_cat-equipment","7":"product_cat-fall-protection","8":"product_cat-health-and-safety","9":"product_cat-occupational-health-and-safety","10":"product_cat-working-at-heights","12":"first","13":"instock","14":"virtual","15":"sold-individually","16":"purchasable","17":"product-type-simple"},"yoast_head":"<!-- This site is optimized with the Yoast SEO plugin v27.3 - https:\/\/yoast.com\/product\/yoast-seo-wordpress\/ -->\n<title>OSHA Ladder Safety Training - Global Safety &amp; Environmental<\/title>\n<meta name=\"description\" content=\"Ensure workplace safety with our OSHA Ladder Safety Training. Master ladder safety, enhance your skills and protect your career. Enroll today!\" \/>\n<meta name=\"robots\" content=\"index, follow, max-snippet:-1, max-image-preview:large, max-video-preview:-1\" \/>\n<link rel=\"canonical\" href=\"https:\/\/globaltraining.com\/tr\/urun\/osha-merdiven-guvenligi-egitimi\/\" \/>\n<meta property=\"og:locale\" content=\"tr_TR\" \/>\n<meta property=\"og:type\" content=\"article\" \/>\n<meta property=\"og:title\" content=\"OSHA Ladder Safety Training - Global Safety &amp; Environmental\" \/>\n<meta property=\"og:description\" content=\"Ensure workplace safety with our OSHA Ladder Safety Training. Master ladder safety, enhance your skills and protect your career. Enroll today!\" \/>\n<meta property=\"og:url\" content=\"https:\/\/globaltraining.com\/tr\/urun\/osha-merdiven-guvenligi-egitimi\/\" \/>\n<meta property=\"og:site_name\" content=\"Global Safety &amp; Environmental\" \/>\n<meta property=\"article:modified_time\" content=\"2024-12-06T16:07:08+00:00\" \/>\n<meta property=\"og:image\" content=\"https:\/\/globaltraining.com\/wp-content\/uploads\/2021\/08\/ladder-safety.jpg\" \/>\n\t<meta property=\"og:image:width\" content=\"1200\" \/>\n\t<meta property=\"og:image:height\" content=\"801\" \/>\n\t<meta property=\"og:image:type\" content=\"image\/jpeg\" \/>\n<meta name=\"twitter:card\" content=\"summary_large_image\" \/>\n<meta name=\"twitter:label1\" content=\"Est. reading time\" \/>\n\t<meta name=\"twitter:data1\" content=\"2 minutes\" \/>\n<script type=\"application\/ld+json\" class=\"yoast-schema-graph\">{\"@context\":\"https:\\\/\\\/schema.org\",\"@graph\":[{\"@type\":\"WebPage\",\"@id\":\"https:\\\/\\\/globaltraining.com\\\/product\\\/osha-ladder-safety-training\\\/\",\"url\":\"https:\\\/\\\/globaltraining.com\\\/product\\\/osha-ladder-safety-training\\\/\",\"name\":\"OSHA Ladder Safety Training - Global Safety &amp; Environmental\",\"isPartOf\":{\"@id\":\"https:\\\/\\\/globaltraining.com\\\/#website\"},\"primaryImageOfPage\":{\"@id\":\"https:\\\/\\\/globaltraining.com\\\/product\\\/osha-ladder-safety-training\\\/#primaryimage\"},\"image\":{\"@id\":\"https:\\\/\\\/globaltraining.com\\\/product\\\/osha-ladder-safety-training\\\/#primaryimage\"},\"thumbnailUrl\":\"https:\\\/\\\/globaltraining.com\\\/wp-content\\\/uploads\\\/2021\\\/08\\\/ladder-safety.jpg\",\"datePublished\":\"2023-09-08T19:58:04+00:00\",\"dateModified\":\"2024-12-06T16:07:08+00:00\",\"description\":\"Ensure workplace safety with our OSHA Ladder Safety Training. Master ladder safety, enhance your skills and protect your career. Enroll today!\",\"breadcrumb\":{\"@id\":\"https:\\\/\\\/globaltraining.com\\\/product\\\/osha-ladder-safety-training\\\/#breadcrumb\"},\"inLanguage\":\"tr-TR\",\"potentialAction\":[{\"@type\":\"ReadAction\",\"target\":[\"https:\\\/\\\/globaltraining.com\\\/product\\\/osha-ladder-safety-training\\\/\"]}]},{\"@type\":\"ImageObject\",\"inLanguage\":\"tr-TR\",\"@id\":\"https:\\\/\\\/globaltraining.com\\\/product\\\/osha-ladder-safety-training\\\/#primaryimage\",\"url\":\"https:\\\/\\\/globaltraining.com\\\/wp-content\\\/uploads\\\/2021\\\/08\\\/ladder-safety.jpg\",\"contentUrl\":\"https:\\\/\\\/globaltraining.com\\\/wp-content\\\/uploads\\\/2021\\\/08\\\/ladder-safety.jpg\",\"width\":1200,\"height\":801,\"caption\":\"OSHA Ladder Safety Training\"},{\"@type\":\"BreadcrumbList\",\"@id\":\"https:\\\/\\\/globaltraining.com\\\/product\\\/osha-ladder-safety-training\\\/#breadcrumb\",\"itemListElement\":[{\"@type\":\"ListItem\",\"position\":1,\"name\":\"Home\",\"item\":\"https:\\\/\\\/globaltraining.com\\\/\"},{\"@type\":\"ListItem\",\"position\":2,\"name\":\"Productos\",\"item\":\"https:\\\/\\\/globaltraining.com\\\/es\\\/shop\\\/\"},{\"@type\":\"ListItem\",\"position\":3,\"name\":\"OSHA Ladder Safety Training\"}]},{\"@type\":\"WebSite\",\"@id\":\"https:\\\/\\\/globaltraining.com\\\/#website\",\"url\":\"https:\\\/\\\/globaltraining.com\\\/\",\"name\":\"Global Safety & Environmental\",\"description\":\"Full Service Health, Safety, and Environmental Courses\",\"publisher\":{\"@id\":\"https:\\\/\\\/globaltraining.com\\\/#organization\"},\"potentialAction\":[{\"@type\":\"SearchAction\",\"target\":{\"@type\":\"EntryPoint\",\"urlTemplate\":\"https:\\\/\\\/globaltraining.com\\\/?s={search_term_string}\"},\"query-input\":{\"@type\":\"PropertyValueSpecification\",\"valueRequired\":true,\"valueName\":\"search_term_string\"}}],\"inLanguage\":\"tr-TR\"},{\"@type\":\"Organization\",\"@id\":\"https:\\\/\\\/globaltraining.com\\\/#organization\",\"name\":\"Global Safety & Environmental\",\"url\":\"https:\\\/\\\/globaltraining.com\\\/\",\"logo\":{\"@type\":\"ImageObject\",\"inLanguage\":\"tr-TR\",\"@id\":\"https:\\\/\\\/globaltraining.com\\\/#\\\/schema\\\/logo\\\/image\\\/\",\"url\":\"https:\\\/\\\/globaltraining.com\\\/wp-content\\\/uploads\\\/2021\\\/01\\\/GSE-Logo-for-email.png\",\"contentUrl\":\"https:\\\/\\\/globaltraining.com\\\/wp-content\\\/uploads\\\/2021\\\/01\\\/GSE-Logo-for-email.png\",\"width\":400,\"height\":101,\"caption\":\"Global Safety & Environmental\"},\"image\":{\"@id\":\"https:\\\/\\\/globaltraining.com\\\/#\\\/schema\\\/logo\\\/image\\\/\"}}]}<\/script>\n<!-- \/ Yoast SEO plugin. -->","yoast_head_json":{"title":"OSHA Merdiven G\u00fcvenlik E\u011fitimi - K\u00fcresel G\u00fcvenlik ve \u00c7evre","description":"OSHA Merdiven G\u00fcvenli\u011fi E\u011fitimimizle i\u015fyeri g\u00fcvenli\u011fini sa\u011flay\u0131n. Merdiven g\u00fcvenli\u011finde ustala\u015f\u0131n, becerilerinizi geli\u015ftirin ve kariyerinizi koruyun. Bug\u00fcn kaydolun!","robots":{"index":"index","follow":"follow","max-snippet":"max-snippet:-1","max-image-preview":"max-image-preview:large","max-video-preview":"max-video-preview:-1"},"canonical":"https:\/\/globaltraining.com\/tr\/urun\/osha-merdiven-guvenligi-egitimi\/","og_locale":"tr_TR","og_type":"article","og_title":"OSHA Ladder Safety Training - Global Safety &amp; Environmental","og_description":"Ensure workplace safety with our OSHA Ladder Safety Training. Master ladder safety, enhance your skills and protect your career. Enroll today!","og_url":"https:\/\/globaltraining.com\/tr\/urun\/osha-merdiven-guvenligi-egitimi\/","og_site_name":"Global Safety &amp; Environmental","article_modified_time":"2024-12-06T16:07:08+00:00","og_image":[{"width":1200,"height":801,"url":"https:\/\/globaltraining.com\/wp-content\/uploads\/2021\/08\/ladder-safety.jpg","type":"image\/jpeg"}],"twitter_card":"summary_large_image","twitter_misc":{"Est. reading time":"2 minutes"},"schema":{"@context":"https:\/\/schema.org","@graph":[{"@type":"WebPage","@id":"https:\/\/globaltraining.com\/product\/osha-ladder-safety-training\/","url":"https:\/\/globaltraining.com\/product\/osha-ladder-safety-training\/","name":"OSHA Merdiven G\u00fcvenlik E\u011fitimi - K\u00fcresel G\u00fcvenlik ve \u00c7evre","isPartOf":{"@id":"https:\/\/globaltraining.com\/#website"},"primaryImageOfPage":{"@id":"https:\/\/globaltraining.com\/product\/osha-ladder-safety-training\/#primaryimage"},"image":{"@id":"https:\/\/globaltraining.com\/product\/osha-ladder-safety-training\/#primaryimage"},"thumbnailUrl":"https:\/\/globaltraining.com\/wp-content\/uploads\/2021\/08\/ladder-safety.jpg","datePublished":"2023-09-08T19:58:04+00:00","dateModified":"2024-12-06T16:07:08+00:00","description":"OSHA Merdiven G\u00fcvenli\u011fi E\u011fitimimizle i\u015fyeri g\u00fcvenli\u011fini sa\u011flay\u0131n. Merdiven g\u00fcvenli\u011finde ustala\u015f\u0131n, becerilerinizi geli\u015ftirin ve kariyerinizi koruyun. Bug\u00fcn kaydolun!","breadcrumb":{"@id":"https:\/\/globaltraining.com\/product\/osha-ladder-safety-training\/#breadcrumb"},"inLanguage":"tr-TR","potentialAction":[{"@type":"ReadAction","target":["https:\/\/globaltraining.com\/product\/osha-ladder-safety-training\/"]}]},{"@type":"ImageObject","inLanguage":"tr-TR","@id":"https:\/\/globaltraining.com\/product\/osha-ladder-safety-training\/#primaryimage","url":"https:\/\/globaltraining.com\/wp-content\/uploads\/2021\/08\/ladder-safety.jpg","contentUrl":"https:\/\/globaltraining.com\/wp-content\/uploads\/2021\/08\/ladder-safety.jpg","width":1200,"height":801,"caption":"OSHA Ladder Safety Training"},{"@type":"BreadcrumbList","@id":"https:\/\/globaltraining.com\/product\/osha-ladder-safety-training\/#breadcrumb","itemListElement":[{"@type":"ListItem","position":1,"name":"Home","item":"https:\/\/globaltraining.com\/"},{"@type":"ListItem","position":2,"name":"Productos","item":"https:\/\/globaltraining.com\/es\/shop\/"},{"@type":"ListItem","position":3,"name":"OSHA Ladder Safety Training"}]},{"@type":"WebSite","@id":"https:\/\/globaltraining.com\/#website","url":"https:\/\/globaltraining.com\/","name":"K\u00fcresel G\u00fcvenlik ve \u00c7evre","description":"Tam Hizmet Sa\u011fl\u0131k, G\u00fcvenlik ve \u00c7evre Kurslar\u0131","publisher":{"@id":"https:\/\/globaltraining.com\/#organization"},"potentialAction":[{"@type":"SearchAction","target":{"@type":"EntryPoint","urlTemplate":"https:\/\/globaltraining.com\/?s={search_term_string}"},"query-input":{"@type":"PropertyValueSpecification","valueRequired":true,"valueName":"search_term_string"}}],"inLanguage":"tr-TR"},{"@type":"Organization","@id":"https:\/\/globaltraining.com\/#organization","name":"K\u00fcresel G\u00fcvenlik ve \u00c7evre","url":"https:\/\/globaltraining.com\/","logo":{"@type":"ImageObject","inLanguage":"tr-TR","@id":"https:\/\/globaltraining.com\/#\/schema\/logo\/image\/","url":"https:\/\/globaltraining.com\/wp-content\/uploads\/2021\/01\/GSE-Logo-for-email.png","contentUrl":"https:\/\/globaltraining.com\/wp-content\/uploads\/2021\/01\/GSE-Logo-for-email.png","width":400,"height":101,"caption":"Global Safety & Environmental"},"image":{"@id":"https:\/\/globaltraining.com\/#\/schema\/logo\/image\/"}}]}},"_links":{"self":[{"href":"https:\/\/globaltraining.com\/tr\/wp-json\/wp\/v2\/product\/28536","targetHints":{"allow":["GET"]}}],"collection":[{"href":"https:\/\/globaltraining.com\/tr\/wp-json\/wp\/v2\/product"}],"about":[{"href":"https:\/\/globaltraining.com\/tr\/wp-json\/wp\/v2\/types\/product"}],"wp:featuredmedia":[{"embeddable":true,"href":"https:\/\/globaltraining.com\/tr\/wp-json\/wp\/v2\/media\/27201"}],"wp:attachment":[{"href":"https:\/\/globaltraining.com\/tr\/wp-json\/wp\/v2\/media?parent=28536"}],"wp:term":[{"taxonomy":"product_brand","embeddable":true,"href":"https:\/\/globaltraining.com\/tr\/wp-json\/wp\/v2\/product_brand?post=28536"},{"taxonomy":"product_cat","embeddable":true,"href":"https:\/\/globaltraining.com\/tr\/wp-json\/wp\/v2\/product_cat?post=28536"},{"taxonomy":"product_tag","embeddable":true,"href":"https:\/\/globaltraining.com\/tr\/wp-json\/wp\/v2\/product_tag?post=28536"}],"curies":[{"name":"wp","href":"https:\/\/api.w.org\/{rel}","templated":true}]}}