{"id":28535,"date":"2023-09-08T14:52:06","date_gmt":"2023-09-08T19:52:06","guid":{"rendered":"https:\/\/globaltraining.com\/?post_type=product&#038;p=28535"},"modified":"2024-12-06T15:05:18","modified_gmt":"2024-12-06T21:05:18","slug":"aktivite-tehlike-analizi","status":"publish","type":"product","link":"https:\/\/globaltraining.com\/tr\/product\/activity-hazard-analysis\/","title":{"rendered":"Faaliyet Tehlike Analizi"},"content":{"rendered":"<h2>Faaliyet Tehlike Analizini (AHA) Anlamak<\/h2>\n<p>Faaliyet Tehlike Analizi (AHA), i\u015fyeri tehlikelerinin tan\u0131mlanmas\u0131 ve azalt\u0131lmas\u0131 i\u00e7in kritik bir s\u00fcre\u00e7tir. \u00c7al\u0131\u015fanlar\u0131n g\u00fcvenli\u011fini ve \u00e7e\u015fitli sekt\u00f6rlerdeki projelerin ba\u015far\u0131s\u0131n\u0131 sa\u011flamak i\u00e7in \u00f6nemli bir ara\u00e7t\u0131r. Kapsaml\u0131 AHA e\u011fitim program\u0131m\u0131z, bireyleri etkili i\u015f tehlikesi analizi ger\u00e7ekle\u015ftirmek ve daha g\u00fcvenli bir \u00e7al\u0131\u015fma ortam\u0131 yaratmak i\u00e7in gereken bilgi ve becerilerle donatmak \u00fczere tasarlanm\u0131\u015ft\u0131r.<\/p>\n<h2>\u0130\u015f Tehlikesi Analizinin \u00d6nemi<\/h2>\n<p>Genellikle AHA ile birbirinin yerine kullan\u0131lan \u0130\u015f Tehlikesi Analizi (JHA), i\u015fyeri tehlikelerini tan\u0131mlamaya ve kontrol etmeye y\u00f6nelik sistematik bir yakla\u015f\u0131md\u0131r. \u0130ster in\u015faatta, ister imalatta, ister ba\u015fka bir alanda \u00e7al\u0131\u015f\u0131yor olun, JHA kazalar\u0131, yaralanmalar\u0131 ve ramak kala olaylar\u0131n\u0131 azaltmaya y\u00f6nelik proaktif bir \u00f6nlemdir. JHA&#039;n\u0131n \u00f6nemini anlamak, i\u015fyerinde g\u00fcvenlik k\u00fclt\u00fcr\u00fcn\u00fc s\u00fcrd\u00fcrmek i\u00e7in \u00e7ok \u00f6nemlidir.<\/p>\n<p>E\u011fitim program\u0131m\u0131z JHA&#039;n\u0131n ilke ve tekniklerine odaklanarak tehlike tan\u0131mlaman\u0131n, risk de\u011ferlendirmesinin ve kontrol \u00f6nlemlerinin uygulanmas\u0131n\u0131n \u00f6nemini vurgulamaktad\u0131r. Kat\u0131l\u0131mc\u0131lar i\u015f g\u00f6revlerini nas\u0131l analiz edeceklerini, potansiyel tehlikeleri nas\u0131l tan\u0131yacaklar\u0131n\u0131 ve riskleri ortadan kald\u0131rmak veya en aza indirmek i\u00e7in stratejiler geli\u015ftirmeyi \u00f6\u011freneceklerdir.<\/p>\n<h2>JSEA G\u00fcvenli\u011fi: Proaktif Bir Yakla\u015f\u0131m<\/h2>\n<p>\u0130\u015f G\u00fcvenli\u011fi ve \u00c7evre Analizi (JSEA), AHA ve JHA&#039;y\u0131 tamamlayan bir di\u011fer de\u011ferli s\u00fcre\u00e7tir. JSEA, analizi \u00e7al\u0131\u015fma ortam\u0131ndaki \u00e7evresel etkileri ve g\u00fcvenlik \u00f6nlemlerini dikkate alacak \u015fekilde geni\u015fletiyor. E\u011fitim program\u0131m\u0131z, risk y\u00f6netimine kapsaml\u0131 bir yakla\u015f\u0131m sa\u011flamak i\u00e7in JSEA g\u00fcvenlik ilkelerini i\u00e7erir.<\/p>\n<p>JSEA ile kat\u0131l\u0131mc\u0131lar i\u015f g\u00f6revlerinin \u00e7evresel etkilerini de\u011ferlendirme, potansiyel tehlikeleri belirleme ve hem \u00e7al\u0131\u015fanlar\u0131 hem de \u00e7evreyi korumaya y\u00f6nelik \u00f6nlemleri uygulama konusunda fikir sahibi olacaklar. S\u00fcrd\u00fcr\u00fclebilirlik ve g\u00fcvenlik hedefleriyle uyumlu proaktif bir yakla\u015f\u0131md\u0131r.<\/p>\n<h2>G\u00fcvenli\u011fi ve Verimlili\u011fi Art\u0131r\u0131n \u2013 Bug\u00fcn Kaydolun!<\/h2>\n<p>\u0130\u015f yeri g\u00fcvenli\u011finden taviz vermeyin. Ekibinizi ve projelerinizi korumak i\u00e7in gerekli bilgi ve becerileri kazanmak i\u00e7in Faaliyet Tehlike Analizi e\u011fitim program\u0131m\u0131za bug\u00fcn kaydolun. E\u011fitimimizle, etkili i\u015f tehlikesi analizi ger\u00e7ekle\u015ftirmek, daha g\u00fcvenli \u00e7al\u0131\u015fma ortamlar\u0131 olu\u015fturmak ve kurulu\u015funuzun ba\u015far\u0131s\u0131na katk\u0131da bulunmak i\u00e7in iyi bir donan\u0131ma sahip olacaks\u0131n\u0131z.<\/p>\n<p>Tehlike analizine ve risk azalt\u0131m\u0131na \u00f6ncelik veren g\u00fcvenlik bilincine sahip profesyonellerin saflar\u0131na kat\u0131l\u0131n. \u015eimdi kaydolun ve daha g\u00fcvenli ve daha verimli operasyonlar\u0131n \u00f6n\u00fcn\u00fc a\u00e7\u0131n.<\/p>","protected":false},"excerpt":{"rendered":"<p>Faaliyet Tehlike Analizi (AHA) e\u011fitimimiz ile i\u015f tehlikesi analizi sanat\u0131nda ustala\u015f\u0131n. \u0130\u015fyerinizde g\u00fcvenli\u011fi ve verimlili\u011fi art\u0131r\u0131n. Daha g\u00fcvenli, daha ba\u015far\u0131l\u0131 bir kariyer i\u00e7in hemen kaydolun<\/p>","protected":false},"featured_media":27185,"template":"","meta":{"_et_pb_use_builder":"","_et_pb_old_content":"","_et_gb_content_width":""},"product_brand":[],"product_cat":[156,157],"product_tag":[],"class_list":{"0":"post-28535","1":"product","2":"type-product","3":"status-publish","4":"has-post-thumbnail","6":"product_cat-occupational-health-and-safety","7":"product_cat-occupational-safety-admin","9":"first","10":"instock","11":"virtual","12":"sold-individually","13":"purchasable","14":"product-type-simple"},"yoast_head":"<!-- This site is optimized with the Yoast SEO plugin v27.3 - https:\/\/yoast.com\/product\/yoast-seo-wordpress\/ -->\n<title>Activity Hazard Analysis - Global Safety &amp; Environmental<\/title>\n<meta name=\"description\" content=\"Elevate workplace safety with our Activity Hazard Analysis (AHA) training. Learn job hazard analysis and enhance efficiency. Enroll today!\" \/>\n<meta name=\"robots\" content=\"index, follow, max-snippet:-1, max-image-preview:large, max-video-preview:-1\" \/>\n<link rel=\"canonical\" href=\"https:\/\/globaltraining.com\/tr\/urun\/aktivite-tehlike-analizi\/\" \/>\n<meta property=\"og:locale\" content=\"tr_TR\" \/>\n<meta property=\"og:type\" content=\"article\" \/>\n<meta property=\"og:title\" content=\"Activity Hazard Analysis - Global Safety &amp; Environmental\" \/>\n<meta property=\"og:description\" content=\"Elevate workplace safety with our Activity Hazard Analysis (AHA) training. Learn job hazard analysis and enhance efficiency. Enroll today!\" \/>\n<meta property=\"og:url\" content=\"https:\/\/globaltraining.com\/tr\/urun\/aktivite-tehlike-analizi\/\" \/>\n<meta property=\"og:site_name\" content=\"Global Safety &amp; Environmental\" \/>\n<meta property=\"article:modified_time\" content=\"2024-12-06T21:05:18+00:00\" \/>\n<meta property=\"og:image\" content=\"https:\/\/globaltraining.com\/wp-content\/uploads\/2021\/08\/iStock-1140348545.jpg\" \/>\n\t<meta property=\"og:image:width\" content=\"1200\" \/>\n\t<meta property=\"og:image:height\" content=\"801\" \/>\n\t<meta property=\"og:image:type\" content=\"image\/jpeg\" \/>\n<meta name=\"twitter:card\" content=\"summary_large_image\" \/>\n<meta name=\"twitter:label1\" content=\"Est. reading time\" \/>\n\t<meta name=\"twitter:data1\" content=\"2 minutes\" \/>\n<script type=\"application\/ld+json\" class=\"yoast-schema-graph\">{\"@context\":\"https:\\\/\\\/schema.org\",\"@graph\":[{\"@type\":\"WebPage\",\"@id\":\"https:\\\/\\\/globaltraining.com\\\/product\\\/activity-hazard-analysis\\\/\",\"url\":\"https:\\\/\\\/globaltraining.com\\\/product\\\/activity-hazard-analysis\\\/\",\"name\":\"Activity Hazard Analysis - Global Safety &amp; Environmental\",\"isPartOf\":{\"@id\":\"https:\\\/\\\/globaltraining.com\\\/#website\"},\"primaryImageOfPage\":{\"@id\":\"https:\\\/\\\/globaltraining.com\\\/product\\\/activity-hazard-analysis\\\/#primaryimage\"},\"image\":{\"@id\":\"https:\\\/\\\/globaltraining.com\\\/product\\\/activity-hazard-analysis\\\/#primaryimage\"},\"thumbnailUrl\":\"https:\\\/\\\/globaltraining.com\\\/wp-content\\\/uploads\\\/2021\\\/08\\\/iStock-1140348545.jpg\",\"datePublished\":\"2023-09-08T19:52:06+00:00\",\"dateModified\":\"2024-12-06T21:05:18+00:00\",\"description\":\"Elevate workplace safety with our Activity Hazard Analysis (AHA) training. Learn job hazard analysis and enhance efficiency. Enroll today!\",\"breadcrumb\":{\"@id\":\"https:\\\/\\\/globaltraining.com\\\/product\\\/activity-hazard-analysis\\\/#breadcrumb\"},\"inLanguage\":\"tr-TR\",\"potentialAction\":[{\"@type\":\"ReadAction\",\"target\":[\"https:\\\/\\\/globaltraining.com\\\/product\\\/activity-hazard-analysis\\\/\"]}]},{\"@type\":\"ImageObject\",\"inLanguage\":\"tr-TR\",\"@id\":\"https:\\\/\\\/globaltraining.com\\\/product\\\/activity-hazard-analysis\\\/#primaryimage\",\"url\":\"https:\\\/\\\/globaltraining.com\\\/wp-content\\\/uploads\\\/2021\\\/08\\\/iStock-1140348545.jpg\",\"contentUrl\":\"https:\\\/\\\/globaltraining.com\\\/wp-content\\\/uploads\\\/2021\\\/08\\\/iStock-1140348545.jpg\",\"width\":1200,\"height\":801,\"caption\":\"Activity Hazard Analysis\"},{\"@type\":\"BreadcrumbList\",\"@id\":\"https:\\\/\\\/globaltraining.com\\\/product\\\/activity-hazard-analysis\\\/#breadcrumb\",\"itemListElement\":[{\"@type\":\"ListItem\",\"position\":1,\"name\":\"Home\",\"item\":\"https:\\\/\\\/globaltraining.com\\\/\"},{\"@type\":\"ListItem\",\"position\":2,\"name\":\"Productos\",\"item\":\"https:\\\/\\\/globaltraining.com\\\/es\\\/shop\\\/\"},{\"@type\":\"ListItem\",\"position\":3,\"name\":\"Activity Hazard Analysis\"}]},{\"@type\":\"WebSite\",\"@id\":\"https:\\\/\\\/globaltraining.com\\\/#website\",\"url\":\"https:\\\/\\\/globaltraining.com\\\/\",\"name\":\"Global Safety & Environmental\",\"description\":\"Full Service Health, Safety, and Environmental Courses\",\"publisher\":{\"@id\":\"https:\\\/\\\/globaltraining.com\\\/#organization\"},\"potentialAction\":[{\"@type\":\"SearchAction\",\"target\":{\"@type\":\"EntryPoint\",\"urlTemplate\":\"https:\\\/\\\/globaltraining.com\\\/?s={search_term_string}\"},\"query-input\":{\"@type\":\"PropertyValueSpecification\",\"valueRequired\":true,\"valueName\":\"search_term_string\"}}],\"inLanguage\":\"tr-TR\"},{\"@type\":\"Organization\",\"@id\":\"https:\\\/\\\/globaltraining.com\\\/#organization\",\"name\":\"Global Safety & Environmental\",\"url\":\"https:\\\/\\\/globaltraining.com\\\/\",\"logo\":{\"@type\":\"ImageObject\",\"inLanguage\":\"tr-TR\",\"@id\":\"https:\\\/\\\/globaltraining.com\\\/#\\\/schema\\\/logo\\\/image\\\/\",\"url\":\"https:\\\/\\\/globaltraining.com\\\/wp-content\\\/uploads\\\/2021\\\/01\\\/GSE-Logo-for-email.png\",\"contentUrl\":\"https:\\\/\\\/globaltraining.com\\\/wp-content\\\/uploads\\\/2021\\\/01\\\/GSE-Logo-for-email.png\",\"width\":400,\"height\":101,\"caption\":\"Global Safety & Environmental\"},\"image\":{\"@id\":\"https:\\\/\\\/globaltraining.com\\\/#\\\/schema\\\/logo\\\/image\\\/\"}}]}<\/script>\n<!-- \/ Yoast SEO plugin. -->","yoast_head_json":{"title":"Faaliyet Tehlike Analizi - K\u00fcresel G\u00fcvenlik ve \u00c7evre","description":"Etkinlik Tehlike Analizi (AHA) e\u011fitimimizle i\u015fyeri g\u00fcvenli\u011fini art\u0131r\u0131n. \u0130\u015f tehlike analizini \u00f6\u011frenin ve verimlili\u011fi art\u0131r\u0131n. Bug\u00fcn kaydolun!","robots":{"index":"index","follow":"follow","max-snippet":"max-snippet:-1","max-image-preview":"max-image-preview:large","max-video-preview":"max-video-preview:-1"},"canonical":"https:\/\/globaltraining.com\/tr\/urun\/aktivite-tehlike-analizi\/","og_locale":"tr_TR","og_type":"article","og_title":"Activity Hazard Analysis - Global Safety &amp; Environmental","og_description":"Elevate workplace safety with our Activity Hazard Analysis (AHA) training. Learn job hazard analysis and enhance efficiency. Enroll today!","og_url":"https:\/\/globaltraining.com\/tr\/urun\/aktivite-tehlike-analizi\/","og_site_name":"Global Safety &amp; Environmental","article_modified_time":"2024-12-06T21:05:18+00:00","og_image":[{"width":1200,"height":801,"url":"https:\/\/globaltraining.com\/wp-content\/uploads\/2021\/08\/iStock-1140348545.jpg","type":"image\/jpeg"}],"twitter_card":"summary_large_image","twitter_misc":{"Est. reading time":"2 minutes"},"schema":{"@context":"https:\/\/schema.org","@graph":[{"@type":"WebPage","@id":"https:\/\/globaltraining.com\/product\/activity-hazard-analysis\/","url":"https:\/\/globaltraining.com\/product\/activity-hazard-analysis\/","name":"Faaliyet Tehlike Analizi - K\u00fcresel G\u00fcvenlik ve \u00c7evre","isPartOf":{"@id":"https:\/\/globaltraining.com\/#website"},"primaryImageOfPage":{"@id":"https:\/\/globaltraining.com\/product\/activity-hazard-analysis\/#primaryimage"},"image":{"@id":"https:\/\/globaltraining.com\/product\/activity-hazard-analysis\/#primaryimage"},"thumbnailUrl":"https:\/\/globaltraining.com\/wp-content\/uploads\/2021\/08\/iStock-1140348545.jpg","datePublished":"2023-09-08T19:52:06+00:00","dateModified":"2024-12-06T21:05:18+00:00","description":"Etkinlik Tehlike Analizi (AHA) e\u011fitimimizle i\u015fyeri g\u00fcvenli\u011fini art\u0131r\u0131n. \u0130\u015f tehlike analizini \u00f6\u011frenin ve verimlili\u011fi art\u0131r\u0131n. Bug\u00fcn kaydolun!","breadcrumb":{"@id":"https:\/\/globaltraining.com\/product\/activity-hazard-analysis\/#breadcrumb"},"inLanguage":"tr-TR","potentialAction":[{"@type":"ReadAction","target":["https:\/\/globaltraining.com\/product\/activity-hazard-analysis\/"]}]},{"@type":"ImageObject","inLanguage":"tr-TR","@id":"https:\/\/globaltraining.com\/product\/activity-hazard-analysis\/#primaryimage","url":"https:\/\/globaltraining.com\/wp-content\/uploads\/2021\/08\/iStock-1140348545.jpg","contentUrl":"https:\/\/globaltraining.com\/wp-content\/uploads\/2021\/08\/iStock-1140348545.jpg","width":1200,"height":801,"caption":"Activity Hazard Analysis"},{"@type":"BreadcrumbList","@id":"https:\/\/globaltraining.com\/product\/activity-hazard-analysis\/#breadcrumb","itemListElement":[{"@type":"ListItem","position":1,"name":"Home","item":"https:\/\/globaltraining.com\/"},{"@type":"ListItem","position":2,"name":"Productos","item":"https:\/\/globaltraining.com\/es\/shop\/"},{"@type":"ListItem","position":3,"name":"Activity Hazard Analysis"}]},{"@type":"WebSite","@id":"https:\/\/globaltraining.com\/#website","url":"https:\/\/globaltraining.com\/","name":"K\u00fcresel G\u00fcvenlik ve \u00c7evre","description":"Tam Hizmet Sa\u011fl\u0131k, G\u00fcvenlik ve \u00c7evre Kurslar\u0131","publisher":{"@id":"https:\/\/globaltraining.com\/#organization"},"potentialAction":[{"@type":"SearchAction","target":{"@type":"EntryPoint","urlTemplate":"https:\/\/globaltraining.com\/?s={search_term_string}"},"query-input":{"@type":"PropertyValueSpecification","valueRequired":true,"valueName":"search_term_string"}}],"inLanguage":"tr-TR"},{"@type":"Organization","@id":"https:\/\/globaltraining.com\/#organization","name":"K\u00fcresel G\u00fcvenlik ve \u00c7evre","url":"https:\/\/globaltraining.com\/","logo":{"@type":"ImageObject","inLanguage":"tr-TR","@id":"https:\/\/globaltraining.com\/#\/schema\/logo\/image\/","url":"https:\/\/globaltraining.com\/wp-content\/uploads\/2021\/01\/GSE-Logo-for-email.png","contentUrl":"https:\/\/globaltraining.com\/wp-content\/uploads\/2021\/01\/GSE-Logo-for-email.png","width":400,"height":101,"caption":"Global Safety & Environmental"},"image":{"@id":"https:\/\/globaltraining.com\/#\/schema\/logo\/image\/"}}]}},"_links":{"self":[{"href":"https:\/\/globaltraining.com\/tr\/wp-json\/wp\/v2\/product\/28535","targetHints":{"allow":["GET"]}}],"collection":[{"href":"https:\/\/globaltraining.com\/tr\/wp-json\/wp\/v2\/product"}],"about":[{"href":"https:\/\/globaltraining.com\/tr\/wp-json\/wp\/v2\/types\/product"}],"wp:featuredmedia":[{"embeddable":true,"href":"https:\/\/globaltraining.com\/tr\/wp-json\/wp\/v2\/media\/27185"}],"wp:attachment":[{"href":"https:\/\/globaltraining.com\/tr\/wp-json\/wp\/v2\/media?parent=28535"}],"wp:term":[{"taxonomy":"product_brand","embeddable":true,"href":"https:\/\/globaltraining.com\/tr\/wp-json\/wp\/v2\/product_brand?post=28535"},{"taxonomy":"product_cat","embeddable":true,"href":"https:\/\/globaltraining.com\/tr\/wp-json\/wp\/v2\/product_cat?post=28535"},{"taxonomy":"product_tag","embeddable":true,"href":"https:\/\/globaltraining.com\/tr\/wp-json\/wp\/v2\/product_tag?post=28535"}],"curies":[{"name":"wp","href":"https:\/\/api.w.org\/{rel}","templated":true}]}}