{"id":28534,"date":"2023-09-08T14:50:03","date_gmt":"2023-09-08T19:50:03","guid":{"rendered":"https:\/\/globaltraining.com\/?post_type=product&#038;p=28534"},"modified":"2024-12-09T10:23:09","modified_gmt":"2024-12-09T16:23:09","slug":"hidrojen-sulfur-egitimi","status":"publish","type":"product","link":"https:\/\/globaltraining.com\/tr\/product\/hydrogen-sulfide-training\/","title":{"rendered":"Hidrojen S\u00fclf\u00fcr E\u011fitimi"},"content":{"rendered":"<h2>Kapsaml\u0131 Hidrojen S\u00fclf\u00fcr E\u011fitimi<\/h2>\n<p>Genellikle H2S olarak adland\u0131r\u0131lan Hidrojen S\u00fclf\u00fcr, \u00e7e\u015fitli end\u00fcstriyel ortamlarda yayg\u0131n olarak bulunan tehlikeli bir gazd\u0131r. Hidrojen S\u00fclf\u00fcr E\u011fitim program\u0131m\u0131z, H2S ile ve \u00e7evresinde g\u00fcvenli bir \u015fekilde \u00e7al\u0131\u015fmak i\u00e7in gereken bilgi ve becerileri sa\u011flamak, g\u00fcvenli\u011finizi ve end\u00fcstri d\u00fczenlemelerine uygunlu\u011funuzu sa\u011flamak \u00fczere tasarlanm\u0131\u015ft\u0131r.<\/p>\n<h2>H2S G\u00fcvenli\u011finin \u00d6nemi<\/h2>\n<p>H2S g\u00fcvenli\u011fi, petrol ve gaz, kimyasal \u00fcretim ve at\u0131k su ar\u0131tma gibi sekt\u00f6rlerdeki \u00e7al\u0131\u015fanlar i\u00e7in son derece \u00f6nemlidir. Hidrojen s\u00fclf\u00fcre maruz kalmak, solunum sorunlar\u0131, g\u00f6z tahri\u015fi ve ciddi vakalarda \u00f6l\u00fcm gibi ciddi sa\u011fl\u0131k risklerine yol a\u00e7abilir. Tehlikeleri tan\u0131mak ve g\u00fcvenlik \u00f6nlemlerini etkili bir \u015fekilde uygulamak i\u00e7in uygun e\u011fitim \u015fartt\u0131r.<\/p>\n<p>E\u011fitim program\u0131m\u0131z H2S g\u00fcvenli\u011finin \u00f6nemine odaklanmakta, tehlike tan\u0131mlamay\u0131, risk de\u011ferlendirmesini ve ki\u015fisel koruyucu ekipman (KKD) kullan\u0131m\u0131n\u0131 vurgulamaktad\u0131r. Kat\u0131l\u0131mc\u0131lar H2S&#039;nin varl\u0131\u011f\u0131n\u0131 nas\u0131l tespit edeceklerini, \u00f6zelliklerini nas\u0131l anlayacaklar\u0131n\u0131 ve maruz kalmay\u0131 \u00f6nlemek i\u00e7in uygun \u00f6nlemleri almay\u0131 \u00f6\u011freneceklerdir.<\/p>\n<h2>G\u00fcvenlik i\u00e7in Hidrojen S\u00fclf\u00fcr Sertifikas\u0131<\/h2>\n<p>Hidrojen S\u00fclf\u00fcr Sertifikas\u0131 kazanmak yaln\u0131zca bir uzmanl\u0131k i\u015fareti de\u011fil ayn\u0131 zamanda y\u00fcksek riskli end\u00fcstrilerdeki bir\u00e7ok i\u015f i\u00e7in de bir gerekliliktir. Program\u0131m\u0131z bu alanlardaki i\u015fverenler taraf\u0131ndan yayg\u0131n olarak tan\u0131nan ve de\u011fer verilen sertifikalar sunmaktad\u0131r. Sertifika, g\u00fcvenli\u011fe olan ba\u011fl\u0131l\u0131\u011f\u0131n\u0131z\u0131 ve kendinizi ve meslekta\u015flar\u0131n\u0131z\u0131 H2S ile ilgili tehlikelerden koruma yetene\u011finizi g\u00f6sterir.<\/p>\n<p>Sertifikasyon s\u00fcrecimiz, kat\u0131l\u0131mc\u0131lar\u0131n H2S g\u00fcvenlik protokolleri hakk\u0131nda sa\u011flam bir anlay\u0131\u015fa sahip olmalar\u0131n\u0131 sa\u011flamak i\u00e7in kapsaml\u0131 e\u011fitim, de\u011ferlendirme ve de\u011ferlendirmeyi i\u00e7erir. Bu sertifikayla H2S&#039;nin mevcut oldu\u011fu ortamlarda \u00e7al\u0131\u015fmaya haz\u0131rl\u0131kl\u0131 olacaks\u0131n\u0131z.<\/p>\n<h2>G\u00fcvenli\u011finizin Kontrol\u00fcn\u00fc Elinize Al\u0131n \u2013 Bug\u00fcn Kaydolun!<\/h2>\n<p>Hidrojen s\u00fclf\u00fcrle \u00e7al\u0131\u015f\u0131rken g\u00fcvenlikten \u00f6d\u00fcn vermeyin. Kendinizi ve ba\u015fkalar\u0131n\u0131 korumak i\u00e7in gereken bilgi ve sertifikay\u0131 kazanmak i\u00e7in Hidrojen S\u00fclf\u00fcr E\u011fitim program\u0131m\u0131za bug\u00fcn kaydolun. E\u011fitimimizle H2S ortamlar\u0131nda g\u00fcvenli bir \u015fekilde \u00e7al\u0131\u015fma g\u00fcvenine sahip olacak ve daha g\u00fcvenli bir i\u015f yerine katk\u0131da bulunacaks\u0131n\u0131z.<\/p>\n<p>G\u00fcvenli\u011fi \u00f6n planda tutan ve sekt\u00f6r\u00fcn\u00fcz i\u00e7in de\u011ferli bir varl\u0131k haline gelen sertifikal\u0131 profesyonellerin saflar\u0131na kat\u0131l\u0131n. \u015eimdi kaydolun ve daha g\u00fcvenli, daha umut verici bir gelece\u011fi g\u00fcvence alt\u0131na al\u0131n!<\/p>","protected":false},"excerpt":{"rendered":"<p>Hidrojen S\u00fclf\u00fcr E\u011fitimimizle H2S g\u00fcvenli\u011finde ustala\u015f\u0131n. Sertifika al\u0131n ve y\u00fcksek riskli sekt\u00f6rlerde g\u00fcvenle \u00e7al\u0131\u015f\u0131n. Daha g\u00fcvenli, daha umut verici bir kariyer i\u00e7in \u015fimdi kaydolun!<\/p>","protected":false},"featured_media":27192,"template":"","meta":{"_et_pb_use_builder":"","_et_pb_old_content":"","_et_gb_content_width":""},"product_brand":[],"product_cat":[125,174,141,142,143],"product_tag":[],"class_list":{"0":"post-28534","1":"product","2":"type-product","3":"status-publish","4":"has-post-thumbnail","6":"product_cat-dangerous-chemicals","7":"product_cat-environmental","8":"product_cat-hazardous-materials","9":"product_cat-hazwoper","10":"product_cat-health-and-safety","12":"first","13":"instock","14":"virtual","15":"sold-individually","16":"purchasable","17":"product-type-simple"},"yoast_head":"<!-- This site is optimized with the Yoast SEO plugin v27.3 - https:\/\/yoast.com\/product\/yoast-seo-wordpress\/ -->\n<title>Hydrogen Sulfide Training - Global Safety &amp; Environmental<\/title>\n<meta name=\"description\" content=\"Ensure safety in H2S environments with our Hydrogen Sulfide Training. Earn certification and protect yourself and your colleagues. Enroll today!\" \/>\n<meta name=\"robots\" content=\"index, follow, max-snippet:-1, max-image-preview:large, max-video-preview:-1\" \/>\n<link rel=\"canonical\" href=\"https:\/\/globaltraining.com\/tr\/urun\/hidrojen-sulfur-egitimi\/\" \/>\n<meta property=\"og:locale\" content=\"tr_TR\" \/>\n<meta property=\"og:type\" content=\"article\" \/>\n<meta property=\"og:title\" content=\"Hydrogen Sulfide Training - Global Safety &amp; Environmental\" \/>\n<meta property=\"og:description\" content=\"Ensure safety in H2S environments with our Hydrogen Sulfide Training. Earn certification and protect yourself and your colleagues. Enroll today!\" \/>\n<meta property=\"og:url\" content=\"https:\/\/globaltraining.com\/tr\/urun\/hidrojen-sulfur-egitimi\/\" \/>\n<meta property=\"og:site_name\" content=\"Global Safety &amp; Environmental\" \/>\n<meta property=\"article:modified_time\" content=\"2024-12-09T16:23:09+00:00\" \/>\n<meta property=\"og:image\" content=\"https:\/\/globaltraining.com\/wp-content\/uploads\/2021\/08\/iStock-1287531792.jpg\" \/>\n\t<meta property=\"og:image:width\" content=\"1200\" \/>\n\t<meta property=\"og:image:height\" content=\"800\" \/>\n\t<meta property=\"og:image:type\" content=\"image\/jpeg\" \/>\n<meta name=\"twitter:card\" content=\"summary_large_image\" \/>\n<meta name=\"twitter:label1\" content=\"Est. reading time\" \/>\n\t<meta name=\"twitter:data1\" content=\"2 minutes\" \/>\n<script type=\"application\/ld+json\" class=\"yoast-schema-graph\">{\"@context\":\"https:\\\/\\\/schema.org\",\"@graph\":[{\"@type\":\"WebPage\",\"@id\":\"https:\\\/\\\/globaltraining.com\\\/product\\\/hydrogen-sulfide-training\\\/\",\"url\":\"https:\\\/\\\/globaltraining.com\\\/product\\\/hydrogen-sulfide-training\\\/\",\"name\":\"Hydrogen Sulfide Training - Global Safety &amp; Environmental\",\"isPartOf\":{\"@id\":\"https:\\\/\\\/globaltraining.com\\\/#website\"},\"primaryImageOfPage\":{\"@id\":\"https:\\\/\\\/globaltraining.com\\\/product\\\/hydrogen-sulfide-training\\\/#primaryimage\"},\"image\":{\"@id\":\"https:\\\/\\\/globaltraining.com\\\/product\\\/hydrogen-sulfide-training\\\/#primaryimage\"},\"thumbnailUrl\":\"https:\\\/\\\/globaltraining.com\\\/wp-content\\\/uploads\\\/2021\\\/08\\\/iStock-1287531792.jpg\",\"datePublished\":\"2023-09-08T19:50:03+00:00\",\"dateModified\":\"2024-12-09T16:23:09+00:00\",\"description\":\"Ensure safety in H2S environments with our Hydrogen Sulfide Training. Earn certification and protect yourself and your colleagues. Enroll today!\",\"breadcrumb\":{\"@id\":\"https:\\\/\\\/globaltraining.com\\\/product\\\/hydrogen-sulfide-training\\\/#breadcrumb\"},\"inLanguage\":\"tr-TR\",\"potentialAction\":[{\"@type\":\"ReadAction\",\"target\":[\"https:\\\/\\\/globaltraining.com\\\/product\\\/hydrogen-sulfide-training\\\/\"]}]},{\"@type\":\"ImageObject\",\"inLanguage\":\"tr-TR\",\"@id\":\"https:\\\/\\\/globaltraining.com\\\/product\\\/hydrogen-sulfide-training\\\/#primaryimage\",\"url\":\"https:\\\/\\\/globaltraining.com\\\/wp-content\\\/uploads\\\/2021\\\/08\\\/iStock-1287531792.jpg\",\"contentUrl\":\"https:\\\/\\\/globaltraining.com\\\/wp-content\\\/uploads\\\/2021\\\/08\\\/iStock-1287531792.jpg\",\"width\":1200,\"height\":800,\"caption\":\"Closeup of a white Danger H2S Gas sign.\"},{\"@type\":\"BreadcrumbList\",\"@id\":\"https:\\\/\\\/globaltraining.com\\\/product\\\/hydrogen-sulfide-training\\\/#breadcrumb\",\"itemListElement\":[{\"@type\":\"ListItem\",\"position\":1,\"name\":\"Home\",\"item\":\"https:\\\/\\\/globaltraining.com\\\/\"},{\"@type\":\"ListItem\",\"position\":2,\"name\":\"Productos\",\"item\":\"https:\\\/\\\/globaltraining.com\\\/es\\\/shop\\\/\"},{\"@type\":\"ListItem\",\"position\":3,\"name\":\"Hydrogen Sulfide Training\"}]},{\"@type\":\"WebSite\",\"@id\":\"https:\\\/\\\/globaltraining.com\\\/#website\",\"url\":\"https:\\\/\\\/globaltraining.com\\\/\",\"name\":\"Global Safety & Environmental\",\"description\":\"Full Service Health, Safety, and Environmental Courses\",\"publisher\":{\"@id\":\"https:\\\/\\\/globaltraining.com\\\/#organization\"},\"potentialAction\":[{\"@type\":\"SearchAction\",\"target\":{\"@type\":\"EntryPoint\",\"urlTemplate\":\"https:\\\/\\\/globaltraining.com\\\/?s={search_term_string}\"},\"query-input\":{\"@type\":\"PropertyValueSpecification\",\"valueRequired\":true,\"valueName\":\"search_term_string\"}}],\"inLanguage\":\"tr-TR\"},{\"@type\":\"Organization\",\"@id\":\"https:\\\/\\\/globaltraining.com\\\/#organization\",\"name\":\"Global Safety & Environmental\",\"url\":\"https:\\\/\\\/globaltraining.com\\\/\",\"logo\":{\"@type\":\"ImageObject\",\"inLanguage\":\"tr-TR\",\"@id\":\"https:\\\/\\\/globaltraining.com\\\/#\\\/schema\\\/logo\\\/image\\\/\",\"url\":\"https:\\\/\\\/globaltraining.com\\\/wp-content\\\/uploads\\\/2021\\\/01\\\/GSE-Logo-for-email.png\",\"contentUrl\":\"https:\\\/\\\/globaltraining.com\\\/wp-content\\\/uploads\\\/2021\\\/01\\\/GSE-Logo-for-email.png\",\"width\":400,\"height\":101,\"caption\":\"Global Safety & Environmental\"},\"image\":{\"@id\":\"https:\\\/\\\/globaltraining.com\\\/#\\\/schema\\\/logo\\\/image\\\/\"}}]}<\/script>\n<!-- \/ Yoast SEO plugin. -->","yoast_head_json":{"title":"Hidrojen S\u00fclf\u00fcr E\u011fitimi - K\u00fcresel G\u00fcvenlik ve \u00c7evre","description":"Hidrojen S\u00fclf\u00fcr E\u011fitimimiz ile H2S ortamlar\u0131nda g\u00fcvenli\u011fi sa\u011flay\u0131n. Sertifika kazan\u0131n ve kendinizi ve meslekta\u015flar\u0131n\u0131z\u0131 koruyun. Bug\u00fcn kaydolun!","robots":{"index":"index","follow":"follow","max-snippet":"max-snippet:-1","max-image-preview":"max-image-preview:large","max-video-preview":"max-video-preview:-1"},"canonical":"https:\/\/globaltraining.com\/tr\/urun\/hidrojen-sulfur-egitimi\/","og_locale":"tr_TR","og_type":"article","og_title":"Hydrogen Sulfide Training - Global Safety &amp; Environmental","og_description":"Ensure safety in H2S environments with our Hydrogen Sulfide Training. Earn certification and protect yourself and your colleagues. Enroll today!","og_url":"https:\/\/globaltraining.com\/tr\/urun\/hidrojen-sulfur-egitimi\/","og_site_name":"Global Safety &amp; Environmental","article_modified_time":"2024-12-09T16:23:09+00:00","og_image":[{"width":1200,"height":800,"url":"https:\/\/globaltraining.com\/wp-content\/uploads\/2021\/08\/iStock-1287531792.jpg","type":"image\/jpeg"}],"twitter_card":"summary_large_image","twitter_misc":{"Est. reading time":"2 minutes"},"schema":{"@context":"https:\/\/schema.org","@graph":[{"@type":"WebPage","@id":"https:\/\/globaltraining.com\/product\/hydrogen-sulfide-training\/","url":"https:\/\/globaltraining.com\/product\/hydrogen-sulfide-training\/","name":"Hidrojen S\u00fclf\u00fcr E\u011fitimi - K\u00fcresel G\u00fcvenlik ve \u00c7evre","isPartOf":{"@id":"https:\/\/globaltraining.com\/#website"},"primaryImageOfPage":{"@id":"https:\/\/globaltraining.com\/product\/hydrogen-sulfide-training\/#primaryimage"},"image":{"@id":"https:\/\/globaltraining.com\/product\/hydrogen-sulfide-training\/#primaryimage"},"thumbnailUrl":"https:\/\/globaltraining.com\/wp-content\/uploads\/2021\/08\/iStock-1287531792.jpg","datePublished":"2023-09-08T19:50:03+00:00","dateModified":"2024-12-09T16:23:09+00:00","description":"Hidrojen S\u00fclf\u00fcr E\u011fitimimiz ile H2S ortamlar\u0131nda g\u00fcvenli\u011fi sa\u011flay\u0131n. Sertifika kazan\u0131n ve kendinizi ve meslekta\u015flar\u0131n\u0131z\u0131 koruyun. Bug\u00fcn kaydolun!","breadcrumb":{"@id":"https:\/\/globaltraining.com\/product\/hydrogen-sulfide-training\/#breadcrumb"},"inLanguage":"tr-TR","potentialAction":[{"@type":"ReadAction","target":["https:\/\/globaltraining.com\/product\/hydrogen-sulfide-training\/"]}]},{"@type":"ImageObject","inLanguage":"tr-TR","@id":"https:\/\/globaltraining.com\/product\/hydrogen-sulfide-training\/#primaryimage","url":"https:\/\/globaltraining.com\/wp-content\/uploads\/2021\/08\/iStock-1287531792.jpg","contentUrl":"https:\/\/globaltraining.com\/wp-content\/uploads\/2021\/08\/iStock-1287531792.jpg","width":1200,"height":800,"caption":"Closeup of a white Danger H2S Gas sign."},{"@type":"BreadcrumbList","@id":"https:\/\/globaltraining.com\/product\/hydrogen-sulfide-training\/#breadcrumb","itemListElement":[{"@type":"ListItem","position":1,"name":"Home","item":"https:\/\/globaltraining.com\/"},{"@type":"ListItem","position":2,"name":"Productos","item":"https:\/\/globaltraining.com\/es\/shop\/"},{"@type":"ListItem","position":3,"name":"Hydrogen Sulfide Training"}]},{"@type":"WebSite","@id":"https:\/\/globaltraining.com\/#website","url":"https:\/\/globaltraining.com\/","name":"K\u00fcresel G\u00fcvenlik ve \u00c7evre","description":"Tam Hizmet Sa\u011fl\u0131k, G\u00fcvenlik ve \u00c7evre Kurslar\u0131","publisher":{"@id":"https:\/\/globaltraining.com\/#organization"},"potentialAction":[{"@type":"SearchAction","target":{"@type":"EntryPoint","urlTemplate":"https:\/\/globaltraining.com\/?s={search_term_string}"},"query-input":{"@type":"PropertyValueSpecification","valueRequired":true,"valueName":"search_term_string"}}],"inLanguage":"tr-TR"},{"@type":"Organization","@id":"https:\/\/globaltraining.com\/#organization","name":"K\u00fcresel G\u00fcvenlik ve \u00c7evre","url":"https:\/\/globaltraining.com\/","logo":{"@type":"ImageObject","inLanguage":"tr-TR","@id":"https:\/\/globaltraining.com\/#\/schema\/logo\/image\/","url":"https:\/\/globaltraining.com\/wp-content\/uploads\/2021\/01\/GSE-Logo-for-email.png","contentUrl":"https:\/\/globaltraining.com\/wp-content\/uploads\/2021\/01\/GSE-Logo-for-email.png","width":400,"height":101,"caption":"Global Safety & Environmental"},"image":{"@id":"https:\/\/globaltraining.com\/#\/schema\/logo\/image\/"}}]}},"_links":{"self":[{"href":"https:\/\/globaltraining.com\/tr\/wp-json\/wp\/v2\/product\/28534","targetHints":{"allow":["GET"]}}],"collection":[{"href":"https:\/\/globaltraining.com\/tr\/wp-json\/wp\/v2\/product"}],"about":[{"href":"https:\/\/globaltraining.com\/tr\/wp-json\/wp\/v2\/types\/product"}],"wp:featuredmedia":[{"embeddable":true,"href":"https:\/\/globaltraining.com\/tr\/wp-json\/wp\/v2\/media\/27192"}],"wp:attachment":[{"href":"https:\/\/globaltraining.com\/tr\/wp-json\/wp\/v2\/media?parent=28534"}],"wp:term":[{"taxonomy":"product_brand","embeddable":true,"href":"https:\/\/globaltraining.com\/tr\/wp-json\/wp\/v2\/product_brand?post=28534"},{"taxonomy":"product_cat","embeddable":true,"href":"https:\/\/globaltraining.com\/tr\/wp-json\/wp\/v2\/product_cat?post=28534"},{"taxonomy":"product_tag","embeddable":true,"href":"https:\/\/globaltraining.com\/tr\/wp-json\/wp\/v2\/product_tag?post=28534"}],"curies":[{"name":"wp","href":"https:\/\/api.w.org\/{rel}","templated":true}]}}