{"id":28533,"date":"2023-09-08T14:42:16","date_gmt":"2023-09-08T19:42:16","guid":{"rendered":"https:\/\/globaltraining.com\/?post_type=product&#038;p=28533"},"modified":"2024-12-09T10:22:47","modified_gmt":"2024-12-09T16:22:47","slug":"delik-izleme-egitimi","status":"publish","type":"product","link":"https:\/\/globaltraining.com\/tr\/product\/hole-watch-training\/","title":{"rendered":"Delik \u0130zleme E\u011fitimi"},"content":{"rendered":"<h2>Delik \u0130zleme E\u011fitimi: Kapal\u0131 Alanlarda G\u00fcvenli\u011fin Sa\u011flanmas\u0131<\/h2>\n<p>Kapal\u0131 alanlarda g\u00fcvenli\u011fin sa\u011flanmas\u0131nda Delik G\u00f6zetleme G\u00f6revlilerinin oynad\u0131\u011f\u0131 kritik rol\u00fcn fark\u0131nda m\u0131s\u0131n\u0131z? Delik \u0130zleme E\u011fitimi program\u0131m\u0131z, bireyleri bu zorlu ortamlarda i\u015f\u00e7ileri korumak i\u00e7in gerekli bilgi ve becerilerle donatmak \u00fczere tasarlanm\u0131\u015ft\u0131r. Delik G\u00f6zetleme G\u00f6revlisinin sorumluluklar\u0131, tehlikeleri ve en iyi uygulamalar\u0131 hakk\u0131nda bilgi edinin.<\/p>\n<h2>Kapal\u0131 Alan Deli\u011fi \u0130zlemenin \u00d6nemi<\/h2>\n<p>Kapal\u0131 alanlar, s\u0131n\u0131rl\u0131 giri\u015f ve \u00e7\u0131k\u0131\u015f noktalar\u0131, yetersiz havaland\u0131rma ve tehlikeli atmosfer potansiyeli gibi benzersiz tehlikeler sunar. Delik G\u00f6zetleme G\u00f6revlileri bu tehlikelere kar\u015f\u0131 ilk savunma hatt\u0131 olarak g\u00f6rev yapar. G\u00f6revlerini etkili bir \u015fekilde yerine getirebilmelerini ve riskleri en aza indirebilmelerini sa\u011flamak i\u00e7in uygun e\u011fitim \u015fartt\u0131r.<\/p>\n<p>Kapal\u0131 Alan Delik G\u00f6zetleme program\u0131m\u0131z, Delik G\u00f6zetleme G\u00f6revlilerinin kazalar\u0131 \u00f6nleme ve acil durumlara m\u00fcdahale etme konusundaki kritik rol\u00fcn\u00fc vurgulamaktad\u0131r. Kat\u0131l\u0131mc\u0131lar kapal\u0131 alan d\u00fczenlemeleri, tehlike tan\u0131mlamas\u0131 ve kapal\u0131 alan \u00e7al\u0131\u015fma ortamlar\u0131nda etkili ileti\u015fimin \u00f6nemi hakk\u0131nda kapsaml\u0131 bir anlay\u0131\u015f kazanacaklard\u0131r.<\/p>\n<h2>Yetkili Bir Delik N\u00f6bet\u00e7isi Olmak<\/h2>\n<p>E\u011fitim program\u0131m\u0131z teorinin \u00f6tesine ge\u00e7erek Delik G\u00f6zetleme G\u00f6revlilerinin g\u00f6revlerinde ba\u015far\u0131l\u0131 olmalar\u0131 i\u00e7in ihtiya\u00e7 duyduklar\u0131 uygulamal\u0131 deneyimi ve pratik bilgileri sa\u011flar. \u0130\u015flenen konular aras\u0131nda g\u00fcvenlik ekipman\u0131 kullan\u0131m\u0131, atmosferik testler, acil durum prosed\u00fcrleri ve tehlike azaltma stratejileri yer al\u0131r.<\/p>\n<p>Kapal\u0131 alan \u00e7al\u0131\u015fmalar\u0131nda s\u00fcrekli izlemenin, dikkatli olman\u0131n ve ekip \u00e7al\u0131\u015fmas\u0131n\u0131n \u00f6nemini de vurguluyoruz. E\u011fitimin sonunda kat\u0131l\u0131mc\u0131lar, Delik \u0130zleme G\u00f6revlisinin sorumluluklar\u0131n\u0131 \u00fcstlenmeye ve daha g\u00fcvenli bir \u00e7al\u0131\u015fma ortam\u0131na katk\u0131da bulunmaya haz\u0131r olacaklar.<\/p>\n<h2>\u0130lk Ad\u0131m\u0131 At\u0131n \u2013 \u015eimdi Kaydolun!<\/h2>\n<p>Kapal\u0131 alanlarda g\u00fcvenli\u011fin sa\u011flanmas\u0131nda Delik \u0130zleme E\u011fitiminin \u00f6nemini k\u00fc\u00e7\u00fcmsemeyin. Bug\u00fcn kapsaml\u0131 kursumuza kaydolarak kendinizi ve meslekta\u015flar\u0131n\u0131z\u0131 koruyun. Tamamland\u0131\u011f\u0131nda, g\u00fcvenlik ve risk azaltma konusundaki kararl\u0131l\u0131\u011f\u0131n\u0131z\u0131 g\u00f6steren de\u011ferli bir sertifika alacaks\u0131n\u0131z.<\/p>\n<p>E\u011fitim program\u0131m\u0131zdan faydalanan yetkin profesyonellerin aras\u0131na kat\u0131l\u0131n, kapal\u0131 alan \u00e7al\u0131\u015fma ortamlar\u0131nda fark yarat\u0131n. Daha g\u00fcvenli, daha emniyetli bir gelecek i\u00e7in hemen kaydolun!<\/p>","protected":false},"excerpt":{"rendered":"<p>Sertifikal\u0131 bir Delik G\u00f6zetleme G\u00f6revlisi olarak kapal\u0131 alan \u00e7al\u0131\u015fanlar\u0131n\u0131 korumay\u0131 \u00f6\u011frenin. E\u011fitimimiz temel bilgi ve uygulamal\u0131 becerileri sa\u011flar. Daha g\u00fcvenli bir \u00e7al\u0131\u015fma ortam\u0131 i\u00e7in hemen kaydolun!<\/p>","protected":false},"featured_media":27139,"template":"","meta":{"_et_pb_use_builder":"","_et_pb_old_content":"","_et_gb_content_width":""},"product_brand":[],"product_cat":[121,135,152,163,172],"product_tag":[],"class_list":{"0":"post-28533","1":"product","2":"type-product","3":"status-publish","4":"has-post-thumbnail","6":"product_cat-confined-space","7":"product_cat-fire","8":"product_cat-management-training","9":"product_cat-safety-admin","10":"product_cat-workplace-policies-and-procedures","12":"first","13":"instock","14":"virtual","15":"sold-individually","16":"purchasable","17":"product-type-simple"},"yoast_head":"<!-- This site is optimized with the Yoast SEO plugin v27.4 - https:\/\/yoast.com\/product\/yoast-seo-wordpress\/ -->\n<title>Hole Watch Training - Global Safety &amp; Environmental<\/title>\n<meta name=\"description\" content=\"Ensure safety in confined spaces with our Hole Watch Training program. Learn the critical role of a Hole Watch Attendant. Enroll today!\" \/>\n<meta name=\"robots\" content=\"index, follow, max-snippet:-1, max-image-preview:large, max-video-preview:-1\" \/>\n<link rel=\"canonical\" href=\"https:\/\/globaltraining.com\/tr\/urun\/delik-izleme-egitimi\/\" \/>\n<meta property=\"og:locale\" content=\"tr_TR\" \/>\n<meta property=\"og:type\" content=\"article\" \/>\n<meta property=\"og:title\" content=\"Hole Watch Training - Global Safety &amp; Environmental\" \/>\n<meta property=\"og:description\" content=\"Ensure safety in confined spaces with our Hole Watch Training program. Learn the critical role of a Hole Watch Attendant. Enroll today!\" \/>\n<meta property=\"og:url\" content=\"https:\/\/globaltraining.com\/tr\/urun\/delik-izleme-egitimi\/\" \/>\n<meta property=\"og:site_name\" content=\"Global Safety &amp; Environmental\" \/>\n<meta property=\"article:modified_time\" content=\"2024-12-09T16:22:47+00:00\" \/>\n<meta property=\"og:image\" content=\"https:\/\/globaltraining.com\/wp-content\/uploads\/2021\/09\/Yellow-Red-and-Green-Modern-Vintage-Back-to-Business-Landscape-Poster.jpg\" \/>\n\t<meta property=\"og:image:width\" content=\"1200\" \/>\n\t<meta property=\"og:image:height\" content=\"800\" \/>\n\t<meta property=\"og:image:type\" content=\"image\/jpeg\" \/>\n<meta name=\"twitter:card\" content=\"summary_large_image\" \/>\n<meta name=\"twitter:label1\" content=\"Est. reading time\" \/>\n\t<meta name=\"twitter:data1\" content=\"2 minutes\" \/>\n<script type=\"application\/ld+json\" class=\"yoast-schema-graph\">{\"@context\":\"https:\\\/\\\/schema.org\",\"@graph\":[{\"@type\":\"WebPage\",\"@id\":\"https:\\\/\\\/globaltraining.com\\\/product\\\/hole-watch-training\\\/\",\"url\":\"https:\\\/\\\/globaltraining.com\\\/product\\\/hole-watch-training\\\/\",\"name\":\"Hole Watch Training - Global Safety &amp; Environmental\",\"isPartOf\":{\"@id\":\"https:\\\/\\\/globaltraining.com\\\/#website\"},\"primaryImageOfPage\":{\"@id\":\"https:\\\/\\\/globaltraining.com\\\/product\\\/hole-watch-training\\\/#primaryimage\"},\"image\":{\"@id\":\"https:\\\/\\\/globaltraining.com\\\/product\\\/hole-watch-training\\\/#primaryimage\"},\"thumbnailUrl\":\"https:\\\/\\\/globaltraining.com\\\/wp-content\\\/uploads\\\/2021\\\/09\\\/Yellow-Red-and-Green-Modern-Vintage-Back-to-Business-Landscape-Poster.jpg\",\"datePublished\":\"2023-09-08T19:42:16+00:00\",\"dateModified\":\"2024-12-09T16:22:47+00:00\",\"description\":\"Ensure safety in confined spaces with our Hole Watch Training program. Learn the critical role of a Hole Watch Attendant. Enroll today!\",\"breadcrumb\":{\"@id\":\"https:\\\/\\\/globaltraining.com\\\/product\\\/hole-watch-training\\\/#breadcrumb\"},\"inLanguage\":\"tr-TR\",\"potentialAction\":[{\"@type\":\"ReadAction\",\"target\":[\"https:\\\/\\\/globaltraining.com\\\/product\\\/hole-watch-training\\\/\"]}]},{\"@type\":\"ImageObject\",\"inLanguage\":\"tr-TR\",\"@id\":\"https:\\\/\\\/globaltraining.com\\\/product\\\/hole-watch-training\\\/#primaryimage\",\"url\":\"https:\\\/\\\/globaltraining.com\\\/wp-content\\\/uploads\\\/2021\\\/09\\\/Yellow-Red-and-Green-Modern-Vintage-Back-to-Business-Landscape-Poster.jpg\",\"contentUrl\":\"https:\\\/\\\/globaltraining.com\\\/wp-content\\\/uploads\\\/2021\\\/09\\\/Yellow-Red-and-Green-Modern-Vintage-Back-to-Business-Landscape-Poster.jpg\",\"width\":1200,\"height\":800,\"caption\":\"Hole Watch Training\"},{\"@type\":\"BreadcrumbList\",\"@id\":\"https:\\\/\\\/globaltraining.com\\\/product\\\/hole-watch-training\\\/#breadcrumb\",\"itemListElement\":[{\"@type\":\"ListItem\",\"position\":1,\"name\":\"Home\",\"item\":\"https:\\\/\\\/globaltraining.com\\\/\"},{\"@type\":\"ListItem\",\"position\":2,\"name\":\"Productos\",\"item\":\"https:\\\/\\\/globaltraining.com\\\/es\\\/shop\\\/\"},{\"@type\":\"ListItem\",\"position\":3,\"name\":\"Hole Watch Training\"}]},{\"@type\":\"WebSite\",\"@id\":\"https:\\\/\\\/globaltraining.com\\\/#website\",\"url\":\"https:\\\/\\\/globaltraining.com\\\/\",\"name\":\"Global Safety & Environmental\",\"description\":\"Full Service Health, Safety, and Environmental Courses\",\"publisher\":{\"@id\":\"https:\\\/\\\/globaltraining.com\\\/#organization\"},\"potentialAction\":[{\"@type\":\"SearchAction\",\"target\":{\"@type\":\"EntryPoint\",\"urlTemplate\":\"https:\\\/\\\/globaltraining.com\\\/?s={search_term_string}\"},\"query-input\":{\"@type\":\"PropertyValueSpecification\",\"valueRequired\":true,\"valueName\":\"search_term_string\"}}],\"inLanguage\":\"tr-TR\"},{\"@type\":\"Organization\",\"@id\":\"https:\\\/\\\/globaltraining.com\\\/#organization\",\"name\":\"Global Safety & Environmental\",\"url\":\"https:\\\/\\\/globaltraining.com\\\/\",\"logo\":{\"@type\":\"ImageObject\",\"inLanguage\":\"tr-TR\",\"@id\":\"https:\\\/\\\/globaltraining.com\\\/#\\\/schema\\\/logo\\\/image\\\/\",\"url\":\"https:\\\/\\\/globaltraining.com\\\/wp-content\\\/uploads\\\/2021\\\/01\\\/GSE-Logo-for-email.png\",\"contentUrl\":\"https:\\\/\\\/globaltraining.com\\\/wp-content\\\/uploads\\\/2021\\\/01\\\/GSE-Logo-for-email.png\",\"width\":400,\"height\":101,\"caption\":\"Global Safety & Environmental\"},\"image\":{\"@id\":\"https:\\\/\\\/globaltraining.com\\\/#\\\/schema\\\/logo\\\/image\\\/\"}}]}<\/script>\n<!-- \/ Yoast SEO plugin. -->","yoast_head_json":{"title":"Hole Watch E\u011fitimi - K\u00fcresel G\u00fcvenlik ve \u00c7evre","description":"Hole Watch E\u011fitim program\u0131m\u0131zla kapal\u0131 alanlarda g\u00fcvenli\u011fi sa\u011flay\u0131n. Hole Watch G\u00f6revlisinin kritik rol\u00fcn\u00fc \u00f6\u011frenin. Bug\u00fcn kaydolun!","robots":{"index":"index","follow":"follow","max-snippet":"max-snippet:-1","max-image-preview":"max-image-preview:large","max-video-preview":"max-video-preview:-1"},"canonical":"https:\/\/globaltraining.com\/tr\/urun\/delik-izleme-egitimi\/","og_locale":"tr_TR","og_type":"article","og_title":"Hole Watch Training - Global Safety &amp; Environmental","og_description":"Ensure safety in confined spaces with our Hole Watch Training program. Learn the critical role of a Hole Watch Attendant. Enroll today!","og_url":"https:\/\/globaltraining.com\/tr\/urun\/delik-izleme-egitimi\/","og_site_name":"Global Safety &amp; Environmental","article_modified_time":"2024-12-09T16:22:47+00:00","og_image":[{"width":1200,"height":800,"url":"https:\/\/globaltraining.com\/wp-content\/uploads\/2021\/09\/Yellow-Red-and-Green-Modern-Vintage-Back-to-Business-Landscape-Poster.jpg","type":"image\/jpeg"}],"twitter_card":"summary_large_image","twitter_misc":{"Est. reading time":"2 minutes"},"schema":{"@context":"https:\/\/schema.org","@graph":[{"@type":"WebPage","@id":"https:\/\/globaltraining.com\/product\/hole-watch-training\/","url":"https:\/\/globaltraining.com\/product\/hole-watch-training\/","name":"Hole Watch E\u011fitimi - K\u00fcresel G\u00fcvenlik ve \u00c7evre","isPartOf":{"@id":"https:\/\/globaltraining.com\/#website"},"primaryImageOfPage":{"@id":"https:\/\/globaltraining.com\/product\/hole-watch-training\/#primaryimage"},"image":{"@id":"https:\/\/globaltraining.com\/product\/hole-watch-training\/#primaryimage"},"thumbnailUrl":"https:\/\/globaltraining.com\/wp-content\/uploads\/2021\/09\/Yellow-Red-and-Green-Modern-Vintage-Back-to-Business-Landscape-Poster.jpg","datePublished":"2023-09-08T19:42:16+00:00","dateModified":"2024-12-09T16:22:47+00:00","description":"Hole Watch E\u011fitim program\u0131m\u0131zla kapal\u0131 alanlarda g\u00fcvenli\u011fi sa\u011flay\u0131n. Hole Watch G\u00f6revlisinin kritik rol\u00fcn\u00fc \u00f6\u011frenin. Bug\u00fcn kaydolun!","breadcrumb":{"@id":"https:\/\/globaltraining.com\/product\/hole-watch-training\/#breadcrumb"},"inLanguage":"tr-TR","potentialAction":[{"@type":"ReadAction","target":["https:\/\/globaltraining.com\/product\/hole-watch-training\/"]}]},{"@type":"ImageObject","inLanguage":"tr-TR","@id":"https:\/\/globaltraining.com\/product\/hole-watch-training\/#primaryimage","url":"https:\/\/globaltraining.com\/wp-content\/uploads\/2021\/09\/Yellow-Red-and-Green-Modern-Vintage-Back-to-Business-Landscape-Poster.jpg","contentUrl":"https:\/\/globaltraining.com\/wp-content\/uploads\/2021\/09\/Yellow-Red-and-Green-Modern-Vintage-Back-to-Business-Landscape-Poster.jpg","width":1200,"height":800,"caption":"Hole Watch Training"},{"@type":"BreadcrumbList","@id":"https:\/\/globaltraining.com\/product\/hole-watch-training\/#breadcrumb","itemListElement":[{"@type":"ListItem","position":1,"name":"Home","item":"https:\/\/globaltraining.com\/"},{"@type":"ListItem","position":2,"name":"Productos","item":"https:\/\/globaltraining.com\/es\/shop\/"},{"@type":"ListItem","position":3,"name":"Hole Watch Training"}]},{"@type":"WebSite","@id":"https:\/\/globaltraining.com\/#website","url":"https:\/\/globaltraining.com\/","name":"K\u00fcresel G\u00fcvenlik ve \u00c7evre","description":"Tam Hizmet Sa\u011fl\u0131k, G\u00fcvenlik ve \u00c7evre Kurslar\u0131","publisher":{"@id":"https:\/\/globaltraining.com\/#organization"},"potentialAction":[{"@type":"SearchAction","target":{"@type":"EntryPoint","urlTemplate":"https:\/\/globaltraining.com\/?s={search_term_string}"},"query-input":{"@type":"PropertyValueSpecification","valueRequired":true,"valueName":"search_term_string"}}],"inLanguage":"tr-TR"},{"@type":"Organization","@id":"https:\/\/globaltraining.com\/#organization","name":"K\u00fcresel G\u00fcvenlik ve \u00c7evre","url":"https:\/\/globaltraining.com\/","logo":{"@type":"ImageObject","inLanguage":"tr-TR","@id":"https:\/\/globaltraining.com\/#\/schema\/logo\/image\/","url":"https:\/\/globaltraining.com\/wp-content\/uploads\/2021\/01\/GSE-Logo-for-email.png","contentUrl":"https:\/\/globaltraining.com\/wp-content\/uploads\/2021\/01\/GSE-Logo-for-email.png","width":400,"height":101,"caption":"Global Safety & Environmental"},"image":{"@id":"https:\/\/globaltraining.com\/#\/schema\/logo\/image\/"}}]}},"_links":{"self":[{"href":"https:\/\/globaltraining.com\/tr\/wp-json\/wp\/v2\/product\/28533","targetHints":{"allow":["GET"]}}],"collection":[{"href":"https:\/\/globaltraining.com\/tr\/wp-json\/wp\/v2\/product"}],"about":[{"href":"https:\/\/globaltraining.com\/tr\/wp-json\/wp\/v2\/types\/product"}],"wp:featuredmedia":[{"embeddable":true,"href":"https:\/\/globaltraining.com\/tr\/wp-json\/wp\/v2\/media\/27139"}],"wp:attachment":[{"href":"https:\/\/globaltraining.com\/tr\/wp-json\/wp\/v2\/media?parent=28533"}],"wp:term":[{"taxonomy":"product_brand","embeddable":true,"href":"https:\/\/globaltraining.com\/tr\/wp-json\/wp\/v2\/product_brand?post=28533"},{"taxonomy":"product_cat","embeddable":true,"href":"https:\/\/globaltraining.com\/tr\/wp-json\/wp\/v2\/product_cat?post=28533"},{"taxonomy":"product_tag","embeddable":true,"href":"https:\/\/globaltraining.com\/tr\/wp-json\/wp\/v2\/product_tag?post=28533"}],"curies":[{"name":"wp","href":"https:\/\/api.w.org\/{rel}","templated":true}]}}