{"id":28531,"date":"2023-09-08T14:39:12","date_gmt":"2023-09-08T19:39:12","guid":{"rendered":"https:\/\/globaltraining.com\/?post_type=product&#038;p=28531"},"modified":"2024-12-09T10:18:55","modified_gmt":"2024-12-09T16:18:55","slug":"helikopter-inis-subayi-hlo","status":"publish","type":"product","link":"https:\/\/globaltraining.com\/tr\/product\/helicopter-landing-officer-hlo\/","title":{"rendered":"Helikopter \u0130ni\u015f G\u00f6revlisi (HLO)"},"content":{"rendered":"<h2>Helikopter \u0130ni\u015f G\u00f6revlisi Olun (HLO)<\/h2>\n<p>Helikopter \u0130ni\u015f G\u00f6revlisinin (HLO) zorlu ve heyecan verici rol\u00fcnde \u00e7al\u0131\u015fmay\u0131 arzuluyorsan\u0131z, do\u011fru yere geldiniz. Kapsaml\u0131 HLO e\u011fitim program\u0131m\u0131z sizi bu \u00f6nemli pozisyonda ba\u015far\u0131l\u0131 olman\u0131z i\u00e7in gereken bilgi ve becerilerle donatacakt\u0131r.<\/p>\n<h2>HLO E\u011fitiminin \u00d6nemi<\/h2>\n<p>HLO&#039;lar, helikopterlerin a\u00e7\u0131k deniz platformlar\u0131na, gemilere ve di\u011fer yerlere g\u00fcvenli ve verimli ini\u015f ve kalk\u0131\u015f\u0131n\u0131 sa\u011flamada hayati bir rol oynamaktad\u0131r. Bir HLO&#039;nun sorumlulu\u011fu, helikopter hareketlerini y\u00f6netmeyi, pilotlar ve yer ekibiyle ileti\u015fim kurmay\u0131 ve g\u00fcvenlik protokollerine uygunlu\u011fu sa\u011flamay\u0131 i\u00e7erir. HLO e\u011fitim program\u0131m\u0131z sizi bu sorumluluklar\u0131 g\u00fcvenle ve yeterlilikle yerine getirmeye haz\u0131rlar.<\/p>\n<h2>Helikopter \u0130ni\u015f G\u00f6revlisi E\u011fitimi: Neler Beklenmeli?<\/h2>\n<p>HLO e\u011fitimimiz bu rolde ba\u015far\u0131 i\u00e7in gerekli olan \u00e7ok \u00e7e\u015fitli konular\u0131 kapsamaktad\u0131r. Helikopter t\u00fcrleri ve operasyonlar\u0131, g\u00fcvenlik prosed\u00fcrleri, ileti\u015fim protokolleri ve acil durum m\u00fcdahalesi hakk\u0131nda bilgi edineceksiniz. Deneyimli e\u011fitmenlerimiz, i\u015fin zorluklar\u0131na iyi haz\u0131rlanman\u0131z\u0131 sa\u011flamak i\u00e7in ger\u00e7ek hayattaki senaryolar ve pratik al\u0131\u015ft\u0131rmalar boyunca size rehberlik edecektir.<\/p>\n<p>HLO i\u00e7in kritik beceriler olan durumsal fark\u0131ndal\u0131\u011f\u0131n, karar vermenin ve etkili ileti\u015fimin \u00f6nemini vurguluyoruz. E\u011fitimimizle helikopter operasyonlar\u0131n\u0131 g\u00fcvenli ve verimli bir \u015fekilde y\u00f6netme g\u00fcvenini kazanacaks\u0131n\u0131z.<\/p>\n<h2>Yolculu\u011funuza HLO Olarak Bug\u00fcn Ba\u015flay\u0131n!<\/h2>\n<p>Sertifikal\u0131 Helikopter \u0130ni\u015f G\u00f6revlisi olma f\u0131rsat\u0131n\u0131 ka\u00e7\u0131rmay\u0131n. HLO e\u011fitim program\u0131m\u0131za \u015fimdi kaydolun ve havac\u0131l\u0131k ve offshore end\u00fcstrilerinde \u00f6d\u00fcllendirici bir kariyere do\u011fru ilk ad\u0131m\u0131 at\u0131n. Kursu tamamlad\u0131\u011f\u0131n\u0131zda heyecan verici i\u015f f\u0131rsatlar\u0131na kap\u0131 a\u00e7an de\u011ferli bir sertifika alacaks\u0131n\u0131z.<\/p>\n<p>E\u011fitim program\u0131m\u0131zdan yararlanan yetenekli profesyonellerin saflar\u0131na kat\u0131l\u0131n ve g\u00fcvenilir bir Helikopter \u0130ni\u015f G\u00f6revlisi olma yolculu\u011funa \u00e7\u0131k\u0131n. \u015eimdi harekete ge\u00e7in ve yeni zirvelere u\u00e7un!<\/p>","protected":false},"excerpt":{"rendered":"<p>Helikopter \u0130ni\u015f G\u00f6revlisi (HLO) e\u011fitimimizle havac\u0131l\u0131k ve offshore end\u00fcstrilerindeki kariyerinize ba\u015flay\u0131n. Temel becerileri kazan\u0131n, sertifika kazan\u0131n ve heyecan verici i\u015f f\u0131rsatlar\u0131n\u0131n kap\u0131lar\u0131n\u0131 a\u00e7\u0131n. \u00d6d\u00fcllendirici bir gelecek i\u00e7in \u015fimdi kaydolun!<\/p>","protected":false},"featured_media":27174,"template":"","meta":{"_et_pb_use_builder":"","_et_pb_old_content":"","_et_gb_content_width":""},"product_brand":[],"product_cat":[145,146,176,153,169],"product_tag":[],"class_list":{"0":"post-28531","1":"product","2":"type-product","3":"status-publish","4":"has-post-thumbnail","6":"product_cat-heavy-equipment","7":"product_cat-helicopter","8":"product_cat-marine","9":"product_cat-medical","10":"product_cat-transportation","12":"first","13":"instock","14":"virtual","15":"sold-individually","16":"purchasable","17":"product-type-simple"},"yoast_head":"<!-- This site is optimized with the Yoast SEO plugin v27.4 - https:\/\/yoast.com\/product\/yoast-seo-wordpress\/ -->\n<title>Helicopter Landing Officer (HLO) - Global Safety &amp; Environmental<\/title>\n<meta name=\"description\" content=\"Become a certified Helicopter Landing Officer (HLO) with our comprehensive HLO training program. Start your aviation career today!\" \/>\n<meta name=\"robots\" content=\"index, follow, max-snippet:-1, max-image-preview:large, max-video-preview:-1\" \/>\n<link rel=\"canonical\" href=\"https:\/\/globaltraining.com\/tr\/urun\/helikopter-inis-subayi-hlo\/\" \/>\n<meta property=\"og:locale\" content=\"tr_TR\" \/>\n<meta property=\"og:type\" content=\"article\" \/>\n<meta property=\"og:title\" content=\"Helicopter Landing Officer (HLO) - Global Safety &amp; Environmental\" \/>\n<meta property=\"og:description\" content=\"Become a certified Helicopter Landing Officer (HLO) with our comprehensive HLO training program. Start your aviation career today!\" \/>\n<meta property=\"og:url\" content=\"https:\/\/globaltraining.com\/tr\/urun\/helikopter-inis-subayi-hlo\/\" \/>\n<meta property=\"og:site_name\" content=\"Global Safety &amp; Environmental\" \/>\n<meta property=\"article:modified_time\" content=\"2024-12-09T16:18:55+00:00\" \/>\n<meta property=\"og:image\" content=\"https:\/\/globaltraining.com\/wp-content\/uploads\/2021\/08\/HLO.jpg\" \/>\n\t<meta property=\"og:image:width\" content=\"1200\" \/>\n\t<meta property=\"og:image:height\" content=\"800\" \/>\n\t<meta property=\"og:image:type\" content=\"image\/jpeg\" \/>\n<meta name=\"twitter:card\" content=\"summary_large_image\" \/>\n<meta name=\"twitter:label1\" content=\"Est. reading time\" \/>\n\t<meta name=\"twitter:data1\" content=\"2 minutes\" \/>\n<script type=\"application\/ld+json\" class=\"yoast-schema-graph\">{\"@context\":\"https:\\\/\\\/schema.org\",\"@graph\":[{\"@type\":\"WebPage\",\"@id\":\"https:\\\/\\\/globaltraining.com\\\/product\\\/helicopter-landing-officer-hlo\\\/\",\"url\":\"https:\\\/\\\/globaltraining.com\\\/product\\\/helicopter-landing-officer-hlo\\\/\",\"name\":\"Helicopter Landing Officer (HLO) - Global Safety &amp; Environmental\",\"isPartOf\":{\"@id\":\"https:\\\/\\\/globaltraining.com\\\/#website\"},\"primaryImageOfPage\":{\"@id\":\"https:\\\/\\\/globaltraining.com\\\/product\\\/helicopter-landing-officer-hlo\\\/#primaryimage\"},\"image\":{\"@id\":\"https:\\\/\\\/globaltraining.com\\\/product\\\/helicopter-landing-officer-hlo\\\/#primaryimage\"},\"thumbnailUrl\":\"https:\\\/\\\/globaltraining.com\\\/wp-content\\\/uploads\\\/2021\\\/08\\\/HLO.jpg\",\"datePublished\":\"2023-09-08T19:39:12+00:00\",\"dateModified\":\"2024-12-09T16:18:55+00:00\",\"description\":\"Become a certified Helicopter Landing Officer (HLO) with our comprehensive HLO training program. Start your aviation career today!\",\"breadcrumb\":{\"@id\":\"https:\\\/\\\/globaltraining.com\\\/product\\\/helicopter-landing-officer-hlo\\\/#breadcrumb\"},\"inLanguage\":\"tr-TR\",\"potentialAction\":[{\"@type\":\"ReadAction\",\"target\":[\"https:\\\/\\\/globaltraining.com\\\/product\\\/helicopter-landing-officer-hlo\\\/\"]}]},{\"@type\":\"ImageObject\",\"inLanguage\":\"tr-TR\",\"@id\":\"https:\\\/\\\/globaltraining.com\\\/product\\\/helicopter-landing-officer-hlo\\\/#primaryimage\",\"url\":\"https:\\\/\\\/globaltraining.com\\\/wp-content\\\/uploads\\\/2021\\\/08\\\/HLO.jpg\",\"contentUrl\":\"https:\\\/\\\/globaltraining.com\\\/wp-content\\\/uploads\\\/2021\\\/08\\\/HLO.jpg\",\"width\":1200,\"height\":800,\"caption\":\"Helicopter Landing Officer\"},{\"@type\":\"BreadcrumbList\",\"@id\":\"https:\\\/\\\/globaltraining.com\\\/product\\\/helicopter-landing-officer-hlo\\\/#breadcrumb\",\"itemListElement\":[{\"@type\":\"ListItem\",\"position\":1,\"name\":\"Home\",\"item\":\"https:\\\/\\\/globaltraining.com\\\/\"},{\"@type\":\"ListItem\",\"position\":2,\"name\":\"Productos\",\"item\":\"https:\\\/\\\/globaltraining.com\\\/es\\\/shop\\\/\"},{\"@type\":\"ListItem\",\"position\":3,\"name\":\"Helicopter Landing Officer (HLO)\"}]},{\"@type\":\"WebSite\",\"@id\":\"https:\\\/\\\/globaltraining.com\\\/#website\",\"url\":\"https:\\\/\\\/globaltraining.com\\\/\",\"name\":\"Global Safety & Environmental\",\"description\":\"Full Service Health, Safety, and Environmental Courses\",\"publisher\":{\"@id\":\"https:\\\/\\\/globaltraining.com\\\/#organization\"},\"potentialAction\":[{\"@type\":\"SearchAction\",\"target\":{\"@type\":\"EntryPoint\",\"urlTemplate\":\"https:\\\/\\\/globaltraining.com\\\/?s={search_term_string}\"},\"query-input\":{\"@type\":\"PropertyValueSpecification\",\"valueRequired\":true,\"valueName\":\"search_term_string\"}}],\"inLanguage\":\"tr-TR\"},{\"@type\":\"Organization\",\"@id\":\"https:\\\/\\\/globaltraining.com\\\/#organization\",\"name\":\"Global Safety & Environmental\",\"url\":\"https:\\\/\\\/globaltraining.com\\\/\",\"logo\":{\"@type\":\"ImageObject\",\"inLanguage\":\"tr-TR\",\"@id\":\"https:\\\/\\\/globaltraining.com\\\/#\\\/schema\\\/logo\\\/image\\\/\",\"url\":\"https:\\\/\\\/globaltraining.com\\\/wp-content\\\/uploads\\\/2021\\\/01\\\/GSE-Logo-for-email.png\",\"contentUrl\":\"https:\\\/\\\/globaltraining.com\\\/wp-content\\\/uploads\\\/2021\\\/01\\\/GSE-Logo-for-email.png\",\"width\":400,\"height\":101,\"caption\":\"Global Safety & Environmental\"},\"image\":{\"@id\":\"https:\\\/\\\/globaltraining.com\\\/#\\\/schema\\\/logo\\\/image\\\/\"}}]}<\/script>\n<!-- \/ Yoast SEO plugin. -->","yoast_head_json":{"title":"Helikopter \u0130ni\u015f G\u00f6revlisi (HLO) - K\u00fcresel G\u00fcvenlik ve \u00c7evre","description":"Kapsaml\u0131 HLO e\u011fitim program\u0131m\u0131zla sertifikal\u0131 Helikopter \u0130ni\u015f G\u00f6revlisi (HLO) olun. Havac\u0131l\u0131k kariyerinize bug\u00fcn ba\u015flay\u0131n!","robots":{"index":"index","follow":"follow","max-snippet":"max-snippet:-1","max-image-preview":"max-image-preview:large","max-video-preview":"max-video-preview:-1"},"canonical":"https:\/\/globaltraining.com\/tr\/urun\/helikopter-inis-subayi-hlo\/","og_locale":"tr_TR","og_type":"article","og_title":"Helicopter Landing Officer (HLO) - Global Safety &amp; Environmental","og_description":"Become a certified Helicopter Landing Officer (HLO) with our comprehensive HLO training program. Start your aviation career today!","og_url":"https:\/\/globaltraining.com\/tr\/urun\/helikopter-inis-subayi-hlo\/","og_site_name":"Global Safety &amp; Environmental","article_modified_time":"2024-12-09T16:18:55+00:00","og_image":[{"width":1200,"height":800,"url":"https:\/\/globaltraining.com\/wp-content\/uploads\/2021\/08\/HLO.jpg","type":"image\/jpeg"}],"twitter_card":"summary_large_image","twitter_misc":{"Est. reading time":"2 minutes"},"schema":{"@context":"https:\/\/schema.org","@graph":[{"@type":"WebPage","@id":"https:\/\/globaltraining.com\/product\/helicopter-landing-officer-hlo\/","url":"https:\/\/globaltraining.com\/product\/helicopter-landing-officer-hlo\/","name":"Helikopter \u0130ni\u015f G\u00f6revlisi (HLO) - K\u00fcresel G\u00fcvenlik ve \u00c7evre","isPartOf":{"@id":"https:\/\/globaltraining.com\/#website"},"primaryImageOfPage":{"@id":"https:\/\/globaltraining.com\/product\/helicopter-landing-officer-hlo\/#primaryimage"},"image":{"@id":"https:\/\/globaltraining.com\/product\/helicopter-landing-officer-hlo\/#primaryimage"},"thumbnailUrl":"https:\/\/globaltraining.com\/wp-content\/uploads\/2021\/08\/HLO.jpg","datePublished":"2023-09-08T19:39:12+00:00","dateModified":"2024-12-09T16:18:55+00:00","description":"Kapsaml\u0131 HLO e\u011fitim program\u0131m\u0131zla sertifikal\u0131 Helikopter \u0130ni\u015f G\u00f6revlisi (HLO) olun. Havac\u0131l\u0131k kariyerinize bug\u00fcn ba\u015flay\u0131n!","breadcrumb":{"@id":"https:\/\/globaltraining.com\/product\/helicopter-landing-officer-hlo\/#breadcrumb"},"inLanguage":"tr-TR","potentialAction":[{"@type":"ReadAction","target":["https:\/\/globaltraining.com\/product\/helicopter-landing-officer-hlo\/"]}]},{"@type":"ImageObject","inLanguage":"tr-TR","@id":"https:\/\/globaltraining.com\/product\/helicopter-landing-officer-hlo\/#primaryimage","url":"https:\/\/globaltraining.com\/wp-content\/uploads\/2021\/08\/HLO.jpg","contentUrl":"https:\/\/globaltraining.com\/wp-content\/uploads\/2021\/08\/HLO.jpg","width":1200,"height":800,"caption":"Helicopter Landing Officer"},{"@type":"BreadcrumbList","@id":"https:\/\/globaltraining.com\/product\/helicopter-landing-officer-hlo\/#breadcrumb","itemListElement":[{"@type":"ListItem","position":1,"name":"Home","item":"https:\/\/globaltraining.com\/"},{"@type":"ListItem","position":2,"name":"Productos","item":"https:\/\/globaltraining.com\/es\/shop\/"},{"@type":"ListItem","position":3,"name":"Helicopter Landing Officer (HLO)"}]},{"@type":"WebSite","@id":"https:\/\/globaltraining.com\/#website","url":"https:\/\/globaltraining.com\/","name":"K\u00fcresel G\u00fcvenlik ve \u00c7evre","description":"Tam Hizmet Sa\u011fl\u0131k, G\u00fcvenlik ve \u00c7evre Kurslar\u0131","publisher":{"@id":"https:\/\/globaltraining.com\/#organization"},"potentialAction":[{"@type":"SearchAction","target":{"@type":"EntryPoint","urlTemplate":"https:\/\/globaltraining.com\/?s={search_term_string}"},"query-input":{"@type":"PropertyValueSpecification","valueRequired":true,"valueName":"search_term_string"}}],"inLanguage":"tr-TR"},{"@type":"Organization","@id":"https:\/\/globaltraining.com\/#organization","name":"K\u00fcresel G\u00fcvenlik ve \u00c7evre","url":"https:\/\/globaltraining.com\/","logo":{"@type":"ImageObject","inLanguage":"tr-TR","@id":"https:\/\/globaltraining.com\/#\/schema\/logo\/image\/","url":"https:\/\/globaltraining.com\/wp-content\/uploads\/2021\/01\/GSE-Logo-for-email.png","contentUrl":"https:\/\/globaltraining.com\/wp-content\/uploads\/2021\/01\/GSE-Logo-for-email.png","width":400,"height":101,"caption":"Global Safety & Environmental"},"image":{"@id":"https:\/\/globaltraining.com\/#\/schema\/logo\/image\/"}}]}},"_links":{"self":[{"href":"https:\/\/globaltraining.com\/tr\/wp-json\/wp\/v2\/product\/28531","targetHints":{"allow":["GET"]}}],"collection":[{"href":"https:\/\/globaltraining.com\/tr\/wp-json\/wp\/v2\/product"}],"about":[{"href":"https:\/\/globaltraining.com\/tr\/wp-json\/wp\/v2\/types\/product"}],"wp:featuredmedia":[{"embeddable":true,"href":"https:\/\/globaltraining.com\/tr\/wp-json\/wp\/v2\/media\/27174"}],"wp:attachment":[{"href":"https:\/\/globaltraining.com\/tr\/wp-json\/wp\/v2\/media?parent=28531"}],"wp:term":[{"taxonomy":"product_brand","embeddable":true,"href":"https:\/\/globaltraining.com\/tr\/wp-json\/wp\/v2\/product_brand?post=28531"},{"taxonomy":"product_cat","embeddable":true,"href":"https:\/\/globaltraining.com\/tr\/wp-json\/wp\/v2\/product_cat?post=28531"},{"taxonomy":"product_tag","embeddable":true,"href":"https:\/\/globaltraining.com\/tr\/wp-json\/wp\/v2\/product_tag?post=28531"}],"curies":[{"name":"wp","href":"https:\/\/api.w.org\/{rel}","templated":true}]}}