{"id":28530,"date":"2023-09-08T14:38:04","date_gmt":"2023-09-08T19:38:04","guid":{"rendered":"https:\/\/globaltraining.com\/?post_type=product&#038;p=28530"},"modified":"2024-12-09T10:18:31","modified_gmt":"2024-12-09T16:18:31","slug":"isi-stresi-egitimi","status":"publish","type":"product","link":"https:\/\/globaltraining.com\/tr\/product\/heat-stress-training\/","title":{"rendered":"Is\u0131 Stresi E\u011fitimi"},"content":{"rendered":"<h2>Is\u0131 Stresi E\u011fitimi: Is\u0131y\u0131 G\u00fcvenle Yenmek<\/h2>\n<p>Is\u0131 stresi s\u0131cak ortamlarda \u00e7al\u0131\u015fanlar i\u00e7in ciddi riskler olu\u015fturabilir. Is\u0131 Stresi E\u011fitimi kursumuz, sizi \u0131s\u0131ya ba\u011fl\u0131 hastal\u0131klar\u0131 \u00f6nlemek ve g\u00fcvenli ve \u00fcretken bir \u00e7al\u0131\u015fma ortam\u0131 sa\u011flamak i\u00e7in gereken bilgi ve ara\u00e7larla donatmak i\u00e7in tasarlanm\u0131\u015ft\u0131r.<\/p>\n<h2>Is\u0131 Bitkinli\u011fi E\u011fitiminin \u00d6nemi<\/h2>\n<p>Is\u0131 bitkinli\u011fi, tedavi edilmedi\u011fi takdirde h\u0131zla artabilen, \u0131s\u0131yla ili\u015fkili yayg\u0131n bir hastal\u0131kt\u0131r. Kapsaml\u0131 e\u011fitim program\u0131m\u0131z, s\u0131cak bitkinli\u011finin belirtilerini tan\u0131man\u0131n ve derhal harekete ge\u00e7menin \u00f6nemini vurgulamaktad\u0131r. Is\u0131 bitkinli\u011fi kendini a\u015f\u0131r\u0131 terleme, halsizlik, ba\u015f d\u00f6nmesi ve mide bulant\u0131s\u0131 olarak g\u00f6sterebilir ve kursumuz size kendinizi ve ba\u015fkalar\u0131n\u0131 korumak i\u00e7in etkili bir \u015fekilde nas\u0131l tepki verece\u011finizi \u00f6\u011fretecektir.<\/p>\n<h2>Is\u0131 Bitkinli\u011finin Belirtilerini Tan\u0131ma<\/h2>\n<p>S\u0131cak bitkinli\u011finin erken tespiti, s\u0131cak \u00e7arpmas\u0131 gibi daha ciddi durumlara ilerlemesinin \u00f6nlenmesi a\u00e7\u0131s\u0131ndan \u00e7ok \u00f6nemlidir. Kursumuzda a\u015f\u0131r\u0131 terleme, serin ve nemli cilt ve zay\u0131f ama h\u0131zl\u0131 nab\u0131z gibi \u0131s\u0131 bitkinli\u011finin belirtilerini nas\u0131l tan\u0131mlayaca\u011f\u0131n\u0131z\u0131 \u00f6\u011freneceksiniz. Ayr\u0131ca s\u0131cak bitkinli\u011fi ya\u015fayan bireylere yard\u0131m sa\u011flamak ve serinlemek i\u00e7in atman\u0131z gereken ad\u0131mlar\u0131 da ele alaca\u011f\u0131z.<\/p>\n<h2>Is\u0131 Stresi E\u011fitiminin Faydalar\u0131<\/h2>\n<p>Is\u0131 Stresi E\u011fitimimize kaydolmak \u00e7ok say\u0131da avantaj sunar. Riskleri ve \u00f6nleyici tedbirleri anlayarak yaln\u0131zca kendi sa\u011fl\u0131\u011f\u0131n\u0131z\u0131 korumakla kalmayacak, ayn\u0131 zamanda daha g\u00fcvenli bir \u00e7al\u0131\u015fma ortam\u0131na da katk\u0131da bulunacaks\u0131n\u0131z. \u0130\u015fverenler daha az devams\u0131zl\u0131ktan, daha y\u00fcksek \u00fcretkenlikten ve daha d\u00fc\u015f\u00fck sa\u011fl\u0131k bak\u0131m maliyetlerinden yararlan\u0131rken, \u00e7al\u0131\u015fanlar da daha iyi refah ve i\u015f tatmininden yararlan\u0131yor.<\/p>\n<p>Kursumuz, s\u0131v\u0131 al\u0131m\u0131n\u0131n, iklimlendirmenin ve uygun k\u0131yafetlerin \u00f6nemi de dahil olmak \u00fczere \u0131s\u0131 stresinin \u00f6nlenmesi konusunda pratik rehberlik sa\u011flar. E\u011fitimimizle y\u00fcksek s\u0131cakl\u0131k ko\u015fullar\u0131nda bile rahat ve g\u00fcvenli bir \u00e7al\u0131\u015fma ortam\u0131 sa\u011flayacak bilgi ve becerilere sahip olacaks\u0131n\u0131z.<\/p>\n<h2>Serin ve G\u00fcvende Kal\u0131n \u2013 Bug\u00fcn Kaydolun!<\/h2>\n<p>S\u0131cakl\u0131\u011f\u0131n tehlikeye d\u00f6n\u00fc\u015fmesini beklemeyin. \u015eimdi Is\u0131 Stresi E\u011fitimimize kaydolun ve s\u0131cak ko\u015fullarda g\u00fcvenli ve \u00fcretken kalma yolunda ilk ad\u0131m\u0131 at\u0131n. Kursumuzu tamamlayarak i\u015fyeri g\u00fcvenli\u011fi ve \u0131s\u0131 stresini \u00f6nleme konusundaki kararl\u0131l\u0131\u011f\u0131n\u0131z\u0131 g\u00f6steren de\u011ferli bir sertifika kazanacaks\u0131n\u0131z.<\/p>","protected":false},"excerpt":{"rendered":"<p>Is\u0131 Stresi E\u011fitimimizle sa\u011fl\u0131\u011f\u0131n\u0131z\u0131 ve i\u015fyeri verimlili\u011finizi koruyun. S\u0131cakl\u0131\u011fa ba\u011fl\u0131 hastal\u0131klar\u0131 \u00f6nlemeyi \u00f6\u011frenin ve de\u011ferli bir sertifika kazan\u0131n. Daha serin, daha g\u00fcvenli bir gelecek i\u00e7in hemen kaydolun!<\/p>","protected":false},"featured_media":27181,"template":"","meta":{"_et_pb_use_builder":"","_et_pb_old_content":"","_et_gb_content_width":""},"product_brand":[],"product_cat":[174,143,156,170],"product_tag":[],"class_list":{"0":"post-28530","1":"product","2":"type-product","3":"status-publish","4":"has-post-thumbnail","6":"product_cat-environmental","7":"product_cat-health-and-safety","8":"product_cat-occupational-health-and-safety","9":"product_cat-weather","11":"first","12":"instock","13":"virtual","14":"sold-individually","15":"purchasable","16":"product-type-simple"},"yoast_head":"<!-- This site is optimized with the Yoast SEO plugin v27.4 - https:\/\/yoast.com\/product\/yoast-seo-wordpress\/ -->\n<title>Heat Stress Training - Global Safety &amp; Environmental<\/title>\n<meta name=\"description\" content=\"Protect yourself from heat stress with our comprehensive Heat Stress Training. Stay safe and productive in hot conditions.\" \/>\n<meta name=\"robots\" content=\"index, follow, max-snippet:-1, max-image-preview:large, max-video-preview:-1\" \/>\n<link rel=\"canonical\" href=\"https:\/\/globaltraining.com\/tr\/urun\/isi-stresi-egitimi\/\" \/>\n<meta property=\"og:locale\" content=\"tr_TR\" \/>\n<meta property=\"og:type\" content=\"article\" \/>\n<meta property=\"og:title\" content=\"Heat Stress Training - Global Safety &amp; Environmental\" \/>\n<meta property=\"og:description\" content=\"Protect yourself from heat stress with our comprehensive Heat Stress Training. Stay safe and productive in hot conditions.\" \/>\n<meta property=\"og:url\" content=\"https:\/\/globaltraining.com\/tr\/urun\/isi-stresi-egitimi\/\" \/>\n<meta property=\"og:site_name\" content=\"Global Safety &amp; Environmental\" \/>\n<meta property=\"article:modified_time\" content=\"2024-12-09T16:18:31+00:00\" \/>\n<meta property=\"og:image\" content=\"https:\/\/globaltraining.com\/wp-content\/uploads\/2021\/08\/heat-stress.jpg\" \/>\n\t<meta property=\"og:image:width\" content=\"1200\" \/>\n\t<meta property=\"og:image:height\" content=\"800\" \/>\n\t<meta property=\"og:image:type\" content=\"image\/jpeg\" \/>\n<meta name=\"twitter:card\" content=\"summary_large_image\" \/>\n<meta name=\"twitter:label1\" content=\"Est. reading time\" \/>\n\t<meta name=\"twitter:data1\" content=\"2 minutes\" \/>\n<script type=\"application\/ld+json\" class=\"yoast-schema-graph\">{\"@context\":\"https:\\\/\\\/schema.org\",\"@graph\":[{\"@type\":\"WebPage\",\"@id\":\"https:\\\/\\\/globaltraining.com\\\/product\\\/heat-stress-training\\\/\",\"url\":\"https:\\\/\\\/globaltraining.com\\\/product\\\/heat-stress-training\\\/\",\"name\":\"Heat Stress Training - Global Safety &amp; Environmental\",\"isPartOf\":{\"@id\":\"https:\\\/\\\/globaltraining.com\\\/#website\"},\"primaryImageOfPage\":{\"@id\":\"https:\\\/\\\/globaltraining.com\\\/product\\\/heat-stress-training\\\/#primaryimage\"},\"image\":{\"@id\":\"https:\\\/\\\/globaltraining.com\\\/product\\\/heat-stress-training\\\/#primaryimage\"},\"thumbnailUrl\":\"https:\\\/\\\/globaltraining.com\\\/wp-content\\\/uploads\\\/2021\\\/08\\\/heat-stress.jpg\",\"datePublished\":\"2023-09-08T19:38:04+00:00\",\"dateModified\":\"2024-12-09T16:18:31+00:00\",\"description\":\"Protect yourself from heat stress with our comprehensive Heat Stress Training. Stay safe and productive in hot conditions.\",\"breadcrumb\":{\"@id\":\"https:\\\/\\\/globaltraining.com\\\/product\\\/heat-stress-training\\\/#breadcrumb\"},\"inLanguage\":\"tr-TR\",\"potentialAction\":[{\"@type\":\"ReadAction\",\"target\":[\"https:\\\/\\\/globaltraining.com\\\/product\\\/heat-stress-training\\\/\"]}]},{\"@type\":\"ImageObject\",\"inLanguage\":\"tr-TR\",\"@id\":\"https:\\\/\\\/globaltraining.com\\\/product\\\/heat-stress-training\\\/#primaryimage\",\"url\":\"https:\\\/\\\/globaltraining.com\\\/wp-content\\\/uploads\\\/2021\\\/08\\\/heat-stress.jpg\",\"contentUrl\":\"https:\\\/\\\/globaltraining.com\\\/wp-content\\\/uploads\\\/2021\\\/08\\\/heat-stress.jpg\",\"width\":1200,\"height\":800,\"caption\":\"Tired stress worker sweat from hot weather in summer working in port goods cargo shipping logistic ground\"},{\"@type\":\"BreadcrumbList\",\"@id\":\"https:\\\/\\\/globaltraining.com\\\/product\\\/heat-stress-training\\\/#breadcrumb\",\"itemListElement\":[{\"@type\":\"ListItem\",\"position\":1,\"name\":\"Home\",\"item\":\"https:\\\/\\\/globaltraining.com\\\/\"},{\"@type\":\"ListItem\",\"position\":2,\"name\":\"Productos\",\"item\":\"https:\\\/\\\/globaltraining.com\\\/es\\\/shop\\\/\"},{\"@type\":\"ListItem\",\"position\":3,\"name\":\"Heat Stress Training\"}]},{\"@type\":\"WebSite\",\"@id\":\"https:\\\/\\\/globaltraining.com\\\/#website\",\"url\":\"https:\\\/\\\/globaltraining.com\\\/\",\"name\":\"Global Safety & Environmental\",\"description\":\"Full Service Health, Safety, and Environmental Courses\",\"publisher\":{\"@id\":\"https:\\\/\\\/globaltraining.com\\\/#organization\"},\"potentialAction\":[{\"@type\":\"SearchAction\",\"target\":{\"@type\":\"EntryPoint\",\"urlTemplate\":\"https:\\\/\\\/globaltraining.com\\\/?s={search_term_string}\"},\"query-input\":{\"@type\":\"PropertyValueSpecification\",\"valueRequired\":true,\"valueName\":\"search_term_string\"}}],\"inLanguage\":\"tr-TR\"},{\"@type\":\"Organization\",\"@id\":\"https:\\\/\\\/globaltraining.com\\\/#organization\",\"name\":\"Global Safety & Environmental\",\"url\":\"https:\\\/\\\/globaltraining.com\\\/\",\"logo\":{\"@type\":\"ImageObject\",\"inLanguage\":\"tr-TR\",\"@id\":\"https:\\\/\\\/globaltraining.com\\\/#\\\/schema\\\/logo\\\/image\\\/\",\"url\":\"https:\\\/\\\/globaltraining.com\\\/wp-content\\\/uploads\\\/2021\\\/01\\\/GSE-Logo-for-email.png\",\"contentUrl\":\"https:\\\/\\\/globaltraining.com\\\/wp-content\\\/uploads\\\/2021\\\/01\\\/GSE-Logo-for-email.png\",\"width\":400,\"height\":101,\"caption\":\"Global Safety & Environmental\"},\"image\":{\"@id\":\"https:\\\/\\\/globaltraining.com\\\/#\\\/schema\\\/logo\\\/image\\\/\"}}]}<\/script>\n<!-- \/ Yoast SEO plugin. -->","yoast_head_json":{"title":"Is\u0131 Stresi E\u011fitimi - K\u00fcresel G\u00fcvenlik ve \u00c7evre","description":"Kapsaml\u0131 Is\u0131 Stresi E\u011fitimimiz ile kendinizi \u0131s\u0131 stresinden koruyun. S\u0131cak ko\u015fullarda g\u00fcvende ve \u00fcretken kal\u0131n.","robots":{"index":"index","follow":"follow","max-snippet":"max-snippet:-1","max-image-preview":"max-image-preview:large","max-video-preview":"max-video-preview:-1"},"canonical":"https:\/\/globaltraining.com\/tr\/urun\/isi-stresi-egitimi\/","og_locale":"tr_TR","og_type":"article","og_title":"Heat Stress Training - Global Safety &amp; Environmental","og_description":"Protect yourself from heat stress with our comprehensive Heat Stress Training. Stay safe and productive in hot conditions.","og_url":"https:\/\/globaltraining.com\/tr\/urun\/isi-stresi-egitimi\/","og_site_name":"Global Safety &amp; Environmental","article_modified_time":"2024-12-09T16:18:31+00:00","og_image":[{"width":1200,"height":800,"url":"https:\/\/globaltraining.com\/wp-content\/uploads\/2021\/08\/heat-stress.jpg","type":"image\/jpeg"}],"twitter_card":"summary_large_image","twitter_misc":{"Est. reading time":"2 minutes"},"schema":{"@context":"https:\/\/schema.org","@graph":[{"@type":"WebPage","@id":"https:\/\/globaltraining.com\/product\/heat-stress-training\/","url":"https:\/\/globaltraining.com\/product\/heat-stress-training\/","name":"Is\u0131 Stresi E\u011fitimi - K\u00fcresel G\u00fcvenlik ve \u00c7evre","isPartOf":{"@id":"https:\/\/globaltraining.com\/#website"},"primaryImageOfPage":{"@id":"https:\/\/globaltraining.com\/product\/heat-stress-training\/#primaryimage"},"image":{"@id":"https:\/\/globaltraining.com\/product\/heat-stress-training\/#primaryimage"},"thumbnailUrl":"https:\/\/globaltraining.com\/wp-content\/uploads\/2021\/08\/heat-stress.jpg","datePublished":"2023-09-08T19:38:04+00:00","dateModified":"2024-12-09T16:18:31+00:00","description":"Kapsaml\u0131 Is\u0131 Stresi E\u011fitimimiz ile kendinizi \u0131s\u0131 stresinden koruyun. S\u0131cak ko\u015fullarda g\u00fcvende ve \u00fcretken kal\u0131n.","breadcrumb":{"@id":"https:\/\/globaltraining.com\/product\/heat-stress-training\/#breadcrumb"},"inLanguage":"tr-TR","potentialAction":[{"@type":"ReadAction","target":["https:\/\/globaltraining.com\/product\/heat-stress-training\/"]}]},{"@type":"ImageObject","inLanguage":"tr-TR","@id":"https:\/\/globaltraining.com\/product\/heat-stress-training\/#primaryimage","url":"https:\/\/globaltraining.com\/wp-content\/uploads\/2021\/08\/heat-stress.jpg","contentUrl":"https:\/\/globaltraining.com\/wp-content\/uploads\/2021\/08\/heat-stress.jpg","width":1200,"height":800,"caption":"Tired stress worker sweat from hot weather in summer working in port goods cargo shipping logistic ground"},{"@type":"BreadcrumbList","@id":"https:\/\/globaltraining.com\/product\/heat-stress-training\/#breadcrumb","itemListElement":[{"@type":"ListItem","position":1,"name":"Home","item":"https:\/\/globaltraining.com\/"},{"@type":"ListItem","position":2,"name":"Productos","item":"https:\/\/globaltraining.com\/es\/shop\/"},{"@type":"ListItem","position":3,"name":"Heat Stress Training"}]},{"@type":"WebSite","@id":"https:\/\/globaltraining.com\/#website","url":"https:\/\/globaltraining.com\/","name":"K\u00fcresel G\u00fcvenlik ve \u00c7evre","description":"Tam Hizmet Sa\u011fl\u0131k, G\u00fcvenlik ve \u00c7evre Kurslar\u0131","publisher":{"@id":"https:\/\/globaltraining.com\/#organization"},"potentialAction":[{"@type":"SearchAction","target":{"@type":"EntryPoint","urlTemplate":"https:\/\/globaltraining.com\/?s={search_term_string}"},"query-input":{"@type":"PropertyValueSpecification","valueRequired":true,"valueName":"search_term_string"}}],"inLanguage":"tr-TR"},{"@type":"Organization","@id":"https:\/\/globaltraining.com\/#organization","name":"K\u00fcresel G\u00fcvenlik ve \u00c7evre","url":"https:\/\/globaltraining.com\/","logo":{"@type":"ImageObject","inLanguage":"tr-TR","@id":"https:\/\/globaltraining.com\/#\/schema\/logo\/image\/","url":"https:\/\/globaltraining.com\/wp-content\/uploads\/2021\/01\/GSE-Logo-for-email.png","contentUrl":"https:\/\/globaltraining.com\/wp-content\/uploads\/2021\/01\/GSE-Logo-for-email.png","width":400,"height":101,"caption":"Global Safety & Environmental"},"image":{"@id":"https:\/\/globaltraining.com\/#\/schema\/logo\/image\/"}}]}},"_links":{"self":[{"href":"https:\/\/globaltraining.com\/tr\/wp-json\/wp\/v2\/product\/28530","targetHints":{"allow":["GET"]}}],"collection":[{"href":"https:\/\/globaltraining.com\/tr\/wp-json\/wp\/v2\/product"}],"about":[{"href":"https:\/\/globaltraining.com\/tr\/wp-json\/wp\/v2\/types\/product"}],"wp:featuredmedia":[{"embeddable":true,"href":"https:\/\/globaltraining.com\/tr\/wp-json\/wp\/v2\/media\/27181"}],"wp:attachment":[{"href":"https:\/\/globaltraining.com\/tr\/wp-json\/wp\/v2\/media?parent=28530"}],"wp:term":[{"taxonomy":"product_brand","embeddable":true,"href":"https:\/\/globaltraining.com\/tr\/wp-json\/wp\/v2\/product_brand?post=28530"},{"taxonomy":"product_cat","embeddable":true,"href":"https:\/\/globaltraining.com\/tr\/wp-json\/wp\/v2\/product_cat?post=28530"},{"taxonomy":"product_tag","embeddable":true,"href":"https:\/\/globaltraining.com\/tr\/wp-json\/wp\/v2\/product_tag?post=28530"}],"curies":[{"name":"wp","href":"https:\/\/api.w.org\/{rel}","templated":true}]}}