{"id":28529,"date":"2023-09-08T14:37:17","date_gmt":"2023-09-08T19:37:17","guid":{"rendered":"https:\/\/globaltraining.com\/?post_type=product&#038;p=28529"},"modified":"2024-12-09T10:17:38","modified_gmt":"2024-12-09T16:17:38","slug":"isi-hastaligi-onleme-egitimi","status":"publish","type":"product","link":"https:\/\/globaltraining.com\/tr\/product\/heat-illness-prevention-training\/","title":{"rendered":"Is\u0131 Hastal\u0131\u011f\u0131ndan Korunma E\u011fitimi"},"content":{"rendered":"<h2>Is\u0131 Hastal\u0131klar\u0131n\u0131 \u00d6nleme E\u011fitimi: S\u0131cakta G\u00fcvende Kal\u0131n<\/h2>\n<p>Is\u0131 hastal\u0131\u011f\u0131, \u00f6zellikle s\u0131cak ortamlarda \u00e7al\u0131\u015fanlar i\u00e7in ciddi ve hatta ya\u015fam\u0131 tehdit eden bir durum olabilir. Is\u0131 Hastal\u0131klar\u0131n\u0131 \u00d6nleme E\u011fitimimiz, kendinizi ve ba\u015fkalar\u0131n\u0131 a\u015f\u0131r\u0131 \u0131s\u0131ya maruz kalman\u0131n tehlikelerinden korumak i\u00e7in gerekli bilgi ve becerilerle donatmak \u00fczere tasarlanm\u0131\u015ft\u0131r.<\/p>\n<h2>Is\u0131 G\u00fcvenli\u011fi E\u011fitimi Neden \u00d6nemlidir?<\/h2>\n<p>Is\u0131 g\u00fcvenli\u011fi e\u011fitimi, a\u00e7\u0131k havada veya s\u0131cak kapal\u0131 ortamlarda \u00e7al\u0131\u015fan herkes i\u00e7in gereklidir. S\u0131cakl\u0131klar artt\u0131k\u00e7a, s\u0131cak \u00e7arpmas\u0131, s\u0131cak bitkinli\u011fi ve s\u0131cak kramplar\u0131 gibi \u0131s\u0131ya ba\u011fl\u0131 hastal\u0131klar\u0131n riski daha da belirgin hale gelir. E\u011fitim program\u0131m\u0131z, s\u0131ca\u011fa ba\u011fl\u0131 hastal\u0131klar\u0131n belirtilerini tan\u0131man\u0131n ve g\u00fcvende kalmak i\u00e7in \u00f6nleyici tedbirler alman\u0131n \u00f6nemini vurgulamaktad\u0131r.<\/p>\n<h2>S\u0131cak \u00c7arpmas\u0131 Nas\u0131l \u00d6nlenir?<\/h2>\n<p>S\u0131cakl\u0131\u011fa ba\u011fl\u0131 en ciddi hastal\u0131klardan biri, zaman\u0131nda tedavi edilmezse \u00f6l\u00fcmc\u00fcl olabilen s\u0131cak \u00e7arpmas\u0131d\u0131r. Kursumuzda y\u00fcksek v\u00fccut \u0131s\u0131s\u0131, bilin\u00e7 bulan\u0131kl\u0131\u011f\u0131 ve h\u0131zl\u0131 nab\u0131z gibi s\u0131cak \u00e7arpmas\u0131n\u0131n erken belirtilerini nas\u0131l tan\u0131mlayaca\u011f\u0131n\u0131z\u0131 \u00f6\u011freneceksiniz. Ayr\u0131ca, siz veya bir i\u015f arkada\u015f\u0131n\u0131z bu semptomlar\u0131 ya\u015farsan\u0131z, derhal serinleme ve t\u0131bbi yard\u0131m istemek de dahil olmak \u00fczere atman\u0131z gereken ad\u0131mlar\u0131 da \u00f6\u011fretece\u011fiz.<\/p>\n<p>Ayr\u0131ca e\u011fitimimiz susuz kalmamak, g\u00f6lgede d\u00fczenli molalar vermek ve uygun k\u0131yafetler giymek gibi \u00f6nleyici tedbirleri de kapsamaktad\u0131r. S\u0131cak \u00e7arpmas\u0131n\u0131 nas\u0131l \u00f6nleyece\u011finizi anlad\u0131\u011f\u0131n\u0131zda, s\u0131cak ko\u015fullarda g\u00fcvenli bir \u015fekilde \u00e7al\u0131\u015fmaya daha haz\u0131rl\u0131kl\u0131 olursunuz.<\/p>\n<h2>Is\u0131 Hastal\u0131\u011f\u0131n\u0131 \u00d6nleme E\u011fitiminin Faydalar\u0131<\/h2>\n<p>Is\u0131 Hastal\u0131\u011f\u0131n\u0131 \u00d6nleme E\u011fitimimize kaydolmak \u00e7ok say\u0131da avantaj sunar. Sadece \u0131s\u0131ya ba\u011fl\u0131 hastal\u0131k riskini azaltmakla kalmayacak, ayn\u0131 zamanda i\u015fyeri g\u00fcvenli\u011fini ve \u00fcretkenli\u011fini de art\u0131racaks\u0131n\u0131z. \u0130\u015fverenler daha sa\u011fl\u0131kl\u0131 ve verimli bir i\u015f g\u00fcc\u00fcnden faydalan\u0131rken, \u00e7al\u0131\u015fanlar daha g\u00fcvenli bir \u00e7al\u0131\u015fma ortam\u0131ndan ve daha iyi bir refahtan yararlan\u0131r.<\/p>\n<p>Kursumuz, iklimlendirmenin \u00f6nemi, risk fakt\u00f6rlerinin tan\u0131nmas\u0131 ve bir \u0131s\u0131 g\u00fcvenli\u011fi plan\u0131 olu\u015fturulmas\u0131 da dahil olmak \u00fczere \u0131s\u0131 g\u00fcvenli\u011fi konusunda pratik rehberlik sa\u011flar. E\u011fitimimizle kendinizi ve i\u015f arkada\u015flar\u0131n\u0131z\u0131 \u0131s\u0131dan kaynaklanan tehlikelerden koruyacak bilgi ve becerilere sahip olacaks\u0131n\u0131z.<\/p>\n<h2>Serin ve G\u00fcvende Kal\u0131n \u2013 Bug\u00fcn Kaydolun!<\/h2>\n<p>S\u0131cakl\u0131\u011f\u0131n tehlikeye d\u00f6n\u00fc\u015fmesini beklemeyin. Is\u0131 Hastal\u0131klar\u0131n\u0131 \u00d6nleme E\u011fitimimize hemen kaydolun ve s\u0131cak havalarda g\u00fcvenli ve sa\u011fl\u0131kl\u0131 kalman\u0131n ilk ad\u0131m\u0131n\u0131 at\u0131n. Kursumuzu tamamlayarak i\u015fyeri g\u00fcvenli\u011fi ve \u0131s\u0131 kaynakl\u0131 hastal\u0131klar\u0131 \u00f6nleme konusundaki kararl\u0131l\u0131\u011f\u0131n\u0131z\u0131 g\u00f6steren de\u011ferli bir sertifika kazanacaks\u0131n\u0131z.<\/p>\n<p>E\u011fitim program\u0131m\u0131zdan yararlanan profesyonellerin aras\u0131na kat\u0131l\u0131n, serin ve g\u00fcvenli bir gelecek sa\u011flay\u0131n. \u015eimdi harekete ge\u00e7in!<\/p>","protected":false},"excerpt":{"rendered":"<p>Is\u0131 Hastal\u0131\u011f\u0131n\u0131 \u00d6nleme E\u011fitimimizle sa\u011fl\u0131\u011f\u0131n\u0131z\u0131 ve i\u015fyeri verimlili\u011finizi koruyun. S\u0131cakl\u0131\u011fa ba\u011fl\u0131 hastal\u0131klar\u0131 \u00f6nlemeyi \u00f6\u011frenin ve de\u011ferli bir sertifika kazan\u0131n. Daha g\u00fcvenli, daha serin bir gelecek i\u00e7in hemen kaydolun!<\/p>","protected":false},"featured_media":27045,"template":"","meta":{"_et_pb_use_builder":"","_et_pb_old_content":"","_et_gb_content_width":""},"product_brand":[],"product_cat":[174,143,152,160,172],"product_tag":[],"class_list":{"0":"post-28529","1":"product","2":"type-product","3":"status-publish","4":"has-post-thumbnail","6":"product_cat-environmental","7":"product_cat-health-and-safety","8":"product_cat-management-training","9":"product_cat-ppe","10":"product_cat-workplace-policies-and-procedures","12":"first","13":"instock","14":"virtual","15":"sold-individually","16":"purchasable","17":"product-type-simple"},"yoast_head":"<!-- This site is optimized with the Yoast SEO plugin v27.4 - https:\/\/yoast.com\/product\/yoast-seo-wordpress\/ -->\n<title>Heat Illness Prevention Training - Global Safety &amp; Environmental<\/title>\n<meta name=\"description\" content=\"Protect yourself from heat illness with our comprehensive Heat Illness Prevention Training. Stay safe in hot conditions.\" \/>\n<meta name=\"robots\" content=\"index, follow, max-snippet:-1, max-image-preview:large, max-video-preview:-1\" \/>\n<link rel=\"canonical\" href=\"https:\/\/globaltraining.com\/tr\/urun\/isi-hastaligi-onleme-egitimi\/\" \/>\n<meta property=\"og:locale\" content=\"tr_TR\" \/>\n<meta property=\"og:type\" content=\"article\" \/>\n<meta property=\"og:title\" content=\"Heat Illness Prevention Training - Global Safety &amp; Environmental\" \/>\n<meta property=\"og:description\" content=\"Protect yourself from heat illness with our comprehensive Heat Illness Prevention Training. Stay safe in hot conditions.\" \/>\n<meta property=\"og:url\" content=\"https:\/\/globaltraining.com\/tr\/urun\/isi-hastaligi-onleme-egitimi\/\" \/>\n<meta property=\"og:site_name\" content=\"Global Safety &amp; Environmental\" \/>\n<meta property=\"article:modified_time\" content=\"2024-12-09T16:17:38+00:00\" \/>\n<meta property=\"og:image\" content=\"https:\/\/globaltraining.com\/wp-content\/uploads\/2022\/07\/Untitled-design-4.jpg\" \/>\n\t<meta property=\"og:image:width\" content=\"1200\" \/>\n\t<meta property=\"og:image:height\" content=\"800\" \/>\n\t<meta property=\"og:image:type\" content=\"image\/jpeg\" \/>\n<meta name=\"twitter:card\" content=\"summary_large_image\" \/>\n<meta name=\"twitter:label1\" content=\"Est. reading time\" \/>\n\t<meta name=\"twitter:data1\" content=\"2 minutes\" \/>\n<script type=\"application\/ld+json\" class=\"yoast-schema-graph\">{\"@context\":\"https:\\\/\\\/schema.org\",\"@graph\":[{\"@type\":\"WebPage\",\"@id\":\"https:\\\/\\\/globaltraining.com\\\/product\\\/heat-illness-prevention-training\\\/\",\"url\":\"https:\\\/\\\/globaltraining.com\\\/product\\\/heat-illness-prevention-training\\\/\",\"name\":\"Heat Illness Prevention Training - Global Safety &amp; Environmental\",\"isPartOf\":{\"@id\":\"https:\\\/\\\/globaltraining.com\\\/#website\"},\"primaryImageOfPage\":{\"@id\":\"https:\\\/\\\/globaltraining.com\\\/product\\\/heat-illness-prevention-training\\\/#primaryimage\"},\"image\":{\"@id\":\"https:\\\/\\\/globaltraining.com\\\/product\\\/heat-illness-prevention-training\\\/#primaryimage\"},\"thumbnailUrl\":\"https:\\\/\\\/globaltraining.com\\\/wp-content\\\/uploads\\\/2022\\\/07\\\/Untitled-design-4.jpg\",\"datePublished\":\"2023-09-08T19:37:17+00:00\",\"dateModified\":\"2024-12-09T16:17:38+00:00\",\"description\":\"Protect yourself from heat illness with our comprehensive Heat Illness Prevention Training. Stay safe in hot conditions.\",\"breadcrumb\":{\"@id\":\"https:\\\/\\\/globaltraining.com\\\/product\\\/heat-illness-prevention-training\\\/#breadcrumb\"},\"inLanguage\":\"tr-TR\",\"potentialAction\":[{\"@type\":\"ReadAction\",\"target\":[\"https:\\\/\\\/globaltraining.com\\\/product\\\/heat-illness-prevention-training\\\/\"]}]},{\"@type\":\"ImageObject\",\"inLanguage\":\"tr-TR\",\"@id\":\"https:\\\/\\\/globaltraining.com\\\/product\\\/heat-illness-prevention-training\\\/#primaryimage\",\"url\":\"https:\\\/\\\/globaltraining.com\\\/wp-content\\\/uploads\\\/2022\\\/07\\\/Untitled-design-4.jpg\",\"contentUrl\":\"https:\\\/\\\/globaltraining.com\\\/wp-content\\\/uploads\\\/2022\\\/07\\\/Untitled-design-4.jpg\",\"width\":1200,\"height\":800,\"caption\":\"Heat Illness Prevention Training\"},{\"@type\":\"BreadcrumbList\",\"@id\":\"https:\\\/\\\/globaltraining.com\\\/product\\\/heat-illness-prevention-training\\\/#breadcrumb\",\"itemListElement\":[{\"@type\":\"ListItem\",\"position\":1,\"name\":\"Home\",\"item\":\"https:\\\/\\\/globaltraining.com\\\/\"},{\"@type\":\"ListItem\",\"position\":2,\"name\":\"Productos\",\"item\":\"https:\\\/\\\/globaltraining.com\\\/es\\\/shop\\\/\"},{\"@type\":\"ListItem\",\"position\":3,\"name\":\"Heat Illness Prevention Training\"}]},{\"@type\":\"WebSite\",\"@id\":\"https:\\\/\\\/globaltraining.com\\\/#website\",\"url\":\"https:\\\/\\\/globaltraining.com\\\/\",\"name\":\"Global Safety & Environmental\",\"description\":\"Full Service Health, Safety, and Environmental Courses\",\"publisher\":{\"@id\":\"https:\\\/\\\/globaltraining.com\\\/#organization\"},\"potentialAction\":[{\"@type\":\"SearchAction\",\"target\":{\"@type\":\"EntryPoint\",\"urlTemplate\":\"https:\\\/\\\/globaltraining.com\\\/?s={search_term_string}\"},\"query-input\":{\"@type\":\"PropertyValueSpecification\",\"valueRequired\":true,\"valueName\":\"search_term_string\"}}],\"inLanguage\":\"tr-TR\"},{\"@type\":\"Organization\",\"@id\":\"https:\\\/\\\/globaltraining.com\\\/#organization\",\"name\":\"Global Safety & Environmental\",\"url\":\"https:\\\/\\\/globaltraining.com\\\/\",\"logo\":{\"@type\":\"ImageObject\",\"inLanguage\":\"tr-TR\",\"@id\":\"https:\\\/\\\/globaltraining.com\\\/#\\\/schema\\\/logo\\\/image\\\/\",\"url\":\"https:\\\/\\\/globaltraining.com\\\/wp-content\\\/uploads\\\/2021\\\/01\\\/GSE-Logo-for-email.png\",\"contentUrl\":\"https:\\\/\\\/globaltraining.com\\\/wp-content\\\/uploads\\\/2021\\\/01\\\/GSE-Logo-for-email.png\",\"width\":400,\"height\":101,\"caption\":\"Global Safety & Environmental\"},\"image\":{\"@id\":\"https:\\\/\\\/globaltraining.com\\\/#\\\/schema\\\/logo\\\/image\\\/\"}}]}<\/script>\n<!-- \/ Yoast SEO plugin. -->","yoast_head_json":{"title":"Is\u0131 Hastal\u0131\u011f\u0131 \u00d6nleme E\u011fitimi - K\u00fcresel G\u00fcvenlik ve \u00c7evre","description":"Kapsaml\u0131 Is\u0131 Hastal\u0131\u011f\u0131 \u00d6nleme E\u011fitimimiz ile kendinizi \u0131s\u0131 hastal\u0131klar\u0131ndan koruyun. S\u0131cak ko\u015fullarda g\u00fcvende kal\u0131n.","robots":{"index":"index","follow":"follow","max-snippet":"max-snippet:-1","max-image-preview":"max-image-preview:large","max-video-preview":"max-video-preview:-1"},"canonical":"https:\/\/globaltraining.com\/tr\/urun\/isi-hastaligi-onleme-egitimi\/","og_locale":"tr_TR","og_type":"article","og_title":"Heat Illness Prevention Training - Global Safety &amp; Environmental","og_description":"Protect yourself from heat illness with our comprehensive Heat Illness Prevention Training. Stay safe in hot conditions.","og_url":"https:\/\/globaltraining.com\/tr\/urun\/isi-hastaligi-onleme-egitimi\/","og_site_name":"Global Safety &amp; Environmental","article_modified_time":"2024-12-09T16:17:38+00:00","og_image":[{"width":1200,"height":800,"url":"https:\/\/globaltraining.com\/wp-content\/uploads\/2022\/07\/Untitled-design-4.jpg","type":"image\/jpeg"}],"twitter_card":"summary_large_image","twitter_misc":{"Est. reading time":"2 minutes"},"schema":{"@context":"https:\/\/schema.org","@graph":[{"@type":"WebPage","@id":"https:\/\/globaltraining.com\/product\/heat-illness-prevention-training\/","url":"https:\/\/globaltraining.com\/product\/heat-illness-prevention-training\/","name":"Is\u0131 Hastal\u0131\u011f\u0131 \u00d6nleme E\u011fitimi - K\u00fcresel G\u00fcvenlik ve \u00c7evre","isPartOf":{"@id":"https:\/\/globaltraining.com\/#website"},"primaryImageOfPage":{"@id":"https:\/\/globaltraining.com\/product\/heat-illness-prevention-training\/#primaryimage"},"image":{"@id":"https:\/\/globaltraining.com\/product\/heat-illness-prevention-training\/#primaryimage"},"thumbnailUrl":"https:\/\/globaltraining.com\/wp-content\/uploads\/2022\/07\/Untitled-design-4.jpg","datePublished":"2023-09-08T19:37:17+00:00","dateModified":"2024-12-09T16:17:38+00:00","description":"Kapsaml\u0131 Is\u0131 Hastal\u0131\u011f\u0131 \u00d6nleme E\u011fitimimiz ile kendinizi \u0131s\u0131 hastal\u0131klar\u0131ndan koruyun. S\u0131cak ko\u015fullarda g\u00fcvende kal\u0131n.","breadcrumb":{"@id":"https:\/\/globaltraining.com\/product\/heat-illness-prevention-training\/#breadcrumb"},"inLanguage":"tr-TR","potentialAction":[{"@type":"ReadAction","target":["https:\/\/globaltraining.com\/product\/heat-illness-prevention-training\/"]}]},{"@type":"ImageObject","inLanguage":"tr-TR","@id":"https:\/\/globaltraining.com\/product\/heat-illness-prevention-training\/#primaryimage","url":"https:\/\/globaltraining.com\/wp-content\/uploads\/2022\/07\/Untitled-design-4.jpg","contentUrl":"https:\/\/globaltraining.com\/wp-content\/uploads\/2022\/07\/Untitled-design-4.jpg","width":1200,"height":800,"caption":"Heat Illness Prevention Training"},{"@type":"BreadcrumbList","@id":"https:\/\/globaltraining.com\/product\/heat-illness-prevention-training\/#breadcrumb","itemListElement":[{"@type":"ListItem","position":1,"name":"Home","item":"https:\/\/globaltraining.com\/"},{"@type":"ListItem","position":2,"name":"Productos","item":"https:\/\/globaltraining.com\/es\/shop\/"},{"@type":"ListItem","position":3,"name":"Heat Illness Prevention Training"}]},{"@type":"WebSite","@id":"https:\/\/globaltraining.com\/#website","url":"https:\/\/globaltraining.com\/","name":"K\u00fcresel G\u00fcvenlik ve \u00c7evre","description":"Tam Hizmet Sa\u011fl\u0131k, G\u00fcvenlik ve \u00c7evre Kurslar\u0131","publisher":{"@id":"https:\/\/globaltraining.com\/#organization"},"potentialAction":[{"@type":"SearchAction","target":{"@type":"EntryPoint","urlTemplate":"https:\/\/globaltraining.com\/?s={search_term_string}"},"query-input":{"@type":"PropertyValueSpecification","valueRequired":true,"valueName":"search_term_string"}}],"inLanguage":"tr-TR"},{"@type":"Organization","@id":"https:\/\/globaltraining.com\/#organization","name":"K\u00fcresel G\u00fcvenlik ve \u00c7evre","url":"https:\/\/globaltraining.com\/","logo":{"@type":"ImageObject","inLanguage":"tr-TR","@id":"https:\/\/globaltraining.com\/#\/schema\/logo\/image\/","url":"https:\/\/globaltraining.com\/wp-content\/uploads\/2021\/01\/GSE-Logo-for-email.png","contentUrl":"https:\/\/globaltraining.com\/wp-content\/uploads\/2021\/01\/GSE-Logo-for-email.png","width":400,"height":101,"caption":"Global Safety & Environmental"},"image":{"@id":"https:\/\/globaltraining.com\/#\/schema\/logo\/image\/"}}]}},"_links":{"self":[{"href":"https:\/\/globaltraining.com\/tr\/wp-json\/wp\/v2\/product\/28529","targetHints":{"allow":["GET"]}}],"collection":[{"href":"https:\/\/globaltraining.com\/tr\/wp-json\/wp\/v2\/product"}],"about":[{"href":"https:\/\/globaltraining.com\/tr\/wp-json\/wp\/v2\/types\/product"}],"wp:featuredmedia":[{"embeddable":true,"href":"https:\/\/globaltraining.com\/tr\/wp-json\/wp\/v2\/media\/27045"}],"wp:attachment":[{"href":"https:\/\/globaltraining.com\/tr\/wp-json\/wp\/v2\/media?parent=28529"}],"wp:term":[{"taxonomy":"product_brand","embeddable":true,"href":"https:\/\/globaltraining.com\/tr\/wp-json\/wp\/v2\/product_brand?post=28529"},{"taxonomy":"product_cat","embeddable":true,"href":"https:\/\/globaltraining.com\/tr\/wp-json\/wp\/v2\/product_cat?post=28529"},{"taxonomy":"product_tag","embeddable":true,"href":"https:\/\/globaltraining.com\/tr\/wp-json\/wp\/v2\/product_tag?post=28529"}],"curies":[{"name":"wp","href":"https:\/\/api.w.org\/{rel}","templated":true}]}}