{"id":28528,"date":"2023-09-08T14:35:43","date_gmt":"2023-09-08T19:35:43","guid":{"rendered":"https:\/\/globaltraining.com\/?post_type=product&#038;p=28528"},"modified":"2024-12-09T10:17:25","modified_gmt":"2024-12-09T16:17:25","slug":"isitme-koruma-egitimi","status":"publish","type":"product","link":"https:\/\/globaltraining.com\/tr\/product\/hearing-conservation-training\/","title":{"rendered":"\u0130\u015fitmenin Korunmas\u0131 E\u011fitimi"},"content":{"rendered":"<h2>\u0130\u015fitmeyi Koruma E\u011fitimi: \u0130\u015fitme Sa\u011fl\u0131\u011f\u0131n\u0131z\u0131 Korumak<\/h2>\n<p>G\u00fcr\u00fclt\u00fcl\u00fc i\u015fyerlerinde i\u015fitme sa\u011fl\u0131\u011f\u0131n\u0131z\u0131 koruman\u0131n \u00f6neminin fark\u0131nda m\u0131s\u0131n\u0131z? \u0130\u015fitme Koruma E\u011fitimimiz, sizi i\u015fitme duyunuzu korumak ve d\u00fczenlemelere uymak i\u00e7in gereken bilgi ve becerilerle donatmak \u00fczere tasarlanm\u0131\u015ft\u0131r. \u0130\u015fitme koruma program\u0131n\u0131n riskleri, \u00f6nleme tedbirleri ve faydalar\u0131 hakk\u0131nda bilgi edinin.<\/p>\n<h2>\u0130\u015fitme Koruma Program\u0131 \u0130htiyac\u0131<\/h2>\n<p>Y\u00fcksek g\u00fcr\u00fclt\u00fc seviyesine sahip end\u00fcstrilerde \u0130\u015fitme Koruma Program\u0131, i\u015fyeri g\u00fcvenli\u011finin hayati bir bile\u015fenidir. G\u00fcr\u00fclt\u00fcye ba\u011fl\u0131 i\u015fitme kayb\u0131 \u00f6nemli bir endi\u015fe kayna\u011f\u0131d\u0131r ve i\u015fverenlerin bunu \u00f6nlemek i\u00e7in proaktif \u00f6nlemler almas\u0131 gerekir. E\u011fitimimiz, d\u00fczenli g\u00fcr\u00fclt\u00fc de\u011ferlendirmelerini, koruyucu ekipman kullan\u0131m\u0131n\u0131 ve g\u00fcvenli uygulamalara ili\u015fkin e\u011fitimi i\u00e7eren kapsaml\u0131 bir \u0130\u015fitme Koruma Program\u0131n\u0131n \u00f6nemini vurgulamaktad\u0131r.<\/p>\n<h2>\u0130\u015fitmenin Korunmas\u0131n\u0131 Anlamak<\/h2>\n<p>\u0130\u015fitme korumas\u0131, kulak t\u0131kac\u0131 veya kulakl\u0131k takman\u0131n \u00f6tesine ge\u00e7er. \u0130\u015fitme sa\u011fl\u0131\u011f\u0131n\u0131 korumaya y\u00f6nelik b\u00fct\u00fcnsel bir yakla\u015f\u0131md\u0131r. Kursumuz i\u015fitme bilimini, i\u015fitme kayb\u0131n\u0131n nedenlerini ve bunun hayat\u0131n\u0131z ve kariyeriniz \u00fczerindeki etkisini ara\u015ft\u0131r\u0131r. \u0130\u015fitmeyi koruman\u0131n temellerini anlayarak kendinizi ve meslekta\u015flar\u0131n\u0131z\u0131 korumaya daha haz\u0131rl\u0131kl\u0131 olacaks\u0131n\u0131z.<\/p>\n<h2>\u0130\u015fitme Koruma E\u011fitiminin Faydalar\u0131<\/h2>\n<p>\u0130\u015fitme koruma e\u011fitimine yat\u0131r\u0131m yapmak \u00e7ok say\u0131da avantaj sunar. Yaln\u0131zca i\u015fitme hasar\u0131 riskini azaltmakla kalmaz, ayn\u0131 zamanda i\u015fyeri g\u00fcvenli\u011fini ve uyumlulu\u011funu da art\u0131r\u0131r. \u0130\u015fverenler sorumlulu\u011fun azalmas\u0131ndan ve \u00e7al\u0131\u015fan refah\u0131n\u0131n artmas\u0131ndan yararlan\u0131rken, \u00e7al\u0131\u015fanlar daha sa\u011fl\u0131kl\u0131 bir \u00e7al\u0131\u015fma ortam\u0131ndan ve artan i\u015f tatmininden yararlan\u0131r.<\/p>\n<p>Kursumuz g\u00fcr\u00fclt\u00fc kontrol\u00fc \u00f6nlemleri, i\u015fitme koruma cihazlar\u0131n\u0131n do\u011fru kullan\u0131m\u0131 ve d\u00fczenli i\u015fitme de\u011ferlendirmelerinin \u00f6nemi hakk\u0131nda uygulanabilir bilgiler sa\u011flar. E\u011fitimimizle etkili bir \u0130\u015fitme Koruma Program\u0131n\u0131 uygulamak ve s\u00fcrd\u00fcrmek i\u00e7in gerekli becerileri kazanacaks\u0131n\u0131z.<\/p>\n<h2>\u0130\u015fitme Sa\u011fl\u0131\u011f\u0131n\u0131z\u0131n Kontrol\u00fcn\u00fc Bug\u00fcn Elinize Al\u0131n!<\/h2>\n<p>\u0130\u015fitme koruma konusunu ele almak i\u00e7in \u00e7ok ge\u00e7 olmas\u0131n\u0131 beklemeyin. \u0130\u015fitme Koruma E\u011fitimimize hemen kaydolun ve i\u015fitme duyunuzu korumak ve kariyerinizi ilerletmek i\u00e7in bir yolculu\u011fa \u00e7\u0131k\u0131n. Kursumuzu tamamlayarak i\u015fyeri g\u00fcvenli\u011fi ve i\u015fitme sa\u011fl\u0131\u011f\u0131na olan ba\u011fl\u0131l\u0131\u011f\u0131n\u0131z\u0131 g\u00f6steren de\u011ferli bir sertifika alacaks\u0131n\u0131z.<\/p>\n<p>E\u011fitim program\u0131m\u0131zdan yararlanan binlerce profesyonele kat\u0131l\u0131n, sa\u011fl\u0131kl\u0131 ve g\u00fcvenli bir gelecek sa\u011flay\u0131n. Bug\u00fcn harekete ge\u00e7in!<\/p>","protected":false},"excerpt":{"rendered":"<p>\u0130\u015fitme Koruma E\u011fitimimizle kariyerinizi geli\u015ftirin ve i\u015fitme duyunuzu koruyun. Daha g\u00fcvenli bir i\u015f yeri yaratmak i\u00e7in uzmanl\u0131k kazan\u0131n ve de\u011ferli bir sertifika al\u0131n. \u015eimdi kay\u0131t!<\/p>","protected":false},"featured_media":27202,"template":"","meta":{"_et_pb_use_builder":"","_et_pb_old_content":"","_et_gb_content_width":""},"product_brand":[],"product_cat":[143,144,156,159,160],"product_tag":[],"class_list":{"0":"post-28528","1":"product","2":"type-product","3":"status-publish","4":"has-post-thumbnail","6":"product_cat-health-and-safety","7":"product_cat-hearing","8":"product_cat-occupational-health-and-safety","9":"product_cat-osha","10":"product_cat-ppe","12":"first","13":"instock","14":"virtual","15":"sold-individually","16":"purchasable","17":"product-type-simple"},"yoast_head":"<!-- This site is optimized with the Yoast SEO plugin v27.3 - https:\/\/yoast.com\/product\/yoast-seo-wordpress\/ -->\n<title>Hearing Conservation Training - Global Safety &amp; Environmental<\/title>\n<meta name=\"description\" content=\"Discover the importance of hearing conservation training. Protect your hearing health with our comprehensive program.\" \/>\n<meta name=\"robots\" content=\"index, follow, max-snippet:-1, max-image-preview:large, max-video-preview:-1\" \/>\n<link rel=\"canonical\" href=\"https:\/\/globaltraining.com\/tr\/urun\/isitme-koruma-egitimi\/\" \/>\n<meta property=\"og:locale\" content=\"tr_TR\" \/>\n<meta property=\"og:type\" content=\"article\" \/>\n<meta property=\"og:title\" content=\"Hearing Conservation Training - Global Safety &amp; Environmental\" \/>\n<meta property=\"og:description\" content=\"Discover the importance of hearing conservation training. Protect your hearing health with our comprehensive program.\" \/>\n<meta property=\"og:url\" content=\"https:\/\/globaltraining.com\/tr\/urun\/isitme-koruma-egitimi\/\" \/>\n<meta property=\"og:site_name\" content=\"Global Safety &amp; Environmental\" \/>\n<meta property=\"article:modified_time\" content=\"2024-12-09T16:17:25+00:00\" \/>\n<meta property=\"og:image\" content=\"https:\/\/globaltraining.com\/wp-content\/uploads\/2021\/08\/hearing.jpg\" \/>\n\t<meta property=\"og:image:width\" content=\"1200\" \/>\n\t<meta property=\"og:image:height\" content=\"800\" \/>\n\t<meta property=\"og:image:type\" content=\"image\/jpeg\" \/>\n<meta name=\"twitter:card\" content=\"summary_large_image\" \/>\n<meta name=\"twitter:label1\" content=\"Est. reading time\" \/>\n\t<meta name=\"twitter:data1\" content=\"2 minutes\" \/>\n<script type=\"application\/ld+json\" class=\"yoast-schema-graph\">{\"@context\":\"https:\\\/\\\/schema.org\",\"@graph\":[{\"@type\":\"WebPage\",\"@id\":\"https:\\\/\\\/globaltraining.com\\\/product\\\/hearing-conservation-training\\\/\",\"url\":\"https:\\\/\\\/globaltraining.com\\\/product\\\/hearing-conservation-training\\\/\",\"name\":\"Hearing Conservation Training - Global Safety &amp; Environmental\",\"isPartOf\":{\"@id\":\"https:\\\/\\\/globaltraining.com\\\/#website\"},\"primaryImageOfPage\":{\"@id\":\"https:\\\/\\\/globaltraining.com\\\/product\\\/hearing-conservation-training\\\/#primaryimage\"},\"image\":{\"@id\":\"https:\\\/\\\/globaltraining.com\\\/product\\\/hearing-conservation-training\\\/#primaryimage\"},\"thumbnailUrl\":\"https:\\\/\\\/globaltraining.com\\\/wp-content\\\/uploads\\\/2021\\\/08\\\/hearing.jpg\",\"datePublished\":\"2023-09-08T19:35:43+00:00\",\"dateModified\":\"2024-12-09T16:17:25+00:00\",\"description\":\"Discover the importance of hearing conservation training. Protect your hearing health with our comprehensive program.\",\"breadcrumb\":{\"@id\":\"https:\\\/\\\/globaltraining.com\\\/product\\\/hearing-conservation-training\\\/#breadcrumb\"},\"inLanguage\":\"tr-TR\",\"potentialAction\":[{\"@type\":\"ReadAction\",\"target\":[\"https:\\\/\\\/globaltraining.com\\\/product\\\/hearing-conservation-training\\\/\"]}]},{\"@type\":\"ImageObject\",\"inLanguage\":\"tr-TR\",\"@id\":\"https:\\\/\\\/globaltraining.com\\\/product\\\/hearing-conservation-training\\\/#primaryimage\",\"url\":\"https:\\\/\\\/globaltraining.com\\\/wp-content\\\/uploads\\\/2021\\\/08\\\/hearing.jpg\",\"contentUrl\":\"https:\\\/\\\/globaltraining.com\\\/wp-content\\\/uploads\\\/2021\\\/08\\\/hearing.jpg\",\"width\":1200,\"height\":800,\"caption\":\"Hearing Conservation Training\"},{\"@type\":\"BreadcrumbList\",\"@id\":\"https:\\\/\\\/globaltraining.com\\\/product\\\/hearing-conservation-training\\\/#breadcrumb\",\"itemListElement\":[{\"@type\":\"ListItem\",\"position\":1,\"name\":\"Home\",\"item\":\"https:\\\/\\\/globaltraining.com\\\/\"},{\"@type\":\"ListItem\",\"position\":2,\"name\":\"Productos\",\"item\":\"https:\\\/\\\/globaltraining.com\\\/es\\\/shop\\\/\"},{\"@type\":\"ListItem\",\"position\":3,\"name\":\"Hearing Conservation Training\"}]},{\"@type\":\"WebSite\",\"@id\":\"https:\\\/\\\/globaltraining.com\\\/#website\",\"url\":\"https:\\\/\\\/globaltraining.com\\\/\",\"name\":\"Global Safety & Environmental\",\"description\":\"Full Service Health, Safety, and Environmental Courses\",\"publisher\":{\"@id\":\"https:\\\/\\\/globaltraining.com\\\/#organization\"},\"potentialAction\":[{\"@type\":\"SearchAction\",\"target\":{\"@type\":\"EntryPoint\",\"urlTemplate\":\"https:\\\/\\\/globaltraining.com\\\/?s={search_term_string}\"},\"query-input\":{\"@type\":\"PropertyValueSpecification\",\"valueRequired\":true,\"valueName\":\"search_term_string\"}}],\"inLanguage\":\"tr-TR\"},{\"@type\":\"Organization\",\"@id\":\"https:\\\/\\\/globaltraining.com\\\/#organization\",\"name\":\"Global Safety & Environmental\",\"url\":\"https:\\\/\\\/globaltraining.com\\\/\",\"logo\":{\"@type\":\"ImageObject\",\"inLanguage\":\"tr-TR\",\"@id\":\"https:\\\/\\\/globaltraining.com\\\/#\\\/schema\\\/logo\\\/image\\\/\",\"url\":\"https:\\\/\\\/globaltraining.com\\\/wp-content\\\/uploads\\\/2021\\\/01\\\/GSE-Logo-for-email.png\",\"contentUrl\":\"https:\\\/\\\/globaltraining.com\\\/wp-content\\\/uploads\\\/2021\\\/01\\\/GSE-Logo-for-email.png\",\"width\":400,\"height\":101,\"caption\":\"Global Safety & Environmental\"},\"image\":{\"@id\":\"https:\\\/\\\/globaltraining.com\\\/#\\\/schema\\\/logo\\\/image\\\/\"}}]}<\/script>\n<!-- \/ Yoast SEO plugin. -->","yoast_head_json":{"title":"\u0130\u015fitme Koruma E\u011fitimi - K\u00fcresel G\u00fcvenlik ve \u00c7evre","description":"\u0130\u015fitme koruma e\u011fitiminin \u00f6nemini ke\u015ffedin. Kapsaml\u0131 program\u0131m\u0131zla i\u015fitme sa\u011fl\u0131\u011f\u0131n\u0131z\u0131 koruyun.","robots":{"index":"index","follow":"follow","max-snippet":"max-snippet:-1","max-image-preview":"max-image-preview:large","max-video-preview":"max-video-preview:-1"},"canonical":"https:\/\/globaltraining.com\/tr\/urun\/isitme-koruma-egitimi\/","og_locale":"tr_TR","og_type":"article","og_title":"Hearing Conservation Training - Global Safety &amp; Environmental","og_description":"Discover the importance of hearing conservation training. Protect your hearing health with our comprehensive program.","og_url":"https:\/\/globaltraining.com\/tr\/urun\/isitme-koruma-egitimi\/","og_site_name":"Global Safety &amp; Environmental","article_modified_time":"2024-12-09T16:17:25+00:00","og_image":[{"width":1200,"height":800,"url":"https:\/\/globaltraining.com\/wp-content\/uploads\/2021\/08\/hearing.jpg","type":"image\/jpeg"}],"twitter_card":"summary_large_image","twitter_misc":{"Est. reading time":"2 minutes"},"schema":{"@context":"https:\/\/schema.org","@graph":[{"@type":"WebPage","@id":"https:\/\/globaltraining.com\/product\/hearing-conservation-training\/","url":"https:\/\/globaltraining.com\/product\/hearing-conservation-training\/","name":"\u0130\u015fitme Koruma E\u011fitimi - K\u00fcresel G\u00fcvenlik ve \u00c7evre","isPartOf":{"@id":"https:\/\/globaltraining.com\/#website"},"primaryImageOfPage":{"@id":"https:\/\/globaltraining.com\/product\/hearing-conservation-training\/#primaryimage"},"image":{"@id":"https:\/\/globaltraining.com\/product\/hearing-conservation-training\/#primaryimage"},"thumbnailUrl":"https:\/\/globaltraining.com\/wp-content\/uploads\/2021\/08\/hearing.jpg","datePublished":"2023-09-08T19:35:43+00:00","dateModified":"2024-12-09T16:17:25+00:00","description":"\u0130\u015fitme koruma e\u011fitiminin \u00f6nemini ke\u015ffedin. Kapsaml\u0131 program\u0131m\u0131zla i\u015fitme sa\u011fl\u0131\u011f\u0131n\u0131z\u0131 koruyun.","breadcrumb":{"@id":"https:\/\/globaltraining.com\/product\/hearing-conservation-training\/#breadcrumb"},"inLanguage":"tr-TR","potentialAction":[{"@type":"ReadAction","target":["https:\/\/globaltraining.com\/product\/hearing-conservation-training\/"]}]},{"@type":"ImageObject","inLanguage":"tr-TR","@id":"https:\/\/globaltraining.com\/product\/hearing-conservation-training\/#primaryimage","url":"https:\/\/globaltraining.com\/wp-content\/uploads\/2021\/08\/hearing.jpg","contentUrl":"https:\/\/globaltraining.com\/wp-content\/uploads\/2021\/08\/hearing.jpg","width":1200,"height":800,"caption":"Hearing Conservation Training"},{"@type":"BreadcrumbList","@id":"https:\/\/globaltraining.com\/product\/hearing-conservation-training\/#breadcrumb","itemListElement":[{"@type":"ListItem","position":1,"name":"Home","item":"https:\/\/globaltraining.com\/"},{"@type":"ListItem","position":2,"name":"Productos","item":"https:\/\/globaltraining.com\/es\/shop\/"},{"@type":"ListItem","position":3,"name":"Hearing Conservation Training"}]},{"@type":"WebSite","@id":"https:\/\/globaltraining.com\/#website","url":"https:\/\/globaltraining.com\/","name":"K\u00fcresel G\u00fcvenlik ve \u00c7evre","description":"Tam Hizmet Sa\u011fl\u0131k, G\u00fcvenlik ve \u00c7evre Kurslar\u0131","publisher":{"@id":"https:\/\/globaltraining.com\/#organization"},"potentialAction":[{"@type":"SearchAction","target":{"@type":"EntryPoint","urlTemplate":"https:\/\/globaltraining.com\/?s={search_term_string}"},"query-input":{"@type":"PropertyValueSpecification","valueRequired":true,"valueName":"search_term_string"}}],"inLanguage":"tr-TR"},{"@type":"Organization","@id":"https:\/\/globaltraining.com\/#organization","name":"K\u00fcresel G\u00fcvenlik ve \u00c7evre","url":"https:\/\/globaltraining.com\/","logo":{"@type":"ImageObject","inLanguage":"tr-TR","@id":"https:\/\/globaltraining.com\/#\/schema\/logo\/image\/","url":"https:\/\/globaltraining.com\/wp-content\/uploads\/2021\/01\/GSE-Logo-for-email.png","contentUrl":"https:\/\/globaltraining.com\/wp-content\/uploads\/2021\/01\/GSE-Logo-for-email.png","width":400,"height":101,"caption":"Global Safety & Environmental"},"image":{"@id":"https:\/\/globaltraining.com\/#\/schema\/logo\/image\/"}}]}},"_links":{"self":[{"href":"https:\/\/globaltraining.com\/tr\/wp-json\/wp\/v2\/product\/28528","targetHints":{"allow":["GET"]}}],"collection":[{"href":"https:\/\/globaltraining.com\/tr\/wp-json\/wp\/v2\/product"}],"about":[{"href":"https:\/\/globaltraining.com\/tr\/wp-json\/wp\/v2\/types\/product"}],"wp:featuredmedia":[{"embeddable":true,"href":"https:\/\/globaltraining.com\/tr\/wp-json\/wp\/v2\/media\/27202"}],"wp:attachment":[{"href":"https:\/\/globaltraining.com\/tr\/wp-json\/wp\/v2\/media?parent=28528"}],"wp:term":[{"taxonomy":"product_brand","embeddable":true,"href":"https:\/\/globaltraining.com\/tr\/wp-json\/wp\/v2\/product_brand?post=28528"},{"taxonomy":"product_cat","embeddable":true,"href":"https:\/\/globaltraining.com\/tr\/wp-json\/wp\/v2\/product_cat?post=28528"},{"taxonomy":"product_tag","embeddable":true,"href":"https:\/\/globaltraining.com\/tr\/wp-json\/wp\/v2\/product_tag?post=28528"}],"curies":[{"name":"wp","href":"https:\/\/api.w.org\/{rel}","templated":true}]}}