{"id":28527,"date":"2023-09-08T14:34:03","date_gmt":"2023-09-08T19:34:03","guid":{"rendered":"https:\/\/globaltraining.com\/?post_type=product&#038;p=28527"},"modified":"2024-12-09T10:11:33","modified_gmt":"2024-12-09T16:11:33","slug":"hazwoper","status":"publish","type":"product","link":"https:\/\/globaltraining.com\/tr\/product\/hazwoper\/","title":{"rendered":"HAZWOPER"},"content":{"rendered":"<h2>Hazwoper nedir?<\/h2>\n<p>Tehlikeli At\u0131k Operasyonlar\u0131 ve Acil Durum M\u00fcdahalesi&#039;nin k\u0131saltmas\u0131 olan Hazwoper, tehlikeli maddelerin bulundu\u011fu ortamlarda \u00e7al\u0131\u015fan ki\u015filer i\u00e7in \u00e7ok \u00f6nemli bir e\u011fitim program\u0131d\u0131r. Bu kapsaml\u0131 e\u011fitim, \u00e7al\u0131\u015fanlar\u0131 tehlikeli maddeleri g\u00fcvenli ve etkili bir \u015fekilde kullanmak i\u00e7in gereken bilgi ve becerilerle donat\u0131r.<\/p>\n<h2>E\u011fitimin \u00d6nemi<\/h2>\n<p>Tehlikeli At\u0131k Operasyonlar\u0131 ve Acil Durum M\u00fcdahale e\u011fitimi, i\u015fyerinde tehlikeli maddelere maruz kalan herkes i\u00e7in zorunludur. Yaln\u0131zca \u00e7al\u0131\u015fanlar\u0131n g\u00fcvenli\u011fini sa\u011flamakla kalmaz, ayn\u0131 zamanda \u00e7evreyi ve \u00e7evredeki topluluklar\u0131 da korur. Hazwoper e\u011fitimi ile bireyler potansiyel tehlikeleri tespit edebilir, acil durumlara m\u00fcdahale edebilir ve ciddi sonu\u00e7lara yol a\u00e7abilecek kazalar\u0131 \u00f6nleyebilir.<\/p>\n<h2>Hazwoper \u00c7evrimi\u00e7i E\u011fitiminin Faydalar\u0131<\/h2>\n<p>\u00c7o\u011fu ki\u015fi i\u00e7in \u00e7evrimi\u00e7i e\u011fitimin rahatl\u0131\u011f\u0131 oyunun kurallar\u0131n\u0131 de\u011fi\u015ftiriyor. \u00c7evrimi\u00e7i e\u011fitim esneklik sunarak kendi h\u0131z\u0131n\u0131zda ve kendi program\u0131n\u0131za g\u00f6re \u00f6\u011frenmenize olanak tan\u0131r. Bu eri\u015filebilirlik \u00f6zellikle me\u015fgul profesyoneller veya tam zamanl\u0131 \u00e7al\u0131\u015f\u0131rken becerilerini geli\u015ftirmek isteyenler i\u00e7in faydal\u0131d\u0131r.<\/p>\n<p>\u00c7evrimi\u00e7i Hazwoper kurslar\u0131, tehlikeli at\u0131k operasyonlar\u0131 ve acil durum m\u00fcdahale prosed\u00fcrlerine ili\u015fkin anlay\u0131\u015f\u0131n\u0131z\u0131 g\u00fc\u00e7lendirmek i\u00e7in etkile\u015fimli mod\u00fcller, testler ve ger\u00e7ek hayat senaryolar\u0131 sa\u011flar. Ayr\u0131ca kurs materyallerine internet ba\u011flant\u0131s\u0131 olan her yerden eri\u015febilmeniz, onu uzaktan \u00f6\u011frenenler i\u00e7in ideal bir se\u00e7im haline getiriyor.<\/p>\n<h2>Hazwoper E\u011fitimi: G\u00fcvenli\u011fe Giden Yolunuz<\/h2>\n<p>Hazwoper e\u011fitimine yat\u0131r\u0131m yapmak daha emniyetli ve emniyetli bir \u00e7al\u0131\u015fma ortam\u0131na do\u011fru at\u0131lm\u0131\u015f bir ad\u0131md\u0131r. \u00c7evrimi\u00e7i e\u011fitimimize kaydolarak, tehlikeli at\u0131k operasyonlar\u0131nda ve acil durum m\u00fcdahalesinde ba\u015far\u0131l\u0131 olmak i\u00e7in gereken bilgi ve sertifikay\u0131 kazanman\u0131n kapsaml\u0131 ve eri\u015filebilir bir yolunu se\u00e7mi\u015f olursunuz.<\/p>\n<p>Uzman e\u011fitmenlerimiz bu kursun inceliklerini size anlatarak d\u00fczenlemeleri, g\u00fcvenlik protokollerini ve en iyi uygulamalar\u0131 anlaman\u0131z\u0131 sa\u011flayacakt\u0131r. \u0130ster kariyerinize yeni ba\u015fl\u0131yor olun ister niteliklerinizi geli\u015ftirmek istiyor olun, Hazwoper e\u011fitimi yeni f\u0131rsatlar\u0131n kap\u0131lar\u0131n\u0131 a\u00e7an de\u011ferli bir varl\u0131kt\u0131r.<\/p>\n<h2>Ba\u015flamaya haz\u0131r m\u0131s\u0131n?<\/h2>\n<p>\u0130\u015f yerinizde g\u00fcvenli\u011fe ve uyumlulu\u011fa \u00f6ncelik vermek i\u00e7in daha fazla beklemeyin. Hazwoper \u00e7evrimi\u00e7i e\u011fitimimize bug\u00fcn kaydolun ve sertifikal\u0131 bir Hazwoper profesyoneli olma yolunda ilk ad\u0131m\u0131 at\u0131n. Esnek \u00e7evrimi\u00e7i kurslar\u0131m\u0131z sayesinde mevcut taahh\u00fctlerinizi dengelerken sertifikan\u0131z\u0131 alabilirsiniz.<\/p>\n<p>Tehlikeli At\u0131k Operasyonlar\u0131 ve Acil Durum M\u00fcdahale e\u011fitim program\u0131m\u0131zdan yararlanan binlerce profesyonele kat\u0131l\u0131n ve kariyerinizi ve \u00e7evreyi koruyacak bir yolculu\u011fa \u00e7\u0131k\u0131n. \u015eimdi ba\u015fla!<\/p>","protected":false},"excerpt":{"rendered":"<p>What is Hazwoper? Hazwoper, short for Hazardous Waste Operations and Emergency Response, is a crucial training program for individuals working in environments where hazardous materials are present. This comprehensive training equips workers with the knowledge and skills needed to handle hazardous substances safely and effectively. The Importance of Training Hazardous Waste Operations and Emergency Response [&hellip;]<\/p>\n","protected":false},"featured_media":15356,"template":"","meta":{"_et_pb_use_builder":"","_et_pb_old_content":"","_et_gb_content_width":""},"product_brand":[],"product_cat":[141,142,143,156,160],"product_tag":[],"class_list":{"0":"post-28527","1":"product","2":"type-product","3":"status-publish","4":"has-post-thumbnail","6":"product_cat-hazardous-materials","7":"product_cat-hazwoper","8":"product_cat-health-and-safety","9":"product_cat-occupational-health-and-safety","10":"product_cat-ppe","12":"first","13":"instock","14":"virtual","15":"sold-individually","16":"purchasable","17":"product-type-simple"},"yoast_head":"<!-- This site is optimized with the Yoast SEO plugin v27.4 - https:\/\/yoast.com\/product\/yoast-seo-wordpress\/ -->\n<title>HAZWOPER - Global Safety &amp; Environmental<\/title>\n<meta name=\"description\" content=\"Enhance workplace safety with Hazwoper training. Our online courses ensure compliance and certification for hazardous waste operations.\" \/>\n<meta name=\"robots\" content=\"index, follow, max-snippet:-1, max-image-preview:large, max-video-preview:-1\" \/>\n<link rel=\"canonical\" href=\"https:\/\/globaltraining.com\/tr\/urun\/hazwoper\/\" \/>\n<meta property=\"og:locale\" content=\"tr_TR\" \/>\n<meta property=\"og:type\" content=\"article\" \/>\n<meta property=\"og:title\" content=\"HAZWOPER - Global Safety &amp; Environmental\" \/>\n<meta property=\"og:description\" content=\"Enhance workplace safety with Hazwoper training. Our online courses ensure compliance and certification for hazardous waste operations.\" \/>\n<meta property=\"og:url\" content=\"https:\/\/globaltraining.com\/tr\/urun\/hazwoper\/\" \/>\n<meta property=\"og:site_name\" content=\"Global Safety &amp; Environmental\" \/>\n<meta property=\"article:modified_time\" content=\"2024-12-09T16:11:33+00:00\" \/>\n<meta property=\"og:image\" content=\"https:\/\/globaltraining.com\/wp-content\/uploads\/2023\/06\/HAZWOPER-2-1.jpg\" \/>\n\t<meta property=\"og:image:width\" content=\"1200\" \/>\n\t<meta property=\"og:image:height\" content=\"800\" \/>\n\t<meta property=\"og:image:type\" content=\"image\/jpeg\" \/>\n<meta name=\"twitter:card\" content=\"summary_large_image\" \/>\n<meta name=\"twitter:label1\" content=\"Est. reading time\" \/>\n\t<meta name=\"twitter:data1\" content=\"2 minutes\" \/>\n<script type=\"application\/ld+json\" class=\"yoast-schema-graph\">{\"@context\":\"https:\\\/\\\/schema.org\",\"@graph\":[{\"@type\":\"WebPage\",\"@id\":\"https:\\\/\\\/globaltraining.com\\\/product\\\/hazwoper\\\/\",\"url\":\"https:\\\/\\\/globaltraining.com\\\/product\\\/hazwoper\\\/\",\"name\":\"HAZWOPER - Global Safety &amp; Environmental\",\"isPartOf\":{\"@id\":\"https:\\\/\\\/globaltraining.com\\\/#website\"},\"primaryImageOfPage\":{\"@id\":\"https:\\\/\\\/globaltraining.com\\\/product\\\/hazwoper\\\/#primaryimage\"},\"image\":{\"@id\":\"https:\\\/\\\/globaltraining.com\\\/product\\\/hazwoper\\\/#primaryimage\"},\"thumbnailUrl\":\"https:\\\/\\\/globaltraining.com\\\/wp-content\\\/uploads\\\/2023\\\/06\\\/HAZWOPER-2-1.jpg\",\"datePublished\":\"2023-09-08T19:34:03+00:00\",\"dateModified\":\"2024-12-09T16:11:33+00:00\",\"description\":\"Enhance workplace safety with Hazwoper training. Our online courses ensure compliance and certification for hazardous waste operations.\",\"breadcrumb\":{\"@id\":\"https:\\\/\\\/globaltraining.com\\\/product\\\/hazwoper\\\/#breadcrumb\"},\"inLanguage\":\"tr-TR\",\"potentialAction\":[{\"@type\":\"ReadAction\",\"target\":[\"https:\\\/\\\/globaltraining.com\\\/product\\\/hazwoper\\\/\"]}]},{\"@type\":\"ImageObject\",\"inLanguage\":\"tr-TR\",\"@id\":\"https:\\\/\\\/globaltraining.com\\\/product\\\/hazwoper\\\/#primaryimage\",\"url\":\"https:\\\/\\\/globaltraining.com\\\/wp-content\\\/uploads\\\/2023\\\/06\\\/HAZWOPER-2-1.jpg\",\"contentUrl\":\"https:\\\/\\\/globaltraining.com\\\/wp-content\\\/uploads\\\/2023\\\/06\\\/HAZWOPER-2-1.jpg\",\"width\":1200,\"height\":800,\"caption\":\"Hazwoper\"},{\"@type\":\"BreadcrumbList\",\"@id\":\"https:\\\/\\\/globaltraining.com\\\/product\\\/hazwoper\\\/#breadcrumb\",\"itemListElement\":[{\"@type\":\"ListItem\",\"position\":1,\"name\":\"Home\",\"item\":\"https:\\\/\\\/globaltraining.com\\\/\"},{\"@type\":\"ListItem\",\"position\":2,\"name\":\"Productos\",\"item\":\"https:\\\/\\\/globaltraining.com\\\/es\\\/shop\\\/\"},{\"@type\":\"ListItem\",\"position\":3,\"name\":\"HAZWOPER\"}]},{\"@type\":\"WebSite\",\"@id\":\"https:\\\/\\\/globaltraining.com\\\/#website\",\"url\":\"https:\\\/\\\/globaltraining.com\\\/\",\"name\":\"Global Safety & Environmental\",\"description\":\"Full Service Health, Safety, and Environmental Courses\",\"publisher\":{\"@id\":\"https:\\\/\\\/globaltraining.com\\\/#organization\"},\"potentialAction\":[{\"@type\":\"SearchAction\",\"target\":{\"@type\":\"EntryPoint\",\"urlTemplate\":\"https:\\\/\\\/globaltraining.com\\\/?s={search_term_string}\"},\"query-input\":{\"@type\":\"PropertyValueSpecification\",\"valueRequired\":true,\"valueName\":\"search_term_string\"}}],\"inLanguage\":\"tr-TR\"},{\"@type\":\"Organization\",\"@id\":\"https:\\\/\\\/globaltraining.com\\\/#organization\",\"name\":\"Global Safety & Environmental\",\"url\":\"https:\\\/\\\/globaltraining.com\\\/\",\"logo\":{\"@type\":\"ImageObject\",\"inLanguage\":\"tr-TR\",\"@id\":\"https:\\\/\\\/globaltraining.com\\\/#\\\/schema\\\/logo\\\/image\\\/\",\"url\":\"https:\\\/\\\/globaltraining.com\\\/wp-content\\\/uploads\\\/2021\\\/01\\\/GSE-Logo-for-email.png\",\"contentUrl\":\"https:\\\/\\\/globaltraining.com\\\/wp-content\\\/uploads\\\/2021\\\/01\\\/GSE-Logo-for-email.png\",\"width\":400,\"height\":101,\"caption\":\"Global Safety & Environmental\"},\"image\":{\"@id\":\"https:\\\/\\\/globaltraining.com\\\/#\\\/schema\\\/logo\\\/image\\\/\"}}]}<\/script>\n<!-- \/ Yoast SEO plugin. -->","yoast_head_json":{"title":"HAZWOPER - K\u00fcresel G\u00fcvenlik ve \u00c7evre","description":"Hazwoper e\u011fitimiyle i\u015fyeri g\u00fcvenli\u011fini art\u0131r\u0131n. \u00c7evrimi\u00e7i kurslar\u0131m\u0131z tehlikeli at\u0131k operasyonlar\u0131 i\u00e7in uyumlulu\u011fu ve sertifikasyonu garanti eder.","robots":{"index":"index","follow":"follow","max-snippet":"max-snippet:-1","max-image-preview":"max-image-preview:large","max-video-preview":"max-video-preview:-1"},"canonical":"https:\/\/globaltraining.com\/tr\/urun\/hazwoper\/","og_locale":"tr_TR","og_type":"article","og_title":"HAZWOPER - Global Safety &amp; Environmental","og_description":"Enhance workplace safety with Hazwoper training. Our online courses ensure compliance and certification for hazardous waste operations.","og_url":"https:\/\/globaltraining.com\/tr\/urun\/hazwoper\/","og_site_name":"Global Safety &amp; Environmental","article_modified_time":"2024-12-09T16:11:33+00:00","og_image":[{"width":1200,"height":800,"url":"https:\/\/globaltraining.com\/wp-content\/uploads\/2023\/06\/HAZWOPER-2-1.jpg","type":"image\/jpeg"}],"twitter_card":"summary_large_image","twitter_misc":{"Est. reading time":"2 minutes"},"schema":{"@context":"https:\/\/schema.org","@graph":[{"@type":"WebPage","@id":"https:\/\/globaltraining.com\/product\/hazwoper\/","url":"https:\/\/globaltraining.com\/product\/hazwoper\/","name":"HAZWOPER - K\u00fcresel G\u00fcvenlik ve \u00c7evre","isPartOf":{"@id":"https:\/\/globaltraining.com\/#website"},"primaryImageOfPage":{"@id":"https:\/\/globaltraining.com\/product\/hazwoper\/#primaryimage"},"image":{"@id":"https:\/\/globaltraining.com\/product\/hazwoper\/#primaryimage"},"thumbnailUrl":"https:\/\/globaltraining.com\/wp-content\/uploads\/2023\/06\/HAZWOPER-2-1.jpg","datePublished":"2023-09-08T19:34:03+00:00","dateModified":"2024-12-09T16:11:33+00:00","description":"Hazwoper e\u011fitimiyle i\u015fyeri g\u00fcvenli\u011fini art\u0131r\u0131n. \u00c7evrimi\u00e7i kurslar\u0131m\u0131z tehlikeli at\u0131k operasyonlar\u0131 i\u00e7in uyumlulu\u011fu ve sertifikasyonu garanti eder.","breadcrumb":{"@id":"https:\/\/globaltraining.com\/product\/hazwoper\/#breadcrumb"},"inLanguage":"tr-TR","potentialAction":[{"@type":"ReadAction","target":["https:\/\/globaltraining.com\/product\/hazwoper\/"]}]},{"@type":"ImageObject","inLanguage":"tr-TR","@id":"https:\/\/globaltraining.com\/product\/hazwoper\/#primaryimage","url":"https:\/\/globaltraining.com\/wp-content\/uploads\/2023\/06\/HAZWOPER-2-1.jpg","contentUrl":"https:\/\/globaltraining.com\/wp-content\/uploads\/2023\/06\/HAZWOPER-2-1.jpg","width":1200,"height":800,"caption":"Hazwoper"},{"@type":"BreadcrumbList","@id":"https:\/\/globaltraining.com\/product\/hazwoper\/#breadcrumb","itemListElement":[{"@type":"ListItem","position":1,"name":"Home","item":"https:\/\/globaltraining.com\/"},{"@type":"ListItem","position":2,"name":"Productos","item":"https:\/\/globaltraining.com\/es\/shop\/"},{"@type":"ListItem","position":3,"name":"HAZWOPER"}]},{"@type":"WebSite","@id":"https:\/\/globaltraining.com\/#website","url":"https:\/\/globaltraining.com\/","name":"K\u00fcresel G\u00fcvenlik ve \u00c7evre","description":"Tam Hizmet Sa\u011fl\u0131k, G\u00fcvenlik ve \u00c7evre Kurslar\u0131","publisher":{"@id":"https:\/\/globaltraining.com\/#organization"},"potentialAction":[{"@type":"SearchAction","target":{"@type":"EntryPoint","urlTemplate":"https:\/\/globaltraining.com\/?s={search_term_string}"},"query-input":{"@type":"PropertyValueSpecification","valueRequired":true,"valueName":"search_term_string"}}],"inLanguage":"tr-TR"},{"@type":"Organization","@id":"https:\/\/globaltraining.com\/#organization","name":"K\u00fcresel G\u00fcvenlik ve \u00c7evre","url":"https:\/\/globaltraining.com\/","logo":{"@type":"ImageObject","inLanguage":"tr-TR","@id":"https:\/\/globaltraining.com\/#\/schema\/logo\/image\/","url":"https:\/\/globaltraining.com\/wp-content\/uploads\/2021\/01\/GSE-Logo-for-email.png","contentUrl":"https:\/\/globaltraining.com\/wp-content\/uploads\/2021\/01\/GSE-Logo-for-email.png","width":400,"height":101,"caption":"Global Safety & Environmental"},"image":{"@id":"https:\/\/globaltraining.com\/#\/schema\/logo\/image\/"}}]}},"_links":{"self":[{"href":"https:\/\/globaltraining.com\/tr\/wp-json\/wp\/v2\/product\/28527","targetHints":{"allow":["GET"]}}],"collection":[{"href":"https:\/\/globaltraining.com\/tr\/wp-json\/wp\/v2\/product"}],"about":[{"href":"https:\/\/globaltraining.com\/tr\/wp-json\/wp\/v2\/types\/product"}],"wp:featuredmedia":[{"embeddable":true,"href":"https:\/\/globaltraining.com\/tr\/wp-json\/wp\/v2\/media\/15356"}],"wp:attachment":[{"href":"https:\/\/globaltraining.com\/tr\/wp-json\/wp\/v2\/media?parent=28527"}],"wp:term":[{"taxonomy":"product_brand","embeddable":true,"href":"https:\/\/globaltraining.com\/tr\/wp-json\/wp\/v2\/product_brand?post=28527"},{"taxonomy":"product_cat","embeddable":true,"href":"https:\/\/globaltraining.com\/tr\/wp-json\/wp\/v2\/product_cat?post=28527"},{"taxonomy":"product_tag","embeddable":true,"href":"https:\/\/globaltraining.com\/tr\/wp-json\/wp\/v2\/product_tag?post=28527"}],"curies":[{"name":"wp","href":"https:\/\/api.w.org\/{rel}","templated":true}]}}