{"id":28526,"date":"2023-09-08T14:33:11","date_gmt":"2023-09-08T19:33:11","guid":{"rendered":"https:\/\/globaltraining.com\/?post_type=product&#038;p=28526"},"modified":"2024-12-06T15:08:31","modified_gmt":"2024-12-06T21:08:31","slug":"tehlikeli-madde-ilk-mudahale-ekibi-farkindaligi","status":"publish","type":"product","link":"https:\/\/globaltraining.com\/tr\/product\/hazmat-first-responder-awareness\/","title":{"rendered":"Tehlikeli Madde \u0130lk M\u00fcdahale Bilinci"},"content":{"rendered":"<h2>Tehlikeli Madde \u0130lk M\u00fcdahale Fark\u0131ndal\u0131k E\u011fitimine Ho\u015f Geldiniz<\/h2>\n<p>Tehlikeli Madde \u0130lk M\u00fcdahale Fark\u0131ndal\u0131k E\u011fitimimiz ile kendinizi tehlikeli madde olaylar\u0131nda ilk savunma hatt\u0131 olmaya haz\u0131rlay\u0131n. Bu kurs sizi tehlikeli madde kazalar\u0131n\u0131 h\u0131zl\u0131 ve etkili bir \u015fekilde tan\u0131mak, de\u011ferlendirmek ve bunlara m\u00fcdahale etmek i\u00e7in gerekli bilgi ve becerilerle donat\u0131r.<\/p>\n<h2>Tehlikeli Maddelere \u0130lk M\u00fcdahale Ekiplerinin \u00d6nemi<\/h2>\n<p>Tehlikeli Maddelere \u0130lk M\u00fcdahale G\u00f6revlisi olmak sadece bir rol de\u011fildir; bu \u00e7ok \u00f6nemli bir sorumluluktur. Tehlikeli madde vakalar\u0131 durumunda h\u0131zl\u0131 ve bilin\u00e7li eylemleriniz hayat kurtarabilir, \u00e7evreyi koruyabilir ve hasar\u0131 en aza indirebilir. Bu e\u011fitim a\u015fa\u011f\u0131dakiler i\u00e7in hayati \u00f6neme sahiptir:<\/p>\n<p>1. H\u0131zl\u0131 M\u00fcdahale: Tehlikeli Madde \u0130lk M\u00fcdahale Fark\u0131ndal\u0131\u011f\u0131 E\u011fitimimiz, tehlikeli madde kazalar\u0131na h\u0131zl\u0131 m\u00fcdahale ilkelerine odaklan\u0131r. Durumu nas\u0131l de\u011ferlendirece\u011finizi, tehlikeleri nas\u0131l tan\u0131mlayaca\u011f\u0131n\u0131z\u0131 ve b\u00f6lgeyi g\u00fcvenlik alt\u0131na almak ve zarar g\u00f6renleri korumak i\u00e7in acil ad\u0131mlar atmay\u0131 \u00f6\u011freneceksiniz.<\/p>\n<p>2. G\u00fcvenlik ve Koruma: Sizin ve ba\u015fkalar\u0131n\u0131n g\u00fcvenli\u011fi her \u015feyden \u00f6nemlidir. Kendinize ve ba\u015fkalar\u0131na y\u00f6nelik riskleri en aza indirirken tehlikeli ortamlarda g\u00fcvenle \u00e7al\u0131\u015fabilmenizi sa\u011flamak i\u00e7in ki\u015fisel koruyucu ekipman (KKD) kullan\u0131m\u0131na ili\u015fkin kapsaml\u0131 rehberlik sa\u011fl\u0131yoruz.<\/p>\n<p>3. Olay \u0130leti\u015fimi: Tehlikeli madde olaylar\u0131 s\u0131ras\u0131nda etkili ileti\u015fim \u00e7ok \u00f6nemlidir. Kursumuz, kritik bilgileri acil durum m\u00fcdahale ekiplerine ve yetkililere do\u011fru bir \u015fekilde iletmenizi sa\u011flayan a\u00e7\u0131k ve \u00f6zl\u00fc ileti\u015fim protokollerini vurgular.<\/p>\n<h2>Neden E\u011fitimimizi Se\u00e7melisiniz?<\/h2>\n<p>Fark\u0131ndal\u0131k E\u011fitimi kursumuz \u00e7e\u015fitli nedenlerle \u00f6ne \u00e7\u0131k\u0131yor:<\/p>\n<p>Kapsaml\u0131 M\u00fcfredat: Tehlike tan\u0131mlama, risk de\u011ferlendirmesi, KKD kullan\u0131m\u0131 ve olay ileti\u015fimi de dahil olmak \u00fczere tehlikeli madde fark\u0131ndal\u0131\u011f\u0131n\u0131n t\u00fcm y\u00f6nlerini kaps\u0131yoruz. Kursumuz, \u00e7ok \u00e7e\u015fitli tehlikeli madde olaylar\u0131na kar\u015f\u0131 iyi haz\u0131rl\u0131kl\u0131 olman\u0131z\u0131 sa\u011flar.<\/p>\n<p>Deneyimli E\u011fitmenler: Deneyimli e\u011fitmenlerimiz tehlikeli maddeler konusunda derin bir anlay\u0131\u015fa ve kapsaml\u0131 ger\u00e7ek d\u00fcnya deneyimine sahiptir. E\u011fitime pratik bilgiler katarak, alan\u0131nda uzman ki\u015filerden \u00f6\u011frenmenizi sa\u011flar.<\/p>\n<h2>Tehlikeli Madde \u0130lk M\u00fcdahale Fark\u0131ndal\u0131\u011f\u0131 Sertifikas\u0131n\u0131 Bug\u00fcn Al\u0131n!<\/h2>\n<p>Tehlikeli madde olaylar\u0131 s\u00f6z konusu oldu\u011funda teredd\u00fct etmeyin. Tehlikeli Madde \u0130lk M\u00fcdahale Fark\u0131ndal\u0131\u011f\u0131 E\u011fitimi kursumuza \u015fimdi kaydolun ve sertifikal\u0131 bir ilk m\u00fcdahaleci olun. Bug\u00fcn bize kat\u0131l\u0131n ve birlikte tehlikeli madde g\u00fcvenli\u011finde fark yaratal\u0131m. Kursu ba\u015far\u0131yla tamamlad\u0131\u011f\u0131n\u0131zda, tehlikeli madde ilk m\u00fcdahale ekiplerinin fark\u0131ndal\u0131\u011f\u0131 konusundaki uzmanl\u0131\u011f\u0131n\u0131z\u0131 takdir eden bir sertifika alacaks\u0131n\u0131z.<\/p>","protected":false},"excerpt":{"rendered":"<p>Tehlikeli Madde \u0130lk M\u00fcdahale Fark\u0131ndal\u0131\u011f\u0131 E\u011fitimimizle kendinizi g\u00fc\u00e7lendirin. Tehlikeli madde kazalar\u0131na etkili bir \u015fekilde m\u00fcdahale etme, hayatlar\u0131 koruma ve \u00e7evreyi koruma becerilerini kazan\u0131n. Daha g\u00fcvenli topluluklar i\u00e7in sertifikal\u0131 ilk m\u00fcdahale ekibi olun.<\/p>","protected":false},"featured_media":15313,"template":"","meta":{"_et_pb_use_builder":"","_et_pb_old_content":"","_et_gb_content_width":""},"product_brand":[],"product_cat":[125,131,132,141,160],"product_tag":[],"class_list":{"0":"post-28526","1":"product","2":"type-product","3":"status-publish","4":"has-post-thumbnail","6":"product_cat-dangerous-chemicals","7":"product_cat-emergency-preparedness","8":"product_cat-equipment","9":"product_cat-hazardous-materials","10":"product_cat-ppe","12":"first","13":"instock","14":"virtual","15":"sold-individually","16":"purchasable","17":"product-type-simple"},"yoast_head":"<!-- This site is optimized with the Yoast SEO plugin v27.3 - https:\/\/yoast.com\/product\/yoast-seo-wordpress\/ -->\n<title>Hazmat First Responder Awareness - Global Safety &amp; Environmental<\/title>\n<meta name=\"description\" content=\"Be prepared for hazardous materials incidents with our Hazmat First Responder Awareness Training. Learn to respond swiftly and safely. Get certified today!\" \/>\n<meta name=\"robots\" content=\"index, follow, max-snippet:-1, max-image-preview:large, max-video-preview:-1\" \/>\n<link rel=\"canonical\" href=\"https:\/\/globaltraining.com\/tr\/urun\/tehlikeli-madde-ilk-mudahale-ekibi-farkindaligi\/\" \/>\n<meta property=\"og:locale\" content=\"tr_TR\" \/>\n<meta property=\"og:type\" content=\"article\" \/>\n<meta property=\"og:title\" content=\"Hazmat First Responder Awareness - Global Safety &amp; Environmental\" \/>\n<meta property=\"og:description\" content=\"Be prepared for hazardous materials incidents with our Hazmat First Responder Awareness Training. Learn to respond swiftly and safely. Get certified today!\" \/>\n<meta property=\"og:url\" content=\"https:\/\/globaltraining.com\/tr\/urun\/tehlikeli-madde-ilk-mudahale-ekibi-farkindaligi\/\" \/>\n<meta property=\"og:site_name\" content=\"Global Safety &amp; Environmental\" \/>\n<meta property=\"article:modified_time\" content=\"2024-12-06T21:08:31+00:00\" \/>\n<meta property=\"og:image\" content=\"https:\/\/globaltraining.com\/wp-content\/uploads\/2023\/06\/Hazardous-Materials-Incidents-1.jpg\" \/>\n\t<meta property=\"og:image:width\" content=\"1200\" \/>\n\t<meta property=\"og:image:height\" content=\"800\" \/>\n\t<meta property=\"og:image:type\" content=\"image\/jpeg\" \/>\n<meta name=\"twitter:card\" content=\"summary_large_image\" \/>\n<meta name=\"twitter:label1\" content=\"Est. reading time\" \/>\n\t<meta name=\"twitter:data1\" content=\"2 minutes\" \/>\n<script type=\"application\/ld+json\" class=\"yoast-schema-graph\">{\"@context\":\"https:\\\/\\\/schema.org\",\"@graph\":[{\"@type\":\"WebPage\",\"@id\":\"https:\\\/\\\/globaltraining.com\\\/product\\\/hazmat-first-responder-awareness\\\/\",\"url\":\"https:\\\/\\\/globaltraining.com\\\/product\\\/hazmat-first-responder-awareness\\\/\",\"name\":\"Hazmat First Responder Awareness - Global Safety &amp; Environmental\",\"isPartOf\":{\"@id\":\"https:\\\/\\\/globaltraining.com\\\/#website\"},\"primaryImageOfPage\":{\"@id\":\"https:\\\/\\\/globaltraining.com\\\/product\\\/hazmat-first-responder-awareness\\\/#primaryimage\"},\"image\":{\"@id\":\"https:\\\/\\\/globaltraining.com\\\/product\\\/hazmat-first-responder-awareness\\\/#primaryimage\"},\"thumbnailUrl\":\"https:\\\/\\\/globaltraining.com\\\/wp-content\\\/uploads\\\/2023\\\/06\\\/Hazardous-Materials-Incidents-1.jpg\",\"datePublished\":\"2023-09-08T19:33:11+00:00\",\"dateModified\":\"2024-12-06T21:08:31+00:00\",\"description\":\"Be prepared for hazardous materials incidents with our Hazmat First Responder Awareness Training. Learn to respond swiftly and safely. Get certified today!\",\"breadcrumb\":{\"@id\":\"https:\\\/\\\/globaltraining.com\\\/product\\\/hazmat-first-responder-awareness\\\/#breadcrumb\"},\"inLanguage\":\"tr-TR\",\"potentialAction\":[{\"@type\":\"ReadAction\",\"target\":[\"https:\\\/\\\/globaltraining.com\\\/product\\\/hazmat-first-responder-awareness\\\/\"]}]},{\"@type\":\"ImageObject\",\"inLanguage\":\"tr-TR\",\"@id\":\"https:\\\/\\\/globaltraining.com\\\/product\\\/hazmat-first-responder-awareness\\\/#primaryimage\",\"url\":\"https:\\\/\\\/globaltraining.com\\\/wp-content\\\/uploads\\\/2023\\\/06\\\/Hazardous-Materials-Incidents-1.jpg\",\"contentUrl\":\"https:\\\/\\\/globaltraining.com\\\/wp-content\\\/uploads\\\/2023\\\/06\\\/Hazardous-Materials-Incidents-1.jpg\",\"width\":1200,\"height\":800},{\"@type\":\"BreadcrumbList\",\"@id\":\"https:\\\/\\\/globaltraining.com\\\/product\\\/hazmat-first-responder-awareness\\\/#breadcrumb\",\"itemListElement\":[{\"@type\":\"ListItem\",\"position\":1,\"name\":\"Home\",\"item\":\"https:\\\/\\\/globaltraining.com\\\/\"},{\"@type\":\"ListItem\",\"position\":2,\"name\":\"Productos\",\"item\":\"https:\\\/\\\/globaltraining.com\\\/es\\\/shop\\\/\"},{\"@type\":\"ListItem\",\"position\":3,\"name\":\"Hazmat First Responder Awareness\"}]},{\"@type\":\"WebSite\",\"@id\":\"https:\\\/\\\/globaltraining.com\\\/#website\",\"url\":\"https:\\\/\\\/globaltraining.com\\\/\",\"name\":\"Global Safety & Environmental\",\"description\":\"Full Service Health, Safety, and Environmental Courses\",\"publisher\":{\"@id\":\"https:\\\/\\\/globaltraining.com\\\/#organization\"},\"potentialAction\":[{\"@type\":\"SearchAction\",\"target\":{\"@type\":\"EntryPoint\",\"urlTemplate\":\"https:\\\/\\\/globaltraining.com\\\/?s={search_term_string}\"},\"query-input\":{\"@type\":\"PropertyValueSpecification\",\"valueRequired\":true,\"valueName\":\"search_term_string\"}}],\"inLanguage\":\"tr-TR\"},{\"@type\":\"Organization\",\"@id\":\"https:\\\/\\\/globaltraining.com\\\/#organization\",\"name\":\"Global Safety & Environmental\",\"url\":\"https:\\\/\\\/globaltraining.com\\\/\",\"logo\":{\"@type\":\"ImageObject\",\"inLanguage\":\"tr-TR\",\"@id\":\"https:\\\/\\\/globaltraining.com\\\/#\\\/schema\\\/logo\\\/image\\\/\",\"url\":\"https:\\\/\\\/globaltraining.com\\\/wp-content\\\/uploads\\\/2021\\\/01\\\/GSE-Logo-for-email.png\",\"contentUrl\":\"https:\\\/\\\/globaltraining.com\\\/wp-content\\\/uploads\\\/2021\\\/01\\\/GSE-Logo-for-email.png\",\"width\":400,\"height\":101,\"caption\":\"Global Safety & Environmental\"},\"image\":{\"@id\":\"https:\\\/\\\/globaltraining.com\\\/#\\\/schema\\\/logo\\\/image\\\/\"}}]}<\/script>\n<!-- \/ Yoast SEO plugin. -->","yoast_head_json":{"title":"Tehlikeli Madde \u0130lk M\u00fcdahale Ekibi Fark\u0131ndal\u0131\u011f\u0131 - K\u00fcresel G\u00fcvenlik ve \u00c7evre","description":"Hazmat First Responder Awareness Training ile tehlikeli madde olaylar\u0131na haz\u0131rl\u0131kl\u0131 olun. H\u0131zl\u0131 ve g\u00fcvenli bir \u015fekilde m\u00fcdahale etmeyi \u00f6\u011frenin. Bug\u00fcn sertifika al\u0131n!","robots":{"index":"index","follow":"follow","max-snippet":"max-snippet:-1","max-image-preview":"max-image-preview:large","max-video-preview":"max-video-preview:-1"},"canonical":"https:\/\/globaltraining.com\/tr\/urun\/tehlikeli-madde-ilk-mudahale-ekibi-farkindaligi\/","og_locale":"tr_TR","og_type":"article","og_title":"Hazmat First Responder Awareness - Global Safety &amp; Environmental","og_description":"Be prepared for hazardous materials incidents with our Hazmat First Responder Awareness Training. Learn to respond swiftly and safely. Get certified today!","og_url":"https:\/\/globaltraining.com\/tr\/urun\/tehlikeli-madde-ilk-mudahale-ekibi-farkindaligi\/","og_site_name":"Global Safety &amp; Environmental","article_modified_time":"2024-12-06T21:08:31+00:00","og_image":[{"width":1200,"height":800,"url":"https:\/\/globaltraining.com\/wp-content\/uploads\/2023\/06\/Hazardous-Materials-Incidents-1.jpg","type":"image\/jpeg"}],"twitter_card":"summary_large_image","twitter_misc":{"Est. reading time":"2 minutes"},"schema":{"@context":"https:\/\/schema.org","@graph":[{"@type":"WebPage","@id":"https:\/\/globaltraining.com\/product\/hazmat-first-responder-awareness\/","url":"https:\/\/globaltraining.com\/product\/hazmat-first-responder-awareness\/","name":"Tehlikeli Madde \u0130lk M\u00fcdahale Ekibi Fark\u0131ndal\u0131\u011f\u0131 - K\u00fcresel G\u00fcvenlik ve \u00c7evre","isPartOf":{"@id":"https:\/\/globaltraining.com\/#website"},"primaryImageOfPage":{"@id":"https:\/\/globaltraining.com\/product\/hazmat-first-responder-awareness\/#primaryimage"},"image":{"@id":"https:\/\/globaltraining.com\/product\/hazmat-first-responder-awareness\/#primaryimage"},"thumbnailUrl":"https:\/\/globaltraining.com\/wp-content\/uploads\/2023\/06\/Hazardous-Materials-Incidents-1.jpg","datePublished":"2023-09-08T19:33:11+00:00","dateModified":"2024-12-06T21:08:31+00:00","description":"Hazmat First Responder Awareness Training ile tehlikeli madde olaylar\u0131na haz\u0131rl\u0131kl\u0131 olun. H\u0131zl\u0131 ve g\u00fcvenli bir \u015fekilde m\u00fcdahale etmeyi \u00f6\u011frenin. Bug\u00fcn sertifika al\u0131n!","breadcrumb":{"@id":"https:\/\/globaltraining.com\/product\/hazmat-first-responder-awareness\/#breadcrumb"},"inLanguage":"tr-TR","potentialAction":[{"@type":"ReadAction","target":["https:\/\/globaltraining.com\/product\/hazmat-first-responder-awareness\/"]}]},{"@type":"ImageObject","inLanguage":"tr-TR","@id":"https:\/\/globaltraining.com\/product\/hazmat-first-responder-awareness\/#primaryimage","url":"https:\/\/globaltraining.com\/wp-content\/uploads\/2023\/06\/Hazardous-Materials-Incidents-1.jpg","contentUrl":"https:\/\/globaltraining.com\/wp-content\/uploads\/2023\/06\/Hazardous-Materials-Incidents-1.jpg","width":1200,"height":800},{"@type":"BreadcrumbList","@id":"https:\/\/globaltraining.com\/product\/hazmat-first-responder-awareness\/#breadcrumb","itemListElement":[{"@type":"ListItem","position":1,"name":"Home","item":"https:\/\/globaltraining.com\/"},{"@type":"ListItem","position":2,"name":"Productos","item":"https:\/\/globaltraining.com\/es\/shop\/"},{"@type":"ListItem","position":3,"name":"Hazmat First Responder Awareness"}]},{"@type":"WebSite","@id":"https:\/\/globaltraining.com\/#website","url":"https:\/\/globaltraining.com\/","name":"K\u00fcresel G\u00fcvenlik ve \u00c7evre","description":"Tam Hizmet Sa\u011fl\u0131k, G\u00fcvenlik ve \u00c7evre Kurslar\u0131","publisher":{"@id":"https:\/\/globaltraining.com\/#organization"},"potentialAction":[{"@type":"SearchAction","target":{"@type":"EntryPoint","urlTemplate":"https:\/\/globaltraining.com\/?s={search_term_string}"},"query-input":{"@type":"PropertyValueSpecification","valueRequired":true,"valueName":"search_term_string"}}],"inLanguage":"tr-TR"},{"@type":"Organization","@id":"https:\/\/globaltraining.com\/#organization","name":"K\u00fcresel G\u00fcvenlik ve \u00c7evre","url":"https:\/\/globaltraining.com\/","logo":{"@type":"ImageObject","inLanguage":"tr-TR","@id":"https:\/\/globaltraining.com\/#\/schema\/logo\/image\/","url":"https:\/\/globaltraining.com\/wp-content\/uploads\/2021\/01\/GSE-Logo-for-email.png","contentUrl":"https:\/\/globaltraining.com\/wp-content\/uploads\/2021\/01\/GSE-Logo-for-email.png","width":400,"height":101,"caption":"Global Safety & Environmental"},"image":{"@id":"https:\/\/globaltraining.com\/#\/schema\/logo\/image\/"}}]}},"_links":{"self":[{"href":"https:\/\/globaltraining.com\/tr\/wp-json\/wp\/v2\/product\/28526","targetHints":{"allow":["GET"]}}],"collection":[{"href":"https:\/\/globaltraining.com\/tr\/wp-json\/wp\/v2\/product"}],"about":[{"href":"https:\/\/globaltraining.com\/tr\/wp-json\/wp\/v2\/types\/product"}],"wp:featuredmedia":[{"embeddable":true,"href":"https:\/\/globaltraining.com\/tr\/wp-json\/wp\/v2\/media\/15313"}],"wp:attachment":[{"href":"https:\/\/globaltraining.com\/tr\/wp-json\/wp\/v2\/media?parent=28526"}],"wp:term":[{"taxonomy":"product_brand","embeddable":true,"href":"https:\/\/globaltraining.com\/tr\/wp-json\/wp\/v2\/product_brand?post=28526"},{"taxonomy":"product_cat","embeddable":true,"href":"https:\/\/globaltraining.com\/tr\/wp-json\/wp\/v2\/product_cat?post=28526"},{"taxonomy":"product_tag","embeddable":true,"href":"https:\/\/globaltraining.com\/tr\/wp-json\/wp\/v2\/product_tag?post=28526"}],"curies":[{"name":"wp","href":"https:\/\/api.w.org\/{rel}","templated":true}]}}