{"id":28525,"date":"2023-09-08T14:20:47","date_gmt":"2023-09-08T19:20:47","guid":{"rendered":"https:\/\/globaltraining.com\/?post_type=product&#038;p=28525"},"modified":"2024-12-06T10:39:35","modified_gmt":"2024-12-06T16:39:35","slug":"tehlikeli-maddeler-bilinci","status":"publish","type":"product","link":"https:\/\/globaltraining.com\/tr\/product\/hazardous-materials-awareness\/","title":{"rendered":"Tehlikeli Madde Bilinci"},"content":{"rendered":"<h2>Tehlikeli Madde Fark\u0131ndal\u0131k E\u011fitimine Ho\u015f Geldiniz<\/h2>\n<p>Tehlikeli Maddeler Fark\u0131ndal\u0131k E\u011fitimimizle kendinizi tehlikeli maddelerin elle\u00e7lenmesinde daha g\u00fcvenli ve daha bilin\u00e7li bir yakla\u015f\u0131ma haz\u0131rlay\u0131n. Bu kurs, tehlikeli madde y\u00f6netiminin kritik y\u00f6nlerini anlaman\u0131za ve i\u015f yerinizin ve meslekta\u015flar\u0131n\u0131z\u0131n g\u00fcvenli\u011fini sa\u011flaman\u0131za a\u00e7\u0131lan kap\u0131d\u0131r.<\/p>\n<h2>Tehlikeli Madde Fark\u0131ndal\u0131\u011f\u0131n\u0131n \u00d6nemi<\/h2>\n<p>Tehlikeli Madde Bilinci i\u015fyeri g\u00fcvenli\u011finin hayati bir y\u00f6n\u00fcd\u00fcr. Tehlikeli maddelerle (hazmat) ilgili d\u00fczenlemeleri anlamak ve bunlara uymak a\u015fa\u011f\u0131dakiler i\u00e7in \u00f6nemlidir:<\/p>\n<p>1. \u00d6nce G\u00fcvenlik: G\u00fcvenli\u011fi ilk s\u0131raya koymak e\u011fitimimizin temel ilkesidir. Tehlikeli maddeler ve bunlar\u0131n potansiyel riskleri hakk\u0131nda bilgi edinerek, tehlikeli durumlar\u0131 tan\u0131mlamaya ve bunlara m\u00fcdahale etmeye, kazalar\u0131 ve yaralanmalar\u0131 \u00f6nlemeye daha haz\u0131rl\u0131kl\u0131 olacaks\u0131n\u0131z.<\/p>\n<p>2. HazMat M\u00fcdahalesi: Tehlikeli Maddeler E\u011fitimimiz, acil durumlarda etkili ileti\u015fim ve ki\u015fisel koruyucu ekipman\u0131n (KKD) do\u011fru kullan\u0131m\u0131 da dahil olmak \u00fczere, tehlikeli madde m\u00fcdahalesinin temellerini kapsar. Tehlikeli madde olay\u0131n\u0131 nas\u0131l de\u011ferlendirece\u011finize ve ya\u015famlar\u0131 ve \u00e7evreyi korumak i\u00e7in gerekli ad\u0131mlar\u0131 nas\u0131l ataca\u011f\u0131n\u0131za dair i\u00e7g\u00f6r\u00fc kazanacaks\u0131n\u0131z.<\/p>\n<p>3. Tehlikeli Madde Giysileri: Tehlikeli maddeler genellikle tehlikeli madde giysileri de dahil olmak \u00fczere \u00f6zel ki\u015fisel koruyucu ekipman (PPE) gerektirir. Kursumuzda, i\u015f\u00e7ileri kimyasal maddelere maruz kalmaktan korumak i\u00e7in tehlikeli madde giysilerinin se\u00e7imi, kullan\u0131m\u0131 ve bak\u0131m\u0131 hakk\u0131nda bilgiler sa\u011fl\u0131yoruz.<\/p>\n<h2>Neden Tehlikeli Madde Fark\u0131ndal\u0131k E\u011fitimimizi Se\u00e7melisiniz?<\/h2>\n<p>Tehlikeli Maddeler E\u011fitimi kursumuz, sizi tehlikeli maddeleri g\u00fcvenli ve etkili bir \u015fekilde kullanmak i\u00e7in gereken bilgi ve becerilerle g\u00fc\u00e7lendirmek \u00fczere tasarlanm\u0131\u015ft\u0131r. \u0130\u015fte bu y\u00fczden bizi se\u00e7melisiniz:<\/p>\n<p>Kapsaml\u0131 M\u00fcfredat: Kursumuz, tehlikeli madde tan\u0131mlama, risk de\u011ferlendirmesi, acil m\u00fcdahale ve tehlikeli madde giysisi kullan\u0131m\u0131 da dahil olmak \u00fczere \u00e7ok \u00e7e\u015fitli konular\u0131 kapsar. Sizi ger\u00e7ek d\u00fcnyadaki senaryolara haz\u0131rlayan \u00e7ok y\u00f6nl\u00fc bir e\u011fitim alacaks\u0131n\u0131z.<\/p>\n<p>Deneyimli E\u011fitmenler: E\u011fitmenlerimiz tehlikeli madde y\u00f6netimi alan\u0131nda deneyimli profesyonellerdir. E\u011fitime ger\u00e7ek d\u00fcnyadan bilgiler ve pratik bilgiler getirerek en iyisinden \u00f6\u011frenmenizi sa\u011flarlar.<\/p>\n<p><span style=\"color: #333333; font-size: 26px;\">Tehlikeli Madde Bilinci Sertifikas\u0131n\u0131 Bug\u00fcn Al\u0131n!<\/span><\/p>\n<p>G\u00fcvenlikten veya i\u015fyeri haz\u0131rl\u0131\u011f\u0131ndan \u00f6d\u00fcn vermeyin. \u015eimdi Tehlikeli Madde Fark\u0131ndal\u0131\u011f\u0131 E\u011fitimi kursumuza kaydolun ve sertifikal\u0131 bir tehlikeli madde fark\u0131ndal\u0131\u011f\u0131 uzman\u0131 olma yolunda ilk ad\u0131m\u0131 at\u0131n. Bug\u00fcn bize kat\u0131l\u0131n ve birlikte daha g\u00fcvenli \u00e7al\u0131\u015fma ortamlar\u0131 yaratal\u0131m. Kursu ba\u015far\u0131yla tamamlad\u0131\u011f\u0131n\u0131zda, tehlikeli madde fark\u0131ndal\u0131\u011f\u0131 konusundaki uzmanl\u0131\u011f\u0131n\u0131z\u0131 onaylayan bir sertifika alacaks\u0131n\u0131z.<\/p>","protected":false},"excerpt":{"rendered":"<p>Tehlikeli Madde Fark\u0131ndal\u0131k E\u011fitimimizle i\u015f yeri g\u00fcvenli\u011fini art\u0131r\u0131n. Tehlikeli madde olaylar\u0131n\u0131 etkili bir \u015fekilde tan\u0131mlamay\u0131, de\u011ferlendirmeyi ve bunlara yan\u0131t vermeyi \u00f6\u011frenin. Daha g\u00fcvenli bir \u00e7al\u0131\u015fma ortam\u0131 i\u00e7in sertifika al\u0131n.<\/p>","protected":false},"featured_media":15307,"template":"","meta":{"_et_pb_use_builder":"","_et_pb_old_content":"","_et_gb_content_width":""},"product_brand":[],"product_cat":[125,174,141,160,161],"product_tag":[],"class_list":{"0":"post-28525","1":"product","2":"type-product","3":"status-publish","4":"has-post-thumbnail","6":"product_cat-dangerous-chemicals","7":"product_cat-environmental","8":"product_cat-hazardous-materials","9":"product_cat-ppe","10":"product_cat-radiation","12":"first","13":"instock","14":"virtual","15":"purchasable","16":"product-type-simple"},"yoast_head":"<!-- This site is optimized with the Yoast SEO plugin v27.3 - https:\/\/yoast.com\/product\/yoast-seo-wordpress\/ -->\n<title>Hazardous Materials Awareness - Global Safety &amp; Environmental<\/title>\n<meta name=\"description\" content=\"Enhance workplace safety with our Hazardous Materials Awareness Training. Gain expertise in hazmat management and emergency response. Get certified today!\" \/>\n<meta name=\"robots\" content=\"index, follow, max-snippet:-1, max-image-preview:large, max-video-preview:-1\" \/>\n<link rel=\"canonical\" href=\"https:\/\/globaltraining.com\/tr\/urun\/tehlikeli-maddeler-bilinci\/\" \/>\n<meta property=\"og:locale\" content=\"tr_TR\" \/>\n<meta property=\"og:type\" content=\"article\" \/>\n<meta property=\"og:title\" content=\"Hazardous Materials Awareness - Global Safety &amp; Environmental\" \/>\n<meta property=\"og:description\" content=\"Enhance workplace safety with our Hazardous Materials Awareness Training. Gain expertise in hazmat management and emergency response. Get certified today!\" \/>\n<meta property=\"og:url\" content=\"https:\/\/globaltraining.com\/tr\/urun\/tehlikeli-maddeler-bilinci\/\" \/>\n<meta property=\"og:site_name\" content=\"Global Safety &amp; Environmental\" \/>\n<meta property=\"article:modified_time\" content=\"2024-12-06T16:39:35+00:00\" \/>\n<meta property=\"og:image\" content=\"https:\/\/globaltraining.com\/wp-content\/uploads\/2023\/06\/HAZMAT.png\" \/>\n\t<meta property=\"og:image:width\" content=\"1200\" \/>\n\t<meta property=\"og:image:height\" content=\"800\" \/>\n\t<meta property=\"og:image:type\" content=\"image\/png\" \/>\n<meta name=\"twitter:card\" content=\"summary_large_image\" \/>\n<meta name=\"twitter:label1\" content=\"Est. reading time\" \/>\n\t<meta name=\"twitter:data1\" content=\"2 minutes\" \/>\n<script type=\"application\/ld+json\" class=\"yoast-schema-graph\">{\"@context\":\"https:\\\/\\\/schema.org\",\"@graph\":[{\"@type\":\"WebPage\",\"@id\":\"https:\\\/\\\/globaltraining.com\\\/product\\\/hazardous-materials-awareness\\\/\",\"url\":\"https:\\\/\\\/globaltraining.com\\\/product\\\/hazardous-materials-awareness\\\/\",\"name\":\"Hazardous Materials Awareness - Global Safety &amp; Environmental\",\"isPartOf\":{\"@id\":\"https:\\\/\\\/globaltraining.com\\\/#website\"},\"primaryImageOfPage\":{\"@id\":\"https:\\\/\\\/globaltraining.com\\\/product\\\/hazardous-materials-awareness\\\/#primaryimage\"},\"image\":{\"@id\":\"https:\\\/\\\/globaltraining.com\\\/product\\\/hazardous-materials-awareness\\\/#primaryimage\"},\"thumbnailUrl\":\"https:\\\/\\\/globaltraining.com\\\/wp-content\\\/uploads\\\/2023\\\/06\\\/HAZMAT.png\",\"datePublished\":\"2023-09-08T19:20:47+00:00\",\"dateModified\":\"2024-12-06T16:39:35+00:00\",\"description\":\"Enhance workplace safety with our Hazardous Materials Awareness Training. Gain expertise in hazmat management and emergency response. Get certified today!\",\"breadcrumb\":{\"@id\":\"https:\\\/\\\/globaltraining.com\\\/product\\\/hazardous-materials-awareness\\\/#breadcrumb\"},\"inLanguage\":\"tr-TR\",\"potentialAction\":[{\"@type\":\"ReadAction\",\"target\":[\"https:\\\/\\\/globaltraining.com\\\/product\\\/hazardous-materials-awareness\\\/\"]}]},{\"@type\":\"ImageObject\",\"inLanguage\":\"tr-TR\",\"@id\":\"https:\\\/\\\/globaltraining.com\\\/product\\\/hazardous-materials-awareness\\\/#primaryimage\",\"url\":\"https:\\\/\\\/globaltraining.com\\\/wp-content\\\/uploads\\\/2023\\\/06\\\/HAZMAT.png\",\"contentUrl\":\"https:\\\/\\\/globaltraining.com\\\/wp-content\\\/uploads\\\/2023\\\/06\\\/HAZMAT.png\",\"width\":1200,\"height\":800,\"caption\":\"Hazardous Materials Awareness\"},{\"@type\":\"BreadcrumbList\",\"@id\":\"https:\\\/\\\/globaltraining.com\\\/product\\\/hazardous-materials-awareness\\\/#breadcrumb\",\"itemListElement\":[{\"@type\":\"ListItem\",\"position\":1,\"name\":\"Home\",\"item\":\"https:\\\/\\\/globaltraining.com\\\/\"},{\"@type\":\"ListItem\",\"position\":2,\"name\":\"Productos\",\"item\":\"https:\\\/\\\/globaltraining.com\\\/es\\\/shop\\\/\"},{\"@type\":\"ListItem\",\"position\":3,\"name\":\"Hazardous Materials Awareness\"}]},{\"@type\":\"WebSite\",\"@id\":\"https:\\\/\\\/globaltraining.com\\\/#website\",\"url\":\"https:\\\/\\\/globaltraining.com\\\/\",\"name\":\"Global Safety & Environmental\",\"description\":\"Full Service Health, Safety, and Environmental Courses\",\"publisher\":{\"@id\":\"https:\\\/\\\/globaltraining.com\\\/#organization\"},\"potentialAction\":[{\"@type\":\"SearchAction\",\"target\":{\"@type\":\"EntryPoint\",\"urlTemplate\":\"https:\\\/\\\/globaltraining.com\\\/?s={search_term_string}\"},\"query-input\":{\"@type\":\"PropertyValueSpecification\",\"valueRequired\":true,\"valueName\":\"search_term_string\"}}],\"inLanguage\":\"tr-TR\"},{\"@type\":\"Organization\",\"@id\":\"https:\\\/\\\/globaltraining.com\\\/#organization\",\"name\":\"Global Safety & Environmental\",\"url\":\"https:\\\/\\\/globaltraining.com\\\/\",\"logo\":{\"@type\":\"ImageObject\",\"inLanguage\":\"tr-TR\",\"@id\":\"https:\\\/\\\/globaltraining.com\\\/#\\\/schema\\\/logo\\\/image\\\/\",\"url\":\"https:\\\/\\\/globaltraining.com\\\/wp-content\\\/uploads\\\/2021\\\/01\\\/GSE-Logo-for-email.png\",\"contentUrl\":\"https:\\\/\\\/globaltraining.com\\\/wp-content\\\/uploads\\\/2021\\\/01\\\/GSE-Logo-for-email.png\",\"width\":400,\"height\":101,\"caption\":\"Global Safety & Environmental\"},\"image\":{\"@id\":\"https:\\\/\\\/globaltraining.com\\\/#\\\/schema\\\/logo\\\/image\\\/\"}}]}<\/script>\n<!-- \/ Yoast SEO plugin. -->","yoast_head_json":{"title":"Tehlikeli Maddeler Fark\u0131ndal\u0131\u011f\u0131 - K\u00fcresel G\u00fcvenlik ve \u00c7evre","description":"Tehlikeli Maddeler Fark\u0131ndal\u0131k E\u011fitimimizle i\u015fyeri g\u00fcvenli\u011fini art\u0131r\u0131n. Tehlikeli madde y\u00f6netimi ve acil durum m\u00fcdahalesi konusunda uzmanl\u0131k kazan\u0131n. Bug\u00fcn sertifika al\u0131n!","robots":{"index":"index","follow":"follow","max-snippet":"max-snippet:-1","max-image-preview":"max-image-preview:large","max-video-preview":"max-video-preview:-1"},"canonical":"https:\/\/globaltraining.com\/tr\/urun\/tehlikeli-maddeler-bilinci\/","og_locale":"tr_TR","og_type":"article","og_title":"Hazardous Materials Awareness - Global Safety &amp; Environmental","og_description":"Enhance workplace safety with our Hazardous Materials Awareness Training. Gain expertise in hazmat management and emergency response. Get certified today!","og_url":"https:\/\/globaltraining.com\/tr\/urun\/tehlikeli-maddeler-bilinci\/","og_site_name":"Global Safety &amp; Environmental","article_modified_time":"2024-12-06T16:39:35+00:00","og_image":[{"width":1200,"height":800,"url":"https:\/\/globaltraining.com\/wp-content\/uploads\/2023\/06\/HAZMAT.png","type":"image\/png"}],"twitter_card":"summary_large_image","twitter_misc":{"Est. reading time":"2 minutes"},"schema":{"@context":"https:\/\/schema.org","@graph":[{"@type":"WebPage","@id":"https:\/\/globaltraining.com\/product\/hazardous-materials-awareness\/","url":"https:\/\/globaltraining.com\/product\/hazardous-materials-awareness\/","name":"Tehlikeli Maddeler Fark\u0131ndal\u0131\u011f\u0131 - K\u00fcresel G\u00fcvenlik ve \u00c7evre","isPartOf":{"@id":"https:\/\/globaltraining.com\/#website"},"primaryImageOfPage":{"@id":"https:\/\/globaltraining.com\/product\/hazardous-materials-awareness\/#primaryimage"},"image":{"@id":"https:\/\/globaltraining.com\/product\/hazardous-materials-awareness\/#primaryimage"},"thumbnailUrl":"https:\/\/globaltraining.com\/wp-content\/uploads\/2023\/06\/HAZMAT.png","datePublished":"2023-09-08T19:20:47+00:00","dateModified":"2024-12-06T16:39:35+00:00","description":"Tehlikeli Maddeler Fark\u0131ndal\u0131k E\u011fitimimizle i\u015fyeri g\u00fcvenli\u011fini art\u0131r\u0131n. Tehlikeli madde y\u00f6netimi ve acil durum m\u00fcdahalesi konusunda uzmanl\u0131k kazan\u0131n. Bug\u00fcn sertifika al\u0131n!","breadcrumb":{"@id":"https:\/\/globaltraining.com\/product\/hazardous-materials-awareness\/#breadcrumb"},"inLanguage":"tr-TR","potentialAction":[{"@type":"ReadAction","target":["https:\/\/globaltraining.com\/product\/hazardous-materials-awareness\/"]}]},{"@type":"ImageObject","inLanguage":"tr-TR","@id":"https:\/\/globaltraining.com\/product\/hazardous-materials-awareness\/#primaryimage","url":"https:\/\/globaltraining.com\/wp-content\/uploads\/2023\/06\/HAZMAT.png","contentUrl":"https:\/\/globaltraining.com\/wp-content\/uploads\/2023\/06\/HAZMAT.png","width":1200,"height":800,"caption":"Hazardous Materials Awareness"},{"@type":"BreadcrumbList","@id":"https:\/\/globaltraining.com\/product\/hazardous-materials-awareness\/#breadcrumb","itemListElement":[{"@type":"ListItem","position":1,"name":"Home","item":"https:\/\/globaltraining.com\/"},{"@type":"ListItem","position":2,"name":"Productos","item":"https:\/\/globaltraining.com\/es\/shop\/"},{"@type":"ListItem","position":3,"name":"Hazardous Materials Awareness"}]},{"@type":"WebSite","@id":"https:\/\/globaltraining.com\/#website","url":"https:\/\/globaltraining.com\/","name":"K\u00fcresel G\u00fcvenlik ve \u00c7evre","description":"Tam Hizmet Sa\u011fl\u0131k, G\u00fcvenlik ve \u00c7evre Kurslar\u0131","publisher":{"@id":"https:\/\/globaltraining.com\/#organization"},"potentialAction":[{"@type":"SearchAction","target":{"@type":"EntryPoint","urlTemplate":"https:\/\/globaltraining.com\/?s={search_term_string}"},"query-input":{"@type":"PropertyValueSpecification","valueRequired":true,"valueName":"search_term_string"}}],"inLanguage":"tr-TR"},{"@type":"Organization","@id":"https:\/\/globaltraining.com\/#organization","name":"K\u00fcresel G\u00fcvenlik ve \u00c7evre","url":"https:\/\/globaltraining.com\/","logo":{"@type":"ImageObject","inLanguage":"tr-TR","@id":"https:\/\/globaltraining.com\/#\/schema\/logo\/image\/","url":"https:\/\/globaltraining.com\/wp-content\/uploads\/2021\/01\/GSE-Logo-for-email.png","contentUrl":"https:\/\/globaltraining.com\/wp-content\/uploads\/2021\/01\/GSE-Logo-for-email.png","width":400,"height":101,"caption":"Global Safety & Environmental"},"image":{"@id":"https:\/\/globaltraining.com\/#\/schema\/logo\/image\/"}}]}},"_links":{"self":[{"href":"https:\/\/globaltraining.com\/tr\/wp-json\/wp\/v2\/product\/28525","targetHints":{"allow":["GET"]}}],"collection":[{"href":"https:\/\/globaltraining.com\/tr\/wp-json\/wp\/v2\/product"}],"about":[{"href":"https:\/\/globaltraining.com\/tr\/wp-json\/wp\/v2\/types\/product"}],"wp:featuredmedia":[{"embeddable":true,"href":"https:\/\/globaltraining.com\/tr\/wp-json\/wp\/v2\/media\/15307"}],"wp:attachment":[{"href":"https:\/\/globaltraining.com\/tr\/wp-json\/wp\/v2\/media?parent=28525"}],"wp:term":[{"taxonomy":"product_brand","embeddable":true,"href":"https:\/\/globaltraining.com\/tr\/wp-json\/wp\/v2\/product_brand?post=28525"},{"taxonomy":"product_cat","embeddable":true,"href":"https:\/\/globaltraining.com\/tr\/wp-json\/wp\/v2\/product_cat?post=28525"},{"taxonomy":"product_tag","embeddable":true,"href":"https:\/\/globaltraining.com\/tr\/wp-json\/wp\/v2\/product_tag?post=28525"}],"curies":[{"name":"wp","href":"https:\/\/api.w.org\/{rel}","templated":true}]}}